{"id":2999,"date":"2015-05-11T23:20:46","date_gmt":"2015-05-11T20:20:46","guid":{"rendered":"https:\/\/www.spaestonia.ee\/resort\/?page_id=2999"},"modified":"2026-02-16T10:41:47","modified_gmt":"2026-02-16T08:41:47","slug":"spa-ja-sauna-keskus","status":"publish","type":"page","link":"https:\/\/spaestonia.ee\/resort\/fi\/spaa-ja-saunakeskus\/spa-ja-sauna-keskus\/","title":{"rendered":"SPA &#038; SAUN -keskus"},"content":{"rendered":"<p><strong>SPA &amp; SAUN keskus on avoinna joka p\u00e4iv\u00e4 klo 10-22.<\/strong><\/p>\n<p><img loading=\"lazy\" decoding=\"async\" class=\"alignright wp-image-23825\" src=\"http:\/\/www.spaestonia.ee\/resort\/wp-content\/uploads\/2015\/05\/resort-spa-conference-building-540px.jpg\" alt=\"Spa and Conference\" width=\"450\" height=\"402\" srcset=\"https:\/\/spaestonia.ee\/resort\/wp-content\/uploads\/2015\/05\/resort-spa-conference-building-540px.jpg 540w, https:\/\/spaestonia.ee\/resort\/wp-content\/uploads\/2015\/05\/resort-spa-conference-building-540px-300x268.jpg 300w\" sizes=\"auto, (max-width: 450px) 100vw, 450px\" \/><\/p>\n<p><strong>Hotellin asiakkaille klo 7-22 <\/strong>(Ma-Su aamuisin klo 7-10 k\u00e4yt\u00f6ss\u00e4\u00a0kuuma sauna ja h\u00f6yry sauna ja uima-allas)<br \/>\n\u00bb\u00a0<a href=\"https:\/\/www.spaestonia.ee\/resort\/fi\/spaa-ja-saunakeskus\/huoltopaivat\/\">Huoltop\u00e4iv\u00e4t<\/a><\/p>\n<h2>SPA &amp; SAUN MENU:<\/h2>\n<ul>\n<li>Saunakeh\u00e4 koostuu kahdeksasta erilaisesta saunasta:KUUMA sauna (100\u00b0<sup>\u00a0<\/sup>C)<br \/>\nSUOLA sauna (40-45\u00b0\u00a0C)<br \/>\nL\u00c4MMIN sauna INFRAPUNA\u00a0 (40\u00b0\u00a0C)<br \/>\nLEMPE\u00c4 sauna (36-40\u00b0\u00a0C)<br \/>\nAROMI sauna (55-65\u00b0\u00a0C)<br \/>\nH\u00d6YRY sauna (45\u00b0\u00a0C)<br \/>\nVASTA sauna todellisille vastojille (100\u00b0 C)<\/li>\n<li>Ulkoterassilla aito virolainen SAVU sauna (70-80\u00b0<sup>\u00a0<\/sup>C) ja poreamme (talvella auki riippuen s\u00e4\u00e4tilanteesta!)<\/li>\n<li>Iso allas 32\u00b0\u00a0C, poreammeet ja lepopaikat (l\u00e4mmitetyt kivipenkit)<\/li>\n<li>Allasbaari, jossa saatavilla virkist\u00e4vi\u00e4 ja terveellisi\u00e4 kokteileja<\/li>\n<li><a title=\"Kuolleenmeren allas\" href=\"https:\/\/www.spaestonia.ee\/resort\/fi\/spaa-ja-saunakeskus\/kuolleenmeren-allas\/\">Kuolleenmeren allas<\/a> (lis\u00e4maksusta)<\/li>\n<li>Yksityissauna <a title=\"KADAKA-klubin yksityissauna\" href=\"https:\/\/www.spaestonia.ee\/resort\/fi\/spaa-ja-saunakeskus\/kadaka-klubin-yksityissauna\/\">KATAJAKLUBI<\/a> (100\u00b0\u00a0C)<\/li>\n<\/ul>\n<p><strong>Lis\u00e4tietoja ja osoite:<br \/>\n<\/strong>SPA ja SAUNA-keskus, ESTONIA Resort Hotel &amp; Spa, A.H. Tammsaare pst 6, P\u00e4rnu, 3.kerros<br \/>\n<a href=\"mailto:resort.spa@spaestonia.ee\">resort.spa@spaestonia.ee<\/a>, tel +372 440 1014<\/p>\n<hr \/>\n<p><strong>PYS\u00c4K\u00d6INTI:<br \/>\nP1 pys\u00e4k\u00f6inti<\/strong> \u2013 maksullinen<strong><br \/>\nP2 pys\u00e4k\u00f6inti <\/strong>\u2013 maksullinen 1.5.\u201331.8., muina aikoina maksuton<strong><br \/>\n<\/strong> Lis\u00e4tietoa pys\u00e4k\u00f6innist\u00e4\u00a0<a href=\"https:\/\/www.spaestonia.ee\/resort\/fi\/meista\/sijanti-ja-pysakointi\/\">T\u00c4\u00c4LT\u00c4<\/a><\/p>\n<div class='gallery-article'><ul id='gallery-article0' class='list gallery-list galleryid-0 gallery-columns-3 gallery-size-medium'><li class='gallery-item'>\n\t\t<p class='gallery-icon'>\n\t\t<a href='https:\/\/spaestonia.ee\/resort\/wp-content\/uploads\/2025\/02\/Sobrannaga-spaas-5-002.jpg' title=\"\" data-rl_title=\"\" class=\"rl-gallery-link\" data-rl_caption=\"\" data-rel=\"lightbox-gallery-0\"><img loading=\"lazy\" decoding=\"async\" width=\"300\" height=\"200\" src=\"https:\/\/spaestonia.ee\/resort\/wp-content\/uploads\/2025\/02\/Sobrannaga-spaas-5-002-300x200.jpg\" class=\"attachment-medium size-medium\" alt=\"\" srcset=\"https:\/\/spaestonia.ee\/resort\/wp-content\/uploads\/2025\/02\/Sobrannaga-spaas-5-002-300x200.jpg 300w, https:\/\/spaestonia.ee\/resort\/wp-content\/uploads\/2025\/02\/Sobrannaga-spaas-5-002-768x512.jpg 768w, https:\/\/spaestonia.ee\/resort\/wp-content\/uploads\/2025\/02\/Sobrannaga-spaas-5-002-837x557.jpg 837w, https:\/\/spaestonia.ee\/resort\/wp-content\/uploads\/2025\/02\/Sobrannaga-spaas-5-002.jpg 960w\" sizes=\"auto, (max-width: 300px) 100vw, 300px\" \/><\/a>\n\t\t<\/p><\/li><li class='gallery-item'>\n\t\t<p class='gallery-icon'>\n\t\t<a href='https:\/\/spaestonia.ee\/resort\/wp-content\/uploads\/2025\/02\/Sobrannaga-spaas-3-002.jpg' title=\"\" data-rl_title=\"\" class=\"rl-gallery-link\" data-rl_caption=\"\" data-rel=\"lightbox-gallery-0\"><img loading=\"lazy\" decoding=\"async\" width=\"300\" height=\"200\" src=\"https:\/\/spaestonia.ee\/resort\/wp-content\/uploads\/2025\/02\/Sobrannaga-spaas-3-002-300x200.jpg\" class=\"attachment-medium size-medium\" alt=\"\" srcset=\"https:\/\/spaestonia.ee\/resort\/wp-content\/uploads\/2025\/02\/Sobrannaga-spaas-3-002-300x200.jpg 300w, https:\/\/spaestonia.ee\/resort\/wp-content\/uploads\/2025\/02\/Sobrannaga-spaas-3-002-768x512.jpg 768w, https:\/\/spaestonia.ee\/resort\/wp-content\/uploads\/2025\/02\/Sobrannaga-spaas-3-002-837x557.jpg 837w, https:\/\/spaestonia.ee\/resort\/wp-content\/uploads\/2025\/02\/Sobrannaga-spaas-3-002.jpg 960w\" sizes=\"auto, (max-width: 300px) 100vw, 300px\" \/><\/a>\n\t\t<\/p><\/li><li class='gallery-item'>\n\t\t<p class='gallery-icon'>\n\t\t<a href='https:\/\/spaestonia.ee\/resort\/wp-content\/uploads\/2025\/02\/Sobrannaga-spaas-8-002.jpg' title=\"\" data-rl_title=\"\" class=\"rl-gallery-link\" data-rl_caption=\"\" data-rel=\"lightbox-gallery-0\"><img loading=\"lazy\" decoding=\"async\" width=\"300\" height=\"200\" src=\"https:\/\/spaestonia.ee\/resort\/wp-content\/uploads\/2025\/02\/Sobrannaga-spaas-8-002-300x200.jpg\" class=\"attachment-medium size-medium\" alt=\"\" srcset=\"https:\/\/spaestonia.ee\/resort\/wp-content\/uploads\/2025\/02\/Sobrannaga-spaas-8-002-300x200.jpg 300w, https:\/\/spaestonia.ee\/resort\/wp-content\/uploads\/2025\/02\/Sobrannaga-spaas-8-002-768x512.jpg 768w, https:\/\/spaestonia.ee\/resort\/wp-content\/uploads\/2025\/02\/Sobrannaga-spaas-8-002-837x557.jpg 837w, https:\/\/spaestonia.ee\/resort\/wp-content\/uploads\/2025\/02\/Sobrannaga-spaas-8-002.jpg 960w\" sizes=\"auto, (max-width: 300px) 100vw, 300px\" \/><\/a>\n\t\t<\/p><\/li><li class='gallery-item'>\n\t\t<p class='gallery-icon'>\n\t\t<a href='https:\/\/spaestonia.ee\/resort\/wp-content\/uploads\/2025\/03\/Sobrannaga-spaas-10.jpg' title=\"\" data-rl_title=\"\" class=\"rl-gallery-link\" data-rl_caption=\"\" data-rel=\"lightbox-gallery-0\"><img loading=\"lazy\" decoding=\"async\" width=\"300\" height=\"200\" src=\"https:\/\/spaestonia.ee\/resort\/wp-content\/uploads\/2025\/03\/Sobrannaga-spaas-10-300x200.jpg\" class=\"attachment-medium size-medium\" alt=\"\" srcset=\"https:\/\/spaestonia.ee\/resort\/wp-content\/uploads\/2025\/03\/Sobrannaga-spaas-10-300x200.jpg 300w, https:\/\/spaestonia.ee\/resort\/wp-content\/uploads\/2025\/03\/Sobrannaga-spaas-10-768x512.jpg 768w, https:\/\/spaestonia.ee\/resort\/wp-content\/uploads\/2025\/03\/Sobrannaga-spaas-10-837x557.jpg 837w, https:\/\/spaestonia.ee\/resort\/wp-content\/uploads\/2025\/03\/Sobrannaga-spaas-10.jpg 960w\" sizes=\"auto, (max-width: 300px) 100vw, 300px\" \/><\/a>\n\t\t<\/p><\/li><li class='gallery-item'>\n\t\t<p class='gallery-icon'>\n\t\t<a href='https:\/\/spaestonia.ee\/resort\/wp-content\/uploads\/2025\/02\/Sobrannaga-spaas-7-002.jpg' title=\"\" data-rl_title=\"\" class=\"rl-gallery-link\" data-rl_caption=\"\" data-rel=\"lightbox-gallery-0\"><img loading=\"lazy\" decoding=\"async\" width=\"300\" height=\"200\" src=\"https:\/\/spaestonia.ee\/resort\/wp-content\/uploads\/2025\/02\/Sobrannaga-spaas-7-002-300x200.jpg\" class=\"attachment-medium size-medium\" alt=\"\" srcset=\"https:\/\/spaestonia.ee\/resort\/wp-content\/uploads\/2025\/02\/Sobrannaga-spaas-7-002-300x200.jpg 300w, https:\/\/spaestonia.ee\/resort\/wp-content\/uploads\/2025\/02\/Sobrannaga-spaas-7-002-768x512.jpg 768w, https:\/\/spaestonia.ee\/resort\/wp-content\/uploads\/2025\/02\/Sobrannaga-spaas-7-002-837x557.jpg 837w, https:\/\/spaestonia.ee\/resort\/wp-content\/uploads\/2025\/02\/Sobrannaga-spaas-7-002.jpg 960w\" sizes=\"auto, (max-width: 300px) 100vw, 300px\" \/><\/a>\n\t\t<\/p><\/li><li class='gallery-item'>\n\t\t<p class='gallery-icon'>\n\t\t<a href='https:\/\/spaestonia.ee\/resort\/wp-content\/uploads\/2024\/06\/Surnumeri.jpg' title=\"\" data-rl_title=\"\" class=\"rl-gallery-link\" data-rl_caption=\"\" data-rel=\"lightbox-gallery-0\"><img loading=\"lazy\" decoding=\"async\" width=\"300\" height=\"200\" src=\"https:\/\/spaestonia.ee\/resort\/wp-content\/uploads\/2024\/06\/Surnumeri-300x200.jpg\" class=\"attachment-medium size-medium\" alt=\"\" srcset=\"https:\/\/spaestonia.ee\/resort\/wp-content\/uploads\/2024\/06\/Surnumeri-300x200.jpg 300w, https:\/\/spaestonia.ee\/resort\/wp-content\/uploads\/2024\/06\/Surnumeri-768x512.jpg 768w, https:\/\/spaestonia.ee\/resort\/wp-content\/uploads\/2024\/06\/Surnumeri-837x557.jpg 837w, https:\/\/spaestonia.ee\/resort\/wp-content\/uploads\/2024\/06\/Surnumeri.jpg 960w\" sizes=\"auto, (max-width: 300px) 100vw, 300px\" \/><\/a>\n\t\t<\/p><\/li><li class='gallery-item'>\n\t\t<p class='gallery-icon'>\n\t\t<a href='https:\/\/spaestonia.ee\/resort\/wp-content\/uploads\/2015\/05\/Resort-spaa-suur-bassein-350.jpg' title=\"\" data-rl_title=\"\" class=\"rl-gallery-link\" data-rl_caption=\"\" data-rel=\"lightbox-gallery-0\"><img loading=\"lazy\" decoding=\"async\" width=\"300\" height=\"199\" src=\"https:\/\/spaestonia.ee\/resort\/wp-content\/uploads\/2015\/05\/Resort-spaa-suur-bassein-350-300x199.jpg\" class=\"attachment-medium size-medium\" alt=\"Spa &amp; saun\" srcset=\"https:\/\/spaestonia.ee\/resort\/wp-content\/uploads\/2015\/05\/Resort-spaa-suur-bassein-350-300x199.jpg 300w, https:\/\/spaestonia.ee\/resort\/wp-content\/uploads\/2015\/05\/Resort-spaa-suur-bassein-350.jpg 350w\" sizes=\"auto, (max-width: 300px) 100vw, 300px\" \/><\/a>\n\t\t<\/p><\/li><li class='gallery-item'>\n\t\t<p class='gallery-icon'>\n\t\t<a href='https:\/\/spaestonia.ee\/resort\/wp-content\/uploads\/2015\/06\/350-Resort-spaa-saun-VIHA-saun-1.jpg' title=\"\" data-rl_title=\"\" class=\"rl-gallery-link\" data-rl_caption=\"\" data-rel=\"lightbox-gallery-0\"><img loading=\"lazy\" decoding=\"async\" width=\"300\" height=\"199\" src=\"https:\/\/spaestonia.ee\/resort\/wp-content\/uploads\/2015\/06\/350-Resort-spaa-saun-VIHA-saun-1-300x199.jpg\" class=\"attachment-medium size-medium\" alt=\"\" srcset=\"https:\/\/spaestonia.ee\/resort\/wp-content\/uploads\/2015\/06\/350-Resort-spaa-saun-VIHA-saun-1-300x199.jpg 300w, https:\/\/spaestonia.ee\/resort\/wp-content\/uploads\/2015\/06\/350-Resort-spaa-saun-VIHA-saun-1.jpg 350w\" sizes=\"auto, (max-width: 300px) 100vw, 300px\" \/><\/a>\n\t\t<\/p><\/li><li class='gallery-item'>\n\t\t<p class='gallery-icon'>\n\t\t<a href='https:\/\/spaestonia.ee\/resort\/wp-content\/uploads\/2015\/06\/350-Resort-spaa-saun-SOE-koht.jpg' title=\"\" data-rl_title=\"\" class=\"rl-gallery-link\" data-rl_caption=\"\" data-rel=\"lightbox-gallery-0\"><img loading=\"lazy\" decoding=\"async\" width=\"300\" height=\"199\" src=\"https:\/\/spaestonia.ee\/resort\/wp-content\/uploads\/2015\/06\/350-Resort-spaa-saun-SOE-koht-300x199.jpg\" class=\"attachment-medium size-medium\" alt=\"\" srcset=\"https:\/\/spaestonia.ee\/resort\/wp-content\/uploads\/2015\/06\/350-Resort-spaa-saun-SOE-koht-300x199.jpg 300w, https:\/\/spaestonia.ee\/resort\/wp-content\/uploads\/2015\/06\/350-Resort-spaa-saun-SOE-koht.jpg 350w\" sizes=\"auto, (max-width: 300px) 100vw, 300px\" \/><\/a>\n\t\t<\/p><\/li><li class='gallery-item'>\n\t\t<p class='gallery-icon'>\n\t\t<a href='https:\/\/spaestonia.ee\/resort\/wp-content\/uploads\/2015\/06\/350-Resort-spaa-saun-SUITSU-saun.jpg' title=\"\" data-rl_title=\"\" class=\"rl-gallery-link\" data-rl_caption=\"\" data-rel=\"lightbox-gallery-0\"><img loading=\"lazy\" decoding=\"async\" width=\"300\" height=\"199\" src=\"https:\/\/spaestonia.ee\/resort\/wp-content\/uploads\/2015\/06\/350-Resort-spaa-saun-SUITSU-saun-300x199.jpg\" class=\"attachment-medium size-medium\" alt=\"\" srcset=\"https:\/\/spaestonia.ee\/resort\/wp-content\/uploads\/2015\/06\/350-Resort-spaa-saun-SUITSU-saun-300x199.jpg 300w, https:\/\/spaestonia.ee\/resort\/wp-content\/uploads\/2015\/06\/350-Resort-spaa-saun-SUITSU-saun.jpg 350w\" sizes=\"auto, (max-width: 300px) 100vw, 300px\" \/><\/a>\n\t\t<\/p><\/li><li class='gallery-item'>\n\t\t<p class='gallery-icon'>\n\t\t<a href='https:\/\/spaestonia.ee\/resort\/wp-content\/uploads\/2015\/06\/350-Resort-spaa-saun-LOHNA-saun.jpg' title=\"\" data-rl_title=\"\" class=\"rl-gallery-link\" data-rl_caption=\"\" data-rel=\"lightbox-gallery-0\"><img loading=\"lazy\" decoding=\"async\" width=\"300\" height=\"199\" src=\"https:\/\/spaestonia.ee\/resort\/wp-content\/uploads\/2015\/06\/350-Resort-spaa-saun-LOHNA-saun-300x199.jpg\" class=\"attachment-medium size-medium\" alt=\"\" srcset=\"https:\/\/spaestonia.ee\/resort\/wp-content\/uploads\/2015\/06\/350-Resort-spaa-saun-LOHNA-saun-300x199.jpg 300w, https:\/\/spaestonia.ee\/resort\/wp-content\/uploads\/2015\/06\/350-Resort-spaa-saun-LOHNA-saun.jpg 350w\" sizes=\"auto, (max-width: 300px) 100vw, 300px\" \/><\/a>\n\t\t<\/p><\/li><li class='gallery-item'>\n\t\t<p class='gallery-icon'>\n\t\t<a href='https:\/\/spaestonia.ee\/resort\/wp-content\/uploads\/2015\/06\/350-Resort-spaa-saun-KUUM-koht.jpg' title=\"\" data-rl_title=\"\" class=\"rl-gallery-link\" data-rl_caption=\"\" data-rel=\"lightbox-gallery-0\"><img loading=\"lazy\" decoding=\"async\" width=\"300\" height=\"199\" src=\"https:\/\/spaestonia.ee\/resort\/wp-content\/uploads\/2015\/06\/350-Resort-spaa-saun-KUUM-koht-300x199.jpg\" class=\"attachment-medium size-medium\" alt=\"\" srcset=\"https:\/\/spaestonia.ee\/resort\/wp-content\/uploads\/2015\/06\/350-Resort-spaa-saun-KUUM-koht-300x199.jpg 300w, https:\/\/spaestonia.ee\/resort\/wp-content\/uploads\/2015\/06\/350-Resort-spaa-saun-KUUM-koht.jpg 350w\" sizes=\"auto, (max-width: 300px) 100vw, 300px\" \/><\/a>\n\t\t<\/p><\/li><li class='gallery-item'>\n\t\t<p class='gallery-icon'>\n\t\t<a href='https:\/\/spaestonia.ee\/resort\/wp-content\/uploads\/2015\/06\/350-Resort-spaa-saun-ROOMU-saun.jpg' title=\"\" data-rl_title=\"\" class=\"rl-gallery-link\" data-rl_caption=\"\" data-rel=\"lightbox-gallery-0\"><img loading=\"lazy\" decoding=\"async\" width=\"300\" height=\"199\" src=\"https:\/\/spaestonia.ee\/resort\/wp-content\/uploads\/2015\/06\/350-Resort-spaa-saun-ROOMU-saun-300x199.jpg\" class=\"attachment-medium size-medium\" alt=\"\" srcset=\"https:\/\/spaestonia.ee\/resort\/wp-content\/uploads\/2015\/06\/350-Resort-spaa-saun-ROOMU-saun-300x199.jpg 300w, https:\/\/spaestonia.ee\/resort\/wp-content\/uploads\/2015\/06\/350-Resort-spaa-saun-ROOMU-saun.jpg 350w\" sizes=\"auto, (max-width: 300px) 100vw, 300px\" \/><\/a>\n\t\t<\/p><\/li><li class='gallery-item'>\n\t\t<p class='gallery-icon'>\n\t\t<a href='https:\/\/spaestonia.ee\/resort\/wp-content\/uploads\/2015\/06\/350-Resort-spaa-saun-KADAKA-klubi-1.jpg' title=\"\" data-rl_title=\"\" class=\"rl-gallery-link\" data-rl_caption=\"\" data-rel=\"lightbox-gallery-0\"><img loading=\"lazy\" decoding=\"async\" width=\"300\" height=\"199\" src=\"https:\/\/spaestonia.ee\/resort\/wp-content\/uploads\/2015\/06\/350-Resort-spaa-saun-KADAKA-klubi-1-300x199.jpg\" class=\"attachment-medium size-medium\" alt=\"\" srcset=\"https:\/\/spaestonia.ee\/resort\/wp-content\/uploads\/2015\/06\/350-Resort-spaa-saun-KADAKA-klubi-1-300x199.jpg 300w, https:\/\/spaestonia.ee\/resort\/wp-content\/uploads\/2015\/06\/350-Resort-spaa-saun-KADAKA-klubi-1.jpg 350w\" sizes=\"auto, (max-width: 300px) 100vw, 300px\" \/><\/a>\n\t\t<\/p><\/li><li class='gallery-item'>\n\t\t<p class='gallery-icon'>\n\t\t<a href='https:\/\/spaestonia.ee\/resort\/wp-content\/uploads\/2015\/06\/350-Resort-spaa-saun-AURU-saun.jpg' title=\"\" data-rl_title=\"\" class=\"rl-gallery-link\" data-rl_caption=\"\" data-rel=\"lightbox-gallery-0\"><img loading=\"lazy\" decoding=\"async\" width=\"300\" height=\"199\" src=\"https:\/\/spaestonia.ee\/resort\/wp-content\/uploads\/2015\/06\/350-Resort-spaa-saun-AURU-saun-300x199.jpg\" class=\"attachment-medium size-medium\" alt=\"\" srcset=\"https:\/\/spaestonia.ee\/resort\/wp-content\/uploads\/2015\/06\/350-Resort-spaa-saun-AURU-saun-300x199.jpg 300w, https:\/\/spaestonia.ee\/resort\/wp-content\/uploads\/2015\/06\/350-Resort-spaa-saun-AURU-saun.jpg 350w\" sizes=\"auto, (max-width: 300px) 100vw, 300px\" \/><\/a>\n\t\t<\/p><\/li><\/ul>\n<\/div>\n\n","protected":false},"excerpt":{"rendered":"<p>SPA &amp; SAUN keskus on avoinna joka p\u00e4iv\u00e4 klo 10-22. Hotellin asiakkaille klo 7-22 (Ma-Su&hellip;<\/p>\n","protected":false},"author":1,"featured_media":0,"parent":447,"menu_order":0,"comment_status":"closed","ping_status":"open","template":"page-nobron_page.php","meta":{"footnotes":""},"class_list":["post-2999","page","type-page","status-publish","hentry"],"yoast_head":"<!-- This site is optimized with the Yoast SEO plugin v26.7 - https:\/\/yoast.com\/wordpress\/plugins\/seo\/ -->\n<title>SPA &amp; SAUN -keskus - ESTONIA Resort Hotel Spa<\/title>\n<meta name=\"robots\" content=\"index, follow, max-snippet:-1, max-image-preview:large, max-video-preview:-1\" \/>\n<link rel=\"canonical\" href=\"https:\/\/spaestonia.ee\/resort\/fi\/spaa-ja-saunakeskus\/spa-ja-sauna-keskus\/\" \/>\n<meta property=\"og:locale\" content=\"fi_FI\" \/>\n<meta property=\"og:type\" content=\"article\" \/>\n<meta property=\"og:title\" content=\"SPA &amp; SAUN -keskus - ESTONIA Resort Hotel Spa\" \/>\n<meta property=\"og:description\" content=\"SPA &amp; SAUN keskus on avoinna joka p\u00e4iv\u00e4 klo 10-22. Hotellin asiakkaille klo 7-22 (Ma-Su&hellip;\" \/>\n<meta property=\"og:url\" content=\"https:\/\/spaestonia.ee\/resort\/fi\/spaa-ja-saunakeskus\/spa-ja-sauna-keskus\/\" \/>\n<meta property=\"og:site_name\" content=\"ESTONIA Resort Hotel Spa\" \/>\n<meta property=\"article:publisher\" content=\"https:\/\/www.facebook.com\/EstoniaResortHotel\" \/>\n<meta property=\"article:modified_time\" content=\"2026-02-16T08:41:47+00:00\" \/>\n<meta property=\"og:image\" content=\"https:\/\/www.spaestonia.ee\/resort\/wp-content\/uploads\/2025\/02\/Sobrannaga-spaas-5-002-300x200.jpg\" \/>\n<meta name=\"twitter:card\" content=\"summary_large_image\" \/>\n<meta name=\"twitter:label1\" content=\"Arvioitu lukuaika\" \/>\n\t<meta name=\"twitter:data1\" content=\"1 minuutti\" \/>\n<script type=\"application\/ld+json\" class=\"yoast-schema-graph\">{\"@context\":\"https:\/\/schema.org\",\"@graph\":[{\"@type\":\"WebPage\",\"@id\":\"https:\/\/spaestonia.ee\/resort\/fi\/spaa-ja-saunakeskus\/spa-ja-sauna-keskus\/\",\"url\":\"https:\/\/spaestonia.ee\/resort\/fi\/spaa-ja-saunakeskus\/spa-ja-sauna-keskus\/\",\"name\":\"SPA & SAUN -keskus - ESTONIA Resort Hotel Spa\",\"isPartOf\":{\"@id\":\"https:\/\/www.spaestonia.ee\/resort\/fi\/#website\"},\"primaryImageOfPage\":{\"@id\":\"https:\/\/spaestonia.ee\/resort\/fi\/spaa-ja-saunakeskus\/spa-ja-sauna-keskus\/#primaryimage\"},\"image\":{\"@id\":\"https:\/\/spaestonia.ee\/resort\/fi\/spaa-ja-saunakeskus\/spa-ja-sauna-keskus\/#primaryimage\"},\"thumbnailUrl\":\"http:\/\/www.spaestonia.ee\/resort\/wp-content\/uploads\/2015\/05\/resort-spa-conference-building-540px.jpg\",\"datePublished\":\"2015-05-11T20:20:46+00:00\",\"dateModified\":\"2026-02-16T08:41:47+00:00\",\"breadcrumb\":{\"@id\":\"https:\/\/spaestonia.ee\/resort\/fi\/spaa-ja-saunakeskus\/spa-ja-sauna-keskus\/#breadcrumb\"},\"inLanguage\":\"fi\",\"potentialAction\":[{\"@type\":\"ReadAction\",\"target\":[\"https:\/\/spaestonia.ee\/resort\/fi\/spaa-ja-saunakeskus\/spa-ja-sauna-keskus\/\"]}]},{\"@type\":\"ImageObject\",\"inLanguage\":\"fi\",\"@id\":\"https:\/\/spaestonia.ee\/resort\/fi\/spaa-ja-saunakeskus\/spa-ja-sauna-keskus\/#primaryimage\",\"url\":\"http:\/\/www.spaestonia.ee\/resort\/wp-content\/uploads\/2015\/05\/resort-spa-conference-building-540px.jpg\",\"contentUrl\":\"http:\/\/www.spaestonia.ee\/resort\/wp-content\/uploads\/2015\/05\/resort-spa-conference-building-540px.jpg\"},{\"@type\":\"BreadcrumbList\",\"@id\":\"https:\/\/spaestonia.ee\/resort\/fi\/spaa-ja-saunakeskus\/spa-ja-sauna-keskus\/#breadcrumb\",\"itemListElement\":[{\"@type\":\"ListItem\",\"position\":1,\"name\":\"Home\",\"item\":\"https:\/\/www.spaestonia.ee\/resort\/fi\/\"},{\"@type\":\"ListItem\",\"position\":2,\"name\":\"Spa &#038; Wellness\",\"item\":\"https:\/\/www.spaestonia.ee\/resort\/fi\/spaa-ja-saunakeskus\/\"},{\"@type\":\"ListItem\",\"position\":3,\"name\":\"SPA &#038; SAUN -keskus\"}]},{\"@type\":\"WebSite\",\"@id\":\"https:\/\/www.spaestonia.ee\/resort\/fi\/#website\",\"url\":\"https:\/\/www.spaestonia.ee\/resort\/fi\/\",\"name\":\"ESTONIA Resort Hotel Spa\",\"description\":\"E-WoW\",\"publisher\":{\"@id\":\"https:\/\/www.spaestonia.ee\/resort\/fi\/#organization\"},\"potentialAction\":[{\"@type\":\"SearchAction\",\"target\":{\"@type\":\"EntryPoint\",\"urlTemplate\":\"https:\/\/www.spaestonia.ee\/resort\/fi\/?s={search_term_string}\"},\"query-input\":{\"@type\":\"PropertyValueSpecification\",\"valueRequired\":true,\"valueName\":\"search_term_string\"}}],\"inLanguage\":\"fi\"},{\"@type\":\"Organization\",\"@id\":\"https:\/\/www.spaestonia.ee\/resort\/fi\/#organization\",\"name\":\"ESTONIA Resort Hotel Spa\",\"url\":\"https:\/\/www.spaestonia.ee\/resort\/fi\/\",\"logo\":{\"@type\":\"ImageObject\",\"inLanguage\":\"fi\",\"@id\":\"https:\/\/www.spaestonia.ee\/resort\/fi\/#\/schema\/logo\/image\/\",\"url\":\"https:\/\/www.spaestonia.ee\/resort\/wp-content\/uploads\/2025\/02\/resort-hotel-estonia.png\",\"contentUrl\":\"https:\/\/www.spaestonia.ee\/resort\/wp-content\/uploads\/2025\/02\/resort-hotel-estonia.png\",\"width\":400,\"height\":173,\"caption\":\"ESTONIA Resort Hotel Spa\"},\"image\":{\"@id\":\"https:\/\/www.spaestonia.ee\/resort\/fi\/#\/schema\/logo\/image\/\"},\"sameAs\":[\"https:\/\/www.facebook.com\/EstoniaResortHotel\"]}]}<\/script>\n<!-- \/ Yoast SEO plugin. -->","yoast_head_json":{"title":"SPA & SAUN -keskus - ESTONIA Resort Hotel Spa","robots":{"index":"index","follow":"follow","max-snippet":"max-snippet:-1","max-image-preview":"max-image-preview:large","max-video-preview":"max-video-preview:-1"},"canonical":"https:\/\/spaestonia.ee\/resort\/fi\/spaa-ja-saunakeskus\/spa-ja-sauna-keskus\/","og_locale":"fi_FI","og_type":"article","og_title":"SPA & SAUN -keskus - ESTONIA Resort Hotel Spa","og_description":"SPA &amp; SAUN keskus on avoinna joka p\u00e4iv\u00e4 klo 10-22. Hotellin asiakkaille klo 7-22 (Ma-Su&hellip;","og_url":"https:\/\/spaestonia.ee\/resort\/fi\/spaa-ja-saunakeskus\/spa-ja-sauna-keskus\/","og_site_name":"ESTONIA Resort Hotel Spa","article_publisher":"https:\/\/www.facebook.com\/EstoniaResortHotel","article_modified_time":"2026-02-16T08:41:47+00:00","og_image":[{"url":"https:\/\/www.spaestonia.ee\/resort\/wp-content\/uploads\/2025\/02\/Sobrannaga-spaas-5-002-300x200.jpg","type":"","width":"","height":""}],"twitter_card":"summary_large_image","twitter_misc":{"Arvioitu lukuaika":"1 minuutti"},"schema":{"@context":"https:\/\/schema.org","@graph":[{"@type":"WebPage","@id":"https:\/\/spaestonia.ee\/resort\/fi\/spaa-ja-saunakeskus\/spa-ja-sauna-keskus\/","url":"https:\/\/spaestonia.ee\/resort\/fi\/spaa-ja-saunakeskus\/spa-ja-sauna-keskus\/","name":"SPA & SAUN -keskus - ESTONIA Resort Hotel Spa","isPartOf":{"@id":"https:\/\/www.spaestonia.ee\/resort\/fi\/#website"},"primaryImageOfPage":{"@id":"https:\/\/spaestonia.ee\/resort\/fi\/spaa-ja-saunakeskus\/spa-ja-sauna-keskus\/#primaryimage"},"image":{"@id":"https:\/\/spaestonia.ee\/resort\/fi\/spaa-ja-saunakeskus\/spa-ja-sauna-keskus\/#primaryimage"},"thumbnailUrl":"http:\/\/www.spaestonia.ee\/resort\/wp-content\/uploads\/2015\/05\/resort-spa-conference-building-540px.jpg","datePublished":"2015-05-11T20:20:46+00:00","dateModified":"2026-02-16T08:41:47+00:00","breadcrumb":{"@id":"https:\/\/spaestonia.ee\/resort\/fi\/spaa-ja-saunakeskus\/spa-ja-sauna-keskus\/#breadcrumb"},"inLanguage":"fi","potentialAction":[{"@type":"ReadAction","target":["https:\/\/spaestonia.ee\/resort\/fi\/spaa-ja-saunakeskus\/spa-ja-sauna-keskus\/"]}]},{"@type":"ImageObject","inLanguage":"fi","@id":"https:\/\/spaestonia.ee\/resort\/fi\/spaa-ja-saunakeskus\/spa-ja-sauna-keskus\/#primaryimage","url":"http:\/\/www.spaestonia.ee\/resort\/wp-content\/uploads\/2015\/05\/resort-spa-conference-building-540px.jpg","contentUrl":"http:\/\/www.spaestonia.ee\/resort\/wp-content\/uploads\/2015\/05\/resort-spa-conference-building-540px.jpg"},{"@type":"BreadcrumbList","@id":"https:\/\/spaestonia.ee\/resort\/fi\/spaa-ja-saunakeskus\/spa-ja-sauna-keskus\/#breadcrumb","itemListElement":[{"@type":"ListItem","position":1,"name":"Home","item":"https:\/\/www.spaestonia.ee\/resort\/fi\/"},{"@type":"ListItem","position":2,"name":"Spa &#038; Wellness","item":"https:\/\/www.spaestonia.ee\/resort\/fi\/spaa-ja-saunakeskus\/"},{"@type":"ListItem","position":3,"name":"SPA &#038; SAUN -keskus"}]},{"@type":"WebSite","@id":"https:\/\/www.spaestonia.ee\/resort\/fi\/#website","url":"https:\/\/www.spaestonia.ee\/resort\/fi\/","name":"ESTONIA Resort Hotel Spa","description":"E-WoW","publisher":{"@id":"https:\/\/www.spaestonia.ee\/resort\/fi\/#organization"},"potentialAction":[{"@type":"SearchAction","target":{"@type":"EntryPoint","urlTemplate":"https:\/\/www.spaestonia.ee\/resort\/fi\/?s={search_term_string}"},"query-input":{"@type":"PropertyValueSpecification","valueRequired":true,"valueName":"search_term_string"}}],"inLanguage":"fi"},{"@type":"Organization","@id":"https:\/\/www.spaestonia.ee\/resort\/fi\/#organization","name":"ESTONIA Resort Hotel Spa","url":"https:\/\/www.spaestonia.ee\/resort\/fi\/","logo":{"@type":"ImageObject","inLanguage":"fi","@id":"https:\/\/www.spaestonia.ee\/resort\/fi\/#\/schema\/logo\/image\/","url":"https:\/\/www.spaestonia.ee\/resort\/wp-content\/uploads\/2025\/02\/resort-hotel-estonia.png","contentUrl":"https:\/\/www.spaestonia.ee\/resort\/wp-content\/uploads\/2025\/02\/resort-hotel-estonia.png","width":400,"height":173,"caption":"ESTONIA Resort Hotel Spa"},"image":{"@id":"https:\/\/www.spaestonia.ee\/resort\/fi\/#\/schema\/logo\/image\/"},"sameAs":["https:\/\/www.facebook.com\/EstoniaResortHotel"]}]}},"_links":{"self":[{"href":"https:\/\/spaestonia.ee\/resort\/fi\/wp-json\/wp\/v2\/pages\/2999","targetHints":{"allow":["GET"]}}],"collection":[{"href":"https:\/\/spaestonia.ee\/resort\/fi\/wp-json\/wp\/v2\/pages"}],"about":[{"href":"https:\/\/spaestonia.ee\/resort\/fi\/wp-json\/wp\/v2\/types\/page"}],"author":[{"embeddable":true,"href":"https:\/\/spaestonia.ee\/resort\/fi\/wp-json\/wp\/v2\/users\/1"}],"replies":[{"embeddable":true,"href":"https:\/\/spaestonia.ee\/resort\/fi\/wp-json\/wp\/v2\/comments?post=2999"}],"version-history":[{"count":121,"href":"https:\/\/spaestonia.ee\/resort\/fi\/wp-json\/wp\/v2\/pages\/2999\/revisions"}],"predecessor-version":[{"id":46319,"href":"https:\/\/spaestonia.ee\/resort\/fi\/wp-json\/wp\/v2\/pages\/2999\/revisions\/46319"}],"up":[{"embeddable":true,"href":"https:\/\/spaestonia.ee\/resort\/fi\/wp-json\/wp\/v2\/pages\/447"}],"wp:attachment":[{"href":"https:\/\/spaestonia.ee\/resort\/fi\/wp-json\/wp\/v2\/media?parent=2999"}],"curies":[{"name":"wp","href":"https:\/\/api.w.org\/{rel}","templated":true}]}}