{"id":3235,"date":"2015-07-28T20:22:39","date_gmt":"2015-07-28T17:22:39","guid":{"rendered":"https:\/\/www.spaestonia.ee\/resort\/?page_id=3235"},"modified":"2025-12-18T11:32:28","modified_gmt":"2025-12-18T09:32:28","slug":"huoltopaivat","status":"publish","type":"page","link":"https:\/\/spaestonia.ee\/resort\/fi\/spaa-ja-saunakeskus\/huoltopaivat\/","title":{"rendered":"Huoltop\u00e4iv\u00e4t"},"content":{"rendered":"<p><strong>SPA ja SAUN -keskuksessa on joka kuukauden yksi huoltop\u00e4iv\u00e4.<\/strong><br \/>\nHuoltop\u00e4iv\u00e4n\u00e4 avaamme saunakeskuksen ja kylpy\u00e4n asiakkaille <strong>kello 17.00<\/strong>.<\/p>\n<h3><strong>Seuraavina<\/strong><strong> p\u00e4ivin\u00e4 vuonna 2026:<\/strong><\/h3>\n<ul>\n<li>5.1<\/li>\n<li>2.2<\/li>\n<li>2.3<\/li>\n<li>30.3<\/li>\n<li>27.4<\/li>\n<li>1.6<\/li>\n<li>6.\u20137.7 (6.7 suljettu koko p\u00e4iv\u00e4n)<\/li>\n<li>3.8<\/li>\n<li>7.9<\/li>\n<li>5.10<\/li>\n<li>2.11<\/li>\n<li>7.12<\/li>\n<\/ul>\n<p><strong>Lis\u00e4tietoja<\/strong>: e-mail\u00a0<a href=\"mailto:resort.spa@spaestonia.ee\">resort.spa@spaestonia.ee<\/a>, puh +372 440 1014<\/p>\n","protected":false},"excerpt":{"rendered":"<p>SPA ja SAUN -keskuksessa on joka kuukauden yksi huoltop\u00e4iv\u00e4. Huoltop\u00e4iv\u00e4n\u00e4 avaamme saunakeskuksen ja kylpy\u00e4n asiakkaille&hellip;<\/p>\n","protected":false},"author":1,"featured_media":0,"parent":447,"menu_order":0,"comment_status":"closed","ping_status":"open","template":"","meta":{"footnotes":""},"class_list":["post-3235","page","type-page","status-publish","hentry"],"yoast_head":"<!-- This site is optimized with the Yoast SEO plugin v26.7 - https:\/\/yoast.com\/wordpress\/plugins\/seo\/ -->\n<title>Huoltop\u00e4iv\u00e4t - ESTONIA Resort Hotel Spa<\/title>\n<meta name=\"robots\" content=\"index, follow, max-snippet:-1, max-image-preview:large, max-video-preview:-1\" \/>\n<link rel=\"canonical\" href=\"https:\/\/spaestonia.ee\/resort\/fi\/spaa-ja-saunakeskus\/huoltopaivat\/\" \/>\n<meta property=\"og:locale\" content=\"fi_FI\" \/>\n<meta property=\"og:type\" content=\"article\" \/>\n<meta property=\"og:title\" content=\"Huoltop\u00e4iv\u00e4t - ESTONIA Resort Hotel Spa\" \/>\n<meta property=\"og:description\" content=\"SPA ja SAUN -keskuksessa on joka kuukauden yksi huoltop\u00e4iv\u00e4. Huoltop\u00e4iv\u00e4n\u00e4 avaamme saunakeskuksen ja kylpy\u00e4n asiakkaille&hellip;\" \/>\n<meta property=\"og:url\" content=\"https:\/\/spaestonia.ee\/resort\/fi\/spaa-ja-saunakeskus\/huoltopaivat\/\" \/>\n<meta property=\"og:site_name\" content=\"ESTONIA Resort Hotel Spa\" \/>\n<meta property=\"article:publisher\" content=\"https:\/\/www.facebook.com\/EstoniaResortHotel\" \/>\n<meta property=\"article:modified_time\" content=\"2025-12-18T09:32:28+00:00\" \/>\n<meta name=\"twitter:card\" content=\"summary_large_image\" \/>\n<meta name=\"twitter:label1\" content=\"Arvioitu lukuaika\" \/>\n\t<meta name=\"twitter:data1\" content=\"1 minuutti\" \/>\n<script type=\"application\/ld+json\" class=\"yoast-schema-graph\">{\"@context\":\"https:\/\/schema.org\",\"@graph\":[{\"@type\":\"WebPage\",\"@id\":\"https:\/\/spaestonia.ee\/resort\/fi\/spaa-ja-saunakeskus\/huoltopaivat\/\",\"url\":\"https:\/\/spaestonia.ee\/resort\/fi\/spaa-ja-saunakeskus\/huoltopaivat\/\",\"name\":\"Huoltop\u00e4iv\u00e4t - ESTONIA Resort Hotel Spa\",\"isPartOf\":{\"@id\":\"https:\/\/www.spaestonia.ee\/resort\/fi\/#website\"},\"datePublished\":\"2015-07-28T17:22:39+00:00\",\"dateModified\":\"2025-12-18T09:32:28+00:00\",\"breadcrumb\":{\"@id\":\"https:\/\/spaestonia.ee\/resort\/fi\/spaa-ja-saunakeskus\/huoltopaivat\/#breadcrumb\"},\"inLanguage\":\"fi\",\"potentialAction\":[{\"@type\":\"ReadAction\",\"target\":[\"https:\/\/spaestonia.ee\/resort\/fi\/spaa-ja-saunakeskus\/huoltopaivat\/\"]}]},{\"@type\":\"BreadcrumbList\",\"@id\":\"https:\/\/spaestonia.ee\/resort\/fi\/spaa-ja-saunakeskus\/huoltopaivat\/#breadcrumb\",\"itemListElement\":[{\"@type\":\"ListItem\",\"position\":1,\"name\":\"Home\",\"item\":\"https:\/\/www.spaestonia.ee\/resort\/fi\/\"},{\"@type\":\"ListItem\",\"position\":2,\"name\":\"Spa &#038; Wellness\",\"item\":\"https:\/\/www.spaestonia.ee\/resort\/fi\/spaa-ja-saunakeskus\/\"},{\"@type\":\"ListItem\",\"position\":3,\"name\":\"Huoltop\u00e4iv\u00e4t\"}]},{\"@type\":\"WebSite\",\"@id\":\"https:\/\/www.spaestonia.ee\/resort\/fi\/#website\",\"url\":\"https:\/\/www.spaestonia.ee\/resort\/fi\/\",\"name\":\"ESTONIA Resort Hotel Spa\",\"description\":\"E-WoW\",\"publisher\":{\"@id\":\"https:\/\/www.spaestonia.ee\/resort\/fi\/#organization\"},\"potentialAction\":[{\"@type\":\"SearchAction\",\"target\":{\"@type\":\"EntryPoint\",\"urlTemplate\":\"https:\/\/www.spaestonia.ee\/resort\/fi\/?s={search_term_string}\"},\"query-input\":{\"@type\":\"PropertyValueSpecification\",\"valueRequired\":true,\"valueName\":\"search_term_string\"}}],\"inLanguage\":\"fi\"},{\"@type\":\"Organization\",\"@id\":\"https:\/\/www.spaestonia.ee\/resort\/fi\/#organization\",\"name\":\"ESTONIA Resort Hotel Spa\",\"url\":\"https:\/\/www.spaestonia.ee\/resort\/fi\/\",\"logo\":{\"@type\":\"ImageObject\",\"inLanguage\":\"fi\",\"@id\":\"https:\/\/www.spaestonia.ee\/resort\/fi\/#\/schema\/logo\/image\/\",\"url\":\"https:\/\/www.spaestonia.ee\/resort\/wp-content\/uploads\/2025\/02\/resort-hotel-estonia.png\",\"contentUrl\":\"https:\/\/www.spaestonia.ee\/resort\/wp-content\/uploads\/2025\/02\/resort-hotel-estonia.png\",\"width\":400,\"height\":173,\"caption\":\"ESTONIA Resort Hotel Spa\"},\"image\":{\"@id\":\"https:\/\/www.spaestonia.ee\/resort\/fi\/#\/schema\/logo\/image\/\"},\"sameAs\":[\"https:\/\/www.facebook.com\/EstoniaResortHotel\"]}]}<\/script>\n<!-- \/ Yoast SEO plugin. -->","yoast_head_json":{"title":"Huoltop\u00e4iv\u00e4t - ESTONIA Resort Hotel Spa","robots":{"index":"index","follow":"follow","max-snippet":"max-snippet:-1","max-image-preview":"max-image-preview:large","max-video-preview":"max-video-preview:-1"},"canonical":"https:\/\/spaestonia.ee\/resort\/fi\/spaa-ja-saunakeskus\/huoltopaivat\/","og_locale":"fi_FI","og_type":"article","og_title":"Huoltop\u00e4iv\u00e4t - ESTONIA Resort Hotel Spa","og_description":"SPA ja SAUN -keskuksessa on joka kuukauden yksi huoltop\u00e4iv\u00e4. Huoltop\u00e4iv\u00e4n\u00e4 avaamme saunakeskuksen ja kylpy\u00e4n asiakkaille&hellip;","og_url":"https:\/\/spaestonia.ee\/resort\/fi\/spaa-ja-saunakeskus\/huoltopaivat\/","og_site_name":"ESTONIA Resort Hotel Spa","article_publisher":"https:\/\/www.facebook.com\/EstoniaResortHotel","article_modified_time":"2025-12-18T09:32:28+00:00","twitter_card":"summary_large_image","twitter_misc":{"Arvioitu lukuaika":"1 minuutti"},"schema":{"@context":"https:\/\/schema.org","@graph":[{"@type":"WebPage","@id":"https:\/\/spaestonia.ee\/resort\/fi\/spaa-ja-saunakeskus\/huoltopaivat\/","url":"https:\/\/spaestonia.ee\/resort\/fi\/spaa-ja-saunakeskus\/huoltopaivat\/","name":"Huoltop\u00e4iv\u00e4t - ESTONIA Resort Hotel Spa","isPartOf":{"@id":"https:\/\/www.spaestonia.ee\/resort\/fi\/#website"},"datePublished":"2015-07-28T17:22:39+00:00","dateModified":"2025-12-18T09:32:28+00:00","breadcrumb":{"@id":"https:\/\/spaestonia.ee\/resort\/fi\/spaa-ja-saunakeskus\/huoltopaivat\/#breadcrumb"},"inLanguage":"fi","potentialAction":[{"@type":"ReadAction","target":["https:\/\/spaestonia.ee\/resort\/fi\/spaa-ja-saunakeskus\/huoltopaivat\/"]}]},{"@type":"BreadcrumbList","@id":"https:\/\/spaestonia.ee\/resort\/fi\/spaa-ja-saunakeskus\/huoltopaivat\/#breadcrumb","itemListElement":[{"@type":"ListItem","position":1,"name":"Home","item":"https:\/\/www.spaestonia.ee\/resort\/fi\/"},{"@type":"ListItem","position":2,"name":"Spa &#038; Wellness","item":"https:\/\/www.spaestonia.ee\/resort\/fi\/spaa-ja-saunakeskus\/"},{"@type":"ListItem","position":3,"name":"Huoltop\u00e4iv\u00e4t"}]},{"@type":"WebSite","@id":"https:\/\/www.spaestonia.ee\/resort\/fi\/#website","url":"https:\/\/www.spaestonia.ee\/resort\/fi\/","name":"ESTONIA Resort Hotel Spa","description":"E-WoW","publisher":{"@id":"https:\/\/www.spaestonia.ee\/resort\/fi\/#organization"},"potentialAction":[{"@type":"SearchAction","target":{"@type":"EntryPoint","urlTemplate":"https:\/\/www.spaestonia.ee\/resort\/fi\/?s={search_term_string}"},"query-input":{"@type":"PropertyValueSpecification","valueRequired":true,"valueName":"search_term_string"}}],"inLanguage":"fi"},{"@type":"Organization","@id":"https:\/\/www.spaestonia.ee\/resort\/fi\/#organization","name":"ESTONIA Resort Hotel Spa","url":"https:\/\/www.spaestonia.ee\/resort\/fi\/","logo":{"@type":"ImageObject","inLanguage":"fi","@id":"https:\/\/www.spaestonia.ee\/resort\/fi\/#\/schema\/logo\/image\/","url":"https:\/\/www.spaestonia.ee\/resort\/wp-content\/uploads\/2025\/02\/resort-hotel-estonia.png","contentUrl":"https:\/\/www.spaestonia.ee\/resort\/wp-content\/uploads\/2025\/02\/resort-hotel-estonia.png","width":400,"height":173,"caption":"ESTONIA Resort Hotel Spa"},"image":{"@id":"https:\/\/www.spaestonia.ee\/resort\/fi\/#\/schema\/logo\/image\/"},"sameAs":["https:\/\/www.facebook.com\/EstoniaResortHotel"]}]}},"_links":{"self":[{"href":"https:\/\/spaestonia.ee\/resort\/fi\/wp-json\/wp\/v2\/pages\/3235","targetHints":{"allow":["GET"]}}],"collection":[{"href":"https:\/\/spaestonia.ee\/resort\/fi\/wp-json\/wp\/v2\/pages"}],"about":[{"href":"https:\/\/spaestonia.ee\/resort\/fi\/wp-json\/wp\/v2\/types\/page"}],"author":[{"embeddable":true,"href":"https:\/\/spaestonia.ee\/resort\/fi\/wp-json\/wp\/v2\/users\/1"}],"replies":[{"embeddable":true,"href":"https:\/\/spaestonia.ee\/resort\/fi\/wp-json\/wp\/v2\/comments?post=3235"}],"version-history":[{"count":51,"href":"https:\/\/spaestonia.ee\/resort\/fi\/wp-json\/wp\/v2\/pages\/3235\/revisions"}],"predecessor-version":[{"id":45980,"href":"https:\/\/spaestonia.ee\/resort\/fi\/wp-json\/wp\/v2\/pages\/3235\/revisions\/45980"}],"up":[{"embeddable":true,"href":"https:\/\/spaestonia.ee\/resort\/fi\/wp-json\/wp\/v2\/pages\/447"}],"wp:attachment":[{"href":"https:\/\/spaestonia.ee\/resort\/fi\/wp-json\/wp\/v2\/media?parent=3235"}],"curies":[{"name":"wp","href":"https:\/\/api.w.org\/{rel}","templated":true}]}}