{"id":33686,"date":"2021-11-04T12:56:13","date_gmt":"2021-11-04T10:56:13","guid":{"rendered":"http:\/\/www.spaestonia.ee\/resort\/fi\/kupsiste-kasutamise-pohimotted\/"},"modified":"2021-11-29T16:40:11","modified_gmt":"2021-11-29T14:40:11","slug":"evastekaytannot","status":"publish","type":"page","link":"https:\/\/spaestonia.ee\/resort\/fi\/evastekaytannot\/","title":{"rendered":"EV\u00c4STEK\u00c4YT\u00c4NN\u00d6T"},"content":{"rendered":"<p>T\u00e4m\u00e4 verkkosivusto k\u00e4ytt\u00e4\u00e4 ev\u00e4steit\u00e4, joiden tarkoituksena on taata sivuston mukavampi ja yksil\u00f6llisempi k\u00e4ytt\u00f6. Jos jatkatte kotisivujemme k\u00e4ytt\u00f6\u00e4 tai suljette ev\u00e4steviestin, katsomme, ett\u00e4 olette suostunut ev\u00e4steiden k\u00e4ytt\u00f6\u00f6n. Tarkemmat tiedot kotisivuilla k\u00e4ytett\u00e4vist\u00e4 ev\u00e4steist\u00e4 saatte tutustumalla ev\u00e4stek\u00e4yt\u00e4nt\u00f6ihimme.<\/p>\n<h3><strong>Mik\u00e4 on ev\u00e4ste (englanniksi cookie)?<\/strong><\/h3>\n<ul>\n<li>Ev\u00e4steet ovat tekstitiedostoja, joita l\u00e4hett\u00e4v\u00e4t ja tallentavat k\u00e4ytt\u00e4j\u00e4n laitteelle t\u00e4m\u00e4n vierailemat verkkosivut. Ev\u00e4steet tallennetaan k\u00e4ytt\u00e4j\u00e4n verkkoselaimen tiedostohakemistoon. Jos k\u00e4ytt\u00e4j\u00e4 on vieraillut verkkosivulla aiemmin, verkkoselain lukee ev\u00e4steen ja l\u00e4hett\u00e4\u00e4 vastaavan tiedon verkkosivulle tai elementille, joka ev\u00e4steen alun perin tallensi. Lis\u00e4tietoa ev\u00e4steist\u00e4 saa verkkosivulta\u00a0<a href=\"http:\/\/www.aki.ee\/et\/kupsised\">http:\/\/www.aki.ee\/et\/kupsised<\/a><\/li>\n<li>Ev\u00e4steiden avulla voidaan seurata verkkosivustojen k\u00e4ytt\u00f6tilastoja, otsikoiden suosiota ja muita verkkosivustolla teht\u00e4vi\u00e4 toimenpiteit\u00e4. Ev\u00e4steist\u00e4 saatavia tietoja k\u00e4ytet\u00e4\u00e4n verkkosivujen k\u00e4ytt\u00f6mukavuuden ja sis\u00e4ll\u00f6n parantamiseksi.<\/li>\n<\/ul>\n<h3><strong>Ev\u00e4steiden k\u00e4ytt\u00f6<\/strong><\/h3>\n<ul>\n<li>Ev\u00e4steiden k\u00e4yt\u00f6n tarkoituksena on arvioida ja seurata ESTONIA Resort Hotel &amp; Spa verkkosivujen k\u00e4ytett\u00e4vyytt\u00e4. T\u00e4m\u00e4n tavoitteena on parantaa kotisivujen k\u00e4ytt\u00f6mukavuutta ja sis\u00e4lt\u00f6\u00e4 k\u00e4ytt\u00e4jien mieltymysten perusteella.<\/li>\n<li>ESTONIA Resort Hotel &amp; Spa verkkotunnus voi sis\u00e4lt\u00e4\u00e4 muun muassa elementtej\u00e4, jotka tallentavat ev\u00e4steit\u00e4 kolmansien osapuolten puolesta.<\/li>\n<\/ul>\n<h3><strong>Verkkosivustolla k\u00e4ytett\u00e4v\u00e4t ev\u00e4stetyypit<\/strong><\/h3>\n<ul>\n<li>Ev\u00e4steet voidaan jakaa kahteen perustyyppiin, lyhytaikaisiin eli istuntokohtaisiin ev\u00e4steisiin ja pysyviin ev\u00e4steisiin. Laite poistaa istuntokohtaiset ev\u00e4steet, kun verkkoselain suljetaan. Pysyv\u00e4t ev\u00e4steet tallentuvat k\u00e4ytt\u00e4j\u00e4n laitteelle, kun verkkoselain suljetaan.<\/li>\n<li>Ev\u00e4steet voidaan my\u00f6s jakaa tekij\u00e4n eli ensimm\u00e4isen osapuolen ev\u00e4steisiin ja kolmansien osapuolten ev\u00e4steisiin. Ensimm\u00e4isen osapuolen ev\u00e4steiden avulla tallennamme tietoa, jota k\u00e4ytet\u00e4\u00e4n uudelleen, kun seuraavan kerran vierailette kotisivuillamme. Kolmannet osapuolet ovat tahoja, joita me k\u00e4yt\u00e4mme palvelujemme tarjoamiseen (esim. Google ja Facebook). T\u00e4llaisten ev\u00e4steiden avulla ker\u00e4t\u00e4\u00e4n tietoa esimerkiksi kotisivujen tilastoista ja mainoksista. Kolmansien osapuolten k\u00e4ytt\u00e4m\u00e4t ev\u00e4steet eiv\u00e4t ole hallinnassamme, vaan niiden k\u00e4ytt\u00f6 tapahtuu kolmansien osapuolten omien ev\u00e4stek\u00e4yt\u00e4nt\u00f6jen mukaisesti.<\/li>\n<li>Ev\u00e4steet jaetaan teknisiin ev\u00e4steisiin, analyyttisiin ev\u00e4steisiin, todentamisev\u00e4steisiin, mainosev\u00e4steisiin sek\u00e4 multimediaev\u00e4steisiin.<\/li>\n<\/ul>\n<p>Jos jatkatte kotisivujemme k\u00e4ytt\u00e4mist\u00e4, katsomme, ett\u00e4 olette antanut meille suostumuksen ev\u00e4steiden k\u00e4ytt\u00f6\u00f6n, tutustunut ev\u00e4stek\u00e4yt\u00e4nt\u00f6ihimme ja suostunut niihin. Pid\u00e4t\u00e4mme itsellemme oikeuden tarvittaessa yksipuolisesti muuttaa ev\u00e4stek\u00e4yt\u00e4nt\u00f6j\u00e4. Kun k\u00e4yt\u00e4tte verkkosivujamme, tarkistakaa t\u00e4lt\u00e4 sivulta ev\u00e4stek\u00e4yt\u00e4nt\u00f6jen uudistukset ja muutokset.<\/p>\n<h3><strong>Ev\u00e4steist\u00e4 kielt\u00e4ytyminen<\/strong><\/h3>\n<ul>\n<li>K\u00e4ytt\u00e4j\u00e4ll\u00e4 on oikeus kielt\u00e4\u00e4 ev\u00e4steiden tallentaminen laitteelleen. N\u00e4in halutessaan asiakkaan on muutettava verkkoselaimen asetuksia.<\/li>\n<li>Eri verkkoselaimet k\u00e4ytt\u00e4v\u00e4t erilaisia menetelmi\u00e4 ev\u00e4steiden est\u00e4miseen. Tarkemmat tiedot on annettu verkkosivulla\u00a0<a href=\"http:\/\/www.aki.ee\/et\/kupsised\">http:\/\/www.aki.ee\/et\/kupsised<\/a>\u00a0tai englanninkielisell\u00e4 sivulla\u00a0<a href=\"http:\/\/www.allaboutcookies.org\/\">http:\/\/www.allaboutcookies.org\/<\/a>.<\/li>\n<li>Ev\u00e4steet est\u00e4ess\u00e4\u00e4n on k\u00e4ytt\u00e4j\u00e4n otettava huomioon, ett\u00e4 kaikki verkkosivun toiminnot eiv\u00e4t sen j\u00e4lkeen ole v\u00e4ltt\u00e4m\u00e4tt\u00e4 en\u00e4\u00e4 k\u00e4ytt\u00e4j\u00e4n k\u00e4ytett\u00e4viss\u00e4.<\/li>\n<\/ul>\n","protected":false},"excerpt":{"rendered":"<p>T\u00e4m\u00e4 verkkosivusto k\u00e4ytt\u00e4\u00e4 ev\u00e4steit\u00e4, joiden tarkoituksena on taata sivuston mukavampi ja yksil\u00f6llisempi k\u00e4ytt\u00f6. Jos jatkatte&hellip;<\/p>\n","protected":false},"author":18,"featured_media":0,"parent":0,"menu_order":0,"comment_status":"closed","ping_status":"closed","template":"","meta":{"footnotes":""},"class_list":["post-33686","page","type-page","status-publish","hentry"],"yoast_head":"<!-- This site is optimized with the Yoast SEO plugin v26.7 - https:\/\/yoast.com\/wordpress\/plugins\/seo\/ -->\n<title>EV\u00c4STEK\u00c4YT\u00c4NN\u00d6T - ESTONIA Resort Hotel Spa<\/title>\n<meta name=\"robots\" content=\"index, follow, max-snippet:-1, max-image-preview:large, max-video-preview:-1\" \/>\n<link rel=\"canonical\" href=\"https:\/\/spaestonia.ee\/resort\/fi\/evastekaytannot\/\" \/>\n<meta property=\"og:locale\" content=\"fi_FI\" \/>\n<meta property=\"og:type\" content=\"article\" \/>\n<meta property=\"og:title\" content=\"EV\u00c4STEK\u00c4YT\u00c4NN\u00d6T - ESTONIA Resort Hotel Spa\" \/>\n<meta property=\"og:description\" content=\"T\u00e4m\u00e4 verkkosivusto k\u00e4ytt\u00e4\u00e4 ev\u00e4steit\u00e4, joiden tarkoituksena on taata sivuston mukavampi ja yksil\u00f6llisempi k\u00e4ytt\u00f6. Jos jatkatte&hellip;\" \/>\n<meta property=\"og:url\" content=\"https:\/\/spaestonia.ee\/resort\/fi\/evastekaytannot\/\" \/>\n<meta property=\"og:site_name\" content=\"ESTONIA Resort Hotel Spa\" \/>\n<meta property=\"article:publisher\" content=\"https:\/\/www.facebook.com\/EstoniaResortHotel\" \/>\n<meta property=\"article:modified_time\" content=\"2021-11-29T14:40:11+00:00\" \/>\n<meta name=\"twitter:card\" content=\"summary_large_image\" \/>\n<meta name=\"twitter:label1\" content=\"Arvioitu lukuaika\" \/>\n\t<meta name=\"twitter:data1\" content=\"3 minuuttia\" \/>\n<script type=\"application\/ld+json\" class=\"yoast-schema-graph\">{\"@context\":\"https:\/\/schema.org\",\"@graph\":[{\"@type\":\"WebPage\",\"@id\":\"https:\/\/spaestonia.ee\/resort\/fi\/evastekaytannot\/\",\"url\":\"https:\/\/spaestonia.ee\/resort\/fi\/evastekaytannot\/\",\"name\":\"EV\u00c4STEK\u00c4YT\u00c4NN\u00d6T - ESTONIA Resort Hotel Spa\",\"isPartOf\":{\"@id\":\"https:\/\/www.spaestonia.ee\/resort\/fi\/#website\"},\"datePublished\":\"2021-11-04T10:56:13+00:00\",\"dateModified\":\"2021-11-29T14:40:11+00:00\",\"breadcrumb\":{\"@id\":\"https:\/\/spaestonia.ee\/resort\/fi\/evastekaytannot\/#breadcrumb\"},\"inLanguage\":\"fi\",\"potentialAction\":[{\"@type\":\"ReadAction\",\"target\":[\"https:\/\/spaestonia.ee\/resort\/fi\/evastekaytannot\/\"]}]},{\"@type\":\"BreadcrumbList\",\"@id\":\"https:\/\/spaestonia.ee\/resort\/fi\/evastekaytannot\/#breadcrumb\",\"itemListElement\":[{\"@type\":\"ListItem\",\"position\":1,\"name\":\"Home\",\"item\":\"https:\/\/www.spaestonia.ee\/resort\/fi\/\"},{\"@type\":\"ListItem\",\"position\":2,\"name\":\"EV\u00c4STEK\u00c4YT\u00c4NN\u00d6T\"}]},{\"@type\":\"WebSite\",\"@id\":\"https:\/\/www.spaestonia.ee\/resort\/fi\/#website\",\"url\":\"https:\/\/www.spaestonia.ee\/resort\/fi\/\",\"name\":\"ESTONIA Resort Hotel Spa\",\"description\":\"E-WoW\",\"publisher\":{\"@id\":\"https:\/\/www.spaestonia.ee\/resort\/fi\/#organization\"},\"potentialAction\":[{\"@type\":\"SearchAction\",\"target\":{\"@type\":\"EntryPoint\",\"urlTemplate\":\"https:\/\/www.spaestonia.ee\/resort\/fi\/?s={search_term_string}\"},\"query-input\":{\"@type\":\"PropertyValueSpecification\",\"valueRequired\":true,\"valueName\":\"search_term_string\"}}],\"inLanguage\":\"fi\"},{\"@type\":\"Organization\",\"@id\":\"https:\/\/www.spaestonia.ee\/resort\/fi\/#organization\",\"name\":\"ESTONIA Resort Hotel Spa\",\"url\":\"https:\/\/www.spaestonia.ee\/resort\/fi\/\",\"logo\":{\"@type\":\"ImageObject\",\"inLanguage\":\"fi\",\"@id\":\"https:\/\/www.spaestonia.ee\/resort\/fi\/#\/schema\/logo\/image\/\",\"url\":\"https:\/\/www.spaestonia.ee\/resort\/wp-content\/uploads\/2025\/02\/resort-hotel-estonia.png\",\"contentUrl\":\"https:\/\/www.spaestonia.ee\/resort\/wp-content\/uploads\/2025\/02\/resort-hotel-estonia.png\",\"width\":400,\"height\":173,\"caption\":\"ESTONIA Resort Hotel Spa\"},\"image\":{\"@id\":\"https:\/\/www.spaestonia.ee\/resort\/fi\/#\/schema\/logo\/image\/\"},\"sameAs\":[\"https:\/\/www.facebook.com\/EstoniaResortHotel\"]}]}<\/script>\n<!-- \/ Yoast SEO plugin. -->","yoast_head_json":{"title":"EV\u00c4STEK\u00c4YT\u00c4NN\u00d6T - ESTONIA Resort Hotel Spa","robots":{"index":"index","follow":"follow","max-snippet":"max-snippet:-1","max-image-preview":"max-image-preview:large","max-video-preview":"max-video-preview:-1"},"canonical":"https:\/\/spaestonia.ee\/resort\/fi\/evastekaytannot\/","og_locale":"fi_FI","og_type":"article","og_title":"EV\u00c4STEK\u00c4YT\u00c4NN\u00d6T - ESTONIA Resort Hotel Spa","og_description":"T\u00e4m\u00e4 verkkosivusto k\u00e4ytt\u00e4\u00e4 ev\u00e4steit\u00e4, joiden tarkoituksena on taata sivuston mukavampi ja yksil\u00f6llisempi k\u00e4ytt\u00f6. Jos jatkatte&hellip;","og_url":"https:\/\/spaestonia.ee\/resort\/fi\/evastekaytannot\/","og_site_name":"ESTONIA Resort Hotel Spa","article_publisher":"https:\/\/www.facebook.com\/EstoniaResortHotel","article_modified_time":"2021-11-29T14:40:11+00:00","twitter_card":"summary_large_image","twitter_misc":{"Arvioitu lukuaika":"3 minuuttia"},"schema":{"@context":"https:\/\/schema.org","@graph":[{"@type":"WebPage","@id":"https:\/\/spaestonia.ee\/resort\/fi\/evastekaytannot\/","url":"https:\/\/spaestonia.ee\/resort\/fi\/evastekaytannot\/","name":"EV\u00c4STEK\u00c4YT\u00c4NN\u00d6T - ESTONIA Resort Hotel Spa","isPartOf":{"@id":"https:\/\/www.spaestonia.ee\/resort\/fi\/#website"},"datePublished":"2021-11-04T10:56:13+00:00","dateModified":"2021-11-29T14:40:11+00:00","breadcrumb":{"@id":"https:\/\/spaestonia.ee\/resort\/fi\/evastekaytannot\/#breadcrumb"},"inLanguage":"fi","potentialAction":[{"@type":"ReadAction","target":["https:\/\/spaestonia.ee\/resort\/fi\/evastekaytannot\/"]}]},{"@type":"BreadcrumbList","@id":"https:\/\/spaestonia.ee\/resort\/fi\/evastekaytannot\/#breadcrumb","itemListElement":[{"@type":"ListItem","position":1,"name":"Home","item":"https:\/\/www.spaestonia.ee\/resort\/fi\/"},{"@type":"ListItem","position":2,"name":"EV\u00c4STEK\u00c4YT\u00c4NN\u00d6T"}]},{"@type":"WebSite","@id":"https:\/\/www.spaestonia.ee\/resort\/fi\/#website","url":"https:\/\/www.spaestonia.ee\/resort\/fi\/","name":"ESTONIA Resort Hotel Spa","description":"E-WoW","publisher":{"@id":"https:\/\/www.spaestonia.ee\/resort\/fi\/#organization"},"potentialAction":[{"@type":"SearchAction","target":{"@type":"EntryPoint","urlTemplate":"https:\/\/www.spaestonia.ee\/resort\/fi\/?s={search_term_string}"},"query-input":{"@type":"PropertyValueSpecification","valueRequired":true,"valueName":"search_term_string"}}],"inLanguage":"fi"},{"@type":"Organization","@id":"https:\/\/www.spaestonia.ee\/resort\/fi\/#organization","name":"ESTONIA Resort Hotel Spa","url":"https:\/\/www.spaestonia.ee\/resort\/fi\/","logo":{"@type":"ImageObject","inLanguage":"fi","@id":"https:\/\/www.spaestonia.ee\/resort\/fi\/#\/schema\/logo\/image\/","url":"https:\/\/www.spaestonia.ee\/resort\/wp-content\/uploads\/2025\/02\/resort-hotel-estonia.png","contentUrl":"https:\/\/www.spaestonia.ee\/resort\/wp-content\/uploads\/2025\/02\/resort-hotel-estonia.png","width":400,"height":173,"caption":"ESTONIA Resort Hotel Spa"},"image":{"@id":"https:\/\/www.spaestonia.ee\/resort\/fi\/#\/schema\/logo\/image\/"},"sameAs":["https:\/\/www.facebook.com\/EstoniaResortHotel"]}]}},"_links":{"self":[{"href":"https:\/\/spaestonia.ee\/resort\/fi\/wp-json\/wp\/v2\/pages\/33686","targetHints":{"allow":["GET"]}}],"collection":[{"href":"https:\/\/spaestonia.ee\/resort\/fi\/wp-json\/wp\/v2\/pages"}],"about":[{"href":"https:\/\/spaestonia.ee\/resort\/fi\/wp-json\/wp\/v2\/types\/page"}],"author":[{"embeddable":true,"href":"https:\/\/spaestonia.ee\/resort\/fi\/wp-json\/wp\/v2\/users\/18"}],"replies":[{"embeddable":true,"href":"https:\/\/spaestonia.ee\/resort\/fi\/wp-json\/wp\/v2\/comments?post=33686"}],"version-history":[{"count":2,"href":"https:\/\/spaestonia.ee\/resort\/fi\/wp-json\/wp\/v2\/pages\/33686\/revisions"}],"predecessor-version":[{"id":33689,"href":"https:\/\/spaestonia.ee\/resort\/fi\/wp-json\/wp\/v2\/pages\/33686\/revisions\/33689"}],"wp:attachment":[{"href":"https:\/\/spaestonia.ee\/resort\/fi\/wp-json\/wp\/v2\/media?parent=33686"}],"curies":[{"name":"wp","href":"https:\/\/api.w.org\/{rel}","templated":true}]}}