{"id":3946,"date":"2015-06-02T08:35:33","date_gmt":"2015-06-02T05:35:33","guid":{"rendered":"https:\/\/www.spaestonia.ee\/resort\/?page_id=3946"},"modified":"2025-06-06T11:47:40","modified_gmt":"2025-06-06T08:47:40","slug":"hoitopaketit","status":"publish","type":"page","link":"https:\/\/spaestonia.ee\/resort\/fi\/kylpylahoidot\/hoitopaketit\/","title":{"rendered":"HOITOPAKETIT"},"content":{"rendered":"<h2>Virolainen hoitopaketti 1<\/h2>\n<ul>\n<li>\n<h3>Laventeli-maitokylpy hunajalla<\/h3>\n<p>Maitokylpy kosteuttaa ja ravitsee ihoa erinomaisesti. Kuolleita ihosoluja poistamalla kylpy saa ihon tuntumaan raikkaammalta ja nuoremmalta. Kylpy sis\u00e4lt\u00e4\u00e4 ravintoaineita kuten E-vitamiinia ja sinkki\u00e4, jotka hidastavat vanhenemisprosessia ja saavat ihon tuntumaan kimmoisalta. Laventeli ja vanilja tasapainottavat ja rauhoittavat mielt\u00e4. Kesto 30 min<\/li>\n<\/ul>\n<ul>\n<li>\n<h3>Mehil\u00e4isvaha k\u00e4sihoito ja hartiahieronta<\/h3>\n<p>Mehil\u00e4isvaha-parafiininaamio k\u00e4sille, kesto 15 min, sek\u00e4 samalla hartia-niskahieronta kankaan l\u00e4vitse. Hoito p\u00e4\u00e4tet\u00e4\u00e4n k\u00e4sien kevyell\u00e4 pellava\u00f6ljyhieronnalla. Kesto 30 min.<\/li>\n<li>\n<h3>Voimistava rohtonyyttihieronta<\/h3>\n<p>Kokovartalohieronta l\u00e4mmitetyill\u00e4 rohtonyyteill\u00e4 yhdistettyn\u00e4 perinteisen virolaisen hieronnan menetelmiin. Kesto 60 min.<\/li>\n<\/ul>\n<p>Hinta: 131 \u20ac<\/p>\n<h2>Virolainen hoitopaketti 2<\/h2>\n<ul>\n<li>\n<h3>Ruiskaunokki-jalkahoito<\/h3>\n<p>Ylellisen jalkahoidon aluksi ruiskaunokki-jalkakylpy, sitten merisuola-nokkoskuorinta. Pedikyyri, hunaja-pellava\u00f6ljyhieronta sek\u00e4 naamio. Kesto 90 min.<\/li>\n<li>\n<h3>Keh\u00e4kukka-mehil\u00e4isvaha k\u00e4sihoito, manikyyri<\/h3>\n<p>Ylellinen k\u00e4si hoito alkaa magnesium-keh\u00e4kukka k\u00e4sihauteella, sitten perinteinen manikyyri sek\u00e4 kynsien hoito mehil\u00e4isvahalla ja pellava\u00f6ljyll\u00e4. Hoidon p\u00e4\u00e4tteeksi mehil\u00e4isvaha-parafiininaamio. Kesto 60 min.<\/li>\n<li>\n<h3>Virolainen voimapuu-vartalohoito<\/h3>\n<p>Vihtominen kuivalla vihdalla verenkierron elvytt\u00e4miseksi ja voimakas virolainen perinteinen hieronta pellavakankaan l\u00e4pi, sen j\u00e4lken hieronta hamppu-porkkana\u00f6ljyll\u00e4, kuorinta hanskalla. Hoiton p\u00e4\u00e4tteeksi rentouttava p\u00e4\u00e4hieronta. Kesto 90 min.<\/li>\n<\/ul>\n<p>Hinta: 185 \u20ac<\/p>\n<h2>Virolainen hoitopaketti 3, miehille<\/h2>\n<ul>\n<li>\n<h3>Magnesium-kotikaljakylpy<\/h3>\n<p>Magnesium on yksi elimist\u00f6n t\u00e4rkeimmist\u00e4 kivenn\u00e4isaineista, ja se vaikutta ratkaisevasti energiaa vaativissa elintoiminnoissa. L\u00e4mpim\u00e4ss\u00e4 kylvyss\u00e4 magnesium imeytyy kehoon eritt\u00e4in hyvin ihon kautta. Oluen sis\u00e4lt\u00e4m\u00e4t B-ryhm\u00e4n vitamiinit ovat hy\u00f6dyllisi\u00e4 hermostolle ja iholle. Kotikaljakylpy lievent\u00e4\u00e4 lihasj\u00e4nnityst\u00e4, pirist\u00e4\u00e4 ja antaa uutta energiaa. Kylvyn j\u00e4lkeen on iho upean tuntuinen ja olo mukava. Kesto 30 min.<\/li>\n<li>\n<h3>Hamppu\u00f6ljyhieronta<\/h3>\n<p>Hamppu\u00f6ljyhieronta tarjoaa koko vartaloa rentouttavan hieronnan hamppu\u00f6ljyll\u00e4. Hamppu on yksi vanhimmista kasveista, jota on vuosisatoja kasvatettu sen kest\u00e4v\u00e4n kuidun ja \u00f6ljyisten siementen saamiseksi. Hampun ulkoisella k\u00e4yt\u00f6ll\u00e4 on ik\u00e4\u00e4ntymist\u00e4 est\u00e4v\u00e4 vaikutus. Hoito sopii hampun siemeniss\u00e4 olevien vitamiinien ja \u00f6ljyjen vuoksi hyvin ihon kosteutukseen ja on omega3 -rasvahappojen vuoksi eritt\u00e4in tehokas luonnollinen rasvanpolttaja. Lievitt\u00e4\u00e4 urheilun seurauksena syntyneit\u00e4 lihasj\u00e4nnitteit\u00e4. Kesto 60 min.<\/li>\n<li>\n<h3>Ruiskaunokki-jalkahoito ja pedikyyri<\/h3>\n<p>Hemmotteleva ruiskaunokki-jalkahoito alkaa kylvyll\u00e4, sen j\u00e4lkeen tehd\u00e4\u00e4n kuorinta nokkosen ja merisuolan sekoituksella, sitten jalkahieronta hunaja-pellava\u00f6ljyll\u00e4 sek\u00e4 viimeiseksi naamio. Kesto 90 min.<\/li>\n<\/ul>\n<p>Hinta: 151 \u20ac<\/p>\n<hr \/>\n<h2>Lis\u00e4tietoja:<\/h2>\n<p>&#8211; Hoitopaketit ovat tarjolla sek\u00e4 hotellissa majoittuville asiakkaille ett\u00e4 muille. Majoitus lis\u00e4maksusta hotellihinnaston mukaisesti.<br \/>\n&#8211; Majoituksen ostanut asiakas saa k\u00e4ytt\u00e4\u00e4 pakettiin kuuluvia hoitoja hotellissa viipymisen aikana.<br \/>\n&#8211; Hoitoja on saatavilla rajoitetusti p\u00e4ivitt\u00e4in.<\/p>\n<p><strong>Yhteystiedot<\/strong>: e-mail\u00a0<a href=\"mailto:resort.spa@spaestonia.ee\">resort.spa@spaestonia.ee<\/a>, puh +372 440 1013<\/p>\n","protected":false},"excerpt":{"rendered":"<p>Virolainen hoitopaketti 1 Laventeli-maitokylpy hunajalla Maitokylpy kosteuttaa ja ravitsee ihoa erinomaisesti. Kuolleita ihosoluja poistamalla kylpy&hellip;<\/p>\n","protected":false},"author":1,"featured_media":0,"parent":2233,"menu_order":0,"comment_status":"closed","ping_status":"open","template":"page-nobron_page.php","meta":{"footnotes":""},"class_list":["post-3946","page","type-page","status-publish","hentry"],"yoast_head":"<!-- This site is optimized with the Yoast SEO plugin v26.7 - https:\/\/yoast.com\/wordpress\/plugins\/seo\/ -->\n<title>HOITOPAKETIT - ESTONIA Resort Hotel Spa<\/title>\n<meta name=\"robots\" content=\"index, follow, max-snippet:-1, max-image-preview:large, max-video-preview:-1\" \/>\n<link rel=\"canonical\" href=\"https:\/\/spaestonia.ee\/resort\/fi\/kylpylahoidot\/hoitopaketit\/\" \/>\n<meta property=\"og:locale\" content=\"fi_FI\" \/>\n<meta property=\"og:type\" content=\"article\" \/>\n<meta property=\"og:title\" content=\"HOITOPAKETIT - ESTONIA Resort Hotel Spa\" \/>\n<meta property=\"og:description\" content=\"Virolainen hoitopaketti 1 Laventeli-maitokylpy hunajalla Maitokylpy kosteuttaa ja ravitsee ihoa erinomaisesti. Kuolleita ihosoluja poistamalla kylpy&hellip;\" \/>\n<meta property=\"og:url\" content=\"https:\/\/spaestonia.ee\/resort\/fi\/kylpylahoidot\/hoitopaketit\/\" \/>\n<meta property=\"og:site_name\" content=\"ESTONIA Resort Hotel Spa\" \/>\n<meta property=\"article:publisher\" content=\"https:\/\/www.facebook.com\/EstoniaResortHotel\" \/>\n<meta property=\"article:modified_time\" content=\"2025-06-06T08:47:40+00:00\" \/>\n<meta name=\"twitter:card\" content=\"summary_large_image\" \/>\n<meta name=\"twitter:label1\" content=\"Arvioitu lukuaika\" \/>\n\t<meta name=\"twitter:data1\" content=\"3 minuuttia\" \/>\n<script type=\"application\/ld+json\" class=\"yoast-schema-graph\">{\"@context\":\"https:\/\/schema.org\",\"@graph\":[{\"@type\":\"WebPage\",\"@id\":\"https:\/\/spaestonia.ee\/resort\/fi\/kylpylahoidot\/hoitopaketit\/\",\"url\":\"https:\/\/spaestonia.ee\/resort\/fi\/kylpylahoidot\/hoitopaketit\/\",\"name\":\"HOITOPAKETIT - ESTONIA Resort Hotel Spa\",\"isPartOf\":{\"@id\":\"https:\/\/www.spaestonia.ee\/resort\/fi\/#website\"},\"datePublished\":\"2015-06-02T05:35:33+00:00\",\"dateModified\":\"2025-06-06T08:47:40+00:00\",\"breadcrumb\":{\"@id\":\"https:\/\/spaestonia.ee\/resort\/fi\/kylpylahoidot\/hoitopaketit\/#breadcrumb\"},\"inLanguage\":\"fi\",\"potentialAction\":[{\"@type\":\"ReadAction\",\"target\":[\"https:\/\/spaestonia.ee\/resort\/fi\/kylpylahoidot\/hoitopaketit\/\"]}]},{\"@type\":\"BreadcrumbList\",\"@id\":\"https:\/\/spaestonia.ee\/resort\/fi\/kylpylahoidot\/hoitopaketit\/#breadcrumb\",\"itemListElement\":[{\"@type\":\"ListItem\",\"position\":1,\"name\":\"Home\",\"item\":\"https:\/\/www.spaestonia.ee\/resort\/fi\/\"},{\"@type\":\"ListItem\",\"position\":2,\"name\":\"Kylpyl\u00e4hoidot\",\"item\":\"https:\/\/spaestonia.ee\/resort\/fi\/kylpylahoidot\/\"},{\"@type\":\"ListItem\",\"position\":3,\"name\":\"HOITOPAKETIT\"}]},{\"@type\":\"WebSite\",\"@id\":\"https:\/\/www.spaestonia.ee\/resort\/fi\/#website\",\"url\":\"https:\/\/www.spaestonia.ee\/resort\/fi\/\",\"name\":\"ESTONIA Resort Hotel Spa\",\"description\":\"E-WoW\",\"publisher\":{\"@id\":\"https:\/\/www.spaestonia.ee\/resort\/fi\/#organization\"},\"potentialAction\":[{\"@type\":\"SearchAction\",\"target\":{\"@type\":\"EntryPoint\",\"urlTemplate\":\"https:\/\/www.spaestonia.ee\/resort\/fi\/?s={search_term_string}\"},\"query-input\":{\"@type\":\"PropertyValueSpecification\",\"valueRequired\":true,\"valueName\":\"search_term_string\"}}],\"inLanguage\":\"fi\"},{\"@type\":\"Organization\",\"@id\":\"https:\/\/www.spaestonia.ee\/resort\/fi\/#organization\",\"name\":\"ESTONIA Resort Hotel Spa\",\"url\":\"https:\/\/www.spaestonia.ee\/resort\/fi\/\",\"logo\":{\"@type\":\"ImageObject\",\"inLanguage\":\"fi\",\"@id\":\"https:\/\/www.spaestonia.ee\/resort\/fi\/#\/schema\/logo\/image\/\",\"url\":\"https:\/\/www.spaestonia.ee\/resort\/wp-content\/uploads\/2025\/02\/resort-hotel-estonia.png\",\"contentUrl\":\"https:\/\/www.spaestonia.ee\/resort\/wp-content\/uploads\/2025\/02\/resort-hotel-estonia.png\",\"width\":400,\"height\":173,\"caption\":\"ESTONIA Resort Hotel Spa\"},\"image\":{\"@id\":\"https:\/\/www.spaestonia.ee\/resort\/fi\/#\/schema\/logo\/image\/\"},\"sameAs\":[\"https:\/\/www.facebook.com\/EstoniaResortHotel\"]}]}<\/script>\n<!-- \/ Yoast SEO plugin. -->","yoast_head_json":{"title":"HOITOPAKETIT - ESTONIA Resort Hotel Spa","robots":{"index":"index","follow":"follow","max-snippet":"max-snippet:-1","max-image-preview":"max-image-preview:large","max-video-preview":"max-video-preview:-1"},"canonical":"https:\/\/spaestonia.ee\/resort\/fi\/kylpylahoidot\/hoitopaketit\/","og_locale":"fi_FI","og_type":"article","og_title":"HOITOPAKETIT - ESTONIA Resort Hotel Spa","og_description":"Virolainen hoitopaketti 1 Laventeli-maitokylpy hunajalla Maitokylpy kosteuttaa ja ravitsee ihoa erinomaisesti. Kuolleita ihosoluja poistamalla kylpy&hellip;","og_url":"https:\/\/spaestonia.ee\/resort\/fi\/kylpylahoidot\/hoitopaketit\/","og_site_name":"ESTONIA Resort Hotel Spa","article_publisher":"https:\/\/www.facebook.com\/EstoniaResortHotel","article_modified_time":"2025-06-06T08:47:40+00:00","twitter_card":"summary_large_image","twitter_misc":{"Arvioitu lukuaika":"3 minuuttia"},"schema":{"@context":"https:\/\/schema.org","@graph":[{"@type":"WebPage","@id":"https:\/\/spaestonia.ee\/resort\/fi\/kylpylahoidot\/hoitopaketit\/","url":"https:\/\/spaestonia.ee\/resort\/fi\/kylpylahoidot\/hoitopaketit\/","name":"HOITOPAKETIT - ESTONIA Resort Hotel Spa","isPartOf":{"@id":"https:\/\/www.spaestonia.ee\/resort\/fi\/#website"},"datePublished":"2015-06-02T05:35:33+00:00","dateModified":"2025-06-06T08:47:40+00:00","breadcrumb":{"@id":"https:\/\/spaestonia.ee\/resort\/fi\/kylpylahoidot\/hoitopaketit\/#breadcrumb"},"inLanguage":"fi","potentialAction":[{"@type":"ReadAction","target":["https:\/\/spaestonia.ee\/resort\/fi\/kylpylahoidot\/hoitopaketit\/"]}]},{"@type":"BreadcrumbList","@id":"https:\/\/spaestonia.ee\/resort\/fi\/kylpylahoidot\/hoitopaketit\/#breadcrumb","itemListElement":[{"@type":"ListItem","position":1,"name":"Home","item":"https:\/\/www.spaestonia.ee\/resort\/fi\/"},{"@type":"ListItem","position":2,"name":"Kylpyl\u00e4hoidot","item":"https:\/\/spaestonia.ee\/resort\/fi\/kylpylahoidot\/"},{"@type":"ListItem","position":3,"name":"HOITOPAKETIT"}]},{"@type":"WebSite","@id":"https:\/\/www.spaestonia.ee\/resort\/fi\/#website","url":"https:\/\/www.spaestonia.ee\/resort\/fi\/","name":"ESTONIA Resort Hotel Spa","description":"E-WoW","publisher":{"@id":"https:\/\/www.spaestonia.ee\/resort\/fi\/#organization"},"potentialAction":[{"@type":"SearchAction","target":{"@type":"EntryPoint","urlTemplate":"https:\/\/www.spaestonia.ee\/resort\/fi\/?s={search_term_string}"},"query-input":{"@type":"PropertyValueSpecification","valueRequired":true,"valueName":"search_term_string"}}],"inLanguage":"fi"},{"@type":"Organization","@id":"https:\/\/www.spaestonia.ee\/resort\/fi\/#organization","name":"ESTONIA Resort Hotel Spa","url":"https:\/\/www.spaestonia.ee\/resort\/fi\/","logo":{"@type":"ImageObject","inLanguage":"fi","@id":"https:\/\/www.spaestonia.ee\/resort\/fi\/#\/schema\/logo\/image\/","url":"https:\/\/www.spaestonia.ee\/resort\/wp-content\/uploads\/2025\/02\/resort-hotel-estonia.png","contentUrl":"https:\/\/www.spaestonia.ee\/resort\/wp-content\/uploads\/2025\/02\/resort-hotel-estonia.png","width":400,"height":173,"caption":"ESTONIA Resort Hotel Spa"},"image":{"@id":"https:\/\/www.spaestonia.ee\/resort\/fi\/#\/schema\/logo\/image\/"},"sameAs":["https:\/\/www.facebook.com\/EstoniaResortHotel"]}]}},"_links":{"self":[{"href":"https:\/\/spaestonia.ee\/resort\/fi\/wp-json\/wp\/v2\/pages\/3946","targetHints":{"allow":["GET"]}}],"collection":[{"href":"https:\/\/spaestonia.ee\/resort\/fi\/wp-json\/wp\/v2\/pages"}],"about":[{"href":"https:\/\/spaestonia.ee\/resort\/fi\/wp-json\/wp\/v2\/types\/page"}],"author":[{"embeddable":true,"href":"https:\/\/spaestonia.ee\/resort\/fi\/wp-json\/wp\/v2\/users\/1"}],"replies":[{"embeddable":true,"href":"https:\/\/spaestonia.ee\/resort\/fi\/wp-json\/wp\/v2\/comments?post=3946"}],"version-history":[{"count":16,"href":"https:\/\/spaestonia.ee\/resort\/fi\/wp-json\/wp\/v2\/pages\/3946\/revisions"}],"predecessor-version":[{"id":44735,"href":"https:\/\/spaestonia.ee\/resort\/fi\/wp-json\/wp\/v2\/pages\/3946\/revisions\/44735"}],"up":[{"embeddable":true,"href":"https:\/\/spaestonia.ee\/resort\/fi\/wp-json\/wp\/v2\/pages\/2233"}],"wp:attachment":[{"href":"https:\/\/spaestonia.ee\/resort\/fi\/wp-json\/wp\/v2\/media?parent=3946"}],"curies":[{"name":"wp","href":"https:\/\/api.w.org\/{rel}","templated":true}]}}