{"id":42136,"date":"2024-06-06T09:29:46","date_gmt":"2024-06-06T06:29:46","guid":{"rendered":"https:\/\/www.spaestonia.ee\/resort\/?page_id=42136"},"modified":"2025-08-25T09:05:17","modified_gmt":"2025-08-25T06:05:17","slug":"aamiainen","status":"publish","type":"page","link":"https:\/\/spaestonia.ee\/resort\/fi\/ravintola\/aamiainen\/","title":{"rendered":"Aamiainen"},"content":{"rendered":"<h3>Paras aloitus p\u00e4iv\u00e4lle. Herkullinen ja ravitseva aamiainen antaa sinulle loistavan alun upealle p\u00e4iv\u00e4lle.<\/h3>\n<p><strong>Runsas buffetaamiainen tarjoillaan:<\/strong><br \/>\nMa-Pe klo 7-10<br \/>\nLa-Su ja Viron kansallis- ja valtiollisina juhlap\u00e4ivin\u00e4 klo 7.30-10.30<\/p>\n<p>Hotellivieraille aamiainen sis\u00e4ltyy huoneen hintaan.<br \/>\nAamiaisen hinta vieraille, jotka eiv\u00e4t y\u00f6py hotellissa, on 19 \u20ac\/hl\u00f6, 12 \u20ac 4-14-vuotiaille lapsille.<\/p>\n<div class='gallery-article'><ul id='gallery-article0' class='list gallery-list galleryid-0 gallery-columns-4 gallery-size-thumbnail'><li class='gallery-item'>\n\t\t<p class='gallery-icon'>\n\t\t<a href='https:\/\/spaestonia.ee\/resort\/wp-content\/uploads\/2024\/06\/Restoran-NOOT_hommikusook-6.jpg' title=\"\" data-rl_title=\"\" class=\"rl-gallery-link\" data-rl_caption=\"\" data-rel=\"lightbox-gallery-0\"><img loading=\"lazy\" decoding=\"async\" width=\"300\" height=\"300\" src=\"https:\/\/spaestonia.ee\/resort\/wp-content\/uploads\/2024\/06\/Restoran-NOOT_hommikusook-6-300x300.jpg\" class=\"attachment-thumbnail size-thumbnail\" alt=\"Hommikus\u00f6\u00f6k\" srcset=\"https:\/\/spaestonia.ee\/resort\/wp-content\/uploads\/2024\/06\/Restoran-NOOT_hommikusook-6-300x300.jpg 300w, https:\/\/spaestonia.ee\/resort\/wp-content\/uploads\/2024\/06\/Restoran-NOOT_hommikusook-6-181x181.jpg 181w\" sizes=\"auto, (max-width: 300px) 100vw, 300px\" \/><\/a>\n\t\t<\/p><\/li><li class='gallery-item'>\n\t\t<p class='gallery-icon'>\n\t\t<a href='https:\/\/spaestonia.ee\/resort\/wp-content\/uploads\/2024\/06\/Restoran-NOOT_hommikusook-8.jpg' title=\"\" data-rl_title=\"\" class=\"rl-gallery-link\" data-rl_caption=\"\" data-rel=\"lightbox-gallery-0\"><img loading=\"lazy\" decoding=\"async\" width=\"300\" height=\"300\" src=\"https:\/\/spaestonia.ee\/resort\/wp-content\/uploads\/2024\/06\/Restoran-NOOT_hommikusook-8-300x300.jpg\" class=\"attachment-thumbnail size-thumbnail\" alt=\"Hommikus\u00f6\u00f6k\" srcset=\"https:\/\/spaestonia.ee\/resort\/wp-content\/uploads\/2024\/06\/Restoran-NOOT_hommikusook-8-300x300.jpg 300w, https:\/\/spaestonia.ee\/resort\/wp-content\/uploads\/2024\/06\/Restoran-NOOT_hommikusook-8-181x181.jpg 181w\" sizes=\"auto, (max-width: 300px) 100vw, 300px\" \/><\/a>\n\t\t<\/p><\/li><li class='gallery-item'>\n\t\t<p class='gallery-icon'>\n\t\t<a href='https:\/\/spaestonia.ee\/resort\/wp-content\/uploads\/2024\/06\/Restoran-NOOT_hommikusook-7.jpg' title=\"\" data-rl_title=\"\" class=\"rl-gallery-link\" data-rl_caption=\"\" data-rel=\"lightbox-gallery-0\"><img loading=\"lazy\" decoding=\"async\" width=\"300\" height=\"300\" src=\"https:\/\/spaestonia.ee\/resort\/wp-content\/uploads\/2024\/06\/Restoran-NOOT_hommikusook-7-300x300.jpg\" class=\"attachment-thumbnail size-thumbnail\" alt=\"Hommikus\u00f6\u00f6k\" srcset=\"https:\/\/spaestonia.ee\/resort\/wp-content\/uploads\/2024\/06\/Restoran-NOOT_hommikusook-7-300x300.jpg 300w, https:\/\/spaestonia.ee\/resort\/wp-content\/uploads\/2024\/06\/Restoran-NOOT_hommikusook-7-181x181.jpg 181w\" sizes=\"auto, (max-width: 300px) 100vw, 300px\" \/><\/a>\n\t\t<\/p><\/li><li class='gallery-item'>\n\t\t<p class='gallery-icon'>\n\t\t<a href='https:\/\/spaestonia.ee\/resort\/wp-content\/uploads\/2024\/06\/Restoran-NOOT_hommikusook-12.jpg' title=\"\" data-rl_title=\"\" class=\"rl-gallery-link\" data-rl_caption=\"\" data-rel=\"lightbox-gallery-0\"><img loading=\"lazy\" decoding=\"async\" width=\"300\" height=\"300\" src=\"https:\/\/spaestonia.ee\/resort\/wp-content\/uploads\/2024\/06\/Restoran-NOOT_hommikusook-12-300x300.jpg\" class=\"attachment-thumbnail size-thumbnail\" alt=\"Hommikus\u00f6\u00f6k\" srcset=\"https:\/\/spaestonia.ee\/resort\/wp-content\/uploads\/2024\/06\/Restoran-NOOT_hommikusook-12-300x300.jpg 300w, https:\/\/spaestonia.ee\/resort\/wp-content\/uploads\/2024\/06\/Restoran-NOOT_hommikusook-12-181x181.jpg 181w\" sizes=\"auto, (max-width: 300px) 100vw, 300px\" \/><\/a>\n\t\t<\/p><\/li><li class='gallery-item'>\n\t\t<p class='gallery-icon'>\n\t\t<a href='https:\/\/spaestonia.ee\/resort\/wp-content\/uploads\/2024\/06\/Restoran-NOOT_hommikusook-10.jpg' title=\"\" data-rl_title=\"\" class=\"rl-gallery-link\" data-rl_caption=\"\" data-rel=\"lightbox-gallery-0\"><img loading=\"lazy\" decoding=\"async\" width=\"300\" height=\"300\" src=\"https:\/\/spaestonia.ee\/resort\/wp-content\/uploads\/2024\/06\/Restoran-NOOT_hommikusook-10-300x300.jpg\" class=\"attachment-thumbnail size-thumbnail\" alt=\"Hommikus\u00f6\u00f6k\" srcset=\"https:\/\/spaestonia.ee\/resort\/wp-content\/uploads\/2024\/06\/Restoran-NOOT_hommikusook-10-300x300.jpg 300w, https:\/\/spaestonia.ee\/resort\/wp-content\/uploads\/2024\/06\/Restoran-NOOT_hommikusook-10-181x181.jpg 181w\" sizes=\"auto, (max-width: 300px) 100vw, 300px\" \/><\/a>\n\t\t<\/p><\/li><li class='gallery-item'>\n\t\t<p class='gallery-icon'>\n\t\t<a href='https:\/\/spaestonia.ee\/resort\/wp-content\/uploads\/2024\/06\/Restoran-NOOT_hommikusook-13.jpg' title=\"\" data-rl_title=\"\" class=\"rl-gallery-link\" data-rl_caption=\"\" data-rel=\"lightbox-gallery-0\"><img loading=\"lazy\" decoding=\"async\" width=\"300\" height=\"300\" src=\"https:\/\/spaestonia.ee\/resort\/wp-content\/uploads\/2024\/06\/Restoran-NOOT_hommikusook-13-300x300.jpg\" class=\"attachment-thumbnail size-thumbnail\" alt=\"Hommikus\u00f6\u00f6k\" srcset=\"https:\/\/spaestonia.ee\/resort\/wp-content\/uploads\/2024\/06\/Restoran-NOOT_hommikusook-13-300x300.jpg 300w, https:\/\/spaestonia.ee\/resort\/wp-content\/uploads\/2024\/06\/Restoran-NOOT_hommikusook-13-181x181.jpg 181w\" sizes=\"auto, (max-width: 300px) 100vw, 300px\" \/><\/a>\n\t\t<\/p><\/li><li class='gallery-item'>\n\t\t<p class='gallery-icon'>\n\t\t<a href='https:\/\/spaestonia.ee\/resort\/wp-content\/uploads\/2024\/06\/Restoran-NOOT_hommikusook-21.jpg' title=\"\" data-rl_title=\"\" class=\"rl-gallery-link\" data-rl_caption=\"\" data-rel=\"lightbox-gallery-0\"><img loading=\"lazy\" decoding=\"async\" width=\"300\" height=\"300\" src=\"https:\/\/spaestonia.ee\/resort\/wp-content\/uploads\/2024\/06\/Restoran-NOOT_hommikusook-21-300x300.jpg\" class=\"attachment-thumbnail size-thumbnail\" alt=\"Hommikus\u00f6\u00f6k\" srcset=\"https:\/\/spaestonia.ee\/resort\/wp-content\/uploads\/2024\/06\/Restoran-NOOT_hommikusook-21-300x300.jpg 300w, https:\/\/spaestonia.ee\/resort\/wp-content\/uploads\/2024\/06\/Restoran-NOOT_hommikusook-21-181x181.jpg 181w\" sizes=\"auto, (max-width: 300px) 100vw, 300px\" \/><\/a>\n\t\t<\/p><\/li><li class='gallery-item'>\n\t\t<p class='gallery-icon'>\n\t\t<a href='https:\/\/spaestonia.ee\/resort\/wp-content\/uploads\/2024\/06\/Restoran-NOOT_hommikusook-3.jpg' title=\"\" data-rl_title=\"\" class=\"rl-gallery-link\" data-rl_caption=\"\" data-rel=\"lightbox-gallery-0\"><img loading=\"lazy\" decoding=\"async\" width=\"300\" height=\"300\" src=\"https:\/\/spaestonia.ee\/resort\/wp-content\/uploads\/2024\/06\/Restoran-NOOT_hommikusook-3-300x300.jpg\" class=\"attachment-thumbnail size-thumbnail\" alt=\"Hommikus\u00f6\u00f6k\" srcset=\"https:\/\/spaestonia.ee\/resort\/wp-content\/uploads\/2024\/06\/Restoran-NOOT_hommikusook-3-300x300.jpg 300w, https:\/\/spaestonia.ee\/resort\/wp-content\/uploads\/2024\/06\/Restoran-NOOT_hommikusook-3-181x181.jpg 181w\" sizes=\"auto, (max-width: 300px) 100vw, 300px\" \/><\/a>\n\t\t<\/p><\/li><li class='gallery-item'>\n\t\t<p class='gallery-icon'>\n\t\t<a href='https:\/\/spaestonia.ee\/resort\/wp-content\/uploads\/2024\/06\/Restoran-NOOT_hommikusook-22.jpg' title=\"\" data-rl_title=\"\" class=\"rl-gallery-link\" data-rl_caption=\"\" data-rel=\"lightbox-gallery-0\"><img loading=\"lazy\" decoding=\"async\" width=\"300\" height=\"300\" src=\"https:\/\/spaestonia.ee\/resort\/wp-content\/uploads\/2024\/06\/Restoran-NOOT_hommikusook-22-300x300.jpg\" class=\"attachment-thumbnail size-thumbnail\" alt=\"Hommikus\u00f6\u00f6k\" srcset=\"https:\/\/spaestonia.ee\/resort\/wp-content\/uploads\/2024\/06\/Restoran-NOOT_hommikusook-22-300x300.jpg 300w, https:\/\/spaestonia.ee\/resort\/wp-content\/uploads\/2024\/06\/Restoran-NOOT_hommikusook-22-181x181.jpg 181w\" sizes=\"auto, (max-width: 300px) 100vw, 300px\" \/><\/a>\n\t\t<\/p><\/li><li class='gallery-item'>\n\t\t<p class='gallery-icon'>\n\t\t<a href='https:\/\/spaestonia.ee\/resort\/wp-content\/uploads\/2024\/06\/Restoran-NOOT_hommikusook-23.jpg' title=\"\" data-rl_title=\"\" class=\"rl-gallery-link\" data-rl_caption=\"\" data-rel=\"lightbox-gallery-0\"><img loading=\"lazy\" decoding=\"async\" width=\"300\" height=\"300\" src=\"https:\/\/spaestonia.ee\/resort\/wp-content\/uploads\/2024\/06\/Restoran-NOOT_hommikusook-23-300x300.jpg\" class=\"attachment-thumbnail size-thumbnail\" alt=\"Hommikus\u00f6\u00f6k\" srcset=\"https:\/\/spaestonia.ee\/resort\/wp-content\/uploads\/2024\/06\/Restoran-NOOT_hommikusook-23-300x300.jpg 300w, https:\/\/spaestonia.ee\/resort\/wp-content\/uploads\/2024\/06\/Restoran-NOOT_hommikusook-23-181x181.jpg 181w\" sizes=\"auto, (max-width: 300px) 100vw, 300px\" \/><\/a>\n\t\t<\/p><\/li><li class='gallery-item'>\n\t\t<p class='gallery-icon'>\n\t\t<a href='https:\/\/spaestonia.ee\/resort\/wp-content\/uploads\/2024\/06\/Restoran-NOOT_hommikusook-4.jpg' title=\"\" data-rl_title=\"\" class=\"rl-gallery-link\" data-rl_caption=\"\" data-rel=\"lightbox-gallery-0\"><img loading=\"lazy\" decoding=\"async\" width=\"300\" height=\"300\" src=\"https:\/\/spaestonia.ee\/resort\/wp-content\/uploads\/2024\/06\/Restoran-NOOT_hommikusook-4-300x300.jpg\" class=\"attachment-thumbnail size-thumbnail\" alt=\"Hommikus\u00f6\u00f6k\" srcset=\"https:\/\/spaestonia.ee\/resort\/wp-content\/uploads\/2024\/06\/Restoran-NOOT_hommikusook-4-300x300.jpg 300w, https:\/\/spaestonia.ee\/resort\/wp-content\/uploads\/2024\/06\/Restoran-NOOT_hommikusook-4-181x181.jpg 181w\" sizes=\"auto, (max-width: 300px) 100vw, 300px\" \/><\/a>\n\t\t<\/p><\/li><li class='gallery-item'>\n\t\t<p class='gallery-icon'>\n\t\t<a href='https:\/\/spaestonia.ee\/resort\/wp-content\/uploads\/2024\/06\/Restoran-NOOT_hommikusook-2.jpg' title=\"\" data-rl_title=\"\" class=\"rl-gallery-link\" data-rl_caption=\"\" data-rel=\"lightbox-gallery-0\"><img loading=\"lazy\" decoding=\"async\" width=\"300\" height=\"300\" src=\"https:\/\/spaestonia.ee\/resort\/wp-content\/uploads\/2024\/06\/Restoran-NOOT_hommikusook-2-300x300.jpg\" class=\"attachment-thumbnail size-thumbnail\" alt=\"Hommikus\u00f6\u00f6k\" srcset=\"https:\/\/spaestonia.ee\/resort\/wp-content\/uploads\/2024\/06\/Restoran-NOOT_hommikusook-2-300x300.jpg 300w, https:\/\/spaestonia.ee\/resort\/wp-content\/uploads\/2024\/06\/Restoran-NOOT_hommikusook-2-181x181.jpg 181w\" sizes=\"auto, (max-width: 300px) 100vw, 300px\" \/><\/a>\n\t\t<\/p><\/li><li class='gallery-item'>\n\t\t<p class='gallery-icon'>\n\t\t<a href='https:\/\/spaestonia.ee\/resort\/wp-content\/uploads\/2024\/06\/Restoran-NOOT_hommikusook-35.jpg' title=\"\" data-rl_title=\"\" class=\"rl-gallery-link\" data-rl_caption=\"\" data-rel=\"lightbox-gallery-0\"><img loading=\"lazy\" decoding=\"async\" width=\"300\" height=\"300\" src=\"https:\/\/spaestonia.ee\/resort\/wp-content\/uploads\/2024\/06\/Restoran-NOOT_hommikusook-35-300x300.jpg\" class=\"attachment-thumbnail size-thumbnail\" alt=\"Hommikus\u00f6\u00f6k\" srcset=\"https:\/\/spaestonia.ee\/resort\/wp-content\/uploads\/2024\/06\/Restoran-NOOT_hommikusook-35-300x300.jpg 300w, https:\/\/spaestonia.ee\/resort\/wp-content\/uploads\/2024\/06\/Restoran-NOOT_hommikusook-35-181x181.jpg 181w\" sizes=\"auto, (max-width: 300px) 100vw, 300px\" \/><\/a>\n\t\t<\/p><\/li><li class='gallery-item'>\n\t\t<p class='gallery-icon'>\n\t\t<a href='https:\/\/spaestonia.ee\/resort\/wp-content\/uploads\/2024\/06\/Restoran-NOOT_hommikusook-18.jpg' title=\"\" data-rl_title=\"\" class=\"rl-gallery-link\" data-rl_caption=\"\" data-rel=\"lightbox-gallery-0\"><img loading=\"lazy\" decoding=\"async\" width=\"300\" height=\"300\" src=\"https:\/\/spaestonia.ee\/resort\/wp-content\/uploads\/2024\/06\/Restoran-NOOT_hommikusook-18-300x300.jpg\" class=\"attachment-thumbnail size-thumbnail\" alt=\"Hommikus\u00f6\u00f6k\" srcset=\"https:\/\/spaestonia.ee\/resort\/wp-content\/uploads\/2024\/06\/Restoran-NOOT_hommikusook-18-300x300.jpg 300w, https:\/\/spaestonia.ee\/resort\/wp-content\/uploads\/2024\/06\/Restoran-NOOT_hommikusook-18-181x181.jpg 181w\" sizes=\"auto, (max-width: 300px) 100vw, 300px\" \/><\/a>\n\t\t<\/p><\/li><li class='gallery-item'>\n\t\t<p class='gallery-icon'>\n\t\t<a href='https:\/\/spaestonia.ee\/resort\/wp-content\/uploads\/2024\/06\/Restoran-NOOT_hommikusook-26.jpg' title=\"\" data-rl_title=\"\" class=\"rl-gallery-link\" data-rl_caption=\"\" data-rel=\"lightbox-gallery-0\"><img loading=\"lazy\" decoding=\"async\" width=\"300\" height=\"300\" src=\"https:\/\/spaestonia.ee\/resort\/wp-content\/uploads\/2024\/06\/Restoran-NOOT_hommikusook-26-300x300.jpg\" class=\"attachment-thumbnail size-thumbnail\" alt=\"Hommikus\u00f6\u00f6k\" srcset=\"https:\/\/spaestonia.ee\/resort\/wp-content\/uploads\/2024\/06\/Restoran-NOOT_hommikusook-26-300x300.jpg 300w, https:\/\/spaestonia.ee\/resort\/wp-content\/uploads\/2024\/06\/Restoran-NOOT_hommikusook-26-181x181.jpg 181w\" sizes=\"auto, (max-width: 300px) 100vw, 300px\" \/><\/a>\n\t\t<\/p><\/li><li class='gallery-item'>\n\t\t<p class='gallery-icon'>\n\t\t<a href='https:\/\/spaestonia.ee\/resort\/wp-content\/uploads\/2024\/06\/Restoran-NOOT_hommikusook-27.jpg' title=\"\" data-rl_title=\"\" class=\"rl-gallery-link\" data-rl_caption=\"\" data-rel=\"lightbox-gallery-0\"><img loading=\"lazy\" decoding=\"async\" width=\"300\" height=\"300\" src=\"https:\/\/spaestonia.ee\/resort\/wp-content\/uploads\/2024\/06\/Restoran-NOOT_hommikusook-27-300x300.jpg\" class=\"attachment-thumbnail size-thumbnail\" alt=\"Hommikus\u00f6\u00f6k\" srcset=\"https:\/\/spaestonia.ee\/resort\/wp-content\/uploads\/2024\/06\/Restoran-NOOT_hommikusook-27-300x300.jpg 300w, https:\/\/spaestonia.ee\/resort\/wp-content\/uploads\/2024\/06\/Restoran-NOOT_hommikusook-27-181x181.jpg 181w\" sizes=\"auto, (max-width: 300px) 100vw, 300px\" \/><\/a>\n\t\t<\/p><\/li><li class='gallery-item'>\n\t\t<p class='gallery-icon'>\n\t\t<a href='https:\/\/spaestonia.ee\/resort\/wp-content\/uploads\/2024\/06\/Restoran-NOOT_hommikusook-45.jpg' title=\"\" data-rl_title=\"\" class=\"rl-gallery-link\" data-rl_caption=\"\" data-rel=\"lightbox-gallery-0\"><img loading=\"lazy\" decoding=\"async\" width=\"300\" height=\"300\" src=\"https:\/\/spaestonia.ee\/resort\/wp-content\/uploads\/2024\/06\/Restoran-NOOT_hommikusook-45-300x300.jpg\" class=\"attachment-thumbnail size-thumbnail\" alt=\"Hommikus\u00f6\u00f6k\" srcset=\"https:\/\/spaestonia.ee\/resort\/wp-content\/uploads\/2024\/06\/Restoran-NOOT_hommikusook-45-300x300.jpg 300w, https:\/\/spaestonia.ee\/resort\/wp-content\/uploads\/2024\/06\/Restoran-NOOT_hommikusook-45-181x181.jpg 181w\" sizes=\"auto, (max-width: 300px) 100vw, 300px\" \/><\/a>\n\t\t<\/p><\/li><li class='gallery-item'>\n\t\t<p class='gallery-icon'>\n\t\t<a href='https:\/\/spaestonia.ee\/resort\/wp-content\/uploads\/2024\/05\/Restoran-NOOT_hommikusook-46.jpg' title=\"\" data-rl_title=\"\" class=\"rl-gallery-link\" data-rl_caption=\"\" data-rel=\"lightbox-gallery-0\"><img loading=\"lazy\" decoding=\"async\" width=\"300\" height=\"300\" src=\"https:\/\/spaestonia.ee\/resort\/wp-content\/uploads\/2024\/05\/Restoran-NOOT_hommikusook-46-300x300.jpg\" class=\"attachment-thumbnail size-thumbnail\" alt=\"Restoran NOOT_hommikus\u00f6\u00f6k\" srcset=\"https:\/\/spaestonia.ee\/resort\/wp-content\/uploads\/2024\/05\/Restoran-NOOT_hommikusook-46-300x300.jpg 300w, https:\/\/spaestonia.ee\/resort\/wp-content\/uploads\/2024\/05\/Restoran-NOOT_hommikusook-46-181x181.jpg 181w\" sizes=\"auto, (max-width: 300px) 100vw, 300px\" \/><\/a>\n\t\t<\/p><\/li><li class='gallery-item'>\n\t\t<p class='gallery-icon'>\n\t\t<a href='https:\/\/spaestonia.ee\/resort\/wp-content\/uploads\/2024\/06\/Restoran-NOOT_hommikusook-30.jpg' title=\"\" data-rl_title=\"\" class=\"rl-gallery-link\" data-rl_caption=\"\" data-rel=\"lightbox-gallery-0\"><img loading=\"lazy\" decoding=\"async\" width=\"300\" height=\"300\" src=\"https:\/\/spaestonia.ee\/resort\/wp-content\/uploads\/2024\/06\/Restoran-NOOT_hommikusook-30-300x300.jpg\" class=\"attachment-thumbnail size-thumbnail\" alt=\"Hommikus\u00f6\u00f6k\" srcset=\"https:\/\/spaestonia.ee\/resort\/wp-content\/uploads\/2024\/06\/Restoran-NOOT_hommikusook-30-300x300.jpg 300w, https:\/\/spaestonia.ee\/resort\/wp-content\/uploads\/2024\/06\/Restoran-NOOT_hommikusook-30-181x181.jpg 181w\" sizes=\"auto, (max-width: 300px) 100vw, 300px\" \/><\/a>\n\t\t<\/p><\/li><li class='gallery-item'>\n\t\t<p class='gallery-icon'>\n\t\t<a href='https:\/\/spaestonia.ee\/resort\/wp-content\/uploads\/2024\/05\/Restoran-NOOT_hommikusook-39.jpg' title=\"\" data-rl_title=\"\" class=\"rl-gallery-link\" data-rl_caption=\"\" data-rel=\"lightbox-gallery-0\"><img loading=\"lazy\" decoding=\"async\" width=\"300\" height=\"300\" src=\"https:\/\/spaestonia.ee\/resort\/wp-content\/uploads\/2024\/05\/Restoran-NOOT_hommikusook-39-300x300.jpg\" class=\"attachment-thumbnail size-thumbnail\" alt=\"Restoran NOOT_hommikus\u00f6\u00f6k\" srcset=\"https:\/\/spaestonia.ee\/resort\/wp-content\/uploads\/2024\/05\/Restoran-NOOT_hommikusook-39-300x300.jpg 300w, https:\/\/spaestonia.ee\/resort\/wp-content\/uploads\/2024\/05\/Restoran-NOOT_hommikusook-39-181x181.jpg 181w\" sizes=\"auto, (max-width: 300px) 100vw, 300px\" \/><\/a>\n\t\t<\/p><\/li><\/ul>\n<\/div>\n\n<p>&nbsp;<\/p>\n","protected":false},"excerpt":{"rendered":"<p>Paras aloitus p\u00e4iv\u00e4lle. Herkullinen ja ravitseva aamiainen antaa sinulle loistavan alun upealle p\u00e4iv\u00e4lle. Runsas buffetaamiainen&hellip;<\/p>\n","protected":false},"author":18,"featured_media":0,"parent":483,"menu_order":0,"comment_status":"closed","ping_status":"closed","template":"","meta":{"footnotes":""},"class_list":["post-42136","page","type-page","status-publish","hentry"],"yoast_head":"<!-- This site is optimized with the Yoast SEO plugin v26.7 - https:\/\/yoast.com\/wordpress\/plugins\/seo\/ -->\n<title>Aamiainen - ESTONIA Resort Hotel Spa<\/title>\n<meta name=\"robots\" content=\"index, follow, max-snippet:-1, max-image-preview:large, max-video-preview:-1\" \/>\n<link rel=\"canonical\" href=\"https:\/\/spaestonia.ee\/resort\/fi\/ravintola\/aamiainen\/\" \/>\n<meta property=\"og:locale\" content=\"fi_FI\" \/>\n<meta property=\"og:type\" content=\"article\" \/>\n<meta property=\"og:title\" content=\"Aamiainen - ESTONIA Resort Hotel Spa\" \/>\n<meta property=\"og:description\" content=\"Paras aloitus p\u00e4iv\u00e4lle. Herkullinen ja ravitseva aamiainen antaa sinulle loistavan alun upealle p\u00e4iv\u00e4lle. Runsas buffetaamiainen&hellip;\" \/>\n<meta property=\"og:url\" content=\"https:\/\/spaestonia.ee\/resort\/fi\/ravintola\/aamiainen\/\" \/>\n<meta property=\"og:site_name\" content=\"ESTONIA Resort Hotel Spa\" \/>\n<meta property=\"article:publisher\" content=\"https:\/\/www.facebook.com\/EstoniaResortHotel\" \/>\n<meta property=\"article:modified_time\" content=\"2025-08-25T06:05:17+00:00\" \/>\n<meta property=\"og:image\" content=\"https:\/\/www.spaestonia.ee\/resort\/wp-content\/uploads\/2024\/06\/Restoran-NOOT_hommikusook-6-300x300.jpg\" \/>\n<meta name=\"twitter:card\" content=\"summary_large_image\" \/>\n<meta name=\"twitter:label1\" content=\"Arvioitu lukuaika\" \/>\n\t<meta name=\"twitter:data1\" content=\"1 minuutti\" \/>\n<script type=\"application\/ld+json\" class=\"yoast-schema-graph\">{\"@context\":\"https:\/\/schema.org\",\"@graph\":[{\"@type\":\"WebPage\",\"@id\":\"https:\/\/spaestonia.ee\/resort\/fi\/ravintola\/aamiainen\/\",\"url\":\"https:\/\/spaestonia.ee\/resort\/fi\/ravintola\/aamiainen\/\",\"name\":\"Aamiainen - ESTONIA Resort Hotel Spa\",\"isPartOf\":{\"@id\":\"https:\/\/www.spaestonia.ee\/resort\/fi\/#website\"},\"datePublished\":\"2024-06-06T06:29:46+00:00\",\"dateModified\":\"2025-08-25T06:05:17+00:00\",\"breadcrumb\":{\"@id\":\"https:\/\/spaestonia.ee\/resort\/fi\/ravintola\/aamiainen\/#breadcrumb\"},\"inLanguage\":\"fi\",\"potentialAction\":[{\"@type\":\"ReadAction\",\"target\":[\"https:\/\/spaestonia.ee\/resort\/fi\/ravintola\/aamiainen\/\"]}]},{\"@type\":\"BreadcrumbList\",\"@id\":\"https:\/\/spaestonia.ee\/resort\/fi\/ravintola\/aamiainen\/#breadcrumb\",\"itemListElement\":[{\"@type\":\"ListItem\",\"position\":1,\"name\":\"Home\",\"item\":\"https:\/\/www.spaestonia.ee\/resort\/fi\/\"},{\"@type\":\"ListItem\",\"position\":2,\"name\":\"Ravintola NOOT\",\"item\":\"https:\/\/www.spaestonia.ee\/resort\/fi\/ravintola\/\"},{\"@type\":\"ListItem\",\"position\":3,\"name\":\"Aamiainen\"}]},{\"@type\":\"WebSite\",\"@id\":\"https:\/\/www.spaestonia.ee\/resort\/fi\/#website\",\"url\":\"https:\/\/www.spaestonia.ee\/resort\/fi\/\",\"name\":\"ESTONIA Resort Hotel Spa\",\"description\":\"E-WoW\",\"publisher\":{\"@id\":\"https:\/\/www.spaestonia.ee\/resort\/fi\/#organization\"},\"potentialAction\":[{\"@type\":\"SearchAction\",\"target\":{\"@type\":\"EntryPoint\",\"urlTemplate\":\"https:\/\/www.spaestonia.ee\/resort\/fi\/?s={search_term_string}\"},\"query-input\":{\"@type\":\"PropertyValueSpecification\",\"valueRequired\":true,\"valueName\":\"search_term_string\"}}],\"inLanguage\":\"fi\"},{\"@type\":\"Organization\",\"@id\":\"https:\/\/www.spaestonia.ee\/resort\/fi\/#organization\",\"name\":\"ESTONIA Resort Hotel Spa\",\"url\":\"https:\/\/www.spaestonia.ee\/resort\/fi\/\",\"logo\":{\"@type\":\"ImageObject\",\"inLanguage\":\"fi\",\"@id\":\"https:\/\/www.spaestonia.ee\/resort\/fi\/#\/schema\/logo\/image\/\",\"url\":\"https:\/\/www.spaestonia.ee\/resort\/wp-content\/uploads\/2025\/02\/resort-hotel-estonia.png\",\"contentUrl\":\"https:\/\/www.spaestonia.ee\/resort\/wp-content\/uploads\/2025\/02\/resort-hotel-estonia.png\",\"width\":400,\"height\":173,\"caption\":\"ESTONIA Resort Hotel Spa\"},\"image\":{\"@id\":\"https:\/\/www.spaestonia.ee\/resort\/fi\/#\/schema\/logo\/image\/\"},\"sameAs\":[\"https:\/\/www.facebook.com\/EstoniaResortHotel\"]}]}<\/script>\n<!-- \/ Yoast SEO plugin. -->","yoast_head_json":{"title":"Aamiainen - ESTONIA Resort Hotel Spa","robots":{"index":"index","follow":"follow","max-snippet":"max-snippet:-1","max-image-preview":"max-image-preview:large","max-video-preview":"max-video-preview:-1"},"canonical":"https:\/\/spaestonia.ee\/resort\/fi\/ravintola\/aamiainen\/","og_locale":"fi_FI","og_type":"article","og_title":"Aamiainen - ESTONIA Resort Hotel Spa","og_description":"Paras aloitus p\u00e4iv\u00e4lle. Herkullinen ja ravitseva aamiainen antaa sinulle loistavan alun upealle p\u00e4iv\u00e4lle. Runsas buffetaamiainen&hellip;","og_url":"https:\/\/spaestonia.ee\/resort\/fi\/ravintola\/aamiainen\/","og_site_name":"ESTONIA Resort Hotel Spa","article_publisher":"https:\/\/www.facebook.com\/EstoniaResortHotel","article_modified_time":"2025-08-25T06:05:17+00:00","og_image":[{"url":"https:\/\/www.spaestonia.ee\/resort\/wp-content\/uploads\/2024\/06\/Restoran-NOOT_hommikusook-6-300x300.jpg","type":"","width":"","height":""}],"twitter_card":"summary_large_image","twitter_misc":{"Arvioitu lukuaika":"1 minuutti"},"schema":{"@context":"https:\/\/schema.org","@graph":[{"@type":"WebPage","@id":"https:\/\/spaestonia.ee\/resort\/fi\/ravintola\/aamiainen\/","url":"https:\/\/spaestonia.ee\/resort\/fi\/ravintola\/aamiainen\/","name":"Aamiainen - ESTONIA Resort Hotel Spa","isPartOf":{"@id":"https:\/\/www.spaestonia.ee\/resort\/fi\/#website"},"datePublished":"2024-06-06T06:29:46+00:00","dateModified":"2025-08-25T06:05:17+00:00","breadcrumb":{"@id":"https:\/\/spaestonia.ee\/resort\/fi\/ravintola\/aamiainen\/#breadcrumb"},"inLanguage":"fi","potentialAction":[{"@type":"ReadAction","target":["https:\/\/spaestonia.ee\/resort\/fi\/ravintola\/aamiainen\/"]}]},{"@type":"BreadcrumbList","@id":"https:\/\/spaestonia.ee\/resort\/fi\/ravintola\/aamiainen\/#breadcrumb","itemListElement":[{"@type":"ListItem","position":1,"name":"Home","item":"https:\/\/www.spaestonia.ee\/resort\/fi\/"},{"@type":"ListItem","position":2,"name":"Ravintola NOOT","item":"https:\/\/www.spaestonia.ee\/resort\/fi\/ravintola\/"},{"@type":"ListItem","position":3,"name":"Aamiainen"}]},{"@type":"WebSite","@id":"https:\/\/www.spaestonia.ee\/resort\/fi\/#website","url":"https:\/\/www.spaestonia.ee\/resort\/fi\/","name":"ESTONIA Resort Hotel Spa","description":"E-WoW","publisher":{"@id":"https:\/\/www.spaestonia.ee\/resort\/fi\/#organization"},"potentialAction":[{"@type":"SearchAction","target":{"@type":"EntryPoint","urlTemplate":"https:\/\/www.spaestonia.ee\/resort\/fi\/?s={search_term_string}"},"query-input":{"@type":"PropertyValueSpecification","valueRequired":true,"valueName":"search_term_string"}}],"inLanguage":"fi"},{"@type":"Organization","@id":"https:\/\/www.spaestonia.ee\/resort\/fi\/#organization","name":"ESTONIA Resort Hotel Spa","url":"https:\/\/www.spaestonia.ee\/resort\/fi\/","logo":{"@type":"ImageObject","inLanguage":"fi","@id":"https:\/\/www.spaestonia.ee\/resort\/fi\/#\/schema\/logo\/image\/","url":"https:\/\/www.spaestonia.ee\/resort\/wp-content\/uploads\/2025\/02\/resort-hotel-estonia.png","contentUrl":"https:\/\/www.spaestonia.ee\/resort\/wp-content\/uploads\/2025\/02\/resort-hotel-estonia.png","width":400,"height":173,"caption":"ESTONIA Resort Hotel Spa"},"image":{"@id":"https:\/\/www.spaestonia.ee\/resort\/fi\/#\/schema\/logo\/image\/"},"sameAs":["https:\/\/www.facebook.com\/EstoniaResortHotel"]}]}},"_links":{"self":[{"href":"https:\/\/spaestonia.ee\/resort\/fi\/wp-json\/wp\/v2\/pages\/42136","targetHints":{"allow":["GET"]}}],"collection":[{"href":"https:\/\/spaestonia.ee\/resort\/fi\/wp-json\/wp\/v2\/pages"}],"about":[{"href":"https:\/\/spaestonia.ee\/resort\/fi\/wp-json\/wp\/v2\/types\/page"}],"author":[{"embeddable":true,"href":"https:\/\/spaestonia.ee\/resort\/fi\/wp-json\/wp\/v2\/users\/18"}],"replies":[{"embeddable":true,"href":"https:\/\/spaestonia.ee\/resort\/fi\/wp-json\/wp\/v2\/comments?post=42136"}],"version-history":[{"count":5,"href":"https:\/\/spaestonia.ee\/resort\/fi\/wp-json\/wp\/v2\/pages\/42136\/revisions"}],"predecessor-version":[{"id":45126,"href":"https:\/\/spaestonia.ee\/resort\/fi\/wp-json\/wp\/v2\/pages\/42136\/revisions\/45126"}],"up":[{"embeddable":true,"href":"https:\/\/spaestonia.ee\/resort\/fi\/wp-json\/wp\/v2\/pages\/483"}],"wp:attachment":[{"href":"https:\/\/spaestonia.ee\/resort\/fi\/wp-json\/wp\/v2\/media?parent=42136"}],"curies":[{"name":"wp","href":"https:\/\/api.w.org\/{rel}","templated":true}]}}