{"id":460,"date":"2014-11-13T19:48:49","date_gmt":"2014-11-13T17:48:49","guid":{"rendered":"https:\/\/www.spaestonia.ee\/resort\/?page_id=460"},"modified":"2024-05-13T10:16:06","modified_gmt":"2024-05-13T07:16:06","slug":"kylpylahotelli","status":"publish","type":"page","link":"https:\/\/spaestonia.ee\/resort\/fi\/kylpylahotelli\/","title":{"rendered":"ESTONIA Resort Hotel &#038; Spa kylpyl\u00e4hotelli"},"content":{"rendered":"<p><img loading=\"lazy\" decoding=\"async\" class=\" wp-image-41072 alignright\" src=\"http:\/\/www.spaestonia.ee\/resort\/wp-content\/uploads\/2024\/04\/Estonia-Resort-Hotel-Spa-_vastuvott-4.jpg\" alt=\"Estonia Resort Hotel &amp; Spa \" width=\"258\" height=\"387\" srcset=\"https:\/\/spaestonia.ee\/resort\/wp-content\/uploads\/2024\/04\/Estonia-Resort-Hotel-Spa-_vastuvott-4.jpg 533w, https:\/\/spaestonia.ee\/resort\/wp-content\/uploads\/2024\/04\/Estonia-Resort-Hotel-Spa-_vastuvott-4-200x300.jpg 200w\" sizes=\"auto, (max-width: 258px) 100vw, 258px\" \/>P\u00e4rnun kaupungin rauhallisella alueella, Rantapuiston\u00a0 l\u00e4heisyydess\u00e4 sijaitsee kylpyl\u00e4hotelli ESTONIA Resort Hotel &amp; Spa. Vuonna 2015, hein\u00e4kuussa uudelleen\u00a0 avattu\u00a0 hotelli noudattaa sis\u00e4arkkitehtuuriltaan virolaista tyyli\u00e4 \u2013 suunnittelussa on otettu vaikutteita niin Viron luonnosta, kansanperinteist\u00e4, tavoista kuin \u00a0kulttuuristakin. Hotelli sijaitsee entisen Vihre\u00e4n ja Valkoisen talon paikalla.<\/p>\n<p>Hotellin kylpyl\u00e4- ja konferenssintalon ensimm\u00e4isess\u00e4 kerroksessa asiakkaita palvelee konfrenssikeskus, jossa on tilaa jopa yli 300 vieraalle. Toisessa ja kolmannessa kerroksessa on hotellin vieraiden k\u00e4yt\u00f6ss\u00e4 ainutlaatuinen <a href=\"https:\/\/www.spaestonia.ee\/resort\/fi\/spaa-ja-saunakeskus\/\">kylpyl\u00e4- ja saunakeskus SPA &amp; SAUN.<\/a><\/p>\n<p><strong>ESTONIA Resort Hotel &amp; Spa hotellissa on 106 kpl hotellihuonetta kaikilla mukavuuksilla<\/strong>. Huoneissa on joko kokolattiamatto tai parkettilattia. Kaikissa huoneissa on ilmastointi. Tarjoamme my\u00f6s allergiahuoneita. Hotellimme on t\u00e4ysin savuton. Yksi perhehuone sopii py\u00f6r\u00e4tuolissa liikkuville asiakkaille. Majoituksen hintaan sis\u00e4ltyy buffet-aamiainen hotellin <a href=\"https:\/\/www.spaestonia.ee\/resort\/fi\/ravintola\/\">NOOT ravintolassa<\/a>, sek\u00e4 SPA &amp; SAUN-keskuksen rajaton k\u00e4ytt\u00f6.<\/p>\n<p>Hotellissamme on my\u00f6s huoneita joihin voit lis\u00e4maksusta (25 \u20ac\/vrk) majoittua lemmikin kanssa. Huolehdithan varauksen etuk\u00e4teen.<\/p>\n<p><strong>ESTONIA Resort Hotel &amp; Spa \u2013 A.H. Tammsaare 4a\/6, 80010 P\u00e4rnu, Estonia<\/strong><\/p>\n<div class='gallery-article'><ul id='gallery-article0' class='list gallery-list galleryid-0 gallery-columns-3 gallery-size-thumbnail'><li class='gallery-item'>\n\t\t<p class='gallery-icon'>\n\t\t<a href='https:\/\/spaestonia.ee\/resort\/wp-content\/uploads\/2023\/07\/Estonia-6.jpg' title=\"\" data-rl_title=\"\" class=\"rl-gallery-link\" data-rl_caption=\"\" data-rel=\"lightbox-gallery-0\"><img loading=\"lazy\" decoding=\"async\" width=\"300\" height=\"300\" src=\"https:\/\/spaestonia.ee\/resort\/wp-content\/uploads\/2023\/07\/Estonia-6-300x300.jpg\" class=\"attachment-thumbnail size-thumbnail\" alt=\"\" srcset=\"https:\/\/spaestonia.ee\/resort\/wp-content\/uploads\/2023\/07\/Estonia-6-300x300.jpg 300w, https:\/\/spaestonia.ee\/resort\/wp-content\/uploads\/2023\/07\/Estonia-6-181x181.jpg 181w\" sizes=\"auto, (max-width: 300px) 100vw, 300px\" \/><\/a>\n\t\t<\/p><\/li><li class='gallery-item'>\n\t\t<p class='gallery-icon'>\n\t\t<a href='https:\/\/spaestonia.ee\/resort\/wp-content\/uploads\/2023\/07\/Estonia-7.jpg' title=\"\" data-rl_title=\"\" class=\"rl-gallery-link\" data-rl_caption=\"\" data-rel=\"lightbox-gallery-0\"><img loading=\"lazy\" decoding=\"async\" width=\"300\" height=\"300\" src=\"https:\/\/spaestonia.ee\/resort\/wp-content\/uploads\/2023\/07\/Estonia-7-300x300.jpg\" class=\"attachment-thumbnail size-thumbnail\" alt=\"\" srcset=\"https:\/\/spaestonia.ee\/resort\/wp-content\/uploads\/2023\/07\/Estonia-7-300x300.jpg 300w, https:\/\/spaestonia.ee\/resort\/wp-content\/uploads\/2023\/07\/Estonia-7-181x181.jpg 181w\" sizes=\"auto, (max-width: 300px) 100vw, 300px\" \/><\/a>\n\t\t<\/p><\/li><li class='gallery-item'>\n\t\t<p class='gallery-icon'>\n\t\t<a href='https:\/\/spaestonia.ee\/resort\/wp-content\/uploads\/2023\/07\/Estonia-5.jpg' title=\"\" data-rl_title=\"\" class=\"rl-gallery-link\" data-rl_caption=\"\" data-rel=\"lightbox-gallery-0\"><img loading=\"lazy\" decoding=\"async\" width=\"300\" height=\"300\" src=\"https:\/\/spaestonia.ee\/resort\/wp-content\/uploads\/2023\/07\/Estonia-5-300x300.jpg\" class=\"attachment-thumbnail size-thumbnail\" alt=\"\" srcset=\"https:\/\/spaestonia.ee\/resort\/wp-content\/uploads\/2023\/07\/Estonia-5-300x300.jpg 300w, https:\/\/spaestonia.ee\/resort\/wp-content\/uploads\/2023\/07\/Estonia-5-181x181.jpg 181w\" sizes=\"auto, (max-width: 300px) 100vw, 300px\" \/><\/a>\n\t\t<\/p><\/li><li class='gallery-item'>\n\t\t<p class='gallery-icon'>\n\t\t<a href='https:\/\/spaestonia.ee\/resort\/wp-content\/uploads\/2024\/04\/Estonia-Resort-Hotel-Spa_lobby-20.jpg' title=\"\" data-rl_title=\"\" class=\"rl-gallery-link\" data-rl_caption=\"\" data-rel=\"lightbox-gallery-0\"><img loading=\"lazy\" decoding=\"async\" width=\"300\" height=\"300\" src=\"https:\/\/spaestonia.ee\/resort\/wp-content\/uploads\/2024\/04\/Estonia-Resort-Hotel-Spa_lobby-20-300x300.jpg\" class=\"attachment-thumbnail size-thumbnail\" alt=\"Estonia Resort Hotel &amp; Spa_lobby (19)\" srcset=\"https:\/\/spaestonia.ee\/resort\/wp-content\/uploads\/2024\/04\/Estonia-Resort-Hotel-Spa_lobby-20-300x300.jpg 300w, https:\/\/spaestonia.ee\/resort\/wp-content\/uploads\/2024\/04\/Estonia-Resort-Hotel-Spa_lobby-20-181x181.jpg 181w\" sizes=\"auto, (max-width: 300px) 100vw, 300px\" \/><\/a>\n\t\t<\/p><\/li><li class='gallery-item'>\n\t\t<p class='gallery-icon'>\n\t\t<a href='https:\/\/spaestonia.ee\/resort\/wp-content\/uploads\/2024\/04\/Estonia-Resort-Hotel-Spa_lobby-7.jpg' title=\"\" data-rl_title=\"\" class=\"rl-gallery-link\" data-rl_caption=\"\" data-rel=\"lightbox-gallery-0\"><img loading=\"lazy\" decoding=\"async\" width=\"300\" height=\"300\" src=\"https:\/\/spaestonia.ee\/resort\/wp-content\/uploads\/2024\/04\/Estonia-Resort-Hotel-Spa_lobby-7-300x300.jpg\" class=\"attachment-thumbnail size-thumbnail\" alt=\"Estonia Resort Hotel &amp; Spa_lobby\" srcset=\"https:\/\/spaestonia.ee\/resort\/wp-content\/uploads\/2024\/04\/Estonia-Resort-Hotel-Spa_lobby-7-300x300.jpg 300w, https:\/\/spaestonia.ee\/resort\/wp-content\/uploads\/2024\/04\/Estonia-Resort-Hotel-Spa_lobby-7-181x181.jpg 181w\" sizes=\"auto, (max-width: 300px) 100vw, 300px\" \/><\/a>\n\t\t<\/p><\/li><li class='gallery-item'>\n\t\t<p class='gallery-icon'>\n\t\t<a href='https:\/\/spaestonia.ee\/resort\/wp-content\/uploads\/2024\/04\/Restoran-NOOT-15.jpg' title=\"\" data-rl_title=\"\" class=\"rl-gallery-link\" data-rl_caption=\"\" data-rel=\"lightbox-gallery-0\"><img loading=\"lazy\" decoding=\"async\" width=\"300\" height=\"300\" src=\"https:\/\/spaestonia.ee\/resort\/wp-content\/uploads\/2024\/04\/Restoran-NOOT-15-300x300.jpg\" class=\"attachment-thumbnail size-thumbnail\" alt=\"Restoran NOOT\" srcset=\"https:\/\/spaestonia.ee\/resort\/wp-content\/uploads\/2024\/04\/Restoran-NOOT-15-300x300.jpg 300w, https:\/\/spaestonia.ee\/resort\/wp-content\/uploads\/2024\/04\/Restoran-NOOT-15-181x181.jpg 181w\" sizes=\"auto, (max-width: 300px) 100vw, 300px\" \/><\/a>\n\t\t<\/p><\/li><\/ul>\n<\/div>\n\n<p><a href=\"https:\/\/resort.spaestonia.ee\/en\/\">Varaa online \u00bb<\/a><\/p>\n<p style=\"text-align: center;\"><img loading=\"lazy\" decoding=\"async\" class=\"wp-image-39188 aligncenter\" src=\"http:\/\/www.spaestonia.ee\/resort\/wp-content\/uploads\/2023\/10\/229-STA-TWIN-1.jpg\" alt=\"Standard tuba\" width=\"350\" height=\"233\" srcset=\"https:\/\/spaestonia.ee\/resort\/wp-content\/uploads\/2023\/10\/229-STA-TWIN-1.jpg 800w, https:\/\/spaestonia.ee\/resort\/wp-content\/uploads\/2023\/10\/229-STA-TWIN-1-300x200.jpg 300w, https:\/\/spaestonia.ee\/resort\/wp-content\/uploads\/2023\/10\/229-STA-TWIN-1-768x512.jpg 768w\" sizes=\"auto, (max-width: 350px) 100vw, 350px\" \/><a href=\"https:\/\/www.spaestonia.ee\/resort\/fi\/tuba\/standard-huoneet\/\">Standard huoneet<\/a><\/p>\n<p style=\"text-align: center;\"><img loading=\"lazy\" decoding=\"async\" class=\"wp-image-39162 aligncenter\" src=\"http:\/\/www.spaestonia.ee\/resort\/wp-content\/uploads\/2015\/06\/331-SUP-DBL-5.jpg\" alt=\"Superior tuba\" width=\"350\" height=\"233\" srcset=\"https:\/\/spaestonia.ee\/resort\/wp-content\/uploads\/2015\/06\/331-SUP-DBL-5.jpg 800w, https:\/\/spaestonia.ee\/resort\/wp-content\/uploads\/2015\/06\/331-SUP-DBL-5-300x200.jpg 300w, https:\/\/spaestonia.ee\/resort\/wp-content\/uploads\/2015\/06\/331-SUP-DBL-5-768x512.jpg 768w\" sizes=\"auto, (max-width: 350px) 100vw, 350px\" \/><a href=\"https:\/\/www.spaestonia.ee\/resort\/fi\/tuba\/superior-huoneet\/\">Superior huoneet<\/a><\/p>\n<p style=\"text-align: center;\"><em><img loading=\"lazy\" decoding=\"async\" class=\"wp-image-39199 aligncenter\" src=\"http:\/\/www.spaestonia.ee\/resort\/wp-content\/uploads\/2023\/10\/224-DLX-connecting-4.jpg\" alt=\"Comfort\" width=\"350\" height=\"233\" srcset=\"https:\/\/spaestonia.ee\/resort\/wp-content\/uploads\/2023\/10\/224-DLX-connecting-4.jpg 800w, https:\/\/spaestonia.ee\/resort\/wp-content\/uploads\/2023\/10\/224-DLX-connecting-4-300x200.jpg 300w, https:\/\/spaestonia.ee\/resort\/wp-content\/uploads\/2023\/10\/224-DLX-connecting-4-768x512.jpg 768w\" sizes=\"auto, (max-width: 350px) 100vw, 350px\" \/><\/em><a href=\"https:\/\/www.spaestonia.ee\/resort\/fi\/tuba\/deluxe-huoneet\">Comfort-huoneet<\/a><\/p>\n<p style=\"text-align: center;\"><img loading=\"lazy\" decoding=\"async\" class=\"wp-image-38872 aligncenter\" src=\"http:\/\/www.spaestonia.ee\/resort\/wp-content\/uploads\/2015\/06\/411-sviit-saunaga-3.jpg\" alt=\"Sviit\" width=\"350\" height=\"233\" srcset=\"https:\/\/spaestonia.ee\/resort\/wp-content\/uploads\/2015\/06\/411-sviit-saunaga-3.jpg 800w, https:\/\/spaestonia.ee\/resort\/wp-content\/uploads\/2015\/06\/411-sviit-saunaga-3-300x200.jpg 300w, https:\/\/spaestonia.ee\/resort\/wp-content\/uploads\/2015\/06\/411-sviit-saunaga-3-768x512.jpg 768w\" sizes=\"auto, (max-width: 350px) 100vw, 350px\" \/><a href=\"https:\/\/www.spaestonia.ee\/resort\/fi\/tuba\/sviitit\/\">Sviitit<\/a><\/p>\n<p style=\"text-align: center;\"><img loading=\"lazy\" decoding=\"async\" class=\"alignnone wp-image-39106\" src=\"http:\/\/www.spaestonia.ee\/resort\/wp-content\/uploads\/2018\/01\/336-FAM-3.jpg\" alt=\"Peretuba\" width=\"350\" height=\"233\" srcset=\"https:\/\/spaestonia.ee\/resort\/wp-content\/uploads\/2018\/01\/336-FAM-3.jpg 800w, https:\/\/spaestonia.ee\/resort\/wp-content\/uploads\/2018\/01\/336-FAM-3-300x200.jpg 300w, https:\/\/spaestonia.ee\/resort\/wp-content\/uploads\/2018\/01\/336-FAM-3-768x512.jpg 768w\" sizes=\"auto, (max-width: 350px) 100vw, 350px\" \/><br \/>\n<a href=\"https:\/\/www.spaestonia.ee\/resort\/fi\/tuba\/junior-sviitit\/\">Perhehuoneet<\/a><\/p>\n<p class=\"page-title\">\n","protected":false},"excerpt":{"rendered":"<p>P\u00e4rnun kaupungin rauhallisella alueella, Rantapuiston\u00a0 l\u00e4heisyydess\u00e4 sijaitsee kylpyl\u00e4hotelli ESTONIA Resort Hotel &amp; Spa. Vuonna 2015,&hellip;<\/p>\n","protected":false},"author":1,"featured_media":0,"parent":0,"menu_order":0,"comment_status":"closed","ping_status":"closed","template":"","meta":{"footnotes":""},"class_list":["post-460","page","type-page","status-publish","hentry"],"yoast_head":"<!-- This site is optimized with the Yoast SEO plugin v26.7 - https:\/\/yoast.com\/wordpress\/plugins\/seo\/ -->\n<title>ESTONIA Resort Hotel &amp; Spa kylpyl\u00e4hotelli - ESTONIA Resort Hotel Spa<\/title>\n<meta name=\"robots\" content=\"index, follow, max-snippet:-1, max-image-preview:large, max-video-preview:-1\" \/>\n<link rel=\"canonical\" href=\"https:\/\/spaestonia.ee\/resort\/fi\/kylpylahotelli\/\" \/>\n<meta property=\"og:locale\" content=\"fi_FI\" \/>\n<meta property=\"og:type\" content=\"article\" \/>\n<meta property=\"og:title\" content=\"ESTONIA Resort Hotel &amp; Spa kylpyl\u00e4hotelli - ESTONIA Resort Hotel Spa\" \/>\n<meta property=\"og:description\" content=\"P\u00e4rnun kaupungin rauhallisella alueella, Rantapuiston\u00a0 l\u00e4heisyydess\u00e4 sijaitsee kylpyl\u00e4hotelli ESTONIA Resort Hotel &amp; Spa. Vuonna 2015,&hellip;\" \/>\n<meta property=\"og:url\" content=\"https:\/\/spaestonia.ee\/resort\/fi\/kylpylahotelli\/\" \/>\n<meta property=\"og:site_name\" content=\"ESTONIA Resort Hotel Spa\" \/>\n<meta property=\"article:publisher\" content=\"https:\/\/www.facebook.com\/EstoniaResortHotel\" \/>\n<meta property=\"article:modified_time\" content=\"2024-05-13T07:16:06+00:00\" \/>\n<meta property=\"og:image\" content=\"https:\/\/www.spaestonia.ee\/resort\/wp-content\/uploads\/2023\/07\/Estonia-6-300x300.jpg\" \/>\n<meta name=\"twitter:card\" content=\"summary_large_image\" \/>\n<meta name=\"twitter:label1\" content=\"Arvioitu lukuaika\" \/>\n\t<meta name=\"twitter:data1\" content=\"1 minuutti\" \/>\n<script type=\"application\/ld+json\" class=\"yoast-schema-graph\">{\"@context\":\"https:\/\/schema.org\",\"@graph\":[{\"@type\":\"WebPage\",\"@id\":\"https:\/\/spaestonia.ee\/resort\/fi\/kylpylahotelli\/\",\"url\":\"https:\/\/spaestonia.ee\/resort\/fi\/kylpylahotelli\/\",\"name\":\"ESTONIA Resort Hotel & Spa kylpyl\u00e4hotelli - ESTONIA Resort Hotel Spa\",\"isPartOf\":{\"@id\":\"https:\/\/www.spaestonia.ee\/resort\/fi\/#website\"},\"primaryImageOfPage\":{\"@id\":\"https:\/\/spaestonia.ee\/resort\/fi\/kylpylahotelli\/#primaryimage\"},\"image\":{\"@id\":\"https:\/\/spaestonia.ee\/resort\/fi\/kylpylahotelli\/#primaryimage\"},\"thumbnailUrl\":\"http:\/\/www.spaestonia.ee\/resort\/wp-content\/uploads\/2024\/04\/Estonia-Resort-Hotel-Spa-_vastuvott-4.jpg\",\"datePublished\":\"2014-11-13T17:48:49+00:00\",\"dateModified\":\"2024-05-13T07:16:06+00:00\",\"breadcrumb\":{\"@id\":\"https:\/\/spaestonia.ee\/resort\/fi\/kylpylahotelli\/#breadcrumb\"},\"inLanguage\":\"fi\",\"potentialAction\":[{\"@type\":\"ReadAction\",\"target\":[\"https:\/\/spaestonia.ee\/resort\/fi\/kylpylahotelli\/\"]}]},{\"@type\":\"ImageObject\",\"inLanguage\":\"fi\",\"@id\":\"https:\/\/spaestonia.ee\/resort\/fi\/kylpylahotelli\/#primaryimage\",\"url\":\"http:\/\/www.spaestonia.ee\/resort\/wp-content\/uploads\/2024\/04\/Estonia-Resort-Hotel-Spa-_vastuvott-4.jpg\",\"contentUrl\":\"http:\/\/www.spaestonia.ee\/resort\/wp-content\/uploads\/2024\/04\/Estonia-Resort-Hotel-Spa-_vastuvott-4.jpg\"},{\"@type\":\"BreadcrumbList\",\"@id\":\"https:\/\/spaestonia.ee\/resort\/fi\/kylpylahotelli\/#breadcrumb\",\"itemListElement\":[{\"@type\":\"ListItem\",\"position\":1,\"name\":\"Home\",\"item\":\"https:\/\/www.spaestonia.ee\/resort\/fi\/\"},{\"@type\":\"ListItem\",\"position\":2,\"name\":\"ESTONIA Resort Hotel &#038; Spa kylpyl\u00e4hotelli\"}]},{\"@type\":\"WebSite\",\"@id\":\"https:\/\/www.spaestonia.ee\/resort\/fi\/#website\",\"url\":\"https:\/\/www.spaestonia.ee\/resort\/fi\/\",\"name\":\"ESTONIA Resort Hotel Spa\",\"description\":\"E-WoW\",\"publisher\":{\"@id\":\"https:\/\/www.spaestonia.ee\/resort\/fi\/#organization\"},\"potentialAction\":[{\"@type\":\"SearchAction\",\"target\":{\"@type\":\"EntryPoint\",\"urlTemplate\":\"https:\/\/www.spaestonia.ee\/resort\/fi\/?s={search_term_string}\"},\"query-input\":{\"@type\":\"PropertyValueSpecification\",\"valueRequired\":true,\"valueName\":\"search_term_string\"}}],\"inLanguage\":\"fi\"},{\"@type\":\"Organization\",\"@id\":\"https:\/\/www.spaestonia.ee\/resort\/fi\/#organization\",\"name\":\"ESTONIA Resort Hotel Spa\",\"url\":\"https:\/\/www.spaestonia.ee\/resort\/fi\/\",\"logo\":{\"@type\":\"ImageObject\",\"inLanguage\":\"fi\",\"@id\":\"https:\/\/www.spaestonia.ee\/resort\/fi\/#\/schema\/logo\/image\/\",\"url\":\"https:\/\/www.spaestonia.ee\/resort\/wp-content\/uploads\/2025\/02\/resort-hotel-estonia.png\",\"contentUrl\":\"https:\/\/www.spaestonia.ee\/resort\/wp-content\/uploads\/2025\/02\/resort-hotel-estonia.png\",\"width\":400,\"height\":173,\"caption\":\"ESTONIA Resort Hotel Spa\"},\"image\":{\"@id\":\"https:\/\/www.spaestonia.ee\/resort\/fi\/#\/schema\/logo\/image\/\"},\"sameAs\":[\"https:\/\/www.facebook.com\/EstoniaResortHotel\"]}]}<\/script>\n<!-- \/ Yoast SEO plugin. -->","yoast_head_json":{"title":"ESTONIA Resort Hotel & Spa kylpyl\u00e4hotelli - ESTONIA Resort Hotel Spa","robots":{"index":"index","follow":"follow","max-snippet":"max-snippet:-1","max-image-preview":"max-image-preview:large","max-video-preview":"max-video-preview:-1"},"canonical":"https:\/\/spaestonia.ee\/resort\/fi\/kylpylahotelli\/","og_locale":"fi_FI","og_type":"article","og_title":"ESTONIA Resort Hotel & Spa kylpyl\u00e4hotelli - ESTONIA Resort Hotel Spa","og_description":"P\u00e4rnun kaupungin rauhallisella alueella, Rantapuiston\u00a0 l\u00e4heisyydess\u00e4 sijaitsee kylpyl\u00e4hotelli ESTONIA Resort Hotel &amp; Spa. Vuonna 2015,&hellip;","og_url":"https:\/\/spaestonia.ee\/resort\/fi\/kylpylahotelli\/","og_site_name":"ESTONIA Resort Hotel Spa","article_publisher":"https:\/\/www.facebook.com\/EstoniaResortHotel","article_modified_time":"2024-05-13T07:16:06+00:00","og_image":[{"url":"https:\/\/www.spaestonia.ee\/resort\/wp-content\/uploads\/2023\/07\/Estonia-6-300x300.jpg","type":"","width":"","height":""}],"twitter_card":"summary_large_image","twitter_misc":{"Arvioitu lukuaika":"1 minuutti"},"schema":{"@context":"https:\/\/schema.org","@graph":[{"@type":"WebPage","@id":"https:\/\/spaestonia.ee\/resort\/fi\/kylpylahotelli\/","url":"https:\/\/spaestonia.ee\/resort\/fi\/kylpylahotelli\/","name":"ESTONIA Resort Hotel & Spa kylpyl\u00e4hotelli - ESTONIA Resort Hotel Spa","isPartOf":{"@id":"https:\/\/www.spaestonia.ee\/resort\/fi\/#website"},"primaryImageOfPage":{"@id":"https:\/\/spaestonia.ee\/resort\/fi\/kylpylahotelli\/#primaryimage"},"image":{"@id":"https:\/\/spaestonia.ee\/resort\/fi\/kylpylahotelli\/#primaryimage"},"thumbnailUrl":"http:\/\/www.spaestonia.ee\/resort\/wp-content\/uploads\/2024\/04\/Estonia-Resort-Hotel-Spa-_vastuvott-4.jpg","datePublished":"2014-11-13T17:48:49+00:00","dateModified":"2024-05-13T07:16:06+00:00","breadcrumb":{"@id":"https:\/\/spaestonia.ee\/resort\/fi\/kylpylahotelli\/#breadcrumb"},"inLanguage":"fi","potentialAction":[{"@type":"ReadAction","target":["https:\/\/spaestonia.ee\/resort\/fi\/kylpylahotelli\/"]}]},{"@type":"ImageObject","inLanguage":"fi","@id":"https:\/\/spaestonia.ee\/resort\/fi\/kylpylahotelli\/#primaryimage","url":"http:\/\/www.spaestonia.ee\/resort\/wp-content\/uploads\/2024\/04\/Estonia-Resort-Hotel-Spa-_vastuvott-4.jpg","contentUrl":"http:\/\/www.spaestonia.ee\/resort\/wp-content\/uploads\/2024\/04\/Estonia-Resort-Hotel-Spa-_vastuvott-4.jpg"},{"@type":"BreadcrumbList","@id":"https:\/\/spaestonia.ee\/resort\/fi\/kylpylahotelli\/#breadcrumb","itemListElement":[{"@type":"ListItem","position":1,"name":"Home","item":"https:\/\/www.spaestonia.ee\/resort\/fi\/"},{"@type":"ListItem","position":2,"name":"ESTONIA Resort Hotel &#038; Spa kylpyl\u00e4hotelli"}]},{"@type":"WebSite","@id":"https:\/\/www.spaestonia.ee\/resort\/fi\/#website","url":"https:\/\/www.spaestonia.ee\/resort\/fi\/","name":"ESTONIA Resort Hotel Spa","description":"E-WoW","publisher":{"@id":"https:\/\/www.spaestonia.ee\/resort\/fi\/#organization"},"potentialAction":[{"@type":"SearchAction","target":{"@type":"EntryPoint","urlTemplate":"https:\/\/www.spaestonia.ee\/resort\/fi\/?s={search_term_string}"},"query-input":{"@type":"PropertyValueSpecification","valueRequired":true,"valueName":"search_term_string"}}],"inLanguage":"fi"},{"@type":"Organization","@id":"https:\/\/www.spaestonia.ee\/resort\/fi\/#organization","name":"ESTONIA Resort Hotel Spa","url":"https:\/\/www.spaestonia.ee\/resort\/fi\/","logo":{"@type":"ImageObject","inLanguage":"fi","@id":"https:\/\/www.spaestonia.ee\/resort\/fi\/#\/schema\/logo\/image\/","url":"https:\/\/www.spaestonia.ee\/resort\/wp-content\/uploads\/2025\/02\/resort-hotel-estonia.png","contentUrl":"https:\/\/www.spaestonia.ee\/resort\/wp-content\/uploads\/2025\/02\/resort-hotel-estonia.png","width":400,"height":173,"caption":"ESTONIA Resort Hotel Spa"},"image":{"@id":"https:\/\/www.spaestonia.ee\/resort\/fi\/#\/schema\/logo\/image\/"},"sameAs":["https:\/\/www.facebook.com\/EstoniaResortHotel"]}]}},"_links":{"self":[{"href":"https:\/\/spaestonia.ee\/resort\/fi\/wp-json\/wp\/v2\/pages\/460","targetHints":{"allow":["GET"]}}],"collection":[{"href":"https:\/\/spaestonia.ee\/resort\/fi\/wp-json\/wp\/v2\/pages"}],"about":[{"href":"https:\/\/spaestonia.ee\/resort\/fi\/wp-json\/wp\/v2\/types\/page"}],"author":[{"embeddable":true,"href":"https:\/\/spaestonia.ee\/resort\/fi\/wp-json\/wp\/v2\/users\/1"}],"replies":[{"embeddable":true,"href":"https:\/\/spaestonia.ee\/resort\/fi\/wp-json\/wp\/v2\/comments?post=460"}],"version-history":[{"count":62,"href":"https:\/\/spaestonia.ee\/resort\/fi\/wp-json\/wp\/v2\/pages\/460\/revisions"}],"predecessor-version":[{"id":33647,"href":"https:\/\/spaestonia.ee\/resort\/fi\/wp-json\/wp\/v2\/pages\/460\/revisions\/33647"}],"wp:attachment":[{"href":"https:\/\/spaestonia.ee\/resort\/fi\/wp-json\/wp\/v2\/media?parent=460"}],"curies":[{"name":"wp","href":"https:\/\/api.w.org\/{rel}","templated":true}]}}