{"id":483,"date":"2014-11-13T19:50:49","date_gmt":"2014-11-13T17:50:49","guid":{"rendered":"https:\/\/www.spaestonia.ee\/resort\/?page_id=483"},"modified":"2026-03-31T15:45:50","modified_gmt":"2026-03-31T12:45:50","slug":"ravintola","status":"publish","type":"page","link":"https:\/\/spaestonia.ee\/resort\/fi\/ravintola\/","title":{"rendered":"Ravintola NOOT"},"content":{"rendered":"<h3><img loading=\"lazy\" decoding=\"async\" class=\"alignnone size-full wp-image-46916\" src=\"http:\/\/www.spaestonia.ee\/resort\/wp-content\/uploads\/2026\/03\/Noot__falstaff-8.jpg\" alt=\"\" width=\"2048\" height=\"521\" srcset=\"https:\/\/spaestonia.ee\/resort\/wp-content\/uploads\/2026\/03\/Noot__falstaff-8.jpg 2048w, https:\/\/spaestonia.ee\/resort\/wp-content\/uploads\/2026\/03\/Noot__falstaff-8-300x76.jpg 300w, https:\/\/spaestonia.ee\/resort\/wp-content\/uploads\/2026\/03\/Noot__falstaff-8-1024x261.jpg 1024w, https:\/\/spaestonia.ee\/resort\/wp-content\/uploads\/2026\/03\/Noot__falstaff-8-768x195.jpg 768w, https:\/\/spaestonia.ee\/resort\/wp-content\/uploads\/2026\/03\/Noot__falstaff-8-1536x391.jpg 1536w\" sizes=\"auto, (max-width: 2048px) 100vw, 2048px\" \/><\/h3>\n<h3><strong>Ravintola NOOT on auki: Ma-To 17-23, Pe-Su 12-23<br \/>\n<\/strong><\/h3>\n<ul>\n<li>Ravintola NOOT tarjoaa menun, joka on saanut inspiraationsa sek\u00e4 modernista ett\u00e4 klassisesta virolaisesta keitti\u00f6st\u00e4, ja sit\u00e4 rikastuttavat eri maailman keitti\u00f6iden maut. Keitti\u00f6mestarimme Rudolf Visnapuu on arvostettu panoksestaan virolaiseen keitti\u00f6\u00f6n ja nuorten ammattimaisen ruokakulttuurin edist\u00e4miseen.<\/li>\n<li>Kes\u00e4kaudena avaamme mukavan kes\u00e4terrassin<\/li>\n<li>Lobby-alueella on my\u00f6s <a href=\"https:\/\/www.spaestonia.ee\/resort\/fi\/lasten-leikkinurkkaus\/\">lasten leikkinurkkaus<\/a>.<\/li>\n<li>Viimeinen tilaus keitti\u00f6\u00f6n klo 22:30<\/li>\n<\/ul>\n<p>Katso \u00e0 la carte menu <a href=\"https:\/\/www.spaestonia.ee\/resort\/fi\/a-la-carte-menu\/\">t\u00e4\u00e4lt\u00e4<\/a><\/p>\n<p><strong>AAMIAINEN:<br \/>\n<\/strong>Aamiainen 19 \u20ac\/hl\u00f6, lapsi 4-14-v. 12 \u20ac<br \/>\nMa-Pe\u00a0 7:00 &#8211; 10:00<br \/>\nLa- Su\u00a0 7:30 &#8211; 10:30<\/p>\n<p>Kes\u00e4kaudella 16.06-24.08<br \/>\nMa-Pe\u00a0 7:00 &#8211; 10:30<br \/>\nLa- Su\u00a0 7:30 &#8211; 11:00<\/p>\n<hr \/>\n<h3><strong>P\u00d6YT\u00c4VARAUKSET<\/strong><\/h3>\n<p>P\u00f6yt\u00e4varauksen voit tehd\u00e4 <strong><a href=\"https:\/\/v2.tableonline.fi\/instabook\/bookings\/zGBDSta\/selection?locale=fi\">T\u00c4\u00c4LT\u00c4<\/a><\/strong>.<\/p>\n<p><strong>Yhteystiedot: <\/strong>+372 440 1012, <a href=\"mailto:noot@spaestonia.ee\">noot@spaestonia.ee<\/a><br \/>\nOsoite: A. H. Tammsaare pst 4a, P\u00e4rnu.<\/p>\n<hr \/>\n<p><strong>PYS\u00c4K\u00d6INTI:<br \/>\nP1 pys\u00e4k\u00f6inti<\/strong> \u2013 maksullinen<strong><br \/>\nP2 pys\u00e4k\u00f6inti <\/strong>\u2013 maksullinen 1.5.\u201331.8., muina aikoina maksuton<strong><br \/>\n<\/strong> Lis\u00e4tietoa pys\u00e4k\u00f6innist\u00e4\u00a0<a href=\"https:\/\/www.spaestonia.ee\/resort\/fi\/meista\/sijanti-ja-pysakointi\/\">T\u00c4\u00c4LT\u00c4<\/a><\/p>\n<div class='gallery-article'><ul id='gallery-article0' class='list gallery-list galleryid-0 gallery-columns-4 gallery-size-thumbnail'><li class='gallery-item'>\n\t\t<p class='gallery-icon'>\n\t\t<a href='https:\/\/spaestonia.ee\/resort\/wp-content\/uploads\/2024\/04\/Restoran-NOOT-15.jpg' title=\"\" data-rl_title=\"\" class=\"rl-gallery-link\" data-rl_caption=\"\" data-rel=\"lightbox-gallery-0\"><img loading=\"lazy\" decoding=\"async\" width=\"300\" height=\"300\" src=\"https:\/\/spaestonia.ee\/resort\/wp-content\/uploads\/2024\/04\/Restoran-NOOT-15-300x300.jpg\" class=\"attachment-thumbnail size-thumbnail\" alt=\"Restoran NOOT\" srcset=\"https:\/\/spaestonia.ee\/resort\/wp-content\/uploads\/2024\/04\/Restoran-NOOT-15-300x300.jpg 300w, https:\/\/spaestonia.ee\/resort\/wp-content\/uploads\/2024\/04\/Restoran-NOOT-15-181x181.jpg 181w\" sizes=\"auto, (max-width: 300px) 100vw, 300px\" \/><\/a>\n\t\t<\/p><\/li><li class='gallery-item'>\n\t\t<p class='gallery-icon'>\n\t\t<a href='https:\/\/spaestonia.ee\/resort\/wp-content\/uploads\/2024\/04\/Restoran-NOOT-14.jpg' title=\"\" data-rl_title=\"\" class=\"rl-gallery-link\" data-rl_caption=\"\" data-rel=\"lightbox-gallery-0\"><img loading=\"lazy\" decoding=\"async\" width=\"300\" height=\"300\" src=\"https:\/\/spaestonia.ee\/resort\/wp-content\/uploads\/2024\/04\/Restoran-NOOT-14-300x300.jpg\" class=\"attachment-thumbnail size-thumbnail\" alt=\"\" srcset=\"https:\/\/spaestonia.ee\/resort\/wp-content\/uploads\/2024\/04\/Restoran-NOOT-14-300x300.jpg 300w, https:\/\/spaestonia.ee\/resort\/wp-content\/uploads\/2024\/04\/Restoran-NOOT-14-181x181.jpg 181w\" sizes=\"auto, (max-width: 300px) 100vw, 300px\" \/><\/a>\n\t\t<\/p><\/li><li class='gallery-item'>\n\t\t<p class='gallery-icon'>\n\t\t<a href='https:\/\/spaestonia.ee\/resort\/wp-content\/uploads\/2020\/04\/Restoran-NOOT-4.jpg' title=\"\" data-rl_title=\"\" class=\"rl-gallery-link\" data-rl_caption=\"\" data-rel=\"lightbox-gallery-0\"><img loading=\"lazy\" decoding=\"async\" width=\"300\" height=\"300\" src=\"https:\/\/spaestonia.ee\/resort\/wp-content\/uploads\/2020\/04\/Restoran-NOOT-4-300x300.jpg\" class=\"attachment-thumbnail size-thumbnail\" alt=\"Restoran NOOT\" srcset=\"https:\/\/spaestonia.ee\/resort\/wp-content\/uploads\/2020\/04\/Restoran-NOOT-4-300x300.jpg 300w, https:\/\/spaestonia.ee\/resort\/wp-content\/uploads\/2020\/04\/Restoran-NOOT-4-181x181.jpg 181w\" sizes=\"auto, (max-width: 300px) 100vw, 300px\" \/><\/a>\n\t\t<\/p><\/li><li class='gallery-item'>\n\t\t<p class='gallery-icon'>\n\t\t<a href='https:\/\/spaestonia.ee\/resort\/wp-content\/uploads\/2024\/04\/Restoran-NOOT-18.jpg' title=\"\" data-rl_title=\"\" class=\"rl-gallery-link\" data-rl_caption=\"\" data-rel=\"lightbox-gallery-0\"><img loading=\"lazy\" decoding=\"async\" width=\"300\" height=\"300\" src=\"https:\/\/spaestonia.ee\/resort\/wp-content\/uploads\/2024\/04\/Restoran-NOOT-18-300x300.jpg\" class=\"attachment-thumbnail size-thumbnail\" alt=\"\" srcset=\"https:\/\/spaestonia.ee\/resort\/wp-content\/uploads\/2024\/04\/Restoran-NOOT-18-300x300.jpg 300w, https:\/\/spaestonia.ee\/resort\/wp-content\/uploads\/2024\/04\/Restoran-NOOT-18-181x181.jpg 181w\" sizes=\"auto, (max-width: 300px) 100vw, 300px\" \/><\/a>\n\t\t<\/p><\/li><li class='gallery-item'>\n\t\t<p class='gallery-icon'>\n\t\t<a href='https:\/\/spaestonia.ee\/resort\/wp-content\/uploads\/2024\/04\/Estonia-Resort-Hotel-Spa_lobby-19.jpg' title=\"\" data-rl_title=\"\" class=\"rl-gallery-link\" data-rl_caption=\"\" data-rel=\"lightbox-gallery-0\"><img loading=\"lazy\" decoding=\"async\" width=\"300\" height=\"300\" src=\"https:\/\/spaestonia.ee\/resort\/wp-content\/uploads\/2024\/04\/Estonia-Resort-Hotel-Spa_lobby-19-300x300.jpg\" class=\"attachment-thumbnail size-thumbnail\" alt=\"Estonia Resort Hotel &amp; Spa_lobby (19)\" srcset=\"https:\/\/spaestonia.ee\/resort\/wp-content\/uploads\/2024\/04\/Estonia-Resort-Hotel-Spa_lobby-19-300x300.jpg 300w, https:\/\/spaestonia.ee\/resort\/wp-content\/uploads\/2024\/04\/Estonia-Resort-Hotel-Spa_lobby-19-181x181.jpg 181w\" sizes=\"auto, (max-width: 300px) 100vw, 300px\" \/><\/a>\n\t\t<\/p><\/li><li class='gallery-item'>\n\t\t<p class='gallery-icon'>\n\t\t<a href='https:\/\/spaestonia.ee\/resort\/wp-content\/uploads\/2024\/04\/Estonia-Resort-Hotel-Spa_lobby-13.jpg' title=\"\" data-rl_title=\"\" class=\"rl-gallery-link\" data-rl_caption=\"\" data-rel=\"lightbox-gallery-0\"><img loading=\"lazy\" decoding=\"async\" width=\"300\" height=\"300\" src=\"https:\/\/spaestonia.ee\/resort\/wp-content\/uploads\/2024\/04\/Estonia-Resort-Hotel-Spa_lobby-13-300x300.jpg\" class=\"attachment-thumbnail size-thumbnail\" alt=\"Estonia Resort Hotel &amp; Spa_lobby\" srcset=\"https:\/\/spaestonia.ee\/resort\/wp-content\/uploads\/2024\/04\/Estonia-Resort-Hotel-Spa_lobby-13-300x300.jpg 300w, https:\/\/spaestonia.ee\/resort\/wp-content\/uploads\/2024\/04\/Estonia-Resort-Hotel-Spa_lobby-13-181x181.jpg 181w\" sizes=\"auto, (max-width: 300px) 100vw, 300px\" \/><\/a>\n\t\t<\/p><\/li><li class='gallery-item'>\n\t\t<p class='gallery-icon'>\n\t\t<a href='https:\/\/spaestonia.ee\/resort\/wp-content\/uploads\/2024\/04\/Estonia-Resort-Hotel-Spa_lastenurk-3.jpg' title=\"\" data-rl_title=\"\" class=\"rl-gallery-link\" data-rl_caption=\"\" data-rel=\"lightbox-gallery-0\"><img loading=\"lazy\" decoding=\"async\" width=\"300\" height=\"300\" src=\"https:\/\/spaestonia.ee\/resort\/wp-content\/uploads\/2024\/04\/Estonia-Resort-Hotel-Spa_lastenurk-3-300x300.jpg\" class=\"attachment-thumbnail size-thumbnail\" alt=\"Estonia Resort Hotel &amp; Spa_lastenurk (3)\" srcset=\"https:\/\/spaestonia.ee\/resort\/wp-content\/uploads\/2024\/04\/Estonia-Resort-Hotel-Spa_lastenurk-3-300x300.jpg 300w, https:\/\/spaestonia.ee\/resort\/wp-content\/uploads\/2024\/04\/Estonia-Resort-Hotel-Spa_lastenurk-3-181x181.jpg 181w\" sizes=\"auto, (max-width: 300px) 100vw, 300px\" \/><\/a>\n\t\t<\/p><\/li><li class='gallery-item'>\n\t\t<p class='gallery-icon'>\n\t\t<a href='https:\/\/spaestonia.ee\/resort\/wp-content\/uploads\/2019\/06\/terrass_interjoor_pisikei.jpg' title=\"\" data-rl_title=\"\" class=\"rl-gallery-link\" data-rl_caption=\"\" data-rel=\"lightbox-gallery-0\"><img loading=\"lazy\" decoding=\"async\" width=\"300\" height=\"300\" src=\"https:\/\/spaestonia.ee\/resort\/wp-content\/uploads\/2019\/06\/terrass_interjoor_pisikei-300x300.jpg\" class=\"attachment-thumbnail size-thumbnail\" alt=\"\" srcset=\"https:\/\/spaestonia.ee\/resort\/wp-content\/uploads\/2019\/06\/terrass_interjoor_pisikei-300x300.jpg 300w, https:\/\/spaestonia.ee\/resort\/wp-content\/uploads\/2019\/06\/terrass_interjoor_pisikei-181x181.jpg 181w\" sizes=\"auto, (max-width: 300px) 100vw, 300px\" \/><\/a>\n\t\t<\/p><\/li><li class='gallery-item'>\n\t\t<p class='gallery-icon'>\n\t\t<a href='https:\/\/spaestonia.ee\/resort\/wp-content\/uploads\/2019\/06\/terrass_valisvaade_pisike.jpg' title=\"\" data-rl_title=\"\" class=\"rl-gallery-link\" data-rl_caption=\"\" data-rel=\"lightbox-gallery-0\"><img loading=\"lazy\" decoding=\"async\" width=\"300\" height=\"300\" src=\"https:\/\/spaestonia.ee\/resort\/wp-content\/uploads\/2019\/06\/terrass_valisvaade_pisike-300x300.jpg\" class=\"attachment-thumbnail size-thumbnail\" alt=\"\" srcset=\"https:\/\/spaestonia.ee\/resort\/wp-content\/uploads\/2019\/06\/terrass_valisvaade_pisike-300x300.jpg 300w, https:\/\/spaestonia.ee\/resort\/wp-content\/uploads\/2019\/06\/terrass_valisvaade_pisike-181x181.jpg 181w\" sizes=\"auto, (max-width: 300px) 100vw, 300px\" \/><\/a>\n\t\t<\/p><\/li><li class='gallery-item'>\n\t\t<p class='gallery-icon'>\n\t\t<a href='https:\/\/spaestonia.ee\/resort\/wp-content\/uploads\/2023\/07\/NOOT-suvemenuu-2023-4.jpg' title=\"\" data-rl_title=\"\" class=\"rl-gallery-link\" data-rl_caption=\"\" data-rel=\"lightbox-gallery-0\"><img loading=\"lazy\" decoding=\"async\" width=\"300\" height=\"300\" src=\"https:\/\/spaestonia.ee\/resort\/wp-content\/uploads\/2023\/07\/NOOT-suvemenuu-2023-4-300x300.jpg\" class=\"attachment-thumbnail size-thumbnail\" alt=\"\" srcset=\"https:\/\/spaestonia.ee\/resort\/wp-content\/uploads\/2023\/07\/NOOT-suvemenuu-2023-4-300x300.jpg 300w, https:\/\/spaestonia.ee\/resort\/wp-content\/uploads\/2023\/07\/NOOT-suvemenuu-2023-4-181x181.jpg 181w\" sizes=\"auto, (max-width: 300px) 100vw, 300px\" \/><\/a>\n\t\t<\/p><\/li><li class='gallery-item'>\n\t\t<p class='gallery-icon'>\n\t\t<a href='https:\/\/spaestonia.ee\/resort\/wp-content\/uploads\/2023\/07\/NOOT-suvemenuu-2023-3-e1716527946529.jpg' title=\"\" data-rl_title=\"\" class=\"rl-gallery-link\" data-rl_caption=\"\" data-rel=\"lightbox-gallery-0\"><img loading=\"lazy\" decoding=\"async\" width=\"300\" height=\"300\" src=\"https:\/\/spaestonia.ee\/resort\/wp-content\/uploads\/2023\/07\/NOOT-suvemenuu-2023-3-300x300.jpg\" class=\"attachment-thumbnail size-thumbnail\" alt=\"\" srcset=\"https:\/\/spaestonia.ee\/resort\/wp-content\/uploads\/2023\/07\/NOOT-suvemenuu-2023-3-300x300.jpg 300w, https:\/\/spaestonia.ee\/resort\/wp-content\/uploads\/2023\/07\/NOOT-suvemenuu-2023-3-181x181.jpg 181w\" sizes=\"auto, (max-width: 300px) 100vw, 300px\" \/><\/a>\n\t\t<\/p><\/li><li class='gallery-item'>\n\t\t<p class='gallery-icon'>\n\t\t<a href='https:\/\/spaestonia.ee\/resort\/wp-content\/uploads\/2023\/07\/NOOT-suvemenuu-2023-5.jpg' title=\"\" data-rl_title=\"\" class=\"rl-gallery-link\" data-rl_caption=\"\" data-rel=\"lightbox-gallery-0\"><img loading=\"lazy\" decoding=\"async\" width=\"300\" height=\"300\" src=\"https:\/\/spaestonia.ee\/resort\/wp-content\/uploads\/2023\/07\/NOOT-suvemenuu-2023-5-300x300.jpg\" class=\"attachment-thumbnail size-thumbnail\" alt=\"\" srcset=\"https:\/\/spaestonia.ee\/resort\/wp-content\/uploads\/2023\/07\/NOOT-suvemenuu-2023-5-300x300.jpg 300w, https:\/\/spaestonia.ee\/resort\/wp-content\/uploads\/2023\/07\/NOOT-suvemenuu-2023-5-181x181.jpg 181w\" sizes=\"auto, (max-width: 300px) 100vw, 300px\" \/><\/a>\n\t\t<\/p><\/li><\/ul>\n<\/div>\n\n","protected":false},"excerpt":{"rendered":"<p>Ravintola NOOT on auki: Ma-To 17-23, Pe-Su 12-23 Ravintola NOOT tarjoaa menun, joka on saanut&hellip;<\/p>\n","protected":false},"author":1,"featured_media":0,"parent":0,"menu_order":0,"comment_status":"closed","ping_status":"open","template":"","meta":{"footnotes":""},"class_list":["post-483","page","type-page","status-publish","hentry"],"yoast_head":"<!-- This site is optimized with the Yoast SEO plugin v26.7 - https:\/\/yoast.com\/wordpress\/plugins\/seo\/ -->\n<title>Ravintola NOOT - ESTONIA Resort Hotel Spa<\/title>\n<meta name=\"robots\" content=\"index, follow, max-snippet:-1, max-image-preview:large, max-video-preview:-1\" \/>\n<link rel=\"canonical\" href=\"https:\/\/spaestonia.ee\/resort\/fi\/ravintola\/\" \/>\n<meta property=\"og:locale\" content=\"fi_FI\" \/>\n<meta property=\"og:type\" content=\"article\" \/>\n<meta property=\"og:title\" content=\"Ravintola NOOT - ESTONIA Resort Hotel Spa\" \/>\n<meta property=\"og:description\" content=\"Ravintola NOOT on auki: Ma-To 17-23, Pe-Su 12-23 Ravintola NOOT tarjoaa menun, joka on saanut&hellip;\" \/>\n<meta property=\"og:url\" content=\"https:\/\/spaestonia.ee\/resort\/fi\/ravintola\/\" \/>\n<meta property=\"og:site_name\" content=\"ESTONIA Resort Hotel Spa\" \/>\n<meta property=\"article:publisher\" content=\"https:\/\/www.facebook.com\/EstoniaResortHotel\" \/>\n<meta property=\"article:modified_time\" content=\"2026-03-31T12:45:50+00:00\" \/>\n<meta property=\"og:image\" content=\"https:\/\/www.spaestonia.ee\/resort\/wp-content\/uploads\/2024\/04\/Restoran-NOOT-15-300x300.jpg\" \/>\n<meta name=\"twitter:card\" content=\"summary_large_image\" \/>\n<meta name=\"twitter:label1\" content=\"Arvioitu lukuaika\" \/>\n\t<meta name=\"twitter:data1\" content=\"1 minuutti\" \/>\n<script type=\"application\/ld+json\" class=\"yoast-schema-graph\">{\"@context\":\"https:\/\/schema.org\",\"@graph\":[{\"@type\":\"WebPage\",\"@id\":\"https:\/\/spaestonia.ee\/resort\/fi\/ravintola\/\",\"url\":\"https:\/\/spaestonia.ee\/resort\/fi\/ravintola\/\",\"name\":\"Ravintola NOOT - ESTONIA Resort Hotel Spa\",\"isPartOf\":{\"@id\":\"https:\/\/www.spaestonia.ee\/resort\/fi\/#website\"},\"primaryImageOfPage\":{\"@id\":\"https:\/\/spaestonia.ee\/resort\/fi\/ravintola\/#primaryimage\"},\"image\":{\"@id\":\"https:\/\/spaestonia.ee\/resort\/fi\/ravintola\/#primaryimage\"},\"thumbnailUrl\":\"http:\/\/www.spaestonia.ee\/resort\/wp-content\/uploads\/2026\/03\/Noot__falstaff-8.jpg\",\"datePublished\":\"2014-11-13T17:50:49+00:00\",\"dateModified\":\"2026-03-31T12:45:50+00:00\",\"breadcrumb\":{\"@id\":\"https:\/\/spaestonia.ee\/resort\/fi\/ravintola\/#breadcrumb\"},\"inLanguage\":\"fi\",\"potentialAction\":[{\"@type\":\"ReadAction\",\"target\":[\"https:\/\/spaestonia.ee\/resort\/fi\/ravintola\/\"]}]},{\"@type\":\"ImageObject\",\"inLanguage\":\"fi\",\"@id\":\"https:\/\/spaestonia.ee\/resort\/fi\/ravintola\/#primaryimage\",\"url\":\"http:\/\/www.spaestonia.ee\/resort\/wp-content\/uploads\/2026\/03\/Noot__falstaff-8.jpg\",\"contentUrl\":\"http:\/\/www.spaestonia.ee\/resort\/wp-content\/uploads\/2026\/03\/Noot__falstaff-8.jpg\"},{\"@type\":\"BreadcrumbList\",\"@id\":\"https:\/\/spaestonia.ee\/resort\/fi\/ravintola\/#breadcrumb\",\"itemListElement\":[{\"@type\":\"ListItem\",\"position\":1,\"name\":\"Home\",\"item\":\"https:\/\/www.spaestonia.ee\/resort\/fi\/\"},{\"@type\":\"ListItem\",\"position\":2,\"name\":\"Ravintola NOOT\"}]},{\"@type\":\"WebSite\",\"@id\":\"https:\/\/www.spaestonia.ee\/resort\/fi\/#website\",\"url\":\"https:\/\/www.spaestonia.ee\/resort\/fi\/\",\"name\":\"ESTONIA Resort Hotel Spa\",\"description\":\"E-WoW\",\"publisher\":{\"@id\":\"https:\/\/www.spaestonia.ee\/resort\/fi\/#organization\"},\"potentialAction\":[{\"@type\":\"SearchAction\",\"target\":{\"@type\":\"EntryPoint\",\"urlTemplate\":\"https:\/\/www.spaestonia.ee\/resort\/fi\/?s={search_term_string}\"},\"query-input\":{\"@type\":\"PropertyValueSpecification\",\"valueRequired\":true,\"valueName\":\"search_term_string\"}}],\"inLanguage\":\"fi\"},{\"@type\":\"Organization\",\"@id\":\"https:\/\/www.spaestonia.ee\/resort\/fi\/#organization\",\"name\":\"ESTONIA Resort Hotel Spa\",\"url\":\"https:\/\/www.spaestonia.ee\/resort\/fi\/\",\"logo\":{\"@type\":\"ImageObject\",\"inLanguage\":\"fi\",\"@id\":\"https:\/\/www.spaestonia.ee\/resort\/fi\/#\/schema\/logo\/image\/\",\"url\":\"https:\/\/www.spaestonia.ee\/resort\/wp-content\/uploads\/2025\/02\/resort-hotel-estonia.png\",\"contentUrl\":\"https:\/\/www.spaestonia.ee\/resort\/wp-content\/uploads\/2025\/02\/resort-hotel-estonia.png\",\"width\":400,\"height\":173,\"caption\":\"ESTONIA Resort Hotel Spa\"},\"image\":{\"@id\":\"https:\/\/www.spaestonia.ee\/resort\/fi\/#\/schema\/logo\/image\/\"},\"sameAs\":[\"https:\/\/www.facebook.com\/EstoniaResortHotel\"]}]}<\/script>\n<!-- \/ Yoast SEO plugin. -->","yoast_head_json":{"title":"Ravintola NOOT - ESTONIA Resort Hotel Spa","robots":{"index":"index","follow":"follow","max-snippet":"max-snippet:-1","max-image-preview":"max-image-preview:large","max-video-preview":"max-video-preview:-1"},"canonical":"https:\/\/spaestonia.ee\/resort\/fi\/ravintola\/","og_locale":"fi_FI","og_type":"article","og_title":"Ravintola NOOT - ESTONIA Resort Hotel Spa","og_description":"Ravintola NOOT on auki: Ma-To 17-23, Pe-Su 12-23 Ravintola NOOT tarjoaa menun, joka on saanut&hellip;","og_url":"https:\/\/spaestonia.ee\/resort\/fi\/ravintola\/","og_site_name":"ESTONIA Resort Hotel Spa","article_publisher":"https:\/\/www.facebook.com\/EstoniaResortHotel","article_modified_time":"2026-03-31T12:45:50+00:00","og_image":[{"url":"https:\/\/www.spaestonia.ee\/resort\/wp-content\/uploads\/2024\/04\/Restoran-NOOT-15-300x300.jpg","type":"","width":"","height":""}],"twitter_card":"summary_large_image","twitter_misc":{"Arvioitu lukuaika":"1 minuutti"},"schema":{"@context":"https:\/\/schema.org","@graph":[{"@type":"WebPage","@id":"https:\/\/spaestonia.ee\/resort\/fi\/ravintola\/","url":"https:\/\/spaestonia.ee\/resort\/fi\/ravintola\/","name":"Ravintola NOOT - ESTONIA Resort Hotel Spa","isPartOf":{"@id":"https:\/\/www.spaestonia.ee\/resort\/fi\/#website"},"primaryImageOfPage":{"@id":"https:\/\/spaestonia.ee\/resort\/fi\/ravintola\/#primaryimage"},"image":{"@id":"https:\/\/spaestonia.ee\/resort\/fi\/ravintola\/#primaryimage"},"thumbnailUrl":"http:\/\/www.spaestonia.ee\/resort\/wp-content\/uploads\/2026\/03\/Noot__falstaff-8.jpg","datePublished":"2014-11-13T17:50:49+00:00","dateModified":"2026-03-31T12:45:50+00:00","breadcrumb":{"@id":"https:\/\/spaestonia.ee\/resort\/fi\/ravintola\/#breadcrumb"},"inLanguage":"fi","potentialAction":[{"@type":"ReadAction","target":["https:\/\/spaestonia.ee\/resort\/fi\/ravintola\/"]}]},{"@type":"ImageObject","inLanguage":"fi","@id":"https:\/\/spaestonia.ee\/resort\/fi\/ravintola\/#primaryimage","url":"http:\/\/www.spaestonia.ee\/resort\/wp-content\/uploads\/2026\/03\/Noot__falstaff-8.jpg","contentUrl":"http:\/\/www.spaestonia.ee\/resort\/wp-content\/uploads\/2026\/03\/Noot__falstaff-8.jpg"},{"@type":"BreadcrumbList","@id":"https:\/\/spaestonia.ee\/resort\/fi\/ravintola\/#breadcrumb","itemListElement":[{"@type":"ListItem","position":1,"name":"Home","item":"https:\/\/www.spaestonia.ee\/resort\/fi\/"},{"@type":"ListItem","position":2,"name":"Ravintola NOOT"}]},{"@type":"WebSite","@id":"https:\/\/www.spaestonia.ee\/resort\/fi\/#website","url":"https:\/\/www.spaestonia.ee\/resort\/fi\/","name":"ESTONIA Resort Hotel Spa","description":"E-WoW","publisher":{"@id":"https:\/\/www.spaestonia.ee\/resort\/fi\/#organization"},"potentialAction":[{"@type":"SearchAction","target":{"@type":"EntryPoint","urlTemplate":"https:\/\/www.spaestonia.ee\/resort\/fi\/?s={search_term_string}"},"query-input":{"@type":"PropertyValueSpecification","valueRequired":true,"valueName":"search_term_string"}}],"inLanguage":"fi"},{"@type":"Organization","@id":"https:\/\/www.spaestonia.ee\/resort\/fi\/#organization","name":"ESTONIA Resort Hotel Spa","url":"https:\/\/www.spaestonia.ee\/resort\/fi\/","logo":{"@type":"ImageObject","inLanguage":"fi","@id":"https:\/\/www.spaestonia.ee\/resort\/fi\/#\/schema\/logo\/image\/","url":"https:\/\/www.spaestonia.ee\/resort\/wp-content\/uploads\/2025\/02\/resort-hotel-estonia.png","contentUrl":"https:\/\/www.spaestonia.ee\/resort\/wp-content\/uploads\/2025\/02\/resort-hotel-estonia.png","width":400,"height":173,"caption":"ESTONIA Resort Hotel Spa"},"image":{"@id":"https:\/\/www.spaestonia.ee\/resort\/fi\/#\/schema\/logo\/image\/"},"sameAs":["https:\/\/www.facebook.com\/EstoniaResortHotel"]}]}},"_links":{"self":[{"href":"https:\/\/spaestonia.ee\/resort\/fi\/wp-json\/wp\/v2\/pages\/483","targetHints":{"allow":["GET"]}}],"collection":[{"href":"https:\/\/spaestonia.ee\/resort\/fi\/wp-json\/wp\/v2\/pages"}],"about":[{"href":"https:\/\/spaestonia.ee\/resort\/fi\/wp-json\/wp\/v2\/types\/page"}],"author":[{"embeddable":true,"href":"https:\/\/spaestonia.ee\/resort\/fi\/wp-json\/wp\/v2\/users\/1"}],"replies":[{"embeddable":true,"href":"https:\/\/spaestonia.ee\/resort\/fi\/wp-json\/wp\/v2\/comments?post=483"}],"version-history":[{"count":128,"href":"https:\/\/spaestonia.ee\/resort\/fi\/wp-json\/wp\/v2\/pages\/483\/revisions"}],"predecessor-version":[{"id":46951,"href":"https:\/\/spaestonia.ee\/resort\/fi\/wp-json\/wp\/v2\/pages\/483\/revisions\/46951"}],"wp:attachment":[{"href":"https:\/\/spaestonia.ee\/resort\/fi\/wp-json\/wp\/v2\/media?parent=483"}],"curies":[{"name":"wp","href":"https:\/\/api.w.org\/{rel}","templated":true}]}}