{"id":5190,"date":"2015-06-28T09:51:03","date_gmt":"2015-06-28T06:51:03","guid":{"rendered":"https:\/\/www.spaestonia.ee\/resort\/?page_id=5190"},"modified":"2025-07-29T15:32:29","modified_gmt":"2025-07-29T12:32:29","slug":"saunat","status":"publish","type":"page","link":"https:\/\/spaestonia.ee\/resort\/fi\/spaa-ja-saunakeskus\/saunat\/","title":{"rendered":"SPA &#038; SAUN &#8211; saunat"},"content":{"rendered":"<h2>8 erilaista saunaa SPA&amp;SAUN kylpyl\u00e4ss\u00e4<\/h2>\n<h3>KUUMA SAUNA 100 \u00b0C<\/h3>\n<p><img loading=\"lazy\" decoding=\"async\" class=\"alignright wp-image-2405 size-full\" src=\"http:\/\/www.spaestonia.ee\/resort\/wp-content\/uploads\/2015\/06\/350-Resort-spaa-saun-KUUM-koht.jpg\" alt=\"350-Resort-spaa-saun-KUUM-koht\" width=\"350\" height=\"233\" srcset=\"https:\/\/spaestonia.ee\/resort\/wp-content\/uploads\/2015\/06\/350-Resort-spaa-saun-KUUM-koht.jpg 350w, https:\/\/spaestonia.ee\/resort\/wp-content\/uploads\/2015\/06\/350-Resort-spaa-saun-KUUM-koht-300x199.jpg 300w\" sizes=\"auto, (max-width: 350px) 100vw, 350px\" \/><\/p>\n<p>KUUMA sauna on perinteinen suomalaistyylinen sauna, jossa on kuuma ja kuiva ilma \u2013 l\u00e4mp\u00f6tila voi olla jopa 100 \u00b0C. Sauna aiheuttaa runsasta hikoilua, ja l\u00f6yly tekee saunassa istumisesta nautinnollista ja rentouttavaa.<\/p>\n<p>Saunan oikeanlainen vaikutus tulee esiin, kun kylm\u00e4t ja kuumat vaiheet vaihtelevat \u2013 jokaisten l\u00f6ylyjen j\u00e4lkeen kannattaa menn\u00e4 vilvoittelemaan kylm\u00e4\u00e4n veteen. Saunominen nopeuttaa aineenvaihduntaa ja elimist\u00f6n puhdistumista. T\u00e4m\u00e4 on paikka, jossa voi heitt\u00e4\u00e4 naapurin kanssa voitonl\u00f6ylyt ja jossa on lupa kyyrist\u00e4\u00e4 selk\u00e4ns\u00e4.<\/p>\n<h3>L\u00c4MMIN SAUNA INFRAPUNA 40 \u00b0C<\/h3>\n<p><img loading=\"lazy\" decoding=\"async\" class=\"alignright wp-image-25984 size-full\" src=\"http:\/\/www.spaestonia.ee\/resort\/wp-content\/uploads\/2015\/06\/infrapuna-saun-350.jpg\" alt=\"infrapuna-saun-350\" width=\"350\" height=\"197\" srcset=\"https:\/\/spaestonia.ee\/resort\/wp-content\/uploads\/2015\/06\/infrapuna-saun-350.jpg 350w, https:\/\/spaestonia.ee\/resort\/wp-content\/uploads\/2015\/06\/infrapuna-saun-350-300x169.jpg 300w\" sizes=\"auto, (max-width: 350px) 100vw, 350px\" \/>Viile\u00e4n\u00e4 kes\u00e4iltana nuotion \u00e4\u00e4ress\u00e4 istuessaan, ilma tuntuu kylm\u00e4lt\u00e4, mutta kasvoja kuumotta. Samalla tavalla tuntuu infrapunasaunassa. INFRAPUNASAUNA eli syv\u00e4l\u00e4mp\u00f6s\u00e4teily nopeuttaa aineenvaihduntaa, vie tehokkaasti myrkkyj\u00e4 ja kuona-aineita kehosta, auttaa painonputotuksessa ja v\u00e4hent\u00e4\u00e4 selluliittia.<\/p>\n<p>Siin\u00e4 saunassa l\u00e4mp\u00f6tila on matala, mutta hikoilu on 3 kerta intensiivisempi kun tavasaunassa. INFRAPUNASAUNA rentouttaa,parantaa unen laatua ja nostaa kollageenin tasoa ihossa. Todellinen ihmentekij\u00e4, eik\u00f6 olekin? Suositettava saunassa viipymisen aikaa on 20-30 minuuttia. Ennen saunaa ja saunan j\u00e4lken suositellaan juoda paljon vett\u00e4!<\/p>\n<h3><img loading=\"lazy\" decoding=\"async\" class=\"alignright wp-image-2421 size-full\" src=\"http:\/\/www.spaestonia.ee\/resort\/wp-content\/uploads\/2015\/06\/350-Resort-spaa-saun-SUITSU-saun.jpg\" alt=\"350-Resort-spaa-saun-SUITSU-saun\" width=\"350\" height=\"233\" srcset=\"https:\/\/spaestonia.ee\/resort\/wp-content\/uploads\/2015\/06\/350-Resort-spaa-saun-SUITSU-saun.jpg 350w, https:\/\/spaestonia.ee\/resort\/wp-content\/uploads\/2015\/06\/350-Resort-spaa-saun-SUITSU-saun-300x199.jpg 300w\" sizes=\"auto, (max-width: 350px) 100vw, 350px\" \/><\/h3>\n<h3>SAVU SAUNA 70\u201380 \u00b0C<\/h3>\n<p>Perinteinen savusauna on sauna, jossa ei ole savupiippua. Saunassa on suuri kiuas, jota l\u00e4mmitet\u00e4\u00e4n monta tuntia. Saunaa l\u00e4mmitett\u00e4ess\u00e4 savu j\u00e4\u00e4 sis\u00e4\u00e4n ja l\u00e4mmitt\u00e4\u00e4 saunaa kiukaan ohella. Kun sauna on l\u00e4mmin, sauna tuuletetaan ja savu p\u00e4\u00e4stet\u00e4\u00e4n ulos, jolloin saunominen voi alkaa. Jokaisella savusaunalla on oma luonne, jonka saunais\u00e4nt\u00e4 tiet\u00e4\u00e4 ja tuntee.<\/p>\n<p>Viel\u00e4 ei kovin kauan sitten kaikki Viron saunat olivat savusaunoja. Savupiipullisia saunoja alettiin rakentaa satakunta vuotta sitten, ja nyky\u00e4\u00e4n useimmat saunat ovat \u201dpuhtaita\u201d saunoja. K\u00e4yt\u00f6ss\u00e4 olevat savusaunat ovat l\u00e4hes koko Virossa jo harvinaisia. Perinteisi\u00e4 savusaunoja on j\u00e4ljell\u00e4 ja k\u00e4yt\u00f6ss\u00e4 en\u00e4\u00e4 Kaakkois-Virossa, p\u00e4\u00e4asiassa v\u00f5rolaisilla ja setukaisilla.<\/p>\n<h3><img loading=\"lazy\" decoding=\"async\" class=\"alignright wp-image-2425 size-full\" src=\"http:\/\/www.spaestonia.ee\/resort\/wp-content\/uploads\/2015\/06\/350-Resort-spaa-saun-VIHA-saun-1.jpg\" alt=\"350-Resort-spaa-saun-VIHA-saun-1\" width=\"350\" height=\"233\" srcset=\"https:\/\/spaestonia.ee\/resort\/wp-content\/uploads\/2015\/06\/350-Resort-spaa-saun-VIHA-saun-1.jpg 350w, https:\/\/spaestonia.ee\/resort\/wp-content\/uploads\/2015\/06\/350-Resort-spaa-saun-VIHA-saun-1-300x199.jpg 300w\" sizes=\"auto, (max-width: 350px) 100vw, 350px\" \/><\/h3>\n<p>Savusaunassa k\u00e4ymiseen liittyy erityisi\u00e4 k\u00e4yt\u00e4nt\u00f6j\u00e4 ja uskomuksia, jotka siirtyv\u00e4t suvuissa sukupolvelta toiselle. Saunan l\u00e4mmitystapa ja saunassa k\u00e4yminen on tunnettava. Oikealla tavalla ja kunnolla l\u00e4mmitetyss\u00e4 savusaunassa ei ole h\u00e4k\u00e4\u00e4 eik\u00e4 savua \u2013 ilma on kevyt ja l\u00f6yly ei polta. Saunassa k\u00e4ynti parantaa terveytt\u00e4 ja voimaa, kunhan kunnioittaa saunatapoja ja antaa saunassa k\u00e4ynnille aikaa.<br \/>\nJotta ymm\u00e4rr\u00e4t, miten ESTONIA Resort Hotel &amp; Span savusauna eroaa muista saunoista, se on koettava itse!<\/p>\n<h3>VIHTA SAUNA JOPA 100 \u00b0C<\/h3>\n<p>VIHTASAUNASSA tarjoamme todellisille vihtojille ja saunanautiskelijoille virolaisia saunarituaaleja. <span class=\"tlid-translation translation\" lang=\"fi\"><span class=\"\" title=\"\">Sauna toimii ajanjaksoina: ma-to klo 15.00, pe-su klo 10.00. <\/span><\/span><\/p>\n<h3><img loading=\"lazy\" decoding=\"async\" class=\"alignright wp-image-2396 size-full\" src=\"http:\/\/www.spaestonia.ee\/resort\/wp-content\/uploads\/2015\/06\/350-Resort-spaa-saun-ROOMU-saun.jpg\" alt=\"350-Resort-spaa-saun-ROOMU-saun\" width=\"350\" height=\"233\" srcset=\"https:\/\/spaestonia.ee\/resort\/wp-content\/uploads\/2015\/06\/350-Resort-spaa-saun-ROOMU-saun.jpg 350w, https:\/\/spaestonia.ee\/resort\/wp-content\/uploads\/2015\/06\/350-Resort-spaa-saun-ROOMU-saun-300x199.jpg 300w\" sizes=\"auto, (max-width: 350px) 100vw, 350px\" \/><\/h3>\n<h3>MIELIHYV\u00c4SAUNA 36\u201340 \u00b0C<\/h3>\n<p>MIELIHYV\u00c4SAUNASSA l\u00e4mp\u00f6tila on tavallista suomalaistyyppist\u00e4 saunaa pienempi, mink\u00e4 ansiosta l\u00e4mm\u00f6st\u00e4 voi nauttia jopa 20 minuuttia kerrallaan. Saunassa on l\u00e4mpim\u00e4t penkit, jossa on mukava lev\u00e4t\u00e4 ja nauttia l\u00e4mm\u00f6st\u00e4 koko perheen kanssa.<br \/>\nSauna sopii my\u00f6s lapsille ja i\u00e4kk\u00e4ille sek\u00e4 kaikille, jotka eiv\u00e4t v\u00e4lit\u00e4 korkeasta l\u00e4mp\u00f6tilasta ja voitonl\u00f6ylyn heitosta naapurin kanssa.<\/p>\n<h3>SUOLASAUNA 40\u201345 \u00b0C<\/h3>\n<h3><img loading=\"lazy\" decoding=\"async\" class=\"alignright wp-image-2417 size-full\" src=\"http:\/\/www.spaestonia.ee\/resort\/wp-content\/uploads\/2015\/06\/350-Resort-spaa-saun-SOOLA-saun.jpg\" alt=\"350-Resort-spaa-saun-SOOLA-saun\" width=\"350\" height=\"233\" srcset=\"https:\/\/spaestonia.ee\/resort\/wp-content\/uploads\/2015\/06\/350-Resort-spaa-saun-SOOLA-saun.jpg 350w, https:\/\/spaestonia.ee\/resort\/wp-content\/uploads\/2015\/06\/350-Resort-spaa-saun-SOOLA-saun-300x199.jpg 300w\" sizes=\"auto, (max-width: 350px) 100vw, 350px\" \/><\/h3>\n<p>Suola tunnetaan kansanparannusperinteess\u00e4 ainutlaatuisista terveysvaikutuksistaan. Suola hieroo ja kuorii ihoa, ja saunasta poistuttaessa iholle j\u00e4\u00e4 todella silkkinen tunne. Suolapitoisen ilman hengitt\u00e4minen tekee my\u00f6s hyv\u00e4\u00e4 hengitysteille.<\/p>\n<p>Suolasauna on hempein saunatyyppi, joka virkist\u00e4\u00e4 ja lievitt\u00e4\u00e4 hengitystiesairauksiin liittyvi\u00e4 vaivoja. Suosittelemme SUOLASAUNASSA k\u00e4ynti\u00e4 H\u00d6YRYSAUNAN tai KUUMAN saunan j\u00e4lkeen. SUOLASAUNASSA vartaloa hierotaan virkist\u00e4vin liikkein luonnollisella merisuolalla, joka j\u00e4tet\u00e4\u00e4n iholle 5\u201310 minuutiksi ja pest\u00e4\u00e4n sitten suihkussa pois.<\/p>\n<h3><img loading=\"lazy\" decoding=\"async\" class=\"alignright wp-image-2430 size-full\" src=\"http:\/\/www.spaestonia.ee\/resort\/wp-content\/uploads\/2015\/06\/350-Resort-spaa-saun-AURU-saun.jpg\" alt=\"350-Resort-spaa-saun-AURU-saun\" width=\"350\" height=\"233\" srcset=\"https:\/\/spaestonia.ee\/resort\/wp-content\/uploads\/2015\/06\/350-Resort-spaa-saun-AURU-saun.jpg 350w, https:\/\/spaestonia.ee\/resort\/wp-content\/uploads\/2015\/06\/350-Resort-spaa-saun-AURU-saun-300x199.jpg 300w\" sizes=\"auto, (max-width: 350px) 100vw, 350px\" \/><\/h3>\n<h3>H\u00d6YRYSAUNA 45 \u00b0C<\/h3>\n<p>H\u00d6YRYSAUNA on kuin nuoruuden l\u00e4hde \u2013 se rentouttaa elimist\u00f6\u00e4 ja parantaa sen toimintaa. Suuren kosteuspitoisuuden ja kuumuuden ansiosta h\u00f6yrysauna on tehokas hoitokeino monenlaisiin vaivoihin, esimerkiksi keuhkoputken katarriin, ysk\u00e4\u00e4n, \u00e4\u00e4nen k\u00e4heyteen, kroonisiin reumavaivoihin, astmaan, keuhkoputkentulehdukseen sek\u00e4 monenlaisiin nivelvaivoihin ja -kipuihin.<br \/>\nH\u00f6yry puhdistaa my\u00f6s ihmisen suurimman elimen \u2013 ihon. Se on yksinkertaisin ja mukavin keino poistaa kehoon kasaantuneita myrkkyj\u00e4, sill\u00e4 h\u00f6yry avaa ihohuokoset ja ihon miljoonat rauhaset, joiden kautta kuona-aineet ja toksiinit poistuvat. Verenkierron ja aineenvaihdunnan tehostumisen ansiosta my\u00f6s ihon koostumus, kimmoisuus, j\u00e4nteys ja verevyys paranevat.<\/p>\n<h3><img loading=\"lazy\" decoding=\"async\" class=\"alignright wp-image-2409 size-full\" src=\"http:\/\/www.spaestonia.ee\/resort\/wp-content\/uploads\/2015\/06\/350-Resort-spaa-saun-LOHNA-saun.jpg\" alt=\"350-Resort-spaa-saun-LOHNA-saun\" width=\"350\" height=\"233\" srcset=\"https:\/\/spaestonia.ee\/resort\/wp-content\/uploads\/2015\/06\/350-Resort-spaa-saun-LOHNA-saun.jpg 350w, https:\/\/spaestonia.ee\/resort\/wp-content\/uploads\/2015\/06\/350-Resort-spaa-saun-LOHNA-saun-300x199.jpg 300w\" sizes=\"auto, (max-width: 350px) 100vw, 350px\" \/><\/h3>\n<h3>TUOKSUSAUNA 55\u201365 \u00b0C<\/h3>\n<p>TUOKSUSAUNA eli aromisauna vahvistaa terveytt\u00e4 kasveista ja yrteist\u00e4 saatujen luonnollisten eteeristen \u00f6ljyjen h\u00f6yryjen kautta.<\/p>\n<p>Tuoksusauna vaikuttaa positiivisesti mielialaan, auttaa lievitt\u00e4m\u00e4\u00e4n monenlaisia oireita, nopeuttaa aineenvaihduntaa ja vahvistaa immuunij\u00e4rjestelm\u00e4\u00e4. Sauna rentouttaa ja vapauttaa j\u00e4nnityst\u00e4. Saunan matala l\u00e4mp\u00f6tila sopii my\u00f6s lapsille ja i\u00e4kk\u00e4ille k\u00e4vij\u00f6ille.<\/p>\n<hr \/>\n<h2>KADAKA-KLUBI JOPA 100 \u00b0C<\/h2>\n<p><img loading=\"lazy\" decoding=\"async\" class=\"alignright wp-image-2401 size-full\" src=\"http:\/\/www.spaestonia.ee\/resort\/wp-content\/uploads\/2015\/06\/350-Resort-spaa-saun-KADAKA-klubi-1.jpg\" alt=\"350-Resort-spaa-saun-KADAKA-klubi-1\" width=\"350\" height=\"233\" srcset=\"https:\/\/spaestonia.ee\/resort\/wp-content\/uploads\/2015\/06\/350-Resort-spaa-saun-KADAKA-klubi-1.jpg 350w, https:\/\/spaestonia.ee\/resort\/wp-content\/uploads\/2015\/06\/350-Resort-spaa-saun-KADAKA-klubi-1-300x199.jpg 300w\" sizes=\"auto, (max-width: 350px) 100vw, 350px\" \/>KADAKA-klubi on yksityissauna, jossa seurueet voivat j\u00e4rjest\u00e4\u00e4 saunailtoja. Saunan katajasein\u00e4 luo aromiensa ansiosta saunal\u00e4mm\u00f6ss\u00e4 miellytt\u00e4v\u00e4n saarenmaamaisen tunnelman. Klubin aulassa on tilaa enint\u00e4\u00e4n 16 hengen seurueille. Klubilla on oma yksityinen parveke, jossa voi vilvoitella saunan j\u00e4lkeen ja ker\u00e4t\u00e4 puhtia uusiin l\u00f6ylyihin. Klubista p\u00e4\u00e4see suoraan altaille ja muihin SPA &amp; SAUN-saunoihin.<\/p>\n<p>Saunanautintojen lis\u00e4ksi tarjolla on makuaistia hellivi\u00e4 purtavia hotellin NOOT-ravintolasta sek\u00e4 terveellisi\u00e4 juomia ja smoothieita kylpyl\u00e4n baarista. Saatavilla on my\u00f6s catering-palvelu maksimaalisen mukavaan ajanviettoon.<\/p>\n<p><a title=\"KADAKA-klubin yksityissauna\" href=\"https:\/\/www.spaestonia.ee\/resort\/fi\/spaa-ja-saunakeskus\/kadaka-klubin-yksityissauna\/\">Tutustu tarkemmin!<\/a><\/p>\n<p><strong>Lis\u00e4tietoja<\/strong>: e-mail <a href=\"mailto:resort.spa@spaestonia.ee\">resort.spa@spaestonia.ee<\/a>, puh +372 440 1014.<\/p>\n","protected":false},"excerpt":{"rendered":"<p>8 erilaista saunaa SPA&amp;SAUN kylpyl\u00e4ss\u00e4 KUUMA SAUNA 100 \u00b0C KUUMA sauna on perinteinen suomalaistyylinen sauna,&hellip;<\/p>\n","protected":false},"author":1,"featured_media":0,"parent":447,"menu_order":0,"comment_status":"closed","ping_status":"open","template":"page-nobron_page.php","meta":{"footnotes":""},"class_list":["post-5190","page","type-page","status-publish","hentry"],"yoast_head":"<!-- This site is optimized with the Yoast SEO plugin v26.7 - https:\/\/yoast.com\/wordpress\/plugins\/seo\/ -->\n<title>SPA &amp; SAUN - saunat - ESTONIA Resort Hotel Spa<\/title>\n<meta name=\"robots\" content=\"index, follow, max-snippet:-1, max-image-preview:large, max-video-preview:-1\" \/>\n<link rel=\"canonical\" href=\"https:\/\/spaestonia.ee\/resort\/fi\/spaa-ja-saunakeskus\/saunat\/\" \/>\n<meta property=\"og:locale\" content=\"fi_FI\" \/>\n<meta property=\"og:type\" content=\"article\" \/>\n<meta property=\"og:title\" content=\"SPA &amp; SAUN - saunat - ESTONIA Resort Hotel Spa\" \/>\n<meta property=\"og:description\" content=\"8 erilaista saunaa SPA&amp;SAUN kylpyl\u00e4ss\u00e4 KUUMA SAUNA 100 \u00b0C KUUMA sauna on perinteinen suomalaistyylinen sauna,&hellip;\" \/>\n<meta property=\"og:url\" content=\"https:\/\/spaestonia.ee\/resort\/fi\/spaa-ja-saunakeskus\/saunat\/\" \/>\n<meta property=\"og:site_name\" content=\"ESTONIA Resort Hotel Spa\" \/>\n<meta property=\"article:publisher\" content=\"https:\/\/www.facebook.com\/EstoniaResortHotel\" \/>\n<meta property=\"article:modified_time\" content=\"2025-07-29T12:32:29+00:00\" \/>\n<meta property=\"og:image\" content=\"http:\/\/www.spaestonia.ee\/resort\/wp-content\/uploads\/2015\/06\/350-Resort-spaa-saun-KUUM-koht.jpg\" \/>\n<meta name=\"twitter:card\" content=\"summary_large_image\" \/>\n<meta name=\"twitter:label1\" content=\"Arvioitu lukuaika\" \/>\n\t<meta name=\"twitter:data1\" content=\"6 minuuttia\" \/>\n<script type=\"application\/ld+json\" class=\"yoast-schema-graph\">{\"@context\":\"https:\/\/schema.org\",\"@graph\":[{\"@type\":\"WebPage\",\"@id\":\"https:\/\/spaestonia.ee\/resort\/fi\/spaa-ja-saunakeskus\/saunat\/\",\"url\":\"https:\/\/spaestonia.ee\/resort\/fi\/spaa-ja-saunakeskus\/saunat\/\",\"name\":\"SPA & SAUN - saunat - ESTONIA Resort Hotel Spa\",\"isPartOf\":{\"@id\":\"https:\/\/www.spaestonia.ee\/resort\/fi\/#website\"},\"primaryImageOfPage\":{\"@id\":\"https:\/\/spaestonia.ee\/resort\/fi\/spaa-ja-saunakeskus\/saunat\/#primaryimage\"},\"image\":{\"@id\":\"https:\/\/spaestonia.ee\/resort\/fi\/spaa-ja-saunakeskus\/saunat\/#primaryimage\"},\"thumbnailUrl\":\"http:\/\/www.spaestonia.ee\/resort\/wp-content\/uploads\/2015\/06\/350-Resort-spaa-saun-KUUM-koht.jpg\",\"datePublished\":\"2015-06-28T06:51:03+00:00\",\"dateModified\":\"2025-07-29T12:32:29+00:00\",\"breadcrumb\":{\"@id\":\"https:\/\/spaestonia.ee\/resort\/fi\/spaa-ja-saunakeskus\/saunat\/#breadcrumb\"},\"inLanguage\":\"fi\",\"potentialAction\":[{\"@type\":\"ReadAction\",\"target\":[\"https:\/\/spaestonia.ee\/resort\/fi\/spaa-ja-saunakeskus\/saunat\/\"]}]},{\"@type\":\"ImageObject\",\"inLanguage\":\"fi\",\"@id\":\"https:\/\/spaestonia.ee\/resort\/fi\/spaa-ja-saunakeskus\/saunat\/#primaryimage\",\"url\":\"http:\/\/www.spaestonia.ee\/resort\/wp-content\/uploads\/2015\/06\/350-Resort-spaa-saun-KUUM-koht.jpg\",\"contentUrl\":\"http:\/\/www.spaestonia.ee\/resort\/wp-content\/uploads\/2015\/06\/350-Resort-spaa-saun-KUUM-koht.jpg\"},{\"@type\":\"BreadcrumbList\",\"@id\":\"https:\/\/spaestonia.ee\/resort\/fi\/spaa-ja-saunakeskus\/saunat\/#breadcrumb\",\"itemListElement\":[{\"@type\":\"ListItem\",\"position\":1,\"name\":\"Home\",\"item\":\"https:\/\/www.spaestonia.ee\/resort\/fi\/\"},{\"@type\":\"ListItem\",\"position\":2,\"name\":\"Spa &#038; Wellness\",\"item\":\"https:\/\/www.spaestonia.ee\/resort\/fi\/spaa-ja-saunakeskus\/\"},{\"@type\":\"ListItem\",\"position\":3,\"name\":\"SPA &#038; SAUN &#8211; saunat\"}]},{\"@type\":\"WebSite\",\"@id\":\"https:\/\/www.spaestonia.ee\/resort\/fi\/#website\",\"url\":\"https:\/\/www.spaestonia.ee\/resort\/fi\/\",\"name\":\"ESTONIA Resort Hotel Spa\",\"description\":\"E-WoW\",\"publisher\":{\"@id\":\"https:\/\/www.spaestonia.ee\/resort\/fi\/#organization\"},\"potentialAction\":[{\"@type\":\"SearchAction\",\"target\":{\"@type\":\"EntryPoint\",\"urlTemplate\":\"https:\/\/www.spaestonia.ee\/resort\/fi\/?s={search_term_string}\"},\"query-input\":{\"@type\":\"PropertyValueSpecification\",\"valueRequired\":true,\"valueName\":\"search_term_string\"}}],\"inLanguage\":\"fi\"},{\"@type\":\"Organization\",\"@id\":\"https:\/\/www.spaestonia.ee\/resort\/fi\/#organization\",\"name\":\"ESTONIA Resort Hotel Spa\",\"url\":\"https:\/\/www.spaestonia.ee\/resort\/fi\/\",\"logo\":{\"@type\":\"ImageObject\",\"inLanguage\":\"fi\",\"@id\":\"https:\/\/www.spaestonia.ee\/resort\/fi\/#\/schema\/logo\/image\/\",\"url\":\"https:\/\/www.spaestonia.ee\/resort\/wp-content\/uploads\/2025\/02\/resort-hotel-estonia.png\",\"contentUrl\":\"https:\/\/www.spaestonia.ee\/resort\/wp-content\/uploads\/2025\/02\/resort-hotel-estonia.png\",\"width\":400,\"height\":173,\"caption\":\"ESTONIA Resort Hotel Spa\"},\"image\":{\"@id\":\"https:\/\/www.spaestonia.ee\/resort\/fi\/#\/schema\/logo\/image\/\"},\"sameAs\":[\"https:\/\/www.facebook.com\/EstoniaResortHotel\"]}]}<\/script>\n<!-- \/ Yoast SEO plugin. -->","yoast_head_json":{"title":"SPA & SAUN - saunat - ESTONIA Resort Hotel Spa","robots":{"index":"index","follow":"follow","max-snippet":"max-snippet:-1","max-image-preview":"max-image-preview:large","max-video-preview":"max-video-preview:-1"},"canonical":"https:\/\/spaestonia.ee\/resort\/fi\/spaa-ja-saunakeskus\/saunat\/","og_locale":"fi_FI","og_type":"article","og_title":"SPA & SAUN - saunat - ESTONIA Resort Hotel Spa","og_description":"8 erilaista saunaa SPA&amp;SAUN kylpyl\u00e4ss\u00e4 KUUMA SAUNA 100 \u00b0C KUUMA sauna on perinteinen suomalaistyylinen sauna,&hellip;","og_url":"https:\/\/spaestonia.ee\/resort\/fi\/spaa-ja-saunakeskus\/saunat\/","og_site_name":"ESTONIA Resort Hotel Spa","article_publisher":"https:\/\/www.facebook.com\/EstoniaResortHotel","article_modified_time":"2025-07-29T12:32:29+00:00","og_image":[{"url":"http:\/\/www.spaestonia.ee\/resort\/wp-content\/uploads\/2015\/06\/350-Resort-spaa-saun-KUUM-koht.jpg","type":"","width":"","height":""}],"twitter_card":"summary_large_image","twitter_misc":{"Arvioitu lukuaika":"6 minuuttia"},"schema":{"@context":"https:\/\/schema.org","@graph":[{"@type":"WebPage","@id":"https:\/\/spaestonia.ee\/resort\/fi\/spaa-ja-saunakeskus\/saunat\/","url":"https:\/\/spaestonia.ee\/resort\/fi\/spaa-ja-saunakeskus\/saunat\/","name":"SPA & SAUN - saunat - ESTONIA Resort Hotel Spa","isPartOf":{"@id":"https:\/\/www.spaestonia.ee\/resort\/fi\/#website"},"primaryImageOfPage":{"@id":"https:\/\/spaestonia.ee\/resort\/fi\/spaa-ja-saunakeskus\/saunat\/#primaryimage"},"image":{"@id":"https:\/\/spaestonia.ee\/resort\/fi\/spaa-ja-saunakeskus\/saunat\/#primaryimage"},"thumbnailUrl":"http:\/\/www.spaestonia.ee\/resort\/wp-content\/uploads\/2015\/06\/350-Resort-spaa-saun-KUUM-koht.jpg","datePublished":"2015-06-28T06:51:03+00:00","dateModified":"2025-07-29T12:32:29+00:00","breadcrumb":{"@id":"https:\/\/spaestonia.ee\/resort\/fi\/spaa-ja-saunakeskus\/saunat\/#breadcrumb"},"inLanguage":"fi","potentialAction":[{"@type":"ReadAction","target":["https:\/\/spaestonia.ee\/resort\/fi\/spaa-ja-saunakeskus\/saunat\/"]}]},{"@type":"ImageObject","inLanguage":"fi","@id":"https:\/\/spaestonia.ee\/resort\/fi\/spaa-ja-saunakeskus\/saunat\/#primaryimage","url":"http:\/\/www.spaestonia.ee\/resort\/wp-content\/uploads\/2015\/06\/350-Resort-spaa-saun-KUUM-koht.jpg","contentUrl":"http:\/\/www.spaestonia.ee\/resort\/wp-content\/uploads\/2015\/06\/350-Resort-spaa-saun-KUUM-koht.jpg"},{"@type":"BreadcrumbList","@id":"https:\/\/spaestonia.ee\/resort\/fi\/spaa-ja-saunakeskus\/saunat\/#breadcrumb","itemListElement":[{"@type":"ListItem","position":1,"name":"Home","item":"https:\/\/www.spaestonia.ee\/resort\/fi\/"},{"@type":"ListItem","position":2,"name":"Spa &#038; Wellness","item":"https:\/\/www.spaestonia.ee\/resort\/fi\/spaa-ja-saunakeskus\/"},{"@type":"ListItem","position":3,"name":"SPA &#038; SAUN &#8211; saunat"}]},{"@type":"WebSite","@id":"https:\/\/www.spaestonia.ee\/resort\/fi\/#website","url":"https:\/\/www.spaestonia.ee\/resort\/fi\/","name":"ESTONIA Resort Hotel Spa","description":"E-WoW","publisher":{"@id":"https:\/\/www.spaestonia.ee\/resort\/fi\/#organization"},"potentialAction":[{"@type":"SearchAction","target":{"@type":"EntryPoint","urlTemplate":"https:\/\/www.spaestonia.ee\/resort\/fi\/?s={search_term_string}"},"query-input":{"@type":"PropertyValueSpecification","valueRequired":true,"valueName":"search_term_string"}}],"inLanguage":"fi"},{"@type":"Organization","@id":"https:\/\/www.spaestonia.ee\/resort\/fi\/#organization","name":"ESTONIA Resort Hotel Spa","url":"https:\/\/www.spaestonia.ee\/resort\/fi\/","logo":{"@type":"ImageObject","inLanguage":"fi","@id":"https:\/\/www.spaestonia.ee\/resort\/fi\/#\/schema\/logo\/image\/","url":"https:\/\/www.spaestonia.ee\/resort\/wp-content\/uploads\/2025\/02\/resort-hotel-estonia.png","contentUrl":"https:\/\/www.spaestonia.ee\/resort\/wp-content\/uploads\/2025\/02\/resort-hotel-estonia.png","width":400,"height":173,"caption":"ESTONIA Resort Hotel Spa"},"image":{"@id":"https:\/\/www.spaestonia.ee\/resort\/fi\/#\/schema\/logo\/image\/"},"sameAs":["https:\/\/www.facebook.com\/EstoniaResortHotel"]}]}},"_links":{"self":[{"href":"https:\/\/spaestonia.ee\/resort\/fi\/wp-json\/wp\/v2\/pages\/5190","targetHints":{"allow":["GET"]}}],"collection":[{"href":"https:\/\/spaestonia.ee\/resort\/fi\/wp-json\/wp\/v2\/pages"}],"about":[{"href":"https:\/\/spaestonia.ee\/resort\/fi\/wp-json\/wp\/v2\/types\/page"}],"author":[{"embeddable":true,"href":"https:\/\/spaestonia.ee\/resort\/fi\/wp-json\/wp\/v2\/users\/1"}],"replies":[{"embeddable":true,"href":"https:\/\/spaestonia.ee\/resort\/fi\/wp-json\/wp\/v2\/comments?post=5190"}],"version-history":[{"count":19,"href":"https:\/\/spaestonia.ee\/resort\/fi\/wp-json\/wp\/v2\/pages\/5190\/revisions"}],"predecessor-version":[{"id":35667,"href":"https:\/\/spaestonia.ee\/resort\/fi\/wp-json\/wp\/v2\/pages\/5190\/revisions\/35667"}],"up":[{"embeddable":true,"href":"https:\/\/spaestonia.ee\/resort\/fi\/wp-json\/wp\/v2\/pages\/447"}],"wp:attachment":[{"href":"https:\/\/spaestonia.ee\/resort\/fi\/wp-json\/wp\/v2\/media?parent=5190"}],"curies":[{"name":"wp","href":"https:\/\/api.w.org\/{rel}","templated":true}]}}