{"id":5564,"date":"2015-11-30T14:20:07","date_gmt":"2015-11-30T12:20:07","guid":{"rendered":"https:\/\/www.spaestonia.ee\/resort\/?page_id=5564"},"modified":"2026-01-09T11:27:42","modified_gmt":"2026-01-09T09:27:42","slug":"kuolleenmeren-allas","status":"publish","type":"page","link":"https:\/\/spaestonia.ee\/resort\/fi\/spaa-ja-saunakeskus\/kuolleenmeren-allas\/","title":{"rendered":"Kuolleenmeren allas"},"content":{"rendered":"<p>KUOLLUTMERI on suolaj\u00e4rvi, joka sijaitsee 400 m merenpinnan alapuolella Jordaninlaaksossa l\u00e4nness\u00e4 olevien Juudean vuorten ja id\u00e4ss\u00e4 olevien Moabin vuorten v\u00e4liss\u00e4. J\u00e4rven veden suolapitoisuus on yli 30 %. J\u00e4rvi on kolme miljoonaa vuotta vanha ainutkertainen luonnonn\u00e4ht\u00e4vyys, ja sit\u00e4 voisi sanoa maailman suurimmaksi kylpyl\u00e4ksi. Kuollutmeri on ollut jo entisaikoina tunnettu nuoruuden ja terveyden l\u00e4hteen\u00e4.<img loading=\"lazy\" decoding=\"async\" class=\"alignright size-full wp-image-5480\" src=\"https:\/\/www.spaestonia.ee\/resort\/wp-content\/uploads\/2015\/11\/surnumeri-450.jpg\" alt=\"surnumeri-450\" width=\"450\" height=\"300\" srcset=\"https:\/\/spaestonia.ee\/resort\/wp-content\/uploads\/2015\/11\/surnumeri-450.jpg 450w, https:\/\/spaestonia.ee\/resort\/wp-content\/uploads\/2015\/11\/surnumeri-450-300x200.jpg 300w\" sizes=\"auto, (max-width: 450px) 100vw, 450px\" \/><\/p>\n<h3>Kuolleenmeren parantavista ja rentouttavista vaikutuksista voi nauttia ainoana koko Baltiassa ja Skandinaviassa vain ESTONIA Resort Hotel &amp; Spa -hotellin SPA &amp; SAUN -keskuksen Kuolleenmeren altaassa.<\/h3>\n<p>Kuten Kuolleessameress\u00e4kin, ESTONIA Resort Hotel &amp; Span Kuolleenmeren altaassakin veden suola- ja mineraalipitoisuus on 33 %, mink\u00e4 ansiosta ihminen kelluu veden pinnalla itsest\u00e4\u00e4n. Kelluminen Kuolleenmeren altaassa on yksi parhaista keinoista rentoutua. Yhden kelluntakerran suosituspituus on 15\u201325 minuuttia, jonka j\u00e4lkeen kannattaa rentoutua altaan vieress\u00e4 olevilla lepotuoleilla tai kylpyl\u00e4n erilaisissa saunoissa ja muistaa juoda vett\u00e4.<\/p>\n<p><span style=\"font-size: 20px;\"><strong>Hinta<\/strong>: Kuolleessameress\u00e4 kellunta <strong>10 \u20ac<br \/>\n<\/strong><\/span>Hintaan lis\u00e4t\u00e4\u00e4n\u00a0<a title=\"SPA- ja SAUNA -keskuksen hinnasto 2015\" href=\"https:\/\/www.spaestonia.ee\/resort\/fi\/spaa-ja-saunakeskus\/spa-ja-sauna-keskuksen-hinnasto\/\">KYLPYL\u00c4- JA SAUNAOSASTON sis\u00e4\u00e4np\u00e4\u00e4syhinta<\/a>.<\/p>\n<h3>Kuolleenmeren suolan parantava vaikutus:<\/h3>\n<ul>\n<li>Kuolleenmeren suola vaikuttaa elimist\u00f6\u00f6n palauttavasti ja parantavasti, ja sill\u00e4 on my\u00f6s monia sairauksia ennaltaehk\u00e4isevi\u00e4 vaikutuksia.<\/li>\n<li>Merisuola rauhoittaa hermoja, nopeuttaa aineenvaihduntaa ja vaikuttaa positiivisesti verisuonten ja nivelten toimintaan kuin my\u00f6s ihoon ja hiuksiin.<\/li>\n<li>Suola sopii eritt\u00e4in hyvin kaikille, jotka yritt\u00e4v\u00e4t palauttaa ihon sileytt\u00e4 ja hyv\u00e4\u00e4 hiustenkasvua, nivelten notkeutta ja lihasten elastisuutta.<\/li>\n<li>Kuolleenmeren suolakylpy nuorentaa ihoa ja vahvistaa immuunij\u00e4rjestelm\u00e4\u00e4, ja iltakylpy auttaa my\u00f6s nukahtamaan paremmin.<\/li>\n<li>Kuolleenmeren suola auttaa eritt\u00e4in tehokkaasti esimerkiksi ihon kuivuuteen, liikarasvaisuuteen ja \u00e4rtyisyyteen.<\/li>\n<li>Kuollutmeri on t\u00e4ynn\u00e4 tarpeellisia mineraaleja, joilla on t\u00e4rke\u00e4 rooli ihon aineenvaihduntaprosessissa ja oikean kosteustasapainon l\u00f6ytymisess\u00e4.<\/li>\n<\/ul>\n<h3>Kuolleenmeren suolan sis\u00e4lt\u00f6 ja mineraalien teht\u00e4v\u00e4t:<\/h3>\n<p>Kuolleenmeren suola koostuu p\u00e4\u00e4asiassa magnesium-, kalium- ja natriumkloridista, mutta siin\u00e4 on my\u00f6s kalsiumkloridia ja bromia. Kuolleenmeren suolan mineraaleilla on lukuisia teht\u00e4vi\u00e4:<\/p>\n<ul>\n<li><strong>Bromi\u00a0<\/strong>auttaa kudosten luonnollisessa eheytymisess\u00e4 ja toimii luonnonmukaisena antibioottina.<\/li>\n<li><strong>Kalium<\/strong> ja\u00a0<strong>natrium<\/strong>\u00a0auttavat soluja sitomaan kosteutta ja poistamaan tarpeettomia aineita.<\/li>\n<li><strong>Kalsium\u00a0<\/strong>on tarpeellinen solukalvojen vahvistusaine ja huokosten puhdistusaine. Lis\u00e4ksi se yll\u00e4pit\u00e4\u00e4 ja vahvistaa hampaita sek\u00e4 luustoa ja s\u00e4\u00e4nn\u00f6stelee syd\u00e4nlihasten ja hermojen toimintaa.<\/li>\n<li><strong>Rikki\u00a0<\/strong>on tarpeellinen mm. ruoansulatusj\u00e4rjestelm\u00e4n toiminnassa sek\u00e4 hiilihydraattien ja monien vitamiinien imeytymisess\u00e4.<\/li>\n<li><strong>Magnesium\u00a0<\/strong>on v\u00e4ltt\u00e4m\u00e4t\u00f6n lihasten rentouttamisessa sek\u00e4 depression, v\u00e4symyksen ja psyykkisten oireiden lievent\u00e4misess\u00e4. Lis\u00e4ksi se vahvistaa hampaita, est\u00e4\u00e4 syd\u00e4ninfarkteja, lievitt\u00e4\u00e4 unih\u00e4iri\u00f6it\u00e4 ja pit\u00e4\u00e4 selk\u00e4- ja niskakivun loitolla.<\/li>\n<\/ul>\n<p>Lis\u00e4tietoja: <a href=\"mailto:resort.spa@spaestonia.ee\">resort.spa@spaestonia.ee<\/a>, +372 440 1014.<\/p>\n","protected":false},"excerpt":{"rendered":"<p>KUOLLUTMERI on suolaj\u00e4rvi, joka sijaitsee 400 m merenpinnan alapuolella Jordaninlaaksossa l\u00e4nness\u00e4 olevien Juudean vuorten ja&hellip;<\/p>\n","protected":false},"author":1,"featured_media":0,"parent":447,"menu_order":0,"comment_status":"closed","ping_status":"open","template":"","meta":{"footnotes":""},"class_list":["post-5564","page","type-page","status-publish","hentry"],"yoast_head":"<!-- This site is optimized with the Yoast SEO plugin v26.7 - https:\/\/yoast.com\/wordpress\/plugins\/seo\/ -->\n<title>Kuolleenmeren allas - ESTONIA Resort Hotel Spa<\/title>\n<meta name=\"robots\" content=\"index, follow, max-snippet:-1, max-image-preview:large, max-video-preview:-1\" \/>\n<link rel=\"canonical\" href=\"https:\/\/spaestonia.ee\/resort\/fi\/spaa-ja-saunakeskus\/kuolleenmeren-allas\/\" \/>\n<meta property=\"og:locale\" content=\"fi_FI\" \/>\n<meta property=\"og:type\" content=\"article\" \/>\n<meta property=\"og:title\" content=\"Kuolleenmeren allas - ESTONIA Resort Hotel Spa\" \/>\n<meta property=\"og:description\" content=\"KUOLLUTMERI on suolaj\u00e4rvi, joka sijaitsee 400 m merenpinnan alapuolella Jordaninlaaksossa l\u00e4nness\u00e4 olevien Juudean vuorten ja&hellip;\" \/>\n<meta property=\"og:url\" content=\"https:\/\/spaestonia.ee\/resort\/fi\/spaa-ja-saunakeskus\/kuolleenmeren-allas\/\" \/>\n<meta property=\"og:site_name\" content=\"ESTONIA Resort Hotel Spa\" \/>\n<meta property=\"article:publisher\" content=\"https:\/\/www.facebook.com\/EstoniaResortHotel\" \/>\n<meta property=\"article:modified_time\" content=\"2026-01-09T09:27:42+00:00\" \/>\n<meta property=\"og:image\" content=\"https:\/\/www.spaestonia.ee\/resort\/wp-content\/uploads\/2015\/11\/surnumeri-450.jpg\" \/>\n<meta name=\"twitter:card\" content=\"summary_large_image\" \/>\n<meta name=\"twitter:label1\" content=\"Arvioitu lukuaika\" \/>\n\t<meta name=\"twitter:data1\" content=\"3 minuuttia\" \/>\n<script type=\"application\/ld+json\" class=\"yoast-schema-graph\">{\"@context\":\"https:\/\/schema.org\",\"@graph\":[{\"@type\":\"WebPage\",\"@id\":\"https:\/\/spaestonia.ee\/resort\/fi\/spaa-ja-saunakeskus\/kuolleenmeren-allas\/\",\"url\":\"https:\/\/spaestonia.ee\/resort\/fi\/spaa-ja-saunakeskus\/kuolleenmeren-allas\/\",\"name\":\"Kuolleenmeren allas - ESTONIA Resort Hotel Spa\",\"isPartOf\":{\"@id\":\"https:\/\/www.spaestonia.ee\/resort\/fi\/#website\"},\"primaryImageOfPage\":{\"@id\":\"https:\/\/spaestonia.ee\/resort\/fi\/spaa-ja-saunakeskus\/kuolleenmeren-allas\/#primaryimage\"},\"image\":{\"@id\":\"https:\/\/spaestonia.ee\/resort\/fi\/spaa-ja-saunakeskus\/kuolleenmeren-allas\/#primaryimage\"},\"thumbnailUrl\":\"https:\/\/www.spaestonia.ee\/resort\/wp-content\/uploads\/2015\/11\/surnumeri-450.jpg\",\"datePublished\":\"2015-11-30T12:20:07+00:00\",\"dateModified\":\"2026-01-09T09:27:42+00:00\",\"breadcrumb\":{\"@id\":\"https:\/\/spaestonia.ee\/resort\/fi\/spaa-ja-saunakeskus\/kuolleenmeren-allas\/#breadcrumb\"},\"inLanguage\":\"fi\",\"potentialAction\":[{\"@type\":\"ReadAction\",\"target\":[\"https:\/\/spaestonia.ee\/resort\/fi\/spaa-ja-saunakeskus\/kuolleenmeren-allas\/\"]}]},{\"@type\":\"ImageObject\",\"inLanguage\":\"fi\",\"@id\":\"https:\/\/spaestonia.ee\/resort\/fi\/spaa-ja-saunakeskus\/kuolleenmeren-allas\/#primaryimage\",\"url\":\"https:\/\/www.spaestonia.ee\/resort\/wp-content\/uploads\/2015\/11\/surnumeri-450.jpg\",\"contentUrl\":\"https:\/\/www.spaestonia.ee\/resort\/wp-content\/uploads\/2015\/11\/surnumeri-450.jpg\"},{\"@type\":\"BreadcrumbList\",\"@id\":\"https:\/\/spaestonia.ee\/resort\/fi\/spaa-ja-saunakeskus\/kuolleenmeren-allas\/#breadcrumb\",\"itemListElement\":[{\"@type\":\"ListItem\",\"position\":1,\"name\":\"Home\",\"item\":\"https:\/\/www.spaestonia.ee\/resort\/fi\/\"},{\"@type\":\"ListItem\",\"position\":2,\"name\":\"Spa &#038; Wellness\",\"item\":\"https:\/\/www.spaestonia.ee\/resort\/fi\/spaa-ja-saunakeskus\/\"},{\"@type\":\"ListItem\",\"position\":3,\"name\":\"Kuolleenmeren allas\"}]},{\"@type\":\"WebSite\",\"@id\":\"https:\/\/www.spaestonia.ee\/resort\/fi\/#website\",\"url\":\"https:\/\/www.spaestonia.ee\/resort\/fi\/\",\"name\":\"ESTONIA Resort Hotel Spa\",\"description\":\"E-WoW\",\"publisher\":{\"@id\":\"https:\/\/www.spaestonia.ee\/resort\/fi\/#organization\"},\"potentialAction\":[{\"@type\":\"SearchAction\",\"target\":{\"@type\":\"EntryPoint\",\"urlTemplate\":\"https:\/\/www.spaestonia.ee\/resort\/fi\/?s={search_term_string}\"},\"query-input\":{\"@type\":\"PropertyValueSpecification\",\"valueRequired\":true,\"valueName\":\"search_term_string\"}}],\"inLanguage\":\"fi\"},{\"@type\":\"Organization\",\"@id\":\"https:\/\/www.spaestonia.ee\/resort\/fi\/#organization\",\"name\":\"ESTONIA Resort Hotel Spa\",\"url\":\"https:\/\/www.spaestonia.ee\/resort\/fi\/\",\"logo\":{\"@type\":\"ImageObject\",\"inLanguage\":\"fi\",\"@id\":\"https:\/\/www.spaestonia.ee\/resort\/fi\/#\/schema\/logo\/image\/\",\"url\":\"https:\/\/www.spaestonia.ee\/resort\/wp-content\/uploads\/2025\/02\/resort-hotel-estonia.png\",\"contentUrl\":\"https:\/\/www.spaestonia.ee\/resort\/wp-content\/uploads\/2025\/02\/resort-hotel-estonia.png\",\"width\":400,\"height\":173,\"caption\":\"ESTONIA Resort Hotel Spa\"},\"image\":{\"@id\":\"https:\/\/www.spaestonia.ee\/resort\/fi\/#\/schema\/logo\/image\/\"},\"sameAs\":[\"https:\/\/www.facebook.com\/EstoniaResortHotel\"]}]}<\/script>\n<!-- \/ Yoast SEO plugin. -->","yoast_head_json":{"title":"Kuolleenmeren allas - ESTONIA Resort Hotel Spa","robots":{"index":"index","follow":"follow","max-snippet":"max-snippet:-1","max-image-preview":"max-image-preview:large","max-video-preview":"max-video-preview:-1"},"canonical":"https:\/\/spaestonia.ee\/resort\/fi\/spaa-ja-saunakeskus\/kuolleenmeren-allas\/","og_locale":"fi_FI","og_type":"article","og_title":"Kuolleenmeren allas - ESTONIA Resort Hotel Spa","og_description":"KUOLLUTMERI on suolaj\u00e4rvi, joka sijaitsee 400 m merenpinnan alapuolella Jordaninlaaksossa l\u00e4nness\u00e4 olevien Juudean vuorten ja&hellip;","og_url":"https:\/\/spaestonia.ee\/resort\/fi\/spaa-ja-saunakeskus\/kuolleenmeren-allas\/","og_site_name":"ESTONIA Resort Hotel Spa","article_publisher":"https:\/\/www.facebook.com\/EstoniaResortHotel","article_modified_time":"2026-01-09T09:27:42+00:00","og_image":[{"url":"https:\/\/www.spaestonia.ee\/resort\/wp-content\/uploads\/2015\/11\/surnumeri-450.jpg","type":"","width":"","height":""}],"twitter_card":"summary_large_image","twitter_misc":{"Arvioitu lukuaika":"3 minuuttia"},"schema":{"@context":"https:\/\/schema.org","@graph":[{"@type":"WebPage","@id":"https:\/\/spaestonia.ee\/resort\/fi\/spaa-ja-saunakeskus\/kuolleenmeren-allas\/","url":"https:\/\/spaestonia.ee\/resort\/fi\/spaa-ja-saunakeskus\/kuolleenmeren-allas\/","name":"Kuolleenmeren allas - ESTONIA Resort Hotel Spa","isPartOf":{"@id":"https:\/\/www.spaestonia.ee\/resort\/fi\/#website"},"primaryImageOfPage":{"@id":"https:\/\/spaestonia.ee\/resort\/fi\/spaa-ja-saunakeskus\/kuolleenmeren-allas\/#primaryimage"},"image":{"@id":"https:\/\/spaestonia.ee\/resort\/fi\/spaa-ja-saunakeskus\/kuolleenmeren-allas\/#primaryimage"},"thumbnailUrl":"https:\/\/www.spaestonia.ee\/resort\/wp-content\/uploads\/2015\/11\/surnumeri-450.jpg","datePublished":"2015-11-30T12:20:07+00:00","dateModified":"2026-01-09T09:27:42+00:00","breadcrumb":{"@id":"https:\/\/spaestonia.ee\/resort\/fi\/spaa-ja-saunakeskus\/kuolleenmeren-allas\/#breadcrumb"},"inLanguage":"fi","potentialAction":[{"@type":"ReadAction","target":["https:\/\/spaestonia.ee\/resort\/fi\/spaa-ja-saunakeskus\/kuolleenmeren-allas\/"]}]},{"@type":"ImageObject","inLanguage":"fi","@id":"https:\/\/spaestonia.ee\/resort\/fi\/spaa-ja-saunakeskus\/kuolleenmeren-allas\/#primaryimage","url":"https:\/\/www.spaestonia.ee\/resort\/wp-content\/uploads\/2015\/11\/surnumeri-450.jpg","contentUrl":"https:\/\/www.spaestonia.ee\/resort\/wp-content\/uploads\/2015\/11\/surnumeri-450.jpg"},{"@type":"BreadcrumbList","@id":"https:\/\/spaestonia.ee\/resort\/fi\/spaa-ja-saunakeskus\/kuolleenmeren-allas\/#breadcrumb","itemListElement":[{"@type":"ListItem","position":1,"name":"Home","item":"https:\/\/www.spaestonia.ee\/resort\/fi\/"},{"@type":"ListItem","position":2,"name":"Spa &#038; Wellness","item":"https:\/\/www.spaestonia.ee\/resort\/fi\/spaa-ja-saunakeskus\/"},{"@type":"ListItem","position":3,"name":"Kuolleenmeren allas"}]},{"@type":"WebSite","@id":"https:\/\/www.spaestonia.ee\/resort\/fi\/#website","url":"https:\/\/www.spaestonia.ee\/resort\/fi\/","name":"ESTONIA Resort Hotel Spa","description":"E-WoW","publisher":{"@id":"https:\/\/www.spaestonia.ee\/resort\/fi\/#organization"},"potentialAction":[{"@type":"SearchAction","target":{"@type":"EntryPoint","urlTemplate":"https:\/\/www.spaestonia.ee\/resort\/fi\/?s={search_term_string}"},"query-input":{"@type":"PropertyValueSpecification","valueRequired":true,"valueName":"search_term_string"}}],"inLanguage":"fi"},{"@type":"Organization","@id":"https:\/\/www.spaestonia.ee\/resort\/fi\/#organization","name":"ESTONIA Resort Hotel Spa","url":"https:\/\/www.spaestonia.ee\/resort\/fi\/","logo":{"@type":"ImageObject","inLanguage":"fi","@id":"https:\/\/www.spaestonia.ee\/resort\/fi\/#\/schema\/logo\/image\/","url":"https:\/\/www.spaestonia.ee\/resort\/wp-content\/uploads\/2025\/02\/resort-hotel-estonia.png","contentUrl":"https:\/\/www.spaestonia.ee\/resort\/wp-content\/uploads\/2025\/02\/resort-hotel-estonia.png","width":400,"height":173,"caption":"ESTONIA Resort Hotel Spa"},"image":{"@id":"https:\/\/www.spaestonia.ee\/resort\/fi\/#\/schema\/logo\/image\/"},"sameAs":["https:\/\/www.facebook.com\/EstoniaResortHotel"]}]}},"_links":{"self":[{"href":"https:\/\/spaestonia.ee\/resort\/fi\/wp-json\/wp\/v2\/pages\/5564","targetHints":{"allow":["GET"]}}],"collection":[{"href":"https:\/\/spaestonia.ee\/resort\/fi\/wp-json\/wp\/v2\/pages"}],"about":[{"href":"https:\/\/spaestonia.ee\/resort\/fi\/wp-json\/wp\/v2\/types\/page"}],"author":[{"embeddable":true,"href":"https:\/\/spaestonia.ee\/resort\/fi\/wp-json\/wp\/v2\/users\/1"}],"replies":[{"embeddable":true,"href":"https:\/\/spaestonia.ee\/resort\/fi\/wp-json\/wp\/v2\/comments?post=5564"}],"version-history":[{"count":6,"href":"https:\/\/spaestonia.ee\/resort\/fi\/wp-json\/wp\/v2\/pages\/5564\/revisions"}],"predecessor-version":[{"id":46039,"href":"https:\/\/spaestonia.ee\/resort\/fi\/wp-json\/wp\/v2\/pages\/5564\/revisions\/46039"}],"up":[{"embeddable":true,"href":"https:\/\/spaestonia.ee\/resort\/fi\/wp-json\/wp\/v2\/pages\/447"}],"wp:attachment":[{"href":"https:\/\/spaestonia.ee\/resort\/fi\/wp-json\/wp\/v2\/media?parent=5564"}],"curies":[{"name":"wp","href":"https:\/\/api.w.org\/{rel}","templated":true}]}}