{"id":5956,"date":"2015-06-27T07:56:43","date_gmt":"2015-06-27T04:56:43","guid":{"rendered":"https:\/\/www.spaestonia.ee\/resort\/?page_id=5956"},"modified":"2025-09-10T09:16:50","modified_gmt":"2025-09-10T06:16:50","slug":"sijanti-ja-pysakointi","status":"publish","type":"page","link":"https:\/\/spaestonia.ee\/resort\/fi\/meista\/sijanti-ja-pysakointi\/","title":{"rendered":"Sijanti ja pys\u00e4kointi"},"content":{"rendered":"<p>ESTONIA Resort Hotel &amp; Spa sijaitsee aivan rannan l\u00e4heisyydess\u00e4, 5 minuutin matkan p\u00e4\u00e4ss\u00e4 ja 15 minuutin k\u00e4velymatkan et\u00e4isyydell\u00e4 P\u00e4rnun keskustasta.<\/p>\n<p><strong>Osoite:<\/strong><br \/>\nHotelli ja ravintola \u2013 A. H. Tammsaare pst 4a, P\u00e4rnu, Viro, <a href=\"https:\/\/www.google.com\/maps\/dir\/58.3779486,24.5007516\/@58.3779541,24.4961382,16z\/data=!3m1!4b1!4m2!4m1!3e0?hl=et\">Google Maps<\/a><br \/>\nSpaa- ja konferenssitalo \u2013 A. H. Tammsaare pst 6, P\u00e4rnu, Viro, <a href=\"https:\/\/www.google.com\/maps\/dir\/A.+H.+Tammsaare+puiestee+6,+P%C3%A4rnu,+P%C3%A4rnu+linn,+Eesti\/@58.3773871,24.4974824,16z\/data=!3m1!4b1!4m9!4m8!1m0!1m5!1m1!1s0x46ecfd1bdd4f52ed:0x3f8231317217a05e!2m2!1d24.5020958!2d58.3773816!3e0?hl=et\">Google Maps<\/a><\/p>\n<hr \/>\n<p><img loading=\"lazy\" decoding=\"async\" class=\"wp-image-41141 alignright\" src=\"http:\/\/www.spaestonia.ee\/resort\/wp-content\/uploads\/2024\/04\/Parkimine_Estonia-Resort-Hotel-Spa.jpg\" alt=\"Parkimine\" width=\"414\" height=\"316\" \/><\/p>\n<h2><strong>P1 parkkialue &#8211; <\/strong>hotellin p\u00e4\u00e4oven edess\u00e4\/vieress\u00e4<\/h2>\n<p>Hotellin asiakkaille. Paikkam\u00e4\u00e4r\u00e4 on rajallinen. Pys\u00e4k\u00f6intipaikka tulee varata ennakkoon, paikka on taattu.<\/p>\n<p><strong><span style=\"font-size: 20px; color: #ad9164;\">HINNAT<\/span><br \/>\n<\/strong><strong>1.5-31.8 \u2013\u00a0<\/strong>20 \u20ac\/ 1 y\u00f6 <strong><br \/>\n1.9-30.4 \u2013 \u00a0<\/strong>15 \u20ac\/ 1 y\u00f6<br \/>\n<strong>Pys\u00e4k\u00f6intimittarilla 30 min ilmaiseksi<\/strong><\/p>\n<p>Pys\u00e4k\u00f6inti on voimassa sis\u00e4\u00e4nkirjautumisesta uloskirjautumiseen.<br \/>\n<strong>P1 pys\u00e4k\u00f6innin rekister\u00f6inti ja maksu VAIN hotellin\/ spa-keskuksen vastaanottoon!<\/strong><\/p>\n<hr \/>\n<h2><strong>P2<\/strong>\u00a0<strong>parkkialue<\/strong> &#8211; hotellin p\u00e4\u00e4oven edess\u00e4\/vieress\u00e4<\/h2>\n<p>Hotellin, ravintolan, kylpyl\u00e4hoitoihin tuleville, kylpyl\u00e4keskuksen ja konferenssien asiakkaille.<br \/>\nPys\u00e4k\u00f6intipaikkaa ei voi varata ennakkoon, paikka ei ole taattu.<\/p>\n<p><strong>HYOM!<\/strong>\u00a0Pys\u00e4k\u00f6intilupa\u00a0P2-pys\u00e4k\u00f6intialueella ei takaa pys\u00e4k\u00f6intipaikkaa koko hotellissa oloajaksi, jos asiakas poistuu v\u00e4lill\u00e4 hotellin pys\u00e4k\u00f6intialueelta.<\/p>\n<p><span style=\"color: #ad9164;\"><strong>P<span style=\"font-size: 20px;\">2 parkkialue on maksullista <\/span><\/strong><\/span><span style=\"font-size: 20px;\"><strong><span style=\"color: #ad9164;\">1.5-31.8, muina aikoina maksuton<br \/>\n<\/span><\/strong><span style=\"color: #ad9164;\"><strong>HINNAT:<br \/>\n<\/strong><\/span><\/span><strong>Pys\u00e4k\u00f6intimittarilla 30 min ilmaiseksi<br \/>\n<\/strong><strong>5 \u20ac \/ 3h<br \/>\n10 \u20ac \/ y\u00f6 <\/strong><em>(voimassa sis\u00e4\u00e4nkirjautumisesta uloskirjautumiseen)<br \/>\n<\/em><b>HUOM! P<\/b><strong>ys\u00e4k\u00f6innin rekister\u00f6inti ja maksu VAIN hotellin\/ spa-keskuksen vastaanottoon!<\/strong><\/p>\n<hr \/>\n<p><strong>Liikkumisesteisen henkil\u00f6n ajoneuvon pys\u00e4k\u00f6inti on hotellin pys\u00e4k\u00f6intialueella ilmaista:<\/strong><br \/>\n\u2013 liikkumisesteinen kuljettaja tai liikkumisesteist\u00e4 tai sokeaa henkil\u00f6\u00e4 palveleva moottoriajoneuvon kuljettaja on vapautettu pys\u00e4k\u00f6intimaksun maksamisesta hotellin pys\u00e4k\u00f6intialueella.<br \/>\n\u2013 pys\u00e4k\u00f6intimaksusta vapautusta todistaa liikennelain \u00a7:ss\u00e4 167 mainittu liikkumisesteist\u00e4 tai sokeaa henkil\u00f6\u00e4 palvelevan ajoneuvon pys\u00e4k\u00f6intilupa.<br \/>\n\u2013 pys\u00e4k\u00f6intilupa tulee olla moottoriajoneuvon tuuli- tai takalasissa.<\/p>\n<p><strong><a href=\"https:\/\/europark.ee\/\">Pys\u00e4k\u00f6inti\u00e4 j\u00e4rjest\u00e4\u00e4 EuroPark ESTONIA O\u00dc.<\/a><\/strong><\/p>\n<hr \/>\n<p><strong>Tutustu kaupungin katujen pys\u00e4k\u00f6intiehtoihin Visit P\u00e4rnun verkkosivulla<\/strong> <strong><a href=\"https:\/\/visitparnu.com\/fi\/pysakointi-parnussa\/\">visitparnu.com<\/a><\/strong><\/p>\n<p><iframe loading=\"lazy\" src=\"https:\/\/www.google.com\/maps\/embed?pb=!1m14!1m8!1m3!1d16735.33031820795!2d24.5007516!3d58.3779486!3m2!1i1024!2i768!4f13.1!3m3!1m2!1s0x46ecfd1bd1577545%3A0x5df8e7ad635e3fe8!2sA.+H.+Tammsaare+puiestee+4a%2C+P%C3%A4rnu%2C+80014+P%C3%A4rnu+maakond!5e0!3m2!1sen!2see!4v1438148022268\" width=\"600\" height=\"450\" frameborder=\"0\" allowfullscreen=\"allowfullscreen\"><\/iframe><\/p>\n","protected":false},"excerpt":{"rendered":"<p>ESTONIA Resort Hotel &amp; Spa sijaitsee aivan rannan l\u00e4heisyydess\u00e4, 5 minuutin matkan p\u00e4\u00e4ss\u00e4 ja 15&hellip;<\/p>\n","protected":false},"author":1,"featured_media":0,"parent":2258,"menu_order":0,"comment_status":"closed","ping_status":"open","template":"","meta":{"footnotes":""},"class_list":["post-5956","page","type-page","status-publish","hentry"],"yoast_head":"<!-- This site is optimized with the Yoast SEO plugin v26.7 - https:\/\/yoast.com\/wordpress\/plugins\/seo\/ -->\n<title>Sijanti ja pys\u00e4kointi - ESTONIA Resort Hotel Spa<\/title>\n<meta name=\"robots\" content=\"index, follow, max-snippet:-1, max-image-preview:large, max-video-preview:-1\" \/>\n<link rel=\"canonical\" href=\"https:\/\/spaestonia.ee\/resort\/fi\/meista\/sijanti-ja-pysakointi\/\" \/>\n<meta property=\"og:locale\" content=\"fi_FI\" \/>\n<meta property=\"og:type\" content=\"article\" \/>\n<meta property=\"og:title\" content=\"Sijanti ja pys\u00e4kointi - ESTONIA Resort Hotel Spa\" \/>\n<meta property=\"og:description\" content=\"ESTONIA Resort Hotel &amp; Spa sijaitsee aivan rannan l\u00e4heisyydess\u00e4, 5 minuutin matkan p\u00e4\u00e4ss\u00e4 ja 15&hellip;\" \/>\n<meta property=\"og:url\" content=\"https:\/\/spaestonia.ee\/resort\/fi\/meista\/sijanti-ja-pysakointi\/\" \/>\n<meta property=\"og:site_name\" content=\"ESTONIA Resort Hotel Spa\" \/>\n<meta property=\"article:publisher\" content=\"https:\/\/www.facebook.com\/EstoniaResortHotel\" \/>\n<meta property=\"article:modified_time\" content=\"2025-09-10T06:16:50+00:00\" \/>\n<meta property=\"og:image\" content=\"http:\/\/www.spaestonia.ee\/resort\/wp-content\/uploads\/2024\/04\/Parkimine_Estonia-Resort-Hotel-Spa.jpg\" \/>\n<meta name=\"twitter:card\" content=\"summary_large_image\" \/>\n<meta name=\"twitter:label1\" content=\"Arvioitu lukuaika\" \/>\n\t<meta name=\"twitter:data1\" content=\"2 minuuttia\" \/>\n<script type=\"application\/ld+json\" class=\"yoast-schema-graph\">{\"@context\":\"https:\/\/schema.org\",\"@graph\":[{\"@type\":\"WebPage\",\"@id\":\"https:\/\/spaestonia.ee\/resort\/fi\/meista\/sijanti-ja-pysakointi\/\",\"url\":\"https:\/\/spaestonia.ee\/resort\/fi\/meista\/sijanti-ja-pysakointi\/\",\"name\":\"Sijanti ja pys\u00e4kointi - ESTONIA Resort Hotel Spa\",\"isPartOf\":{\"@id\":\"https:\/\/www.spaestonia.ee\/resort\/fi\/#website\"},\"primaryImageOfPage\":{\"@id\":\"https:\/\/spaestonia.ee\/resort\/fi\/meista\/sijanti-ja-pysakointi\/#primaryimage\"},\"image\":{\"@id\":\"https:\/\/spaestonia.ee\/resort\/fi\/meista\/sijanti-ja-pysakointi\/#primaryimage\"},\"thumbnailUrl\":\"http:\/\/www.spaestonia.ee\/resort\/wp-content\/uploads\/2024\/04\/Parkimine_Estonia-Resort-Hotel-Spa.jpg\",\"datePublished\":\"2015-06-27T04:56:43+00:00\",\"dateModified\":\"2025-09-10T06:16:50+00:00\",\"breadcrumb\":{\"@id\":\"https:\/\/spaestonia.ee\/resort\/fi\/meista\/sijanti-ja-pysakointi\/#breadcrumb\"},\"inLanguage\":\"fi\",\"potentialAction\":[{\"@type\":\"ReadAction\",\"target\":[\"https:\/\/spaestonia.ee\/resort\/fi\/meista\/sijanti-ja-pysakointi\/\"]}]},{\"@type\":\"ImageObject\",\"inLanguage\":\"fi\",\"@id\":\"https:\/\/spaestonia.ee\/resort\/fi\/meista\/sijanti-ja-pysakointi\/#primaryimage\",\"url\":\"http:\/\/www.spaestonia.ee\/resort\/wp-content\/uploads\/2024\/04\/Parkimine_Estonia-Resort-Hotel-Spa.jpg\",\"contentUrl\":\"http:\/\/www.spaestonia.ee\/resort\/wp-content\/uploads\/2024\/04\/Parkimine_Estonia-Resort-Hotel-Spa.jpg\"},{\"@type\":\"BreadcrumbList\",\"@id\":\"https:\/\/spaestonia.ee\/resort\/fi\/meista\/sijanti-ja-pysakointi\/#breadcrumb\",\"itemListElement\":[{\"@type\":\"ListItem\",\"position\":1,\"name\":\"Home\",\"item\":\"https:\/\/www.spaestonia.ee\/resort\/fi\/\"},{\"@type\":\"ListItem\",\"position\":2,\"name\":\"Meist\u00e4\",\"item\":\"https:\/\/www.spaestonia.ee\/resort\/fi\/meista\/\"},{\"@type\":\"ListItem\",\"position\":3,\"name\":\"Sijanti ja pys\u00e4kointi\"}]},{\"@type\":\"WebSite\",\"@id\":\"https:\/\/www.spaestonia.ee\/resort\/fi\/#website\",\"url\":\"https:\/\/www.spaestonia.ee\/resort\/fi\/\",\"name\":\"ESTONIA Resort Hotel Spa\",\"description\":\"E-WoW\",\"publisher\":{\"@id\":\"https:\/\/www.spaestonia.ee\/resort\/fi\/#organization\"},\"potentialAction\":[{\"@type\":\"SearchAction\",\"target\":{\"@type\":\"EntryPoint\",\"urlTemplate\":\"https:\/\/www.spaestonia.ee\/resort\/fi\/?s={search_term_string}\"},\"query-input\":{\"@type\":\"PropertyValueSpecification\",\"valueRequired\":true,\"valueName\":\"search_term_string\"}}],\"inLanguage\":\"fi\"},{\"@type\":\"Organization\",\"@id\":\"https:\/\/www.spaestonia.ee\/resort\/fi\/#organization\",\"name\":\"ESTONIA Resort Hotel Spa\",\"url\":\"https:\/\/www.spaestonia.ee\/resort\/fi\/\",\"logo\":{\"@type\":\"ImageObject\",\"inLanguage\":\"fi\",\"@id\":\"https:\/\/www.spaestonia.ee\/resort\/fi\/#\/schema\/logo\/image\/\",\"url\":\"https:\/\/www.spaestonia.ee\/resort\/wp-content\/uploads\/2025\/02\/resort-hotel-estonia.png\",\"contentUrl\":\"https:\/\/www.spaestonia.ee\/resort\/wp-content\/uploads\/2025\/02\/resort-hotel-estonia.png\",\"width\":400,\"height\":173,\"caption\":\"ESTONIA Resort Hotel Spa\"},\"image\":{\"@id\":\"https:\/\/www.spaestonia.ee\/resort\/fi\/#\/schema\/logo\/image\/\"},\"sameAs\":[\"https:\/\/www.facebook.com\/EstoniaResortHotel\"]}]}<\/script>\n<!-- \/ Yoast SEO plugin. -->","yoast_head_json":{"title":"Sijanti ja pys\u00e4kointi - ESTONIA Resort Hotel Spa","robots":{"index":"index","follow":"follow","max-snippet":"max-snippet:-1","max-image-preview":"max-image-preview:large","max-video-preview":"max-video-preview:-1"},"canonical":"https:\/\/spaestonia.ee\/resort\/fi\/meista\/sijanti-ja-pysakointi\/","og_locale":"fi_FI","og_type":"article","og_title":"Sijanti ja pys\u00e4kointi - ESTONIA Resort Hotel Spa","og_description":"ESTONIA Resort Hotel &amp; Spa sijaitsee aivan rannan l\u00e4heisyydess\u00e4, 5 minuutin matkan p\u00e4\u00e4ss\u00e4 ja 15&hellip;","og_url":"https:\/\/spaestonia.ee\/resort\/fi\/meista\/sijanti-ja-pysakointi\/","og_site_name":"ESTONIA Resort Hotel Spa","article_publisher":"https:\/\/www.facebook.com\/EstoniaResortHotel","article_modified_time":"2025-09-10T06:16:50+00:00","og_image":[{"url":"http:\/\/www.spaestonia.ee\/resort\/wp-content\/uploads\/2024\/04\/Parkimine_Estonia-Resort-Hotel-Spa.jpg","type":"","width":"","height":""}],"twitter_card":"summary_large_image","twitter_misc":{"Arvioitu lukuaika":"2 minuuttia"},"schema":{"@context":"https:\/\/schema.org","@graph":[{"@type":"WebPage","@id":"https:\/\/spaestonia.ee\/resort\/fi\/meista\/sijanti-ja-pysakointi\/","url":"https:\/\/spaestonia.ee\/resort\/fi\/meista\/sijanti-ja-pysakointi\/","name":"Sijanti ja pys\u00e4kointi - ESTONIA Resort Hotel Spa","isPartOf":{"@id":"https:\/\/www.spaestonia.ee\/resort\/fi\/#website"},"primaryImageOfPage":{"@id":"https:\/\/spaestonia.ee\/resort\/fi\/meista\/sijanti-ja-pysakointi\/#primaryimage"},"image":{"@id":"https:\/\/spaestonia.ee\/resort\/fi\/meista\/sijanti-ja-pysakointi\/#primaryimage"},"thumbnailUrl":"http:\/\/www.spaestonia.ee\/resort\/wp-content\/uploads\/2024\/04\/Parkimine_Estonia-Resort-Hotel-Spa.jpg","datePublished":"2015-06-27T04:56:43+00:00","dateModified":"2025-09-10T06:16:50+00:00","breadcrumb":{"@id":"https:\/\/spaestonia.ee\/resort\/fi\/meista\/sijanti-ja-pysakointi\/#breadcrumb"},"inLanguage":"fi","potentialAction":[{"@type":"ReadAction","target":["https:\/\/spaestonia.ee\/resort\/fi\/meista\/sijanti-ja-pysakointi\/"]}]},{"@type":"ImageObject","inLanguage":"fi","@id":"https:\/\/spaestonia.ee\/resort\/fi\/meista\/sijanti-ja-pysakointi\/#primaryimage","url":"http:\/\/www.spaestonia.ee\/resort\/wp-content\/uploads\/2024\/04\/Parkimine_Estonia-Resort-Hotel-Spa.jpg","contentUrl":"http:\/\/www.spaestonia.ee\/resort\/wp-content\/uploads\/2024\/04\/Parkimine_Estonia-Resort-Hotel-Spa.jpg"},{"@type":"BreadcrumbList","@id":"https:\/\/spaestonia.ee\/resort\/fi\/meista\/sijanti-ja-pysakointi\/#breadcrumb","itemListElement":[{"@type":"ListItem","position":1,"name":"Home","item":"https:\/\/www.spaestonia.ee\/resort\/fi\/"},{"@type":"ListItem","position":2,"name":"Meist\u00e4","item":"https:\/\/www.spaestonia.ee\/resort\/fi\/meista\/"},{"@type":"ListItem","position":3,"name":"Sijanti ja pys\u00e4kointi"}]},{"@type":"WebSite","@id":"https:\/\/www.spaestonia.ee\/resort\/fi\/#website","url":"https:\/\/www.spaestonia.ee\/resort\/fi\/","name":"ESTONIA Resort Hotel Spa","description":"E-WoW","publisher":{"@id":"https:\/\/www.spaestonia.ee\/resort\/fi\/#organization"},"potentialAction":[{"@type":"SearchAction","target":{"@type":"EntryPoint","urlTemplate":"https:\/\/www.spaestonia.ee\/resort\/fi\/?s={search_term_string}"},"query-input":{"@type":"PropertyValueSpecification","valueRequired":true,"valueName":"search_term_string"}}],"inLanguage":"fi"},{"@type":"Organization","@id":"https:\/\/www.spaestonia.ee\/resort\/fi\/#organization","name":"ESTONIA Resort Hotel Spa","url":"https:\/\/www.spaestonia.ee\/resort\/fi\/","logo":{"@type":"ImageObject","inLanguage":"fi","@id":"https:\/\/www.spaestonia.ee\/resort\/fi\/#\/schema\/logo\/image\/","url":"https:\/\/www.spaestonia.ee\/resort\/wp-content\/uploads\/2025\/02\/resort-hotel-estonia.png","contentUrl":"https:\/\/www.spaestonia.ee\/resort\/wp-content\/uploads\/2025\/02\/resort-hotel-estonia.png","width":400,"height":173,"caption":"ESTONIA Resort Hotel Spa"},"image":{"@id":"https:\/\/www.spaestonia.ee\/resort\/fi\/#\/schema\/logo\/image\/"},"sameAs":["https:\/\/www.facebook.com\/EstoniaResortHotel"]}]}},"_links":{"self":[{"href":"https:\/\/spaestonia.ee\/resort\/fi\/wp-json\/wp\/v2\/pages\/5956","targetHints":{"allow":["GET"]}}],"collection":[{"href":"https:\/\/spaestonia.ee\/resort\/fi\/wp-json\/wp\/v2\/pages"}],"about":[{"href":"https:\/\/spaestonia.ee\/resort\/fi\/wp-json\/wp\/v2\/types\/page"}],"author":[{"embeddable":true,"href":"https:\/\/spaestonia.ee\/resort\/fi\/wp-json\/wp\/v2\/users\/1"}],"replies":[{"embeddable":true,"href":"https:\/\/spaestonia.ee\/resort\/fi\/wp-json\/wp\/v2\/comments?post=5956"}],"version-history":[{"count":40,"href":"https:\/\/spaestonia.ee\/resort\/fi\/wp-json\/wp\/v2\/pages\/5956\/revisions"}],"predecessor-version":[{"id":45225,"href":"https:\/\/spaestonia.ee\/resort\/fi\/wp-json\/wp\/v2\/pages\/5956\/revisions\/45225"}],"up":[{"embeddable":true,"href":"https:\/\/spaestonia.ee\/resort\/fi\/wp-json\/wp\/v2\/pages\/2258"}],"wp:attachment":[{"href":"https:\/\/spaestonia.ee\/resort\/fi\/wp-json\/wp\/v2\/media?parent=5956"}],"curies":[{"name":"wp","href":"https:\/\/api.w.org\/{rel}","templated":true}]}}