{"id":843,"date":"2015-03-01T15:47:29","date_gmt":"2015-03-01T13:47:29","guid":{"rendered":"https:\/\/www.spaestonia.ee\/resort\/?page_id=843"},"modified":"2025-11-26T10:15:56","modified_gmt":"2025-11-26T08:15:56","slug":"kokoustilat","status":"publish","type":"page","link":"https:\/\/spaestonia.ee\/resort\/fi\/kokous-ja-konferenssikeskus\/kokoustilat\/","title":{"rendered":"Kokoustilat"},"content":{"rendered":"<p>Konferenssikeskuksessa on k\u00e4yt\u00f6ss\u00e4 nykyaikainen tekniikka esitystenne tueksi ja simultaanitulkkauspalvelut.<br \/>\nIlmainen, huippunopea WiFi.<\/p>\n<p><strong>Kokous- ja konferenssitilojen varusteet:<\/strong><br \/>\n&#8211; Kokoustilat 1-4: TV 85\u201c kytkett\u00e4v\u00e4 tietokoneen, lehti\u00f6taulu, markkerit, kirjoitusv\u00e4lineet, paperit, makuvesi.<br \/>\n&#8211; Klubitila 5: TV 75\u201c kytkett\u00e4v\u00e4 tietokoneen, lehti\u00f6taulu, markkerit, kirjoitusv\u00e4lineet, paperit, makuvesi.<br \/>\n&#8211; Iso kokoustila 6: data-projektori, s\u00e4hk\u00f6inen rullavalkokangas 4x 2,5 m,TV 65\u201c, \u00e4\u00e4nentoistotekniikka (kattokaiuttimet, vahvistimet, 2 langatonta ja 2 solmiomikrofonia), lehti\u00f6taulu, markkerit, kirjoitusv\u00e4lineet, paperit,\u00a0makuvesi.<\/p>\n<p><strong>Lis\u00e4maksusta:<\/strong><br \/>\nSimultaanitulkkauspalvelut,\u00a0lis\u00e4mikrofonit ja tietokonet.<\/p>\n<p><strong>Info ja varaukset<\/strong>: <a href=\"mailto:events@spaestonia.ee\">events@spaestonia.ee<\/a><\/p>\n<table>\n<tbody>\n<tr>\n<td><img decoding=\"async\" class=\"alignleft wp-image-780\" src=\"http:\/\/www.spaestonia.ee\/resort\/wp-content\/uploads\/2015\/03\/blue-button.jpg\" alt=\"-\" width=\"40\" \/><strong><span style=\"color: #a4c8e5;\">Tila 1<\/span><\/strong><\/td>\n<td><strong><span style=\"color: #a4c8e5;\">Koko<\/span><\/strong><br \/>\n50 m\u00b2<br \/>\nPituus ja leveys 8,8 m x 5,5 m<br \/>\nKorkeus 2,4-2,8 m<\/td>\n<td><strong><span style=\"color: #a4c8e5;\">Kapasiteetti<\/span><\/strong><br \/>\nLuentosali: 48 osallistujaa<br \/>\nLuokkamuoto: 28 osallistujaa<br \/>\nDiplomaattip\u00f6yt\u00e4: 24 osallistujaa<br \/>\nU-p\u00f6yt\u00e4: 20 osallistujaa<\/td>\n<td><a href=\"http:\/\/www.spaestonia.ee\/resort\/wp-content\/uploads\/2024\/05\/Estonia-Resort-Hotel-Spa_konverentsikeskus-17.jpg\" data-rel=\"lightbox-image-0\" data-rl_title=\"\" data-rl_caption=\"\" title=\"\"><strong><span style=\"color: #a4c8e5;\"><img loading=\"lazy\" decoding=\"async\" class=\"wp-image-41590 aligncenter\" src=\"http:\/\/www.spaestonia.ee\/resort\/wp-content\/uploads\/2024\/05\/Estonia-Resort-Hotel-Spa_konverentsikeskus-17.jpg\" alt=\" Estonia-Resort-Hotel-Spa_conference centre\" width=\"299\" height=\"199\" srcset=\"https:\/\/spaestonia.ee\/resort\/wp-content\/uploads\/2024\/05\/Estonia-Resort-Hotel-Spa_konverentsikeskus-17.jpg 800w, https:\/\/spaestonia.ee\/resort\/wp-content\/uploads\/2024\/05\/Estonia-Resort-Hotel-Spa_konverentsikeskus-17-300x200.jpg 300w, https:\/\/spaestonia.ee\/resort\/wp-content\/uploads\/2024\/05\/Estonia-Resort-Hotel-Spa_konverentsikeskus-17-768x512.jpg 768w\" sizes=\"auto, (max-width: 299px) 100vw, 299px\" \/><\/span><\/strong><\/a><\/td>\n<\/tr>\n<tr>\n<td><img decoding=\"async\" class=\"alignleft size-full wp-image-784\" src=\"http:\/\/www.spaestonia.ee\/resort\/wp-content\/uploads\/2015\/03\/golden-button.jpg\" alt=\"-\" width=\"39\" \/><span style=\"color: #c27b57;\"><strong>Tila 2<\/strong><\/span><\/td>\n<td><span style=\"color: #c27b57;\"><strong>Koko<\/strong><\/span><br \/>\n48 m\u00b2<br \/>\nPituus ja leveys 8,7 m x 5,4 m<br \/>\nKorkeus 2,4-2,8 m<\/td>\n<td><span style=\"color: #c27b57;\"><strong>Kapasiteetti<\/strong><\/span><br \/>\nLuentosali: 48 osallistujaa<br \/>\nLuokkamuoto: 28 osallistujaa<br \/>\nDiplomaattip\u00f6yt\u00e4: 24 osallistujaa<br \/>\nU-p\u00f6yt\u00e4: 20 osallistujaa<\/td>\n<td><a href=\"http:\/\/www.spaestonia.ee\/resort\/wp-content\/uploads\/2024\/05\/Estonia-Resort-Hotel-Spa_konverentsikeskus-14.jpg\" data-rel=\"lightbox-image-1\" data-rl_title=\"\" data-rl_caption=\"\" title=\"\"><span style=\"color: #c27b57;\"><strong><img loading=\"lazy\" decoding=\"async\" class=\"wp-image-41582 aligncenter\" src=\"http:\/\/www.spaestonia.ee\/resort\/wp-content\/uploads\/2024\/05\/Estonia-Resort-Hotel-Spa_konverentsikeskus-14.jpg\" alt=\" Estonia-Resort-Hotel-Spa_conference centre\" width=\"300\" height=\"200\" srcset=\"https:\/\/spaestonia.ee\/resort\/wp-content\/uploads\/2024\/05\/Estonia-Resort-Hotel-Spa_konverentsikeskus-14.jpg 800w, https:\/\/spaestonia.ee\/resort\/wp-content\/uploads\/2024\/05\/Estonia-Resort-Hotel-Spa_konverentsikeskus-14-300x200.jpg 300w, https:\/\/spaestonia.ee\/resort\/wp-content\/uploads\/2024\/05\/Estonia-Resort-Hotel-Spa_konverentsikeskus-14-768x512.jpg 768w\" sizes=\"auto, (max-width: 300px) 100vw, 300px\" \/><\/strong><\/span><\/a><\/td>\n<\/tr>\n<tr>\n<td><img decoding=\"async\" class=\"alignleft size-full wp-image-790\" src=\"http:\/\/www.spaestonia.ee\/resort\/wp-content\/uploads\/2015\/03\/roheline-button.jpg\" alt=\"-\" width=\"39\" \/><strong><span style=\"color: #008080;\">Tila 3<\/span><\/strong><\/td>\n<td><span style=\"color: #008080;\"><strong>Koko<\/strong><\/span><br \/>\n49 m\u00b2<br \/>\nPituus ja leveys 8,7 m x 5,5 m<br \/>\nKorkeus 2,4-2,8 m<\/td>\n<td><span style=\"color: #008080;\"><strong>Kapasiteetti<\/strong><\/span><br \/>\nLuentosali: 48 osallistujaa<br \/>\nLuokkamuoto: 28 osallistujaa<br \/>\nDiplomaattip\u00f6yt\u00e4: 24 osallistujaa<br \/>\nU-p\u00f6yt\u00e4: 20 osallistujaa<\/td>\n<td><a href=\"http:\/\/www.spaestonia.ee\/resort\/wp-content\/uploads\/2024\/05\/Estonia-Resort-Hotel-Spa_konverentsikeskus-12.jpg\" data-rel=\"lightbox-image-2\" data-rl_title=\"\" data-rl_caption=\"\" title=\"\"><span style=\"color: #008080;\"><strong><img loading=\"lazy\" decoding=\"async\" class=\"wp-image-41578 aligncenter\" src=\"http:\/\/www.spaestonia.ee\/resort\/wp-content\/uploads\/2024\/05\/Estonia-Resort-Hotel-Spa_konverentsikeskus-12.jpg\" alt=\" Estonia-Resort-Hotel-Spa_conference centre\" width=\"300\" height=\"200\" srcset=\"https:\/\/spaestonia.ee\/resort\/wp-content\/uploads\/2024\/05\/Estonia-Resort-Hotel-Spa_konverentsikeskus-12.jpg 800w, https:\/\/spaestonia.ee\/resort\/wp-content\/uploads\/2024\/05\/Estonia-Resort-Hotel-Spa_konverentsikeskus-12-300x200.jpg 300w, https:\/\/spaestonia.ee\/resort\/wp-content\/uploads\/2024\/05\/Estonia-Resort-Hotel-Spa_konverentsikeskus-12-768x512.jpg 768w\" sizes=\"auto, (max-width: 300px) 100vw, 300px\" \/><\/strong><\/span><\/a><\/td>\n<\/tr>\n<tr>\n<td><strong><img decoding=\"async\" class=\"alignleft size-full wp-image-794\" src=\"http:\/\/www.spaestonia.ee\/resort\/wp-content\/uploads\/2015\/03\/lilla-button.jpg\" alt=\"-\" width=\"36\" \/><span style=\"color: #666699;\">Tila 4<\/span><\/strong><\/td>\n<td><span style=\"color: #666699;\"><strong>Koko<\/strong><\/span><br \/>\n46 m\u00b2<br \/>\nPituus ja leveys 8,9 m x 5,4 m<br \/>\nKorkeus 2,4-2,8 m<\/td>\n<td><span style=\"color: #666699;\"><strong>Kapasiteetti<\/strong><\/span><br \/>\nLuentosali: 28 osallistujaa<br \/>\nLuokkamuoto: 14 osallistujaa<br \/>\nDiplomaattip\u00f6yt\u00e4: 20 osallistujaa<br \/>\nU-p\u00f6yt\u00e4: 14 osallistujaa<\/td>\n<td><a href=\"http:\/\/www.spaestonia.ee\/resort\/wp-content\/uploads\/2024\/05\/Estonia-Resort-Hotel-Spa_konverentsikeskus-9.jpg\" data-rel=\"lightbox-image-3\" data-rl_title=\"\" data-rl_caption=\"\" title=\"\"><span style=\"color: #666699;\"><strong><img loading=\"lazy\" decoding=\"async\" class=\"wp-image-41570 aligncenter\" src=\"http:\/\/www.spaestonia.ee\/resort\/wp-content\/uploads\/2024\/05\/Estonia-Resort-Hotel-Spa_konverentsikeskus-9.jpg\" alt=\" Estonia-Resort-Hotel-Spa_conference centre\" width=\"299\" height=\"199\" srcset=\"https:\/\/spaestonia.ee\/resort\/wp-content\/uploads\/2024\/05\/Estonia-Resort-Hotel-Spa_konverentsikeskus-9.jpg 800w, https:\/\/spaestonia.ee\/resort\/wp-content\/uploads\/2024\/05\/Estonia-Resort-Hotel-Spa_konverentsikeskus-9-300x200.jpg 300w, https:\/\/spaestonia.ee\/resort\/wp-content\/uploads\/2024\/05\/Estonia-Resort-Hotel-Spa_konverentsikeskus-9-768x512.jpg 768w\" sizes=\"auto, (max-width: 299px) 100vw, 299px\" \/><\/strong><\/span><\/a><\/td>\n<\/tr>\n<tr>\n<td><img decoding=\"async\" class=\"alignleft size-full wp-image-798\" src=\"http:\/\/www.spaestonia.ee\/resort\/wp-content\/uploads\/2015\/03\/dark-blue-button.jpg\" alt=\"-\" width=\"37\" \/><span style=\"color: #0084b4;\"><strong>Club-tila 5<br \/>\n<\/strong><\/span><\/td>\n<td><span style=\"color: #0084b4;\"><strong>Koko<\/strong><\/span><br \/>\n39 m\u00b2<br \/>\nPituus ja leveys 5,6 m x 7,4 m<br \/>\nKorkeus 2,2-2,4 m<br \/>\nKanssa keittokomero<\/td>\n<td><span style=\"color: #0084b4;\"><strong>Kapasiteetti<\/strong><\/span><br \/>\nDiplomaattip\u00f6yt\u00e4: 14 osallistujaa<br \/>\nU-p\u00f6yt\u00e4: 13 osallistujaa<\/td>\n<td><a href=\"http:\/\/www.spaestonia.ee\/resort\/wp-content\/uploads\/2024\/05\/Estonia-Resort-Hotel-Spa_konverentsikeskus-19.jpg\" data-rel=\"lightbox-image-4\" data-rl_title=\"\" data-rl_caption=\"\" title=\"\"><span style=\"color: #0084b4;\"><strong><img loading=\"lazy\" decoding=\"async\" class=\"wp-image-41594 aligncenter\" src=\"http:\/\/www.spaestonia.ee\/resort\/wp-content\/uploads\/2024\/05\/Estonia-Resort-Hotel-Spa_konverentsikeskus-19.jpg\" alt=\" Estonia-Resort-Hotel-Spa_conference centre\" width=\"300\" height=\"200\" srcset=\"https:\/\/spaestonia.ee\/resort\/wp-content\/uploads\/2024\/05\/Estonia-Resort-Hotel-Spa_konverentsikeskus-19.jpg 800w, https:\/\/spaestonia.ee\/resort\/wp-content\/uploads\/2024\/05\/Estonia-Resort-Hotel-Spa_konverentsikeskus-19-300x200.jpg 300w, https:\/\/spaestonia.ee\/resort\/wp-content\/uploads\/2024\/05\/Estonia-Resort-Hotel-Spa_konverentsikeskus-19-768x512.jpg 768w\" sizes=\"auto, (max-width: 300px) 100vw, 300px\" \/><\/strong><\/span><\/a><\/td>\n<\/tr>\n<tr>\n<td><img decoding=\"async\" class=\"alignleft size-full wp-image-802\" src=\"http:\/\/www.spaestonia.ee\/resort\/wp-content\/uploads\/2015\/03\/roosa-button.jpg\" alt=\"-\" width=\"36\" \/><strong><span style=\"color: #cc2b9e;\">Sali 6<\/span><\/strong><\/td>\n<td><span style=\"color: #cc2b9e;\"><strong>Koko<\/strong><\/span><br \/>\n259 m\u00b2<br \/>\nPituus ja leveys 16,4 x 15,8 m<br \/>\nKorkeus 3,6 m*<br \/>\nSimultaanitulkkauspalvelu<br \/>\nUlko-ovi sis\u00e4pihalle, korkeus 2,65 m<br \/>\nja leveys 2,6 m.<\/td>\n<td><span style=\"color: #cc2b9e;\"><strong>Kapasiteetti<\/strong><\/span><br \/>\nLuentosali: 300 osallistujaa<br \/>\nLuokkamuoto: 128 osallistujaa<br \/>\nDiplomaattip\u00f6yt\u00e4: 64 osallistujaa<br \/>\nU-p\u00f6yt\u00e4: 50 osallistujaa<br \/>\nJuhlakattaus: 100 osallistujaa<\/td>\n<td><a href=\"http:\/\/www.spaestonia.ee\/resort\/wp-content\/uploads\/2024\/05\/Estonia-Resort-Hotel-Spa_konverentsikeskus-5.jpg\" data-rel=\"lightbox-image-5\" data-rl_title=\"\" data-rl_caption=\"\" title=\"\"><span style=\"color: #cc2b9e;\"><strong><img loading=\"lazy\" decoding=\"async\" class=\"wp-image-41562 alignnone\" src=\"http:\/\/www.spaestonia.ee\/resort\/wp-content\/uploads\/2024\/05\/Estonia-Resort-Hotel-Spa_konverentsikeskus-5.jpg\" alt=\" Estonia-Resort-Hotel-Spa_conference centre\" width=\"303\" height=\"202\" srcset=\"https:\/\/spaestonia.ee\/resort\/wp-content\/uploads\/2024\/05\/Estonia-Resort-Hotel-Spa_konverentsikeskus-5.jpg 800w, https:\/\/spaestonia.ee\/resort\/wp-content\/uploads\/2024\/05\/Estonia-Resort-Hotel-Spa_konverentsikeskus-5-300x200.jpg 300w, https:\/\/spaestonia.ee\/resort\/wp-content\/uploads\/2024\/05\/Estonia-Resort-Hotel-Spa_konverentsikeskus-5-768x512.jpg 768w\" sizes=\"auto, (max-width: 303px) 100vw, 303px\" \/><\/strong><\/span><\/a><\/td>\n<\/tr>\n<\/tbody>\n<\/table>\n<p><img loading=\"lazy\" decoding=\"async\" class=\"alignnone size-full wp-image-45794\" src=\"http:\/\/www.spaestonia.ee\/resort\/wp-content\/uploads\/2025\/11\/Konverentsikeskuse-ruumiplaan_ENG-scaled.png\" alt=\"\" width=\"2560\" height=\"1536\" \/><\/p>\n<p>&nbsp;<\/p>\n<p>ESTONIA Resort Hotel &amp; Spa KOKOUS- JA KONFERENSSIKESKUS<\/p>\n<p><strong>Info ja varaukset<\/strong>: <a href=\"mailto:resorthotel@spaestonia.ee\">resorthotel@spaestonia.ee<\/a><\/p>\n","protected":false},"excerpt":{"rendered":"<p>Konferenssikeskuksessa on k\u00e4yt\u00f6ss\u00e4 nykyaikainen tekniikka esitystenne tueksi ja simultaanitulkkauspalvelut. Ilmainen, huippunopea WiFi. Kokous- ja konferenssitilojen&hellip;<\/p>\n","protected":false},"author":1,"featured_media":0,"parent":489,"menu_order":0,"comment_status":"closed","ping_status":"open","template":"","meta":{"footnotes":""},"class_list":["post-843","page","type-page","status-publish","hentry"],"yoast_head":"<!-- This site is optimized with the Yoast SEO plugin v26.7 - https:\/\/yoast.com\/wordpress\/plugins\/seo\/ -->\n<title>Kokoustilat - ESTONIA Resort Hotel Spa<\/title>\n<meta name=\"robots\" content=\"index, follow, max-snippet:-1, max-image-preview:large, max-video-preview:-1\" \/>\n<link rel=\"canonical\" href=\"https:\/\/spaestonia.ee\/resort\/fi\/kokous-ja-konferenssikeskus\/kokoustilat\/\" \/>\n<meta property=\"og:locale\" content=\"fi_FI\" \/>\n<meta property=\"og:type\" content=\"article\" \/>\n<meta property=\"og:title\" content=\"Kokoustilat - ESTONIA Resort Hotel Spa\" \/>\n<meta property=\"og:description\" content=\"Konferenssikeskuksessa on k\u00e4yt\u00f6ss\u00e4 nykyaikainen tekniikka esitystenne tueksi ja simultaanitulkkauspalvelut. Ilmainen, huippunopea WiFi. Kokous- ja konferenssitilojen&hellip;\" \/>\n<meta property=\"og:url\" content=\"https:\/\/spaestonia.ee\/resort\/fi\/kokous-ja-konferenssikeskus\/kokoustilat\/\" \/>\n<meta property=\"og:site_name\" content=\"ESTONIA Resort Hotel Spa\" \/>\n<meta property=\"article:publisher\" content=\"https:\/\/www.facebook.com\/EstoniaResortHotel\" \/>\n<meta property=\"article:modified_time\" content=\"2025-11-26T08:15:56+00:00\" \/>\n<meta property=\"og:image\" content=\"https:\/\/www.spaestonia.ee\/resort\/wp-content\/uploads\/2015\/03\/blue-button.jpg\" \/>\n<meta name=\"twitter:card\" content=\"summary_large_image\" \/>\n<meta name=\"twitter:label1\" content=\"Arvioitu lukuaika\" \/>\n\t<meta name=\"twitter:data1\" content=\"5 minuuttia\" \/>\n<script type=\"application\/ld+json\" class=\"yoast-schema-graph\">{\"@context\":\"https:\/\/schema.org\",\"@graph\":[{\"@type\":\"WebPage\",\"@id\":\"https:\/\/spaestonia.ee\/resort\/fi\/kokous-ja-konferenssikeskus\/kokoustilat\/\",\"url\":\"https:\/\/spaestonia.ee\/resort\/fi\/kokous-ja-konferenssikeskus\/kokoustilat\/\",\"name\":\"Kokoustilat - ESTONIA Resort Hotel Spa\",\"isPartOf\":{\"@id\":\"https:\/\/www.spaestonia.ee\/resort\/fi\/#website\"},\"primaryImageOfPage\":{\"@id\":\"https:\/\/spaestonia.ee\/resort\/fi\/kokous-ja-konferenssikeskus\/kokoustilat\/#primaryimage\"},\"image\":{\"@id\":\"https:\/\/spaestonia.ee\/resort\/fi\/kokous-ja-konferenssikeskus\/kokoustilat\/#primaryimage\"},\"thumbnailUrl\":\"http:\/\/www.spaestonia.ee\/resort\/wp-content\/uploads\/2015\/03\/blue-button.jpg\",\"datePublished\":\"2015-03-01T13:47:29+00:00\",\"dateModified\":\"2025-11-26T08:15:56+00:00\",\"breadcrumb\":{\"@id\":\"https:\/\/spaestonia.ee\/resort\/fi\/kokous-ja-konferenssikeskus\/kokoustilat\/#breadcrumb\"},\"inLanguage\":\"fi\",\"potentialAction\":[{\"@type\":\"ReadAction\",\"target\":[\"https:\/\/spaestonia.ee\/resort\/fi\/kokous-ja-konferenssikeskus\/kokoustilat\/\"]}]},{\"@type\":\"ImageObject\",\"inLanguage\":\"fi\",\"@id\":\"https:\/\/spaestonia.ee\/resort\/fi\/kokous-ja-konferenssikeskus\/kokoustilat\/#primaryimage\",\"url\":\"http:\/\/www.spaestonia.ee\/resort\/wp-content\/uploads\/2015\/03\/blue-button.jpg\",\"contentUrl\":\"http:\/\/www.spaestonia.ee\/resort\/wp-content\/uploads\/2015\/03\/blue-button.jpg\"},{\"@type\":\"BreadcrumbList\",\"@id\":\"https:\/\/spaestonia.ee\/resort\/fi\/kokous-ja-konferenssikeskus\/kokoustilat\/#breadcrumb\",\"itemListElement\":[{\"@type\":\"ListItem\",\"position\":1,\"name\":\"Home\",\"item\":\"https:\/\/www.spaestonia.ee\/resort\/fi\/\"},{\"@type\":\"ListItem\",\"position\":2,\"name\":\"Kokous- ja konferenssikeskus, P\u00e4rnu, Viro\",\"item\":\"https:\/\/www.spaestonia.ee\/resort\/fi\/kokous-ja-konferenssikeskus\/\"},{\"@type\":\"ListItem\",\"position\":3,\"name\":\"Kokoustilat\"}]},{\"@type\":\"WebSite\",\"@id\":\"https:\/\/www.spaestonia.ee\/resort\/fi\/#website\",\"url\":\"https:\/\/www.spaestonia.ee\/resort\/fi\/\",\"name\":\"ESTONIA Resort Hotel Spa\",\"description\":\"E-WoW\",\"publisher\":{\"@id\":\"https:\/\/www.spaestonia.ee\/resort\/fi\/#organization\"},\"potentialAction\":[{\"@type\":\"SearchAction\",\"target\":{\"@type\":\"EntryPoint\",\"urlTemplate\":\"https:\/\/www.spaestonia.ee\/resort\/fi\/?s={search_term_string}\"},\"query-input\":{\"@type\":\"PropertyValueSpecification\",\"valueRequired\":true,\"valueName\":\"search_term_string\"}}],\"inLanguage\":\"fi\"},{\"@type\":\"Organization\",\"@id\":\"https:\/\/www.spaestonia.ee\/resort\/fi\/#organization\",\"name\":\"ESTONIA Resort Hotel Spa\",\"url\":\"https:\/\/www.spaestonia.ee\/resort\/fi\/\",\"logo\":{\"@type\":\"ImageObject\",\"inLanguage\":\"fi\",\"@id\":\"https:\/\/www.spaestonia.ee\/resort\/fi\/#\/schema\/logo\/image\/\",\"url\":\"https:\/\/www.spaestonia.ee\/resort\/wp-content\/uploads\/2025\/02\/resort-hotel-estonia.png\",\"contentUrl\":\"https:\/\/www.spaestonia.ee\/resort\/wp-content\/uploads\/2025\/02\/resort-hotel-estonia.png\",\"width\":400,\"height\":173,\"caption\":\"ESTONIA Resort Hotel Spa\"},\"image\":{\"@id\":\"https:\/\/www.spaestonia.ee\/resort\/fi\/#\/schema\/logo\/image\/\"},\"sameAs\":[\"https:\/\/www.facebook.com\/EstoniaResortHotel\"]}]}<\/script>\n<!-- \/ Yoast SEO plugin. -->","yoast_head_json":{"title":"Kokoustilat - ESTONIA Resort Hotel Spa","robots":{"index":"index","follow":"follow","max-snippet":"max-snippet:-1","max-image-preview":"max-image-preview:large","max-video-preview":"max-video-preview:-1"},"canonical":"https:\/\/spaestonia.ee\/resort\/fi\/kokous-ja-konferenssikeskus\/kokoustilat\/","og_locale":"fi_FI","og_type":"article","og_title":"Kokoustilat - ESTONIA Resort Hotel Spa","og_description":"Konferenssikeskuksessa on k\u00e4yt\u00f6ss\u00e4 nykyaikainen tekniikka esitystenne tueksi ja simultaanitulkkauspalvelut. Ilmainen, huippunopea WiFi. Kokous- ja konferenssitilojen&hellip;","og_url":"https:\/\/spaestonia.ee\/resort\/fi\/kokous-ja-konferenssikeskus\/kokoustilat\/","og_site_name":"ESTONIA Resort Hotel Spa","article_publisher":"https:\/\/www.facebook.com\/EstoniaResortHotel","article_modified_time":"2025-11-26T08:15:56+00:00","og_image":[{"url":"https:\/\/www.spaestonia.ee\/resort\/wp-content\/uploads\/2015\/03\/blue-button.jpg","type":"","width":"","height":""}],"twitter_card":"summary_large_image","twitter_misc":{"Arvioitu lukuaika":"5 minuuttia"},"schema":{"@context":"https:\/\/schema.org","@graph":[{"@type":"WebPage","@id":"https:\/\/spaestonia.ee\/resort\/fi\/kokous-ja-konferenssikeskus\/kokoustilat\/","url":"https:\/\/spaestonia.ee\/resort\/fi\/kokous-ja-konferenssikeskus\/kokoustilat\/","name":"Kokoustilat - ESTONIA Resort Hotel Spa","isPartOf":{"@id":"https:\/\/www.spaestonia.ee\/resort\/fi\/#website"},"primaryImageOfPage":{"@id":"https:\/\/spaestonia.ee\/resort\/fi\/kokous-ja-konferenssikeskus\/kokoustilat\/#primaryimage"},"image":{"@id":"https:\/\/spaestonia.ee\/resort\/fi\/kokous-ja-konferenssikeskus\/kokoustilat\/#primaryimage"},"thumbnailUrl":"http:\/\/www.spaestonia.ee\/resort\/wp-content\/uploads\/2015\/03\/blue-button.jpg","datePublished":"2015-03-01T13:47:29+00:00","dateModified":"2025-11-26T08:15:56+00:00","breadcrumb":{"@id":"https:\/\/spaestonia.ee\/resort\/fi\/kokous-ja-konferenssikeskus\/kokoustilat\/#breadcrumb"},"inLanguage":"fi","potentialAction":[{"@type":"ReadAction","target":["https:\/\/spaestonia.ee\/resort\/fi\/kokous-ja-konferenssikeskus\/kokoustilat\/"]}]},{"@type":"ImageObject","inLanguage":"fi","@id":"https:\/\/spaestonia.ee\/resort\/fi\/kokous-ja-konferenssikeskus\/kokoustilat\/#primaryimage","url":"http:\/\/www.spaestonia.ee\/resort\/wp-content\/uploads\/2015\/03\/blue-button.jpg","contentUrl":"http:\/\/www.spaestonia.ee\/resort\/wp-content\/uploads\/2015\/03\/blue-button.jpg"},{"@type":"BreadcrumbList","@id":"https:\/\/spaestonia.ee\/resort\/fi\/kokous-ja-konferenssikeskus\/kokoustilat\/#breadcrumb","itemListElement":[{"@type":"ListItem","position":1,"name":"Home","item":"https:\/\/www.spaestonia.ee\/resort\/fi\/"},{"@type":"ListItem","position":2,"name":"Kokous- ja konferenssikeskus, P\u00e4rnu, Viro","item":"https:\/\/www.spaestonia.ee\/resort\/fi\/kokous-ja-konferenssikeskus\/"},{"@type":"ListItem","position":3,"name":"Kokoustilat"}]},{"@type":"WebSite","@id":"https:\/\/www.spaestonia.ee\/resort\/fi\/#website","url":"https:\/\/www.spaestonia.ee\/resort\/fi\/","name":"ESTONIA Resort Hotel Spa","description":"E-WoW","publisher":{"@id":"https:\/\/www.spaestonia.ee\/resort\/fi\/#organization"},"potentialAction":[{"@type":"SearchAction","target":{"@type":"EntryPoint","urlTemplate":"https:\/\/www.spaestonia.ee\/resort\/fi\/?s={search_term_string}"},"query-input":{"@type":"PropertyValueSpecification","valueRequired":true,"valueName":"search_term_string"}}],"inLanguage":"fi"},{"@type":"Organization","@id":"https:\/\/www.spaestonia.ee\/resort\/fi\/#organization","name":"ESTONIA Resort Hotel Spa","url":"https:\/\/www.spaestonia.ee\/resort\/fi\/","logo":{"@type":"ImageObject","inLanguage":"fi","@id":"https:\/\/www.spaestonia.ee\/resort\/fi\/#\/schema\/logo\/image\/","url":"https:\/\/www.spaestonia.ee\/resort\/wp-content\/uploads\/2025\/02\/resort-hotel-estonia.png","contentUrl":"https:\/\/www.spaestonia.ee\/resort\/wp-content\/uploads\/2025\/02\/resort-hotel-estonia.png","width":400,"height":173,"caption":"ESTONIA Resort Hotel Spa"},"image":{"@id":"https:\/\/www.spaestonia.ee\/resort\/fi\/#\/schema\/logo\/image\/"},"sameAs":["https:\/\/www.facebook.com\/EstoniaResortHotel"]}]}},"_links":{"self":[{"href":"https:\/\/spaestonia.ee\/resort\/fi\/wp-json\/wp\/v2\/pages\/843","targetHints":{"allow":["GET"]}}],"collection":[{"href":"https:\/\/spaestonia.ee\/resort\/fi\/wp-json\/wp\/v2\/pages"}],"about":[{"href":"https:\/\/spaestonia.ee\/resort\/fi\/wp-json\/wp\/v2\/types\/page"}],"author":[{"embeddable":true,"href":"https:\/\/spaestonia.ee\/resort\/fi\/wp-json\/wp\/v2\/users\/1"}],"replies":[{"embeddable":true,"href":"https:\/\/spaestonia.ee\/resort\/fi\/wp-json\/wp\/v2\/comments?post=843"}],"version-history":[{"count":34,"href":"https:\/\/spaestonia.ee\/resort\/fi\/wp-json\/wp\/v2\/pages\/843\/revisions"}],"predecessor-version":[{"id":45882,"href":"https:\/\/spaestonia.ee\/resort\/fi\/wp-json\/wp\/v2\/pages\/843\/revisions\/45882"}],"up":[{"embeddable":true,"href":"https:\/\/spaestonia.ee\/resort\/fi\/wp-json\/wp\/v2\/pages\/489"}],"wp:attachment":[{"href":"https:\/\/spaestonia.ee\/resort\/fi\/wp-json\/wp\/v2\/media?parent=843"}],"curies":[{"name":"wp","href":"https:\/\/api.w.org\/{rel}","templated":true}]}}