{"id":1340,"date":"2015-05-11T23:19:06","date_gmt":"2015-05-11T20:19:06","guid":{"rendered":"https:\/\/www.spaestonia.ee\/resort\/?page_id=1340"},"modified":"2026-04-13T15:46:51","modified_gmt":"2026-04-13T12:46:51","slug":"spaahoolitsuste-hinnakiri","status":"publish","type":"page","link":"https:\/\/spaestonia.ee\/resort\/spaahoolitsuste-hinnakiri\/","title":{"rendered":"Spaahoolitsuste HINNAKIRI"},"content":{"rendered":"<table style=\"width: 76.4208%; height: 2108px;\" width=\"754\">\n<tbody>\n<tr style=\"height: 65px;\">\n<td style=\"height: 65px;\">\n<h3>KEHAHOOLITSUSED<\/h3>\n<\/td>\n<td style=\"height: 65px;\"><\/td>\n<td style=\"height: 65px;\"><\/td>\n<\/tr>\n<tr style=\"height: 24px;\">\n<td style=\"height: 24px;\">Eestimaine v\u00e4epuu kehahoolitsus<\/td>\n<td style=\"height: 24px;\">90 min<\/td>\n<td style=\"height: 24px;\">83 \u20ac<\/td>\n<\/tr>\n<tr style=\"height: 24px;\">\n<td style=\"height: 24px;\">Mudamassaa\u017e m\u00e4hisega<\/td>\n<td style=\"height: 24px;\">60 min<\/td>\n<td style=\"height: 24px;\">67 \u20ac<\/td>\n<\/tr>\n<tr style=\"height: 24px;\">\n<td style=\"height: 24px;\" width=\"341\">Mudam\u00e4his<\/td>\n<td style=\"height: 24px;\">30 min<\/td>\n<td style=\"height: 24px;\">42 \u20ac<\/td>\n<\/tr>\n<tr style=\"height: 24px;\">\n<td style=\"height: 24px;\">Turba ja mee m\u00e4his<\/td>\n<td style=\"height: 24px;\">30 min<\/td>\n<td style=\"height: 24px;\">42 \u20ac<\/td>\n<\/tr>\n<tr style=\"height: 24px;\">\n<td style=\"height: 24px;\">Turba ja mee kehahoolitsus<\/td>\n<td style=\"height: 24px;\">90 min<\/td>\n<td style=\"height: 24px;\">75 \u20ac<\/td>\n<\/tr>\n<tr style=\"height: 24px;\">\n<td style=\"height: 24px;\" width=\"341\">Kanepi kehahoolitsus<\/td>\n<td style=\"height: 24px;\">15 min<\/td>\n<td style=\"height: 24px;\">30 \u20ac<\/td>\n<\/tr>\n<tr style=\"height: 24px;\">\n<td style=\"height: 24px;\" width=\"341\">Pihlaka hoolitsus massaa\u017eiga<\/td>\n<td style=\"height: 24px;\">90 min<\/td>\n<td style=\"height: 24px;\">83 \u20ac<\/td>\n<\/tr>\n<tr style=\"height: 24px;\">\n<td style=\"height: 24px;\" width=\"341\">Rohelise tee l\u00f5\u00f5gastav ja puhastav hoolitsus<\/td>\n<td style=\"height: 24px;\">45 min<\/td>\n<td style=\"height: 24px;\">55 \u20ac<\/td>\n<\/tr>\n<tr>\n<td>\u00dcrdivann t\u00e4iusliku kehahoolitsusega<\/td>\n<td>90 minutit<\/td>\n<td>89 \u20ac<\/td>\n<\/tr>\n<tr style=\"height: 65px;\">\n<td style=\"height: 65px;\">\n<h3>MASSAA\u017dID<\/h3>\n<\/td>\n<td style=\"height: 65px;\"><\/td>\n<td style=\"height: 65px;\"><\/td>\n<\/tr>\n<tr style=\"height: 24px;\">\n<td style=\"height: 24px;\" width=\"341\">V\u00e4ge andev taimekubu massaa\u017e<\/td>\n<td style=\"height: 24px;\">60 min<\/td>\n<td style=\"height: 24px;\">67 \u20ac<\/td>\n<\/tr>\n<tr style=\"height: 24px;\">\n<td style=\"height: 24px;\" width=\"341\">Meekuuli massaa\u017e<\/td>\n<td style=\"height: 24px;\">60 min<\/td>\n<td style=\"height: 24px;\">62 \u20ac<\/td>\n<\/tr>\n<tr style=\"height: 24px;\">\n<td style=\"height: 24px;\" width=\"341\"><\/td>\n<td style=\"height: 24px;\">30 min<\/td>\n<td style=\"height: 24px;\">47 \u20ac<\/td>\n<\/tr>\n<tr style=\"height: 24px;\">\n<td style=\"height: 24px;\" width=\"341\">Kanepi\u00f5li massaa\u017e<\/td>\n<td style=\"height: 24px;\">60 min<\/td>\n<td style=\"height: 24px;\">63 \u20ac<\/td>\n<\/tr>\n<tr style=\"height: 24px;\">\n<td style=\"height: 24px;\" width=\"341\">Turbamassaa\u017e<\/td>\n<td style=\"height: 24px;\">50 min<\/td>\n<td style=\"height: 24px;\">57 \u20ac<\/td>\n<\/tr>\n<tr style=\"height: 24px;\">\n<td style=\"height: 24px;\" width=\"341\">Golfimassaa\u017e<\/td>\n<td style=\"height: 24px;\">45 min<\/td>\n<td style=\"height: 24px;\">55 \u20ac<\/td>\n<\/tr>\n<tr style=\"height: 24px;\">\n<td style=\"height: 24px;\" width=\"341\">L\u00f5dvestav turjamassaa\u017e<\/td>\n<td style=\"height: 24px;\">30 min<\/td>\n<td style=\"height: 24px;\">46 \u20ac<\/td>\n<\/tr>\n<tr style=\"height: 48px;\">\n<td style=\"height: 48px;\" width=\"341\">Klassikaline massaa\u017e \u2013 osaline (k\u00e4ed v\u00f5i pea v\u00f5i jalad)<\/td>\n<td style=\"height: 48px;\">30 min<\/td>\n<td style=\"height: 48px;\">\u00a042 \u20ac<\/td>\n<\/tr>\n<tr style=\"height: 24px;\">\n<td style=\"height: 24px;\">Klassikaline massaa\u017e<\/td>\n<td style=\"height: 24px;\">60 min<\/td>\n<td style=\"height: 24px;\">62 \u20ac<\/td>\n<\/tr>\n<tr style=\"height: 24px;\">\n<td style=\"height: 24px;\" width=\"341\">Meemassaa\u017e<\/td>\n<td style=\"height: 24px;\">60 min<\/td>\n<td style=\"height: 24px;\">65 \u20ac<\/td>\n<\/tr>\n<tr style=\"height: 24px;\">\n<td style=\"height: 24px;\" width=\"341\">Abhyanga massaa\u017e<\/td>\n<td style=\"height: 24px;\">60 min<\/td>\n<td style=\"height: 24px;\">67 \u20ac<\/td>\n<\/tr>\n<tr style=\"height: 65px;\">\n<td style=\"height: 65px;\">\n<h3>VANNIHOOLITSUSED<\/h3>\n<\/td>\n<td style=\"height: 65px;\"><\/td>\n<td style=\"height: 65px;\"><\/td>\n<\/tr>\n<tr style=\"height: 24px;\">\n<td style=\"height: 24px;\">Piimavann mee ja lavendliga\u00a0\u00a0\u00a0\u00a0\u00a0\u00a0\u00a0\u00a0\u00a0\u00a0\u00a0 1 in<\/td>\n<td style=\"height: 24px;\">30 min<\/td>\n<td style=\"height: 24px;\">35 \u20ac<\/td>\n<\/tr>\n<tr style=\"height: 24px;\">\n<td style=\"height: 24px;\">Piimavann mee ja lavendliga\u00a0 \u00a0 \u00a0 \u00a0 \u00a0 \u00a0 2 in<\/td>\n<td style=\"height: 24px;\">30 min<\/td>\n<td style=\"height: 24px;\">45 \u20ac<\/td>\n<\/tr>\n<tr style=\"height: 24px;\">\n<td style=\"height: 24px;\">Magneesiumi ja kodu\u00f5lle vannihoolitsus\u00a0\u00a0 1 in<\/td>\n<td style=\"height: 24px;\">30 min<\/td>\n<td style=\"height: 24px;\">38 \u20ac<\/td>\n<\/tr>\n<tr style=\"height: 24px;\">\n<td style=\"height: 24px;\">Magneesiumi ja kodu\u00f5lle vannihoolitsus\u00a0 \u00a02 in<\/td>\n<td style=\"height: 24px;\">30 min<\/td>\n<td style=\"height: 24px;\">48 \u20ac<\/td>\n<\/tr>\n<tr style=\"height: 24px;\">\n<td style=\"height: 24px;\">Vesimassaa\u017e magneesiumivannis<\/td>\n<td style=\"height: 24px;\">30 min<\/td>\n<td style=\"height: 24px;\">45 \u20ac<\/td>\n<\/tr>\n<tr style=\"height: 48px;\">\n<td style=\"height: 48px;\">Hobukastani ja t\u0161illipipra tselluliidi kehahoolitsus<\/td>\n<td style=\"height: 48px;\">60 min<\/td>\n<td style=\"height: 48px;\">65 \u20ac<\/td>\n<\/tr>\n<tr style=\"height: 24px;\">\n<td style=\"height: 24px;\" width=\"341\">Kanepivann kehahoolitsusega<\/td>\n<td style=\"height: 24px;\">50 min<\/td>\n<td style=\"height: 24px;\">57 \u20ac<\/td>\n<\/tr>\n<tr style=\"height: 65px;\">\n<td style=\"height: 65px;\" width=\"341\">\n<h3>N\u00c4O- JA PEA HOOLITSUSED<\/h3>\n<\/td>\n<td style=\"height: 65px;\"><\/td>\n<td style=\"height: 65px;\"><\/td>\n<\/tr>\n<tr style=\"height: 24px;\">\n<td style=\"height: 24px;\" width=\"341\">Metsiku roosi n\u00e4ohoolitsus<\/td>\n<td style=\"height: 24px;\">50 min<\/td>\n<td style=\"height: 24px;\">57 \u20ac<\/td>\n<\/tr>\n<tr style=\"height: 24px;\">\n<td style=\"height: 24px;\" width=\"341\">Turba ja angervaksa n\u00e4ohoolitsus<\/td>\n<td style=\"height: 24px;\">50 min<\/td>\n<td style=\"height: 24px;\">57 \u20ac<\/td>\n<\/tr>\n<tr style=\"height: 24px;\">\n<td style=\"height: 24px;\" width=\"341\">N\u00e4ohoolitsus vastavalt kliendi Dosha t\u00fc\u00fcbile<\/td>\n<td style=\"height: 24px;\">60 min<\/td>\n<td style=\"height: 24px;\">69 \u20ac<\/td>\n<\/tr>\n<tr style=\"height: 24px;\">\n<td style=\"height: 24px;\" width=\"341\">Sundari ilusad silmad<\/td>\n<td style=\"height: 24px;\">30 min<\/td>\n<td style=\"height: 24px;\">42 \u20ac<\/td>\n<\/tr>\n<tr style=\"height: 48px;\">\n<td style=\"height: 48px;\" width=\"341\">Sothys niisutav intensiivhoolitsus Hydra Hyaluronic Acid 4<\/td>\n<td style=\"height: 48px;\">75 min<\/td>\n<td style=\"height: 48px;\">95 \u20ac<\/td>\n<\/tr>\n<tr style=\"height: 48px;\">\n<td style=\"height: 48px;\" width=\"341\">Sothys kr\u00fco-silma\u00fcmbruse hoolitsus\u00a0 portselanlusikatega<\/td>\n<td style=\"height: 48px;\">45 min<\/td>\n<td style=\"height: 48px;\">65 \u20ac<\/td>\n<\/tr>\n<tr style=\"height: 24px;\">\n<td style=\"height: 24px;\" width=\"341\">Sothys hooajaline n\u00e4ohoolitsus<\/td>\n<td style=\"height: 24px;\">45 min<\/td>\n<td style=\"height: 24px;\">68 \u20ac<\/td>\n<\/tr>\n<tr style=\"height: 48px;\">\n<td style=\"height: 48px;\" width=\"341\">Sothys rahustav n\u00e4ohoolitsus Spa\u2122 termaalveega<strong><br \/>\n<\/strong><\/td>\n<td style=\"height: 48px;\">50 min<\/td>\n<td style=\"height: 48px;\">70 \u20ac<\/td>\n<\/tr>\n<tr style=\"height: 24px;\">\n<td style=\"height: 24px;\">Peanaha hoolitsus<\/td>\n<td style=\"height: 24px;\">30 min<\/td>\n<td style=\"height: 24px;\">42 \u20ac<\/td>\n<\/tr>\n<tr style=\"height: 93px;\">\n<td style=\"height: 93px;\">\n<h3>K\u00c4TE JA JALGADE HOOLITSUSED<\/h3>\n<\/td>\n<td style=\"height: 93px;\"><\/td>\n<td style=\"height: 93px;\"><\/td>\n<\/tr>\n<tr style=\"height: 24px;\">\n<td style=\"height: 24px;\">Rukkilille jalahoolitsus<\/td>\n<td style=\"height: 24px;\">60 min<\/td>\n<td style=\"height: 24px;\">47 \u20ac<\/td>\n<\/tr>\n<tr style=\"height: 24px;\">\n<td style=\"height: 24px;\">Rukkilille jalahoolitsus pedik\u00fc\u00fcriga<\/td>\n<td style=\"height: 24px;\">90 min<\/td>\n<td style=\"height: 24px;\">67 \u20ac<\/td>\n<\/tr>\n<tr style=\"height: 24px;\">\n<td style=\"height: 24px;\">V\u00e4rskendav jalahoolitsus<\/td>\n<td style=\"height: 24px;\">30 min<\/td>\n<td style=\"height: 24px;\">40 \u20ac<\/td>\n<\/tr>\n<tr style=\"height: 24px;\">\n<td style=\"height: 24px;\">Saialille k\u00e4tehoolitsus mesilasvahaga<\/td>\n<td style=\"height: 24px;\">60 min<\/td>\n<td style=\"height: 24px;\">55 \u20ac<\/td>\n<\/tr>\n<tr style=\"height: 48px;\">\n<td style=\"height: 48px;\" width=\"341\">Mesilasvaha k\u00e4tehoolitsus koos \u00f5lgade mudimisega<\/td>\n<td style=\"height: 48px;\">30 min<\/td>\n<td style=\"height: 48px;\">43 \u20ac<\/td>\n<\/tr>\n<tr style=\"height: 24px;\">\n<td style=\"height: 24px;\">Manik\u00fc\u00fcr<\/td>\n<td style=\"height: 24px;\">60 min<\/td>\n<td style=\"height: 24px;\">50 \u20ac<\/td>\n<\/tr>\n<tr style=\"height: 24px;\">\n<td style=\"height: 24px;\">Pedik\u00fc\u00fcr<\/td>\n<td style=\"height: 24px;\">60 min<\/td>\n<td style=\"height: 24px;\">55 \u20ac<\/td>\n<\/tr>\n<tr style=\"height: 65px;\">\n<td style=\"height: 65px;\">\n<h3>LASTELE (KUNI 14A)<\/h3>\n<\/td>\n<td style=\"height: 65px;\"><\/td>\n<td style=\"height: 65px;\"><\/td>\n<\/tr>\n<tr style=\"height: 24px;\">\n<td style=\"height: 24px;\">V\u00e4ekas mudimine<\/td>\n<td style=\"height: 24px;\">20 min<\/td>\n<td style=\"height: 24px;\">30 \u20ac<\/td>\n<\/tr>\n<tr style=\"height: 24px;\">\n<td style=\"height: 24px;\" width=\"341\">M\u00f5nus maasikas<\/td>\n<td style=\"height: 24px;\">20 min<\/td>\n<td style=\"height: 24px;\">26 \u20ac<\/td>\n<\/tr>\n<tr style=\"height: 24px;\">\n<td style=\"height: 24px;\" width=\"341\">Vahva vahuvann<\/td>\n<td style=\"height: 24px;\">20 min<\/td>\n<td style=\"height: 24px;\">25 \u20ac<\/td>\n<\/tr>\n<tr style=\"height: 24px;\">\n<td style=\"height: 24px;\" width=\"341\">Vahva vahuvann kahele lapsele<\/td>\n<td style=\"height: 24px;\">20 min<\/td>\n<td style=\"height: 24px;\">35 \u20ac<\/td>\n<\/tr>\n<tr style=\"height: 65px;\">\n<td style=\"height: 65px;\">\n<h3>SOOLALAUA HOOLITSUSED<\/h3>\n<\/td>\n<td style=\"height: 65px;\"><\/td>\n<td style=\"height: 65px;\"><\/td>\n<\/tr>\n<tr style=\"height: 24px;\">\n<td style=\"height: 24px;\">Soolakristallide hellitus<\/td>\n<td style=\"height: 24px;\">20 min<\/td>\n<td style=\"height: 24px;\">15 \u20ac<\/td>\n<\/tr>\n<tr style=\"height: 24px;\">\n<td style=\"height: 24px;\"><\/td>\n<td style=\"height: 24px;\">50 min<\/td>\n<td style=\"height: 24px;\">30 \u20ac<\/td>\n<\/tr>\n<tr style=\"height: 65px;\">\n<td style=\"height: 65px;\">\n<h3>TAI MASSAA\u017dID<\/h3>\n<\/td>\n<td style=\"height: 65px;\"><\/td>\n<td style=\"height: 65px;\"><\/td>\n<\/tr>\n<tr style=\"height: 24px;\">\n<td style=\"height: 24px;\">\u00a0Tai massaa\u017e<\/td>\n<td style=\"height: 24px;\">\u00a060 min<\/td>\n<td style=\"height: 24px;\">65 \u20ac<\/td>\n<\/tr>\n<tr style=\"height: 24px;\">\n<td style=\"height: 24px;\"><\/td>\n<td style=\"height: 24px;\">90 min<\/td>\n<td style=\"height: 24px;\">80 \u20ac<\/td>\n<\/tr>\n<tr style=\"height: 24px;\">\n<td style=\"height: 24px;\"><\/td>\n<td style=\"height: 24px;\">120 min<\/td>\n<td style=\"height: 24px;\">95 \u20ac<\/td>\n<\/tr>\n<tr style=\"height: 24px;\">\n<td style=\"height: 24px;\">\u00a0Tai massaa\u017e \u00f5liga<\/td>\n<td style=\"height: 24px;\">\u00a060 min<\/td>\n<td style=\"height: 24px;\">65 \u20ac<\/td>\n<\/tr>\n<tr style=\"height: 24px;\">\n<td style=\"height: 24px;\"><\/td>\n<td style=\"height: 24px;\">90 min<\/td>\n<td style=\"height: 24px;\">80 \u20ac<\/td>\n<\/tr>\n<tr style=\"height: 24px;\">\n<td style=\"height: 24px;\"><\/td>\n<td style=\"height: 24px;\">120 min<\/td>\n<td style=\"height: 24px;\">95 \u20ac<\/td>\n<\/tr>\n<tr style=\"height: 24px;\">\n<td style=\"height: 24px;\">\u00a0Tai jalatalla massaa\u017e<\/td>\n<td style=\"height: 24px;\">60 min<\/td>\n<td style=\"height: 24px;\">59 \u20ac<\/td>\n<\/tr>\n<tr style=\"height: 24px;\">\n<td style=\"height: 24px;\">\u00a0Tai pea ja \u00f5lav\u00f6\u00f6tme massaa\u017e<\/td>\n<td style=\"height: 24px;\">30 min<\/td>\n<td style=\"height: 24px;\">45 \u20ac<\/td>\n<\/tr>\n<\/tbody>\n<\/table>\n<p><strong>Lisainfo ja broneerimine:<\/strong>\u00a0tel 440 1013, e-post\u00a0<a href=\"mailto:resort.spa@spaestonia.ee\">resort.spa@spaestonia.ee<\/a>.<\/p>\n","protected":false},"excerpt":{"rendered":"<p>KEHAHOOLITSUSED Eestimaine v\u00e4epuu kehahoolitsus 90 min 83 \u20ac Mudamassaa\u017e m\u00e4hisega 60 min 67 \u20ac Mudam\u00e4his&hellip;<\/p>\n","protected":false},"author":1,"featured_media":0,"parent":0,"menu_order":0,"comment_status":"closed","ping_status":"open","template":"page-nobron_page.php","meta":{"footnotes":""},"class_list":["post-1340","page","type-page","status-publish","hentry"],"yoast_head":"<!-- This site is optimized with the Yoast SEO plugin v26.7 - https:\/\/yoast.com\/wordpress\/plugins\/seo\/ -->\n<title>Spaahoolitsuste HINNAKIRI - ESTONIA Resort Hotel Spa<\/title>\n<meta name=\"robots\" content=\"index, follow, max-snippet:-1, max-image-preview:large, max-video-preview:-1\" \/>\n<link rel=\"canonical\" href=\"https:\/\/spaestonia.ee\/resort\/spaahoolitsuste-hinnakiri\/\" \/>\n<meta property=\"og:locale\" content=\"et_EE\" \/>\n<meta property=\"og:type\" content=\"article\" \/>\n<meta property=\"og:title\" content=\"Spaahoolitsuste HINNAKIRI - ESTONIA Resort Hotel Spa\" \/>\n<meta property=\"og:description\" content=\"KEHAHOOLITSUSED Eestimaine v\u00e4epuu kehahoolitsus 90 min 83 \u20ac Mudamassaa\u017e m\u00e4hisega 60 min 67 \u20ac Mudam\u00e4his&hellip;\" \/>\n<meta property=\"og:url\" content=\"https:\/\/spaestonia.ee\/resort\/spaahoolitsuste-hinnakiri\/\" \/>\n<meta property=\"og:site_name\" content=\"ESTONIA Resort Hotel Spa\" \/>\n<meta property=\"article:publisher\" content=\"https:\/\/www.facebook.com\/EstoniaResortHotel\" \/>\n<meta property=\"article:modified_time\" content=\"2026-04-13T12:46:51+00:00\" \/>\n<meta name=\"twitter:card\" content=\"summary_large_image\" \/>\n<meta name=\"twitter:label1\" content=\"Est. reading time\" \/>\n\t<meta name=\"twitter:data1\" content=\"3 minutit\" \/>\n<script type=\"application\/ld+json\" class=\"yoast-schema-graph\">{\"@context\":\"https:\/\/schema.org\",\"@graph\":[{\"@type\":\"WebPage\",\"@id\":\"https:\/\/spaestonia.ee\/resort\/spaahoolitsuste-hinnakiri\/\",\"url\":\"https:\/\/spaestonia.ee\/resort\/spaahoolitsuste-hinnakiri\/\",\"name\":\"Spaahoolitsuste HINNAKIRI - ESTONIA Resort Hotel Spa\",\"isPartOf\":{\"@id\":\"https:\/\/www.spaestonia.ee\/resort\/#website\"},\"datePublished\":\"2015-05-11T20:19:06+00:00\",\"dateModified\":\"2026-04-13T12:46:51+00:00\",\"breadcrumb\":{\"@id\":\"https:\/\/spaestonia.ee\/resort\/spaahoolitsuste-hinnakiri\/#breadcrumb\"},\"inLanguage\":\"et\",\"potentialAction\":[{\"@type\":\"ReadAction\",\"target\":[\"https:\/\/spaestonia.ee\/resort\/spaahoolitsuste-hinnakiri\/\"]}]},{\"@type\":\"BreadcrumbList\",\"@id\":\"https:\/\/spaestonia.ee\/resort\/spaahoolitsuste-hinnakiri\/#breadcrumb\",\"itemListElement\":[{\"@type\":\"ListItem\",\"position\":1,\"name\":\"Home\",\"item\":\"https:\/\/www.spaestonia.ee\/resort\/\"},{\"@type\":\"ListItem\",\"position\":2,\"name\":\"Spaahoolitsuste HINNAKIRI\"}]},{\"@type\":\"WebSite\",\"@id\":\"https:\/\/www.spaestonia.ee\/resort\/#website\",\"url\":\"https:\/\/www.spaestonia.ee\/resort\/\",\"name\":\"ESTONIA Resort Hotel Spa\",\"description\":\"Your destination in P\u00e4rnu for wellness and events\",\"publisher\":{\"@id\":\"https:\/\/www.spaestonia.ee\/resort\/#organization\"},\"potentialAction\":[{\"@type\":\"SearchAction\",\"target\":{\"@type\":\"EntryPoint\",\"urlTemplate\":\"https:\/\/www.spaestonia.ee\/resort\/?s={search_term_string}\"},\"query-input\":{\"@type\":\"PropertyValueSpecification\",\"valueRequired\":true,\"valueName\":\"search_term_string\"}}],\"inLanguage\":\"et\"},{\"@type\":\"Organization\",\"@id\":\"https:\/\/www.spaestonia.ee\/resort\/#organization\",\"name\":\"ESTONIA Resort Hotel Spa\",\"url\":\"https:\/\/www.spaestonia.ee\/resort\/\",\"logo\":{\"@type\":\"ImageObject\",\"inLanguage\":\"et\",\"@id\":\"https:\/\/www.spaestonia.ee\/resort\/#\/schema\/logo\/image\/\",\"url\":\"https:\/\/www.spaestonia.ee\/resort\/wp-content\/uploads\/2025\/02\/resort-hotel-estonia.png\",\"contentUrl\":\"https:\/\/www.spaestonia.ee\/resort\/wp-content\/uploads\/2025\/02\/resort-hotel-estonia.png\",\"width\":400,\"height\":173,\"caption\":\"ESTONIA Resort Hotel Spa\"},\"image\":{\"@id\":\"https:\/\/www.spaestonia.ee\/resort\/#\/schema\/logo\/image\/\"},\"sameAs\":[\"https:\/\/www.facebook.com\/EstoniaResortHotel\"]}]}<\/script>\n<!-- \/ Yoast SEO plugin. -->","yoast_head_json":{"title":"Spaahoolitsuste HINNAKIRI - ESTONIA Resort Hotel Spa","robots":{"index":"index","follow":"follow","max-snippet":"max-snippet:-1","max-image-preview":"max-image-preview:large","max-video-preview":"max-video-preview:-1"},"canonical":"https:\/\/spaestonia.ee\/resort\/spaahoolitsuste-hinnakiri\/","og_locale":"et_EE","og_type":"article","og_title":"Spaahoolitsuste HINNAKIRI - ESTONIA Resort Hotel Spa","og_description":"KEHAHOOLITSUSED Eestimaine v\u00e4epuu kehahoolitsus 90 min 83 \u20ac Mudamassaa\u017e m\u00e4hisega 60 min 67 \u20ac Mudam\u00e4his&hellip;","og_url":"https:\/\/spaestonia.ee\/resort\/spaahoolitsuste-hinnakiri\/","og_site_name":"ESTONIA Resort Hotel Spa","article_publisher":"https:\/\/www.facebook.com\/EstoniaResortHotel","article_modified_time":"2026-04-13T12:46:51+00:00","twitter_card":"summary_large_image","twitter_misc":{"Est. reading time":"3 minutit"},"schema":{"@context":"https:\/\/schema.org","@graph":[{"@type":"WebPage","@id":"https:\/\/spaestonia.ee\/resort\/spaahoolitsuste-hinnakiri\/","url":"https:\/\/spaestonia.ee\/resort\/spaahoolitsuste-hinnakiri\/","name":"Spaahoolitsuste HINNAKIRI - ESTONIA Resort Hotel Spa","isPartOf":{"@id":"https:\/\/www.spaestonia.ee\/resort\/#website"},"datePublished":"2015-05-11T20:19:06+00:00","dateModified":"2026-04-13T12:46:51+00:00","breadcrumb":{"@id":"https:\/\/spaestonia.ee\/resort\/spaahoolitsuste-hinnakiri\/#breadcrumb"},"inLanguage":"et","potentialAction":[{"@type":"ReadAction","target":["https:\/\/spaestonia.ee\/resort\/spaahoolitsuste-hinnakiri\/"]}]},{"@type":"BreadcrumbList","@id":"https:\/\/spaestonia.ee\/resort\/spaahoolitsuste-hinnakiri\/#breadcrumb","itemListElement":[{"@type":"ListItem","position":1,"name":"Home","item":"https:\/\/www.spaestonia.ee\/resort\/"},{"@type":"ListItem","position":2,"name":"Spaahoolitsuste HINNAKIRI"}]},{"@type":"WebSite","@id":"https:\/\/www.spaestonia.ee\/resort\/#website","url":"https:\/\/www.spaestonia.ee\/resort\/","name":"ESTONIA Resort Hotel Spa","description":"Your destination in P\u00e4rnu for wellness and events","publisher":{"@id":"https:\/\/www.spaestonia.ee\/resort\/#organization"},"potentialAction":[{"@type":"SearchAction","target":{"@type":"EntryPoint","urlTemplate":"https:\/\/www.spaestonia.ee\/resort\/?s={search_term_string}"},"query-input":{"@type":"PropertyValueSpecification","valueRequired":true,"valueName":"search_term_string"}}],"inLanguage":"et"},{"@type":"Organization","@id":"https:\/\/www.spaestonia.ee\/resort\/#organization","name":"ESTONIA Resort Hotel Spa","url":"https:\/\/www.spaestonia.ee\/resort\/","logo":{"@type":"ImageObject","inLanguage":"et","@id":"https:\/\/www.spaestonia.ee\/resort\/#\/schema\/logo\/image\/","url":"https:\/\/www.spaestonia.ee\/resort\/wp-content\/uploads\/2025\/02\/resort-hotel-estonia.png","contentUrl":"https:\/\/www.spaestonia.ee\/resort\/wp-content\/uploads\/2025\/02\/resort-hotel-estonia.png","width":400,"height":173,"caption":"ESTONIA Resort Hotel Spa"},"image":{"@id":"https:\/\/www.spaestonia.ee\/resort\/#\/schema\/logo\/image\/"},"sameAs":["https:\/\/www.facebook.com\/EstoniaResortHotel"]}]}},"_links":{"self":[{"href":"https:\/\/spaestonia.ee\/resort\/wp-json\/wp\/v2\/pages\/1340","targetHints":{"allow":["GET"]}}],"collection":[{"href":"https:\/\/spaestonia.ee\/resort\/wp-json\/wp\/v2\/pages"}],"about":[{"href":"https:\/\/spaestonia.ee\/resort\/wp-json\/wp\/v2\/types\/page"}],"author":[{"embeddable":true,"href":"https:\/\/spaestonia.ee\/resort\/wp-json\/wp\/v2\/users\/1"}],"replies":[{"embeddable":true,"href":"https:\/\/spaestonia.ee\/resort\/wp-json\/wp\/v2\/comments?post=1340"}],"version-history":[{"count":83,"href":"https:\/\/spaestonia.ee\/resort\/wp-json\/wp\/v2\/pages\/1340\/revisions"}],"predecessor-version":[{"id":47254,"href":"https:\/\/spaestonia.ee\/resort\/wp-json\/wp\/v2\/pages\/1340\/revisions\/47254"}],"wp:attachment":[{"href":"https:\/\/spaestonia.ee\/resort\/wp-json\/wp\/v2\/media?parent=1340"}],"curies":[{"name":"wp","href":"https:\/\/api.w.org\/{rel}","templated":true}]}}