{"id":1374,"date":"2015-05-12T14:44:06","date_gmt":"2015-05-12T11:44:06","guid":{"rendered":"https:\/\/www.spaestonia.ee\/resort\/?page_id=1374"},"modified":"2025-11-19T12:43:41","modified_gmt":"2025-11-19T10:43:41","slug":"soovitame-meestele","status":"publish","type":"page","link":"https:\/\/spaestonia.ee\/resort\/spaahoolitsused\/soovitame-meestele\/","title":{"rendered":"Soovitame meestele!"},"content":{"rendered":"<p><span style=\"color: #ad9164; font-size: 20px;\"><strong><span style=\"font-size: 16px;\">Ka mehed vajavad vahel sellist puhkust, kus saab end \u00fcmbritsevast v\u00e4lja l\u00fclitada ja lihtsalt l\u00f5\u00f5gastuda.<\/span><\/strong><br \/>\n<\/span><span style=\"font-size: 24px; color: #ad9164;\"><strong>Novembrikuu jooksul on k\u00f5ik \u201cspaahoolitsused meestele\u201d \u201320%.<\/strong><\/span><\/p>\n<p>Vali l\u00f5\u00f5gastav massaa\u017e, v\u00e4rskendav n\u00e4ohooldus v\u00f5i energiast pakatav kehahoolitsus \u2013 just see, mis aitab pingetest vabaneda ja head enesetunnet taastada.<\/p>\n<p>Soodustuse kasutamiseks \u00fctle broneerides salas\u00f5na <strong>\u201c<span style=\"font-size: 20px;\">MEESTE KUU<\/span>\u201d<\/strong>.<\/p>\n<p><strong>Lisainfo ja broneerimine:<br \/>\n<\/strong>tel 440 1013 | e-post\u00a0<a href=\"mailto:resort.spa@spaestonia.ee\">resort.spa@spaestonia.ee<\/a><\/p>\n<hr \/>\n<h3>Kanepi kehahoolitsus<br \/>\n15 min 30 \u20ac<\/h3>\n<p>Kanepi kehahoolitsuse k\u00e4igus eemaldatakse kehalt surnud naharakud. T\u00e4nu kanepiseemnetes leiduvatele vitamiinidele ja \u00f5lidele sobib hoolitsus h\u00e4sti naha niisutamiseks. Kanepi\u00f5li\u00a0 aitab l\u00f5\u00f5gastuda, hoida naha kaitsefunktsiooni, v\u00e4hendab s\u00fcgelust ning pidurdab naha vananemisprotsessi.<\/p>\n<h3>Kanepi\u00f5li massaa\u017e<br \/>\n60 min 63 \u20ac<\/h3>\n<p>Kanepi\u00f5li massaa\u017e pakub kogu keha l\u00f5\u00f5gastavat massaa\u017ei kanepi\u00f5liga. Kanep on \u00fcks iidseimaid taimi, mida on sajandeid kasvatatud vastupidava kiu- ja \u00f5lirikaste seemnete saamiseks. Kanepi v\u00e4lispidisel kasutamisel on vananemisvastane toime. T\u00e4nu kanepiseemnetes leiduvatele vitamiinidele ja \u00f5lidele sobib h\u00e4sti naha niisutamiseks ja t\u00e4nu omega3 rasvhapete hulgale on v\u00e4ga tugev looduslik rasvap\u00f5letaja. Leevendab sportimise tagaj\u00e4rjel tekkinud lihaspingeid.<\/p>\n<h3>Magneesiumi ja kodu\u00f5lle vannihoolitsus<br \/>\n30 min 38 \u20ac<\/h3>\n<p>Magneesium on \u00fcks t\u00e4htsamaid mineraalained, mida meie organism normaalseks funktsioneerimiseks vajab. Eriti h\u00e4sti omandab keha magneesiumi l\u00e4bi naha soojas vannivees. Magneesiumi vannihoolitsus sobib h\u00e4sti magneesiumi puuduse ennetamiseks ja leevendamiseks. Kodu\u00f5llel on t\u00e4nu humalale palju h\u00e4id ja tervislikke omadusi, mis on kasulikud nahale, liigestele ja n\u00e4rvis\u00fcsteemile. Humal sisaldab B6 r\u00fchma vitamiine, seega tugeva rahustava toimega. Magneesiumi ja kodu\u00f5lle vann leevendab pingeid, v\u00e4rskendab ja annab uut energiat. Peale vanni ja keha kreemitamist rahustava ja niisutava kodu\u00f5lle massaa\u017eilosjooniga j\u00e4\u00e4b nahk eriti pehme ja enesetunne m\u00f5nus.<\/p>\n<h3>Sundari n\u00e4ohoolitsus meestele<br \/>\n60 min 72 \u20ac<\/h3>\n<p>Spetsiaalselt meestele m\u00f5eldud n\u00e4ohoolitsus, mis on loodud arvestades meeste n\u00e4onaha erilisi vajadusi ja Neemipuu tugevalt ravivat toimet. Hoolitsuses kasutatakse ens\u00fc\u00fcmkoorijat, Neemipuul ja avokaadol p\u00f5hinevat niisutajat, mis pehmendab nahka ja ravib raseerimisel tekkinud p\u00f5letikku v\u00f5i nahavigastusi. Peale hooldust j\u00e4\u00e4b nahk meeldivalt v\u00e4rske, puhas ja pehme.<\/p>\n<h3>Golfimassaa\u017e<br \/>\n45 min 55 \u20ac<\/h3>\n<p>Golfimassaaz on eelk\u00f5ige m\u00f5eldud neile, kes tunde (murul) k\u00f5ndinud, k\u00e4tega t\u00e4pset l\u00f6\u00f6ki rihtides \u00f5lad ja selja pingesse ajanud\u2026<br \/>\nGolfimassaa\u017e on kombinatsioon klassikalisest massaa\u017eist ja soonetasumisest,\u00a0sisaldades iidsele Eesti massaa\u017eile omaseid s\u00f5tkumisi ja venitusi, r\u00f5hku pannes jalgadele ja seljale. Enne mudakreemi massaa\u017ei, soojendame lihaseid kaerakottidega ja turgutame v\u00e4sinud jalgu piparm\u00fcndi kreemiga. Golfimassaa\u017e on suurep\u00e4rane hoolitsus lihaspingete- ja valude leevendamiseks.<\/p>\n<p><strong>Lisainfo ja broneerimine:<\/strong> tel 440 1013, e-post <a href=\"mailto:resort.spa@spaestonia.ee\">resort.spa@spaestonia.ee<\/a>.<\/p>\n","protected":false},"excerpt":{"rendered":"<p>Ka mehed vajavad vahel sellist puhkust, kus saab end \u00fcmbritsevast v\u00e4lja l\u00fclitada ja lihtsalt l\u00f5\u00f5gastuda.&hellip;<\/p>\n","protected":false},"author":1,"featured_media":0,"parent":1787,"menu_order":0,"comment_status":"closed","ping_status":"open","template":"page-nobron_page.php","meta":{"footnotes":""},"class_list":["post-1374","page","type-page","status-publish","hentry"],"yoast_head":"<!-- This site is optimized with the Yoast SEO plugin v26.7 - https:\/\/yoast.com\/wordpress\/plugins\/seo\/ -->\n<title>Soovitame meestele! - ESTONIA Resort Hotel Spa<\/title>\n<meta name=\"robots\" content=\"index, follow, max-snippet:-1, max-image-preview:large, max-video-preview:-1\" \/>\n<link rel=\"canonical\" href=\"https:\/\/spaestonia.ee\/resort\/spaahoolitsused\/soovitame-meestele\/\" \/>\n<meta property=\"og:locale\" content=\"et_EE\" \/>\n<meta property=\"og:type\" content=\"article\" \/>\n<meta property=\"og:title\" content=\"Soovitame meestele! - ESTONIA Resort Hotel Spa\" \/>\n<meta property=\"og:description\" content=\"Ka mehed vajavad vahel sellist puhkust, kus saab end \u00fcmbritsevast v\u00e4lja l\u00fclitada ja lihtsalt l\u00f5\u00f5gastuda.&hellip;\" \/>\n<meta property=\"og:url\" content=\"https:\/\/spaestonia.ee\/resort\/spaahoolitsused\/soovitame-meestele\/\" \/>\n<meta property=\"og:site_name\" content=\"ESTONIA Resort Hotel Spa\" \/>\n<meta property=\"article:publisher\" content=\"https:\/\/www.facebook.com\/EstoniaResortHotel\" \/>\n<meta property=\"article:modified_time\" content=\"2025-11-19T10:43:41+00:00\" \/>\n<meta name=\"twitter:card\" content=\"summary_large_image\" \/>\n<meta name=\"twitter:label1\" content=\"Est. reading time\" \/>\n\t<meta name=\"twitter:data1\" content=\"2 minutit\" \/>\n<script type=\"application\/ld+json\" class=\"yoast-schema-graph\">{\"@context\":\"https:\/\/schema.org\",\"@graph\":[{\"@type\":\"WebPage\",\"@id\":\"https:\/\/spaestonia.ee\/resort\/spaahoolitsused\/soovitame-meestele\/\",\"url\":\"https:\/\/spaestonia.ee\/resort\/spaahoolitsused\/soovitame-meestele\/\",\"name\":\"Soovitame meestele! - ESTONIA Resort Hotel Spa\",\"isPartOf\":{\"@id\":\"https:\/\/www.spaestonia.ee\/resort\/#website\"},\"datePublished\":\"2015-05-12T11:44:06+00:00\",\"dateModified\":\"2025-11-19T10:43:41+00:00\",\"breadcrumb\":{\"@id\":\"https:\/\/spaestonia.ee\/resort\/spaahoolitsused\/soovitame-meestele\/#breadcrumb\"},\"inLanguage\":\"et\",\"potentialAction\":[{\"@type\":\"ReadAction\",\"target\":[\"https:\/\/spaestonia.ee\/resort\/spaahoolitsused\/soovitame-meestele\/\"]}]},{\"@type\":\"BreadcrumbList\",\"@id\":\"https:\/\/spaestonia.ee\/resort\/spaahoolitsused\/soovitame-meestele\/#breadcrumb\",\"itemListElement\":[{\"@type\":\"ListItem\",\"position\":1,\"name\":\"Home\",\"item\":\"https:\/\/www.spaestonia.ee\/resort\/\"},{\"@type\":\"ListItem\",\"position\":2,\"name\":\"Spaahoolitsused\",\"item\":\"https:\/\/spaestonia.ee\/resort\/spaahoolitsused\/\"},{\"@type\":\"ListItem\",\"position\":3,\"name\":\"Soovitame meestele!\"}]},{\"@type\":\"WebSite\",\"@id\":\"https:\/\/www.spaestonia.ee\/resort\/#website\",\"url\":\"https:\/\/www.spaestonia.ee\/resort\/\",\"name\":\"ESTONIA Resort Hotel Spa\",\"description\":\"Your destination in P\u00e4rnu for wellness and events\",\"publisher\":{\"@id\":\"https:\/\/www.spaestonia.ee\/resort\/#organization\"},\"potentialAction\":[{\"@type\":\"SearchAction\",\"target\":{\"@type\":\"EntryPoint\",\"urlTemplate\":\"https:\/\/www.spaestonia.ee\/resort\/?s={search_term_string}\"},\"query-input\":{\"@type\":\"PropertyValueSpecification\",\"valueRequired\":true,\"valueName\":\"search_term_string\"}}],\"inLanguage\":\"et\"},{\"@type\":\"Organization\",\"@id\":\"https:\/\/www.spaestonia.ee\/resort\/#organization\",\"name\":\"ESTONIA Resort Hotel Spa\",\"url\":\"https:\/\/www.spaestonia.ee\/resort\/\",\"logo\":{\"@type\":\"ImageObject\",\"inLanguage\":\"et\",\"@id\":\"https:\/\/www.spaestonia.ee\/resort\/#\/schema\/logo\/image\/\",\"url\":\"https:\/\/www.spaestonia.ee\/resort\/wp-content\/uploads\/2025\/02\/resort-hotel-estonia.png\",\"contentUrl\":\"https:\/\/www.spaestonia.ee\/resort\/wp-content\/uploads\/2025\/02\/resort-hotel-estonia.png\",\"width\":400,\"height\":173,\"caption\":\"ESTONIA Resort Hotel Spa\"},\"image\":{\"@id\":\"https:\/\/www.spaestonia.ee\/resort\/#\/schema\/logo\/image\/\"},\"sameAs\":[\"https:\/\/www.facebook.com\/EstoniaResortHotel\"]}]}<\/script>\n<!-- \/ Yoast SEO plugin. -->","yoast_head_json":{"title":"Soovitame meestele! - ESTONIA Resort Hotel Spa","robots":{"index":"index","follow":"follow","max-snippet":"max-snippet:-1","max-image-preview":"max-image-preview:large","max-video-preview":"max-video-preview:-1"},"canonical":"https:\/\/spaestonia.ee\/resort\/spaahoolitsused\/soovitame-meestele\/","og_locale":"et_EE","og_type":"article","og_title":"Soovitame meestele! - ESTONIA Resort Hotel Spa","og_description":"Ka mehed vajavad vahel sellist puhkust, kus saab end \u00fcmbritsevast v\u00e4lja l\u00fclitada ja lihtsalt l\u00f5\u00f5gastuda.&hellip;","og_url":"https:\/\/spaestonia.ee\/resort\/spaahoolitsused\/soovitame-meestele\/","og_site_name":"ESTONIA Resort Hotel Spa","article_publisher":"https:\/\/www.facebook.com\/EstoniaResortHotel","article_modified_time":"2025-11-19T10:43:41+00:00","twitter_card":"summary_large_image","twitter_misc":{"Est. reading time":"2 minutit"},"schema":{"@context":"https:\/\/schema.org","@graph":[{"@type":"WebPage","@id":"https:\/\/spaestonia.ee\/resort\/spaahoolitsused\/soovitame-meestele\/","url":"https:\/\/spaestonia.ee\/resort\/spaahoolitsused\/soovitame-meestele\/","name":"Soovitame meestele! - ESTONIA Resort Hotel Spa","isPartOf":{"@id":"https:\/\/www.spaestonia.ee\/resort\/#website"},"datePublished":"2015-05-12T11:44:06+00:00","dateModified":"2025-11-19T10:43:41+00:00","breadcrumb":{"@id":"https:\/\/spaestonia.ee\/resort\/spaahoolitsused\/soovitame-meestele\/#breadcrumb"},"inLanguage":"et","potentialAction":[{"@type":"ReadAction","target":["https:\/\/spaestonia.ee\/resort\/spaahoolitsused\/soovitame-meestele\/"]}]},{"@type":"BreadcrumbList","@id":"https:\/\/spaestonia.ee\/resort\/spaahoolitsused\/soovitame-meestele\/#breadcrumb","itemListElement":[{"@type":"ListItem","position":1,"name":"Home","item":"https:\/\/www.spaestonia.ee\/resort\/"},{"@type":"ListItem","position":2,"name":"Spaahoolitsused","item":"https:\/\/spaestonia.ee\/resort\/spaahoolitsused\/"},{"@type":"ListItem","position":3,"name":"Soovitame meestele!"}]},{"@type":"WebSite","@id":"https:\/\/www.spaestonia.ee\/resort\/#website","url":"https:\/\/www.spaestonia.ee\/resort\/","name":"ESTONIA Resort Hotel Spa","description":"Your destination in P\u00e4rnu for wellness and events","publisher":{"@id":"https:\/\/www.spaestonia.ee\/resort\/#organization"},"potentialAction":[{"@type":"SearchAction","target":{"@type":"EntryPoint","urlTemplate":"https:\/\/www.spaestonia.ee\/resort\/?s={search_term_string}"},"query-input":{"@type":"PropertyValueSpecification","valueRequired":true,"valueName":"search_term_string"}}],"inLanguage":"et"},{"@type":"Organization","@id":"https:\/\/www.spaestonia.ee\/resort\/#organization","name":"ESTONIA Resort Hotel Spa","url":"https:\/\/www.spaestonia.ee\/resort\/","logo":{"@type":"ImageObject","inLanguage":"et","@id":"https:\/\/www.spaestonia.ee\/resort\/#\/schema\/logo\/image\/","url":"https:\/\/www.spaestonia.ee\/resort\/wp-content\/uploads\/2025\/02\/resort-hotel-estonia.png","contentUrl":"https:\/\/www.spaestonia.ee\/resort\/wp-content\/uploads\/2025\/02\/resort-hotel-estonia.png","width":400,"height":173,"caption":"ESTONIA Resort Hotel Spa"},"image":{"@id":"https:\/\/www.spaestonia.ee\/resort\/#\/schema\/logo\/image\/"},"sameAs":["https:\/\/www.facebook.com\/EstoniaResortHotel"]}]}},"_links":{"self":[{"href":"https:\/\/spaestonia.ee\/resort\/wp-json\/wp\/v2\/pages\/1374","targetHints":{"allow":["GET"]}}],"collection":[{"href":"https:\/\/spaestonia.ee\/resort\/wp-json\/wp\/v2\/pages"}],"about":[{"href":"https:\/\/spaestonia.ee\/resort\/wp-json\/wp\/v2\/types\/page"}],"author":[{"embeddable":true,"href":"https:\/\/spaestonia.ee\/resort\/wp-json\/wp\/v2\/users\/1"}],"replies":[{"embeddable":true,"href":"https:\/\/spaestonia.ee\/resort\/wp-json\/wp\/v2\/comments?post=1374"}],"version-history":[{"count":32,"href":"https:\/\/spaestonia.ee\/resort\/wp-json\/wp\/v2\/pages\/1374\/revisions"}],"predecessor-version":[{"id":45812,"href":"https:\/\/spaestonia.ee\/resort\/wp-json\/wp\/v2\/pages\/1374\/revisions\/45812"}],"up":[{"embeddable":true,"href":"https:\/\/spaestonia.ee\/resort\/wp-json\/wp\/v2\/pages\/1787"}],"wp:attachment":[{"href":"https:\/\/spaestonia.ee\/resort\/wp-json\/wp\/v2\/media?parent=1374"}],"curies":[{"name":"wp","href":"https:\/\/api.w.org\/{rel}","templated":true}]}}