{"id":1379,"date":"2015-05-12T14:48:11","date_gmt":"2015-05-12T11:48:11","guid":{"rendered":"https:\/\/www.spaestonia.ee\/resort\/?page_id=1379"},"modified":"2025-01-02T10:37:11","modified_gmt":"2025-01-02T08:37:11","slug":"soovitame-paaridele","status":"publish","type":"page","link":"https:\/\/spaestonia.ee\/resort\/spaahoolitsused\/soovitame-paaridele\/","title":{"rendered":"Soovitame paaridele!"},"content":{"rendered":"<h3>Piimavann mee ja lavendliga<br \/>\n30 min 45 \u20ac kahele<\/h3>\n<p>Piimavann on olnud sajandeid kiireim ja kergeim v\u00f5imalus niisutada ja toita oma nahka. Piimavannil on unikaalne, eriti pehmelt kooriv toime. Eemaldades surnud naharakud, tundub nahk v\u00e4rskem ja noorem. Samuti on piimavannil toitev ja niisutav efekt kuivale nahale. Sisaldab rikkalikult vitamiine, eriti vitamiin E ja tsinki, mis aeglustavad vananemisprotsessi ja muudavad naha elastsemaks. Vannis sisalduval lavendlil on rahustav m\u00f5ju, lisatud vaniljeekstrakt tasakaalustab meeli, lisab seksuaalsust ja mesi on \u00fclikasulik tervisttugevdav ja aktiivset elu pikendav vahend. Peale vanni on nahk justkui uusti s\u00fcndinud!<\/p>\n<h3>Magneesiumi ja kodu\u00f5lle vannihoolitsus<br \/>\n30 min 48 \u20ac kahele<\/h3>\n<p>Magneesium on \u00fcks t\u00e4htsamaid mineraalained, mida meie organism normaalseks funktsioneerimiseks vajab. Eriti h\u00e4sti omandab keha magneesiumi l\u00e4bi naha soojas vannivees. Magneesiumi vannihoolitsus sobib h\u00e4sti magneesiumi puuduse ennetamiseks ja leevendamiseks. Kodu\u00f5llel on t\u00e4nu humalale palju h\u00e4id ja tervislikke omadusi, mis on kasulikud nahale, liigestele ja n\u00e4rvis\u00fcsteemile. Humal sisaldab B6 r\u00fchma vitamiine, seega tugeva rahustava toimega. Magneesiumi ja kodu\u00f5lle vann leevendab pingeid, v\u00e4rskendab ja annab uut energiat. Peale vanni ja keha kreemitamist rahustava ja niisutava kodu\u00f5lle massaa\u017eilosjooniga j\u00e4\u00e4b nahk eriti pehme ja enesetunne m\u00f5nus.<\/p>\n<p><strong>Lisainfo ja broneerimine:<\/strong> tel 440 1013, e-post <a href=\"mailto:resort.spa@spaestonia.ee\">resort.spa@spaestonia.ee<\/a>.<\/p>\n","protected":false},"excerpt":{"rendered":"<p>Piimavann mee ja lavendliga 30 min 45 \u20ac kahele Piimavann on olnud sajandeid kiireim ja&hellip;<\/p>\n","protected":false},"author":1,"featured_media":0,"parent":1787,"menu_order":0,"comment_status":"closed","ping_status":"open","template":"page-nobron_page.php","meta":{"footnotes":""},"class_list":["post-1379","page","type-page","status-publish","hentry"],"yoast_head":"<!-- This site is optimized with the Yoast SEO plugin v26.7 - https:\/\/yoast.com\/wordpress\/plugins\/seo\/ -->\n<title>Soovitame paaridele! - ESTONIA Resort Hotel Spa<\/title>\n<meta name=\"robots\" content=\"index, follow, max-snippet:-1, max-image-preview:large, max-video-preview:-1\" \/>\n<link rel=\"canonical\" href=\"https:\/\/spaestonia.ee\/resort\/spaahoolitsused\/soovitame-paaridele\/\" \/>\n<meta property=\"og:locale\" content=\"et_EE\" \/>\n<meta property=\"og:type\" content=\"article\" \/>\n<meta property=\"og:title\" content=\"Soovitame paaridele! - ESTONIA Resort Hotel Spa\" \/>\n<meta property=\"og:description\" content=\"Piimavann mee ja lavendliga 30 min 45 \u20ac kahele Piimavann on olnud sajandeid kiireim ja&hellip;\" \/>\n<meta property=\"og:url\" content=\"https:\/\/spaestonia.ee\/resort\/spaahoolitsused\/soovitame-paaridele\/\" \/>\n<meta property=\"og:site_name\" content=\"ESTONIA Resort Hotel Spa\" \/>\n<meta property=\"article:publisher\" content=\"https:\/\/www.facebook.com\/EstoniaResortHotel\" \/>\n<meta property=\"article:modified_time\" content=\"2025-01-02T08:37:11+00:00\" \/>\n<meta name=\"twitter:card\" content=\"summary_large_image\" \/>\n<meta name=\"twitter:label1\" content=\"Est. reading time\" \/>\n\t<meta name=\"twitter:data1\" content=\"1 minut\" \/>\n<script type=\"application\/ld+json\" class=\"yoast-schema-graph\">{\"@context\":\"https:\/\/schema.org\",\"@graph\":[{\"@type\":\"WebPage\",\"@id\":\"https:\/\/spaestonia.ee\/resort\/spaahoolitsused\/soovitame-paaridele\/\",\"url\":\"https:\/\/spaestonia.ee\/resort\/spaahoolitsused\/soovitame-paaridele\/\",\"name\":\"Soovitame paaridele! - ESTONIA Resort Hotel Spa\",\"isPartOf\":{\"@id\":\"https:\/\/www.spaestonia.ee\/resort\/#website\"},\"datePublished\":\"2015-05-12T11:48:11+00:00\",\"dateModified\":\"2025-01-02T08:37:11+00:00\",\"breadcrumb\":{\"@id\":\"https:\/\/spaestonia.ee\/resort\/spaahoolitsused\/soovitame-paaridele\/#breadcrumb\"},\"inLanguage\":\"et\",\"potentialAction\":[{\"@type\":\"ReadAction\",\"target\":[\"https:\/\/spaestonia.ee\/resort\/spaahoolitsused\/soovitame-paaridele\/\"]}]},{\"@type\":\"BreadcrumbList\",\"@id\":\"https:\/\/spaestonia.ee\/resort\/spaahoolitsused\/soovitame-paaridele\/#breadcrumb\",\"itemListElement\":[{\"@type\":\"ListItem\",\"position\":1,\"name\":\"Home\",\"item\":\"https:\/\/www.spaestonia.ee\/resort\/\"},{\"@type\":\"ListItem\",\"position\":2,\"name\":\"Spaahoolitsused\",\"item\":\"https:\/\/spaestonia.ee\/resort\/spaahoolitsused\/\"},{\"@type\":\"ListItem\",\"position\":3,\"name\":\"Soovitame paaridele!\"}]},{\"@type\":\"WebSite\",\"@id\":\"https:\/\/www.spaestonia.ee\/resort\/#website\",\"url\":\"https:\/\/www.spaestonia.ee\/resort\/\",\"name\":\"ESTONIA Resort Hotel Spa\",\"description\":\"Your destination in P\u00e4rnu for wellness and events\",\"publisher\":{\"@id\":\"https:\/\/www.spaestonia.ee\/resort\/#organization\"},\"potentialAction\":[{\"@type\":\"SearchAction\",\"target\":{\"@type\":\"EntryPoint\",\"urlTemplate\":\"https:\/\/www.spaestonia.ee\/resort\/?s={search_term_string}\"},\"query-input\":{\"@type\":\"PropertyValueSpecification\",\"valueRequired\":true,\"valueName\":\"search_term_string\"}}],\"inLanguage\":\"et\"},{\"@type\":\"Organization\",\"@id\":\"https:\/\/www.spaestonia.ee\/resort\/#organization\",\"name\":\"ESTONIA Resort Hotel Spa\",\"url\":\"https:\/\/www.spaestonia.ee\/resort\/\",\"logo\":{\"@type\":\"ImageObject\",\"inLanguage\":\"et\",\"@id\":\"https:\/\/www.spaestonia.ee\/resort\/#\/schema\/logo\/image\/\",\"url\":\"https:\/\/www.spaestonia.ee\/resort\/wp-content\/uploads\/2025\/02\/resort-hotel-estonia.png\",\"contentUrl\":\"https:\/\/www.spaestonia.ee\/resort\/wp-content\/uploads\/2025\/02\/resort-hotel-estonia.png\",\"width\":400,\"height\":173,\"caption\":\"ESTONIA Resort Hotel Spa\"},\"image\":{\"@id\":\"https:\/\/www.spaestonia.ee\/resort\/#\/schema\/logo\/image\/\"},\"sameAs\":[\"https:\/\/www.facebook.com\/EstoniaResortHotel\"]}]}<\/script>\n<!-- \/ Yoast SEO plugin. -->","yoast_head_json":{"title":"Soovitame paaridele! - ESTONIA Resort Hotel Spa","robots":{"index":"index","follow":"follow","max-snippet":"max-snippet:-1","max-image-preview":"max-image-preview:large","max-video-preview":"max-video-preview:-1"},"canonical":"https:\/\/spaestonia.ee\/resort\/spaahoolitsused\/soovitame-paaridele\/","og_locale":"et_EE","og_type":"article","og_title":"Soovitame paaridele! - ESTONIA Resort Hotel Spa","og_description":"Piimavann mee ja lavendliga 30 min 45 \u20ac kahele Piimavann on olnud sajandeid kiireim ja&hellip;","og_url":"https:\/\/spaestonia.ee\/resort\/spaahoolitsused\/soovitame-paaridele\/","og_site_name":"ESTONIA Resort Hotel Spa","article_publisher":"https:\/\/www.facebook.com\/EstoniaResortHotel","article_modified_time":"2025-01-02T08:37:11+00:00","twitter_card":"summary_large_image","twitter_misc":{"Est. reading time":"1 minut"},"schema":{"@context":"https:\/\/schema.org","@graph":[{"@type":"WebPage","@id":"https:\/\/spaestonia.ee\/resort\/spaahoolitsused\/soovitame-paaridele\/","url":"https:\/\/spaestonia.ee\/resort\/spaahoolitsused\/soovitame-paaridele\/","name":"Soovitame paaridele! - ESTONIA Resort Hotel Spa","isPartOf":{"@id":"https:\/\/www.spaestonia.ee\/resort\/#website"},"datePublished":"2015-05-12T11:48:11+00:00","dateModified":"2025-01-02T08:37:11+00:00","breadcrumb":{"@id":"https:\/\/spaestonia.ee\/resort\/spaahoolitsused\/soovitame-paaridele\/#breadcrumb"},"inLanguage":"et","potentialAction":[{"@type":"ReadAction","target":["https:\/\/spaestonia.ee\/resort\/spaahoolitsused\/soovitame-paaridele\/"]}]},{"@type":"BreadcrumbList","@id":"https:\/\/spaestonia.ee\/resort\/spaahoolitsused\/soovitame-paaridele\/#breadcrumb","itemListElement":[{"@type":"ListItem","position":1,"name":"Home","item":"https:\/\/www.spaestonia.ee\/resort\/"},{"@type":"ListItem","position":2,"name":"Spaahoolitsused","item":"https:\/\/spaestonia.ee\/resort\/spaahoolitsused\/"},{"@type":"ListItem","position":3,"name":"Soovitame paaridele!"}]},{"@type":"WebSite","@id":"https:\/\/www.spaestonia.ee\/resort\/#website","url":"https:\/\/www.spaestonia.ee\/resort\/","name":"ESTONIA Resort Hotel Spa","description":"Your destination in P\u00e4rnu for wellness and events","publisher":{"@id":"https:\/\/www.spaestonia.ee\/resort\/#organization"},"potentialAction":[{"@type":"SearchAction","target":{"@type":"EntryPoint","urlTemplate":"https:\/\/www.spaestonia.ee\/resort\/?s={search_term_string}"},"query-input":{"@type":"PropertyValueSpecification","valueRequired":true,"valueName":"search_term_string"}}],"inLanguage":"et"},{"@type":"Organization","@id":"https:\/\/www.spaestonia.ee\/resort\/#organization","name":"ESTONIA Resort Hotel Spa","url":"https:\/\/www.spaestonia.ee\/resort\/","logo":{"@type":"ImageObject","inLanguage":"et","@id":"https:\/\/www.spaestonia.ee\/resort\/#\/schema\/logo\/image\/","url":"https:\/\/www.spaestonia.ee\/resort\/wp-content\/uploads\/2025\/02\/resort-hotel-estonia.png","contentUrl":"https:\/\/www.spaestonia.ee\/resort\/wp-content\/uploads\/2025\/02\/resort-hotel-estonia.png","width":400,"height":173,"caption":"ESTONIA Resort Hotel Spa"},"image":{"@id":"https:\/\/www.spaestonia.ee\/resort\/#\/schema\/logo\/image\/"},"sameAs":["https:\/\/www.facebook.com\/EstoniaResortHotel"]}]}},"_links":{"self":[{"href":"https:\/\/spaestonia.ee\/resort\/wp-json\/wp\/v2\/pages\/1379","targetHints":{"allow":["GET"]}}],"collection":[{"href":"https:\/\/spaestonia.ee\/resort\/wp-json\/wp\/v2\/pages"}],"about":[{"href":"https:\/\/spaestonia.ee\/resort\/wp-json\/wp\/v2\/types\/page"}],"author":[{"embeddable":true,"href":"https:\/\/spaestonia.ee\/resort\/wp-json\/wp\/v2\/users\/1"}],"replies":[{"embeddable":true,"href":"https:\/\/spaestonia.ee\/resort\/wp-json\/wp\/v2\/comments?post=1379"}],"version-history":[{"count":16,"href":"https:\/\/spaestonia.ee\/resort\/wp-json\/wp\/v2\/pages\/1379\/revisions"}],"predecessor-version":[{"id":43582,"href":"https:\/\/spaestonia.ee\/resort\/wp-json\/wp\/v2\/pages\/1379\/revisions\/43582"}],"up":[{"embeddable":true,"href":"https:\/\/spaestonia.ee\/resort\/wp-json\/wp\/v2\/pages\/1787"}],"wp:attachment":[{"href":"https:\/\/spaestonia.ee\/resort\/wp-json\/wp\/v2\/media?parent=1379"}],"curies":[{"name":"wp","href":"https:\/\/api.w.org\/{rel}","templated":true}]}}