{"id":1382,"date":"2015-05-12T14:54:14","date_gmt":"2015-05-12T11:54:14","guid":{"rendered":"https:\/\/www.spaestonia.ee\/resort\/?page_id=1382"},"modified":"2025-10-13T15:30:59","modified_gmt":"2025-10-13T12:30:59","slug":"pesamunadele","status":"publish","type":"page","link":"https:\/\/spaestonia.ee\/resort\/spaahoolitsused\/pesamunadele\/","title":{"rendered":"Pere pesamunadele!"},"content":{"rendered":"<h3><strong>M\u00f5nus maasikas<\/strong><br \/>\n20 min 26 \u20ac<\/h3>\n<p>Maasikal on tugev p\u00f5letikuvastane m\u00f5ju. Hoolitsuse ajal kantakse lapse kehale t\u00f5eliselt marjane maasikamask ja tehakse kerge rahustav massaaz. Kui protseduur l\u00e4bi, siis ootab pisikest klienti tervislik \u00fcllatus.<\/p>\n<h3><strong>V\u00e4ekas mudimine (lastele kuni 14 a)<\/strong><br \/>\n20 min 30 \u20ac<\/h3>\n<p>Mudimine sobib lastele vanuses 5-14 aastat. Massaa\u017ei teostatakse l\u00e4bi r\u00e4tiku. Muditakse, h\u00f5\u00f5rutakse, loksutatakse, v\u00e4\u00e4natakse ja venitatakse. See on hea v\u00f5imalus tutvustada tulevastele spaagurmaanidele massaa\u017eimaailma.<\/p>\n<h3><strong>Vahva vahuvann<\/strong><br \/>\n20 min 25 \u20ac \u00fchele lapsele, 35 \u20ac kahele<\/h3>\n<p>J\u00f5hvikas on hinnatud oma k\u00f5rge C-vitamiini poolest. Samas on j\u00f5hvikal ka p\u00f5letiku- ja bakterivastane, organismi \u00fcldtugevdav ning haavu parandav toime. Super vahuvann on \u00fcks m\u00f5nus sulistamine eestimaisete j\u00f5hvikatega k\u00fclluslikult vahutavas vannivees. Hoolitsuse l\u00f5ppedes ootab pisikest klienti ka j\u00f5hvikane \u00fcllatus.<\/p>\n<p><strong>Lisainfo ja broneerimine:<\/strong> tel 440 1013, e-post <a href=\"mailto:resort.spa@spaestonia.ee\">resort.spa@spaestonia.ee<\/a>.<\/p>\n<div class='gallery-article'><ul id='gallery-article0' class='list gallery-list galleryid-0 gallery-columns-3 gallery-size-thumbnail'><li class='gallery-item'>\n\t\t<p class='gallery-icon'>\n\t\t<a href='https:\/\/spaestonia.ee\/resort\/wp-content\/uploads\/2025\/10\/Estonia-Resort_800px-85.jpg' title=\"\" data-rl_title=\"\" class=\"rl-gallery-link\" data-rl_caption=\"\" data-rel=\"lightbox-gallery-0\"><img loading=\"lazy\" decoding=\"async\" width=\"300\" height=\"300\" src=\"https:\/\/spaestonia.ee\/resort\/wp-content\/uploads\/2025\/10\/Estonia-Resort_800px-85-300x300.jpg\" class=\"attachment-thumbnail size-thumbnail\" alt=\"\" srcset=\"https:\/\/spaestonia.ee\/resort\/wp-content\/uploads\/2025\/10\/Estonia-Resort_800px-85-300x300.jpg 300w, https:\/\/spaestonia.ee\/resort\/wp-content\/uploads\/2025\/10\/Estonia-Resort_800px-85-181x181.jpg 181w\" sizes=\"auto, (max-width: 300px) 100vw, 300px\" \/><\/a>\n\t\t<\/p><\/li><li class='gallery-item'>\n\t\t<p class='gallery-icon'>\n\t\t<a href='https:\/\/spaestonia.ee\/resort\/wp-content\/uploads\/2025\/10\/Estonia-Resort_800px-86.jpg' title=\"\" data-rl_title=\"\" class=\"rl-gallery-link\" data-rl_caption=\"\" data-rel=\"lightbox-gallery-0\"><img loading=\"lazy\" decoding=\"async\" width=\"300\" height=\"300\" src=\"https:\/\/spaestonia.ee\/resort\/wp-content\/uploads\/2025\/10\/Estonia-Resort_800px-86-300x300.jpg\" class=\"attachment-thumbnail size-thumbnail\" alt=\"\" srcset=\"https:\/\/spaestonia.ee\/resort\/wp-content\/uploads\/2025\/10\/Estonia-Resort_800px-86-300x300.jpg 300w, https:\/\/spaestonia.ee\/resort\/wp-content\/uploads\/2025\/10\/Estonia-Resort_800px-86-181x181.jpg 181w\" sizes=\"auto, (max-width: 300px) 100vw, 300px\" \/><\/a>\n\t\t<\/p><\/li><\/ul>\n<\/div>\n\n","protected":false},"excerpt":{"rendered":"<p>M\u00f5nus maasikas 20 min 26 \u20ac Maasikal on tugev p\u00f5letikuvastane m\u00f5ju. Hoolitsuse ajal kantakse lapse&hellip;<\/p>\n","protected":false},"author":1,"featured_media":0,"parent":1787,"menu_order":0,"comment_status":"closed","ping_status":"open","template":"page-nobron_page.php","meta":{"footnotes":""},"class_list":["post-1382","page","type-page","status-publish","hentry"],"yoast_head":"<!-- This site is optimized with the Yoast SEO plugin v26.7 - https:\/\/yoast.com\/wordpress\/plugins\/seo\/ -->\n<title>Pere pesamunadele! - ESTONIA Resort Hotel Spa<\/title>\n<meta name=\"robots\" content=\"index, follow, max-snippet:-1, max-image-preview:large, max-video-preview:-1\" \/>\n<link rel=\"canonical\" href=\"https:\/\/spaestonia.ee\/resort\/spaahoolitsused\/pesamunadele\/\" \/>\n<meta property=\"og:locale\" content=\"et_EE\" \/>\n<meta property=\"og:type\" content=\"article\" \/>\n<meta property=\"og:title\" content=\"Pere pesamunadele! - ESTONIA Resort Hotel Spa\" \/>\n<meta property=\"og:description\" content=\"M\u00f5nus maasikas 20 min 26 \u20ac Maasikal on tugev p\u00f5letikuvastane m\u00f5ju. Hoolitsuse ajal kantakse lapse&hellip;\" \/>\n<meta property=\"og:url\" content=\"https:\/\/spaestonia.ee\/resort\/spaahoolitsused\/pesamunadele\/\" \/>\n<meta property=\"og:site_name\" content=\"ESTONIA Resort Hotel Spa\" \/>\n<meta property=\"article:publisher\" content=\"https:\/\/www.facebook.com\/EstoniaResortHotel\" \/>\n<meta property=\"article:modified_time\" content=\"2025-10-13T12:30:59+00:00\" \/>\n<meta property=\"og:image\" content=\"https:\/\/www.spaestonia.ee\/resort\/wp-content\/uploads\/2025\/10\/Estonia-Resort_800px-85-300x300.jpg\" \/>\n<meta name=\"twitter:card\" content=\"summary_large_image\" \/>\n<meta name=\"twitter:label1\" content=\"Est. reading time\" \/>\n\t<meta name=\"twitter:data1\" content=\"1 minut\" \/>\n<script type=\"application\/ld+json\" class=\"yoast-schema-graph\">{\"@context\":\"https:\/\/schema.org\",\"@graph\":[{\"@type\":\"WebPage\",\"@id\":\"https:\/\/spaestonia.ee\/resort\/spaahoolitsused\/pesamunadele\/\",\"url\":\"https:\/\/spaestonia.ee\/resort\/spaahoolitsused\/pesamunadele\/\",\"name\":\"Pere pesamunadele! - ESTONIA Resort Hotel Spa\",\"isPartOf\":{\"@id\":\"https:\/\/www.spaestonia.ee\/resort\/#website\"},\"datePublished\":\"2015-05-12T11:54:14+00:00\",\"dateModified\":\"2025-10-13T12:30:59+00:00\",\"breadcrumb\":{\"@id\":\"https:\/\/spaestonia.ee\/resort\/spaahoolitsused\/pesamunadele\/#breadcrumb\"},\"inLanguage\":\"et\",\"potentialAction\":[{\"@type\":\"ReadAction\",\"target\":[\"https:\/\/spaestonia.ee\/resort\/spaahoolitsused\/pesamunadele\/\"]}]},{\"@type\":\"BreadcrumbList\",\"@id\":\"https:\/\/spaestonia.ee\/resort\/spaahoolitsused\/pesamunadele\/#breadcrumb\",\"itemListElement\":[{\"@type\":\"ListItem\",\"position\":1,\"name\":\"Home\",\"item\":\"https:\/\/www.spaestonia.ee\/resort\/\"},{\"@type\":\"ListItem\",\"position\":2,\"name\":\"Spaahoolitsused\",\"item\":\"https:\/\/spaestonia.ee\/resort\/spaahoolitsused\/\"},{\"@type\":\"ListItem\",\"position\":3,\"name\":\"Pere pesamunadele!\"}]},{\"@type\":\"WebSite\",\"@id\":\"https:\/\/www.spaestonia.ee\/resort\/#website\",\"url\":\"https:\/\/www.spaestonia.ee\/resort\/\",\"name\":\"ESTONIA Resort Hotel Spa\",\"description\":\"Your destination in P\u00e4rnu for wellness and events\",\"publisher\":{\"@id\":\"https:\/\/www.spaestonia.ee\/resort\/#organization\"},\"potentialAction\":[{\"@type\":\"SearchAction\",\"target\":{\"@type\":\"EntryPoint\",\"urlTemplate\":\"https:\/\/www.spaestonia.ee\/resort\/?s={search_term_string}\"},\"query-input\":{\"@type\":\"PropertyValueSpecification\",\"valueRequired\":true,\"valueName\":\"search_term_string\"}}],\"inLanguage\":\"et\"},{\"@type\":\"Organization\",\"@id\":\"https:\/\/www.spaestonia.ee\/resort\/#organization\",\"name\":\"ESTONIA Resort Hotel Spa\",\"url\":\"https:\/\/www.spaestonia.ee\/resort\/\",\"logo\":{\"@type\":\"ImageObject\",\"inLanguage\":\"et\",\"@id\":\"https:\/\/www.spaestonia.ee\/resort\/#\/schema\/logo\/image\/\",\"url\":\"https:\/\/www.spaestonia.ee\/resort\/wp-content\/uploads\/2025\/02\/resort-hotel-estonia.png\",\"contentUrl\":\"https:\/\/www.spaestonia.ee\/resort\/wp-content\/uploads\/2025\/02\/resort-hotel-estonia.png\",\"width\":400,\"height\":173,\"caption\":\"ESTONIA Resort Hotel Spa\"},\"image\":{\"@id\":\"https:\/\/www.spaestonia.ee\/resort\/#\/schema\/logo\/image\/\"},\"sameAs\":[\"https:\/\/www.facebook.com\/EstoniaResortHotel\"]}]}<\/script>\n<!-- \/ Yoast SEO plugin. -->","yoast_head_json":{"title":"Pere pesamunadele! - ESTONIA Resort Hotel Spa","robots":{"index":"index","follow":"follow","max-snippet":"max-snippet:-1","max-image-preview":"max-image-preview:large","max-video-preview":"max-video-preview:-1"},"canonical":"https:\/\/spaestonia.ee\/resort\/spaahoolitsused\/pesamunadele\/","og_locale":"et_EE","og_type":"article","og_title":"Pere pesamunadele! - ESTONIA Resort Hotel Spa","og_description":"M\u00f5nus maasikas 20 min 26 \u20ac Maasikal on tugev p\u00f5letikuvastane m\u00f5ju. Hoolitsuse ajal kantakse lapse&hellip;","og_url":"https:\/\/spaestonia.ee\/resort\/spaahoolitsused\/pesamunadele\/","og_site_name":"ESTONIA Resort Hotel Spa","article_publisher":"https:\/\/www.facebook.com\/EstoniaResortHotel","article_modified_time":"2025-10-13T12:30:59+00:00","og_image":[{"url":"https:\/\/www.spaestonia.ee\/resort\/wp-content\/uploads\/2025\/10\/Estonia-Resort_800px-85-300x300.jpg","type":"","width":"","height":""}],"twitter_card":"summary_large_image","twitter_misc":{"Est. reading time":"1 minut"},"schema":{"@context":"https:\/\/schema.org","@graph":[{"@type":"WebPage","@id":"https:\/\/spaestonia.ee\/resort\/spaahoolitsused\/pesamunadele\/","url":"https:\/\/spaestonia.ee\/resort\/spaahoolitsused\/pesamunadele\/","name":"Pere pesamunadele! - ESTONIA Resort Hotel Spa","isPartOf":{"@id":"https:\/\/www.spaestonia.ee\/resort\/#website"},"datePublished":"2015-05-12T11:54:14+00:00","dateModified":"2025-10-13T12:30:59+00:00","breadcrumb":{"@id":"https:\/\/spaestonia.ee\/resort\/spaahoolitsused\/pesamunadele\/#breadcrumb"},"inLanguage":"et","potentialAction":[{"@type":"ReadAction","target":["https:\/\/spaestonia.ee\/resort\/spaahoolitsused\/pesamunadele\/"]}]},{"@type":"BreadcrumbList","@id":"https:\/\/spaestonia.ee\/resort\/spaahoolitsused\/pesamunadele\/#breadcrumb","itemListElement":[{"@type":"ListItem","position":1,"name":"Home","item":"https:\/\/www.spaestonia.ee\/resort\/"},{"@type":"ListItem","position":2,"name":"Spaahoolitsused","item":"https:\/\/spaestonia.ee\/resort\/spaahoolitsused\/"},{"@type":"ListItem","position":3,"name":"Pere pesamunadele!"}]},{"@type":"WebSite","@id":"https:\/\/www.spaestonia.ee\/resort\/#website","url":"https:\/\/www.spaestonia.ee\/resort\/","name":"ESTONIA Resort Hotel Spa","description":"Your destination in P\u00e4rnu for wellness and events","publisher":{"@id":"https:\/\/www.spaestonia.ee\/resort\/#organization"},"potentialAction":[{"@type":"SearchAction","target":{"@type":"EntryPoint","urlTemplate":"https:\/\/www.spaestonia.ee\/resort\/?s={search_term_string}"},"query-input":{"@type":"PropertyValueSpecification","valueRequired":true,"valueName":"search_term_string"}}],"inLanguage":"et"},{"@type":"Organization","@id":"https:\/\/www.spaestonia.ee\/resort\/#organization","name":"ESTONIA Resort Hotel Spa","url":"https:\/\/www.spaestonia.ee\/resort\/","logo":{"@type":"ImageObject","inLanguage":"et","@id":"https:\/\/www.spaestonia.ee\/resort\/#\/schema\/logo\/image\/","url":"https:\/\/www.spaestonia.ee\/resort\/wp-content\/uploads\/2025\/02\/resort-hotel-estonia.png","contentUrl":"https:\/\/www.spaestonia.ee\/resort\/wp-content\/uploads\/2025\/02\/resort-hotel-estonia.png","width":400,"height":173,"caption":"ESTONIA Resort Hotel Spa"},"image":{"@id":"https:\/\/www.spaestonia.ee\/resort\/#\/schema\/logo\/image\/"},"sameAs":["https:\/\/www.facebook.com\/EstoniaResortHotel"]}]}},"_links":{"self":[{"href":"https:\/\/spaestonia.ee\/resort\/wp-json\/wp\/v2\/pages\/1382","targetHints":{"allow":["GET"]}}],"collection":[{"href":"https:\/\/spaestonia.ee\/resort\/wp-json\/wp\/v2\/pages"}],"about":[{"href":"https:\/\/spaestonia.ee\/resort\/wp-json\/wp\/v2\/types\/page"}],"author":[{"embeddable":true,"href":"https:\/\/spaestonia.ee\/resort\/wp-json\/wp\/v2\/users\/1"}],"replies":[{"embeddable":true,"href":"https:\/\/spaestonia.ee\/resort\/wp-json\/wp\/v2\/comments?post=1382"}],"version-history":[{"count":24,"href":"https:\/\/spaestonia.ee\/resort\/wp-json\/wp\/v2\/pages\/1382\/revisions"}],"predecessor-version":[{"id":45508,"href":"https:\/\/spaestonia.ee\/resort\/wp-json\/wp\/v2\/pages\/1382\/revisions\/45508"}],"up":[{"embeddable":true,"href":"https:\/\/spaestonia.ee\/resort\/wp-json\/wp\/v2\/pages\/1787"}],"wp:attachment":[{"href":"https:\/\/spaestonia.ee\/resort\/wp-json\/wp\/v2\/media?parent=1382"}],"curies":[{"name":"wp","href":"https:\/\/api.w.org\/{rel}","templated":true}]}}