{"id":1787,"date":"2015-05-29T10:58:20","date_gmt":"2015-05-29T07:58:20","guid":{"rendered":"https:\/\/www.spaestonia.ee\/resort\/?page_id=1787"},"modified":"2025-11-13T08:23:59","modified_gmt":"2025-11-13T06:23:59","slug":"spaahoolitsused","status":"publish","type":"page","link":"https:\/\/spaestonia.ee\/resort\/spaahoolitsused\/","title":{"rendered":"Spaahoolitsused"},"content":{"rendered":"<p>Meie kuurorthotelli spaahoolitsuste men\u00fc\u00fc on sama v\u00e4rvikas ja mitmek\u00fclgne nagu Eesti viimaste sajandite ajalugu. Eestimaiste spaahoolitsuste men\u00fc\u00fcsse lisavad s\u00e4rtsu ja v\u00fcrtsikust India spaakultuurist p\u00e4rinevad Sundari hoolitsused. Unikaalsena Eestis kutsume teid proovima soolakristallide hellitust spetsiaalsel soolalaual!<\/p>\n<p>Muinasajal kasutati Eestis \u00e4ra pea k\u00f5ik, mis loodusest v\u00f5tta oli &#8211; taimed, muld, savi, kivid, vesi ja tuli. Sama p\u00f5him\u00f5te kehtib ka India traditsioonilises raviviisis, kus \u00f6eldakse, et k\u00f5ik \u00fcmbritsev m\u00f5jutab meid kas \u00fches v\u00f5i teises suunas ehk midagi on millegi vastu alati kasulik.<\/p>\n<p><strong>Spaahoolitsused toimuvad<\/strong> spaa- ja konverentsimaja 2. korrusel, aadressil A.H. Tammsaare 6, P\u00e4rnu.<br \/>\nSpaahoolitsused on avatud E-L 9-19, P 9-17.<\/p>\n<p><img loading=\"lazy\" decoding=\"async\" class=\" wp-image-21703 alignright\" src=\"http:\/\/www.spaestonia.ee\/resort\/wp-content\/uploads\/2017\/03\/kakskolm550x360-300x196.jpg\" alt=\"kakskolm550x360\" width=\"363\" height=\"237\" srcset=\"https:\/\/spaestonia.ee\/resort\/wp-content\/uploads\/2017\/03\/kakskolm550x360-300x196.jpg 300w, https:\/\/spaestonia.ee\/resort\/wp-content\/uploads\/2017\/03\/kakskolm550x360.jpg 550w\" sizes=\"auto, (max-width: 363px) 100vw, 363px\" \/><\/p>\n<p><strong>Lisainfo ja broneerimine:<\/strong><br \/>\ntel 440 1013, e-post <a href=\"mailto:resort.spa@spaestonia.ee\">resort.spa@spaestonia.ee<\/a><\/p>\n<h3>Pane t\u00e4hele!<\/h3>\n<ul>\n<li>Palume kohale tulla 5 minutit enne hoolitsuse algust. Hilinemisel kuni\u00a05 minutit l\u00fcheneb hoolitsuse aeg selle aja v\u00f5rra.\u00a0Pikema hilinemise puhul ei saa me hoolitsuse toimumist garanteerida.<\/li>\n<li>M\u00f5istame, et teinekord v\u00f5ivad plaanid muutuda ja ei ole v\u00f5imalus hoolitsusse tulla, kuid palume t\u00fchistusest teavitada v\u00e4hemalt 24h ette. T\u00fchistamata j\u00e4tmise korral on hotellil \u00f5igus k\u00fcsida kliendilt broneeritud hoolitsuse summa tasumist.<\/li>\n<\/ul>\n<h2>Spaahoolitsuste men\u00fc\u00fc<\/h2>\n<h3>Ehe ja eestimaine<\/h3>\n<p>Meie eestimaiste spaahoolitsuste loomisel saime inspiratsiooni nii Eesti loodusest kui ka iidsetelt taimetarkadelt, kes l\u00e4bi aegade on t\u00e4iustanud Eesti p\u00e4rimuse alustalasid. K\u00f5ik hoolitsuste toimeained on valitud Eesti p\u00e4rimusmeditsiini spetsialistide poolt, l\u00e4htudes tervendavast, nahka s\u00fcvitsi hooldavast ja niisutavast toimest.<\/p>\n<ul>\n<li><a href=\"https:\/\/www.spaestonia.ee\/resort\/spaahoolitsused\/kehahoolitsuse\/#eesti\">Eestimaised keha- ja vannihoolitsused<\/a> &#8211; toimeaineteks v\u00e4epuu ja allikavesi, mesi ja turvas, kanep ja humal ja palju muud&#8230;<\/li>\n<li><a href=\"https:\/\/www.spaestonia.ee\/resort\/spaahoolitsused\/massaazid\/#eesti\">Eestimaised massaa\u017eid<\/a> &#8211; taimekubu massaa\u017e, mee\u00f5li ja kanepi\u00f5li ja palju muud&#8230;<\/li>\n<li><a href=\"https:\/\/www.spaestonia.ee\/resort\/spaahoolitsused\/katele-ja-jalgadele\/#eestik\">Eestimaised k\u00e4tehoolitsused <\/a>&#8211; toimeaineteks saialill, mesilasvaha ja lina\u00f5li<\/li>\n<li><a href=\"https:\/\/www.spaestonia.ee\/resort\/spaahoolitsused\/katele-ja-jalgadele\/#eestij\">Eestimaised jalahoolitsused<\/a> &#8211; toimeaineteks rukkilill ja n\u00f5ges, mesi ja lina\u00f5li, t\u00f5rv ja meresool<\/li>\n<li><a href=\"https:\/\/www.spaestonia.ee\/resort\/spaahoolitsused\/naole-ja-peale\/#eesti\">Eestimaised n\u00e4ohoolitsused<\/a> &#8211; toimeaineteks metsik roos ehk kibuvits, ravimuda ja saialill, angervaks ja turvas<\/li>\n<\/ul>\n<h3>Sundari idamaine<\/h3>\n<p>Eestlased on l\u00e4bi aegade olnud reisihimulised ja avatud k\u00f5igele heale, mis teiste rahvaste poolt juba kasutusele on v\u00f5etud. Nii pakume ka meie oma kuurorthotellis v\u00f5imalust proovida India juurtega Sundari sarja eksootilisi hoolitsusi. K\u00f5ik Sundari hoolitsused algavad Dosha kehat\u00fc\u00fcbi v\u00e4ljaselgitamisega, mille j\u00e4rel valitakse just Sulle sobivad aroomid ja hoolitsuste ajal kasutatavad toimeained.<\/p>\n<ul>\n<li><a href=\"https:\/\/www.spaestonia.ee\/resort\/spaahoolitsused\/kehahoolitsuse\/#sundari\">Sundari kehahoolitsused<\/a><\/li>\n<li><a href=\"https:\/\/www.spaestonia.ee\/resort\/spaahoolitsused\/massaazid\/#sundari\">Sundari massaa\u017eid<\/a><\/li>\n<li><a href=\"https:\/\/www.spaestonia.ee\/resort\/spaahoolitsused\/naole-ja-peale\/#sundari\">Sundari n\u00e4ohoolitsused<\/a><\/li>\n<li><a href=\"https:\/\/www.spaestonia.ee\/resort\/spaahoolitsused\/naole-ja-peale\/#sundarip\">Sundari peanaha hoolitsused<\/a><\/li>\n<li><a href=\"https:\/\/www.spaestonia.ee\/resort\/spaahoolitsused\/spaarituaalid\/\">Sundari holistiline rituaal<\/a><\/li>\n<\/ul>\n<h3>Klassika<\/h3>\n<p>Neile, kes soovivad tuttavat ja turvalist v\u00f5imalust oma keha eest hoolitseda!<\/p>\n<ul>\n<li><a href=\"https:\/\/www.spaestonia.ee\/resort\/spaahoolitsused\/massaazid\/#klassika\">Klassikalised massaa\u017eid<\/a><\/li>\n<li><a href=\"https:\/\/www.spaestonia.ee\/resort\/spaahoolitsused\/katele-ja-jalgadele\/#klassikak\">Klassikalised k\u00e4tehoolitsused<\/a><\/li>\n<li><a href=\"https:\/\/www.spaestonia.ee\/resort\/spaahoolitsused\/katele-ja-jalgadele\/#klassikaj\">Klassikalised jalahoolitsused<\/a><\/li>\n<li><a href=\"https:\/\/www.spaestonia.ee\/resort\/spaahoolitsused\/naole-ja-peale\/#klassika\">Klassikalised n\u00e4ohoolitsused<\/a><\/li>\n<li><a href=\"https:\/\/www.spaestonia.ee\/resort\/spaahoolitsused\/naole-ja-peale\/#klassikap\">Klassikalised peanaha hoolitsused<\/a><\/li>\n<\/ul>\n<h3>Soolakristallide hellitus<\/h3>\n<p>Unikaalne Eestis! Soojendusega soolalaual kogete soola tervendavat m\u00f5ju hingamisteedele, nahale, liigestele ja kogu immuuns\u00fcsteemile terviklikult.<\/p>\n<ul>\n<li><a href=\"https:\/\/www.spaestonia.ee\/resort\/spaahoolitsused\/soolalaua-hoolitsused\/\">Soolalaua hoolitsused<\/a><\/li>\n<\/ul>\n<p><strong>Lisainfo ja broneerimine:<\/strong> tel 440 1013, e-post <a href=\"mailto:resort.spa@spaestonia.ee\">resort.spa@spaestonia.ee<\/a>.<\/p>\n<hr \/>\n<p><strong>PARKIMINE:<br \/>\nP1 parkla\u00a0<\/strong>\u2013 tasuline<strong><br \/>\nP2 parkla\u00a0<\/strong>\u2013 1.05.\u201331.08 tasuline, muul ajal tasuta<br \/>\nLisainfo\u00a0<a href=\"https:\/\/www.spaestonia.ee\/resort\/meist\/asukoht-parkimine\/\">SIIN<\/a>.<\/p>\n","protected":false},"excerpt":{"rendered":"<p>Meie kuurorthotelli spaahoolitsuste men\u00fc\u00fc on sama v\u00e4rvikas ja mitmek\u00fclgne nagu Eesti viimaste sajandite ajalugu. Eestimaiste&hellip;<\/p>\n","protected":false},"author":1,"featured_media":0,"parent":0,"menu_order":0,"comment_status":"closed","ping_status":"open","template":"page-nobron_page.php","meta":{"footnotes":""},"class_list":["post-1787","page","type-page","status-publish","hentry"],"yoast_head":"<!-- This site is optimized with the Yoast SEO plugin v26.7 - https:\/\/yoast.com\/wordpress\/plugins\/seo\/ -->\n<title>Spaahoolitsused - ESTONIA Resort Hotel Spa<\/title>\n<meta name=\"description\" content=\"Luba endale midagi t\u00f5eliselt erilist! Ehedalt eestimaised v\u00f5i s\u00e4rtsakalt idamaised hoolitsused - valik on rikkalik\" \/>\n<meta name=\"robots\" content=\"index, follow, max-snippet:-1, max-image-preview:large, max-video-preview:-1\" \/>\n<link rel=\"canonical\" href=\"https:\/\/spaestonia.ee\/resort\/spaahoolitsused\/\" \/>\n<meta property=\"og:locale\" content=\"et_EE\" \/>\n<meta property=\"og:type\" content=\"article\" \/>\n<meta property=\"og:title\" content=\"Spaahoolitsused - ESTONIA Resort Hotel Spa\" \/>\n<meta property=\"og:description\" content=\"Luba endale midagi t\u00f5eliselt erilist! Ehedalt eestimaised v\u00f5i s\u00e4rtsakalt idamaised hoolitsused - valik on rikkalik\" \/>\n<meta property=\"og:url\" content=\"https:\/\/spaestonia.ee\/resort\/spaahoolitsused\/\" \/>\n<meta property=\"og:site_name\" content=\"ESTONIA Resort Hotel Spa\" \/>\n<meta property=\"article:publisher\" content=\"https:\/\/www.facebook.com\/EstoniaResortHotel\" \/>\n<meta property=\"article:modified_time\" content=\"2025-11-13T06:23:59+00:00\" \/>\n<meta property=\"og:image\" content=\"http:\/\/www.spaestonia.ee\/resort\/wp-content\/uploads\/2017\/03\/kakskolm550x360-300x196.jpg\" \/>\n<meta name=\"twitter:card\" content=\"summary_large_image\" \/>\n<meta name=\"twitter:label1\" content=\"Est. reading time\" \/>\n\t<meta name=\"twitter:data1\" content=\"3 minutit\" \/>\n<script type=\"application\/ld+json\" class=\"yoast-schema-graph\">{\"@context\":\"https:\/\/schema.org\",\"@graph\":[{\"@type\":\"WebPage\",\"@id\":\"https:\/\/spaestonia.ee\/resort\/spaahoolitsused\/\",\"url\":\"https:\/\/spaestonia.ee\/resort\/spaahoolitsused\/\",\"name\":\"Spaahoolitsused - ESTONIA Resort Hotel Spa\",\"isPartOf\":{\"@id\":\"https:\/\/www.spaestonia.ee\/resort\/#website\"},\"primaryImageOfPage\":{\"@id\":\"https:\/\/spaestonia.ee\/resort\/spaahoolitsused\/#primaryimage\"},\"image\":{\"@id\":\"https:\/\/spaestonia.ee\/resort\/spaahoolitsused\/#primaryimage\"},\"thumbnailUrl\":\"http:\/\/www.spaestonia.ee\/resort\/wp-content\/uploads\/2017\/03\/kakskolm550x360-300x196.jpg\",\"datePublished\":\"2015-05-29T07:58:20+00:00\",\"dateModified\":\"2025-11-13T06:23:59+00:00\",\"description\":\"Luba endale midagi t\u00f5eliselt erilist! Ehedalt eestimaised v\u00f5i s\u00e4rtsakalt idamaised hoolitsused - valik on rikkalik\",\"breadcrumb\":{\"@id\":\"https:\/\/spaestonia.ee\/resort\/spaahoolitsused\/#breadcrumb\"},\"inLanguage\":\"et\",\"potentialAction\":[{\"@type\":\"ReadAction\",\"target\":[\"https:\/\/spaestonia.ee\/resort\/spaahoolitsused\/\"]}]},{\"@type\":\"ImageObject\",\"inLanguage\":\"et\",\"@id\":\"https:\/\/spaestonia.ee\/resort\/spaahoolitsused\/#primaryimage\",\"url\":\"http:\/\/www.spaestonia.ee\/resort\/wp-content\/uploads\/2017\/03\/kakskolm550x360-300x196.jpg\",\"contentUrl\":\"http:\/\/www.spaestonia.ee\/resort\/wp-content\/uploads\/2017\/03\/kakskolm550x360-300x196.jpg\"},{\"@type\":\"BreadcrumbList\",\"@id\":\"https:\/\/spaestonia.ee\/resort\/spaahoolitsused\/#breadcrumb\",\"itemListElement\":[{\"@type\":\"ListItem\",\"position\":1,\"name\":\"Home\",\"item\":\"https:\/\/www.spaestonia.ee\/resort\/\"},{\"@type\":\"ListItem\",\"position\":2,\"name\":\"Spaahoolitsused\"}]},{\"@type\":\"WebSite\",\"@id\":\"https:\/\/www.spaestonia.ee\/resort\/#website\",\"url\":\"https:\/\/www.spaestonia.ee\/resort\/\",\"name\":\"ESTONIA Resort Hotel Spa\",\"description\":\"Your destination in P\u00e4rnu for wellness and events\",\"publisher\":{\"@id\":\"https:\/\/www.spaestonia.ee\/resort\/#organization\"},\"potentialAction\":[{\"@type\":\"SearchAction\",\"target\":{\"@type\":\"EntryPoint\",\"urlTemplate\":\"https:\/\/www.spaestonia.ee\/resort\/?s={search_term_string}\"},\"query-input\":{\"@type\":\"PropertyValueSpecification\",\"valueRequired\":true,\"valueName\":\"search_term_string\"}}],\"inLanguage\":\"et\"},{\"@type\":\"Organization\",\"@id\":\"https:\/\/www.spaestonia.ee\/resort\/#organization\",\"name\":\"ESTONIA Resort Hotel Spa\",\"url\":\"https:\/\/www.spaestonia.ee\/resort\/\",\"logo\":{\"@type\":\"ImageObject\",\"inLanguage\":\"et\",\"@id\":\"https:\/\/www.spaestonia.ee\/resort\/#\/schema\/logo\/image\/\",\"url\":\"https:\/\/www.spaestonia.ee\/resort\/wp-content\/uploads\/2025\/02\/resort-hotel-estonia.png\",\"contentUrl\":\"https:\/\/www.spaestonia.ee\/resort\/wp-content\/uploads\/2025\/02\/resort-hotel-estonia.png\",\"width\":400,\"height\":173,\"caption\":\"ESTONIA Resort Hotel Spa\"},\"image\":{\"@id\":\"https:\/\/www.spaestonia.ee\/resort\/#\/schema\/logo\/image\/\"},\"sameAs\":[\"https:\/\/www.facebook.com\/EstoniaResortHotel\"]}]}<\/script>\n<!-- \/ Yoast SEO plugin. -->","yoast_head_json":{"title":"Spaahoolitsused - ESTONIA Resort Hotel Spa","description":"Luba endale midagi t\u00f5eliselt erilist! Ehedalt eestimaised v\u00f5i s\u00e4rtsakalt idamaised hoolitsused - valik on rikkalik","robots":{"index":"index","follow":"follow","max-snippet":"max-snippet:-1","max-image-preview":"max-image-preview:large","max-video-preview":"max-video-preview:-1"},"canonical":"https:\/\/spaestonia.ee\/resort\/spaahoolitsused\/","og_locale":"et_EE","og_type":"article","og_title":"Spaahoolitsused - ESTONIA Resort Hotel Spa","og_description":"Luba endale midagi t\u00f5eliselt erilist! Ehedalt eestimaised v\u00f5i s\u00e4rtsakalt idamaised hoolitsused - valik on rikkalik","og_url":"https:\/\/spaestonia.ee\/resort\/spaahoolitsused\/","og_site_name":"ESTONIA Resort Hotel Spa","article_publisher":"https:\/\/www.facebook.com\/EstoniaResortHotel","article_modified_time":"2025-11-13T06:23:59+00:00","og_image":[{"url":"http:\/\/www.spaestonia.ee\/resort\/wp-content\/uploads\/2017\/03\/kakskolm550x360-300x196.jpg","type":"","width":"","height":""}],"twitter_card":"summary_large_image","twitter_misc":{"Est. reading time":"3 minutit"},"schema":{"@context":"https:\/\/schema.org","@graph":[{"@type":"WebPage","@id":"https:\/\/spaestonia.ee\/resort\/spaahoolitsused\/","url":"https:\/\/spaestonia.ee\/resort\/spaahoolitsused\/","name":"Spaahoolitsused - ESTONIA Resort Hotel Spa","isPartOf":{"@id":"https:\/\/www.spaestonia.ee\/resort\/#website"},"primaryImageOfPage":{"@id":"https:\/\/spaestonia.ee\/resort\/spaahoolitsused\/#primaryimage"},"image":{"@id":"https:\/\/spaestonia.ee\/resort\/spaahoolitsused\/#primaryimage"},"thumbnailUrl":"http:\/\/www.spaestonia.ee\/resort\/wp-content\/uploads\/2017\/03\/kakskolm550x360-300x196.jpg","datePublished":"2015-05-29T07:58:20+00:00","dateModified":"2025-11-13T06:23:59+00:00","description":"Luba endale midagi t\u00f5eliselt erilist! Ehedalt eestimaised v\u00f5i s\u00e4rtsakalt idamaised hoolitsused - valik on rikkalik","breadcrumb":{"@id":"https:\/\/spaestonia.ee\/resort\/spaahoolitsused\/#breadcrumb"},"inLanguage":"et","potentialAction":[{"@type":"ReadAction","target":["https:\/\/spaestonia.ee\/resort\/spaahoolitsused\/"]}]},{"@type":"ImageObject","inLanguage":"et","@id":"https:\/\/spaestonia.ee\/resort\/spaahoolitsused\/#primaryimage","url":"http:\/\/www.spaestonia.ee\/resort\/wp-content\/uploads\/2017\/03\/kakskolm550x360-300x196.jpg","contentUrl":"http:\/\/www.spaestonia.ee\/resort\/wp-content\/uploads\/2017\/03\/kakskolm550x360-300x196.jpg"},{"@type":"BreadcrumbList","@id":"https:\/\/spaestonia.ee\/resort\/spaahoolitsused\/#breadcrumb","itemListElement":[{"@type":"ListItem","position":1,"name":"Home","item":"https:\/\/www.spaestonia.ee\/resort\/"},{"@type":"ListItem","position":2,"name":"Spaahoolitsused"}]},{"@type":"WebSite","@id":"https:\/\/www.spaestonia.ee\/resort\/#website","url":"https:\/\/www.spaestonia.ee\/resort\/","name":"ESTONIA Resort Hotel Spa","description":"Your destination in P\u00e4rnu for wellness and events","publisher":{"@id":"https:\/\/www.spaestonia.ee\/resort\/#organization"},"potentialAction":[{"@type":"SearchAction","target":{"@type":"EntryPoint","urlTemplate":"https:\/\/www.spaestonia.ee\/resort\/?s={search_term_string}"},"query-input":{"@type":"PropertyValueSpecification","valueRequired":true,"valueName":"search_term_string"}}],"inLanguage":"et"},{"@type":"Organization","@id":"https:\/\/www.spaestonia.ee\/resort\/#organization","name":"ESTONIA Resort Hotel Spa","url":"https:\/\/www.spaestonia.ee\/resort\/","logo":{"@type":"ImageObject","inLanguage":"et","@id":"https:\/\/www.spaestonia.ee\/resort\/#\/schema\/logo\/image\/","url":"https:\/\/www.spaestonia.ee\/resort\/wp-content\/uploads\/2025\/02\/resort-hotel-estonia.png","contentUrl":"https:\/\/www.spaestonia.ee\/resort\/wp-content\/uploads\/2025\/02\/resort-hotel-estonia.png","width":400,"height":173,"caption":"ESTONIA Resort Hotel Spa"},"image":{"@id":"https:\/\/www.spaestonia.ee\/resort\/#\/schema\/logo\/image\/"},"sameAs":["https:\/\/www.facebook.com\/EstoniaResortHotel"]}]}},"_links":{"self":[{"href":"https:\/\/spaestonia.ee\/resort\/wp-json\/wp\/v2\/pages\/1787","targetHints":{"allow":["GET"]}}],"collection":[{"href":"https:\/\/spaestonia.ee\/resort\/wp-json\/wp\/v2\/pages"}],"about":[{"href":"https:\/\/spaestonia.ee\/resort\/wp-json\/wp\/v2\/types\/page"}],"author":[{"embeddable":true,"href":"https:\/\/spaestonia.ee\/resort\/wp-json\/wp\/v2\/users\/1"}],"replies":[{"embeddable":true,"href":"https:\/\/spaestonia.ee\/resort\/wp-json\/wp\/v2\/comments?post=1787"}],"version-history":[{"count":88,"href":"https:\/\/spaestonia.ee\/resort\/wp-json\/wp\/v2\/pages\/1787\/revisions"}],"predecessor-version":[{"id":45615,"href":"https:\/\/spaestonia.ee\/resort\/wp-json\/wp\/v2\/pages\/1787\/revisions\/45615"}],"wp:attachment":[{"href":"https:\/\/spaestonia.ee\/resort\/wp-json\/wp\/v2\/media?parent=1787"}],"curies":[{"name":"wp","href":"https:\/\/api.w.org\/{rel}","templated":true}]}}