{"id":1817,"date":"2015-05-30T10:06:09","date_gmt":"2015-05-30T07:06:09","guid":{"rendered":"https:\/\/www.spaestonia.ee\/resort\/?page_id=1817"},"modified":"2025-07-29T11:22:20","modified_gmt":"2025-07-29T08:22:20","slug":"massaazid","status":"publish","type":"page","link":"https:\/\/spaestonia.ee\/resort\/spaahoolitsused\/massaazid\/","title":{"rendered":"Massaa\u017eid"},"content":{"rendered":"<p>\u00bb <a href=\"#eesti\">Ehedad eestimaised massaa\u017eid<\/a><br \/>\n\u00bb <a href=\"#Abhyanga\">Idamaised massaa\u017eid<\/a><br \/>\n\u00bb <a href=\"#tai\">Tai massaaz<\/a><br \/>\n\u00bb <a href=\"#klassika\">Klassikalised massaa\u017eid<\/a><br \/>\n<a id=\"eesti\"><\/a><\/p>\n<h2>EHEDAD EESTIMAISED MASSAA\u017dID<\/h2>\n<h3>V\u00e4ge andev taimekubu massaa\u017e<br \/>\n60 min 67 \u20ac<\/h3>\n<p>V\u00e4ge andev taimekubu massaa\u017e tehakse soojendatud taimekubudega ja kombineeritud iidsete eesti massaa\u017eiv\u00f5tetega. Eesti ravimtaimedest koosnevad taimepallid koos toitvate taime\u00f5lidega l\u00f5\u00f5gastavad maksimaalselt lihas- ja n\u00e4rvipingeid, v\u00e4estavad meeli ja tundeid. Massaa\u017e on \u00a0vereringet ergutav, tugevatoimeline lihastele, samas meelt ja tundeid rahustav ja pingeid vabastav<br \/>\nVastavalt aastaajale valitud taimede toimest sobib massaa\u017e valutavatele liigestele, k\u00f5huh\u00e4dadele, k\u00fclmetusele, haavanditele, krampidele, n\u00e4rvilisusele,\u00a0 p\u00f5letikele, valudele, unetusele v\u00f5i nahah\u00e4dadele. V\u00e4ga hea naharavi &#8211; sobilik eriti peale p\u00e4evitamist.<\/p>\n<h3>Meekuuli massaa\u017e<br \/>\n30 min 47 \u20ac<br \/>\n60 min 62 \u20ac<\/h3>\n<p>Mett on laialdaselt kasutatud ja k\u00f5rgelt hinnatud juba 2500 aastat. Eestis hakati mesindusega tegelema muinasajal. Juba vanad eestlased olid teadlikud mee kasulikest omadustest. Seda kuldset loodusandi on lisaks nahka pehmendavale toimele kasutatud ka tervist tugevdava vahendina ning aktiivse elu pikendajana.<br \/>\n30 min &#8211; keha osaline massaa\u017e mee\u00f5li ja -kuuliga.<br \/>\n60 min &#8211; kogu keha massaa\u017e mee\u00f5li ja -kuuliga.<\/p>\n<h3>Kanepi\u00f5li massaa\u017e &#8211; SOOVITAME ka MEESTELE!<strong><br \/>\n<\/strong>60 min 63 \u20ac<\/h3>\n<p>L\u00f5\u00f5gastav massaa\u017e kogu kehale kanepi\u00f5liga. Kanep on \u00fcks iidsemaid taimi, mida on sajandeid kasvatatud vastupidava kiu- ja \u00f5lirikaste seemnete saamiseks. Kanepi v\u00e4lispidisel kasutamisel on vananemisvastane toime. T\u00e4nu kanepiseemnetes leiduvatele vitamiinidele ja \u00f5lidele sobib h\u00e4sti naha niisutamiseks ja t\u00e4nu omega3 rasvhapete hulgale on v\u00e4ga tugev looduslik rasvap\u00f5letaja. Leevendab ka sportimise tagaj\u00e4rjel tekkinud lihaspingeid.<\/p>\n<h3>L\u00f5dvestav turjamassaa\u017e<br \/>\n30 min 46 \u20ac<\/h3>\n<p>L\u00f5dvestav turjamassaa\u017e on t\u00f6\u00f6v\u00f5imet taastav hoolitsus \u00f5lav\u00f6\u00f6tme piirkonnale, mis on enim pingete k\u00e4es vaevlev piirkond.\u00a0Hoolitsuse alguses soojendatakse turi soojapadjaga ja seej\u00e4rel vabastatakse pingetest massaa\u017eiga.\u00a0Pinges ehk stressis turi p\u00f5hjustab \u00f5lav\u00f6\u00f6tme piirkonna pingetest tulenevat valu, s\u00f5rmede suremist, tennisek\u00fc\u00fcnarnuki s\u00fcndroomi, peavalu jne. Valu r\u00e4\u00e4gib meile liigsest pingul olekust, lihasj\u00e4ikusest, stressist ja annab m\u00e4rku, et on aeg probleem lahendada&#8230;<\/p>\n<h3>Mudamassaa\u017e m\u00e4hisega<br \/>\n60 min 67 \u20ac<\/h3>\n<p>Ravimudaga massaa\u017e ja sellele j\u00e4rgnev mudam\u00e4his annavad koosm\u00f5juna suurep\u00e4rase tulemuse. Tagab naha intensiivse niisutuse\u00a0 ja uuenemise, \u00a0soodustab kaalukadu ja t\u00f5stab toonust. Samuti on mudam\u00e4his t\u00f5hus lihasluukonna- ja liigeste vaeguste ning radikuliidi leevenduseks.<\/p>\n<p>Hoolitsus algab l\u00f5\u00f5gastava mudamassaa\u017eiga \u00fcle terve keha. Soe ja kreemja konsistentsiga muda l\u00f5dvestab lihaspingeid ning toimib samaaegselt ka koorijana. Massaa\u017ei abil valmistatakse nahk ette maski toimeainete paremaks m\u00f5jumiseks. Muda aitab leevendada nahaprobleeme ning annab sileda ja noorusliku jume. K\u00e4ina lahest p\u00e4rinev Hiiumaa muda on Eesti ravimudadest k\u00f5ige kvaliteetsem \u2013 k\u00f5ige puhtam, mineraaliderohkem ja aluselisem. Hoolitsuse l\u00f5ppedes on nahk siidjalt pehme.<\/p>\n<h3>Soovitame pere pesamunadele! V\u00e4ekas mudimine (lastele kuni 14 a)<br \/>\n20 min 30 \u20ac<\/h3>\n<p>Mudimine sobib lastele vanuses 5-14 aastat. Massaa\u017ei teostatakse l\u00e4bi r\u00e4tiku. Muditakse, h\u00f5\u00f5rutakse, loksutatakse, v\u00e4\u00e4natakse ja venitatakse. See on hea v\u00f5imalus tutvustada tulevastele spaagurmaanidele maassaa\u017eimaailma.<\/p>\n<hr \/>\n<h2><a id=\"sundari\"><\/a>IDAMAISED MASSAA\u017dID<\/h2>\n<h3>Abhyanga massaa\u017e<br \/>\n60 min 67 \u20ac<\/h3>\n<p>Abhyanga (s\u00f5na-s\u00f5nalt: &#8220;\u00f5limassaa\u017e&#8221;) massaa\u017e on spetsiaalne, s\u00fcgavat l\u00f5\u00f5gastust pakkuv punktmassaa\u017e. R\u00fctmiline massaa\u017e aktiveerib seisvat energiat, kasutades sooja \u00f5li, mille abil taastatakse energia liikumine.<\/p>\n<hr \/>\n<h2><a id=\"tai\"><\/a>TAI MASSAA\u017d<\/h2>\n<p>Tai massaa\u017ei nurgakiviks on \u00f5petused k\u00fcmnest eluenergia kanalist (sen) ja neljast eluelemendist: maa, tuli, vesi ja tuul (\u00f5hk). Teades ja tunnetades neid seadusp\u00e4rasusi, tegeleb mass\u00f6\u00f6r nii Sinu keha kui vaimuga. Peamine eesm\u00e4rk on k\u00f5rvaldada eluenergia ringluse h\u00e4ired. Mass\u00f6\u00f6r m\u00f5jutab Sinu energeetilisi punkte ja liine, korrastab energiavooge ning taastab organismi tasakaalu. Tai massaa\u017e \u00fchendab \u00fchte tervikusse kolme teraapia tehnika \u2013 liinimassaa\u017ei, lihaste ja k\u00f5\u00f5luste meridiaanide s\u00fcgavmassaa\u017ei ja jooga elementidega manuaalse teraapia.<\/p>\n<p>Tai massaa\u017e on ohutu ja personaalne. Soovitame massaa\u017ei istuva ja v\u00e4heliikuva elustiili puhul. S\u00fcgav l\u00f5dvestumine ja pinge langus seansi ajal aitab\u00a0vabaneda hetkelistest muredest \u2013 elate \u00fcle meeldivad emotsioonid, pea saab selgeks ning t\u00e4itub uute ideedega.<\/p>\n<p>Tai massaa\u017e on ideaalne stressi maandamiseks, depressioonist ja kroonilisest v\u00e4simusest vabanemiseks, t\u00f6\u00f6kuse t\u00f5stmiseks ja m\u00f5tlemise kiirendamiseks.<br \/>\nLisaks toimub ainevahetuse korrastamine, immuunsuse t\u00f5stmine, j\u00e4\u00e4kainetest vabanemine. \u00dcleliigsed kilod ei tule tagasi, s\u00f6\u00f6giisu on v\u00e4iksem ning organism ise valib tervislikku toitu. Paraneb selgroo liikuvus ja suureneb liigeste paindlikkus.<\/p>\n<p>Tai massaa\u017e on ravimivaba, loomulik ja ohutu v\u00f5imalus h\u00e4\u00e4lestamaks organismi tervenemisele.<\/p>\n<h3>Tai massaa\u017e<br \/>\n60 min 65 \u20ac<br \/>\n90 min 80 \u20ac<br \/>\n120 min 95 \u20ac<\/h3>\n<p>T\u00f5elist Tai massaa\u017eikunsti on v\u00f5imalik kogeda vaid siis, kui seda teeb \u00f5ige kultuurilise ning religioosse tausta ja koolitusega mass\u00f6\u00f6r-terapeut. Massaa\u017e m\u00f5jub tervendavalt ja toniseerivalt k\u00f5ikidele inimorganismi s\u00fcsteemidele ja viib need tasakaalu. Massaa\u017eimeister t\u00f6\u00f6tab hoolikalt iga teie lihase kallal, varbaotstest kuni pealaeni v\u00e4lja.<br \/>\nTai traditsiooniline massaa\u017e v\u00f5ib olla lihtsalt l\u00f5\u00f5gastav, aga ka v\u00e4ga t\u00f5husa tervendava toimega. Sobib h\u00e4sti sporditraumade taastusraviks, lihaspingete leevendamiseks, aitab aktiviseerida vereringet ja ainevahetust, parandab liigeste liikuvust ja m\u00f5jub toniseerivalt kogu organismile.<br \/>\nSeanss toimub spetsiaalsel massaa\u017eimatil ja kliendil on seljas mugavad \u00f5hukesed spordir\u00f5ivad.<\/p>\n<h3>Tai massaa\u017e \u00f5liga<br \/>\n60 min 65 \u20ac<br \/>\n90 min 80 \u20ac<br \/>\n120 min 95 \u20ac<\/h3>\n<p>Tai massaa\u017eis \u00f5liga kasutatakse palju heaolu ja k\u00fclluse tunnet tekitavaid v\u00f5tteid. Massaa\u017eiks kasutatakse neutraalset baas\u00f5li. Massaa\u017ei toimel paraneb verevarustus, v\u00e4heneb lihaspinge, paraneb tunduvalt ainevahetus, suureneb naha elastsus ning mis peamine \u2013 n\u00e4rvis\u00fcsteem tugevneb ja v\u00e4heneb stress.<br \/>\nProtseduuri teostatakse massaa\u017eilaual ja klient on massaa\u017ei ajal kaetud r\u00e4tikutega \u2013 paljastatud on vaid masseeritavad kehapinnad.<\/p>\n<h3>Tai jalatalla massaa\u017e<br \/>\n60 min 59 \u20ac<\/h3>\n<p>Tai populaarseim ja enimkasutatav loodusravi liik. Massaa\u017e k\u00e4tkeb endas jala refleksoloogilisi tsoone, Tai liine ja erinevaid jala teraapilisi k\u00e4sitlusviise nii k\u00e4ega kui massaa\u017eipulgaga. Jalatallal asuvate punktide kaudu hinnatakse ning m\u00f5jutatakse organismi ja \u00fcksikute organite seisundit. Jalatalla massaa\u017ei eesm\u00e4rk on organismi funktsioonide taastamine, h\u00e4irete k\u00f5rvaldamine ja k\u00f5ikide s\u00fcsteemide balanseerimine. Teraapia on s\u00fcgava l\u00f5\u00f5gastava toimega ja m\u00f5jub teraapiliselt kogu kehale \u2013 avaldab v\u00e4ga head m\u00f5ju n\u00e4rvis\u00fcsteemile ning aitab uneh\u00e4irete korral.<\/p>\n<h3>Tai pea ja \u00f5lav\u00f6\u00f6tme massaa\u017e<br \/>\n30 min 45 \u20ac<\/h3>\n<p>Tai peamassaa\u017e sai alguse India, Hiina, Singapuri ja T\u00fcrgi juuksurite ja habemeajajate poolt teenuse l\u00f5petuseks pakutavast peanaha ja juuste masseerimisest.\u00a0 T\u00e4nap\u00e4eval tehakse seda massaa\u017ei eraldi protseduurina, milles kasutatakse muljumist, ringitamist, h\u00f5\u00f5rumist, peanaha t\u00f5mbamist koljust eemale juustesalkudest t\u00f5mmates ja juuste s\u00f5rmitsemist, et parandada peanaha ja juuste toitumist ning v\u00e4ljan\u00e4gemist. Masseeritakse ka kaela ja \u00f5lgade tsooni. Lisaks peanaha ja juuste toitumise parandamisele, annab Tai peamassaa\u017e kaela ja \u00f5lgade pingepunktide vabastamise ja s\u00fcgava l\u00f5dvestuse.<\/p>\n<hr \/>\n<h2><a id=\"klassika\"><\/a>KLASSIKALISED MASSAA\u017dID<\/h2>\n<h3>Klassikaline massaa\u017e<br \/>\n30 min 42 \u20ac<br \/>\n60 min 62 \u20ac<\/h3>\n<p>Klassikalise massaa\u017ei eesm\u00e4rk on teraapiliselt m\u00f5jutada lihastikku, verevarustust ja l\u00fcmfiringet. Massaa\u017ei toimel j\u00e4igad lihased\u00a0l\u00f5tvuvad ja muutuvad taas pehmeks. Massaa\u017e on suurep\u00e4rane vahend v\u00e4simuse k\u00f5rvaldamiseks, taastab organismis ainevahetuse protsessid, parandab lihastoonust, muudab naha pringiks ja elastseks, tekitab kerguse tunde, p\u00f5letab rasvu, m\u00f5jub positiivselt liigestele, hingamis- ja n\u00e4rvis\u00fcsteemile.<br \/>\n30 min &#8211; osaline massaa\u017e \u00fchele probleemsele kehapiirkonnale<br \/>\n60 min &#8211; klassikaline \u00fcldmassaa\u017e kogu kehale<\/p>\n<h3>Meemassaa\u017e<br \/>\n60 min 65 \u20ac<\/h3>\n<p>Mett on juba vanad eestlased kasutanud kleepainena, mille abil organismist saastunud energiat eemaldada. Mesi seob m\u00fcrke ja kiirendab nende v\u00e4ljaviimist organismist. Mee raviomaduste ja massaa\u017ei imeline koostoime parandab vereringet s\u00fcgaval nahakihtides ja lihastes, soodustab siseorganite ja kudede toitumist, aitab t\u00f5husalt tselluliidiga v\u00f5idelda, suurendab l\u00fcmfivoogu ja puhastab nahka. Peale meemassaa\u017ei Te lihtsalt muutute tervemaks ja nooremaks! Nahk muutub siidiseks, pringiks ja siledaks.<br \/>\n60 min &#8211; klassikaline massaa\u017e meega kogu kehale<\/p>\n<h3>Golfimassaa\u017e<br \/>\n45 min 55 \u20ac<\/h3>\n<p>Golfimassaa\u017e on eelk\u00f5ige m\u00f5eldud neile, kes tunde (murul) k\u00f5ndinud, k\u00e4tega t\u00e4pset l\u00f6\u00f6ki rihtides \u00f5lad ja selja pingesse ajanud&#8230; Golfimassaa\u017e on kombinatsioon klassikalisest massaa\u017eist ja soonetasumisest,\u00a0sisaldades iidsele Eesti massaa\u017eile omaseid s\u00f5tkumisi ja venitusi, r\u00f5hku pannes jalgadele ja seljale. Lihaste t\u00f6\u00f6tlemiseks s\u00fcgavuti kasutatakse lisaks soojendatud kaerakotti.<br \/>\nGolfimassaa\u017e on suurep\u00e4rane hoolitsus lihaspingete- ja valude leevendamiseks.<\/p>\n<h3>Turbamassaa\u017e<br \/>\n50 min 57 \u20ac<\/h3>\n<p>Turbaprotseduuride toime p\u00f5hineb soojusel, bioaktiivsete ainete ja antiseptiliste omaduste koosm\u00f5jul. Turba toimeained toidavad nahka, elavdavad vereringet ja ainevahetust ning higi viib kehast v\u00e4lja j\u00e4\u00e4kained.<br \/>\nTurbamassaa\u017ei k\u00e4igus kantakse soojendatud turvas seljale, selg kaetakse kilega ja soojade kaerakottidega. Soojendav turbam\u00e4his kestab 20 minuti. M\u00e4hise ajal tehakse massaa\u017ei k\u00e4tele ja jalgadele.<br \/>\nMask eemaldatakse kuppudega masseerides, mis omakorda l\u00f5dvestab lihaseid.<\/p>\n<p><strong>Lisainfo ja broneerimine:<\/strong> tel 440 1013, e-post <a href=\"mailto:resort.spa@spaestonia.ee\">resort.spa@spaestonia.ee<\/a><\/p>\n","protected":false},"excerpt":{"rendered":"<p>\u00bb Ehedad eestimaised massaa\u017eid \u00bb Idamaised massaa\u017eid \u00bb Tai massaaz \u00bb Klassikalised massaa\u017eid EHEDAD EESTIMAISED&hellip;<\/p>\n","protected":false},"author":1,"featured_media":0,"parent":1787,"menu_order":0,"comment_status":"closed","ping_status":"open","template":"page-nobron_page.php","meta":{"footnotes":""},"class_list":["post-1817","page","type-page","status-publish","hentry"],"yoast_head":"<!-- This site is optimized with the Yoast SEO plugin v26.7 - https:\/\/yoast.com\/wordpress\/plugins\/seo\/ -->\n<title>Massaa\u017eid - ESTONIA Resort Hotel Spa<\/title>\n<meta name=\"robots\" content=\"index, follow, max-snippet:-1, max-image-preview:large, max-video-preview:-1\" \/>\n<link rel=\"canonical\" href=\"https:\/\/spaestonia.ee\/resort\/spaahoolitsused\/massaazid\/\" \/>\n<meta property=\"og:locale\" content=\"et_EE\" \/>\n<meta property=\"og:type\" content=\"article\" \/>\n<meta property=\"og:title\" content=\"Massaa\u017eid - ESTONIA Resort Hotel Spa\" \/>\n<meta property=\"og:description\" content=\"\u00bb Ehedad eestimaised massaa\u017eid \u00bb Idamaised massaa\u017eid \u00bb Tai massaaz \u00bb Klassikalised massaa\u017eid EHEDAD EESTIMAISED&hellip;\" \/>\n<meta property=\"og:url\" content=\"https:\/\/spaestonia.ee\/resort\/spaahoolitsused\/massaazid\/\" \/>\n<meta property=\"og:site_name\" content=\"ESTONIA Resort Hotel Spa\" \/>\n<meta property=\"article:publisher\" content=\"https:\/\/www.facebook.com\/EstoniaResortHotel\" \/>\n<meta property=\"article:modified_time\" content=\"2025-07-29T08:22:20+00:00\" \/>\n<meta name=\"twitter:card\" content=\"summary_large_image\" \/>\n<meta name=\"twitter:label1\" content=\"Est. reading time\" \/>\n\t<meta name=\"twitter:data1\" content=\"7 minutit\" \/>\n<script type=\"application\/ld+json\" class=\"yoast-schema-graph\">{\"@context\":\"https:\/\/schema.org\",\"@graph\":[{\"@type\":\"WebPage\",\"@id\":\"https:\/\/spaestonia.ee\/resort\/spaahoolitsused\/massaazid\/\",\"url\":\"https:\/\/spaestonia.ee\/resort\/spaahoolitsused\/massaazid\/\",\"name\":\"Massaa\u017eid - ESTONIA Resort Hotel Spa\",\"isPartOf\":{\"@id\":\"https:\/\/www.spaestonia.ee\/resort\/#website\"},\"datePublished\":\"2015-05-30T07:06:09+00:00\",\"dateModified\":\"2025-07-29T08:22:20+00:00\",\"breadcrumb\":{\"@id\":\"https:\/\/spaestonia.ee\/resort\/spaahoolitsused\/massaazid\/#breadcrumb\"},\"inLanguage\":\"et\",\"potentialAction\":[{\"@type\":\"ReadAction\",\"target\":[\"https:\/\/spaestonia.ee\/resort\/spaahoolitsused\/massaazid\/\"]}]},{\"@type\":\"BreadcrumbList\",\"@id\":\"https:\/\/spaestonia.ee\/resort\/spaahoolitsused\/massaazid\/#breadcrumb\",\"itemListElement\":[{\"@type\":\"ListItem\",\"position\":1,\"name\":\"Home\",\"item\":\"https:\/\/www.spaestonia.ee\/resort\/\"},{\"@type\":\"ListItem\",\"position\":2,\"name\":\"Spaahoolitsused\",\"item\":\"https:\/\/spaestonia.ee\/resort\/spaahoolitsused\/\"},{\"@type\":\"ListItem\",\"position\":3,\"name\":\"Massaa\u017eid\"}]},{\"@type\":\"WebSite\",\"@id\":\"https:\/\/www.spaestonia.ee\/resort\/#website\",\"url\":\"https:\/\/www.spaestonia.ee\/resort\/\",\"name\":\"ESTONIA Resort Hotel Spa\",\"description\":\"Your destination in P\u00e4rnu for wellness and events\",\"publisher\":{\"@id\":\"https:\/\/www.spaestonia.ee\/resort\/#organization\"},\"potentialAction\":[{\"@type\":\"SearchAction\",\"target\":{\"@type\":\"EntryPoint\",\"urlTemplate\":\"https:\/\/www.spaestonia.ee\/resort\/?s={search_term_string}\"},\"query-input\":{\"@type\":\"PropertyValueSpecification\",\"valueRequired\":true,\"valueName\":\"search_term_string\"}}],\"inLanguage\":\"et\"},{\"@type\":\"Organization\",\"@id\":\"https:\/\/www.spaestonia.ee\/resort\/#organization\",\"name\":\"ESTONIA Resort Hotel Spa\",\"url\":\"https:\/\/www.spaestonia.ee\/resort\/\",\"logo\":{\"@type\":\"ImageObject\",\"inLanguage\":\"et\",\"@id\":\"https:\/\/www.spaestonia.ee\/resort\/#\/schema\/logo\/image\/\",\"url\":\"https:\/\/www.spaestonia.ee\/resort\/wp-content\/uploads\/2025\/02\/resort-hotel-estonia.png\",\"contentUrl\":\"https:\/\/www.spaestonia.ee\/resort\/wp-content\/uploads\/2025\/02\/resort-hotel-estonia.png\",\"width\":400,\"height\":173,\"caption\":\"ESTONIA Resort Hotel Spa\"},\"image\":{\"@id\":\"https:\/\/www.spaestonia.ee\/resort\/#\/schema\/logo\/image\/\"},\"sameAs\":[\"https:\/\/www.facebook.com\/EstoniaResortHotel\"]}]}<\/script>\n<!-- \/ Yoast SEO plugin. -->","yoast_head_json":{"title":"Massaa\u017eid - ESTONIA Resort Hotel Spa","robots":{"index":"index","follow":"follow","max-snippet":"max-snippet:-1","max-image-preview":"max-image-preview:large","max-video-preview":"max-video-preview:-1"},"canonical":"https:\/\/spaestonia.ee\/resort\/spaahoolitsused\/massaazid\/","og_locale":"et_EE","og_type":"article","og_title":"Massaa\u017eid - ESTONIA Resort Hotel Spa","og_description":"\u00bb Ehedad eestimaised massaa\u017eid \u00bb Idamaised massaa\u017eid \u00bb Tai massaaz \u00bb Klassikalised massaa\u017eid EHEDAD EESTIMAISED&hellip;","og_url":"https:\/\/spaestonia.ee\/resort\/spaahoolitsused\/massaazid\/","og_site_name":"ESTONIA Resort Hotel Spa","article_publisher":"https:\/\/www.facebook.com\/EstoniaResortHotel","article_modified_time":"2025-07-29T08:22:20+00:00","twitter_card":"summary_large_image","twitter_misc":{"Est. reading time":"7 minutit"},"schema":{"@context":"https:\/\/schema.org","@graph":[{"@type":"WebPage","@id":"https:\/\/spaestonia.ee\/resort\/spaahoolitsused\/massaazid\/","url":"https:\/\/spaestonia.ee\/resort\/spaahoolitsused\/massaazid\/","name":"Massaa\u017eid - ESTONIA Resort Hotel Spa","isPartOf":{"@id":"https:\/\/www.spaestonia.ee\/resort\/#website"},"datePublished":"2015-05-30T07:06:09+00:00","dateModified":"2025-07-29T08:22:20+00:00","breadcrumb":{"@id":"https:\/\/spaestonia.ee\/resort\/spaahoolitsused\/massaazid\/#breadcrumb"},"inLanguage":"et","potentialAction":[{"@type":"ReadAction","target":["https:\/\/spaestonia.ee\/resort\/spaahoolitsused\/massaazid\/"]}]},{"@type":"BreadcrumbList","@id":"https:\/\/spaestonia.ee\/resort\/spaahoolitsused\/massaazid\/#breadcrumb","itemListElement":[{"@type":"ListItem","position":1,"name":"Home","item":"https:\/\/www.spaestonia.ee\/resort\/"},{"@type":"ListItem","position":2,"name":"Spaahoolitsused","item":"https:\/\/spaestonia.ee\/resort\/spaahoolitsused\/"},{"@type":"ListItem","position":3,"name":"Massaa\u017eid"}]},{"@type":"WebSite","@id":"https:\/\/www.spaestonia.ee\/resort\/#website","url":"https:\/\/www.spaestonia.ee\/resort\/","name":"ESTONIA Resort Hotel Spa","description":"Your destination in P\u00e4rnu for wellness and events","publisher":{"@id":"https:\/\/www.spaestonia.ee\/resort\/#organization"},"potentialAction":[{"@type":"SearchAction","target":{"@type":"EntryPoint","urlTemplate":"https:\/\/www.spaestonia.ee\/resort\/?s={search_term_string}"},"query-input":{"@type":"PropertyValueSpecification","valueRequired":true,"valueName":"search_term_string"}}],"inLanguage":"et"},{"@type":"Organization","@id":"https:\/\/www.spaestonia.ee\/resort\/#organization","name":"ESTONIA Resort Hotel Spa","url":"https:\/\/www.spaestonia.ee\/resort\/","logo":{"@type":"ImageObject","inLanguage":"et","@id":"https:\/\/www.spaestonia.ee\/resort\/#\/schema\/logo\/image\/","url":"https:\/\/www.spaestonia.ee\/resort\/wp-content\/uploads\/2025\/02\/resort-hotel-estonia.png","contentUrl":"https:\/\/www.spaestonia.ee\/resort\/wp-content\/uploads\/2025\/02\/resort-hotel-estonia.png","width":400,"height":173,"caption":"ESTONIA Resort Hotel Spa"},"image":{"@id":"https:\/\/www.spaestonia.ee\/resort\/#\/schema\/logo\/image\/"},"sameAs":["https:\/\/www.facebook.com\/EstoniaResortHotel"]}]}},"_links":{"self":[{"href":"https:\/\/spaestonia.ee\/resort\/wp-json\/wp\/v2\/pages\/1817","targetHints":{"allow":["GET"]}}],"collection":[{"href":"https:\/\/spaestonia.ee\/resort\/wp-json\/wp\/v2\/pages"}],"about":[{"href":"https:\/\/spaestonia.ee\/resort\/wp-json\/wp\/v2\/types\/page"}],"author":[{"embeddable":true,"href":"https:\/\/spaestonia.ee\/resort\/wp-json\/wp\/v2\/users\/1"}],"replies":[{"embeddable":true,"href":"https:\/\/spaestonia.ee\/resort\/wp-json\/wp\/v2\/comments?post=1817"}],"version-history":[{"count":61,"href":"https:\/\/spaestonia.ee\/resort\/wp-json\/wp\/v2\/pages\/1817\/revisions"}],"predecessor-version":[{"id":45074,"href":"https:\/\/spaestonia.ee\/resort\/wp-json\/wp\/v2\/pages\/1817\/revisions\/45074"}],"up":[{"embeddable":true,"href":"https:\/\/spaestonia.ee\/resort\/wp-json\/wp\/v2\/pages\/1787"}],"wp:attachment":[{"href":"https:\/\/spaestonia.ee\/resort\/wp-json\/wp\/v2\/media?parent=1817"}],"curies":[{"name":"wp","href":"https:\/\/api.w.org\/{rel}","templated":true}]}}