{"id":1991,"date":"2015-06-04T11:55:07","date_gmt":"2015-06-04T08:55:07","guid":{"rendered":"https:\/\/www.spaestonia.ee\/resort\/?page_id=1991"},"modified":"2026-01-05T09:35:52","modified_gmt":"2026-01-05T07:35:52","slug":"spaa-ja-saunakeskuse-hinnakiri","status":"publish","type":"page","link":"https:\/\/spaestonia.ee\/resort\/spaa-ja-saunakeskus\/spaa-ja-saunakeskuse-hinnakiri\/","title":{"rendered":"SPA &#038; SAUN hinnad"},"content":{"rendered":"<p><strong>Spaakeskus SPA &amp; SAUN on avatud iga p\u00e4ev kell 10.00-22.00, <\/strong>v\u00e4lja arvatud <a title=\"Hooldusp\u00e4evad\" href=\"https:\/\/www.spaestonia.ee\/resort\/spaa-ja-saunakeskus\/hoolduspaevad\/\">hooldusp\u00e4evad<\/a>.<br \/>\n<strong><br \/>\n<\/strong>Keskus asub ESTONIA Resort Hotel &amp; Spa spaa- ja konverentsimaja 3. korrusel,<br \/>\naadressil A. H. Tammsaare 6, P\u00e4rnu.<\/p>\n<h3><strong>HINNAD<\/strong><\/h3>\n<table style=\"height: 135px;\" width=\"550\">\n<tbody>\n<tr>\n<td width=\"254\"><strong>\u00a0<\/strong><\/td>\n<td width=\"254\">\n<p style=\"text-align: center;\"><strong>P-N<br \/>\n10-22<\/strong><\/p>\n<\/td>\n<td width=\"254\">\n<p style=\"text-align: center;\"><strong>R-L 10-22<br \/>\n<\/strong>ja<strong> riigip\u00fchad<\/strong><\/p>\n<\/td>\n<\/tr>\n<tr>\n<td width=\"254\"><strong>SPA &amp; SAUN 3-tunnine k\u00fclastus<\/strong><\/td>\n<td width=\"254\">\n<p style=\"text-align: center;\">21 \u20ac<\/p>\n<\/td>\n<td width=\"254\">\n<p style=\"text-align: center;\">28 \u20ac<\/p>\n<\/td>\n<\/tr>\n<tr>\n<td width=\"254\"><strong>SPA &amp; SAUN\u00a0k\u00fclastus hotellis majutujale<\/strong><\/td>\n<td width=\"254\">\n<p style=\"text-align: center;\">majutuse hinnas<\/p>\n<\/td>\n<td width=\"254\">\n<p style=\"text-align: center;\">majutuse hinnas<\/p>\n<\/td>\n<\/tr>\n<tr>\n<td width=\"254\"><strong>R\u00e4tiku laenutus<\/strong><\/td>\n<td width=\"254\">\n<p style=\"text-align: center;\">3 \u20ac<\/p>\n<\/td>\n<td width=\"254\">\n<p style=\"text-align: center;\">3 \u20ac<\/p>\n<\/td>\n<\/tr>\n<\/tbody>\n<\/table>\n<ul>\n<li><strong>Riigip\u00fchad, <\/strong>millal kehtib R-L hind: 1.01, 24.02, 5.04, 24.05, 23.06, 24.06, 20.08, 24.12.2026<\/li>\n<li>Hinnad sisaldavad 3-tunnist k\u00fclastust.<\/li>\n<li>Ujumisriiete ja spaasandaalide kandmine on kohustuslik.<\/li>\n<li>K\u00fclastuse ette broneerimine ei ole vajalik.<\/li>\n<\/ul>\n<p><strong>Lapsed:<\/strong><br \/>\n\u2013\u00a0kuni 3 a (k.a) <strong>tasuta.<\/strong><br \/>\n\u2013\u00a04-14 a (k.a) <strong>soodustus 50% t\u00e4iskasvanu hinnast<\/strong> (v.a Surnumere bassein jm lisateenused).<\/p>\n<p><strong>Lisatasu eest:<\/strong><br \/>\n\u2013\u00a0Iga j\u00e4rgnev lisatund 5 \u20ac.<br \/>\n\u2013\u00a0H\u00f5ljumine <a title=\"Surnumere bassein\" href=\"https:\/\/www.spaestonia.ee\/resort\/spaa-ja-saunakeskus\/surnumere-bassein\/\">Surnumere basseinis<\/a> 10 \u20ac.<br \/>\n\u2013\u00a0Privaatsaun\u00a0<a title=\"Privaatsaun KADAKA klubi\" href=\"https:\/\/www.spaestonia.ee\/resort\/spaa-ja-saunakeskus\/privaatsaun-kadaka-klubi\/\">KADAKA klubi<\/a>.<\/p>\n<p>Peale spaa- ja saunakeskuse k\u00fclastust soovitame <a title=\"Spaahoolitsused\" href=\"https:\/\/www.spaestonia.ee\/resort\/spaahoolitsused\/\">spaahoolitsusi<\/a>!<\/p>\n<p><strong>Lisainfo<\/strong>: e-post <a href=\"mailto:resort.spa@spaestonia.ee\">resort.spa@spaestonia.ee<\/a>, tel 440 1014<\/p>\n<div class='gallery-article'><ul id='gallery-article0' class='list gallery-list galleryid-0 gallery-columns-3 gallery-size-thumbnail'><li class='gallery-item'>\n\t\t<p class='gallery-icon'>\n\t\t<a href='https:\/\/spaestonia.ee\/resort\/wp-content\/uploads\/2018\/09\/resort-spa-saun-inimesed-450.jpg' title=\"\" data-rl_title=\"\" class=\"rl-gallery-link\" data-rl_caption=\"\" data-rel=\"lightbox-gallery-0\"><img loading=\"lazy\" decoding=\"async\" width=\"300\" height=\"300\" src=\"https:\/\/spaestonia.ee\/resort\/wp-content\/uploads\/2018\/09\/resort-spa-saun-inimesed-450-300x300.jpg\" class=\"attachment-thumbnail size-thumbnail\" alt=\"SPA &amp; SAUN\" srcset=\"https:\/\/spaestonia.ee\/resort\/wp-content\/uploads\/2018\/09\/resort-spa-saun-inimesed-450-300x300.jpg 300w, https:\/\/spaestonia.ee\/resort\/wp-content\/uploads\/2018\/09\/resort-spa-saun-inimesed-450-181x181.jpg 181w\" sizes=\"auto, (max-width: 300px) 100vw, 300px\" \/><\/a>\n\t\t<\/p><\/li><li class='gallery-item'>\n\t\t<p class='gallery-icon'>\n\t\t<a href='https:\/\/spaestonia.ee\/resort\/wp-content\/uploads\/2015\/05\/gallery-Resort-spaa-saun-valiterrass-2-800.jpg' title=\"\" data-rl_title=\"\" class=\"rl-gallery-link\" data-rl_caption=\"\" data-rel=\"lightbox-gallery-0\"><img loading=\"lazy\" decoding=\"async\" width=\"300\" height=\"300\" src=\"https:\/\/spaestonia.ee\/resort\/wp-content\/uploads\/2015\/05\/gallery-Resort-spaa-saun-valiterrass-2-800-300x300.jpg\" class=\"attachment-thumbnail size-thumbnail\" alt=\"\" srcset=\"https:\/\/spaestonia.ee\/resort\/wp-content\/uploads\/2015\/05\/gallery-Resort-spaa-saun-valiterrass-2-800-300x300.jpg 300w, https:\/\/spaestonia.ee\/resort\/wp-content\/uploads\/2015\/05\/gallery-Resort-spaa-saun-valiterrass-2-800-181x181.jpg 181w\" sizes=\"auto, (max-width: 300px) 100vw, 300px\" \/><\/a>\n\t\t<\/p><\/li><li class='gallery-item'>\n\t\t<p class='gallery-icon'>\n\t\t<a href='https:\/\/spaestonia.ee\/resort\/wp-content\/uploads\/2024\/01\/ESTONIA-Resort-Hotel-Spa_autor-Bjorn-OU80-scaled.jpg' title=\"\" data-rl_title=\"\" class=\"rl-gallery-link\" data-rl_caption=\"\" data-rel=\"lightbox-gallery-0\"><img loading=\"lazy\" decoding=\"async\" width=\"300\" height=\"300\" src=\"https:\/\/spaestonia.ee\/resort\/wp-content\/uploads\/2024\/01\/ESTONIA-Resort-Hotel-Spa_autor-Bjorn-OU80-300x300.jpg\" class=\"attachment-thumbnail size-thumbnail\" alt=\"\" srcset=\"https:\/\/spaestonia.ee\/resort\/wp-content\/uploads\/2024\/01\/ESTONIA-Resort-Hotel-Spa_autor-Bjorn-OU80-300x300.jpg 300w, https:\/\/spaestonia.ee\/resort\/wp-content\/uploads\/2024\/01\/ESTONIA-Resort-Hotel-Spa_autor-Bjorn-OU80-181x181.jpg 181w\" sizes=\"auto, (max-width: 300px) 100vw, 300px\" \/><\/a>\n\t\t<\/p><\/li><li class='gallery-item'>\n\t\t<p class='gallery-icon'>\n\t\t<a href='https:\/\/spaestonia.ee\/resort\/wp-content\/uploads\/2015\/05\/gallery-Resort-spaa-saun-LOHNA-saun-800.jpg' title=\"\" data-rl_title=\"\" class=\"rl-gallery-link\" data-rl_caption=\"\" data-rel=\"lightbox-gallery-0\"><img loading=\"lazy\" decoding=\"async\" width=\"300\" height=\"300\" src=\"https:\/\/spaestonia.ee\/resort\/wp-content\/uploads\/2015\/05\/gallery-Resort-spaa-saun-LOHNA-saun-800-300x300.jpg\" class=\"attachment-thumbnail size-thumbnail\" alt=\"\" srcset=\"https:\/\/spaestonia.ee\/resort\/wp-content\/uploads\/2015\/05\/gallery-Resort-spaa-saun-LOHNA-saun-800-300x300.jpg 300w, https:\/\/spaestonia.ee\/resort\/wp-content\/uploads\/2015\/05\/gallery-Resort-spaa-saun-LOHNA-saun-800-181x181.jpg 181w\" sizes=\"auto, (max-width: 300px) 100vw, 300px\" \/><\/a>\n\t\t<\/p><\/li><li class='gallery-item'>\n\t\t<p class='gallery-icon'>\n\t\t<a href='https:\/\/spaestonia.ee\/resort\/wp-content\/uploads\/2015\/05\/gallery-Resort-spaa-suur-bassein-1-800.jpg' title=\"\" data-rl_title=\"\" class=\"rl-gallery-link\" data-rl_caption=\"\" data-rel=\"lightbox-gallery-0\"><img loading=\"lazy\" decoding=\"async\" width=\"300\" height=\"300\" src=\"https:\/\/spaestonia.ee\/resort\/wp-content\/uploads\/2015\/05\/gallery-Resort-spaa-suur-bassein-1-800-300x300.jpg\" class=\"attachment-thumbnail size-thumbnail\" alt=\"\" srcset=\"https:\/\/spaestonia.ee\/resort\/wp-content\/uploads\/2015\/05\/gallery-Resort-spaa-suur-bassein-1-800-300x300.jpg 300w, https:\/\/spaestonia.ee\/resort\/wp-content\/uploads\/2015\/05\/gallery-Resort-spaa-suur-bassein-1-800-181x181.jpg 181w\" sizes=\"auto, (max-width: 300px) 100vw, 300px\" \/><\/a>\n\t\t<\/p><\/li><li class='gallery-item'>\n\t\t<p class='gallery-icon'>\n\t\t<a href='https:\/\/spaestonia.ee\/resort\/wp-content\/uploads\/2015\/05\/gallery-Resort-spaa-saun-KUUM-koht-800.jpg' title=\"\" data-rl_title=\"\" class=\"rl-gallery-link\" data-rl_caption=\"\" data-rel=\"lightbox-gallery-0\"><img loading=\"lazy\" decoding=\"async\" width=\"300\" height=\"300\" src=\"https:\/\/spaestonia.ee\/resort\/wp-content\/uploads\/2015\/05\/gallery-Resort-spaa-saun-KUUM-koht-800-300x300.jpg\" class=\"attachment-thumbnail size-thumbnail\" alt=\"\" srcset=\"https:\/\/spaestonia.ee\/resort\/wp-content\/uploads\/2015\/05\/gallery-Resort-spaa-saun-KUUM-koht-800-300x300.jpg 300w, https:\/\/spaestonia.ee\/resort\/wp-content\/uploads\/2015\/05\/gallery-Resort-spaa-saun-KUUM-koht-800-181x181.jpg 181w\" sizes=\"auto, (max-width: 300px) 100vw, 300px\" \/><\/a>\n\t\t<\/p><\/li><li class='gallery-item'>\n\t\t<p class='gallery-icon'>\n\t\t<a href='https:\/\/spaestonia.ee\/resort\/wp-content\/uploads\/2018\/03\/SpaEstonia-32.jpg' title=\"\" data-rl_title=\"\" class=\"rl-gallery-link\" data-rl_caption=\"\" data-rel=\"lightbox-gallery-0\"><img loading=\"lazy\" decoding=\"async\" width=\"300\" height=\"300\" src=\"https:\/\/spaestonia.ee\/resort\/wp-content\/uploads\/2018\/03\/SpaEstonia-32-300x300.jpg\" class=\"attachment-thumbnail size-thumbnail\" alt=\"\" srcset=\"https:\/\/spaestonia.ee\/resort\/wp-content\/uploads\/2018\/03\/SpaEstonia-32-300x300.jpg 300w, https:\/\/spaestonia.ee\/resort\/wp-content\/uploads\/2018\/03\/SpaEstonia-32-181x181.jpg 181w\" sizes=\"auto, (max-width: 300px) 100vw, 300px\" \/><\/a>\n\t\t<\/p><\/li><li class='gallery-item'>\n\t\t<p class='gallery-icon'>\n\t\t<a href='https:\/\/spaestonia.ee\/resort\/wp-content\/uploads\/2015\/05\/gallery-Resort-spaa-saun-SUITSU-saun-800.jpg' title=\"\" data-rl_title=\"\" class=\"rl-gallery-link\" data-rl_caption=\"\" data-rel=\"lightbox-gallery-0\"><img loading=\"lazy\" decoding=\"async\" width=\"300\" height=\"300\" src=\"https:\/\/spaestonia.ee\/resort\/wp-content\/uploads\/2015\/05\/gallery-Resort-spaa-saun-SUITSU-saun-800-300x300.jpg\" class=\"attachment-thumbnail size-thumbnail\" alt=\"SUITSU saun\" srcset=\"https:\/\/spaestonia.ee\/resort\/wp-content\/uploads\/2015\/05\/gallery-Resort-spaa-saun-SUITSU-saun-800-300x300.jpg 300w, https:\/\/spaestonia.ee\/resort\/wp-content\/uploads\/2015\/05\/gallery-Resort-spaa-saun-SUITSU-saun-800-181x181.jpg 181w\" sizes=\"auto, (max-width: 300px) 100vw, 300px\" \/><\/a>\n\t\t<\/p><\/li><li class='gallery-item'>\n\t\t<p class='gallery-icon'>\n\t\t<a href='https:\/\/spaestonia.ee\/resort\/wp-content\/uploads\/2024\/01\/Privaatsaun.jpg' title=\"\" data-rl_title=\"\" class=\"rl-gallery-link\" data-rl_caption=\"\" data-rel=\"lightbox-gallery-0\"><img loading=\"lazy\" decoding=\"async\" width=\"300\" height=\"300\" src=\"https:\/\/spaestonia.ee\/resort\/wp-content\/uploads\/2024\/01\/Privaatsaun-300x300.jpg\" class=\"attachment-thumbnail size-thumbnail\" alt=\"Privaatsaun\" srcset=\"https:\/\/spaestonia.ee\/resort\/wp-content\/uploads\/2024\/01\/Privaatsaun-300x300.jpg 300w, https:\/\/spaestonia.ee\/resort\/wp-content\/uploads\/2024\/01\/Privaatsaun-181x181.jpg 181w\" sizes=\"auto, (max-width: 300px) 100vw, 300px\" \/><\/a>\n\t\t<\/p><\/li><\/ul>\n<\/div>\n\n","protected":false},"excerpt":{"rendered":"<p>Spaakeskus SPA &amp; SAUN on avatud iga p\u00e4ev kell 10.00-22.00, v\u00e4lja arvatud hooldusp\u00e4evad. Keskus asub&hellip;<\/p>\n","protected":false},"author":1,"featured_media":0,"parent":351,"menu_order":0,"comment_status":"closed","ping_status":"open","template":"page-nobron_page.php","meta":{"footnotes":""},"class_list":["post-1991","page","type-page","status-publish","hentry"],"yoast_head":"<!-- This site is optimized with the Yoast SEO plugin v26.7 - https:\/\/yoast.com\/wordpress\/plugins\/seo\/ -->\n<title>SPA &amp; SAUN hinnad - ESTONIA Resort Hotel Spa<\/title>\n<meta name=\"robots\" content=\"index, follow, max-snippet:-1, max-image-preview:large, max-video-preview:-1\" \/>\n<link rel=\"canonical\" href=\"https:\/\/spaestonia.ee\/resort\/spaa-ja-saunakeskus\/spaa-ja-saunakeskuse-hinnakiri\/\" \/>\n<meta property=\"og:locale\" content=\"et_EE\" \/>\n<meta property=\"og:type\" content=\"article\" \/>\n<meta property=\"og:title\" content=\"SPA &amp; SAUN hinnad - ESTONIA Resort Hotel Spa\" \/>\n<meta property=\"og:description\" content=\"Spaakeskus SPA &amp; SAUN on avatud iga p\u00e4ev kell 10.00-22.00, v\u00e4lja arvatud hooldusp\u00e4evad. Keskus asub&hellip;\" \/>\n<meta property=\"og:url\" content=\"https:\/\/spaestonia.ee\/resort\/spaa-ja-saunakeskus\/spaa-ja-saunakeskuse-hinnakiri\/\" \/>\n<meta property=\"og:site_name\" content=\"ESTONIA Resort Hotel Spa\" \/>\n<meta property=\"article:publisher\" content=\"https:\/\/www.facebook.com\/EstoniaResortHotel\" \/>\n<meta property=\"article:modified_time\" content=\"2026-01-05T07:35:52+00:00\" \/>\n<meta property=\"og:image\" content=\"https:\/\/www.spaestonia.ee\/resort\/wp-content\/uploads\/2018\/09\/resort-spa-saun-inimesed-450-300x300.jpg\" \/>\n<meta name=\"twitter:card\" content=\"summary_large_image\" \/>\n<meta name=\"twitter:label1\" content=\"Est. reading time\" \/>\n\t<meta name=\"twitter:data1\" content=\"1 minut\" \/>\n<script type=\"application\/ld+json\" class=\"yoast-schema-graph\">{\"@context\":\"https:\/\/schema.org\",\"@graph\":[{\"@type\":\"WebPage\",\"@id\":\"https:\/\/spaestonia.ee\/resort\/spaa-ja-saunakeskus\/spaa-ja-saunakeskuse-hinnakiri\/\",\"url\":\"https:\/\/spaestonia.ee\/resort\/spaa-ja-saunakeskus\/spaa-ja-saunakeskuse-hinnakiri\/\",\"name\":\"SPA & SAUN hinnad - ESTONIA Resort Hotel Spa\",\"isPartOf\":{\"@id\":\"https:\/\/www.spaestonia.ee\/resort\/#website\"},\"datePublished\":\"2015-06-04T08:55:07+00:00\",\"dateModified\":\"2026-01-05T07:35:52+00:00\",\"breadcrumb\":{\"@id\":\"https:\/\/spaestonia.ee\/resort\/spaa-ja-saunakeskus\/spaa-ja-saunakeskuse-hinnakiri\/#breadcrumb\"},\"inLanguage\":\"et\",\"potentialAction\":[{\"@type\":\"ReadAction\",\"target\":[\"https:\/\/spaestonia.ee\/resort\/spaa-ja-saunakeskus\/spaa-ja-saunakeskuse-hinnakiri\/\"]}]},{\"@type\":\"BreadcrumbList\",\"@id\":\"https:\/\/spaestonia.ee\/resort\/spaa-ja-saunakeskus\/spaa-ja-saunakeskuse-hinnakiri\/#breadcrumb\",\"itemListElement\":[{\"@type\":\"ListItem\",\"position\":1,\"name\":\"Home\",\"item\":\"https:\/\/www.spaestonia.ee\/resort\/\"},{\"@type\":\"ListItem\",\"position\":2,\"name\":\"SPA &#038; SAUN ja spaahoolitsused\",\"item\":\"https:\/\/www.spaestonia.ee\/resort\/spaa-ja-saunakeskus\/\"},{\"@type\":\"ListItem\",\"position\":3,\"name\":\"SPA &#038; SAUN hinnad\"}]},{\"@type\":\"WebSite\",\"@id\":\"https:\/\/www.spaestonia.ee\/resort\/#website\",\"url\":\"https:\/\/www.spaestonia.ee\/resort\/\",\"name\":\"ESTONIA Resort Hotel Spa\",\"description\":\"Your destination in P\u00e4rnu for wellness and events\",\"publisher\":{\"@id\":\"https:\/\/www.spaestonia.ee\/resort\/#organization\"},\"potentialAction\":[{\"@type\":\"SearchAction\",\"target\":{\"@type\":\"EntryPoint\",\"urlTemplate\":\"https:\/\/www.spaestonia.ee\/resort\/?s={search_term_string}\"},\"query-input\":{\"@type\":\"PropertyValueSpecification\",\"valueRequired\":true,\"valueName\":\"search_term_string\"}}],\"inLanguage\":\"et\"},{\"@type\":\"Organization\",\"@id\":\"https:\/\/www.spaestonia.ee\/resort\/#organization\",\"name\":\"ESTONIA Resort Hotel Spa\",\"url\":\"https:\/\/www.spaestonia.ee\/resort\/\",\"logo\":{\"@type\":\"ImageObject\",\"inLanguage\":\"et\",\"@id\":\"https:\/\/www.spaestonia.ee\/resort\/#\/schema\/logo\/image\/\",\"url\":\"https:\/\/www.spaestonia.ee\/resort\/wp-content\/uploads\/2025\/02\/resort-hotel-estonia.png\",\"contentUrl\":\"https:\/\/www.spaestonia.ee\/resort\/wp-content\/uploads\/2025\/02\/resort-hotel-estonia.png\",\"width\":400,\"height\":173,\"caption\":\"ESTONIA Resort Hotel Spa\"},\"image\":{\"@id\":\"https:\/\/www.spaestonia.ee\/resort\/#\/schema\/logo\/image\/\"},\"sameAs\":[\"https:\/\/www.facebook.com\/EstoniaResortHotel\"]}]}<\/script>\n<!-- \/ Yoast SEO plugin. -->","yoast_head_json":{"title":"SPA & SAUN hinnad - ESTONIA Resort Hotel Spa","robots":{"index":"index","follow":"follow","max-snippet":"max-snippet:-1","max-image-preview":"max-image-preview:large","max-video-preview":"max-video-preview:-1"},"canonical":"https:\/\/spaestonia.ee\/resort\/spaa-ja-saunakeskus\/spaa-ja-saunakeskuse-hinnakiri\/","og_locale":"et_EE","og_type":"article","og_title":"SPA & SAUN hinnad - ESTONIA Resort Hotel Spa","og_description":"Spaakeskus SPA &amp; SAUN on avatud iga p\u00e4ev kell 10.00-22.00, v\u00e4lja arvatud hooldusp\u00e4evad. Keskus asub&hellip;","og_url":"https:\/\/spaestonia.ee\/resort\/spaa-ja-saunakeskus\/spaa-ja-saunakeskuse-hinnakiri\/","og_site_name":"ESTONIA Resort Hotel Spa","article_publisher":"https:\/\/www.facebook.com\/EstoniaResortHotel","article_modified_time":"2026-01-05T07:35:52+00:00","og_image":[{"url":"https:\/\/www.spaestonia.ee\/resort\/wp-content\/uploads\/2018\/09\/resort-spa-saun-inimesed-450-300x300.jpg","type":"","width":"","height":""}],"twitter_card":"summary_large_image","twitter_misc":{"Est. reading time":"1 minut"},"schema":{"@context":"https:\/\/schema.org","@graph":[{"@type":"WebPage","@id":"https:\/\/spaestonia.ee\/resort\/spaa-ja-saunakeskus\/spaa-ja-saunakeskuse-hinnakiri\/","url":"https:\/\/spaestonia.ee\/resort\/spaa-ja-saunakeskus\/spaa-ja-saunakeskuse-hinnakiri\/","name":"SPA & SAUN hinnad - ESTONIA Resort Hotel Spa","isPartOf":{"@id":"https:\/\/www.spaestonia.ee\/resort\/#website"},"datePublished":"2015-06-04T08:55:07+00:00","dateModified":"2026-01-05T07:35:52+00:00","breadcrumb":{"@id":"https:\/\/spaestonia.ee\/resort\/spaa-ja-saunakeskus\/spaa-ja-saunakeskuse-hinnakiri\/#breadcrumb"},"inLanguage":"et","potentialAction":[{"@type":"ReadAction","target":["https:\/\/spaestonia.ee\/resort\/spaa-ja-saunakeskus\/spaa-ja-saunakeskuse-hinnakiri\/"]}]},{"@type":"BreadcrumbList","@id":"https:\/\/spaestonia.ee\/resort\/spaa-ja-saunakeskus\/spaa-ja-saunakeskuse-hinnakiri\/#breadcrumb","itemListElement":[{"@type":"ListItem","position":1,"name":"Home","item":"https:\/\/www.spaestonia.ee\/resort\/"},{"@type":"ListItem","position":2,"name":"SPA &#038; SAUN ja spaahoolitsused","item":"https:\/\/www.spaestonia.ee\/resort\/spaa-ja-saunakeskus\/"},{"@type":"ListItem","position":3,"name":"SPA &#038; SAUN hinnad"}]},{"@type":"WebSite","@id":"https:\/\/www.spaestonia.ee\/resort\/#website","url":"https:\/\/www.spaestonia.ee\/resort\/","name":"ESTONIA Resort Hotel Spa","description":"Your destination in P\u00e4rnu for wellness and events","publisher":{"@id":"https:\/\/www.spaestonia.ee\/resort\/#organization"},"potentialAction":[{"@type":"SearchAction","target":{"@type":"EntryPoint","urlTemplate":"https:\/\/www.spaestonia.ee\/resort\/?s={search_term_string}"},"query-input":{"@type":"PropertyValueSpecification","valueRequired":true,"valueName":"search_term_string"}}],"inLanguage":"et"},{"@type":"Organization","@id":"https:\/\/www.spaestonia.ee\/resort\/#organization","name":"ESTONIA Resort Hotel Spa","url":"https:\/\/www.spaestonia.ee\/resort\/","logo":{"@type":"ImageObject","inLanguage":"et","@id":"https:\/\/www.spaestonia.ee\/resort\/#\/schema\/logo\/image\/","url":"https:\/\/www.spaestonia.ee\/resort\/wp-content\/uploads\/2025\/02\/resort-hotel-estonia.png","contentUrl":"https:\/\/www.spaestonia.ee\/resort\/wp-content\/uploads\/2025\/02\/resort-hotel-estonia.png","width":400,"height":173,"caption":"ESTONIA Resort Hotel Spa"},"image":{"@id":"https:\/\/www.spaestonia.ee\/resort\/#\/schema\/logo\/image\/"},"sameAs":["https:\/\/www.facebook.com\/EstoniaResortHotel"]}]}},"_links":{"self":[{"href":"https:\/\/spaestonia.ee\/resort\/wp-json\/wp\/v2\/pages\/1991","targetHints":{"allow":["GET"]}}],"collection":[{"href":"https:\/\/spaestonia.ee\/resort\/wp-json\/wp\/v2\/pages"}],"about":[{"href":"https:\/\/spaestonia.ee\/resort\/wp-json\/wp\/v2\/types\/page"}],"author":[{"embeddable":true,"href":"https:\/\/spaestonia.ee\/resort\/wp-json\/wp\/v2\/users\/1"}],"replies":[{"embeddable":true,"href":"https:\/\/spaestonia.ee\/resort\/wp-json\/wp\/v2\/comments?post=1991"}],"version-history":[{"count":135,"href":"https:\/\/spaestonia.ee\/resort\/wp-json\/wp\/v2\/pages\/1991\/revisions"}],"predecessor-version":[{"id":46017,"href":"https:\/\/spaestonia.ee\/resort\/wp-json\/wp\/v2\/pages\/1991\/revisions\/46017"}],"up":[{"embeddable":true,"href":"https:\/\/spaestonia.ee\/resort\/wp-json\/wp\/v2\/pages\/351"}],"wp:attachment":[{"href":"https:\/\/spaestonia.ee\/resort\/wp-json\/wp\/v2\/media?parent=1991"}],"curies":[{"name":"wp","href":"https:\/\/api.w.org\/{rel}","templated":true}]}}