{"id":2262,"date":"2015-06-27T07:56:43","date_gmt":"2015-06-27T04:56:43","guid":{"rendered":"https:\/\/www.spaestonia.ee\/resort\/?page_id=2262"},"modified":"2026-01-02T13:44:34","modified_gmt":"2026-01-02T11:44:34","slug":"asukoht-parkimine","status":"publish","type":"page","link":"https:\/\/spaestonia.ee\/resort\/meist\/asukoht-parkimine\/","title":{"rendered":"Asukoht ja parkimine"},"content":{"rendered":"<p>ESTONIA Resort Hotel &amp; Spa asub P\u00e4rnu rannarajoonis, 5-minutilise jalutusk\u00e4igu kaugusel rannast ja 15 minuti kaugusel P\u00e4rnu kesklinnast.<\/p>\n<p><strong>Aadress:<\/strong><br \/>\nHotell ja restoran &#8211; A. H. Tammsaare 4a, P\u00e4rnu, Eesti, <a href=\"https:\/\/www.google.com\/maps\/dir\/\/58.3779486,24.5007516\/@58.3779541,24.4961382,16z\/data=!3m1!4b1!4m2!4m1!3e0?hl=et\" target=\"_blank\" rel=\"noopener\">Google Maps<\/a><br \/>\nSpaa- ja konverentsimaja &#8211; A. H. Tammsaare 6, P\u00e4rnu, Eesti, <a href=\"https:\/\/www.google.com\/maps\/dir\/\/A.+H.+Tammsaare+puiestee+6,+P%C3%A4rnu,+P%C3%A4rnu+linn,+Eesti\/@58.3773871,24.4974824,16z\/data=!3m1!4b1!4m9!4m8!1m0!1m5!1m1!1s0x46ecfd1bdd4f52ed:0x3f8231317217a05e!2m2!1d24.5020958!2d58.3773816!3e0?hl=et\" target=\"_blank\" rel=\"noopener\">Google Maps<\/a><\/p>\n<hr \/>\n<h3><img loading=\"lazy\" decoding=\"async\" class=\"wp-image-41139 alignright\" style=\"font-size: 16px; font-weight: 400;\" src=\"http:\/\/www.spaestonia.ee\/resort\/wp-content\/uploads\/2024\/04\/Parkimine_Estonia-Resort-Hotel-Spa.jpg\" alt=\"Parkimine\" width=\"376\" height=\"287\" srcset=\"https:\/\/spaestonia.ee\/resort\/wp-content\/uploads\/2024\/04\/Parkimine_Estonia-Resort-Hotel-Spa.jpg 1100w, https:\/\/spaestonia.ee\/resort\/wp-content\/uploads\/2024\/04\/Parkimine_Estonia-Resort-Hotel-Spa-300x229.jpg 300w, https:\/\/spaestonia.ee\/resort\/wp-content\/uploads\/2024\/04\/Parkimine_Estonia-Resort-Hotel-Spa-1024x783.jpg 1024w, https:\/\/spaestonia.ee\/resort\/wp-content\/uploads\/2024\/04\/Parkimine_Estonia-Resort-Hotel-Spa-768x587.jpg 768w\" sizes=\"auto, (max-width: 376px) 100vw, 376px\" \/><\/h3>\n<h2><strong>P1 parkla &#8211; <\/strong>hotelli peaukse ees ja k\u00f5rval<\/h2>\n<p><strong>Ainult hotellis majutuvatele k\u00fclalistele.<\/strong><br \/>\nParkimiskohtade arv on piiratud!<br \/>\nParkimiskoht tuleb ette broneerida, koht on garanteeritud.<\/p>\n<p><span style=\"color: #ad9164;\"><strong><span style=\"font-size: 20px;\">HINNAD:<\/span><br \/>\n<\/strong><\/span><strong>1.05-31.08 &#8211; <\/strong>20 \u20ac\/ 1 \u00f6\u00f6\u00a0<strong><br \/>\n1.09-30.04 &#8211; \u00a0<\/strong>15 \u20ac\/ 1 \u00f6\u00f6<br \/>\n<strong>Parkimiskellaga <\/strong>30 min tasuta<br \/>\nParkimine \u201e1 \u00f6\u00f6\u201c \u00a0kehtib hotelli sisseregistreerimisest kuni v\u00e4ljaregistreerimiseni<br \/>\n<strong>P1 parkimise registreerimine ja arveldamine toimub AINULT hotelli vastuv\u00f5tus!<\/strong><\/p>\n<hr \/>\n<h2><strong>P2 parkla &#8211; <\/strong>konverentsi- ja spaamaja sisehoovi taga<\/h2>\n<p>Hotelli, restorani, spaahoolitsuste, spaakeskuse ja konverentsi k\u00fclalistele.<br \/>\nParkimiskohta ei saa ette broneerida, koht ei ole garanteeritud.<br \/>\n<strong>NB!<\/strong>\u00a0Parkimisluba\u00a0<strong>P2<\/strong>\u00a0parklas ei taga parkimiskohta kogu hotellis viibimise aja jooksul, juhul kui k\u00fclastaja vahepeal lahkub hotelli parklast.<\/p>\n<p><span style=\"color: #ad9164; font-size: 20px;\"><strong>P2 parkla on tasuline 1.05-31.08, muul ajal tasuta<br \/>\nHINNAD:<br \/>\n<\/strong><\/span><strong>5 \u20ac \/ 3h<\/strong><br \/>\n<strong>10 \u20ac \/ \u00f6\u00f6 <\/strong><em>(kehtib sisseregistreerimisest kuni v\u00e4ljaregistreerimiseni)<br \/>\n<strong>Parkimiskellaga<\/strong> 30 min tasuta<\/em><\/p>\n<p><strong>Parkimise registreerimine ja arveldamine\u00a0<\/strong> <strong>1.05-31.08<\/strong> toimub <strong>AINULT hotelli ja spaakeskuse vastuv\u00f5tus!<br \/>\n<\/strong>Mobiilset parkimist sel perioodil ei ole.<\/p>\n<hr \/>\n<p><strong>Puudega inimese s\u00f5iduki parkimine hotelli parklas on tasuta:<br \/>\n<\/strong>\u2013 Liikumispuudega juht ja liikumispuudega v\u00f5i pimedat inimest teenindava mootors\u00f5iduki juht on\u00a0<strong>parkimistasu maksmisest hotelli parklas vabastatud<br \/>\n<\/strong>\u2013 Parkimistasu vabastust t\u00f5endab liiklusseaduse \u00a7-s 167 nimetatud liikumispuudega ja pimedat inimest teenindava s\u00f5iduki parkimiskaart<br \/>\n\u2013 Parkimiskaart peab olema paigaldatud mootors\u00f5iduki esi- v\u00f5i tagaklaasile<\/p>\n<hr \/>\n<p><strong>Parkimist opereerib <a href=\"https:\/\/europark.ee\/\" target=\"_blank\" rel=\"noopener\">EuroPark ESTONIA O\u00dc<\/a>.<\/strong><\/p>\n<hr \/>\n<p><strong>Parkimistingimustega t\u00e4navatel tutvu Visit P\u00e4rnu kodulehel\u00a0 <a href=\"https:\/\/visitparnu.com\/parkimine-parnus\/\" target=\"_blank\" rel=\"noopener\">visitparnu.com<\/a>.<\/strong><\/p>\n<hr \/>\n<h3><strong><span style=\"font-size: 20px;\">Unusta v\u00e4sitav autos\u00f5it ja parkimismured kohale j\u00f5udes ning tule P\u00e4rnusse Lux Expressiga!<\/span><\/strong><\/h3>\n<p>Lux Expressiga reisides algab puhkus juba teel olles! Tukasta, loe v\u00f5i vaata filme. Busside laiad istmed, ohtralt jalaruumi ja pea kohal reguleeritav konditsioneer tagavad mugavuse kogu reisi ajal.<\/p>\n<h3><strong><img loading=\"lazy\" decoding=\"async\" class=\" wp-image-42805 alignright\" src=\"http:\/\/www.spaestonia.ee\/resort\/wp-content\/uploads\/2024\/08\/Luxexpress-1.jpg\" alt=\"Luxexpress\" width=\"318\" height=\"318\" srcset=\"https:\/\/spaestonia.ee\/resort\/wp-content\/uploads\/2024\/08\/Luxexpress-1.jpg 1080w, https:\/\/spaestonia.ee\/resort\/wp-content\/uploads\/2024\/08\/Luxexpress-1-300x300.jpg 300w, https:\/\/spaestonia.ee\/resort\/wp-content\/uploads\/2024\/08\/Luxexpress-1-1024x1024.jpg 1024w, https:\/\/spaestonia.ee\/resort\/wp-content\/uploads\/2024\/08\/Luxexpress-1-768x768.jpg 768w, https:\/\/spaestonia.ee\/resort\/wp-content\/uploads\/2024\/08\/Luxexpress-1-181x181.jpg 181w\" sizes=\"auto, (max-width: 318px) 100vw, 318px\" \/><\/strong><\/h3>\n<p><strong>Sooduskoodiga ESTONIASPA saad Lux Expressi bussipileti -20% soodsamalt!<\/strong><\/p>\n<ul>\n<li><strong>-20%\u00a0<\/strong>soodustus kehtib tavapileti hinnast ostes pileti\u00a0<a href=\"https:\/\/cas5-0-urlprotect.trendmicro.com:443\/wis\/clicktime\/v1\/query?url=http%3a%2f%2fwww.luxexpress.eu&amp;umid=1b7dc1b1-56d8-4d49-9c94-a1820a5885b5&amp;rct=1765544940&amp;auth=6a326df109738656d10a00751164587b28e3ab7c-d8cb2ec319ccc5cf3204bc75ffaf86c348480929\"><em>luxexpress.eu<\/em><\/a>\u00a0lehelt kasutades sooduskoodi\u00a0<strong>ESTONIASPA.<\/strong><\/li>\n<li>Pakkumine kehtib\u00a0<strong>kuni 31.05.2026 <\/strong>(st reis peab toimuma hiljemalt\u00a0<strong>31.05<\/strong>).<\/li>\n<li>Kampaania kehtib Eesti siseliinidel, mis s\u00f5idavad P\u00e4rnusse ja siit \u00e4ra v\u00f5i l\u00e4bivad P\u00e4rnut ning rahvusvahelisel Riia-P\u00e4rnu-Riia liinil.<\/li>\n<li>Soodustustus kehtib nii \u00fchesuuna kui edasi-tagasi piletitel.<\/li>\n<li>Sooduskoodi kasutamise juhendiga saab tutvuda\u00a0<a href=\"https:\/\/cas5-0-urlprotect.trendmicro.com:443\/wis\/clicktime\/v1\/query?url=https%3a%2f%2fluxexpress.eu%2ffaq%2f360003971139%2f360015520799%2f&amp;umid=1b7dc1b1-56d8-4d49-9c94-a1820a5885b5&amp;rct=1765544940&amp;auth=6a326df109738656d10a00751164587b28e3ab7c-e9869876290f8bdacdaa91489cf159480ab9a34d\">Lux Expressi kodulehel<\/a>.<\/li>\n<\/ul>\n<p><em>Tingimused:<br \/>\n\u2013 Kampaania pileteid saab osta ainult standart kohtadele.<br \/>\n\u2013 Maksimaalne piletite arv, mida sooduskoodiga saab osta, on \u00fche v\u00e4ljumise kohta 8 piletit.<br \/>\n\u2013 Kampaaniapileteid saab vahetada tavapiletite vastu, makstes hinnavahe vana ja uue pileti vahel.<br \/>\n\u2013 Kampaaniapileteid ei tagastata.<br \/>\n\u2013 Kampaaniapileteid ei saa vahetada teiste kampaaniapiletite vastu.<br \/>\n\u2013 Kampaaniapileteid saab osta ainult Lux Expressi m\u00fc\u00fcgis\u00fcsteemist:\u00a0<\/em><a href=\"https:\/\/cas5-0-urlprotect.trendmicro.com:443\/wis\/clicktime\/v1\/query?url=http%3a%2f%2fwww.luxexpress.eu&amp;umid=1b7dc1b1-56d8-4d49-9c94-a1820a5885b5&amp;rct=1765544940&amp;auth=6a326df109738656d10a00751164587b28e3ab7c-d8cb2ec319ccc5cf3204bc75ffaf86c348480929\"><em>www.luxexpress.eu<\/em><\/a><em>\u00a0v\u00f5i ametlikust mobiilirakendusest (saadaval App Store\u2019is ja Google Play\u2019s).<\/em><\/p>\n<p><iframe loading=\"lazy\" style=\"border: 0;\" src=\"https:\/\/www.google.com\/maps\/embed?pb=!1m14!1m8!1m3!1d16735.33031820795!2d24.5007516!3d58.3779486!3m2!1i1024!2i768!4f13.1!3m3!1m2!1s0x46ecfd1bd1577545%3A0x5df8e7ad635e3fe8!2sA.+H.+Tammsaare+puiestee+4a%2C+P%C3%A4rnu%2C+80014+P%C3%A4rnu+maakond!5e0!3m2!1sen!2see!4v1438148022268\" width=\"600\" height=\"450\" frameborder=\"0\" allowfullscreen=\"allowfullscreen\"><\/iframe><\/p>\n","protected":false},"excerpt":{"rendered":"<p>ESTONIA Resort Hotel &amp; Spa asub P\u00e4rnu rannarajoonis, 5-minutilise jalutusk\u00e4igu kaugusel rannast ja 15 minuti&hellip;<\/p>\n","protected":false},"author":1,"featured_media":0,"parent":59,"menu_order":0,"comment_status":"closed","ping_status":"open","template":"","meta":{"footnotes":""},"class_list":["post-2262","page","type-page","status-publish","hentry"],"yoast_head":"<!-- This site is optimized with the Yoast SEO plugin v26.7 - https:\/\/yoast.com\/wordpress\/plugins\/seo\/ -->\n<title>Asukoht ja parkimine - ESTONIA Resort Hotel Spa<\/title>\n<meta name=\"robots\" content=\"index, follow, max-snippet:-1, max-image-preview:large, max-video-preview:-1\" \/>\n<link rel=\"canonical\" href=\"https:\/\/spaestonia.ee\/resort\/meist\/asukoht-parkimine\/\" \/>\n<meta property=\"og:locale\" content=\"et_EE\" \/>\n<meta property=\"og:type\" content=\"article\" \/>\n<meta property=\"og:title\" content=\"Asukoht ja parkimine - ESTONIA Resort Hotel Spa\" \/>\n<meta property=\"og:description\" content=\"ESTONIA Resort Hotel &amp; Spa asub P\u00e4rnu rannarajoonis, 5-minutilise jalutusk\u00e4igu kaugusel rannast ja 15 minuti&hellip;\" \/>\n<meta property=\"og:url\" content=\"https:\/\/spaestonia.ee\/resort\/meist\/asukoht-parkimine\/\" \/>\n<meta property=\"og:site_name\" content=\"ESTONIA Resort Hotel Spa\" \/>\n<meta property=\"article:publisher\" content=\"https:\/\/www.facebook.com\/EstoniaResortHotel\" \/>\n<meta property=\"article:modified_time\" content=\"2026-01-02T11:44:34+00:00\" \/>\n<meta property=\"og:image\" content=\"http:\/\/www.spaestonia.ee\/resort\/wp-content\/uploads\/2024\/04\/Parkimine_Estonia-Resort-Hotel-Spa.jpg\" \/>\n<meta name=\"twitter:card\" content=\"summary_large_image\" \/>\n<meta name=\"twitter:label1\" content=\"Est. reading time\" \/>\n\t<meta name=\"twitter:data1\" content=\"3 minutit\" \/>\n<script type=\"application\/ld+json\" class=\"yoast-schema-graph\">{\"@context\":\"https:\/\/schema.org\",\"@graph\":[{\"@type\":\"WebPage\",\"@id\":\"https:\/\/spaestonia.ee\/resort\/meist\/asukoht-parkimine\/\",\"url\":\"https:\/\/spaestonia.ee\/resort\/meist\/asukoht-parkimine\/\",\"name\":\"Asukoht ja parkimine - ESTONIA Resort Hotel Spa\",\"isPartOf\":{\"@id\":\"https:\/\/www.spaestonia.ee\/resort\/#website\"},\"primaryImageOfPage\":{\"@id\":\"https:\/\/spaestonia.ee\/resort\/meist\/asukoht-parkimine\/#primaryimage\"},\"image\":{\"@id\":\"https:\/\/spaestonia.ee\/resort\/meist\/asukoht-parkimine\/#primaryimage\"},\"thumbnailUrl\":\"http:\/\/www.spaestonia.ee\/resort\/wp-content\/uploads\/2024\/04\/Parkimine_Estonia-Resort-Hotel-Spa.jpg\",\"datePublished\":\"2015-06-27T04:56:43+00:00\",\"dateModified\":\"2026-01-02T11:44:34+00:00\",\"breadcrumb\":{\"@id\":\"https:\/\/spaestonia.ee\/resort\/meist\/asukoht-parkimine\/#breadcrumb\"},\"inLanguage\":\"et\",\"potentialAction\":[{\"@type\":\"ReadAction\",\"target\":[\"https:\/\/spaestonia.ee\/resort\/meist\/asukoht-parkimine\/\"]}]},{\"@type\":\"ImageObject\",\"inLanguage\":\"et\",\"@id\":\"https:\/\/spaestonia.ee\/resort\/meist\/asukoht-parkimine\/#primaryimage\",\"url\":\"http:\/\/www.spaestonia.ee\/resort\/wp-content\/uploads\/2024\/04\/Parkimine_Estonia-Resort-Hotel-Spa.jpg\",\"contentUrl\":\"http:\/\/www.spaestonia.ee\/resort\/wp-content\/uploads\/2024\/04\/Parkimine_Estonia-Resort-Hotel-Spa.jpg\"},{\"@type\":\"BreadcrumbList\",\"@id\":\"https:\/\/spaestonia.ee\/resort\/meist\/asukoht-parkimine\/#breadcrumb\",\"itemListElement\":[{\"@type\":\"ListItem\",\"position\":1,\"name\":\"Home\",\"item\":\"https:\/\/www.spaestonia.ee\/resort\/\"},{\"@type\":\"ListItem\",\"position\":2,\"name\":\"Meist\",\"item\":\"https:\/\/www.spaestonia.ee\/resort\/meist\/\"},{\"@type\":\"ListItem\",\"position\":3,\"name\":\"Asukoht ja parkimine\"}]},{\"@type\":\"WebSite\",\"@id\":\"https:\/\/www.spaestonia.ee\/resort\/#website\",\"url\":\"https:\/\/www.spaestonia.ee\/resort\/\",\"name\":\"ESTONIA Resort Hotel Spa\",\"description\":\"Your destination in P\u00e4rnu for wellness and events\",\"publisher\":{\"@id\":\"https:\/\/www.spaestonia.ee\/resort\/#organization\"},\"potentialAction\":[{\"@type\":\"SearchAction\",\"target\":{\"@type\":\"EntryPoint\",\"urlTemplate\":\"https:\/\/www.spaestonia.ee\/resort\/?s={search_term_string}\"},\"query-input\":{\"@type\":\"PropertyValueSpecification\",\"valueRequired\":true,\"valueName\":\"search_term_string\"}}],\"inLanguage\":\"et\"},{\"@type\":\"Organization\",\"@id\":\"https:\/\/www.spaestonia.ee\/resort\/#organization\",\"name\":\"ESTONIA Resort Hotel Spa\",\"url\":\"https:\/\/www.spaestonia.ee\/resort\/\",\"logo\":{\"@type\":\"ImageObject\",\"inLanguage\":\"et\",\"@id\":\"https:\/\/www.spaestonia.ee\/resort\/#\/schema\/logo\/image\/\",\"url\":\"https:\/\/www.spaestonia.ee\/resort\/wp-content\/uploads\/2025\/02\/resort-hotel-estonia.png\",\"contentUrl\":\"https:\/\/www.spaestonia.ee\/resort\/wp-content\/uploads\/2025\/02\/resort-hotel-estonia.png\",\"width\":400,\"height\":173,\"caption\":\"ESTONIA Resort Hotel Spa\"},\"image\":{\"@id\":\"https:\/\/www.spaestonia.ee\/resort\/#\/schema\/logo\/image\/\"},\"sameAs\":[\"https:\/\/www.facebook.com\/EstoniaResortHotel\"]}]}<\/script>\n<!-- \/ Yoast SEO plugin. -->","yoast_head_json":{"title":"Asukoht ja parkimine - ESTONIA Resort Hotel Spa","robots":{"index":"index","follow":"follow","max-snippet":"max-snippet:-1","max-image-preview":"max-image-preview:large","max-video-preview":"max-video-preview:-1"},"canonical":"https:\/\/spaestonia.ee\/resort\/meist\/asukoht-parkimine\/","og_locale":"et_EE","og_type":"article","og_title":"Asukoht ja parkimine - ESTONIA Resort Hotel Spa","og_description":"ESTONIA Resort Hotel &amp; Spa asub P\u00e4rnu rannarajoonis, 5-minutilise jalutusk\u00e4igu kaugusel rannast ja 15 minuti&hellip;","og_url":"https:\/\/spaestonia.ee\/resort\/meist\/asukoht-parkimine\/","og_site_name":"ESTONIA Resort Hotel Spa","article_publisher":"https:\/\/www.facebook.com\/EstoniaResortHotel","article_modified_time":"2026-01-02T11:44:34+00:00","og_image":[{"url":"http:\/\/www.spaestonia.ee\/resort\/wp-content\/uploads\/2024\/04\/Parkimine_Estonia-Resort-Hotel-Spa.jpg","type":"","width":"","height":""}],"twitter_card":"summary_large_image","twitter_misc":{"Est. reading time":"3 minutit"},"schema":{"@context":"https:\/\/schema.org","@graph":[{"@type":"WebPage","@id":"https:\/\/spaestonia.ee\/resort\/meist\/asukoht-parkimine\/","url":"https:\/\/spaestonia.ee\/resort\/meist\/asukoht-parkimine\/","name":"Asukoht ja parkimine - ESTONIA Resort Hotel Spa","isPartOf":{"@id":"https:\/\/www.spaestonia.ee\/resort\/#website"},"primaryImageOfPage":{"@id":"https:\/\/spaestonia.ee\/resort\/meist\/asukoht-parkimine\/#primaryimage"},"image":{"@id":"https:\/\/spaestonia.ee\/resort\/meist\/asukoht-parkimine\/#primaryimage"},"thumbnailUrl":"http:\/\/www.spaestonia.ee\/resort\/wp-content\/uploads\/2024\/04\/Parkimine_Estonia-Resort-Hotel-Spa.jpg","datePublished":"2015-06-27T04:56:43+00:00","dateModified":"2026-01-02T11:44:34+00:00","breadcrumb":{"@id":"https:\/\/spaestonia.ee\/resort\/meist\/asukoht-parkimine\/#breadcrumb"},"inLanguage":"et","potentialAction":[{"@type":"ReadAction","target":["https:\/\/spaestonia.ee\/resort\/meist\/asukoht-parkimine\/"]}]},{"@type":"ImageObject","inLanguage":"et","@id":"https:\/\/spaestonia.ee\/resort\/meist\/asukoht-parkimine\/#primaryimage","url":"http:\/\/www.spaestonia.ee\/resort\/wp-content\/uploads\/2024\/04\/Parkimine_Estonia-Resort-Hotel-Spa.jpg","contentUrl":"http:\/\/www.spaestonia.ee\/resort\/wp-content\/uploads\/2024\/04\/Parkimine_Estonia-Resort-Hotel-Spa.jpg"},{"@type":"BreadcrumbList","@id":"https:\/\/spaestonia.ee\/resort\/meist\/asukoht-parkimine\/#breadcrumb","itemListElement":[{"@type":"ListItem","position":1,"name":"Home","item":"https:\/\/www.spaestonia.ee\/resort\/"},{"@type":"ListItem","position":2,"name":"Meist","item":"https:\/\/www.spaestonia.ee\/resort\/meist\/"},{"@type":"ListItem","position":3,"name":"Asukoht ja parkimine"}]},{"@type":"WebSite","@id":"https:\/\/www.spaestonia.ee\/resort\/#website","url":"https:\/\/www.spaestonia.ee\/resort\/","name":"ESTONIA Resort Hotel Spa","description":"Your destination in P\u00e4rnu for wellness and events","publisher":{"@id":"https:\/\/www.spaestonia.ee\/resort\/#organization"},"potentialAction":[{"@type":"SearchAction","target":{"@type":"EntryPoint","urlTemplate":"https:\/\/www.spaestonia.ee\/resort\/?s={search_term_string}"},"query-input":{"@type":"PropertyValueSpecification","valueRequired":true,"valueName":"search_term_string"}}],"inLanguage":"et"},{"@type":"Organization","@id":"https:\/\/www.spaestonia.ee\/resort\/#organization","name":"ESTONIA Resort Hotel Spa","url":"https:\/\/www.spaestonia.ee\/resort\/","logo":{"@type":"ImageObject","inLanguage":"et","@id":"https:\/\/www.spaestonia.ee\/resort\/#\/schema\/logo\/image\/","url":"https:\/\/www.spaestonia.ee\/resort\/wp-content\/uploads\/2025\/02\/resort-hotel-estonia.png","contentUrl":"https:\/\/www.spaestonia.ee\/resort\/wp-content\/uploads\/2025\/02\/resort-hotel-estonia.png","width":400,"height":173,"caption":"ESTONIA Resort Hotel Spa"},"image":{"@id":"https:\/\/www.spaestonia.ee\/resort\/#\/schema\/logo\/image\/"},"sameAs":["https:\/\/www.facebook.com\/EstoniaResortHotel"]}]}},"_links":{"self":[{"href":"https:\/\/spaestonia.ee\/resort\/wp-json\/wp\/v2\/pages\/2262","targetHints":{"allow":["GET"]}}],"collection":[{"href":"https:\/\/spaestonia.ee\/resort\/wp-json\/wp\/v2\/pages"}],"about":[{"href":"https:\/\/spaestonia.ee\/resort\/wp-json\/wp\/v2\/types\/page"}],"author":[{"embeddable":true,"href":"https:\/\/spaestonia.ee\/resort\/wp-json\/wp\/v2\/users\/1"}],"replies":[{"embeddable":true,"href":"https:\/\/spaestonia.ee\/resort\/wp-json\/wp\/v2\/comments?post=2262"}],"version-history":[{"count":95,"href":"https:\/\/spaestonia.ee\/resort\/wp-json\/wp\/v2\/pages\/2262\/revisions"}],"predecessor-version":[{"id":46014,"href":"https:\/\/spaestonia.ee\/resort\/wp-json\/wp\/v2\/pages\/2262\/revisions\/46014"}],"up":[{"embeddable":true,"href":"https:\/\/spaestonia.ee\/resort\/wp-json\/wp\/v2\/pages\/59"}],"wp:attachment":[{"href":"https:\/\/spaestonia.ee\/resort\/wp-json\/wp\/v2\/media?parent=2262"}],"curies":[{"name":"wp","href":"https:\/\/api.w.org\/{rel}","templated":true}]}}