{"id":2276,"date":"2015-06-27T08:22:07","date_gmt":"2015-06-27T05:22:07","guid":{"rendered":"https:\/\/www.spaestonia.ee\/resort\/?page_id=2276"},"modified":"2024-01-03T16:01:10","modified_gmt":"2024-01-03T14:01:10","slug":"ajalugu","status":"publish","type":"page","link":"https:\/\/spaestonia.ee\/resort\/meist\/ajalugu\/","title":{"rendered":"Ajalugu. Pressiteated"},"content":{"rendered":"<h2>Ajalugu<\/h2>\n<p>Estonia Spa juured ulatuvad aastasse 1890, kui P\u00e4rnus avati esimene ravikuurorti hoone. Just siis hakati pakkuma mudaravi, mitmeid mineraal- ja rabavanne ning tehti ka elektriravi. P\u00e4rnust sai toonase tsaari-Venemaa \u00fcks lemmikkuurorte. Kuigi 20. saj alguses puhkenud esimene maailmas\u00f5da puudutas ka P\u00e4rnut, ei j\u00e4\u00e4dud \u2013 n\u00fc\u00fcd juba Eesti vabariigis \u2013 k\u00e4ed r\u00fcpes istuma, vaid kuurortielu taastati endises hiilguses ning 1927. aastal avas ravikuurort taas uksed.<\/p>\n<p>1940 a Eestisse saabunud uus kord ja uued peremehed ei j\u00e4tnud ka ravikuurorte ehk sanatooriume puutumata. P\u00e4rnu esinduskuurort muudeti Eestimaa Ameti\u00fchingute Keskliidu puhkekoduks, Saksa okupatsiooni ajal oli see Saksa s\u00f5jav\u00e4e puhkekodu. 1944. aastal algasid aga taas \u00fcmberkorraldused ja P\u00e4rnu kuurortidest sai NSVL ameti\u00fchingus\u00fcsteemi puhkekodude ja raviasutuste osa.<\/p>\n<p>Aastast 1947 kandis t\u00e4nane Estonia nime Sanatoorium nr 1, Estonia nimeni j\u00f5udmiseks kulus veel 15 aastat. Aastal 1962 saidki k\u00f5ik P\u00e4rnu sanatooriumid numbrite asemel nimed, nr 1 ehk esindussanatoorium ristiti uhkelt Estoniaks. Sellest ajast hakkas Estonia tegutsema ka baassanatooriumina ehk juhtis k\u00f5iki ENSV Kuurortide Valitsemise N\u00f5ukogule alluvaid ravi- ja puhkeasutusi. Koos Eesti taasiseisvumisega muutus ettev\u00f5te Taastusravikeskus Estonia AS-ks, mille ainuomanikuks on P\u00e4rnu linn. 2002 \u2013 2014 aastatel tegutses Estonia kolmes majas: Pargi maja, Roheline maja ja Valge maja. 2008. a avati Pargi maja juurdeehitusena sauna- ja basseinikeskus Termid.<\/p>\n<p>T\u00e4naseks on ettev\u00f5tte \u00e4rinimeks saanud Estonia Spa Hotels AS ja sanatooriumi m\u00f5iste on asendunud uue terminiga SPA \u2013 <em>Sanus Per Aquam<\/em> ehk tervis l\u00e4bi vee. Alates 2014 aastast on ettev\u00f5ttel kaks eraldi spaakontseptsiooni:<\/p>\n<ul>\n<li>viimased 12 aastat Pargi maja nime kandnud maja kannab nime <a href=\"https:\/\/www.spaestonia.ee\/medical\/\" target=\"_blank\" rel=\"noopener\">ESTONIA Medical Spa &amp; Hotel<\/a><\/li>\n<li>Rohelise ja Valge maja asemel avas 2015 juulis uksed uue kontseptsiooniga kuurorthotell <a href=\"https:\/\/www.spaestonia.ee\/resort\/\" target=\"_blank\" rel=\"noopener\">ESTONIA Resort Hotel &amp; Spa<\/a> koos spaa- ja konverentsikeskusega.<\/li>\n<\/ul>\n<h2>Uudised, pressiteated<\/h2>\n<p><strong>2019<\/strong><\/p>\n<ul>\n<li><a href=\"http:\/\/www.spaestonia.ee\/resort\/23-10-2019-ametlik-teade\/\">23.10.2019 Ametlik teade<\/a><\/li>\n<\/ul>\n<p><strong>2018<\/strong><\/p>\n<ul>\n<li><a href=\"https:\/\/www.spaestonia.ee\/resort\/frontit-suursundmus-parnus\/\">18.10.2018 Kuidas \u00fcks Euroopa parimaid t\u00f6\u00f6andjaid P\u00e4rnus tiimi\u00fcritust korraldas<\/a><\/li>\n<li><a href=\"https:\/\/www.spaestonia.ee\/resort\/parnus-toimub-korgetasemeline-rahvusvaheline-regioonide-konverents\/\">20.06.2018 P\u00e4rnus toimub rahvusvaheline regioonide konverents<\/a><\/li>\n<li><a href=\"https:\/\/www.spaestonia.ee\/resort\/kahe-silla-klubi-ja-estonia-spa-hotels-alustavad-koostood\/\">06.03.2018 Estonia Spa Hotels ja Kahe Silla Klubi alustavad koost\u00f6\u00f6d<\/a><\/li>\n<li><a href=\"https:\/\/www.spaestonia.ee\/resort\/meist\/ajalugu\/estonia-resort-hotel-spa-on-eesti-2018-aasta-parimate-hotellide-seas\/\">26.01.2018 ESTONIA Resort Hotel &amp; Spa on Eesti 2018. aasta parimate hotellide seas<\/a><\/li>\n<\/ul>\n<p><strong>2017<\/strong><\/p>\n<ul>\n<li><a href=\"https:\/\/www.spaestonia.ee\/resort\/eesti-koige-innovatiivsem-konverents-2016-toimus-parnus\/\">13.01.2017 Eesti k\u00f5ige innovatiivsem konverents 2016 toimus P\u00e4rnus<\/a><\/li>\n<\/ul>\n<p><strong>2016<\/strong><\/p>\n<ul>\n<li><a href=\"https:\/\/www.spaestonia.ee\/resort\/european-top-coffee-masters-met-in-parnu-estonia\/\">27.10.2016 P\u00e4rnus toimusid Euroopa kohvimeistrite kaks tipps\u00fcndmust<\/a><\/li>\n<li><a href=\"https:\/\/www.spaestonia.ee\/resort\/meist\/ajalugu\/euroopa-kohvimeistrid-kogunevad-oktoobris-parnus\/\">06.06.2016 Euroopa kohvimeistrid kogunevad oktoobris P\u00e4rnus<\/a><\/li>\n<li><a href=\"https:\/\/www.spaestonia.ee\/resort\/meist\/ajalugu\/estonia-spa-kuurorthotell-sai-baltimaade-parima-hotelliarenduse-tiitli\/\">09.05.2016 Estonia Spa kuurorthotell sai Baltimaade parima hotelliarenduse tiitli<\/a><\/li>\n<li><a href=\"https:\/\/www.spaestonia.ee\/resort\/meist\/ajalugu\/estonia-resort-hotel-spale-omistati-4-tarni\/\">03.05.2016 Estonia Resort Hotel &amp; Spa&#8217;le omistati 4*<\/a><\/li>\n<li><a href=\"https:\/\/www.spaestonia.ee\/resort\/meist\/ajalugu\/hea-teeninduse-kuu-parimad-teenindajad\/\">29.04.2016 Hea Teeninduse Kuu parimad teenindajad Estonia kuurorthotellis<\/a><\/li>\n<\/ul>\n<p><strong>2014-2015<\/strong><\/p>\n<ul>\n<li><a title=\"P\u00e4rnus valmis ESTONIA Resort Hotel &amp; Spa \/ 01.07.2015\" href=\"https:\/\/www.spaestonia.ee\/resort\/meist\/ajalugu\/parnus-valmis-estonia-resort-hotel-spa-01-07-2015\/\">01.07.2015 P\u00e4rnus valmis ESTONIA Resort Hotel &amp; Spa<\/a><\/li>\n<li><a href=\"https:\/\/www.spaestonia.ee\/resort\/meist\/ajalugu\/uus-spaa-ja-konverentsikeskus-saab-nurgakivi-22-10-2014\/\">22.10.2014. Uus spaa- ja konverentsikeskus saab nurgakivi<\/a><\/li>\n<\/ul>\n","protected":false},"excerpt":{"rendered":"<p>Ajalugu Estonia Spa juured ulatuvad aastasse 1890, kui P\u00e4rnus avati esimene ravikuurorti hoone. Just siis&hellip;<\/p>\n","protected":false},"author":1,"featured_media":0,"parent":59,"menu_order":0,"comment_status":"closed","ping_status":"open","template":"","meta":{"footnotes":""},"class_list":["post-2276","page","type-page","status-publish","hentry"],"yoast_head":"<!-- This site is optimized with the Yoast SEO plugin v26.7 - https:\/\/yoast.com\/wordpress\/plugins\/seo\/ -->\n<title>Ajalugu. Pressiteated - ESTONIA Resort Hotel Spa<\/title>\n<meta name=\"robots\" content=\"index, follow, max-snippet:-1, max-image-preview:large, max-video-preview:-1\" \/>\n<link rel=\"canonical\" href=\"https:\/\/spaestonia.ee\/resort\/meist\/ajalugu\/\" \/>\n<meta property=\"og:locale\" content=\"et_EE\" \/>\n<meta property=\"og:type\" content=\"article\" \/>\n<meta property=\"og:title\" content=\"Ajalugu. Pressiteated - ESTONIA Resort Hotel Spa\" \/>\n<meta property=\"og:description\" content=\"Ajalugu Estonia Spa juured ulatuvad aastasse 1890, kui P\u00e4rnus avati esimene ravikuurorti hoone. Just siis&hellip;\" \/>\n<meta property=\"og:url\" content=\"https:\/\/spaestonia.ee\/resort\/meist\/ajalugu\/\" \/>\n<meta property=\"og:site_name\" content=\"ESTONIA Resort Hotel Spa\" \/>\n<meta property=\"article:publisher\" content=\"https:\/\/www.facebook.com\/EstoniaResortHotel\" \/>\n<meta property=\"article:modified_time\" content=\"2024-01-03T14:01:10+00:00\" \/>\n<meta name=\"twitter:card\" content=\"summary_large_image\" \/>\n<meta name=\"twitter:label1\" content=\"Est. reading time\" \/>\n\t<meta name=\"twitter:data1\" content=\"2 minutit\" \/>\n<script type=\"application\/ld+json\" class=\"yoast-schema-graph\">{\"@context\":\"https:\/\/schema.org\",\"@graph\":[{\"@type\":\"WebPage\",\"@id\":\"https:\/\/spaestonia.ee\/resort\/meist\/ajalugu\/\",\"url\":\"https:\/\/spaestonia.ee\/resort\/meist\/ajalugu\/\",\"name\":\"Ajalugu. Pressiteated - ESTONIA Resort Hotel Spa\",\"isPartOf\":{\"@id\":\"https:\/\/www.spaestonia.ee\/resort\/#website\"},\"datePublished\":\"2015-06-27T05:22:07+00:00\",\"dateModified\":\"2024-01-03T14:01:10+00:00\",\"breadcrumb\":{\"@id\":\"https:\/\/spaestonia.ee\/resort\/meist\/ajalugu\/#breadcrumb\"},\"inLanguage\":\"et\",\"potentialAction\":[{\"@type\":\"ReadAction\",\"target\":[\"https:\/\/spaestonia.ee\/resort\/meist\/ajalugu\/\"]}]},{\"@type\":\"BreadcrumbList\",\"@id\":\"https:\/\/spaestonia.ee\/resort\/meist\/ajalugu\/#breadcrumb\",\"itemListElement\":[{\"@type\":\"ListItem\",\"position\":1,\"name\":\"Home\",\"item\":\"https:\/\/www.spaestonia.ee\/resort\/\"},{\"@type\":\"ListItem\",\"position\":2,\"name\":\"Meist\",\"item\":\"https:\/\/www.spaestonia.ee\/resort\/meist\/\"},{\"@type\":\"ListItem\",\"position\":3,\"name\":\"Ajalugu. Pressiteated\"}]},{\"@type\":\"WebSite\",\"@id\":\"https:\/\/www.spaestonia.ee\/resort\/#website\",\"url\":\"https:\/\/www.spaestonia.ee\/resort\/\",\"name\":\"ESTONIA Resort Hotel Spa\",\"description\":\"Your destination in P\u00e4rnu for wellness and events\",\"publisher\":{\"@id\":\"https:\/\/www.spaestonia.ee\/resort\/#organization\"},\"potentialAction\":[{\"@type\":\"SearchAction\",\"target\":{\"@type\":\"EntryPoint\",\"urlTemplate\":\"https:\/\/www.spaestonia.ee\/resort\/?s={search_term_string}\"},\"query-input\":{\"@type\":\"PropertyValueSpecification\",\"valueRequired\":true,\"valueName\":\"search_term_string\"}}],\"inLanguage\":\"et\"},{\"@type\":\"Organization\",\"@id\":\"https:\/\/www.spaestonia.ee\/resort\/#organization\",\"name\":\"ESTONIA Resort Hotel Spa\",\"url\":\"https:\/\/www.spaestonia.ee\/resort\/\",\"logo\":{\"@type\":\"ImageObject\",\"inLanguage\":\"et\",\"@id\":\"https:\/\/www.spaestonia.ee\/resort\/#\/schema\/logo\/image\/\",\"url\":\"https:\/\/www.spaestonia.ee\/resort\/wp-content\/uploads\/2025\/02\/resort-hotel-estonia.png\",\"contentUrl\":\"https:\/\/www.spaestonia.ee\/resort\/wp-content\/uploads\/2025\/02\/resort-hotel-estonia.png\",\"width\":400,\"height\":173,\"caption\":\"ESTONIA Resort Hotel Spa\"},\"image\":{\"@id\":\"https:\/\/www.spaestonia.ee\/resort\/#\/schema\/logo\/image\/\"},\"sameAs\":[\"https:\/\/www.facebook.com\/EstoniaResortHotel\"]}]}<\/script>\n<!-- \/ Yoast SEO plugin. -->","yoast_head_json":{"title":"Ajalugu. Pressiteated - ESTONIA Resort Hotel Spa","robots":{"index":"index","follow":"follow","max-snippet":"max-snippet:-1","max-image-preview":"max-image-preview:large","max-video-preview":"max-video-preview:-1"},"canonical":"https:\/\/spaestonia.ee\/resort\/meist\/ajalugu\/","og_locale":"et_EE","og_type":"article","og_title":"Ajalugu. Pressiteated - ESTONIA Resort Hotel Spa","og_description":"Ajalugu Estonia Spa juured ulatuvad aastasse 1890, kui P\u00e4rnus avati esimene ravikuurorti hoone. Just siis&hellip;","og_url":"https:\/\/spaestonia.ee\/resort\/meist\/ajalugu\/","og_site_name":"ESTONIA Resort Hotel Spa","article_publisher":"https:\/\/www.facebook.com\/EstoniaResortHotel","article_modified_time":"2024-01-03T14:01:10+00:00","twitter_card":"summary_large_image","twitter_misc":{"Est. reading time":"2 minutit"},"schema":{"@context":"https:\/\/schema.org","@graph":[{"@type":"WebPage","@id":"https:\/\/spaestonia.ee\/resort\/meist\/ajalugu\/","url":"https:\/\/spaestonia.ee\/resort\/meist\/ajalugu\/","name":"Ajalugu. Pressiteated - ESTONIA Resort Hotel Spa","isPartOf":{"@id":"https:\/\/www.spaestonia.ee\/resort\/#website"},"datePublished":"2015-06-27T05:22:07+00:00","dateModified":"2024-01-03T14:01:10+00:00","breadcrumb":{"@id":"https:\/\/spaestonia.ee\/resort\/meist\/ajalugu\/#breadcrumb"},"inLanguage":"et","potentialAction":[{"@type":"ReadAction","target":["https:\/\/spaestonia.ee\/resort\/meist\/ajalugu\/"]}]},{"@type":"BreadcrumbList","@id":"https:\/\/spaestonia.ee\/resort\/meist\/ajalugu\/#breadcrumb","itemListElement":[{"@type":"ListItem","position":1,"name":"Home","item":"https:\/\/www.spaestonia.ee\/resort\/"},{"@type":"ListItem","position":2,"name":"Meist","item":"https:\/\/www.spaestonia.ee\/resort\/meist\/"},{"@type":"ListItem","position":3,"name":"Ajalugu. Pressiteated"}]},{"@type":"WebSite","@id":"https:\/\/www.spaestonia.ee\/resort\/#website","url":"https:\/\/www.spaestonia.ee\/resort\/","name":"ESTONIA Resort Hotel Spa","description":"Your destination in P\u00e4rnu for wellness and events","publisher":{"@id":"https:\/\/www.spaestonia.ee\/resort\/#organization"},"potentialAction":[{"@type":"SearchAction","target":{"@type":"EntryPoint","urlTemplate":"https:\/\/www.spaestonia.ee\/resort\/?s={search_term_string}"},"query-input":{"@type":"PropertyValueSpecification","valueRequired":true,"valueName":"search_term_string"}}],"inLanguage":"et"},{"@type":"Organization","@id":"https:\/\/www.spaestonia.ee\/resort\/#organization","name":"ESTONIA Resort Hotel Spa","url":"https:\/\/www.spaestonia.ee\/resort\/","logo":{"@type":"ImageObject","inLanguage":"et","@id":"https:\/\/www.spaestonia.ee\/resort\/#\/schema\/logo\/image\/","url":"https:\/\/www.spaestonia.ee\/resort\/wp-content\/uploads\/2025\/02\/resort-hotel-estonia.png","contentUrl":"https:\/\/www.spaestonia.ee\/resort\/wp-content\/uploads\/2025\/02\/resort-hotel-estonia.png","width":400,"height":173,"caption":"ESTONIA Resort Hotel Spa"},"image":{"@id":"https:\/\/www.spaestonia.ee\/resort\/#\/schema\/logo\/image\/"},"sameAs":["https:\/\/www.facebook.com\/EstoniaResortHotel"]}]}},"_links":{"self":[{"href":"https:\/\/spaestonia.ee\/resort\/wp-json\/wp\/v2\/pages\/2276","targetHints":{"allow":["GET"]}}],"collection":[{"href":"https:\/\/spaestonia.ee\/resort\/wp-json\/wp\/v2\/pages"}],"about":[{"href":"https:\/\/spaestonia.ee\/resort\/wp-json\/wp\/v2\/types\/page"}],"author":[{"embeddable":true,"href":"https:\/\/spaestonia.ee\/resort\/wp-json\/wp\/v2\/users\/1"}],"replies":[{"embeddable":true,"href":"https:\/\/spaestonia.ee\/resort\/wp-json\/wp\/v2\/comments?post=2276"}],"version-history":[{"count":29,"href":"https:\/\/spaestonia.ee\/resort\/wp-json\/wp\/v2\/pages\/2276\/revisions"}],"predecessor-version":[{"id":39686,"href":"https:\/\/spaestonia.ee\/resort\/wp-json\/wp\/v2\/pages\/2276\/revisions\/39686"}],"up":[{"embeddable":true,"href":"https:\/\/spaestonia.ee\/resort\/wp-json\/wp\/v2\/pages\/59"}],"wp:attachment":[{"href":"https:\/\/spaestonia.ee\/resort\/wp-json\/wp\/v2\/media?parent=2276"}],"curies":[{"name":"wp","href":"https:\/\/api.w.org\/{rel}","templated":true}]}}