{"id":28989,"date":"2020-12-29T12:44:43","date_gmt":"2020-12-29T10:44:43","guid":{"rendered":"http:\/\/www.spaestonia.ee\/resort\/?page_id=28989"},"modified":"2026-01-27T10:38:44","modified_gmt":"2026-01-27T08:38:44","slug":"estonia-resort-hotel-spa-kodukord","status":"publish","type":"page","link":"https:\/\/spaestonia.ee\/resort\/hotell\/estonia-resort-hotel-spa-kodukord\/","title":{"rendered":"Hotelli KODUKORD"},"content":{"rendered":"<p><strong><span style=\"font-size: 20px;\">Check in:<\/span><br \/>\n<\/strong>Hotelli saabumine on alates kell 15:00. Varasem sisseregistreerimine on v\u00f5imalik eelneva kokkuleppe alusel.<br \/>\nHotelli registreerimisel tuleb esitada kehtiv isikut t\u00f5endav dokument. Isikut t\u00f5endavaks dokumendiks loetakse:<br \/>\n&#8211; Pass<br \/>\n&#8211; ID-kaart<br \/>\n&#8211; Juhiluba<br \/>\nHotelli registreerimiseks on majutatav isik kohustatud t\u00e4itma registreerimiskaardi. K\u00f5ik registreerimiskaardid peavad olema t\u00e4idetud loetava k\u00e4ekirjaga ja allkirjastatud hotelli k\u00fclastaja poolt. Hotell v\u00f5ib keelduda k\u00fclastaja hotelli lubamisest, kes ei t\u00e4ida registreerimisvormi korrektselt.<\/p>\n<p><span style=\"font-size: 20px;\"><strong>Hotelli EI registreerita:<\/strong><\/span><br \/>\nIsikuid, kes oma k\u00e4itumisega v\u00f5ivad h\u00e4irida hotelli teisi k\u00fclastajaid. Ega alaealisi kellel pole t\u00e4iskasvanut koos temaga koos majutumas.<\/p>\n<p><span style=\"font-size: 20px;\"><strong>Tasumine:<\/strong><\/span><br \/>\nHotelli registreerimisel tuleb tasuda majutusteenuse maksumus vastavalt esitatud arvele. Hotelli teenuste eest, mida kasutati majutusperioodi jooksul, tuleb tasuda hiljemalt hotellist lahkumisel. Meie hotellis aktsepteeritakse k\u00f5iki levinumaid rahvusvahelisi krediit- ja deebetkaarte.<\/p>\n<p><strong><span style=\"font-size: 20px;\">Check out:<\/span><br \/>\n<\/strong>Hotellitoa palume vabastada hiljemalt kell 12:00.\u00a0Hilisem v\u00e4ljaregistreerimine on v\u00f5imalik eelneva kokkuleppe alusel. Iga t\u00e4iendav tund p\u00e4rast kella 12:00 on 10 eurot. Hotellist v\u00e4ljaregistreerimisel tuleb tagastada toa v\u00f5ti ja spa k\u00e4epael ning tasuda k\u00f5ikide kasutatud teenuste eest. Spaa k\u00e4epaela kaotamise v\u00f5i mitte tagastamise eest on trahv 25 eurot.<\/p>\n<p><strong><span style=\"font-size: 20px;\">Suitsetamine hotellis:<\/span><br \/>\n<\/strong>ESTONIA Resort Hotel &amp; Spa j\u00e4rgib suitsuvaba hotelli p\u00f5him\u00f5tet. Suitsetamine on lubatud vaid hotellis selleks eraldatud aladel. Suitsetamise eest selleks mittelubatud alal on k\u00fclastaja kohustatud trahvi tasuma. Trahv suitsetamise eest on 100 eurot.<\/p>\n<p><strong><span style=\"font-size: 20px;\">Lemmikloomad hotellis:<\/span><br \/>\n<\/strong>Hotelli broneeringut tehes palume informeerida hotelli t\u00f6\u00f6tajat oma lemmikloomast. Lemmikloomaga majutamine on v\u00f5imalik vaid kindlates hotellitubades ja eelneva broneeringu alusel. Lemmikloom ei v\u00f5i viibida toitlustusega seotud ruumides v\u00f5i aladel kus neil ei ole ohutu (libedad pinnad, j\u00e4rsud langused, uppumisoht jms). Lemmiklooma omanikule rakendub lisatasu ja kohustus j\u00e4rgida <a href=\"https:\/\/www.spaestonia.ee\/resort\/lemmiklooma-omaniku-meelespea\/\">lemmiklooma omaniku meelespead<\/a> ning looma omanik vastutab lemmiklooma tekitatud kahju (nii materiaalse kui tervisekahju) eest.<\/p>\n<p><strong><span style=\"font-size: 20px;\">Avalik korra tagamine:<\/span><br \/>\n<\/strong>Hotellis kehtivad k\u00f5ik n\u00f5uded avaliku korra, rahu hoidmise ja saastamise v\u00e4ltimise kohta. Avaliku korra rikkumisel kaasab hotell vajadusel kas turvat\u00f6\u00f6tajad v\u00f5i kutsub v\u00e4lja politsei. Personal v\u00f5ib paluda k\u00fclastaja(te)l hotellist ja selle territooriumilt lahkuda. Lahkumise korral on k\u00fclastaja kohustatud maksma broneeritud majutuse ja tellitud lisateenuste eest.<\/p>\n<p><strong><span style=\"font-size: 20px;\">\u00d6\u00f6rahu hotellis:<\/span><br \/>\n<\/strong>Hotellis kehtib \u00f6\u00f6rahu kell 23:00 ja kestab kuni 06:00. \u00d6\u00f6rahu rikkumise all m\u00f5istetakse teiste isikute h\u00e4irimist heliliste, valgus-, mehhaaniliste, elektrooniliste jms vahenditega. \u00d6\u00f6rahu rikkumisel kaasab hotell vajadusel kas turvat\u00f6\u00f6tajad v\u00f5i politsei. Samuti v\u00f5ib personal paluda k\u00fclastaja(te)l hotellist ja selle territooriumilt lahkuda. Lahkumise korral on k\u00fclastaja kohustatud tasuma broneeritud majutuse ja tellitud lisateenuste eest. \u00d6\u00f6rahu rikkumise korral on hotellil \u00f5igus k\u00fcsida tekitatud kahju h\u00fcvitamiseks trahvi al 50 eurot iga v\u00e4ljakutse eest vastavalt rikkumise tasemele.<\/p>\n<p><strong><span style=\"font-size: 20px;\">K\u00fclastaja vastutus kahju tekitamisel:<\/span><br \/>\n<\/strong>Meie k\u00fclalisena v\u00f5tate endale vastutuse ja kohustuse j\u00e4rgida kehtestatud eeskirju. Olete vastutav tahtlikult v\u00f5i tahtmatult tekitatud kahju eest, mida teie v\u00f5i teie k\u00fclaline v\u00f5ib olla tekitanud hotellitoas v\u00f5i hotelli \u00fcldruumides. Hotellil on \u00f5igus n\u00f5uda kliendi poolt tekitatud materiaalse kahju kompenseerimist. Kahju kompenseerimise suuruse aluseks on tekitatud otsene kahju, millele lisanduvad kahju k\u00f5rvaldamisega seotud kulud.<\/p>\n<p>&nbsp;<\/p>\n","protected":false},"excerpt":{"rendered":"<p>Check in: Hotelli saabumine on alates kell 15:00. Varasem sisseregistreerimine on v\u00f5imalik eelneva kokkuleppe alusel.&hellip;<\/p>\n","protected":false},"author":14,"featured_media":0,"parent":48,"menu_order":0,"comment_status":"closed","ping_status":"closed","template":"","meta":{"footnotes":""},"class_list":["post-28989","page","type-page","status-publish","hentry"],"yoast_head":"<!-- This site is optimized with the Yoast SEO plugin v26.7 - https:\/\/yoast.com\/wordpress\/plugins\/seo\/ -->\n<title>Hotelli KODUKORD - ESTONIA Resort Hotel Spa<\/title>\n<meta name=\"robots\" content=\"index, follow, max-snippet:-1, max-image-preview:large, max-video-preview:-1\" \/>\n<link rel=\"canonical\" href=\"https:\/\/spaestonia.ee\/resort\/hotell\/estonia-resort-hotel-spa-kodukord\/\" \/>\n<meta property=\"og:locale\" content=\"et_EE\" \/>\n<meta property=\"og:type\" content=\"article\" \/>\n<meta property=\"og:title\" content=\"Hotelli KODUKORD - ESTONIA Resort Hotel Spa\" \/>\n<meta property=\"og:description\" content=\"Check in: Hotelli saabumine on alates kell 15:00. Varasem sisseregistreerimine on v\u00f5imalik eelneva kokkuleppe alusel.&hellip;\" \/>\n<meta property=\"og:url\" content=\"https:\/\/spaestonia.ee\/resort\/hotell\/estonia-resort-hotel-spa-kodukord\/\" \/>\n<meta property=\"og:site_name\" content=\"ESTONIA Resort Hotel Spa\" \/>\n<meta property=\"article:publisher\" content=\"https:\/\/www.facebook.com\/EstoniaResortHotel\" \/>\n<meta property=\"article:modified_time\" content=\"2026-01-27T08:38:44+00:00\" \/>\n<meta name=\"twitter:card\" content=\"summary_large_image\" \/>\n<meta name=\"twitter:label1\" content=\"Est. reading time\" \/>\n\t<meta name=\"twitter:data1\" content=\"3 minutit\" \/>\n<script type=\"application\/ld+json\" class=\"yoast-schema-graph\">{\"@context\":\"https:\/\/schema.org\",\"@graph\":[{\"@type\":\"WebPage\",\"@id\":\"https:\/\/spaestonia.ee\/resort\/hotell\/estonia-resort-hotel-spa-kodukord\/\",\"url\":\"https:\/\/spaestonia.ee\/resort\/hotell\/estonia-resort-hotel-spa-kodukord\/\",\"name\":\"Hotelli KODUKORD - ESTONIA Resort Hotel Spa\",\"isPartOf\":{\"@id\":\"https:\/\/www.spaestonia.ee\/resort\/#website\"},\"datePublished\":\"2020-12-29T10:44:43+00:00\",\"dateModified\":\"2026-01-27T08:38:44+00:00\",\"breadcrumb\":{\"@id\":\"https:\/\/spaestonia.ee\/resort\/hotell\/estonia-resort-hotel-spa-kodukord\/#breadcrumb\"},\"inLanguage\":\"et\",\"potentialAction\":[{\"@type\":\"ReadAction\",\"target\":[\"https:\/\/spaestonia.ee\/resort\/hotell\/estonia-resort-hotel-spa-kodukord\/\"]}]},{\"@type\":\"BreadcrumbList\",\"@id\":\"https:\/\/spaestonia.ee\/resort\/hotell\/estonia-resort-hotel-spa-kodukord\/#breadcrumb\",\"itemListElement\":[{\"@type\":\"ListItem\",\"position\":1,\"name\":\"Home\",\"item\":\"https:\/\/www.spaestonia.ee\/resort\/\"},{\"@type\":\"ListItem\",\"position\":2,\"name\":\"ESTONIA Resort Hotel &#038; Spa &#8211; spaa- ja konverentsihotell P\u00e4rnus\",\"item\":\"https:\/\/www.spaestonia.ee\/resort\/hotell\/\"},{\"@type\":\"ListItem\",\"position\":3,\"name\":\"Hotelli KODUKORD\"}]},{\"@type\":\"WebSite\",\"@id\":\"https:\/\/www.spaestonia.ee\/resort\/#website\",\"url\":\"https:\/\/www.spaestonia.ee\/resort\/\",\"name\":\"ESTONIA Resort Hotel Spa\",\"description\":\"Your destination in P\u00e4rnu for wellness and events\",\"publisher\":{\"@id\":\"https:\/\/www.spaestonia.ee\/resort\/#organization\"},\"potentialAction\":[{\"@type\":\"SearchAction\",\"target\":{\"@type\":\"EntryPoint\",\"urlTemplate\":\"https:\/\/www.spaestonia.ee\/resort\/?s={search_term_string}\"},\"query-input\":{\"@type\":\"PropertyValueSpecification\",\"valueRequired\":true,\"valueName\":\"search_term_string\"}}],\"inLanguage\":\"et\"},{\"@type\":\"Organization\",\"@id\":\"https:\/\/www.spaestonia.ee\/resort\/#organization\",\"name\":\"ESTONIA Resort Hotel Spa\",\"url\":\"https:\/\/www.spaestonia.ee\/resort\/\",\"logo\":{\"@type\":\"ImageObject\",\"inLanguage\":\"et\",\"@id\":\"https:\/\/www.spaestonia.ee\/resort\/#\/schema\/logo\/image\/\",\"url\":\"https:\/\/www.spaestonia.ee\/resort\/wp-content\/uploads\/2025\/02\/resort-hotel-estonia.png\",\"contentUrl\":\"https:\/\/www.spaestonia.ee\/resort\/wp-content\/uploads\/2025\/02\/resort-hotel-estonia.png\",\"width\":400,\"height\":173,\"caption\":\"ESTONIA Resort Hotel Spa\"},\"image\":{\"@id\":\"https:\/\/www.spaestonia.ee\/resort\/#\/schema\/logo\/image\/\"},\"sameAs\":[\"https:\/\/www.facebook.com\/EstoniaResortHotel\"]}]}<\/script>\n<!-- \/ Yoast SEO plugin. -->","yoast_head_json":{"title":"Hotelli KODUKORD - ESTONIA Resort Hotel Spa","robots":{"index":"index","follow":"follow","max-snippet":"max-snippet:-1","max-image-preview":"max-image-preview:large","max-video-preview":"max-video-preview:-1"},"canonical":"https:\/\/spaestonia.ee\/resort\/hotell\/estonia-resort-hotel-spa-kodukord\/","og_locale":"et_EE","og_type":"article","og_title":"Hotelli KODUKORD - ESTONIA Resort Hotel Spa","og_description":"Check in: Hotelli saabumine on alates kell 15:00. Varasem sisseregistreerimine on v\u00f5imalik eelneva kokkuleppe alusel.&hellip;","og_url":"https:\/\/spaestonia.ee\/resort\/hotell\/estonia-resort-hotel-spa-kodukord\/","og_site_name":"ESTONIA Resort Hotel Spa","article_publisher":"https:\/\/www.facebook.com\/EstoniaResortHotel","article_modified_time":"2026-01-27T08:38:44+00:00","twitter_card":"summary_large_image","twitter_misc":{"Est. reading time":"3 minutit"},"schema":{"@context":"https:\/\/schema.org","@graph":[{"@type":"WebPage","@id":"https:\/\/spaestonia.ee\/resort\/hotell\/estonia-resort-hotel-spa-kodukord\/","url":"https:\/\/spaestonia.ee\/resort\/hotell\/estonia-resort-hotel-spa-kodukord\/","name":"Hotelli KODUKORD - ESTONIA Resort Hotel Spa","isPartOf":{"@id":"https:\/\/www.spaestonia.ee\/resort\/#website"},"datePublished":"2020-12-29T10:44:43+00:00","dateModified":"2026-01-27T08:38:44+00:00","breadcrumb":{"@id":"https:\/\/spaestonia.ee\/resort\/hotell\/estonia-resort-hotel-spa-kodukord\/#breadcrumb"},"inLanguage":"et","potentialAction":[{"@type":"ReadAction","target":["https:\/\/spaestonia.ee\/resort\/hotell\/estonia-resort-hotel-spa-kodukord\/"]}]},{"@type":"BreadcrumbList","@id":"https:\/\/spaestonia.ee\/resort\/hotell\/estonia-resort-hotel-spa-kodukord\/#breadcrumb","itemListElement":[{"@type":"ListItem","position":1,"name":"Home","item":"https:\/\/www.spaestonia.ee\/resort\/"},{"@type":"ListItem","position":2,"name":"ESTONIA Resort Hotel &#038; Spa &#8211; spaa- ja konverentsihotell P\u00e4rnus","item":"https:\/\/www.spaestonia.ee\/resort\/hotell\/"},{"@type":"ListItem","position":3,"name":"Hotelli KODUKORD"}]},{"@type":"WebSite","@id":"https:\/\/www.spaestonia.ee\/resort\/#website","url":"https:\/\/www.spaestonia.ee\/resort\/","name":"ESTONIA Resort Hotel Spa","description":"Your destination in P\u00e4rnu for wellness and events","publisher":{"@id":"https:\/\/www.spaestonia.ee\/resort\/#organization"},"potentialAction":[{"@type":"SearchAction","target":{"@type":"EntryPoint","urlTemplate":"https:\/\/www.spaestonia.ee\/resort\/?s={search_term_string}"},"query-input":{"@type":"PropertyValueSpecification","valueRequired":true,"valueName":"search_term_string"}}],"inLanguage":"et"},{"@type":"Organization","@id":"https:\/\/www.spaestonia.ee\/resort\/#organization","name":"ESTONIA Resort Hotel Spa","url":"https:\/\/www.spaestonia.ee\/resort\/","logo":{"@type":"ImageObject","inLanguage":"et","@id":"https:\/\/www.spaestonia.ee\/resort\/#\/schema\/logo\/image\/","url":"https:\/\/www.spaestonia.ee\/resort\/wp-content\/uploads\/2025\/02\/resort-hotel-estonia.png","contentUrl":"https:\/\/www.spaestonia.ee\/resort\/wp-content\/uploads\/2025\/02\/resort-hotel-estonia.png","width":400,"height":173,"caption":"ESTONIA Resort Hotel Spa"},"image":{"@id":"https:\/\/www.spaestonia.ee\/resort\/#\/schema\/logo\/image\/"},"sameAs":["https:\/\/www.facebook.com\/EstoniaResortHotel"]}]}},"_links":{"self":[{"href":"https:\/\/spaestonia.ee\/resort\/wp-json\/wp\/v2\/pages\/28989","targetHints":{"allow":["GET"]}}],"collection":[{"href":"https:\/\/spaestonia.ee\/resort\/wp-json\/wp\/v2\/pages"}],"about":[{"href":"https:\/\/spaestonia.ee\/resort\/wp-json\/wp\/v2\/types\/page"}],"author":[{"embeddable":true,"href":"https:\/\/spaestonia.ee\/resort\/wp-json\/wp\/v2\/users\/14"}],"replies":[{"embeddable":true,"href":"https:\/\/spaestonia.ee\/resort\/wp-json\/wp\/v2\/comments?post=28989"}],"version-history":[{"count":7,"href":"https:\/\/spaestonia.ee\/resort\/wp-json\/wp\/v2\/pages\/28989\/revisions"}],"predecessor-version":[{"id":46192,"href":"https:\/\/spaestonia.ee\/resort\/wp-json\/wp\/v2\/pages\/28989\/revisions\/46192"}],"up":[{"embeddable":true,"href":"https:\/\/spaestonia.ee\/resort\/wp-json\/wp\/v2\/pages\/48"}],"wp:attachment":[{"href":"https:\/\/spaestonia.ee\/resort\/wp-json\/wp\/v2\/media?parent=28989"}],"curies":[{"name":"wp","href":"https:\/\/api.w.org\/{rel}","templated":true}]}}