{"id":29118,"date":"2021-01-15T11:49:52","date_gmt":"2021-01-15T09:49:52","guid":{"rendered":"http:\/\/www.spaestonia.ee\/resort\/?page_id=29118"},"modified":"2022-03-09T12:11:51","modified_gmt":"2022-03-09T10:11:51","slug":"spordiklubi-unibet-gym","status":"publish","type":"page","link":"https:\/\/spaestonia.ee\/resort\/hotell\/jousaal\/spordiklubi-unibet-gym\/","title":{"rendered":"Spordiklubi Unibet Gym"},"content":{"rendered":"<p>Spordiklubi Unibet Gym asub ESTONIA Resort Hotel &amp; Spa spaa- ja konverentsimaja II korrusel.<\/p>\n<ul>\n<li>J\u00f5usaal on automaatne, igal kliendil on personaalne kaart sissep\u00e4\u00e4suks.<\/li>\n<li>Avatud\u00a0iga p\u00e4ev kell 6.30-23.00 (hotellis majutujatele\u00a07.00-22.00).<\/li>\n<li>J\u00f5usaali perioodikaardi omanikele on SPA &amp; SAUN keskuse k\u00fclastus tavahinnast -50%<\/li>\n<\/ul>\n<p>T\u00e4psed tingimused leiab\u00a0Unibet Gym <a href=\"https:\/\/unibetgym.ee\/pood\/\" target=\"_blank\">kodulehelt<\/a>.<\/p>\n<p>&nbsp;<\/p>\n","protected":false},"excerpt":{"rendered":"<p>Spordiklubi Unibet Gym asub ESTONIA Resort Hotel &amp; Spa spaa- ja konverentsimaja II korrusel. J\u00f5usaal&hellip;<\/p>\n","protected":false},"author":14,"featured_media":0,"parent":16322,"menu_order":0,"comment_status":"closed","ping_status":"closed","template":"","meta":{"footnotes":""},"class_list":["post-29118","page","type-page","status-publish","hentry"],"yoast_head":"<!-- This site is optimized with the Yoast SEO plugin v26.7 - https:\/\/yoast.com\/wordpress\/plugins\/seo\/ -->\n<title>Spordiklubi Unibet Gym - ESTONIA Resort Hotel Spa<\/title>\n<meta name=\"robots\" content=\"index, follow, max-snippet:-1, max-image-preview:large, max-video-preview:-1\" \/>\n<link rel=\"canonical\" href=\"https:\/\/spaestonia.ee\/resort\/hotell\/jousaal\/spordiklubi-unibet-gym\/\" \/>\n<meta property=\"og:locale\" content=\"et_EE\" \/>\n<meta property=\"og:type\" content=\"article\" \/>\n<meta property=\"og:title\" content=\"Spordiklubi Unibet Gym - ESTONIA Resort Hotel Spa\" \/>\n<meta property=\"og:description\" content=\"Spordiklubi Unibet Gym asub ESTONIA Resort Hotel &amp; Spa spaa- ja konverentsimaja II korrusel. J\u00f5usaal&hellip;\" \/>\n<meta property=\"og:url\" content=\"https:\/\/spaestonia.ee\/resort\/hotell\/jousaal\/spordiklubi-unibet-gym\/\" \/>\n<meta property=\"og:site_name\" content=\"ESTONIA Resort Hotel Spa\" \/>\n<meta property=\"article:publisher\" content=\"https:\/\/www.facebook.com\/EstoniaResortHotel\" \/>\n<meta property=\"article:modified_time\" content=\"2022-03-09T10:11:51+00:00\" \/>\n<meta name=\"twitter:card\" content=\"summary_large_image\" \/>\n<script type=\"application\/ld+json\" class=\"yoast-schema-graph\">{\"@context\":\"https:\/\/schema.org\",\"@graph\":[{\"@type\":\"WebPage\",\"@id\":\"https:\/\/spaestonia.ee\/resort\/hotell\/jousaal\/spordiklubi-unibet-gym\/\",\"url\":\"https:\/\/spaestonia.ee\/resort\/hotell\/jousaal\/spordiklubi-unibet-gym\/\",\"name\":\"Spordiklubi Unibet Gym - ESTONIA Resort Hotel Spa\",\"isPartOf\":{\"@id\":\"https:\/\/www.spaestonia.ee\/resort\/#website\"},\"datePublished\":\"2021-01-15T09:49:52+00:00\",\"dateModified\":\"2022-03-09T10:11:51+00:00\",\"breadcrumb\":{\"@id\":\"https:\/\/spaestonia.ee\/resort\/hotell\/jousaal\/spordiklubi-unibet-gym\/#breadcrumb\"},\"inLanguage\":\"et\",\"potentialAction\":[{\"@type\":\"ReadAction\",\"target\":[\"https:\/\/spaestonia.ee\/resort\/hotell\/jousaal\/spordiklubi-unibet-gym\/\"]}]},{\"@type\":\"BreadcrumbList\",\"@id\":\"https:\/\/spaestonia.ee\/resort\/hotell\/jousaal\/spordiklubi-unibet-gym\/#breadcrumb\",\"itemListElement\":[{\"@type\":\"ListItem\",\"position\":1,\"name\":\"Home\",\"item\":\"https:\/\/www.spaestonia.ee\/resort\/\"},{\"@type\":\"ListItem\",\"position\":2,\"name\":\"ESTONIA Resort Hotel &#038; Spa &#8211; spaa- ja konverentsihotell P\u00e4rnus\",\"item\":\"https:\/\/www.spaestonia.ee\/resort\/hotell\/\"},{\"@type\":\"ListItem\",\"position\":3,\"name\":\"J\u00f5usaal\",\"item\":\"https:\/\/www.spaestonia.ee\/resort\/hotell\/jousaal\/\"},{\"@type\":\"ListItem\",\"position\":4,\"name\":\"Spordiklubi Unibet Gym\"}]},{\"@type\":\"WebSite\",\"@id\":\"https:\/\/www.spaestonia.ee\/resort\/#website\",\"url\":\"https:\/\/www.spaestonia.ee\/resort\/\",\"name\":\"ESTONIA Resort Hotel Spa\",\"description\":\"Your destination in P\u00e4rnu for wellness and events\",\"publisher\":{\"@id\":\"https:\/\/www.spaestonia.ee\/resort\/#organization\"},\"potentialAction\":[{\"@type\":\"SearchAction\",\"target\":{\"@type\":\"EntryPoint\",\"urlTemplate\":\"https:\/\/www.spaestonia.ee\/resort\/?s={search_term_string}\"},\"query-input\":{\"@type\":\"PropertyValueSpecification\",\"valueRequired\":true,\"valueName\":\"search_term_string\"}}],\"inLanguage\":\"et\"},{\"@type\":\"Organization\",\"@id\":\"https:\/\/www.spaestonia.ee\/resort\/#organization\",\"name\":\"ESTONIA Resort Hotel Spa\",\"url\":\"https:\/\/www.spaestonia.ee\/resort\/\",\"logo\":{\"@type\":\"ImageObject\",\"inLanguage\":\"et\",\"@id\":\"https:\/\/www.spaestonia.ee\/resort\/#\/schema\/logo\/image\/\",\"url\":\"https:\/\/www.spaestonia.ee\/resort\/wp-content\/uploads\/2025\/02\/resort-hotel-estonia.png\",\"contentUrl\":\"https:\/\/www.spaestonia.ee\/resort\/wp-content\/uploads\/2025\/02\/resort-hotel-estonia.png\",\"width\":400,\"height\":173,\"caption\":\"ESTONIA Resort Hotel Spa\"},\"image\":{\"@id\":\"https:\/\/www.spaestonia.ee\/resort\/#\/schema\/logo\/image\/\"},\"sameAs\":[\"https:\/\/www.facebook.com\/EstoniaResortHotel\"]}]}<\/script>\n<!-- \/ Yoast SEO plugin. -->","yoast_head_json":{"title":"Spordiklubi Unibet Gym - ESTONIA Resort Hotel Spa","robots":{"index":"index","follow":"follow","max-snippet":"max-snippet:-1","max-image-preview":"max-image-preview:large","max-video-preview":"max-video-preview:-1"},"canonical":"https:\/\/spaestonia.ee\/resort\/hotell\/jousaal\/spordiklubi-unibet-gym\/","og_locale":"et_EE","og_type":"article","og_title":"Spordiklubi Unibet Gym - ESTONIA Resort Hotel Spa","og_description":"Spordiklubi Unibet Gym asub ESTONIA Resort Hotel &amp; Spa spaa- ja konverentsimaja II korrusel. J\u00f5usaal&hellip;","og_url":"https:\/\/spaestonia.ee\/resort\/hotell\/jousaal\/spordiklubi-unibet-gym\/","og_site_name":"ESTONIA Resort Hotel Spa","article_publisher":"https:\/\/www.facebook.com\/EstoniaResortHotel","article_modified_time":"2022-03-09T10:11:51+00:00","twitter_card":"summary_large_image","schema":{"@context":"https:\/\/schema.org","@graph":[{"@type":"WebPage","@id":"https:\/\/spaestonia.ee\/resort\/hotell\/jousaal\/spordiklubi-unibet-gym\/","url":"https:\/\/spaestonia.ee\/resort\/hotell\/jousaal\/spordiklubi-unibet-gym\/","name":"Spordiklubi Unibet Gym - ESTONIA Resort Hotel Spa","isPartOf":{"@id":"https:\/\/www.spaestonia.ee\/resort\/#website"},"datePublished":"2021-01-15T09:49:52+00:00","dateModified":"2022-03-09T10:11:51+00:00","breadcrumb":{"@id":"https:\/\/spaestonia.ee\/resort\/hotell\/jousaal\/spordiklubi-unibet-gym\/#breadcrumb"},"inLanguage":"et","potentialAction":[{"@type":"ReadAction","target":["https:\/\/spaestonia.ee\/resort\/hotell\/jousaal\/spordiklubi-unibet-gym\/"]}]},{"@type":"BreadcrumbList","@id":"https:\/\/spaestonia.ee\/resort\/hotell\/jousaal\/spordiklubi-unibet-gym\/#breadcrumb","itemListElement":[{"@type":"ListItem","position":1,"name":"Home","item":"https:\/\/www.spaestonia.ee\/resort\/"},{"@type":"ListItem","position":2,"name":"ESTONIA Resort Hotel &#038; Spa &#8211; spaa- ja konverentsihotell P\u00e4rnus","item":"https:\/\/www.spaestonia.ee\/resort\/hotell\/"},{"@type":"ListItem","position":3,"name":"J\u00f5usaal","item":"https:\/\/www.spaestonia.ee\/resort\/hotell\/jousaal\/"},{"@type":"ListItem","position":4,"name":"Spordiklubi Unibet Gym"}]},{"@type":"WebSite","@id":"https:\/\/www.spaestonia.ee\/resort\/#website","url":"https:\/\/www.spaestonia.ee\/resort\/","name":"ESTONIA Resort Hotel Spa","description":"Your destination in P\u00e4rnu for wellness and events","publisher":{"@id":"https:\/\/www.spaestonia.ee\/resort\/#organization"},"potentialAction":[{"@type":"SearchAction","target":{"@type":"EntryPoint","urlTemplate":"https:\/\/www.spaestonia.ee\/resort\/?s={search_term_string}"},"query-input":{"@type":"PropertyValueSpecification","valueRequired":true,"valueName":"search_term_string"}}],"inLanguage":"et"},{"@type":"Organization","@id":"https:\/\/www.spaestonia.ee\/resort\/#organization","name":"ESTONIA Resort Hotel Spa","url":"https:\/\/www.spaestonia.ee\/resort\/","logo":{"@type":"ImageObject","inLanguage":"et","@id":"https:\/\/www.spaestonia.ee\/resort\/#\/schema\/logo\/image\/","url":"https:\/\/www.spaestonia.ee\/resort\/wp-content\/uploads\/2025\/02\/resort-hotel-estonia.png","contentUrl":"https:\/\/www.spaestonia.ee\/resort\/wp-content\/uploads\/2025\/02\/resort-hotel-estonia.png","width":400,"height":173,"caption":"ESTONIA Resort Hotel Spa"},"image":{"@id":"https:\/\/www.spaestonia.ee\/resort\/#\/schema\/logo\/image\/"},"sameAs":["https:\/\/www.facebook.com\/EstoniaResortHotel"]}]}},"_links":{"self":[{"href":"https:\/\/spaestonia.ee\/resort\/wp-json\/wp\/v2\/pages\/29118","targetHints":{"allow":["GET"]}}],"collection":[{"href":"https:\/\/spaestonia.ee\/resort\/wp-json\/wp\/v2\/pages"}],"about":[{"href":"https:\/\/spaestonia.ee\/resort\/wp-json\/wp\/v2\/types\/page"}],"author":[{"embeddable":true,"href":"https:\/\/spaestonia.ee\/resort\/wp-json\/wp\/v2\/users\/14"}],"replies":[{"embeddable":true,"href":"https:\/\/spaestonia.ee\/resort\/wp-json\/wp\/v2\/comments?post=29118"}],"version-history":[{"count":22,"href":"https:\/\/spaestonia.ee\/resort\/wp-json\/wp\/v2\/pages\/29118\/revisions"}],"predecessor-version":[{"id":34800,"href":"https:\/\/spaestonia.ee\/resort\/wp-json\/wp\/v2\/pages\/29118\/revisions\/34800"}],"up":[{"embeddable":true,"href":"https:\/\/spaestonia.ee\/resort\/wp-json\/wp\/v2\/pages\/16322"}],"wp:attachment":[{"href":"https:\/\/spaestonia.ee\/resort\/wp-json\/wp\/v2\/media?parent=29118"}],"curies":[{"name":"wp","href":"https:\/\/api.w.org\/{rel}","templated":true}]}}