{"id":3101,"date":"2015-07-28T20:22:39","date_gmt":"2015-07-28T17:22:39","guid":{"rendered":"https:\/\/www.spaestonia.ee\/resort\/?page_id=3101"},"modified":"2025-12-18T11:32:02","modified_gmt":"2025-12-18T09:32:02","slug":"hoolduspaevad","status":"publish","type":"page","link":"https:\/\/spaestonia.ee\/resort\/spaa-ja-saunakeskus\/hoolduspaevad\/","title":{"rendered":"Hooldusp\u00e4evad"},"content":{"rendered":"<p>SPA &amp; SAUN keskuses on iga kuu \u00fcks hooldusp\u00e4ev.<br \/>\nHooldusp\u00e4eval avatakse spaa- ja saunakeskus k\u00fclastajatele <strong>kell 17.00.<\/strong><\/p>\n<p><strong>Hooldusp\u00e4evad 2026:<\/strong><\/p>\n<ul>\n<li data-start=\"62\" data-end=\"161\">5. jaanuar<\/li>\n<li data-start=\"62\" data-end=\"161\">2. veebruar<\/li>\n<li data-start=\"62\" data-end=\"161\">2. m\u00e4rts<\/li>\n<li data-start=\"62\" data-end=\"161\">30. m\u00e4rts<\/li>\n<li data-start=\"62\" data-end=\"161\">27. aprill<\/li>\n<li data-start=\"62\" data-end=\"161\">1. juuni<\/li>\n<li data-start=\"62\" data-end=\"161\">6.-7. juuli (6.07 suletud terve p\u00e4ev)<\/li>\n<li data-start=\"62\" data-end=\"161\">3. august<\/li>\n<li data-start=\"62\" data-end=\"161\">7. september<\/li>\n<li data-start=\"62\" data-end=\"161\">5. oktoober<\/li>\n<li data-start=\"62\" data-end=\"161\">2. november<\/li>\n<li data-start=\"62\" data-end=\"161\">7. detsember<\/li>\n<\/ul>\n<p><strong>Lisainfo<\/strong>: e-post\u00a0<a href=\"mailto:resort.spa@spaestonia.ee\">resort.spa@spaestonia.ee<\/a>, tel 440 1014<\/p>\n","protected":false},"excerpt":{"rendered":"<p>SPA &amp; SAUN keskuses on iga kuu \u00fcks hooldusp\u00e4ev. Hooldusp\u00e4eval avatakse spaa- ja saunakeskus k\u00fclastajatele&hellip;<\/p>\n","protected":false},"author":1,"featured_media":0,"parent":351,"menu_order":0,"comment_status":"closed","ping_status":"open","template":"","meta":{"footnotes":""},"class_list":["post-3101","page","type-page","status-publish","hentry"],"yoast_head":"<!-- This site is optimized with the Yoast SEO plugin v26.7 - https:\/\/yoast.com\/wordpress\/plugins\/seo\/ -->\n<title>Hooldusp\u00e4evad - ESTONIA Resort Hotel Spa<\/title>\n<meta name=\"robots\" content=\"index, follow, max-snippet:-1, max-image-preview:large, max-video-preview:-1\" \/>\n<link rel=\"canonical\" href=\"https:\/\/spaestonia.ee\/resort\/spaa-ja-saunakeskus\/hoolduspaevad\/\" \/>\n<meta property=\"og:locale\" content=\"et_EE\" \/>\n<meta property=\"og:type\" content=\"article\" \/>\n<meta property=\"og:title\" content=\"Hooldusp\u00e4evad - ESTONIA Resort Hotel Spa\" \/>\n<meta property=\"og:description\" content=\"SPA &amp; SAUN keskuses on iga kuu \u00fcks hooldusp\u00e4ev. Hooldusp\u00e4eval avatakse spaa- ja saunakeskus k\u00fclastajatele&hellip;\" \/>\n<meta property=\"og:url\" content=\"https:\/\/spaestonia.ee\/resort\/spaa-ja-saunakeskus\/hoolduspaevad\/\" \/>\n<meta property=\"og:site_name\" content=\"ESTONIA Resort Hotel Spa\" \/>\n<meta property=\"article:publisher\" content=\"https:\/\/www.facebook.com\/EstoniaResortHotel\" \/>\n<meta property=\"article:modified_time\" content=\"2025-12-18T09:32:02+00:00\" \/>\n<meta name=\"twitter:card\" content=\"summary_large_image\" \/>\n<meta name=\"twitter:label1\" content=\"Est. reading time\" \/>\n\t<meta name=\"twitter:data1\" content=\"1 minut\" \/>\n<script type=\"application\/ld+json\" class=\"yoast-schema-graph\">{\"@context\":\"https:\/\/schema.org\",\"@graph\":[{\"@type\":\"WebPage\",\"@id\":\"https:\/\/spaestonia.ee\/resort\/spaa-ja-saunakeskus\/hoolduspaevad\/\",\"url\":\"https:\/\/spaestonia.ee\/resort\/spaa-ja-saunakeskus\/hoolduspaevad\/\",\"name\":\"Hooldusp\u00e4evad - ESTONIA Resort Hotel Spa\",\"isPartOf\":{\"@id\":\"https:\/\/www.spaestonia.ee\/resort\/#website\"},\"datePublished\":\"2015-07-28T17:22:39+00:00\",\"dateModified\":\"2025-12-18T09:32:02+00:00\",\"breadcrumb\":{\"@id\":\"https:\/\/spaestonia.ee\/resort\/spaa-ja-saunakeskus\/hoolduspaevad\/#breadcrumb\"},\"inLanguage\":\"et\",\"potentialAction\":[{\"@type\":\"ReadAction\",\"target\":[\"https:\/\/spaestonia.ee\/resort\/spaa-ja-saunakeskus\/hoolduspaevad\/\"]}]},{\"@type\":\"BreadcrumbList\",\"@id\":\"https:\/\/spaestonia.ee\/resort\/spaa-ja-saunakeskus\/hoolduspaevad\/#breadcrumb\",\"itemListElement\":[{\"@type\":\"ListItem\",\"position\":1,\"name\":\"Home\",\"item\":\"https:\/\/www.spaestonia.ee\/resort\/\"},{\"@type\":\"ListItem\",\"position\":2,\"name\":\"SPA &#038; SAUN ja spaahoolitsused\",\"item\":\"https:\/\/www.spaestonia.ee\/resort\/spaa-ja-saunakeskus\/\"},{\"@type\":\"ListItem\",\"position\":3,\"name\":\"Hooldusp\u00e4evad\"}]},{\"@type\":\"WebSite\",\"@id\":\"https:\/\/www.spaestonia.ee\/resort\/#website\",\"url\":\"https:\/\/www.spaestonia.ee\/resort\/\",\"name\":\"ESTONIA Resort Hotel Spa\",\"description\":\"Your destination in P\u00e4rnu for wellness and events\",\"publisher\":{\"@id\":\"https:\/\/www.spaestonia.ee\/resort\/#organization\"},\"potentialAction\":[{\"@type\":\"SearchAction\",\"target\":{\"@type\":\"EntryPoint\",\"urlTemplate\":\"https:\/\/www.spaestonia.ee\/resort\/?s={search_term_string}\"},\"query-input\":{\"@type\":\"PropertyValueSpecification\",\"valueRequired\":true,\"valueName\":\"search_term_string\"}}],\"inLanguage\":\"et\"},{\"@type\":\"Organization\",\"@id\":\"https:\/\/www.spaestonia.ee\/resort\/#organization\",\"name\":\"ESTONIA Resort Hotel Spa\",\"url\":\"https:\/\/www.spaestonia.ee\/resort\/\",\"logo\":{\"@type\":\"ImageObject\",\"inLanguage\":\"et\",\"@id\":\"https:\/\/www.spaestonia.ee\/resort\/#\/schema\/logo\/image\/\",\"url\":\"https:\/\/www.spaestonia.ee\/resort\/wp-content\/uploads\/2025\/02\/resort-hotel-estonia.png\",\"contentUrl\":\"https:\/\/www.spaestonia.ee\/resort\/wp-content\/uploads\/2025\/02\/resort-hotel-estonia.png\",\"width\":400,\"height\":173,\"caption\":\"ESTONIA Resort Hotel Spa\"},\"image\":{\"@id\":\"https:\/\/www.spaestonia.ee\/resort\/#\/schema\/logo\/image\/\"},\"sameAs\":[\"https:\/\/www.facebook.com\/EstoniaResortHotel\"]}]}<\/script>\n<!-- \/ Yoast SEO plugin. -->","yoast_head_json":{"title":"Hooldusp\u00e4evad - ESTONIA Resort Hotel Spa","robots":{"index":"index","follow":"follow","max-snippet":"max-snippet:-1","max-image-preview":"max-image-preview:large","max-video-preview":"max-video-preview:-1"},"canonical":"https:\/\/spaestonia.ee\/resort\/spaa-ja-saunakeskus\/hoolduspaevad\/","og_locale":"et_EE","og_type":"article","og_title":"Hooldusp\u00e4evad - ESTONIA Resort Hotel Spa","og_description":"SPA &amp; SAUN keskuses on iga kuu \u00fcks hooldusp\u00e4ev. Hooldusp\u00e4eval avatakse spaa- ja saunakeskus k\u00fclastajatele&hellip;","og_url":"https:\/\/spaestonia.ee\/resort\/spaa-ja-saunakeskus\/hoolduspaevad\/","og_site_name":"ESTONIA Resort Hotel Spa","article_publisher":"https:\/\/www.facebook.com\/EstoniaResortHotel","article_modified_time":"2025-12-18T09:32:02+00:00","twitter_card":"summary_large_image","twitter_misc":{"Est. reading time":"1 minut"},"schema":{"@context":"https:\/\/schema.org","@graph":[{"@type":"WebPage","@id":"https:\/\/spaestonia.ee\/resort\/spaa-ja-saunakeskus\/hoolduspaevad\/","url":"https:\/\/spaestonia.ee\/resort\/spaa-ja-saunakeskus\/hoolduspaevad\/","name":"Hooldusp\u00e4evad - ESTONIA Resort Hotel Spa","isPartOf":{"@id":"https:\/\/www.spaestonia.ee\/resort\/#website"},"datePublished":"2015-07-28T17:22:39+00:00","dateModified":"2025-12-18T09:32:02+00:00","breadcrumb":{"@id":"https:\/\/spaestonia.ee\/resort\/spaa-ja-saunakeskus\/hoolduspaevad\/#breadcrumb"},"inLanguage":"et","potentialAction":[{"@type":"ReadAction","target":["https:\/\/spaestonia.ee\/resort\/spaa-ja-saunakeskus\/hoolduspaevad\/"]}]},{"@type":"BreadcrumbList","@id":"https:\/\/spaestonia.ee\/resort\/spaa-ja-saunakeskus\/hoolduspaevad\/#breadcrumb","itemListElement":[{"@type":"ListItem","position":1,"name":"Home","item":"https:\/\/www.spaestonia.ee\/resort\/"},{"@type":"ListItem","position":2,"name":"SPA &#038; SAUN ja spaahoolitsused","item":"https:\/\/www.spaestonia.ee\/resort\/spaa-ja-saunakeskus\/"},{"@type":"ListItem","position":3,"name":"Hooldusp\u00e4evad"}]},{"@type":"WebSite","@id":"https:\/\/www.spaestonia.ee\/resort\/#website","url":"https:\/\/www.spaestonia.ee\/resort\/","name":"ESTONIA Resort Hotel Spa","description":"Your destination in P\u00e4rnu for wellness and events","publisher":{"@id":"https:\/\/www.spaestonia.ee\/resort\/#organization"},"potentialAction":[{"@type":"SearchAction","target":{"@type":"EntryPoint","urlTemplate":"https:\/\/www.spaestonia.ee\/resort\/?s={search_term_string}"},"query-input":{"@type":"PropertyValueSpecification","valueRequired":true,"valueName":"search_term_string"}}],"inLanguage":"et"},{"@type":"Organization","@id":"https:\/\/www.spaestonia.ee\/resort\/#organization","name":"ESTONIA Resort Hotel Spa","url":"https:\/\/www.spaestonia.ee\/resort\/","logo":{"@type":"ImageObject","inLanguage":"et","@id":"https:\/\/www.spaestonia.ee\/resort\/#\/schema\/logo\/image\/","url":"https:\/\/www.spaestonia.ee\/resort\/wp-content\/uploads\/2025\/02\/resort-hotel-estonia.png","contentUrl":"https:\/\/www.spaestonia.ee\/resort\/wp-content\/uploads\/2025\/02\/resort-hotel-estonia.png","width":400,"height":173,"caption":"ESTONIA Resort Hotel Spa"},"image":{"@id":"https:\/\/www.spaestonia.ee\/resort\/#\/schema\/logo\/image\/"},"sameAs":["https:\/\/www.facebook.com\/EstoniaResortHotel"]}]}},"_links":{"self":[{"href":"https:\/\/spaestonia.ee\/resort\/wp-json\/wp\/v2\/pages\/3101","targetHints":{"allow":["GET"]}}],"collection":[{"href":"https:\/\/spaestonia.ee\/resort\/wp-json\/wp\/v2\/pages"}],"about":[{"href":"https:\/\/spaestonia.ee\/resort\/wp-json\/wp\/v2\/types\/page"}],"author":[{"embeddable":true,"href":"https:\/\/spaestonia.ee\/resort\/wp-json\/wp\/v2\/users\/1"}],"replies":[{"embeddable":true,"href":"https:\/\/spaestonia.ee\/resort\/wp-json\/wp\/v2\/comments?post=3101"}],"version-history":[{"count":57,"href":"https:\/\/spaestonia.ee\/resort\/wp-json\/wp\/v2\/pages\/3101\/revisions"}],"predecessor-version":[{"id":45978,"href":"https:\/\/spaestonia.ee\/resort\/wp-json\/wp\/v2\/pages\/3101\/revisions\/45978"}],"up":[{"embeddable":true,"href":"https:\/\/spaestonia.ee\/resort\/wp-json\/wp\/v2\/pages\/351"}],"wp:attachment":[{"href":"https:\/\/spaestonia.ee\/resort\/wp-json\/wp\/v2\/media?parent=3101"}],"curies":[{"name":"wp","href":"https:\/\/api.w.org\/{rel}","templated":true}]}}