{"id":33229,"date":"2021-11-04T12:56:13","date_gmt":"2021-11-04T10:56:13","guid":{"rendered":"http:\/\/www.spaestonia.ee\/resort\/principles-of-using-cookies\/"},"modified":"2021-11-04T13:04:37","modified_gmt":"2021-11-04T11:04:37","slug":"kupsiste-kasutamise-pohimotted","status":"publish","type":"page","link":"https:\/\/spaestonia.ee\/resort\/kupsiste-kasutamise-pohimotted\/","title":{"rendered":"K\u00fcpsiste kasutamise p\u00f5him\u00f5tted"},"content":{"rendered":"<p>K\u00e4esolev veebileht kasutab k\u00fcpsiseid eesm\u00e4rgiga tagada selle mugavam ja isikup\u00e4rasem kasutamine. Kui j\u00e4tkate meie kodulehel kasutamist v\u00f5i sulgete k\u00fcpsiste teate, loeme, et olete n\u00f5ustunud k\u00fcpsiste kasutamisega. T\u00e4psema informatsiooni saamiseks kodulehel kasutatavate k\u00fcpsiste kohta, tutvuge meie k\u00fcpsiste kasutamise p\u00f5him\u00f5tetega.<\/p>\n<h3>Mis on k\u00fcpsis (inglise keeles cookie)?<\/h3>\n<ul>\n<li>K\u00fcpsis on tekstifail, mille saadavad ja salvestavad Kasutaja arvutisse veebilehed, mida kasutaja k\u00fclastab. K\u00fcpsis salvestatakse Kasutaja veebilehitseja failikaustas. Juhul kui Kasutaja on veebilehte varem k\u00fclastanud, loeb veebilehitseja k\u00fcpsist ning edastab vastava teabe veebilehele v\u00f5i elemendile, mis k\u00fcpsise algul salvestas. Lisateave k\u00fcpsiste kohta on k\u00e4ttesaadav veebilehel\u00a0<a href=\"http:\/\/www.aki.ee\/et\/kupsised\" target=\"_blank\">http:\/\/www.aki.ee\/et\/kupsised<\/a>.<\/li>\n<li>K\u00fcpsised v\u00f5imaldavad j\u00e4lgida veebilehe kasutusstatistikat, rubriikide populaarsust ning muid veebilehel tehtavatest toiminguid. K\u00fcpsisest saadavat teavet kasutatakse veebilehe kasutusmugavuse ja sisu parandamise eesm\u00e4rgil.<\/li>\n<\/ul>\n<h3>K\u00fcpsiste kasutamine<\/h3>\n<ul>\n<li>K\u00fcpsiste kasutamise eesm\u00e4rk on hinnata ja j\u00e4lgida ESTONIA Resort Hotel &amp; Spa veebilehe kasutatavust, eesm\u00e4rgiga parendada kodulehe kasutusmugavust ja sisu tulenevalt Kasutajate eelistustest.<\/li>\n<li>ESTONIA Resort Hotel &amp; Spa domeen v\u00f5ib muuhulgas sisaldada elementi, mis salvestab k\u00fcpsiseid kolmandate isikute nimel.<\/li>\n<\/ul>\n<h3>Veebilehel kasutatavate k\u00fcpsiste t\u00fc\u00fcbid<\/h3>\n<ul>\n<li>Oma p\u00f5hiolemuselt jagunevad k\u00fcpsised kaheks: ajutised ehk seansik\u00fcpsised ja p\u00fcsik\u00fcpsised. Ajutised k\u00fcpsised kustutab seade p\u00e4rast veebilehitseja sulgemist. P\u00fcsik\u00fcpsised salvestuvad Kasutaja seadmesse p\u00e4rast veebilehitseja sulgemist.<\/li>\n<li>K\u00fcpsiste kuuluvuse j\u00e4rgi jagatakse k\u00fcpsised: autori ehk esimese osapoole k\u00fcpsised ja kolmandate osapoolte k\u00fcpsised. Autori k\u00fcpsiste abil salvestame teavet, mida taaskasutatakse j\u00e4rgmisel korral, kui Te peaksite meie kodulehte uuesti k\u00fclastama. Kolmandad osapooled on isikud, keda me kasutame oma teenuste osutamisel (nt Google, Facebook jt) ja nende k\u00fcpsiste abil kogutakse nt teavet kodulehe statistika ja reklaamide osas, sh ei oma me kontrolli kolmandate osapoolte poolt kasutatavate k\u00fcpsiste \u00fcle, mis toimub l\u00e4htuvalt kolmandate poolte endi k\u00fcpsiste kasutamise poliitikatest.<\/li>\n<li>Spetsiifiliselt jagatakse k\u00fcpsised veel: tehnilised k\u00fcpsised, anal\u00fc\u00fctilised k\u00fcpsised, autentimise k\u00fcpsised, reklaamik\u00fcpsised, multimeedia esitamiseks kasutatavad k\u00fcpsised.<\/li>\n<\/ul>\n<p>J\u00e4tkates meie kodulehe kasutamist, loeme, et oled andnud meile n\u00f5usoleku k\u00fcpsiste kasutamiseks, olete tutvunud meie k\u00fcpsiste kasutamise p\u00f5him\u00f5tetega ja nendega n\u00f5ustunud. J\u00e4tame endale vajadusel \u00f5iguse k\u00fcpsiste kasutamise p\u00f5him\u00f5tteid \u00fchepoolselt muuta. Meie kodulehte kasutades kontrolli k\u00e4esoleva lehek\u00fclje sisu, tutvumaks K\u00fcpsiste kasutamise p\u00f5him\u00f5tete uuenduste ja muudatustega.<\/p>\n<h3>K\u00fcpsistest keeldumine<\/h3>\n<ul>\n<li>Kasutajal on \u00f5igus keelduda k\u00fcpsiste salvestamisest arvutisse. Vastava soovi korral peab Tellija muutma oma veebilehitseja seadeid.<\/li>\n<li>Eri t\u00fc\u00fcpi veebilehitsejad kasutavad k\u00fcpsiste keelamiseks erinevaid meetodeid. T\u00e4psem informatsioon on kuvatud veebilehel\u00a0<a href=\"http:\/\/www.aki.ee\/et\/kupsised\" target=\"_blank\">http:\/\/www.aki.ee\/et\/kupsised<\/a>\u00a0v\u00f5i inglisekeelsel lehel\u00a0<a href=\"http:\/\/www.allaboutcookies.org\/\" target=\"_blank\">http:\/\/www.allaboutcookies.org\/<\/a>.<\/li>\n<li>K\u00fcpsiste blokeerimisel peab Kasutaja arvestama, et k\u00f5ik veebilehe funktsioonid ei pruugi p\u00e4rast k\u00fcpsiste blokeerimist enam Kasutajale k\u00e4ttesaadavad olla.<\/li>\n<\/ul>\n<h1><\/h1>\n<h1><\/h1>\n<h1><\/h1>\n<h1><\/h1>\n<h1><\/h1>\n<h1><\/h1>\n<h1><\/h1>\n<h1><\/h1>\n<h1><\/h1>\n","protected":false},"excerpt":{"rendered":"<p>K\u00e4esolev veebileht kasutab k\u00fcpsiseid eesm\u00e4rgiga tagada selle mugavam ja isikup\u00e4rasem kasutamine. Kui j\u00e4tkate meie kodulehel&hellip;<\/p>\n","protected":false},"author":18,"featured_media":0,"parent":0,"menu_order":0,"comment_status":"closed","ping_status":"closed","template":"","meta":{"footnotes":""},"class_list":["post-33229","page","type-page","status-publish","hentry"],"yoast_head":"<!-- This site is optimized with the Yoast SEO plugin v26.7 - https:\/\/yoast.com\/wordpress\/plugins\/seo\/ -->\n<title>K\u00fcpsiste kasutamise p\u00f5him\u00f5tted - ESTONIA Resort Hotel Spa<\/title>\n<meta name=\"robots\" content=\"index, follow, max-snippet:-1, max-image-preview:large, max-video-preview:-1\" \/>\n<link rel=\"canonical\" href=\"https:\/\/spaestonia.ee\/resort\/kupsiste-kasutamise-pohimotted\/\" \/>\n<meta property=\"og:locale\" content=\"et_EE\" \/>\n<meta property=\"og:type\" content=\"article\" \/>\n<meta property=\"og:title\" content=\"K\u00fcpsiste kasutamise p\u00f5him\u00f5tted - ESTONIA Resort Hotel Spa\" \/>\n<meta property=\"og:description\" content=\"K\u00e4esolev veebileht kasutab k\u00fcpsiseid eesm\u00e4rgiga tagada selle mugavam ja isikup\u00e4rasem kasutamine. Kui j\u00e4tkate meie kodulehel&hellip;\" \/>\n<meta property=\"og:url\" content=\"https:\/\/spaestonia.ee\/resort\/kupsiste-kasutamise-pohimotted\/\" \/>\n<meta property=\"og:site_name\" content=\"ESTONIA Resort Hotel Spa\" \/>\n<meta property=\"article:publisher\" content=\"https:\/\/www.facebook.com\/EstoniaResortHotel\" \/>\n<meta property=\"article:modified_time\" content=\"2021-11-04T11:04:37+00:00\" \/>\n<meta name=\"twitter:card\" content=\"summary_large_image\" \/>\n<meta name=\"twitter:label1\" content=\"Est. reading time\" \/>\n\t<meta name=\"twitter:data1\" content=\"2 minutit\" \/>\n<script type=\"application\/ld+json\" class=\"yoast-schema-graph\">{\"@context\":\"https:\/\/schema.org\",\"@graph\":[{\"@type\":\"WebPage\",\"@id\":\"https:\/\/spaestonia.ee\/resort\/kupsiste-kasutamise-pohimotted\/\",\"url\":\"https:\/\/spaestonia.ee\/resort\/kupsiste-kasutamise-pohimotted\/\",\"name\":\"K\u00fcpsiste kasutamise p\u00f5him\u00f5tted - ESTONIA Resort Hotel Spa\",\"isPartOf\":{\"@id\":\"https:\/\/www.spaestonia.ee\/resort\/#website\"},\"datePublished\":\"2021-11-04T10:56:13+00:00\",\"dateModified\":\"2021-11-04T11:04:37+00:00\",\"breadcrumb\":{\"@id\":\"https:\/\/spaestonia.ee\/resort\/kupsiste-kasutamise-pohimotted\/#breadcrumb\"},\"inLanguage\":\"et\",\"potentialAction\":[{\"@type\":\"ReadAction\",\"target\":[\"https:\/\/spaestonia.ee\/resort\/kupsiste-kasutamise-pohimotted\/\"]}]},{\"@type\":\"BreadcrumbList\",\"@id\":\"https:\/\/spaestonia.ee\/resort\/kupsiste-kasutamise-pohimotted\/#breadcrumb\",\"itemListElement\":[{\"@type\":\"ListItem\",\"position\":1,\"name\":\"Home\",\"item\":\"https:\/\/www.spaestonia.ee\/resort\/\"},{\"@type\":\"ListItem\",\"position\":2,\"name\":\"K\u00fcpsiste kasutamise p\u00f5him\u00f5tted\"}]},{\"@type\":\"WebSite\",\"@id\":\"https:\/\/www.spaestonia.ee\/resort\/#website\",\"url\":\"https:\/\/www.spaestonia.ee\/resort\/\",\"name\":\"ESTONIA Resort Hotel Spa\",\"description\":\"Your destination in P\u00e4rnu for wellness and events\",\"publisher\":{\"@id\":\"https:\/\/www.spaestonia.ee\/resort\/#organization\"},\"potentialAction\":[{\"@type\":\"SearchAction\",\"target\":{\"@type\":\"EntryPoint\",\"urlTemplate\":\"https:\/\/www.spaestonia.ee\/resort\/?s={search_term_string}\"},\"query-input\":{\"@type\":\"PropertyValueSpecification\",\"valueRequired\":true,\"valueName\":\"search_term_string\"}}],\"inLanguage\":\"et\"},{\"@type\":\"Organization\",\"@id\":\"https:\/\/www.spaestonia.ee\/resort\/#organization\",\"name\":\"ESTONIA Resort Hotel Spa\",\"url\":\"https:\/\/www.spaestonia.ee\/resort\/\",\"logo\":{\"@type\":\"ImageObject\",\"inLanguage\":\"et\",\"@id\":\"https:\/\/www.spaestonia.ee\/resort\/#\/schema\/logo\/image\/\",\"url\":\"https:\/\/www.spaestonia.ee\/resort\/wp-content\/uploads\/2025\/02\/resort-hotel-estonia.png\",\"contentUrl\":\"https:\/\/www.spaestonia.ee\/resort\/wp-content\/uploads\/2025\/02\/resort-hotel-estonia.png\",\"width\":400,\"height\":173,\"caption\":\"ESTONIA Resort Hotel Spa\"},\"image\":{\"@id\":\"https:\/\/www.spaestonia.ee\/resort\/#\/schema\/logo\/image\/\"},\"sameAs\":[\"https:\/\/www.facebook.com\/EstoniaResortHotel\"]}]}<\/script>\n<!-- \/ Yoast SEO plugin. -->","yoast_head_json":{"title":"K\u00fcpsiste kasutamise p\u00f5him\u00f5tted - ESTONIA Resort Hotel Spa","robots":{"index":"index","follow":"follow","max-snippet":"max-snippet:-1","max-image-preview":"max-image-preview:large","max-video-preview":"max-video-preview:-1"},"canonical":"https:\/\/spaestonia.ee\/resort\/kupsiste-kasutamise-pohimotted\/","og_locale":"et_EE","og_type":"article","og_title":"K\u00fcpsiste kasutamise p\u00f5him\u00f5tted - ESTONIA Resort Hotel Spa","og_description":"K\u00e4esolev veebileht kasutab k\u00fcpsiseid eesm\u00e4rgiga tagada selle mugavam ja isikup\u00e4rasem kasutamine. Kui j\u00e4tkate meie kodulehel&hellip;","og_url":"https:\/\/spaestonia.ee\/resort\/kupsiste-kasutamise-pohimotted\/","og_site_name":"ESTONIA Resort Hotel Spa","article_publisher":"https:\/\/www.facebook.com\/EstoniaResortHotel","article_modified_time":"2021-11-04T11:04:37+00:00","twitter_card":"summary_large_image","twitter_misc":{"Est. reading time":"2 minutit"},"schema":{"@context":"https:\/\/schema.org","@graph":[{"@type":"WebPage","@id":"https:\/\/spaestonia.ee\/resort\/kupsiste-kasutamise-pohimotted\/","url":"https:\/\/spaestonia.ee\/resort\/kupsiste-kasutamise-pohimotted\/","name":"K\u00fcpsiste kasutamise p\u00f5him\u00f5tted - ESTONIA Resort Hotel Spa","isPartOf":{"@id":"https:\/\/www.spaestonia.ee\/resort\/#website"},"datePublished":"2021-11-04T10:56:13+00:00","dateModified":"2021-11-04T11:04:37+00:00","breadcrumb":{"@id":"https:\/\/spaestonia.ee\/resort\/kupsiste-kasutamise-pohimotted\/#breadcrumb"},"inLanguage":"et","potentialAction":[{"@type":"ReadAction","target":["https:\/\/spaestonia.ee\/resort\/kupsiste-kasutamise-pohimotted\/"]}]},{"@type":"BreadcrumbList","@id":"https:\/\/spaestonia.ee\/resort\/kupsiste-kasutamise-pohimotted\/#breadcrumb","itemListElement":[{"@type":"ListItem","position":1,"name":"Home","item":"https:\/\/www.spaestonia.ee\/resort\/"},{"@type":"ListItem","position":2,"name":"K\u00fcpsiste kasutamise p\u00f5him\u00f5tted"}]},{"@type":"WebSite","@id":"https:\/\/www.spaestonia.ee\/resort\/#website","url":"https:\/\/www.spaestonia.ee\/resort\/","name":"ESTONIA Resort Hotel Spa","description":"Your destination in P\u00e4rnu for wellness and events","publisher":{"@id":"https:\/\/www.spaestonia.ee\/resort\/#organization"},"potentialAction":[{"@type":"SearchAction","target":{"@type":"EntryPoint","urlTemplate":"https:\/\/www.spaestonia.ee\/resort\/?s={search_term_string}"},"query-input":{"@type":"PropertyValueSpecification","valueRequired":true,"valueName":"search_term_string"}}],"inLanguage":"et"},{"@type":"Organization","@id":"https:\/\/www.spaestonia.ee\/resort\/#organization","name":"ESTONIA Resort Hotel Spa","url":"https:\/\/www.spaestonia.ee\/resort\/","logo":{"@type":"ImageObject","inLanguage":"et","@id":"https:\/\/www.spaestonia.ee\/resort\/#\/schema\/logo\/image\/","url":"https:\/\/www.spaestonia.ee\/resort\/wp-content\/uploads\/2025\/02\/resort-hotel-estonia.png","contentUrl":"https:\/\/www.spaestonia.ee\/resort\/wp-content\/uploads\/2025\/02\/resort-hotel-estonia.png","width":400,"height":173,"caption":"ESTONIA Resort Hotel Spa"},"image":{"@id":"https:\/\/www.spaestonia.ee\/resort\/#\/schema\/logo\/image\/"},"sameAs":["https:\/\/www.facebook.com\/EstoniaResortHotel"]}]}},"_links":{"self":[{"href":"https:\/\/spaestonia.ee\/resort\/wp-json\/wp\/v2\/pages\/33229","targetHints":{"allow":["GET"]}}],"collection":[{"href":"https:\/\/spaestonia.ee\/resort\/wp-json\/wp\/v2\/pages"}],"about":[{"href":"https:\/\/spaestonia.ee\/resort\/wp-json\/wp\/v2\/types\/page"}],"author":[{"embeddable":true,"href":"https:\/\/spaestonia.ee\/resort\/wp-json\/wp\/v2\/users\/18"}],"replies":[{"embeddable":true,"href":"https:\/\/spaestonia.ee\/resort\/wp-json\/wp\/v2\/comments?post=33229"}],"version-history":[{"count":2,"href":"https:\/\/spaestonia.ee\/resort\/wp-json\/wp\/v2\/pages\/33229\/revisions"}],"predecessor-version":[{"id":33233,"href":"https:\/\/spaestonia.ee\/resort\/wp-json\/wp\/v2\/pages\/33229\/revisions\/33233"}],"wp:attachment":[{"href":"https:\/\/spaestonia.ee\/resort\/wp-json\/wp\/v2\/media?parent=33229"}],"curies":[{"name":"wp","href":"https:\/\/api.w.org\/{rel}","templated":true}]}}