{"id":351,"date":"2015-01-04T09:18:54","date_gmt":"2015-01-04T07:18:54","guid":{"rendered":"https:\/\/www.spaestonia.ee\/resort\/?page_id=351"},"modified":"2023-11-09T11:02:11","modified_gmt":"2023-11-09T09:02:11","slug":"spaa-ja-saunakeskus","status":"publish","type":"page","link":"https:\/\/spaestonia.ee\/resort\/spaa-ja-saunakeskus\/","title":{"rendered":"SPA &#038; SAUN ja spaahoolitsused"},"content":{"rendered":"<h2>Spaahoolitsused<\/h2>\n<p><img loading=\"lazy\" decoding=\"async\" class=\"size-medium wp-image-26666 alignright\" src=\"http:\/\/www.spaestonia.ee\/resort\/wp-content\/uploads\/2020\/03\/spaas_saravaks_1000x660-300x200.jpg\" alt=\"spaas_saravaks_1000x660\" width=\"300\" height=\"200\" srcset=\"https:\/\/spaestonia.ee\/resort\/wp-content\/uploads\/2020\/03\/spaas_saravaks_1000x660-300x200.jpg 300w, https:\/\/spaestonia.ee\/resort\/wp-content\/uploads\/2020\/03\/spaas_saravaks_1000x660-768x512.jpg 768w, https:\/\/spaestonia.ee\/resort\/wp-content\/uploads\/2020\/03\/spaas_saravaks_1000x660-837x557.jpg 837w, https:\/\/spaestonia.ee\/resort\/wp-content\/uploads\/2020\/03\/spaas_saravaks_1000x660.jpg 1000w\" sizes=\"auto, (max-width: 300px) 100vw, 300px\" \/><\/p>\n<ul>\n<li><strong>Ehe ja eestimaine<\/strong> &#8211; inspireeritud Eesti loodusest ja iidsete taimetarkade teadmistest. K\u00f5ik toimeained on valitud Eesti p\u00e4rimusmeditsiini spetsialistide poolt<\/li>\n<li>Eestimaiste spaahoolitsuste men\u00fc\u00fcsse lisavad s\u00e4rtsu ja v\u00fcrtsikust India spaakultuurist p\u00e4rinevad <strong>Sundari hoolitsused<\/strong>.<\/li>\n<li>Unikaalsena Eestis kutsume teid proovima soolakristallide hellitust spetsiaalsel <strong>soolalaual<\/strong>!<\/li>\n<\/ul>\n<p><a href=\"https:\/\/www.spaestonia.ee\/resort\/spaahoolitsused\/\">Loe l\u00e4hemalt \u00bb<\/a><\/p>\n<h2>Spaa- ja saunakeskus SPA &amp; SAUN<\/h2>\n<p><img loading=\"lazy\" decoding=\"async\" class=\"size-medium wp-image-25739 alignright\" src=\"http:\/\/www.spaestonia.ee\/resort\/wp-content\/uploads\/2015\/01\/resort-spaa-450-300-300x200.jpg\" alt=\"Spaakeskus\" width=\"300\" height=\"200\" srcset=\"https:\/\/spaestonia.ee\/resort\/wp-content\/uploads\/2015\/01\/resort-spaa-450-300-300x200.jpg 300w, https:\/\/spaestonia.ee\/resort\/wp-content\/uploads\/2015\/01\/resort-spaa-450-300.jpg 450w\" sizes=\"auto, (max-width: 300px) 100vw, 300px\" \/><\/p>\n<ul>\n<li>Kaheksa erinevat sauna ja privaatsaun KADAKA klubi<\/li>\n<li>V\u00e4literrass mullivannidega<\/li>\n<li>Suur bassein puhkealadega<\/li>\n<li>Surnumere bassein<\/li>\n<li>Spaabaar tervisliku kokteilivalikuga<\/li>\n<\/ul>\n<p><a title=\"Spaa- ja saunakeskus\" href=\"https:\/\/www.spaestonia.ee\/resort\/spaa-ja-saunakeskus\/saunakeskus\/\">Loe l\u00e4hemalt \u00bb<\/a><\/p>\n<p>Aadress: A.H. Tammsaare 6, P\u00e4rnu.<\/p>\n","protected":false},"excerpt":{"rendered":"<p>Spaahoolitsused Ehe ja eestimaine &#8211; inspireeritud Eesti loodusest ja iidsete taimetarkade teadmistest. K\u00f5ik toimeained on&hellip;<\/p>\n","protected":false},"author":1,"featured_media":0,"parent":0,"menu_order":0,"comment_status":"closed","ping_status":"open","template":"page-nobron_page.php","meta":{"footnotes":""},"class_list":["post-351","page","type-page","status-publish","hentry"],"yoast_head":"<!-- This site is optimized with the Yoast SEO plugin v26.7 - https:\/\/yoast.com\/wordpress\/plugins\/seo\/ -->\n<title>SPA &amp; SAUN ja spaahoolitsused - ESTONIA Resort Hotel Spa<\/title>\n<meta name=\"robots\" content=\"index, follow, max-snippet:-1, max-image-preview:large, max-video-preview:-1\" \/>\n<link rel=\"canonical\" href=\"https:\/\/spaestonia.ee\/resort\/spaa-ja-saunakeskus\/\" \/>\n<meta property=\"og:locale\" content=\"et_EE\" \/>\n<meta property=\"og:type\" content=\"article\" \/>\n<meta property=\"og:title\" content=\"SPA &amp; SAUN ja spaahoolitsused - ESTONIA Resort Hotel Spa\" \/>\n<meta property=\"og:description\" content=\"Spaahoolitsused Ehe ja eestimaine &#8211; inspireeritud Eesti loodusest ja iidsete taimetarkade teadmistest. K\u00f5ik toimeained on&hellip;\" \/>\n<meta property=\"og:url\" content=\"https:\/\/spaestonia.ee\/resort\/spaa-ja-saunakeskus\/\" \/>\n<meta property=\"og:site_name\" content=\"ESTONIA Resort Hotel Spa\" \/>\n<meta property=\"article:publisher\" content=\"https:\/\/www.facebook.com\/EstoniaResortHotel\" \/>\n<meta property=\"article:modified_time\" content=\"2023-11-09T09:02:11+00:00\" \/>\n<meta property=\"og:image\" content=\"http:\/\/www.spaestonia.ee\/resort\/wp-content\/uploads\/2020\/03\/spaas_saravaks_1000x660-300x200.jpg\" \/>\n<meta name=\"twitter:card\" content=\"summary_large_image\" \/>\n<script type=\"application\/ld+json\" class=\"yoast-schema-graph\">{\"@context\":\"https:\/\/schema.org\",\"@graph\":[{\"@type\":\"WebPage\",\"@id\":\"https:\/\/spaestonia.ee\/resort\/spaa-ja-saunakeskus\/\",\"url\":\"https:\/\/spaestonia.ee\/resort\/spaa-ja-saunakeskus\/\",\"name\":\"SPA & SAUN ja spaahoolitsused - ESTONIA Resort Hotel Spa\",\"isPartOf\":{\"@id\":\"https:\/\/www.spaestonia.ee\/resort\/#website\"},\"primaryImageOfPage\":{\"@id\":\"https:\/\/spaestonia.ee\/resort\/spaa-ja-saunakeskus\/#primaryimage\"},\"image\":{\"@id\":\"https:\/\/spaestonia.ee\/resort\/spaa-ja-saunakeskus\/#primaryimage\"},\"thumbnailUrl\":\"http:\/\/www.spaestonia.ee\/resort\/wp-content\/uploads\/2020\/03\/spaas_saravaks_1000x660-300x200.jpg\",\"datePublished\":\"2015-01-04T07:18:54+00:00\",\"dateModified\":\"2023-11-09T09:02:11+00:00\",\"breadcrumb\":{\"@id\":\"https:\/\/spaestonia.ee\/resort\/spaa-ja-saunakeskus\/#breadcrumb\"},\"inLanguage\":\"et\",\"potentialAction\":[{\"@type\":\"ReadAction\",\"target\":[\"https:\/\/spaestonia.ee\/resort\/spaa-ja-saunakeskus\/\"]}]},{\"@type\":\"ImageObject\",\"inLanguage\":\"et\",\"@id\":\"https:\/\/spaestonia.ee\/resort\/spaa-ja-saunakeskus\/#primaryimage\",\"url\":\"http:\/\/www.spaestonia.ee\/resort\/wp-content\/uploads\/2020\/03\/spaas_saravaks_1000x660-300x200.jpg\",\"contentUrl\":\"http:\/\/www.spaestonia.ee\/resort\/wp-content\/uploads\/2020\/03\/spaas_saravaks_1000x660-300x200.jpg\"},{\"@type\":\"BreadcrumbList\",\"@id\":\"https:\/\/spaestonia.ee\/resort\/spaa-ja-saunakeskus\/#breadcrumb\",\"itemListElement\":[{\"@type\":\"ListItem\",\"position\":1,\"name\":\"Home\",\"item\":\"https:\/\/www.spaestonia.ee\/resort\/\"},{\"@type\":\"ListItem\",\"position\":2,\"name\":\"SPA &#038; SAUN ja spaahoolitsused\"}]},{\"@type\":\"WebSite\",\"@id\":\"https:\/\/www.spaestonia.ee\/resort\/#website\",\"url\":\"https:\/\/www.spaestonia.ee\/resort\/\",\"name\":\"ESTONIA Resort Hotel Spa\",\"description\":\"Your destination in P\u00e4rnu for wellness and events\",\"publisher\":{\"@id\":\"https:\/\/www.spaestonia.ee\/resort\/#organization\"},\"potentialAction\":[{\"@type\":\"SearchAction\",\"target\":{\"@type\":\"EntryPoint\",\"urlTemplate\":\"https:\/\/www.spaestonia.ee\/resort\/?s={search_term_string}\"},\"query-input\":{\"@type\":\"PropertyValueSpecification\",\"valueRequired\":true,\"valueName\":\"search_term_string\"}}],\"inLanguage\":\"et\"},{\"@type\":\"Organization\",\"@id\":\"https:\/\/www.spaestonia.ee\/resort\/#organization\",\"name\":\"ESTONIA Resort Hotel Spa\",\"url\":\"https:\/\/www.spaestonia.ee\/resort\/\",\"logo\":{\"@type\":\"ImageObject\",\"inLanguage\":\"et\",\"@id\":\"https:\/\/www.spaestonia.ee\/resort\/#\/schema\/logo\/image\/\",\"url\":\"https:\/\/www.spaestonia.ee\/resort\/wp-content\/uploads\/2025\/02\/resort-hotel-estonia.png\",\"contentUrl\":\"https:\/\/www.spaestonia.ee\/resort\/wp-content\/uploads\/2025\/02\/resort-hotel-estonia.png\",\"width\":400,\"height\":173,\"caption\":\"ESTONIA Resort Hotel Spa\"},\"image\":{\"@id\":\"https:\/\/www.spaestonia.ee\/resort\/#\/schema\/logo\/image\/\"},\"sameAs\":[\"https:\/\/www.facebook.com\/EstoniaResortHotel\"]}]}<\/script>\n<!-- \/ Yoast SEO plugin. -->","yoast_head_json":{"title":"SPA & SAUN ja spaahoolitsused - ESTONIA Resort Hotel Spa","robots":{"index":"index","follow":"follow","max-snippet":"max-snippet:-1","max-image-preview":"max-image-preview:large","max-video-preview":"max-video-preview:-1"},"canonical":"https:\/\/spaestonia.ee\/resort\/spaa-ja-saunakeskus\/","og_locale":"et_EE","og_type":"article","og_title":"SPA & SAUN ja spaahoolitsused - ESTONIA Resort Hotel Spa","og_description":"Spaahoolitsused Ehe ja eestimaine &#8211; inspireeritud Eesti loodusest ja iidsete taimetarkade teadmistest. K\u00f5ik toimeained on&hellip;","og_url":"https:\/\/spaestonia.ee\/resort\/spaa-ja-saunakeskus\/","og_site_name":"ESTONIA Resort Hotel Spa","article_publisher":"https:\/\/www.facebook.com\/EstoniaResortHotel","article_modified_time":"2023-11-09T09:02:11+00:00","og_image":[{"url":"http:\/\/www.spaestonia.ee\/resort\/wp-content\/uploads\/2020\/03\/spaas_saravaks_1000x660-300x200.jpg","type":"","width":"","height":""}],"twitter_card":"summary_large_image","schema":{"@context":"https:\/\/schema.org","@graph":[{"@type":"WebPage","@id":"https:\/\/spaestonia.ee\/resort\/spaa-ja-saunakeskus\/","url":"https:\/\/spaestonia.ee\/resort\/spaa-ja-saunakeskus\/","name":"SPA & SAUN ja spaahoolitsused - ESTONIA Resort Hotel Spa","isPartOf":{"@id":"https:\/\/www.spaestonia.ee\/resort\/#website"},"primaryImageOfPage":{"@id":"https:\/\/spaestonia.ee\/resort\/spaa-ja-saunakeskus\/#primaryimage"},"image":{"@id":"https:\/\/spaestonia.ee\/resort\/spaa-ja-saunakeskus\/#primaryimage"},"thumbnailUrl":"http:\/\/www.spaestonia.ee\/resort\/wp-content\/uploads\/2020\/03\/spaas_saravaks_1000x660-300x200.jpg","datePublished":"2015-01-04T07:18:54+00:00","dateModified":"2023-11-09T09:02:11+00:00","breadcrumb":{"@id":"https:\/\/spaestonia.ee\/resort\/spaa-ja-saunakeskus\/#breadcrumb"},"inLanguage":"et","potentialAction":[{"@type":"ReadAction","target":["https:\/\/spaestonia.ee\/resort\/spaa-ja-saunakeskus\/"]}]},{"@type":"ImageObject","inLanguage":"et","@id":"https:\/\/spaestonia.ee\/resort\/spaa-ja-saunakeskus\/#primaryimage","url":"http:\/\/www.spaestonia.ee\/resort\/wp-content\/uploads\/2020\/03\/spaas_saravaks_1000x660-300x200.jpg","contentUrl":"http:\/\/www.spaestonia.ee\/resort\/wp-content\/uploads\/2020\/03\/spaas_saravaks_1000x660-300x200.jpg"},{"@type":"BreadcrumbList","@id":"https:\/\/spaestonia.ee\/resort\/spaa-ja-saunakeskus\/#breadcrumb","itemListElement":[{"@type":"ListItem","position":1,"name":"Home","item":"https:\/\/www.spaestonia.ee\/resort\/"},{"@type":"ListItem","position":2,"name":"SPA &#038; SAUN ja spaahoolitsused"}]},{"@type":"WebSite","@id":"https:\/\/www.spaestonia.ee\/resort\/#website","url":"https:\/\/www.spaestonia.ee\/resort\/","name":"ESTONIA Resort Hotel Spa","description":"Your destination in P\u00e4rnu for wellness and events","publisher":{"@id":"https:\/\/www.spaestonia.ee\/resort\/#organization"},"potentialAction":[{"@type":"SearchAction","target":{"@type":"EntryPoint","urlTemplate":"https:\/\/www.spaestonia.ee\/resort\/?s={search_term_string}"},"query-input":{"@type":"PropertyValueSpecification","valueRequired":true,"valueName":"search_term_string"}}],"inLanguage":"et"},{"@type":"Organization","@id":"https:\/\/www.spaestonia.ee\/resort\/#organization","name":"ESTONIA Resort Hotel Spa","url":"https:\/\/www.spaestonia.ee\/resort\/","logo":{"@type":"ImageObject","inLanguage":"et","@id":"https:\/\/www.spaestonia.ee\/resort\/#\/schema\/logo\/image\/","url":"https:\/\/www.spaestonia.ee\/resort\/wp-content\/uploads\/2025\/02\/resort-hotel-estonia.png","contentUrl":"https:\/\/www.spaestonia.ee\/resort\/wp-content\/uploads\/2025\/02\/resort-hotel-estonia.png","width":400,"height":173,"caption":"ESTONIA Resort Hotel Spa"},"image":{"@id":"https:\/\/www.spaestonia.ee\/resort\/#\/schema\/logo\/image\/"},"sameAs":["https:\/\/www.facebook.com\/EstoniaResortHotel"]}]}},"_links":{"self":[{"href":"https:\/\/spaestonia.ee\/resort\/wp-json\/wp\/v2\/pages\/351","targetHints":{"allow":["GET"]}}],"collection":[{"href":"https:\/\/spaestonia.ee\/resort\/wp-json\/wp\/v2\/pages"}],"about":[{"href":"https:\/\/spaestonia.ee\/resort\/wp-json\/wp\/v2\/types\/page"}],"author":[{"embeddable":true,"href":"https:\/\/spaestonia.ee\/resort\/wp-json\/wp\/v2\/users\/1"}],"replies":[{"embeddable":true,"href":"https:\/\/spaestonia.ee\/resort\/wp-json\/wp\/v2\/comments?post=351"}],"version-history":[{"count":128,"href":"https:\/\/spaestonia.ee\/resort\/wp-json\/wp\/v2\/pages\/351\/revisions"}],"predecessor-version":[{"id":39309,"href":"https:\/\/spaestonia.ee\/resort\/wp-json\/wp\/v2\/pages\/351\/revisions\/39309"}],"wp:attachment":[{"href":"https:\/\/spaestonia.ee\/resort\/wp-json\/wp\/v2\/media?parent=351"}],"curies":[{"name":"wp","href":"https:\/\/api.w.org\/{rel}","templated":true}]}}