{"id":36504,"date":"2022-09-16T10:11:59","date_gmt":"2022-09-16T07:11:59","guid":{"rendered":"https:\/\/www.spaestonia.ee\/resort\/?page_id=36504"},"modified":"2026-03-31T15:59:45","modified_gmt":"2026-03-31T12:59:45","slug":"a-la-carte","status":"publish","type":"page","link":"https:\/\/spaestonia.ee\/resort\/a-la-carte\/","title":{"rendered":"\u00c0 la carte men\u00fc\u00fc"},"content":{"rendered":"<h3><span style=\"font-size: 24px;\">SN\u00c4KID, EELROAD, SALATID<\/span><strong><br \/>\n<\/strong><\/h3>\n<p><strong>K\u00c4SIT\u00d6\u00d6LEIB JA HUMMUS\u00a0 4 \u20ac<br \/>\n<\/strong>pestokukkel, focaccia, must leib, hummus<\/p>\n<p><strong>L\u00d5HE TARTAR 14 \u20ac<br \/>\n<\/strong>l\u00f5hefilee, tomati consomm\u00e9, kammkarp, v\u00e4rske kurk, Caesari kaste, kalamari<\/p>\n<p><strong>B\u00d6FF \u00c0 LA<\/strong> <strong>NOOT 15 \u20ac<br \/>\n<\/strong>veisefilee, hapukurk, kappar, p\u00e4ikesekuivatatud tomat, vutimuna, focaccia sai<\/p>\n<p><strong>PEET JA SUITSUNE HUMMUS <\/strong>(vegan)<strong> 10 \u20ac<br \/>\n<\/strong>r\u00f6stitud peet, k\u00e4sit\u00f6\u00f6 hummus, tomat, roheline salat<\/p>\n<p><strong>KREVETID JA J\u00d5EV\u00c4HK 14 \u20ac<br \/>\n<\/strong>tiigerkrevetid, avokaado, j\u00f5ev\u00e4hisabad, roheline salat, kalamari<\/p>\n<p><strong>PARDILIHA K\u00c4SIT\u00d6\u00d6PELMEENID 12 \u20ac<br \/>\n<\/strong>pardilihaga pelmeenid, puraviku leem, hapukoor<\/p>\n<p><strong>KANAFILEE-PEEDISALAT \u00a0\u00a012 \u20ac<br \/>\n<\/strong>grillitud kanafilee, r\u00f6stitud peet, p\u00e4ikesekuivatatud tomat, roheline salat<\/p>\n<p><strong>SN\u00c4KIVAAGEN KAHELE\u00a0 21 \u20ac<br \/>\n<\/strong>Serrano sink, chorizo vorst, oliivid, Grana Padano juust, NOOT k\u00e4sit\u00f6\u00f6 hummus, p\u00e4ikesekuivatatud tomatid, ciabatta<\/p>\n<p><strong>JUUSTUVALIK KAHELE\u00a0 15 \u20ac<br \/>\n<\/strong>Valik eesti ja hollandi juuste, murakamoos<br \/>\n<em>Juustusordid k\u00fcsi teenindajalt<\/em><\/p>\n<hr \/>\n<h3><span style=\"font-size: 24px;\">SUPP<\/span><strong><br \/>\n<\/strong><\/h3>\n<p><strong>PEEDI CONSOMM\u00c9 9 \u20ac<br \/>\n<\/strong>peet, pardifilee, suitsujuust, must leib<\/p>\n<hr \/>\n<h3><span style=\"font-size: 24px;\">P\u00d5HIROAD<\/span><strong><br \/>\n<\/strong><\/h3>\n<p><strong>GRILLITUD L\u00d5HEFILEE\u00a0 \u00a019 \u20ac<br \/>\n<\/strong>l\u00f5hefilee, maisip\u00fcree, hooajalised aedviljad, bearnaise kaste<\/p>\n<p><strong>GRILLITUD PARDIFILEE\u00a0\u00a0 19 \u20ac<\/strong><br \/>\npardifilee, pastinaak, hooajalised aedviljad, musts\u00f5stra-lagritsa kaste<\/p>\n<p><strong>S\u00dcTEL GRILLITUD LAMBATALLE KAELAFILEE\u00a0 \u00a019 \u20ac<br \/>\n<\/strong>lambatalleliha, k\u00f6\u00f6giviljawok, kergelt v\u00fcrtsikas seesamikaste<\/p>\n<p><strong>S\u00dcTEL GRILLITUD VEISEANTREKOOT\u00a0 \u00a024 \u20ac<br \/>\n<\/strong>veiseantrekoot, tr\u00fchvlitega kartulip\u00fcree, piprakaste<\/p>\n<p><strong>GRILLITUD IBERICO SEALIHA\u00a0 \u00a019 \u20ac<br \/>\n<\/strong>Iberico seakarbonaad, k\u00f6\u00f6giviljawok, r\u00f6stitud \u00f5unakaste<\/p>\n<p><strong>PRAETUD AHVENAFILEE\u00a0 \u00a020 \u20ac<br \/>\n<\/strong>ahvenafilee, maisip\u00fcree, hooajalised aedviljad, bearnaise kaste kalamarjaga<\/p>\n<p><strong>PASTA MEREANDIDEGA\u00a0 \u00a016 \u20ac<br \/>\n<\/strong>must pasta, tiigerkrevetid, sinimerekarbid, valge vein, Grana Padano juust<\/p>\n<p><strong>VEGAN PIHV\u00a0 \u00a019 \u20ac<br \/>\n<\/strong>vegan pihv, hooajalised aedviljad, kergelt v\u00fcrtsikas seesamikaste, lehtkapsas<\/p>\n<h3><em><span style=\"font-size: 20px;\">LISANDID<\/span><\/em><\/h3>\n<p><strong>FRIIKARTULID\u00a0 \u00a0<\/strong><strong>5 \u20ac<\/strong><strong><br \/>\n<\/strong><strong>V\u00c4RSKE KOOREGA KARTUL\u00a0 \u00a0<\/strong><strong>5 \u20ac<br \/>\n<\/strong><strong>TOORSALAT \/ <\/strong>tomat, kurk, frillise salat, oliiv\u00f5li\u00a0 \u00a0<strong>5 \u20ac<\/strong><em><strong><br \/>\n<\/strong><\/em><\/p>\n<hr \/>\n<h3><span style=\"font-size: 24px;\">MAGUS<\/span><\/h3>\n<p><strong>LAVENDLI CREME BRULEE\u00a0 \u00a07 \u20ac<br \/>\n<\/strong>lavendliga br\u00fcleekreem ja veriapelsini sorbett<strong>\u00a0<\/strong><\/p>\n<p><strong>KODUNE MUSTS\u00d5STRA J\u00c4\u00c4TIS\u00a0 \u00a07 \u20ac<br \/>\n<\/strong>musts\u00f5star, rabarber, Dubai \u0161okolaad<\/p>\n<p><strong>\u0160OKOLAADIFONDANT\u00a0 \u00a07 \u20ac<br \/>\n<\/strong>tume \u0161okolaad, mango-passioni sorbett<\/p>\n<p><strong>ASTELPAJU MOUSSE\u00a0 \u00a07 \u20ac<br \/>\n<\/strong>astelpaju, Nutella lumi, valge \u0161okolaad, j\u00f5hvikad<\/p>\n<p><strong>JUUSTUVALIK KAHELE\u00a0\u00a0 15 \u20ac<em><br \/>\n<\/em><\/strong>Valik eesti ja hollandi juuste, murakamoos<br \/>\n<em>Juustusordid k\u00fcsi teenindajalt<\/em><\/p>\n<hr \/>\n<h3><span style=\"font-size: 24px;\">LASTE MEN\u00dc\u00dc<\/span><\/h3>\n<p><strong>\u201eEI SOOVI MIDAGI\u201c\u00a0\u00a0 6 \u20ac<br \/>\n<\/strong>friikartulid majoneesiga<\/p>\n<p><strong>\u201e\u00dcKSK\u00d5IK MIDA\u201c\u00a0\u00a0 8 \u20ac<br \/>\n<\/strong>kanapallid, kartulip\u00fcree, tomat, majonees<\/p>\n<p><strong>\u201eNOH MA EI TEA\u201c\u00a0\u00a0 7 \u20ac<br \/>\n<\/strong>kooresed makaronid juustuga<\/p>\n<p><strong>\u201eKUI PEAB, SIIS PEAB\u201c\u00a0 7 \u20ac<br \/>\n<\/strong>wokitud hooajalised k\u00f6\u00f6giviljad pestoga<\/p>\n<p><strong>\u201eMIDA IGANES\u201c\u00a0\u00a0 6 \u20ac<br \/>\n<\/strong>j\u00e4\u00e4tisepall popkornisiirupi ja maasikatega<\/p>\n<p><strong>\u201eMHH &#8230; OKEI SIIS\u201c \u00a0 7 \u20ac<br \/>\n<\/strong>Churrod \u0161okolaadi kastmega<\/p>\n<hr \/>\n<p><em>NB! K\u00f6\u00f6k suletakse 30 minutit enne restorani sulgemist<\/em><\/p>\n<hr \/>\n<h3><strong>Lauareserveeringu saad teha\u00a0\u00a0<a href=\"https:\/\/v2.tableonline.fi\/instabook\/bookings\/zGBDSta?locale=ee\">SIIN<\/a>.<\/strong><\/h3>\n<p><strong>Lisainfo:\u00a0<\/strong>e-post\u00a0<a href=\"mailto:noot@spaestonia.ee\">noot@spaestonia.ee<\/a>, tel +372 440 1012<\/p>\n<p>Aadress A. H. Tammsaare pst 4a, P\u00e4rnu<\/p>\n<p><img loading=\"lazy\" decoding=\"async\" class=\"alignnone  wp-image-46963\" src=\"http:\/\/www.spaestonia.ee\/resort\/wp-content\/uploads\/2026\/03\/restaurant-noot-paernu_150x320_light_en.png\" alt=\"Falstaff\" width=\"361\" height=\"169\" srcset=\"https:\/\/spaestonia.ee\/resort\/wp-content\/uploads\/2026\/03\/restaurant-noot-paernu_150x320_light_en.png 1280w, https:\/\/spaestonia.ee\/resort\/wp-content\/uploads\/2026\/03\/restaurant-noot-paernu_150x320_light_en-300x141.png 300w, https:\/\/spaestonia.ee\/resort\/wp-content\/uploads\/2026\/03\/restaurant-noot-paernu_150x320_light_en-1024x480.png 1024w, https:\/\/spaestonia.ee\/resort\/wp-content\/uploads\/2026\/03\/restaurant-noot-paernu_150x320_light_en-768x360.png 768w\" sizes=\"auto, (max-width: 361px) 100vw, 361px\" \/><\/p>\n","protected":false},"excerpt":{"rendered":"<p>SN\u00c4KID, EELROAD, SALATID K\u00c4SIT\u00d6\u00d6LEIB JA HUMMUS\u00a0 4 \u20ac pestokukkel, focaccia, must leib, hummus L\u00d5HE TARTAR&hellip;<\/p>\n","protected":false},"author":18,"featured_media":0,"parent":0,"menu_order":0,"comment_status":"closed","ping_status":"closed","template":"","meta":{"footnotes":""},"class_list":["post-36504","page","type-page","status-publish","hentry"],"yoast_head":"<!-- This site is optimized with the Yoast SEO plugin v26.7 - https:\/\/yoast.com\/wordpress\/plugins\/seo\/ -->\n<title>\u00c0 la carte men\u00fc\u00fc - ESTONIA Resort Hotel Spa<\/title>\n<meta name=\"robots\" content=\"index, follow, max-snippet:-1, max-image-preview:large, max-video-preview:-1\" \/>\n<link rel=\"canonical\" href=\"https:\/\/spaestonia.ee\/resort\/a-la-carte\/\" \/>\n<meta property=\"og:locale\" content=\"et_EE\" \/>\n<meta property=\"og:type\" content=\"article\" \/>\n<meta property=\"og:title\" content=\"\u00c0 la carte men\u00fc\u00fc - ESTONIA Resort Hotel Spa\" \/>\n<meta property=\"og:description\" content=\"SN\u00c4KID, EELROAD, SALATID K\u00c4SIT\u00d6\u00d6LEIB JA HUMMUS\u00a0 4 \u20ac pestokukkel, focaccia, must leib, hummus L\u00d5HE TARTAR&hellip;\" \/>\n<meta property=\"og:url\" content=\"https:\/\/spaestonia.ee\/resort\/a-la-carte\/\" \/>\n<meta property=\"og:site_name\" content=\"ESTONIA Resort Hotel Spa\" \/>\n<meta property=\"article:publisher\" content=\"https:\/\/www.facebook.com\/EstoniaResortHotel\" \/>\n<meta property=\"article:modified_time\" content=\"2026-03-31T12:59:45+00:00\" \/>\n<meta property=\"og:image\" content=\"http:\/\/www.spaestonia.ee\/resort\/wp-content\/uploads\/2026\/03\/restaurant-noot-paernu_150x320_light_en.png\" \/>\n<meta name=\"twitter:card\" content=\"summary_large_image\" \/>\n<meta name=\"twitter:label1\" content=\"Est. reading time\" \/>\n\t<meta name=\"twitter:data1\" content=\"3 minutit\" \/>\n<script type=\"application\/ld+json\" class=\"yoast-schema-graph\">{\"@context\":\"https:\/\/schema.org\",\"@graph\":[{\"@type\":\"WebPage\",\"@id\":\"https:\/\/spaestonia.ee\/resort\/a-la-carte\/\",\"url\":\"https:\/\/spaestonia.ee\/resort\/a-la-carte\/\",\"name\":\"\u00c0 la carte men\u00fc\u00fc - ESTONIA Resort Hotel Spa\",\"isPartOf\":{\"@id\":\"https:\/\/www.spaestonia.ee\/resort\/#website\"},\"primaryImageOfPage\":{\"@id\":\"https:\/\/spaestonia.ee\/resort\/a-la-carte\/#primaryimage\"},\"image\":{\"@id\":\"https:\/\/spaestonia.ee\/resort\/a-la-carte\/#primaryimage\"},\"thumbnailUrl\":\"http:\/\/www.spaestonia.ee\/resort\/wp-content\/uploads\/2026\/03\/restaurant-noot-paernu_150x320_light_en.png\",\"datePublished\":\"2022-09-16T07:11:59+00:00\",\"dateModified\":\"2026-03-31T12:59:45+00:00\",\"breadcrumb\":{\"@id\":\"https:\/\/spaestonia.ee\/resort\/a-la-carte\/#breadcrumb\"},\"inLanguage\":\"et\",\"potentialAction\":[{\"@type\":\"ReadAction\",\"target\":[\"https:\/\/spaestonia.ee\/resort\/a-la-carte\/\"]}]},{\"@type\":\"ImageObject\",\"inLanguage\":\"et\",\"@id\":\"https:\/\/spaestonia.ee\/resort\/a-la-carte\/#primaryimage\",\"url\":\"http:\/\/www.spaestonia.ee\/resort\/wp-content\/uploads\/2026\/03\/restaurant-noot-paernu_150x320_light_en.png\",\"contentUrl\":\"http:\/\/www.spaestonia.ee\/resort\/wp-content\/uploads\/2026\/03\/restaurant-noot-paernu_150x320_light_en.png\"},{\"@type\":\"BreadcrumbList\",\"@id\":\"https:\/\/spaestonia.ee\/resort\/a-la-carte\/#breadcrumb\",\"itemListElement\":[{\"@type\":\"ListItem\",\"position\":1,\"name\":\"Home\",\"item\":\"https:\/\/www.spaestonia.ee\/resort\/\"},{\"@type\":\"ListItem\",\"position\":2,\"name\":\"\u00c0 la carte men\u00fc\u00fc\"}]},{\"@type\":\"WebSite\",\"@id\":\"https:\/\/www.spaestonia.ee\/resort\/#website\",\"url\":\"https:\/\/www.spaestonia.ee\/resort\/\",\"name\":\"ESTONIA Resort Hotel Spa\",\"description\":\"Your destination in P\u00e4rnu for wellness and events\",\"publisher\":{\"@id\":\"https:\/\/www.spaestonia.ee\/resort\/#organization\"},\"potentialAction\":[{\"@type\":\"SearchAction\",\"target\":{\"@type\":\"EntryPoint\",\"urlTemplate\":\"https:\/\/www.spaestonia.ee\/resort\/?s={search_term_string}\"},\"query-input\":{\"@type\":\"PropertyValueSpecification\",\"valueRequired\":true,\"valueName\":\"search_term_string\"}}],\"inLanguage\":\"et\"},{\"@type\":\"Organization\",\"@id\":\"https:\/\/www.spaestonia.ee\/resort\/#organization\",\"name\":\"ESTONIA Resort Hotel Spa\",\"url\":\"https:\/\/www.spaestonia.ee\/resort\/\",\"logo\":{\"@type\":\"ImageObject\",\"inLanguage\":\"et\",\"@id\":\"https:\/\/www.spaestonia.ee\/resort\/#\/schema\/logo\/image\/\",\"url\":\"https:\/\/www.spaestonia.ee\/resort\/wp-content\/uploads\/2025\/02\/resort-hotel-estonia.png\",\"contentUrl\":\"https:\/\/www.spaestonia.ee\/resort\/wp-content\/uploads\/2025\/02\/resort-hotel-estonia.png\",\"width\":400,\"height\":173,\"caption\":\"ESTONIA Resort Hotel Spa\"},\"image\":{\"@id\":\"https:\/\/www.spaestonia.ee\/resort\/#\/schema\/logo\/image\/\"},\"sameAs\":[\"https:\/\/www.facebook.com\/EstoniaResortHotel\"]}]}<\/script>\n<!-- \/ Yoast SEO plugin. -->","yoast_head_json":{"title":"\u00c0 la carte men\u00fc\u00fc - ESTONIA Resort Hotel Spa","robots":{"index":"index","follow":"follow","max-snippet":"max-snippet:-1","max-image-preview":"max-image-preview:large","max-video-preview":"max-video-preview:-1"},"canonical":"https:\/\/spaestonia.ee\/resort\/a-la-carte\/","og_locale":"et_EE","og_type":"article","og_title":"\u00c0 la carte men\u00fc\u00fc - ESTONIA Resort Hotel Spa","og_description":"SN\u00c4KID, EELROAD, SALATID K\u00c4SIT\u00d6\u00d6LEIB JA HUMMUS\u00a0 4 \u20ac pestokukkel, focaccia, must leib, hummus L\u00d5HE TARTAR&hellip;","og_url":"https:\/\/spaestonia.ee\/resort\/a-la-carte\/","og_site_name":"ESTONIA Resort Hotel Spa","article_publisher":"https:\/\/www.facebook.com\/EstoniaResortHotel","article_modified_time":"2026-03-31T12:59:45+00:00","og_image":[{"url":"http:\/\/www.spaestonia.ee\/resort\/wp-content\/uploads\/2026\/03\/restaurant-noot-paernu_150x320_light_en.png","type":"","width":"","height":""}],"twitter_card":"summary_large_image","twitter_misc":{"Est. reading time":"3 minutit"},"schema":{"@context":"https:\/\/schema.org","@graph":[{"@type":"WebPage","@id":"https:\/\/spaestonia.ee\/resort\/a-la-carte\/","url":"https:\/\/spaestonia.ee\/resort\/a-la-carte\/","name":"\u00c0 la carte men\u00fc\u00fc - ESTONIA Resort Hotel Spa","isPartOf":{"@id":"https:\/\/www.spaestonia.ee\/resort\/#website"},"primaryImageOfPage":{"@id":"https:\/\/spaestonia.ee\/resort\/a-la-carte\/#primaryimage"},"image":{"@id":"https:\/\/spaestonia.ee\/resort\/a-la-carte\/#primaryimage"},"thumbnailUrl":"http:\/\/www.spaestonia.ee\/resort\/wp-content\/uploads\/2026\/03\/restaurant-noot-paernu_150x320_light_en.png","datePublished":"2022-09-16T07:11:59+00:00","dateModified":"2026-03-31T12:59:45+00:00","breadcrumb":{"@id":"https:\/\/spaestonia.ee\/resort\/a-la-carte\/#breadcrumb"},"inLanguage":"et","potentialAction":[{"@type":"ReadAction","target":["https:\/\/spaestonia.ee\/resort\/a-la-carte\/"]}]},{"@type":"ImageObject","inLanguage":"et","@id":"https:\/\/spaestonia.ee\/resort\/a-la-carte\/#primaryimage","url":"http:\/\/www.spaestonia.ee\/resort\/wp-content\/uploads\/2026\/03\/restaurant-noot-paernu_150x320_light_en.png","contentUrl":"http:\/\/www.spaestonia.ee\/resort\/wp-content\/uploads\/2026\/03\/restaurant-noot-paernu_150x320_light_en.png"},{"@type":"BreadcrumbList","@id":"https:\/\/spaestonia.ee\/resort\/a-la-carte\/#breadcrumb","itemListElement":[{"@type":"ListItem","position":1,"name":"Home","item":"https:\/\/www.spaestonia.ee\/resort\/"},{"@type":"ListItem","position":2,"name":"\u00c0 la carte men\u00fc\u00fc"}]},{"@type":"WebSite","@id":"https:\/\/www.spaestonia.ee\/resort\/#website","url":"https:\/\/www.spaestonia.ee\/resort\/","name":"ESTONIA Resort Hotel Spa","description":"Your destination in P\u00e4rnu for wellness and events","publisher":{"@id":"https:\/\/www.spaestonia.ee\/resort\/#organization"},"potentialAction":[{"@type":"SearchAction","target":{"@type":"EntryPoint","urlTemplate":"https:\/\/www.spaestonia.ee\/resort\/?s={search_term_string}"},"query-input":{"@type":"PropertyValueSpecification","valueRequired":true,"valueName":"search_term_string"}}],"inLanguage":"et"},{"@type":"Organization","@id":"https:\/\/www.spaestonia.ee\/resort\/#organization","name":"ESTONIA Resort Hotel Spa","url":"https:\/\/www.spaestonia.ee\/resort\/","logo":{"@type":"ImageObject","inLanguage":"et","@id":"https:\/\/www.spaestonia.ee\/resort\/#\/schema\/logo\/image\/","url":"https:\/\/www.spaestonia.ee\/resort\/wp-content\/uploads\/2025\/02\/resort-hotel-estonia.png","contentUrl":"https:\/\/www.spaestonia.ee\/resort\/wp-content\/uploads\/2025\/02\/resort-hotel-estonia.png","width":400,"height":173,"caption":"ESTONIA Resort Hotel Spa"},"image":{"@id":"https:\/\/www.spaestonia.ee\/resort\/#\/schema\/logo\/image\/"},"sameAs":["https:\/\/www.facebook.com\/EstoniaResortHotel"]}]}},"_links":{"self":[{"href":"https:\/\/spaestonia.ee\/resort\/wp-json\/wp\/v2\/pages\/36504","targetHints":{"allow":["GET"]}}],"collection":[{"href":"https:\/\/spaestonia.ee\/resort\/wp-json\/wp\/v2\/pages"}],"about":[{"href":"https:\/\/spaestonia.ee\/resort\/wp-json\/wp\/v2\/types\/page"}],"author":[{"embeddable":true,"href":"https:\/\/spaestonia.ee\/resort\/wp-json\/wp\/v2\/users\/18"}],"replies":[{"embeddable":true,"href":"https:\/\/spaestonia.ee\/resort\/wp-json\/wp\/v2\/comments?post=36504"}],"version-history":[{"count":41,"href":"https:\/\/spaestonia.ee\/resort\/wp-json\/wp\/v2\/pages\/36504\/revisions"}],"predecessor-version":[{"id":46967,"href":"https:\/\/spaestonia.ee\/resort\/wp-json\/wp\/v2\/pages\/36504\/revisions\/46967"}],"wp:attachment":[{"href":"https:\/\/spaestonia.ee\/resort\/wp-json\/wp\/v2\/media?parent=36504"}],"curies":[{"name":"wp","href":"https:\/\/api.w.org\/{rel}","templated":true}]}}