{"id":3776,"date":"2015-09-02T19:58:32","date_gmt":"2015-09-02T16:58:32","guid":{"rendered":"https:\/\/www.spaestonia.ee\/resort\/?page_id=3776"},"modified":"2024-10-22T14:54:43","modified_gmt":"2024-10-22T11:54:43","slug":"privaatsaun-kadaka-klubi","status":"publish","type":"page","link":"https:\/\/spaestonia.ee\/resort\/spaa-ja-saunakeskus\/privaatsaun-kadaka-klubi\/","title":{"rendered":"Privaatsaun KADAKA klubi"},"content":{"rendered":"<p><strong>KADAKA klubi privaatsaun on ideaalne seltskondadele eriliste\u00a0s\u00fcndmuste t\u00e4histamiseks ja sauna\u00f5htute korraldamiseks <\/strong>\u2013<strong> firma\u00fcritused, s\u00fcnnip\u00e4evad, poissmeeste \u00f5htud, t\u00fcdrukute \u00f5htud jm.<\/strong><\/p>\n<p><strong>\u2013 <\/strong>KADAKA klubis on piisavalt ruumi seltskonnale kuni 16 inimest;<br \/>\n<strong>\u2013<\/strong> Leiliruumi kadakapuust sein oma aroomidega loob kuni 100\u00b0 C-ses saunakuumuses m\u00f5nusalt saaremaise meeleolu;<br \/>\n<strong>\u2013<\/strong> Privaatsel r\u00f5dul on peale sauna m\u00f5nus jahtuda ja uueks leiliks j\u00f5udu koguda;<br \/>\n<strong>\u2013<\/strong> KADAKA klubist on p\u00e4\u00e4s otse SPA &amp; SAUNA basseinidesse ja saunadesse;<br \/>\n<strong>\u2013<\/strong> Privaatsauna saab tellida igaks p\u00e4evaks kasutamiseks kell 10-22.<\/p>\n<p><strong>Privaatsauna KADAKA klubi hinnad:<br \/>\n<\/strong>E-N 69 \u20ac\/tund<br \/>\nR-P 99 \u20ac\/tund<br \/>\nHotellis majutuvale kliendile privaatsauna KADAKA klubi hinnast soodustus -30%<br \/>\nSauna saab rentida alates 2 tunnist.<\/p>\n<p><strong>Hind sisaldab lisaks:<\/strong><br \/>\n&#8211; spaa- ja saunakeskuse <a href=\"https:\/\/www.spaestonia.ee\/resort\/spaa-ja-saunakeskus\/spaa-ja-saunakeskuse-hinnakiri-2015\/\">SPA &amp; SAUN sissep\u00e4\u00e4su<\/a> ja<br \/>\n&#8211; <a href=\"https:\/\/www.spaestonia.ee\/resort\/spaa-ja-saunakeskus\/surnumere-bassein\/\">Surnumeres h\u00f5ljumist<\/a> kogu seltskonnale ja saunar\u00e4tikute kasutamist.<\/p>\n<p><strong>Lisatasu eest soovitame:<\/strong><br \/>\n&#8211; hommikumantlid 4 \u20ac\/tk, palume ette tellida!<br \/>\n&#8211; spaasandaalid 5 \u20ac\/paar<br \/>\n&#8211; saunajoogid ja -s\u00f6\u00f6gid, tutvuge valikuga allpool ja tellige hiljemalt 2 t\u00f6\u00f6p\u00e4eva enne saabumist. NB! Oma s\u00f6\u00f6kide ja jookide kaasa toomine privaatsauna Kadaka Klubi ei ole lubatud.<\/p>\n<p>Muuda s\u00fcndmus vaheldusrikkaks ja meeldej\u00e4\u00e4vaks, telli lisaks\u00a0saunapakett!<\/p>\n<p><strong>Lisainfo ja broneerimine<\/strong>: e-mail <a href=\"mailto:resorthotel@spaestonia.ee\">resorthotel@spaestonia.ee<\/a>, tel +372 440 1017<\/p>\n<hr \/>\n<h2>KADAKA klubi saunamen\u00fc\u00fc<\/h2>\n<p>Saunam\u00f5nudele lisaks pakume suupisteid hotelli restoranist NOOT, spaabaarist tervislikke kokteile ja smuutisid ning v\u00f5imalikult mugavaks \u00e4raolemiseks catering-teenust. Telli koos saunaga!<\/p>\n<h2><img loading=\"lazy\" decoding=\"async\" class=\"wp-image-27880 alignright\" src=\"http:\/\/www.spaestonia.ee\/resort\/wp-content\/uploads\/2015\/09\/Kadaka-saun-veeb2.jpg\" alt=\"Kadaka saun veeb2\" width=\"396\" height=\"260\" srcset=\"https:\/\/spaestonia.ee\/resort\/wp-content\/uploads\/2015\/09\/Kadaka-saun-veeb2.jpg 1500w, https:\/\/spaestonia.ee\/resort\/wp-content\/uploads\/2015\/09\/Kadaka-saun-veeb2-300x197.jpg 300w, https:\/\/spaestonia.ee\/resort\/wp-content\/uploads\/2015\/09\/Kadaka-saun-veeb2-768x503.jpg 768w, https:\/\/spaestonia.ee\/resort\/wp-content\/uploads\/2015\/09\/Kadaka-saun-veeb2-1024x671.jpg 1024w\" sizes=\"auto, (max-width: 396px) 100vw, 396px\" \/><\/h2>\n<h3><strong>Suupistevaagnad<\/strong> (kaheksale inimesele):<\/h3>\n<ul>\n<li><strong>Juurvilja- aedvilja valik dipikastmega 23 \u20ac<br \/>\n<\/strong><em>Porgand, varsseller, v\u00e4rske kurk, lillkapsas, hapukurk, tomat ja dipikaste<\/em><\/li>\n<li><strong>Juustuvalik viinamarjade ja kreekeritega 41 \u20ac<\/strong><br \/>\n<em>Eesti juust, valge hallitusjuust, sinihallitusjuust, viinamarjad, oliivid, soolased kreekerid ja dipikaste<\/em><\/li>\n<li><strong>Lihavalik k\u00f6\u00f6giviljade ja dipikastmega 52 \u20ac<\/strong><br \/>\n<em>Rostbiif, kanafilee, seafilee, soola-hapukurk, marineeritud k\u00fc\u00fcslauk, dipikaste ja grissinid<\/em><\/li>\n<li><strong>Puuviljavalik 35 \u20ac<\/strong><br \/>\n<em>Puuviljavalik koosneb v\u00e4hemalt neljast erinevast puuviljast, vastavalt hooajale<\/em><\/li>\n<li><strong>Kalavalik k\u00f6\u00f6giviljade ja dipikastmega 52 \u20ac<\/strong><br \/>\n<em>Soolal\u00f5he, heeringas hapukoorega, v\u00fcrtsikas tiigerkrevett, tomat, t\u00e4idetud minipaprika ja dipikaste<\/em><\/li>\n<li><strong>\u201eKADAKA Klubi\u201c suupistevalik 64 \u20ac<\/strong><br \/>\n<em>K\u00fclmsuitsul\u00f5he, grillvorstid, v\u00fcrtsikas kanafilee, vinnutatud sink, Eesti juust, viinamarjad, grissinid ja dipikaste<\/em><\/li>\n<\/ul>\n<h3><\/h3>\n<h3><strong>Kerged suupisted\u00a0<\/strong>(alates kaheksast inimesest)<\/h3>\n<ul>\n<li>Traditsiooniline kartulisalat 4,50 \u20ac\/portsjon<\/li>\n<li>V\u00e4rske salat suitsul\u00f5hega 4,50 \u20ac\/portsjon<\/li>\n<li>Puuviljavarras hooajalistest puuviljadest 3 \u20ac\/tk<\/li>\n<li>\u00d5unaplaadikook vanilli dipikastmega 3 \u20ac\/tk<\/li>\n<\/ul>\n<h3><strong>Joogivalik<\/strong><\/h3>\n<p>Serveerime privaatsauna <a href=\"https:\/\/www.spaestonia.ee\/resort\/spaa-ja-saunakeskus\/basseinibaari-menuu\/\">basseinibaari joogivaliku<\/a>.<\/p>\n<p><strong>NB!<\/strong> <strong>Palume suupisted ja joogid ette tellida v\u00e4hemalt 2 t\u00f6\u00f6p\u00e4eva enne saabumist. Restoranil on \u00f5igus pikendada ettetellimise t\u00e4htaega, kui n\u00f5udlus on k\u00f5rgem v\u00f5i grupp on suurem. Sel juhul saadame t\u00e4psemad tingimused e-kirja teel.<\/strong><\/p>\n<p><strong>Lisainfo<\/strong>: e-mail <a href=\"mailto:resorthotel@spaestonia.ee\">resorthotel@spaestonia.ee<\/a>, tel +372 440 1017<\/p>\n<p>&nbsp;<\/p>\n<div class='gallery-article'><ul id='gallery-article0' class='list gallery-list galleryid-0 gallery-columns-3 gallery-size-thumbnail'><li class='gallery-item'>\n\t\t<p class='gallery-icon'>\n\t\t<a href='https:\/\/spaestonia.ee\/resort\/wp-content\/uploads\/2018\/11\/privaatsaun500x500.jpg' title=\"\" data-rl_title=\"\" class=\"rl-gallery-link\" data-rl_caption=\"\" data-rel=\"lightbox-gallery-0\"><img loading=\"lazy\" decoding=\"async\" width=\"300\" height=\"300\" src=\"https:\/\/spaestonia.ee\/resort\/wp-content\/uploads\/2018\/11\/privaatsaun500x500-300x300.jpg\" class=\"attachment-thumbnail size-thumbnail\" alt=\"\" srcset=\"https:\/\/spaestonia.ee\/resort\/wp-content\/uploads\/2018\/11\/privaatsaun500x500-300x300.jpg 300w, https:\/\/spaestonia.ee\/resort\/wp-content\/uploads\/2018\/11\/privaatsaun500x500-181x181.jpg 181w, https:\/\/spaestonia.ee\/resort\/wp-content\/uploads\/2018\/11\/privaatsaun500x500.jpg 500w\" sizes=\"auto, (max-width: 300px) 100vw, 300px\" \/><\/a>\n\t\t<\/p><\/li><li class='gallery-item'>\n\t\t<p class='gallery-icon'>\n\t\t<a href='https:\/\/spaestonia.ee\/resort\/wp-content\/uploads\/2018\/03\/resort-surnumeri-deadsea-450px.jpg' title=\"\" data-rl_title=\"\" class=\"rl-gallery-link\" data-rl_caption=\"\" data-rel=\"lightbox-gallery-0\"><img loading=\"lazy\" decoding=\"async\" width=\"300\" height=\"300\" src=\"https:\/\/spaestonia.ee\/resort\/wp-content\/uploads\/2018\/03\/resort-surnumeri-deadsea-450px-300x300.jpg\" class=\"attachment-thumbnail size-thumbnail\" alt=\"\" srcset=\"https:\/\/spaestonia.ee\/resort\/wp-content\/uploads\/2018\/03\/resort-surnumeri-deadsea-450px-300x300.jpg 300w, https:\/\/spaestonia.ee\/resort\/wp-content\/uploads\/2018\/03\/resort-surnumeri-deadsea-450px-181x181.jpg 181w, https:\/\/spaestonia.ee\/resort\/wp-content\/uploads\/2018\/03\/resort-surnumeri-deadsea-450px.jpg 450w\" sizes=\"auto, (max-width: 300px) 100vw, 300px\" \/><\/a>\n\t\t<\/p><\/li><li class='gallery-item'>\n\t\t<p class='gallery-icon'>\n\t\t<a href='https:\/\/spaestonia.ee\/resort\/wp-content\/uploads\/2017\/03\/kadakaklubilava550x360.png' title=\"\" data-rl_title=\"\" class=\"rl-gallery-link\" data-rl_caption=\"\" data-rel=\"lightbox-gallery-0\"><img loading=\"lazy\" decoding=\"async\" width=\"300\" height=\"300\" src=\"https:\/\/spaestonia.ee\/resort\/wp-content\/uploads\/2017\/03\/kadakaklubilava550x360-300x300.png\" class=\"attachment-thumbnail size-thumbnail\" alt=\"\" srcset=\"https:\/\/spaestonia.ee\/resort\/wp-content\/uploads\/2017\/03\/kadakaklubilava550x360-300x300.png 300w, https:\/\/spaestonia.ee\/resort\/wp-content\/uploads\/2017\/03\/kadakaklubilava550x360-181x181.png 181w\" sizes=\"auto, (max-width: 300px) 100vw, 300px\" \/><\/a>\n\t\t<\/p><\/li><\/ul>\n<\/div>\n\n","protected":false},"excerpt":{"rendered":"<p>KADAKA klubi privaatsaun on ideaalne seltskondadele eriliste\u00a0s\u00fcndmuste t\u00e4histamiseks ja sauna\u00f5htute korraldamiseks \u2013 firma\u00fcritused, s\u00fcnnip\u00e4evad, poissmeeste&hellip;<\/p>\n","protected":false},"author":1,"featured_media":0,"parent":351,"menu_order":0,"comment_status":"closed","ping_status":"open","template":"page-nobron_page.php","meta":{"footnotes":""},"class_list":["post-3776","page","type-page","status-publish","hentry"],"yoast_head":"<!-- This site is optimized with the Yoast SEO plugin v26.7 - https:\/\/yoast.com\/wordpress\/plugins\/seo\/ -->\n<title>Privaatsaun KADAKA klubi - ESTONIA Resort Hotel Spa<\/title>\n<meta name=\"robots\" content=\"index, follow, max-snippet:-1, max-image-preview:large, max-video-preview:-1\" \/>\n<link rel=\"canonical\" href=\"https:\/\/spaestonia.ee\/resort\/spaa-ja-saunakeskus\/privaatsaun-kadaka-klubi\/\" \/>\n<meta property=\"og:locale\" content=\"et_EE\" \/>\n<meta property=\"og:type\" content=\"article\" \/>\n<meta property=\"og:title\" content=\"Privaatsaun KADAKA klubi - ESTONIA Resort Hotel Spa\" \/>\n<meta property=\"og:description\" content=\"KADAKA klubi privaatsaun on ideaalne seltskondadele eriliste\u00a0s\u00fcndmuste t\u00e4histamiseks ja sauna\u00f5htute korraldamiseks \u2013 firma\u00fcritused, s\u00fcnnip\u00e4evad, poissmeeste&hellip;\" \/>\n<meta property=\"og:url\" content=\"https:\/\/spaestonia.ee\/resort\/spaa-ja-saunakeskus\/privaatsaun-kadaka-klubi\/\" \/>\n<meta property=\"og:site_name\" content=\"ESTONIA Resort Hotel Spa\" \/>\n<meta property=\"article:publisher\" content=\"https:\/\/www.facebook.com\/EstoniaResortHotel\" \/>\n<meta property=\"article:modified_time\" content=\"2024-10-22T11:54:43+00:00\" \/>\n<meta property=\"og:image\" content=\"https:\/\/www.spaestonia.ee\/resort\/wp-content\/uploads\/2018\/11\/privaatsaun500x500-300x300.jpg\" \/>\n<meta name=\"twitter:card\" content=\"summary_large_image\" \/>\n<meta name=\"twitter:label1\" content=\"Est. reading time\" \/>\n\t<meta name=\"twitter:data1\" content=\"2 minutit\" \/>\n<script type=\"application\/ld+json\" class=\"yoast-schema-graph\">{\"@context\":\"https:\/\/schema.org\",\"@graph\":[{\"@type\":\"WebPage\",\"@id\":\"https:\/\/spaestonia.ee\/resort\/spaa-ja-saunakeskus\/privaatsaun-kadaka-klubi\/\",\"url\":\"https:\/\/spaestonia.ee\/resort\/spaa-ja-saunakeskus\/privaatsaun-kadaka-klubi\/\",\"name\":\"Privaatsaun KADAKA klubi - ESTONIA Resort Hotel Spa\",\"isPartOf\":{\"@id\":\"https:\/\/www.spaestonia.ee\/resort\/#website\"},\"primaryImageOfPage\":{\"@id\":\"https:\/\/spaestonia.ee\/resort\/spaa-ja-saunakeskus\/privaatsaun-kadaka-klubi\/#primaryimage\"},\"image\":{\"@id\":\"https:\/\/spaestonia.ee\/resort\/spaa-ja-saunakeskus\/privaatsaun-kadaka-klubi\/#primaryimage\"},\"thumbnailUrl\":\"http:\/\/www.spaestonia.ee\/resort\/wp-content\/uploads\/2015\/09\/Kadaka-saun-veeb2.jpg\",\"datePublished\":\"2015-09-02T16:58:32+00:00\",\"dateModified\":\"2024-10-22T11:54:43+00:00\",\"breadcrumb\":{\"@id\":\"https:\/\/spaestonia.ee\/resort\/spaa-ja-saunakeskus\/privaatsaun-kadaka-klubi\/#breadcrumb\"},\"inLanguage\":\"et\",\"potentialAction\":[{\"@type\":\"ReadAction\",\"target\":[\"https:\/\/spaestonia.ee\/resort\/spaa-ja-saunakeskus\/privaatsaun-kadaka-klubi\/\"]}]},{\"@type\":\"ImageObject\",\"inLanguage\":\"et\",\"@id\":\"https:\/\/spaestonia.ee\/resort\/spaa-ja-saunakeskus\/privaatsaun-kadaka-klubi\/#primaryimage\",\"url\":\"http:\/\/www.spaestonia.ee\/resort\/wp-content\/uploads\/2015\/09\/Kadaka-saun-veeb2.jpg\",\"contentUrl\":\"http:\/\/www.spaestonia.ee\/resort\/wp-content\/uploads\/2015\/09\/Kadaka-saun-veeb2.jpg\"},{\"@type\":\"BreadcrumbList\",\"@id\":\"https:\/\/spaestonia.ee\/resort\/spaa-ja-saunakeskus\/privaatsaun-kadaka-klubi\/#breadcrumb\",\"itemListElement\":[{\"@type\":\"ListItem\",\"position\":1,\"name\":\"Home\",\"item\":\"https:\/\/www.spaestonia.ee\/resort\/\"},{\"@type\":\"ListItem\",\"position\":2,\"name\":\"SPA &#038; SAUN ja spaahoolitsused\",\"item\":\"https:\/\/www.spaestonia.ee\/resort\/spaa-ja-saunakeskus\/\"},{\"@type\":\"ListItem\",\"position\":3,\"name\":\"Privaatsaun KADAKA klubi\"}]},{\"@type\":\"WebSite\",\"@id\":\"https:\/\/www.spaestonia.ee\/resort\/#website\",\"url\":\"https:\/\/www.spaestonia.ee\/resort\/\",\"name\":\"ESTONIA Resort Hotel Spa\",\"description\":\"Your destination in P\u00e4rnu for wellness and events\",\"publisher\":{\"@id\":\"https:\/\/www.spaestonia.ee\/resort\/#organization\"},\"potentialAction\":[{\"@type\":\"SearchAction\",\"target\":{\"@type\":\"EntryPoint\",\"urlTemplate\":\"https:\/\/www.spaestonia.ee\/resort\/?s={search_term_string}\"},\"query-input\":{\"@type\":\"PropertyValueSpecification\",\"valueRequired\":true,\"valueName\":\"search_term_string\"}}],\"inLanguage\":\"et\"},{\"@type\":\"Organization\",\"@id\":\"https:\/\/www.spaestonia.ee\/resort\/#organization\",\"name\":\"ESTONIA Resort Hotel Spa\",\"url\":\"https:\/\/www.spaestonia.ee\/resort\/\",\"logo\":{\"@type\":\"ImageObject\",\"inLanguage\":\"et\",\"@id\":\"https:\/\/www.spaestonia.ee\/resort\/#\/schema\/logo\/image\/\",\"url\":\"https:\/\/www.spaestonia.ee\/resort\/wp-content\/uploads\/2025\/02\/resort-hotel-estonia.png\",\"contentUrl\":\"https:\/\/www.spaestonia.ee\/resort\/wp-content\/uploads\/2025\/02\/resort-hotel-estonia.png\",\"width\":400,\"height\":173,\"caption\":\"ESTONIA Resort Hotel Spa\"},\"image\":{\"@id\":\"https:\/\/www.spaestonia.ee\/resort\/#\/schema\/logo\/image\/\"},\"sameAs\":[\"https:\/\/www.facebook.com\/EstoniaResortHotel\"]}]}<\/script>\n<!-- \/ Yoast SEO plugin. -->","yoast_head_json":{"title":"Privaatsaun KADAKA klubi - ESTONIA Resort Hotel Spa","robots":{"index":"index","follow":"follow","max-snippet":"max-snippet:-1","max-image-preview":"max-image-preview:large","max-video-preview":"max-video-preview:-1"},"canonical":"https:\/\/spaestonia.ee\/resort\/spaa-ja-saunakeskus\/privaatsaun-kadaka-klubi\/","og_locale":"et_EE","og_type":"article","og_title":"Privaatsaun KADAKA klubi - ESTONIA Resort Hotel Spa","og_description":"KADAKA klubi privaatsaun on ideaalne seltskondadele eriliste\u00a0s\u00fcndmuste t\u00e4histamiseks ja sauna\u00f5htute korraldamiseks \u2013 firma\u00fcritused, s\u00fcnnip\u00e4evad, poissmeeste&hellip;","og_url":"https:\/\/spaestonia.ee\/resort\/spaa-ja-saunakeskus\/privaatsaun-kadaka-klubi\/","og_site_name":"ESTONIA Resort Hotel Spa","article_publisher":"https:\/\/www.facebook.com\/EstoniaResortHotel","article_modified_time":"2024-10-22T11:54:43+00:00","og_image":[{"url":"https:\/\/www.spaestonia.ee\/resort\/wp-content\/uploads\/2018\/11\/privaatsaun500x500-300x300.jpg","type":"","width":"","height":""}],"twitter_card":"summary_large_image","twitter_misc":{"Est. reading time":"2 minutit"},"schema":{"@context":"https:\/\/schema.org","@graph":[{"@type":"WebPage","@id":"https:\/\/spaestonia.ee\/resort\/spaa-ja-saunakeskus\/privaatsaun-kadaka-klubi\/","url":"https:\/\/spaestonia.ee\/resort\/spaa-ja-saunakeskus\/privaatsaun-kadaka-klubi\/","name":"Privaatsaun KADAKA klubi - ESTONIA Resort Hotel Spa","isPartOf":{"@id":"https:\/\/www.spaestonia.ee\/resort\/#website"},"primaryImageOfPage":{"@id":"https:\/\/spaestonia.ee\/resort\/spaa-ja-saunakeskus\/privaatsaun-kadaka-klubi\/#primaryimage"},"image":{"@id":"https:\/\/spaestonia.ee\/resort\/spaa-ja-saunakeskus\/privaatsaun-kadaka-klubi\/#primaryimage"},"thumbnailUrl":"http:\/\/www.spaestonia.ee\/resort\/wp-content\/uploads\/2015\/09\/Kadaka-saun-veeb2.jpg","datePublished":"2015-09-02T16:58:32+00:00","dateModified":"2024-10-22T11:54:43+00:00","breadcrumb":{"@id":"https:\/\/spaestonia.ee\/resort\/spaa-ja-saunakeskus\/privaatsaun-kadaka-klubi\/#breadcrumb"},"inLanguage":"et","potentialAction":[{"@type":"ReadAction","target":["https:\/\/spaestonia.ee\/resort\/spaa-ja-saunakeskus\/privaatsaun-kadaka-klubi\/"]}]},{"@type":"ImageObject","inLanguage":"et","@id":"https:\/\/spaestonia.ee\/resort\/spaa-ja-saunakeskus\/privaatsaun-kadaka-klubi\/#primaryimage","url":"http:\/\/www.spaestonia.ee\/resort\/wp-content\/uploads\/2015\/09\/Kadaka-saun-veeb2.jpg","contentUrl":"http:\/\/www.spaestonia.ee\/resort\/wp-content\/uploads\/2015\/09\/Kadaka-saun-veeb2.jpg"},{"@type":"BreadcrumbList","@id":"https:\/\/spaestonia.ee\/resort\/spaa-ja-saunakeskus\/privaatsaun-kadaka-klubi\/#breadcrumb","itemListElement":[{"@type":"ListItem","position":1,"name":"Home","item":"https:\/\/www.spaestonia.ee\/resort\/"},{"@type":"ListItem","position":2,"name":"SPA &#038; SAUN ja spaahoolitsused","item":"https:\/\/www.spaestonia.ee\/resort\/spaa-ja-saunakeskus\/"},{"@type":"ListItem","position":3,"name":"Privaatsaun KADAKA klubi"}]},{"@type":"WebSite","@id":"https:\/\/www.spaestonia.ee\/resort\/#website","url":"https:\/\/www.spaestonia.ee\/resort\/","name":"ESTONIA Resort Hotel Spa","description":"Your destination in P\u00e4rnu for wellness and events","publisher":{"@id":"https:\/\/www.spaestonia.ee\/resort\/#organization"},"potentialAction":[{"@type":"SearchAction","target":{"@type":"EntryPoint","urlTemplate":"https:\/\/www.spaestonia.ee\/resort\/?s={search_term_string}"},"query-input":{"@type":"PropertyValueSpecification","valueRequired":true,"valueName":"search_term_string"}}],"inLanguage":"et"},{"@type":"Organization","@id":"https:\/\/www.spaestonia.ee\/resort\/#organization","name":"ESTONIA Resort Hotel Spa","url":"https:\/\/www.spaestonia.ee\/resort\/","logo":{"@type":"ImageObject","inLanguage":"et","@id":"https:\/\/www.spaestonia.ee\/resort\/#\/schema\/logo\/image\/","url":"https:\/\/www.spaestonia.ee\/resort\/wp-content\/uploads\/2025\/02\/resort-hotel-estonia.png","contentUrl":"https:\/\/www.spaestonia.ee\/resort\/wp-content\/uploads\/2025\/02\/resort-hotel-estonia.png","width":400,"height":173,"caption":"ESTONIA Resort Hotel Spa"},"image":{"@id":"https:\/\/www.spaestonia.ee\/resort\/#\/schema\/logo\/image\/"},"sameAs":["https:\/\/www.facebook.com\/EstoniaResortHotel"]}]}},"_links":{"self":[{"href":"https:\/\/spaestonia.ee\/resort\/wp-json\/wp\/v2\/pages\/3776","targetHints":{"allow":["GET"]}}],"collection":[{"href":"https:\/\/spaestonia.ee\/resort\/wp-json\/wp\/v2\/pages"}],"about":[{"href":"https:\/\/spaestonia.ee\/resort\/wp-json\/wp\/v2\/types\/page"}],"author":[{"embeddable":true,"href":"https:\/\/spaestonia.ee\/resort\/wp-json\/wp\/v2\/users\/1"}],"replies":[{"embeddable":true,"href":"https:\/\/spaestonia.ee\/resort\/wp-json\/wp\/v2\/comments?post=3776"}],"version-history":[{"count":115,"href":"https:\/\/spaestonia.ee\/resort\/wp-json\/wp\/v2\/pages\/3776\/revisions"}],"predecessor-version":[{"id":43134,"href":"https:\/\/spaestonia.ee\/resort\/wp-json\/wp\/v2\/pages\/3776\/revisions\/43134"}],"up":[{"embeddable":true,"href":"https:\/\/spaestonia.ee\/resort\/wp-json\/wp\/v2\/pages\/351"}],"wp:attachment":[{"href":"https:\/\/spaestonia.ee\/resort\/wp-json\/wp\/v2\/media?parent=3776"}],"curies":[{"name":"wp","href":"https:\/\/api.w.org\/{rel}","templated":true}]}}