{"id":41488,"date":"2024-05-10T13:23:53","date_gmt":"2024-05-10T10:23:53","guid":{"rendered":"https:\/\/www.spaestonia.ee\/resort\/?page_id=41488"},"modified":"2025-03-25T12:40:50","modified_gmt":"2025-03-25T10:40:50","slug":"laste-mangunurk","status":"publish","type":"page","link":"https:\/\/spaestonia.ee\/resort\/hotell\/laste-mangunurk\/","title":{"rendered":"Laste m\u00e4ngunurk"},"content":{"rendered":"<p>Hotelli v\u00e4ikesed k\u00fclalised on v\u00e4ga oodatud laste m\u00e4ngunurka 1. korruse lobby-alal, mis pakub l\u00f5busat ajaveetmise v\u00f5imalust. Vahval m\u00e4nguvaibal istudes saab meisterdada midagi p\u00f5nevat, m\u00e4ngida lauam\u00e4nge v\u00f5i kasv\u00f5i roomata. Mugavatel kott-toolidel pikutades on m\u00f5nus vaadata multikaid. V\u00e4ikeste kunstnike jaoks on olemas laud ja toolid ning vajalikud joonistustarbed.<\/p>\n<p>M\u00e4ngunurga vahetus l\u00e4heduses asuvad <em>Lobby <\/em>istekohad, et vanemad saaksid end mugavalt tunda ja laps(t)el silma peal hoida.<\/p>\n<p><strong>M\u00e4ngunurgas viibimise head tavad:<\/strong><\/p>\n<ul>\n<li>M\u00e4ngunurk on m\u00f5eldud kuni 10-aastastele lastele;<\/li>\n<li>M\u00e4ngunurka ei siseneta v\u00e4lisjalan\u00f5udes ning s\u00f6\u00f6gi ja joogiga;<\/li>\n<li>M\u00e4ngunurgast lahkudes hooli palun, et asjad j\u00e4\u00e4ksid korda, et ka teistel lastel oleks tore sinna minna;<\/li>\n<li>M\u00e4ngunurgas viibivad lapsed ainult oma vanemate v\u00f5i t\u00e4iskasvanud saatja vastutusel;<\/li>\n<li>M\u00e4ngunurgas ei ole laste j\u00e4relevalvet.<\/li>\n<\/ul>\n<div class='gallery-article'><ul id='gallery-article0' class='list gallery-list galleryid-0 gallery-columns-2 gallery-size-medium'><li class='gallery-item'>\n\t\t<p class='gallery-icon'>\n\t\t<a href='https:\/\/spaestonia.ee\/resort\/wp-content\/uploads\/2024\/04\/Estonia-Resort-Hotel-Spa_lastenurk-3.jpg' title=\"\" data-rl_title=\"\" class=\"rl-gallery-link\" data-rl_caption=\"\" data-rel=\"lightbox-gallery-0\"><img loading=\"lazy\" decoding=\"async\" width=\"300\" height=\"200\" src=\"https:\/\/spaestonia.ee\/resort\/wp-content\/uploads\/2024\/04\/Estonia-Resort-Hotel-Spa_lastenurk-3-300x200.jpg\" class=\"attachment-medium size-medium\" alt=\"Estonia Resort Hotel &amp; Spa_lastenurk (3)\" srcset=\"https:\/\/spaestonia.ee\/resort\/wp-content\/uploads\/2024\/04\/Estonia-Resort-Hotel-Spa_lastenurk-3-300x200.jpg 300w, https:\/\/spaestonia.ee\/resort\/wp-content\/uploads\/2024\/04\/Estonia-Resort-Hotel-Spa_lastenurk-3-768x512.jpg 768w, https:\/\/spaestonia.ee\/resort\/wp-content\/uploads\/2024\/04\/Estonia-Resort-Hotel-Spa_lastenurk-3.jpg 800w\" sizes=\"auto, (max-width: 300px) 100vw, 300px\" \/><\/a>\n\t\t<\/p><\/li><li class='gallery-item'>\n\t\t<p class='gallery-icon'>\n\t\t<a href='https:\/\/spaestonia.ee\/resort\/wp-content\/uploads\/2025\/03\/Estonia-Resort_800px-90.jpg' title=\"\" data-rl_title=\"\" class=\"rl-gallery-link\" data-rl_caption=\"\" data-rel=\"lightbox-gallery-0\"><img loading=\"lazy\" decoding=\"async\" width=\"300\" height=\"200\" src=\"https:\/\/spaestonia.ee\/resort\/wp-content\/uploads\/2025\/03\/Estonia-Resort_800px-90-300x200.jpg\" class=\"attachment-medium size-medium\" alt=\"Estonia Resort_lastenurk\" srcset=\"https:\/\/spaestonia.ee\/resort\/wp-content\/uploads\/2025\/03\/Estonia-Resort_800px-90-300x200.jpg 300w, https:\/\/spaestonia.ee\/resort\/wp-content\/uploads\/2025\/03\/Estonia-Resort_800px-90-768x512.jpg 768w, https:\/\/spaestonia.ee\/resort\/wp-content\/uploads\/2025\/03\/Estonia-Resort_800px-90.jpg 800w\" sizes=\"auto, (max-width: 300px) 100vw, 300px\" \/><\/a>\n\t\t<\/p><\/li><\/ul>\n<\/div>\n\n<p>&nbsp;<\/p>\n","protected":false},"excerpt":{"rendered":"<p>Hotelli v\u00e4ikesed k\u00fclalised on v\u00e4ga oodatud laste m\u00e4ngunurka 1. korruse lobby-alal, mis pakub l\u00f5busat ajaveetmise&hellip;<\/p>\n","protected":false},"author":18,"featured_media":0,"parent":48,"menu_order":0,"comment_status":"closed","ping_status":"closed","template":"","meta":{"footnotes":""},"class_list":["post-41488","page","type-page","status-publish","hentry"],"yoast_head":"<!-- This site is optimized with the Yoast SEO plugin v26.7 - https:\/\/yoast.com\/wordpress\/plugins\/seo\/ -->\n<title>Laste m\u00e4ngunurk - ESTONIA Resort Hotel Spa<\/title>\n<meta name=\"description\" content=\"Estonia Resort Hotel &amp; Spa 1. korruse lobby-alal asub laste m\u00e4ngunurk, mis pakub v\u00e4ikestele k\u00fclalistele l\u00f5busat ajaveetmise v\u00f5imalust.\" \/>\n<meta name=\"robots\" content=\"index, follow, max-snippet:-1, max-image-preview:large, max-video-preview:-1\" \/>\n<link rel=\"canonical\" href=\"https:\/\/spaestonia.ee\/resort\/hotell\/laste-mangunurk\/\" \/>\n<meta property=\"og:locale\" content=\"et_EE\" \/>\n<meta property=\"og:type\" content=\"article\" \/>\n<meta property=\"og:title\" content=\"Laste m\u00e4ngunurk - ESTONIA Resort Hotel Spa\" \/>\n<meta property=\"og:description\" content=\"Estonia Resort Hotel &amp; Spa 1. korruse lobby-alal asub laste m\u00e4ngunurk, mis pakub v\u00e4ikestele k\u00fclalistele l\u00f5busat ajaveetmise v\u00f5imalust.\" \/>\n<meta property=\"og:url\" content=\"https:\/\/spaestonia.ee\/resort\/hotell\/laste-mangunurk\/\" \/>\n<meta property=\"og:site_name\" content=\"ESTONIA Resort Hotel Spa\" \/>\n<meta property=\"article:publisher\" content=\"https:\/\/www.facebook.com\/EstoniaResortHotel\" \/>\n<meta property=\"article:modified_time\" content=\"2025-03-25T10:40:50+00:00\" \/>\n<meta property=\"og:image\" content=\"https:\/\/www.spaestonia.ee\/resort\/wp-content\/uploads\/2024\/04\/Estonia-Resort-Hotel-Spa_lastenurk-3-300x200.jpg\" \/>\n<meta name=\"twitter:card\" content=\"summary_large_image\" \/>\n<meta name=\"twitter:label1\" content=\"Est. reading time\" \/>\n\t<meta name=\"twitter:data1\" content=\"1 minut\" \/>\n<script type=\"application\/ld+json\" class=\"yoast-schema-graph\">{\"@context\":\"https:\/\/schema.org\",\"@graph\":[{\"@type\":\"WebPage\",\"@id\":\"https:\/\/spaestonia.ee\/resort\/hotell\/laste-mangunurk\/\",\"url\":\"https:\/\/spaestonia.ee\/resort\/hotell\/laste-mangunurk\/\",\"name\":\"Laste m\u00e4ngunurk - ESTONIA Resort Hotel Spa\",\"isPartOf\":{\"@id\":\"https:\/\/www.spaestonia.ee\/resort\/#website\"},\"datePublished\":\"2024-05-10T10:23:53+00:00\",\"dateModified\":\"2025-03-25T10:40:50+00:00\",\"description\":\"Estonia Resort Hotel & Spa 1. korruse lobby-alal asub laste m\u00e4ngunurk, mis pakub v\u00e4ikestele k\u00fclalistele l\u00f5busat ajaveetmise v\u00f5imalust.\",\"breadcrumb\":{\"@id\":\"https:\/\/spaestonia.ee\/resort\/hotell\/laste-mangunurk\/#breadcrumb\"},\"inLanguage\":\"et\",\"potentialAction\":[{\"@type\":\"ReadAction\",\"target\":[\"https:\/\/spaestonia.ee\/resort\/hotell\/laste-mangunurk\/\"]}]},{\"@type\":\"BreadcrumbList\",\"@id\":\"https:\/\/spaestonia.ee\/resort\/hotell\/laste-mangunurk\/#breadcrumb\",\"itemListElement\":[{\"@type\":\"ListItem\",\"position\":1,\"name\":\"Home\",\"item\":\"https:\/\/www.spaestonia.ee\/resort\/\"},{\"@type\":\"ListItem\",\"position\":2,\"name\":\"ESTONIA Resort Hotel &#038; Spa &#8211; spaa- ja konverentsihotell P\u00e4rnus\",\"item\":\"https:\/\/www.spaestonia.ee\/resort\/hotell\/\"},{\"@type\":\"ListItem\",\"position\":3,\"name\":\"Laste m\u00e4ngunurk\"}]},{\"@type\":\"WebSite\",\"@id\":\"https:\/\/www.spaestonia.ee\/resort\/#website\",\"url\":\"https:\/\/www.spaestonia.ee\/resort\/\",\"name\":\"ESTONIA Resort Hotel Spa\",\"description\":\"Your destination in P\u00e4rnu for wellness and events\",\"publisher\":{\"@id\":\"https:\/\/www.spaestonia.ee\/resort\/#organization\"},\"potentialAction\":[{\"@type\":\"SearchAction\",\"target\":{\"@type\":\"EntryPoint\",\"urlTemplate\":\"https:\/\/www.spaestonia.ee\/resort\/?s={search_term_string}\"},\"query-input\":{\"@type\":\"PropertyValueSpecification\",\"valueRequired\":true,\"valueName\":\"search_term_string\"}}],\"inLanguage\":\"et\"},{\"@type\":\"Organization\",\"@id\":\"https:\/\/www.spaestonia.ee\/resort\/#organization\",\"name\":\"ESTONIA Resort Hotel Spa\",\"url\":\"https:\/\/www.spaestonia.ee\/resort\/\",\"logo\":{\"@type\":\"ImageObject\",\"inLanguage\":\"et\",\"@id\":\"https:\/\/www.spaestonia.ee\/resort\/#\/schema\/logo\/image\/\",\"url\":\"https:\/\/www.spaestonia.ee\/resort\/wp-content\/uploads\/2025\/02\/resort-hotel-estonia.png\",\"contentUrl\":\"https:\/\/www.spaestonia.ee\/resort\/wp-content\/uploads\/2025\/02\/resort-hotel-estonia.png\",\"width\":400,\"height\":173,\"caption\":\"ESTONIA Resort Hotel Spa\"},\"image\":{\"@id\":\"https:\/\/www.spaestonia.ee\/resort\/#\/schema\/logo\/image\/\"},\"sameAs\":[\"https:\/\/www.facebook.com\/EstoniaResortHotel\"]}]}<\/script>\n<!-- \/ Yoast SEO plugin. -->","yoast_head_json":{"title":"Laste m\u00e4ngunurk - ESTONIA Resort Hotel Spa","description":"Estonia Resort Hotel & Spa 1. korruse lobby-alal asub laste m\u00e4ngunurk, mis pakub v\u00e4ikestele k\u00fclalistele l\u00f5busat ajaveetmise v\u00f5imalust.","robots":{"index":"index","follow":"follow","max-snippet":"max-snippet:-1","max-image-preview":"max-image-preview:large","max-video-preview":"max-video-preview:-1"},"canonical":"https:\/\/spaestonia.ee\/resort\/hotell\/laste-mangunurk\/","og_locale":"et_EE","og_type":"article","og_title":"Laste m\u00e4ngunurk - ESTONIA Resort Hotel Spa","og_description":"Estonia Resort Hotel & Spa 1. korruse lobby-alal asub laste m\u00e4ngunurk, mis pakub v\u00e4ikestele k\u00fclalistele l\u00f5busat ajaveetmise v\u00f5imalust.","og_url":"https:\/\/spaestonia.ee\/resort\/hotell\/laste-mangunurk\/","og_site_name":"ESTONIA Resort Hotel Spa","article_publisher":"https:\/\/www.facebook.com\/EstoniaResortHotel","article_modified_time":"2025-03-25T10:40:50+00:00","og_image":[{"url":"https:\/\/www.spaestonia.ee\/resort\/wp-content\/uploads\/2024\/04\/Estonia-Resort-Hotel-Spa_lastenurk-3-300x200.jpg","type":"","width":"","height":""}],"twitter_card":"summary_large_image","twitter_misc":{"Est. reading time":"1 minut"},"schema":{"@context":"https:\/\/schema.org","@graph":[{"@type":"WebPage","@id":"https:\/\/spaestonia.ee\/resort\/hotell\/laste-mangunurk\/","url":"https:\/\/spaestonia.ee\/resort\/hotell\/laste-mangunurk\/","name":"Laste m\u00e4ngunurk - ESTONIA Resort Hotel Spa","isPartOf":{"@id":"https:\/\/www.spaestonia.ee\/resort\/#website"},"datePublished":"2024-05-10T10:23:53+00:00","dateModified":"2025-03-25T10:40:50+00:00","description":"Estonia Resort Hotel & Spa 1. korruse lobby-alal asub laste m\u00e4ngunurk, mis pakub v\u00e4ikestele k\u00fclalistele l\u00f5busat ajaveetmise v\u00f5imalust.","breadcrumb":{"@id":"https:\/\/spaestonia.ee\/resort\/hotell\/laste-mangunurk\/#breadcrumb"},"inLanguage":"et","potentialAction":[{"@type":"ReadAction","target":["https:\/\/spaestonia.ee\/resort\/hotell\/laste-mangunurk\/"]}]},{"@type":"BreadcrumbList","@id":"https:\/\/spaestonia.ee\/resort\/hotell\/laste-mangunurk\/#breadcrumb","itemListElement":[{"@type":"ListItem","position":1,"name":"Home","item":"https:\/\/www.spaestonia.ee\/resort\/"},{"@type":"ListItem","position":2,"name":"ESTONIA Resort Hotel &#038; Spa &#8211; spaa- ja konverentsihotell P\u00e4rnus","item":"https:\/\/www.spaestonia.ee\/resort\/hotell\/"},{"@type":"ListItem","position":3,"name":"Laste m\u00e4ngunurk"}]},{"@type":"WebSite","@id":"https:\/\/www.spaestonia.ee\/resort\/#website","url":"https:\/\/www.spaestonia.ee\/resort\/","name":"ESTONIA Resort Hotel Spa","description":"Your destination in P\u00e4rnu for wellness and events","publisher":{"@id":"https:\/\/www.spaestonia.ee\/resort\/#organization"},"potentialAction":[{"@type":"SearchAction","target":{"@type":"EntryPoint","urlTemplate":"https:\/\/www.spaestonia.ee\/resort\/?s={search_term_string}"},"query-input":{"@type":"PropertyValueSpecification","valueRequired":true,"valueName":"search_term_string"}}],"inLanguage":"et"},{"@type":"Organization","@id":"https:\/\/www.spaestonia.ee\/resort\/#organization","name":"ESTONIA Resort Hotel Spa","url":"https:\/\/www.spaestonia.ee\/resort\/","logo":{"@type":"ImageObject","inLanguage":"et","@id":"https:\/\/www.spaestonia.ee\/resort\/#\/schema\/logo\/image\/","url":"https:\/\/www.spaestonia.ee\/resort\/wp-content\/uploads\/2025\/02\/resort-hotel-estonia.png","contentUrl":"https:\/\/www.spaestonia.ee\/resort\/wp-content\/uploads\/2025\/02\/resort-hotel-estonia.png","width":400,"height":173,"caption":"ESTONIA Resort Hotel Spa"},"image":{"@id":"https:\/\/www.spaestonia.ee\/resort\/#\/schema\/logo\/image\/"},"sameAs":["https:\/\/www.facebook.com\/EstoniaResortHotel"]}]}},"_links":{"self":[{"href":"https:\/\/spaestonia.ee\/resort\/wp-json\/wp\/v2\/pages\/41488","targetHints":{"allow":["GET"]}}],"collection":[{"href":"https:\/\/spaestonia.ee\/resort\/wp-json\/wp\/v2\/pages"}],"about":[{"href":"https:\/\/spaestonia.ee\/resort\/wp-json\/wp\/v2\/types\/page"}],"author":[{"embeddable":true,"href":"https:\/\/spaestonia.ee\/resort\/wp-json\/wp\/v2\/users\/18"}],"replies":[{"embeddable":true,"href":"https:\/\/spaestonia.ee\/resort\/wp-json\/wp\/v2\/comments?post=41488"}],"version-history":[{"count":5,"href":"https:\/\/spaestonia.ee\/resort\/wp-json\/wp\/v2\/pages\/41488\/revisions"}],"predecessor-version":[{"id":44184,"href":"https:\/\/spaestonia.ee\/resort\/wp-json\/wp\/v2\/pages\/41488\/revisions\/44184"}],"up":[{"embeddable":true,"href":"https:\/\/spaestonia.ee\/resort\/wp-json\/wp\/v2\/pages\/48"}],"wp:attachment":[{"href":"https:\/\/spaestonia.ee\/resort\/wp-json\/wp\/v2\/media?parent=41488"}],"curies":[{"name":"wp","href":"https:\/\/api.w.org\/{rel}","templated":true}]}}