{"id":44260,"date":"2025-04-09T08:36:57","date_gmt":"2025-04-09T05:36:57","guid":{"rendered":"https:\/\/www.spaestonia.ee\/resort\/?page_id=44260"},"modified":"2025-05-05T09:49:27","modified_gmt":"2025-05-05T06:49:27","slug":"keskkonnasobralik-hotellielamus","status":"publish","type":"page","link":"https:\/\/spaestonia.ee\/resort\/hotell\/keskkonnasobralik-hotellielamus\/","title":{"rendered":"Keskkonnas\u00f5bralik hotellielamus"},"content":{"rendered":"<p>Meie jaoks on loodushoid ja s\u00e4\u00e4stlik m\u00f5tteviis v\u00e4ga olulised. Usume, et iga\u00fche v\u00e4iksemgi panus aitab hoida keskkonda ka tulevikus. Samuti v\u00e4\u00e4rtustame kogukonda ja vastutustundlikku tegutsemist.<\/p>\n<h2><strong>Meie sammud keskkonna hoidmiseks<\/strong><\/h2>\n<h3><strong>V\u00c4HEM PLASTI:<\/strong><\/h3>\n<ul>\n<li>Oleme hotellitubades (v.a 3 sviiti) loobunud \u00fchekordsetest minitoodetest ja asendanud need t\u00e4idetavate dosaatoritega, milles on pesugeel\/\u0161ampoon, palsam ja vedelseep. Nii v\u00e4hendame oluliselt plastpakendite hulka.<\/li>\n<li>Oleme loobunud tubades \u00fchekordsetest sussidest, et v\u00e4hendada tarbetut j\u00e4\u00e4tmeteket ja ressursikasutust. Nii anname oma panuse j\u00e4tkusuutlikumasse hotellielamusse ja v\u00e4hendame loodusele avalduvat koormust.<\/li>\n<li>Oleme hotellist kaotanud \u00fchekordsed plastikn\u00f5ud:<br \/>\n&#8211; Spaabaaris serveerime joogid taaskasutatavates n\u00f5udes.<br \/>\n&#8211; Spaa-alal saad janukustutust joogipurskkaevudest, v\u00e4ltides \u00fchekordseid topse.<br \/>\n&#8211; Toateeninduses kasutame looduss\u00f5bralikke pakendeid.<\/li>\n<\/ul>\n<h3><strong>V\u00c4HEM PABERIT<\/strong><\/h3>\n<ul>\n<li>Kasutame e-arveid<\/li>\n<li>Hotellitubade paberkandjal infomaterjalid on asendatud QR-koodi alt avaneva ja TV-ekraanidel kuvatava infoga.<\/li>\n<li>K\u00fclalistel on v\u00f5imalus elektrooniliselt hotelli sisse registreerida, ilma pabereid t\u00e4itmata.<\/li>\n<\/ul>\n<h3><strong>KESKKONNAS\u00d5BRALIK KORISTUS<\/strong><\/h3>\n<ul>\n<li>Kasutame puhastust\u00f6\u00f6des looduss\u00f5bralikke puhastusvahendeid.<\/li>\n<li>Sorteerime igap\u00e4evaselt pr\u00fcgi ning avalikes ruumides asuvad pr\u00fcgisorteerimisjaamad, mis teevad j\u00e4\u00e4tmete liigiti kogumise lihtsaks ja mugavaks.<\/li>\n<\/ul>\n<h3><strong>ENERGIA S\u00c4\u00c4STMINE JA TAASTUVENERGIA KASUTAMINE<\/strong><\/h3>\n<ul>\n<li>Hotelli katusele paigaldatud p\u00e4ikesepaneelid aitavad v\u00e4hendada energiatarbimist ja suurendada taastuvenergia osakaalu.<\/li>\n<li>Spaa- ja konverentsimajja on paigaldatud soojusvahetid, mis taaskasutavad tarbevee j\u00e4\u00e4ksoojust.<\/li>\n<li>Kasutame energia s\u00e4\u00e4stmiseks LED-pirne.<\/li>\n<li>Hotelli P2 parklas on elektriautode laadija.<\/li>\n<\/ul>\n<h3><strong>RINGMAJANDUS<\/strong><\/h3>\n<ul>\n<li>Kasutatud tekid, padjad ja froteetooted leiavad uue elu loomade varjupaikades v\u00f5i mujal.<\/li>\n<\/ul>\n<h3><strong>V\u00c4HEM TOIDUJ\u00c4\u00c4TMEID<\/strong><\/h3>\n<ul>\n<li>Pingutame, et v\u00e4hendada toiduj\u00e4\u00e4tmeid nutikate men\u00fc\u00fcde ja optimeeritud toidukogustega.<\/li>\n<\/ul>\n<h3><strong>TERVISLIK KESKKOND<\/strong><\/h3>\n<ul>\n<li>Meie hotell on tubakavaba.<\/li>\n<\/ul>\n<hr \/>\n<h3><strong>V\u00e4\u00e4rtustame kogukonda ja vastutustundlikku tegutsemist <\/strong><\/h3>\n<ul>\n<li>Toetame kohalikku kogukonda ja edendame tervislikku ning aktiivset eluviisi, panustades spordi- ja kultuuris\u00fcndmustesse.<\/li>\n<li>Oleme aktiivsed erialaliitudes ja koost\u00f6\u00f6v\u00f5rgustikes.<\/li>\n<li>Toetame noorte j\u00e4relkasvu, pakkudes praktikav\u00f5imalusi ja t\u00f6\u00f6kohti ning osaledes \u00f5ppekavade loomisel. Meie t\u00f6\u00f6tajad jagavad oma teadmisi ja kogemusi erinevates \u00f5ppeasutustes, panustades tulevaste spetsialistide arengusse.<\/li>\n<li>Kasutame hotellitubades kohalike tootjate voodeid, tekke, patju ja voodiriideid. Hea une tagamiseks on v\u00f5imalus patju ka kaasa osta.<\/li>\n<li>Toidu valmistamisel eelistame kohalikku ja v\u00e4rsket toorainet.<\/li>\n<\/ul>\n<h3><strong>Ait\u00e4h, et aitad meil loodust hoida! Ka Sinu panus k\u00fclalisena on hindamatu<\/strong><\/h3>\n<ul>\n<li>L\u00fclita tuled v\u00e4lja, kui toast lahkud!<\/li>\n<li>Kasuta vett s\u00e4\u00e4stlikult!<\/li>\n<li>R\u00e4ttide igap\u00e4evane vahetamine k\u00f5igis hotellitubades t\u00e4hendab v\u00e4ga suurt pesuvahendite ja vee tarbimist. Aita meil loodust s\u00e4\u00e4sta \u2013 kui Sa ei vaja r\u00e4tikute vahetust, j\u00e4ta need lihtsalt nagisse!<\/li>\n<li>Hotellitoa koristamine n\u00f5uab mitmeid ressursse, nagu vesi, elekter ja puhastusvahendid. Kui peatute meie juures mitu \u00f6\u00f6d, palume teil kaaluda p\u00e4evakoristuse vajalikkust. Kui koristust ei ole vaja, asetage uksele silt &#8220;MITTE H\u00c4IRIDA&#8221;.<\/li>\n<li>Aita v\u00e4hendada toiduj\u00e4\u00e4tmeid \u2013 t\u00f5sta taldrikule nii palju, kui p\u00e4riselt \u00e4ra s\u00f6\u00f6d!<\/li>\n<\/ul>\n<h3 style=\"text-align: center;\"><em><strong>Koos loome puhtama ja j\u00e4tkusuutlikuma tuleviku.<br \/>\n<\/strong><strong>Ait\u00e4h, et hoolid!<\/strong><\/em><\/h3>\n<div class='gallery-article'><ul id='gallery-article0' class='list gallery-list galleryid-0 gallery-columns-3 gallery-size-thumbnail'><li class='gallery-item'>\n\t\t<p class='gallery-icon'>\n\t\t<a href='https:\/\/spaestonia.ee\/resort\/wp-content\/uploads\/2025\/04\/IMG_2946-002.jpg' title=\"\" data-rl_title=\"\" class=\"rl-gallery-link\" data-rl_caption=\"\" data-rel=\"lightbox-gallery-0\"><img loading=\"lazy\" decoding=\"async\" width=\"300\" height=\"300\" src=\"https:\/\/spaestonia.ee\/resort\/wp-content\/uploads\/2025\/04\/IMG_2946-002-300x300.jpg\" class=\"attachment-thumbnail size-thumbnail\" alt=\"\" srcset=\"https:\/\/spaestonia.ee\/resort\/wp-content\/uploads\/2025\/04\/IMG_2946-002-300x300.jpg 300w, https:\/\/spaestonia.ee\/resort\/wp-content\/uploads\/2025\/04\/IMG_2946-002-181x181.jpg 181w\" sizes=\"auto, (max-width: 300px) 100vw, 300px\" \/><\/a>\n\t\t<\/p><\/li><li class='gallery-item'>\n\t\t<p class='gallery-icon'>\n\t\t<a href='https:\/\/spaestonia.ee\/resort\/wp-content\/uploads\/2025\/04\/IMG_2938-002.jpg' title=\"\" data-rl_title=\"\" class=\"rl-gallery-link\" data-rl_caption=\"\" data-rel=\"lightbox-gallery-0\"><img loading=\"lazy\" decoding=\"async\" width=\"300\" height=\"300\" src=\"https:\/\/spaestonia.ee\/resort\/wp-content\/uploads\/2025\/04\/IMG_2938-002-300x300.jpg\" class=\"attachment-thumbnail size-thumbnail\" alt=\"\" srcset=\"https:\/\/spaestonia.ee\/resort\/wp-content\/uploads\/2025\/04\/IMG_2938-002-300x300.jpg 300w, https:\/\/spaestonia.ee\/resort\/wp-content\/uploads\/2025\/04\/IMG_2938-002-181x181.jpg 181w\" sizes=\"auto, (max-width: 300px) 100vw, 300px\" \/><\/a>\n\t\t<\/p><\/li><li class='gallery-item'>\n\t\t<p class='gallery-icon'>\n\t\t<a href='https:\/\/spaestonia.ee\/resort\/wp-content\/uploads\/2025\/04\/SPA-SAUN-18.jpg' title=\"\" data-rl_title=\"\" class=\"rl-gallery-link\" data-rl_caption=\"\" data-rel=\"lightbox-gallery-0\"><img loading=\"lazy\" decoding=\"async\" width=\"300\" height=\"300\" src=\"https:\/\/spaestonia.ee\/resort\/wp-content\/uploads\/2025\/04\/SPA-SAUN-18-300x300.jpg\" class=\"attachment-thumbnail size-thumbnail\" alt=\"\" srcset=\"https:\/\/spaestonia.ee\/resort\/wp-content\/uploads\/2025\/04\/SPA-SAUN-18-300x300.jpg 300w, https:\/\/spaestonia.ee\/resort\/wp-content\/uploads\/2025\/04\/SPA-SAUN-18-181x181.jpg 181w\" sizes=\"auto, (max-width: 300px) 100vw, 300px\" \/><\/a>\n\t\t<\/p><\/li><\/ul>\n<\/div>\n\n<p><strong>\u00a0<\/strong><\/p>\n","protected":false},"excerpt":{"rendered":"<p>Meie jaoks on loodushoid ja s\u00e4\u00e4stlik m\u00f5tteviis v\u00e4ga olulised. Usume, et iga\u00fche v\u00e4iksemgi panus aitab&hellip;<\/p>\n","protected":false},"author":18,"featured_media":0,"parent":48,"menu_order":0,"comment_status":"closed","ping_status":"closed","template":"","meta":{"footnotes":""},"class_list":["post-44260","page","type-page","status-publish","hentry"],"yoast_head":"<!-- This site is optimized with the Yoast SEO plugin v26.7 - https:\/\/yoast.com\/wordpress\/plugins\/seo\/ -->\n<title>Keskkonnas\u00f5bralik hotellielamus - ESTONIA Resort Hotel Spa<\/title>\n<meta name=\"description\" content=\"Keskkonnas\u00f5bralik hotellielamus Estonia Resort Hotel &amp; Spa\u00b4s\" \/>\n<meta name=\"robots\" content=\"index, follow, max-snippet:-1, max-image-preview:large, max-video-preview:-1\" \/>\n<link rel=\"canonical\" href=\"https:\/\/spaestonia.ee\/resort\/hotell\/keskkonnasobralik-hotellielamus\/\" \/>\n<meta property=\"og:locale\" content=\"et_EE\" \/>\n<meta property=\"og:type\" content=\"article\" \/>\n<meta property=\"og:title\" content=\"Keskkonnas\u00f5bralik hotellielamus - ESTONIA Resort Hotel Spa\" \/>\n<meta property=\"og:description\" content=\"Keskkonnas\u00f5bralik hotellielamus Estonia Resort Hotel &amp; Spa\u00b4s\" \/>\n<meta property=\"og:url\" content=\"https:\/\/spaestonia.ee\/resort\/hotell\/keskkonnasobralik-hotellielamus\/\" \/>\n<meta property=\"og:site_name\" content=\"ESTONIA Resort Hotel Spa\" \/>\n<meta property=\"article:publisher\" content=\"https:\/\/www.facebook.com\/EstoniaResortHotel\" \/>\n<meta property=\"article:modified_time\" content=\"2025-05-05T06:49:27+00:00\" \/>\n<meta property=\"og:image\" content=\"https:\/\/www.spaestonia.ee\/resort\/wp-content\/uploads\/2025\/04\/IMG_2946-002-300x300.jpg\" \/>\n<meta name=\"twitter:card\" content=\"summary_large_image\" \/>\n<meta name=\"twitter:label1\" content=\"Est. reading time\" \/>\n\t<meta name=\"twitter:data1\" content=\"3 minutit\" \/>\n<script type=\"application\/ld+json\" class=\"yoast-schema-graph\">{\"@context\":\"https:\/\/schema.org\",\"@graph\":[{\"@type\":\"WebPage\",\"@id\":\"https:\/\/spaestonia.ee\/resort\/hotell\/keskkonnasobralik-hotellielamus\/\",\"url\":\"https:\/\/spaestonia.ee\/resort\/hotell\/keskkonnasobralik-hotellielamus\/\",\"name\":\"Keskkonnas\u00f5bralik hotellielamus - ESTONIA Resort Hotel Spa\",\"isPartOf\":{\"@id\":\"https:\/\/www.spaestonia.ee\/resort\/#website\"},\"datePublished\":\"2025-04-09T05:36:57+00:00\",\"dateModified\":\"2025-05-05T06:49:27+00:00\",\"description\":\"Keskkonnas\u00f5bralik hotellielamus Estonia Resort Hotel & Spa\u00b4s\",\"breadcrumb\":{\"@id\":\"https:\/\/spaestonia.ee\/resort\/hotell\/keskkonnasobralik-hotellielamus\/#breadcrumb\"},\"inLanguage\":\"et\",\"potentialAction\":[{\"@type\":\"ReadAction\",\"target\":[\"https:\/\/spaestonia.ee\/resort\/hotell\/keskkonnasobralik-hotellielamus\/\"]}]},{\"@type\":\"BreadcrumbList\",\"@id\":\"https:\/\/spaestonia.ee\/resort\/hotell\/keskkonnasobralik-hotellielamus\/#breadcrumb\",\"itemListElement\":[{\"@type\":\"ListItem\",\"position\":1,\"name\":\"Home\",\"item\":\"https:\/\/www.spaestonia.ee\/resort\/\"},{\"@type\":\"ListItem\",\"position\":2,\"name\":\"ESTONIA Resort Hotel &#038; Spa &#8211; spaa- ja konverentsihotell P\u00e4rnus\",\"item\":\"https:\/\/www.spaestonia.ee\/resort\/hotell\/\"},{\"@type\":\"ListItem\",\"position\":3,\"name\":\"Keskkonnas\u00f5bralik hotellielamus\"}]},{\"@type\":\"WebSite\",\"@id\":\"https:\/\/www.spaestonia.ee\/resort\/#website\",\"url\":\"https:\/\/www.spaestonia.ee\/resort\/\",\"name\":\"ESTONIA Resort Hotel Spa\",\"description\":\"Your destination in P\u00e4rnu for wellness and events\",\"publisher\":{\"@id\":\"https:\/\/www.spaestonia.ee\/resort\/#organization\"},\"potentialAction\":[{\"@type\":\"SearchAction\",\"target\":{\"@type\":\"EntryPoint\",\"urlTemplate\":\"https:\/\/www.spaestonia.ee\/resort\/?s={search_term_string}\"},\"query-input\":{\"@type\":\"PropertyValueSpecification\",\"valueRequired\":true,\"valueName\":\"search_term_string\"}}],\"inLanguage\":\"et\"},{\"@type\":\"Organization\",\"@id\":\"https:\/\/www.spaestonia.ee\/resort\/#organization\",\"name\":\"ESTONIA Resort Hotel Spa\",\"url\":\"https:\/\/www.spaestonia.ee\/resort\/\",\"logo\":{\"@type\":\"ImageObject\",\"inLanguage\":\"et\",\"@id\":\"https:\/\/www.spaestonia.ee\/resort\/#\/schema\/logo\/image\/\",\"url\":\"https:\/\/www.spaestonia.ee\/resort\/wp-content\/uploads\/2025\/02\/resort-hotel-estonia.png\",\"contentUrl\":\"https:\/\/www.spaestonia.ee\/resort\/wp-content\/uploads\/2025\/02\/resort-hotel-estonia.png\",\"width\":400,\"height\":173,\"caption\":\"ESTONIA Resort Hotel Spa\"},\"image\":{\"@id\":\"https:\/\/www.spaestonia.ee\/resort\/#\/schema\/logo\/image\/\"},\"sameAs\":[\"https:\/\/www.facebook.com\/EstoniaResortHotel\"]}]}<\/script>\n<!-- \/ Yoast SEO plugin. -->","yoast_head_json":{"title":"Keskkonnas\u00f5bralik hotellielamus - ESTONIA Resort Hotel Spa","description":"Keskkonnas\u00f5bralik hotellielamus Estonia Resort Hotel & Spa\u00b4s","robots":{"index":"index","follow":"follow","max-snippet":"max-snippet:-1","max-image-preview":"max-image-preview:large","max-video-preview":"max-video-preview:-1"},"canonical":"https:\/\/spaestonia.ee\/resort\/hotell\/keskkonnasobralik-hotellielamus\/","og_locale":"et_EE","og_type":"article","og_title":"Keskkonnas\u00f5bralik hotellielamus - ESTONIA Resort Hotel Spa","og_description":"Keskkonnas\u00f5bralik hotellielamus Estonia Resort Hotel & Spa\u00b4s","og_url":"https:\/\/spaestonia.ee\/resort\/hotell\/keskkonnasobralik-hotellielamus\/","og_site_name":"ESTONIA Resort Hotel Spa","article_publisher":"https:\/\/www.facebook.com\/EstoniaResortHotel","article_modified_time":"2025-05-05T06:49:27+00:00","og_image":[{"url":"https:\/\/www.spaestonia.ee\/resort\/wp-content\/uploads\/2025\/04\/IMG_2946-002-300x300.jpg","type":"","width":"","height":""}],"twitter_card":"summary_large_image","twitter_misc":{"Est. reading time":"3 minutit"},"schema":{"@context":"https:\/\/schema.org","@graph":[{"@type":"WebPage","@id":"https:\/\/spaestonia.ee\/resort\/hotell\/keskkonnasobralik-hotellielamus\/","url":"https:\/\/spaestonia.ee\/resort\/hotell\/keskkonnasobralik-hotellielamus\/","name":"Keskkonnas\u00f5bralik hotellielamus - ESTONIA Resort Hotel Spa","isPartOf":{"@id":"https:\/\/www.spaestonia.ee\/resort\/#website"},"datePublished":"2025-04-09T05:36:57+00:00","dateModified":"2025-05-05T06:49:27+00:00","description":"Keskkonnas\u00f5bralik hotellielamus Estonia Resort Hotel & Spa\u00b4s","breadcrumb":{"@id":"https:\/\/spaestonia.ee\/resort\/hotell\/keskkonnasobralik-hotellielamus\/#breadcrumb"},"inLanguage":"et","potentialAction":[{"@type":"ReadAction","target":["https:\/\/spaestonia.ee\/resort\/hotell\/keskkonnasobralik-hotellielamus\/"]}]},{"@type":"BreadcrumbList","@id":"https:\/\/spaestonia.ee\/resort\/hotell\/keskkonnasobralik-hotellielamus\/#breadcrumb","itemListElement":[{"@type":"ListItem","position":1,"name":"Home","item":"https:\/\/www.spaestonia.ee\/resort\/"},{"@type":"ListItem","position":2,"name":"ESTONIA Resort Hotel &#038; Spa &#8211; spaa- ja konverentsihotell P\u00e4rnus","item":"https:\/\/www.spaestonia.ee\/resort\/hotell\/"},{"@type":"ListItem","position":3,"name":"Keskkonnas\u00f5bralik hotellielamus"}]},{"@type":"WebSite","@id":"https:\/\/www.spaestonia.ee\/resort\/#website","url":"https:\/\/www.spaestonia.ee\/resort\/","name":"ESTONIA Resort Hotel Spa","description":"Your destination in P\u00e4rnu for wellness and events","publisher":{"@id":"https:\/\/www.spaestonia.ee\/resort\/#organization"},"potentialAction":[{"@type":"SearchAction","target":{"@type":"EntryPoint","urlTemplate":"https:\/\/www.spaestonia.ee\/resort\/?s={search_term_string}"},"query-input":{"@type":"PropertyValueSpecification","valueRequired":true,"valueName":"search_term_string"}}],"inLanguage":"et"},{"@type":"Organization","@id":"https:\/\/www.spaestonia.ee\/resort\/#organization","name":"ESTONIA Resort Hotel Spa","url":"https:\/\/www.spaestonia.ee\/resort\/","logo":{"@type":"ImageObject","inLanguage":"et","@id":"https:\/\/www.spaestonia.ee\/resort\/#\/schema\/logo\/image\/","url":"https:\/\/www.spaestonia.ee\/resort\/wp-content\/uploads\/2025\/02\/resort-hotel-estonia.png","contentUrl":"https:\/\/www.spaestonia.ee\/resort\/wp-content\/uploads\/2025\/02\/resort-hotel-estonia.png","width":400,"height":173,"caption":"ESTONIA Resort Hotel Spa"},"image":{"@id":"https:\/\/www.spaestonia.ee\/resort\/#\/schema\/logo\/image\/"},"sameAs":["https:\/\/www.facebook.com\/EstoniaResortHotel"]}]}},"_links":{"self":[{"href":"https:\/\/spaestonia.ee\/resort\/wp-json\/wp\/v2\/pages\/44260","targetHints":{"allow":["GET"]}}],"collection":[{"href":"https:\/\/spaestonia.ee\/resort\/wp-json\/wp\/v2\/pages"}],"about":[{"href":"https:\/\/spaestonia.ee\/resort\/wp-json\/wp\/v2\/types\/page"}],"author":[{"embeddable":true,"href":"https:\/\/spaestonia.ee\/resort\/wp-json\/wp\/v2\/users\/18"}],"replies":[{"embeddable":true,"href":"https:\/\/spaestonia.ee\/resort\/wp-json\/wp\/v2\/comments?post=44260"}],"version-history":[{"count":14,"href":"https:\/\/spaestonia.ee\/resort\/wp-json\/wp\/v2\/pages\/44260\/revisions"}],"predecessor-version":[{"id":44416,"href":"https:\/\/spaestonia.ee\/resort\/wp-json\/wp\/v2\/pages\/44260\/revisions\/44416"}],"up":[{"embeddable":true,"href":"https:\/\/spaestonia.ee\/resort\/wp-json\/wp\/v2\/pages\/48"}],"wp:attachment":[{"href":"https:\/\/spaestonia.ee\/resort\/wp-json\/wp\/v2\/media?parent=44260"}],"curies":[{"name":"wp","href":"https:\/\/api.w.org\/{rel}","templated":true}]}}