{"id":46791,"date":"2026-03-24T11:36:43","date_gmt":"2026-03-24T09:36:43","guid":{"rendered":"https:\/\/www.spaestonia.ee\/resort\/?page_id=46791"},"modified":"2026-03-31T15:57:09","modified_gmt":"2026-03-31T12:57:09","slug":"parnu-meritindi-festival","status":"publish","type":"page","link":"https:\/\/spaestonia.ee\/resort\/restoran-noot\/parnu-meritindi-festival\/","title":{"rendered":"P\u00e4rnu Meritindi Festival 5.-26.04.2026"},"content":{"rendered":"<p><img loading=\"lazy\" decoding=\"async\" class=\"wp-image-46850 alignright\" src=\"http:\/\/www.spaestonia.ee\/resort\/wp-content\/uploads\/2026\/03\/Peamine_meritindi-logo-varviline-must-kiri-1024x805.jpg\" alt=\"\" width=\"198\" height=\"156\" srcset=\"https:\/\/spaestonia.ee\/resort\/wp-content\/uploads\/2026\/03\/Peamine_meritindi-logo-varviline-must-kiri-1024x805.jpg 1024w, https:\/\/spaestonia.ee\/resort\/wp-content\/uploads\/2026\/03\/Peamine_meritindi-logo-varviline-must-kiri-300x236.jpg 300w, https:\/\/spaestonia.ee\/resort\/wp-content\/uploads\/2026\/03\/Peamine_meritindi-logo-varviline-must-kiri-768x604.jpg 768w, https:\/\/spaestonia.ee\/resort\/wp-content\/uploads\/2026\/03\/Peamine_meritindi-logo-varviline-must-kiri-1536x1208.jpg 1536w, https:\/\/spaestonia.ee\/resort\/wp-content\/uploads\/2026\/03\/Peamine_meritindi-logo-varviline-must-kiri-2048x1611.jpg 2048w\" sizes=\"auto, (max-width: 198px) 100vw, 198px\" \/><\/p>\n<p data-start=\"80\" data-end=\"317\">Meritint on v\u00e4ikese h\u00f5bedase kehaga kala, keda leidub k\u00f5ige arvukamalt just kevadeti <span class=\"hover:entity-accent entity-underline inline cursor-pointer align-baseline\"><span class=\"whitespace-normal\">P\u00e4rnu<\/span><\/span> vetes. Oma erilise v\u00e4rske kurgi l\u00f5hnaga on ta kujunenud t\u00f5eliseks legendiks nii kalameeste kui ka gurmaanide seas.<\/p>\n<p>\u00c4ra maga maha v\u00f5imalust t\u00e4histada kevadet, avastada uusi maitseid ja nautida <span class=\"hover:entity-accent entity-underline inline cursor-pointer align-baseline\"><span class=\"whitespace-normal\">P\u00e4rnu<\/span><\/span> kui merelinna ainulaadset h\u00f5ngu!<\/p>\n<p data-start=\"538\" data-end=\"715\"><span style=\"font-size: 20px;\"><strong><span class=\"hover:entity-accent entity-underline inline cursor-pointer align-baseline\"><span class=\"whitespace-normal\">P\u00e4rnu Meritindi Festival<\/span><\/span> toimub 5.\u201326.04.2026<\/strong><\/span>, mil <span class=\"hover:entity-accent entity-underline inline cursor-pointer align-baseline\"><span class=\"whitespace-normal\">P\u00e4rnu<\/span><\/span> arvukates toitlustuskohtades saab nautida peakokkade loomingut meritindist. Loe ja vaata lisaks <span class=\"hover:entity-accent entity-underline inline cursor-pointer align-baseline\"><span class=\"whitespace-normal\">festival<\/span><\/span> kohta <span style=\"font-size: 20px;\"><strong><a href=\"https:\/\/www.meritindifestival.ee\/\">SIIT<\/a><\/strong>.<\/span><\/p>\n<p style=\"text-align: center;\" data-start=\"538\" data-end=\"715\"><strong><span style=\"color: #ad9164;\"><span style=\"font-size: 24px;\">Restoran NOOT Meritindi Festi<span style=\"font-size: 20px;\">vali eriroog<\/span><\/span><\/span><\/strong><span style=\"font-size: 20px;\"><span style=\"color: #ad9164;\"><strong>\u00a06.-24. aprillini<\/strong><br \/>\n\u2013 <strong>Bao kukkel kr\u00f5beda meritindiga<\/strong> <strong>10 \u20ac \u2013<\/strong><br \/>\n<\/span><\/span><\/p>\n<div class='gallery-article'><ul id='gallery-article0' class='list gallery-list galleryid-0 gallery-columns-3 gallery-size-thumbnail'><li class='gallery-item'>\n\t\t<p class='gallery-icon'>\n\t\t<a href='https:\/\/spaestonia.ee\/resort\/wp-content\/uploads\/2026\/03\/Restoran-NOOT-@-Parnu-Meritindi-Festival-2026_12_noot_0130-scaled.jpg' title=\"\" data-rl_title=\"\" class=\"rl-gallery-link\" data-rl_caption=\"\" data-rel=\"lightbox-gallery-0\"><img loading=\"lazy\" decoding=\"async\" width=\"300\" height=\"300\" src=\"https:\/\/spaestonia.ee\/resort\/wp-content\/uploads\/2026\/03\/Restoran-NOOT-@-Parnu-Meritindi-Festival-2026_12_noot_0130-300x300.jpg\" class=\"attachment-thumbnail size-thumbnail\" alt=\"\" srcset=\"https:\/\/spaestonia.ee\/resort\/wp-content\/uploads\/2026\/03\/Restoran-NOOT-@-Parnu-Meritindi-Festival-2026_12_noot_0130-300x300.jpg 300w, https:\/\/spaestonia.ee\/resort\/wp-content\/uploads\/2026\/03\/Restoran-NOOT-@-Parnu-Meritindi-Festival-2026_12_noot_0130-181x181.jpg 181w\" sizes=\"auto, (max-width: 300px) 100vw, 300px\" \/><\/a>\n\t\t<\/p><\/li><li class='gallery-item'>\n\t\t<p class='gallery-icon'>\n\t\t<a href='https:\/\/spaestonia.ee\/resort\/wp-content\/uploads\/2026\/03\/Restoran-NOOT-@-Parnu-Meritindi-Festival-2026_12_noot_0135-scaled.jpg' title=\"\" data-rl_title=\"\" class=\"rl-gallery-link\" data-rl_caption=\"\" data-rel=\"lightbox-gallery-0\"><img loading=\"lazy\" decoding=\"async\" width=\"300\" height=\"300\" src=\"https:\/\/spaestonia.ee\/resort\/wp-content\/uploads\/2026\/03\/Restoran-NOOT-@-Parnu-Meritindi-Festival-2026_12_noot_0135-300x300.jpg\" class=\"attachment-thumbnail size-thumbnail\" alt=\"\" srcset=\"https:\/\/spaestonia.ee\/resort\/wp-content\/uploads\/2026\/03\/Restoran-NOOT-@-Parnu-Meritindi-Festival-2026_12_noot_0135-300x300.jpg 300w, https:\/\/spaestonia.ee\/resort\/wp-content\/uploads\/2026\/03\/Restoran-NOOT-@-Parnu-Meritindi-Festival-2026_12_noot_0135-181x181.jpg 181w\" sizes=\"auto, (max-width: 300px) 100vw, 300px\" \/><\/a>\n\t\t<\/p><\/li><li class='gallery-item'>\n\t\t<p class='gallery-icon'>\n\t\t<a href='https:\/\/spaestonia.ee\/resort\/wp-content\/uploads\/2026\/03\/Restoran-NOOT-@-Parnu-Meritindi-Festival-2026_12_noot_0131-scaled.jpg' title=\"\" data-rl_title=\"\" class=\"rl-gallery-link\" data-rl_caption=\"\" data-rel=\"lightbox-gallery-0\"><img loading=\"lazy\" decoding=\"async\" width=\"300\" height=\"300\" src=\"https:\/\/spaestonia.ee\/resort\/wp-content\/uploads\/2026\/03\/Restoran-NOOT-@-Parnu-Meritindi-Festival-2026_12_noot_0131-300x300.jpg\" class=\"attachment-thumbnail size-thumbnail\" alt=\"\" srcset=\"https:\/\/spaestonia.ee\/resort\/wp-content\/uploads\/2026\/03\/Restoran-NOOT-@-Parnu-Meritindi-Festival-2026_12_noot_0131-300x300.jpg 300w, https:\/\/spaestonia.ee\/resort\/wp-content\/uploads\/2026\/03\/Restoran-NOOT-@-Parnu-Meritindi-Festival-2026_12_noot_0131-181x181.jpg 181w\" sizes=\"auto, (max-width: 300px) 100vw, 300px\" \/><\/a>\n\t\t<\/p><\/li><\/ul>\n<\/div>\n\n","protected":false},"excerpt":{"rendered":"<p>Meritint on v\u00e4ikese h\u00f5bedase kehaga kala, keda leidub k\u00f5ige arvukamalt just kevadeti P\u00e4rnu vetes. Oma&hellip;<\/p>\n","protected":false},"author":14,"featured_media":0,"parent":57,"menu_order":0,"comment_status":"closed","ping_status":"closed","template":"","meta":{"footnotes":""},"class_list":["post-46791","page","type-page","status-publish","hentry"],"yoast_head":"<!-- This site is optimized with the Yoast SEO plugin v26.7 - https:\/\/yoast.com\/wordpress\/plugins\/seo\/ -->\n<title>P\u00e4rnu Meritindi Festival 5.-26.04.2026 - ESTONIA Resort Hotel Spa<\/title>\n<meta name=\"robots\" content=\"index, follow, max-snippet:-1, max-image-preview:large, max-video-preview:-1\" \/>\n<link rel=\"canonical\" href=\"https:\/\/spaestonia.ee\/resort\/restoran-noot\/parnu-meritindi-festival\/\" \/>\n<meta property=\"og:locale\" content=\"et_EE\" \/>\n<meta property=\"og:type\" content=\"article\" \/>\n<meta property=\"og:title\" content=\"P\u00e4rnu Meritindi Festival 5.-26.04.2026 - ESTONIA Resort Hotel Spa\" \/>\n<meta property=\"og:description\" content=\"Meritint on v\u00e4ikese h\u00f5bedase kehaga kala, keda leidub k\u00f5ige arvukamalt just kevadeti P\u00e4rnu vetes. Oma&hellip;\" \/>\n<meta property=\"og:url\" content=\"https:\/\/spaestonia.ee\/resort\/restoran-noot\/parnu-meritindi-festival\/\" \/>\n<meta property=\"og:site_name\" content=\"ESTONIA Resort Hotel Spa\" \/>\n<meta property=\"article:publisher\" content=\"https:\/\/www.facebook.com\/EstoniaResortHotel\" \/>\n<meta property=\"article:modified_time\" content=\"2026-03-31T12:57:09+00:00\" \/>\n<meta property=\"og:image\" content=\"https:\/\/www.spaestonia.ee\/resort\/wp-content\/uploads\/2026\/03\/Restoran-NOOT-@-Parnu-Meritindi-Festival-2026_12_noot_0130-300x300.jpg\" \/>\n<meta name=\"twitter:card\" content=\"summary_large_image\" \/>\n<meta name=\"twitter:label1\" content=\"Est. reading time\" \/>\n\t<meta name=\"twitter:data1\" content=\"1 minut\" \/>\n<script type=\"application\/ld+json\" class=\"yoast-schema-graph\">{\"@context\":\"https:\/\/schema.org\",\"@graph\":[{\"@type\":\"WebPage\",\"@id\":\"https:\/\/spaestonia.ee\/resort\/restoran-noot\/parnu-meritindi-festival\/\",\"url\":\"https:\/\/spaestonia.ee\/resort\/restoran-noot\/parnu-meritindi-festival\/\",\"name\":\"P\u00e4rnu Meritindi Festival 5.-26.04.2026 - ESTONIA Resort Hotel Spa\",\"isPartOf\":{\"@id\":\"https:\/\/www.spaestonia.ee\/resort\/#website\"},\"primaryImageOfPage\":{\"@id\":\"https:\/\/spaestonia.ee\/resort\/restoran-noot\/parnu-meritindi-festival\/#primaryimage\"},\"image\":{\"@id\":\"https:\/\/spaestonia.ee\/resort\/restoran-noot\/parnu-meritindi-festival\/#primaryimage\"},\"thumbnailUrl\":\"http:\/\/www.spaestonia.ee\/resort\/wp-content\/uploads\/2026\/03\/Peamine_meritindi-logo-varviline-must-kiri-1024x805.jpg\",\"datePublished\":\"2026-03-24T09:36:43+00:00\",\"dateModified\":\"2026-03-31T12:57:09+00:00\",\"breadcrumb\":{\"@id\":\"https:\/\/spaestonia.ee\/resort\/restoran-noot\/parnu-meritindi-festival\/#breadcrumb\"},\"inLanguage\":\"et\",\"potentialAction\":[{\"@type\":\"ReadAction\",\"target\":[\"https:\/\/spaestonia.ee\/resort\/restoran-noot\/parnu-meritindi-festival\/\"]}]},{\"@type\":\"ImageObject\",\"inLanguage\":\"et\",\"@id\":\"https:\/\/spaestonia.ee\/resort\/restoran-noot\/parnu-meritindi-festival\/#primaryimage\",\"url\":\"http:\/\/www.spaestonia.ee\/resort\/wp-content\/uploads\/2026\/03\/Peamine_meritindi-logo-varviline-must-kiri-1024x805.jpg\",\"contentUrl\":\"http:\/\/www.spaestonia.ee\/resort\/wp-content\/uploads\/2026\/03\/Peamine_meritindi-logo-varviline-must-kiri-1024x805.jpg\"},{\"@type\":\"BreadcrumbList\",\"@id\":\"https:\/\/spaestonia.ee\/resort\/restoran-noot\/parnu-meritindi-festival\/#breadcrumb\",\"itemListElement\":[{\"@type\":\"ListItem\",\"position\":1,\"name\":\"Home\",\"item\":\"https:\/\/www.spaestonia.ee\/resort\/\"},{\"@type\":\"ListItem\",\"position\":2,\"name\":\"Restoran NOOT\",\"item\":\"https:\/\/www.spaestonia.ee\/resort\/restoran-noot\/\"},{\"@type\":\"ListItem\",\"position\":3,\"name\":\"P\u00e4rnu Meritindi Festival 5.-26.04.2026\"}]},{\"@type\":\"WebSite\",\"@id\":\"https:\/\/www.spaestonia.ee\/resort\/#website\",\"url\":\"https:\/\/www.spaestonia.ee\/resort\/\",\"name\":\"ESTONIA Resort Hotel Spa\",\"description\":\"Your destination in P\u00e4rnu for wellness and events\",\"publisher\":{\"@id\":\"https:\/\/www.spaestonia.ee\/resort\/#organization\"},\"potentialAction\":[{\"@type\":\"SearchAction\",\"target\":{\"@type\":\"EntryPoint\",\"urlTemplate\":\"https:\/\/www.spaestonia.ee\/resort\/?s={search_term_string}\"},\"query-input\":{\"@type\":\"PropertyValueSpecification\",\"valueRequired\":true,\"valueName\":\"search_term_string\"}}],\"inLanguage\":\"et\"},{\"@type\":\"Organization\",\"@id\":\"https:\/\/www.spaestonia.ee\/resort\/#organization\",\"name\":\"ESTONIA Resort Hotel Spa\",\"url\":\"https:\/\/www.spaestonia.ee\/resort\/\",\"logo\":{\"@type\":\"ImageObject\",\"inLanguage\":\"et\",\"@id\":\"https:\/\/www.spaestonia.ee\/resort\/#\/schema\/logo\/image\/\",\"url\":\"https:\/\/www.spaestonia.ee\/resort\/wp-content\/uploads\/2025\/02\/resort-hotel-estonia.png\",\"contentUrl\":\"https:\/\/www.spaestonia.ee\/resort\/wp-content\/uploads\/2025\/02\/resort-hotel-estonia.png\",\"width\":400,\"height\":173,\"caption\":\"ESTONIA Resort Hotel Spa\"},\"image\":{\"@id\":\"https:\/\/www.spaestonia.ee\/resort\/#\/schema\/logo\/image\/\"},\"sameAs\":[\"https:\/\/www.facebook.com\/EstoniaResortHotel\"]}]}<\/script>\n<!-- \/ Yoast SEO plugin. -->","yoast_head_json":{"title":"P\u00e4rnu Meritindi Festival 5.-26.04.2026 - ESTONIA Resort Hotel Spa","robots":{"index":"index","follow":"follow","max-snippet":"max-snippet:-1","max-image-preview":"max-image-preview:large","max-video-preview":"max-video-preview:-1"},"canonical":"https:\/\/spaestonia.ee\/resort\/restoran-noot\/parnu-meritindi-festival\/","og_locale":"et_EE","og_type":"article","og_title":"P\u00e4rnu Meritindi Festival 5.-26.04.2026 - ESTONIA Resort Hotel Spa","og_description":"Meritint on v\u00e4ikese h\u00f5bedase kehaga kala, keda leidub k\u00f5ige arvukamalt just kevadeti P\u00e4rnu vetes. Oma&hellip;","og_url":"https:\/\/spaestonia.ee\/resort\/restoran-noot\/parnu-meritindi-festival\/","og_site_name":"ESTONIA Resort Hotel Spa","article_publisher":"https:\/\/www.facebook.com\/EstoniaResortHotel","article_modified_time":"2026-03-31T12:57:09+00:00","og_image":[{"url":"https:\/\/www.spaestonia.ee\/resort\/wp-content\/uploads\/2026\/03\/Restoran-NOOT-@-Parnu-Meritindi-Festival-2026_12_noot_0130-300x300.jpg","type":"","width":"","height":""}],"twitter_card":"summary_large_image","twitter_misc":{"Est. reading time":"1 minut"},"schema":{"@context":"https:\/\/schema.org","@graph":[{"@type":"WebPage","@id":"https:\/\/spaestonia.ee\/resort\/restoran-noot\/parnu-meritindi-festival\/","url":"https:\/\/spaestonia.ee\/resort\/restoran-noot\/parnu-meritindi-festival\/","name":"P\u00e4rnu Meritindi Festival 5.-26.04.2026 - ESTONIA Resort Hotel Spa","isPartOf":{"@id":"https:\/\/www.spaestonia.ee\/resort\/#website"},"primaryImageOfPage":{"@id":"https:\/\/spaestonia.ee\/resort\/restoran-noot\/parnu-meritindi-festival\/#primaryimage"},"image":{"@id":"https:\/\/spaestonia.ee\/resort\/restoran-noot\/parnu-meritindi-festival\/#primaryimage"},"thumbnailUrl":"http:\/\/www.spaestonia.ee\/resort\/wp-content\/uploads\/2026\/03\/Peamine_meritindi-logo-varviline-must-kiri-1024x805.jpg","datePublished":"2026-03-24T09:36:43+00:00","dateModified":"2026-03-31T12:57:09+00:00","breadcrumb":{"@id":"https:\/\/spaestonia.ee\/resort\/restoran-noot\/parnu-meritindi-festival\/#breadcrumb"},"inLanguage":"et","potentialAction":[{"@type":"ReadAction","target":["https:\/\/spaestonia.ee\/resort\/restoran-noot\/parnu-meritindi-festival\/"]}]},{"@type":"ImageObject","inLanguage":"et","@id":"https:\/\/spaestonia.ee\/resort\/restoran-noot\/parnu-meritindi-festival\/#primaryimage","url":"http:\/\/www.spaestonia.ee\/resort\/wp-content\/uploads\/2026\/03\/Peamine_meritindi-logo-varviline-must-kiri-1024x805.jpg","contentUrl":"http:\/\/www.spaestonia.ee\/resort\/wp-content\/uploads\/2026\/03\/Peamine_meritindi-logo-varviline-must-kiri-1024x805.jpg"},{"@type":"BreadcrumbList","@id":"https:\/\/spaestonia.ee\/resort\/restoran-noot\/parnu-meritindi-festival\/#breadcrumb","itemListElement":[{"@type":"ListItem","position":1,"name":"Home","item":"https:\/\/www.spaestonia.ee\/resort\/"},{"@type":"ListItem","position":2,"name":"Restoran NOOT","item":"https:\/\/www.spaestonia.ee\/resort\/restoran-noot\/"},{"@type":"ListItem","position":3,"name":"P\u00e4rnu Meritindi Festival 5.-26.04.2026"}]},{"@type":"WebSite","@id":"https:\/\/www.spaestonia.ee\/resort\/#website","url":"https:\/\/www.spaestonia.ee\/resort\/","name":"ESTONIA Resort Hotel Spa","description":"Your destination in P\u00e4rnu for wellness and events","publisher":{"@id":"https:\/\/www.spaestonia.ee\/resort\/#organization"},"potentialAction":[{"@type":"SearchAction","target":{"@type":"EntryPoint","urlTemplate":"https:\/\/www.spaestonia.ee\/resort\/?s={search_term_string}"},"query-input":{"@type":"PropertyValueSpecification","valueRequired":true,"valueName":"search_term_string"}}],"inLanguage":"et"},{"@type":"Organization","@id":"https:\/\/www.spaestonia.ee\/resort\/#organization","name":"ESTONIA Resort Hotel Spa","url":"https:\/\/www.spaestonia.ee\/resort\/","logo":{"@type":"ImageObject","inLanguage":"et","@id":"https:\/\/www.spaestonia.ee\/resort\/#\/schema\/logo\/image\/","url":"https:\/\/www.spaestonia.ee\/resort\/wp-content\/uploads\/2025\/02\/resort-hotel-estonia.png","contentUrl":"https:\/\/www.spaestonia.ee\/resort\/wp-content\/uploads\/2025\/02\/resort-hotel-estonia.png","width":400,"height":173,"caption":"ESTONIA Resort Hotel Spa"},"image":{"@id":"https:\/\/www.spaestonia.ee\/resort\/#\/schema\/logo\/image\/"},"sameAs":["https:\/\/www.facebook.com\/EstoniaResortHotel"]}]}},"_links":{"self":[{"href":"https:\/\/spaestonia.ee\/resort\/wp-json\/wp\/v2\/pages\/46791","targetHints":{"allow":["GET"]}}],"collection":[{"href":"https:\/\/spaestonia.ee\/resort\/wp-json\/wp\/v2\/pages"}],"about":[{"href":"https:\/\/spaestonia.ee\/resort\/wp-json\/wp\/v2\/types\/page"}],"author":[{"embeddable":true,"href":"https:\/\/spaestonia.ee\/resort\/wp-json\/wp\/v2\/users\/14"}],"replies":[{"embeddable":true,"href":"https:\/\/spaestonia.ee\/resort\/wp-json\/wp\/v2\/comments?post=46791"}],"version-history":[{"count":30,"href":"https:\/\/spaestonia.ee\/resort\/wp-json\/wp\/v2\/pages\/46791\/revisions"}],"predecessor-version":[{"id":46962,"href":"https:\/\/spaestonia.ee\/resort\/wp-json\/wp\/v2\/pages\/46791\/revisions\/46962"}],"up":[{"embeddable":true,"href":"https:\/\/spaestonia.ee\/resort\/wp-json\/wp\/v2\/pages\/57"}],"wp:attachment":[{"href":"https:\/\/spaestonia.ee\/resort\/wp-json\/wp\/v2\/media?parent=46791"}],"curies":[{"name":"wp","href":"https:\/\/api.w.org\/{rel}","templated":true}]}}