{"id":48,"date":"2014-11-13T19:48:49","date_gmt":"2014-11-13T17:48:49","guid":{"rendered":"http:\/\/www.spaestonia.ee\/?page_id=48"},"modified":"2025-09-18T12:59:25","modified_gmt":"2025-09-18T09:59:25","slug":"hotell","status":"publish","type":"page","link":"https:\/\/spaestonia.ee\/resort\/hotell\/","title":{"rendered":"ESTONIA Resort Hotel &#038; Spa &#8211; spaa- ja konverentsihotell P\u00e4rnus"},"content":{"rendered":"<p><img loading=\"lazy\" decoding=\"async\" class=\"alignnone wp-image-41074 alignright\" src=\"http:\/\/www.spaestonia.ee\/resort\/wp-content\/uploads\/2024\/04\/Estonia-Resort-Hotel-Spa-_vastuvott-4.jpg\" alt=\"Estonia Resort Hotel &amp; Spa \" width=\"319\" height=\"479\" srcset=\"https:\/\/spaestonia.ee\/resort\/wp-content\/uploads\/2024\/04\/Estonia-Resort-Hotel-Spa-_vastuvott-4.jpg 533w, https:\/\/spaestonia.ee\/resort\/wp-content\/uploads\/2024\/04\/Estonia-Resort-Hotel-Spa-_vastuvott-4-200x300.jpg 200w\" sizes=\"auto, (max-width: 319px) 100vw, 319px\" \/>ESTONIA Resort Hotel &amp; Spa on 2015. aasta juulis avatud kuurorthotell P\u00e4rnus. Hotell kerkis endise Rohelise ja Valge maja asemele, ammutab inspiratsiooni Eesti loodusest, rahvuslikest traditsioonidest, k\u00e4sit\u00f6\u00f6st ja kultuurist. Siin on kaasaegsed hotellimugavused \u00fchendatud eestimaiste spaa- ja saunam\u00f5nudega.<\/p>\n<p>Hotelli spaa- ja konverentsimaja 1. korrusel asub <a href=\"https:\/\/www.spaestonia.ee\/resort\/konverentsikeskus\/\">KONVERENTSIKESKUS<\/a> enam kui 300 k\u00fclalisele. 2. ja 3. korrusel on k\u00fclastajate kasutuses ainulaadne<br \/>\n<a href=\"https:\/\/www.spaestonia.ee\/resort\/spaa-ja-saunakeskus\/saunakeskus\/\">SPAA- ja SAUNAKESKUS<\/a>.<\/p>\n<p><strong>Kuurorthotellis on 106 k\u00f5igi mugavustega hotellituba<\/strong>. K\u00f5ik toad on mittesuitsetajatele ja sobivad allergikutele. \u00dcks peretuba on sobilik ka ratastooliga k\u00fclastajale, pakkudes mugavaid tingimusi ratastoolis kliendile. Majutuse hind sisaldab alati <em>buffet<\/em>-hommikus\u00f6\u00f6ki hotelli <a title=\"Restoran NOOT\" href=\"https:\/\/www.spaestonia.ee\/resort\/restoran\/\">restoranis NOOT<\/a> ja piiramatu ajaga\u00a0<a title=\"Spaa ja saunakeskus\" href=\"https:\/\/www.spaestonia.ee\/resort\/spaa-ja-saunakeskus\/saunakeskus\/\">spaa- ja saunakeskuse<\/a> k\u00fclastust.<\/p>\n<p>Hotelli v\u00e4ikesed k\u00fclalised on v\u00e4ga oodatud laste m\u00e4ngunurka 1. korruse lobby-alal.<\/p>\n<p>Hotellis on sobivaid tube ka lemmikloomadega k\u00fclalistele (vaid ette tellimisel, lisatasu 25 \u20ac\/\u00f6\u00f6).<\/p>\n<p>ESTONIA Resort Hotel &amp; Spa \u2013 A.H. Tammsaare 4a\/6, 80010 P\u00e4rnu<\/p>\n<div class='gallery-article'><ul id='gallery-article0' class='list gallery-list galleryid-0 gallery-columns-4 gallery-size-thumbnail'><li class='gallery-item'>\n\t\t<p class='gallery-icon'>\n\t\t<a href='https:\/\/spaestonia.ee\/resort\/wp-content\/uploads\/2023\/07\/Estonia-6.jpg' title=\"\" data-rl_title=\"\" class=\"rl-gallery-link\" data-rl_caption=\"\" data-rel=\"lightbox-gallery-0\"><img loading=\"lazy\" decoding=\"async\" width=\"300\" height=\"300\" src=\"https:\/\/spaestonia.ee\/resort\/wp-content\/uploads\/2023\/07\/Estonia-6-300x300.jpg\" class=\"attachment-thumbnail size-thumbnail\" alt=\"\" srcset=\"https:\/\/spaestonia.ee\/resort\/wp-content\/uploads\/2023\/07\/Estonia-6-300x300.jpg 300w, https:\/\/spaestonia.ee\/resort\/wp-content\/uploads\/2023\/07\/Estonia-6-181x181.jpg 181w\" sizes=\"auto, (max-width: 300px) 100vw, 300px\" \/><\/a>\n\t\t<\/p><\/li><li class='gallery-item'>\n\t\t<p class='gallery-icon'>\n\t\t<a href='https:\/\/spaestonia.ee\/resort\/wp-content\/uploads\/2024\/04\/Estonia-Resort-Hotel-Spa-.jpg' title=\"\" data-rl_title=\"\" class=\"rl-gallery-link\" data-rl_caption=\"\" data-rel=\"lightbox-gallery-0\"><img loading=\"lazy\" decoding=\"async\" width=\"300\" height=\"300\" src=\"https:\/\/spaestonia.ee\/resort\/wp-content\/uploads\/2024\/04\/Estonia-Resort-Hotel-Spa--300x300.jpg\" class=\"attachment-thumbnail size-thumbnail\" alt=\"Estonia Resort Hotel &amp; Spa\" srcset=\"https:\/\/spaestonia.ee\/resort\/wp-content\/uploads\/2024\/04\/Estonia-Resort-Hotel-Spa--300x300.jpg 300w, https:\/\/spaestonia.ee\/resort\/wp-content\/uploads\/2024\/04\/Estonia-Resort-Hotel-Spa--181x181.jpg 181w\" sizes=\"auto, (max-width: 300px) 100vw, 300px\" \/><\/a>\n\t\t<\/p><\/li><li class='gallery-item'>\n\t\t<p class='gallery-icon'>\n\t\t<a href='https:\/\/spaestonia.ee\/resort\/wp-content\/uploads\/2023\/07\/Estonia-5.jpg' title=\"\" data-rl_title=\"\" class=\"rl-gallery-link\" data-rl_caption=\"\" data-rel=\"lightbox-gallery-0\"><img loading=\"lazy\" decoding=\"async\" width=\"300\" height=\"300\" src=\"https:\/\/spaestonia.ee\/resort\/wp-content\/uploads\/2023\/07\/Estonia-5-300x300.jpg\" class=\"attachment-thumbnail size-thumbnail\" alt=\"\" srcset=\"https:\/\/spaestonia.ee\/resort\/wp-content\/uploads\/2023\/07\/Estonia-5-300x300.jpg 300w, https:\/\/spaestonia.ee\/resort\/wp-content\/uploads\/2023\/07\/Estonia-5-181x181.jpg 181w\" sizes=\"auto, (max-width: 300px) 100vw, 300px\" \/><\/a>\n\t\t<\/p><\/li><li class='gallery-item'>\n\t\t<p class='gallery-icon'>\n\t\t<a href='https:\/\/spaestonia.ee\/resort\/wp-content\/uploads\/2024\/04\/Estonia-Resort-Hotel-Spa_lobby-20.jpg' title=\"\" data-rl_title=\"\" class=\"rl-gallery-link\" data-rl_caption=\"\" data-rel=\"lightbox-gallery-0\"><img loading=\"lazy\" decoding=\"async\" width=\"300\" height=\"300\" src=\"https:\/\/spaestonia.ee\/resort\/wp-content\/uploads\/2024\/04\/Estonia-Resort-Hotel-Spa_lobby-20-300x300.jpg\" class=\"attachment-thumbnail size-thumbnail\" alt=\"Estonia Resort Hotel &amp; Spa_lobby (19)\" srcset=\"https:\/\/spaestonia.ee\/resort\/wp-content\/uploads\/2024\/04\/Estonia-Resort-Hotel-Spa_lobby-20-300x300.jpg 300w, https:\/\/spaestonia.ee\/resort\/wp-content\/uploads\/2024\/04\/Estonia-Resort-Hotel-Spa_lobby-20-181x181.jpg 181w\" sizes=\"auto, (max-width: 300px) 100vw, 300px\" \/><\/a>\n\t\t<\/p><\/li><li class='gallery-item'>\n\t\t<p class='gallery-icon'>\n\t\t<a href='https:\/\/spaestonia.ee\/resort\/wp-content\/uploads\/2024\/04\/Estonia-Resort-Hotel-Spa_lobby-19-1.jpg' title=\"\" data-rl_title=\"\" class=\"rl-gallery-link\" data-rl_caption=\"\" data-rel=\"lightbox-gallery-0\"><img loading=\"lazy\" decoding=\"async\" width=\"300\" height=\"300\" src=\"https:\/\/spaestonia.ee\/resort\/wp-content\/uploads\/2024\/04\/Estonia-Resort-Hotel-Spa_lobby-19-1-300x300.jpg\" class=\"attachment-thumbnail size-thumbnail\" alt=\"\" srcset=\"https:\/\/spaestonia.ee\/resort\/wp-content\/uploads\/2024\/04\/Estonia-Resort-Hotel-Spa_lobby-19-1-300x300.jpg 300w, https:\/\/spaestonia.ee\/resort\/wp-content\/uploads\/2024\/04\/Estonia-Resort-Hotel-Spa_lobby-19-1-181x181.jpg 181w\" sizes=\"auto, (max-width: 300px) 100vw, 300px\" \/><\/a>\n\t\t<\/p><\/li><li class='gallery-item'>\n\t\t<p class='gallery-icon'>\n\t\t<a href='https:\/\/spaestonia.ee\/resort\/wp-content\/uploads\/2024\/04\/Estonia-Resort-Hotel-Spa_lobby-7.jpg' title=\"\" data-rl_title=\"\" class=\"rl-gallery-link\" data-rl_caption=\"\" data-rel=\"lightbox-gallery-0\"><img loading=\"lazy\" decoding=\"async\" width=\"300\" height=\"300\" src=\"https:\/\/spaestonia.ee\/resort\/wp-content\/uploads\/2024\/04\/Estonia-Resort-Hotel-Spa_lobby-7-300x300.jpg\" class=\"attachment-thumbnail size-thumbnail\" alt=\"Estonia Resort Hotel &amp; Spa_lobby\" srcset=\"https:\/\/spaestonia.ee\/resort\/wp-content\/uploads\/2024\/04\/Estonia-Resort-Hotel-Spa_lobby-7-300x300.jpg 300w, https:\/\/spaestonia.ee\/resort\/wp-content\/uploads\/2024\/04\/Estonia-Resort-Hotel-Spa_lobby-7-181x181.jpg 181w\" sizes=\"auto, (max-width: 300px) 100vw, 300px\" \/><\/a>\n\t\t<\/p><\/li><li class='gallery-item'>\n\t\t<p class='gallery-icon'>\n\t\t<a href='https:\/\/spaestonia.ee\/resort\/wp-content\/uploads\/2024\/04\/Estonia-Resort-Hotel-Spa_lastenurk-3.jpg' title=\"\" data-rl_title=\"\" class=\"rl-gallery-link\" data-rl_caption=\"\" data-rel=\"lightbox-gallery-0\"><img loading=\"lazy\" decoding=\"async\" width=\"300\" height=\"300\" src=\"https:\/\/spaestonia.ee\/resort\/wp-content\/uploads\/2024\/04\/Estonia-Resort-Hotel-Spa_lastenurk-3-300x300.jpg\" class=\"attachment-thumbnail size-thumbnail\" alt=\"Estonia Resort Hotel &amp; Spa_lastenurk (3)\" srcset=\"https:\/\/spaestonia.ee\/resort\/wp-content\/uploads\/2024\/04\/Estonia-Resort-Hotel-Spa_lastenurk-3-300x300.jpg 300w, https:\/\/spaestonia.ee\/resort\/wp-content\/uploads\/2024\/04\/Estonia-Resort-Hotel-Spa_lastenurk-3-181x181.jpg 181w\" sizes=\"auto, (max-width: 300px) 100vw, 300px\" \/><\/a>\n\t\t<\/p><\/li><li class='gallery-item'>\n\t\t<p class='gallery-icon'>\n\t\t<a href='https:\/\/spaestonia.ee\/resort\/wp-content\/uploads\/2024\/04\/Restoran-NOOT-15.jpg' title=\"\" data-rl_title=\"\" class=\"rl-gallery-link\" data-rl_caption=\"\" data-rel=\"lightbox-gallery-0\"><img loading=\"lazy\" decoding=\"async\" width=\"300\" height=\"300\" src=\"https:\/\/spaestonia.ee\/resort\/wp-content\/uploads\/2024\/04\/Restoran-NOOT-15-300x300.jpg\" class=\"attachment-thumbnail size-thumbnail\" alt=\"\" srcset=\"https:\/\/spaestonia.ee\/resort\/wp-content\/uploads\/2024\/04\/Restoran-NOOT-15-300x300.jpg 300w, https:\/\/spaestonia.ee\/resort\/wp-content\/uploads\/2024\/04\/Restoran-NOOT-15-181x181.jpg 181w\" sizes=\"auto, (max-width: 300px) 100vw, 300px\" \/><\/a>\n\t\t<\/p><\/li><\/ul>\n<\/div>\n\n<h3>Eriline t\u00e4helepanu une kvaliteedile!<\/h3>\n<p>L\u00e4htudes mitmek\u00fcmneaastasest kogemusest hotellinduses, valisime v\u00e4lja vooditooted, mis vastaksid v\u00f5imalikult paljude inimeste ootustele. Meie hotellis on kasutusel Paragon Sleep kanepipadjad, milles on \u00fchendatud kanepi suurep\u00e4rased omadused puuvilla pehmusega.<\/p>\n<p>Kanep on looduslikult antibakteriaalne, v\u00e4ga h\u00e4sti hingav, \u00fclimalt nahas\u00f5bralik ning optimaalse termoregulatsiooniga &#8211; suvel jahutav ja talvel soojendav. K\u00f5ik see tagab magamise ajal maksimaalse puhkuse.<\/p>\n<p>Paragon Sleep patju saate osta ka hotelli vastuv\u00f5tust.<\/p>\n<p><a href=\"https:\/\/resort.spaestonia.ee\/et\/\" target=\"_blank\" rel=\"noopener\">Broneeri online \u00bb<\/a><\/p>\n<p style=\"text-align: center;\"><img loading=\"lazy\" decoding=\"async\" class=\"alignnone wp-image-39186\" src=\"http:\/\/www.spaestonia.ee\/resort\/wp-content\/uploads\/2023\/10\/229-STA-TWIN-1.jpg\" alt=\"Standard tuba\" width=\"350\" height=\"233\" srcset=\"https:\/\/spaestonia.ee\/resort\/wp-content\/uploads\/2023\/10\/229-STA-TWIN-1.jpg 800w, https:\/\/spaestonia.ee\/resort\/wp-content\/uploads\/2023\/10\/229-STA-TWIN-1-300x200.jpg 300w, https:\/\/spaestonia.ee\/resort\/wp-content\/uploads\/2023\/10\/229-STA-TWIN-1-768x512.jpg 768w\" sizes=\"auto, (max-width: 350px) 100vw, 350px\" \/><br \/>\n<a href=\"https:\/\/www.spaestonia.ee\/resort\/tuba\/standardtoad\/\">Standardtoad<\/a><\/p>\n<p style=\"text-align: center;\"><img loading=\"lazy\" decoding=\"async\" class=\"alignnone wp-image-39160\" src=\"http:\/\/www.spaestonia.ee\/resort\/wp-content\/uploads\/2015\/06\/331-SUP-DBL-5.jpg\" alt=\"Superior tuba\" width=\"350\" height=\"233\" srcset=\"https:\/\/spaestonia.ee\/resort\/wp-content\/uploads\/2015\/06\/331-SUP-DBL-5.jpg 800w, https:\/\/spaestonia.ee\/resort\/wp-content\/uploads\/2015\/06\/331-SUP-DBL-5-300x200.jpg 300w, https:\/\/spaestonia.ee\/resort\/wp-content\/uploads\/2015\/06\/331-SUP-DBL-5-768x512.jpg 768w\" sizes=\"auto, (max-width: 350px) 100vw, 350px\" \/><br \/>\n<a href=\"https:\/\/www.spaestonia.ee\/resort\/tuba\/superiortoad\/\">Superiortoad<\/a><\/p>\n<p style=\"text-align: center;\"><em><img loading=\"lazy\" decoding=\"async\" class=\"alignnone wp-image-39120\" src=\"http:\/\/www.spaestonia.ee\/resort\/wp-content\/uploads\/2015\/06\/224-DLX-connecting-1.jpg\" alt=\"Comfort tuba\" width=\"350\" height=\"233\" srcset=\"https:\/\/spaestonia.ee\/resort\/wp-content\/uploads\/2015\/06\/224-DLX-connecting-1.jpg 800w, https:\/\/spaestonia.ee\/resort\/wp-content\/uploads\/2015\/06\/224-DLX-connecting-1-300x200.jpg 300w, https:\/\/spaestonia.ee\/resort\/wp-content\/uploads\/2015\/06\/224-DLX-connecting-1-768x512.jpg 768w\" sizes=\"auto, (max-width: 350px) 100vw, 350px\" \/><br \/>\n<\/em><a href=\"https:\/\/www.spaestonia.ee\/resort\/tuba\/deluxe-toad\/\">Comfort-toad<\/a><\/p>\n<p style=\"text-align: center;\"><img loading=\"lazy\" decoding=\"async\" class=\"wp-image-38870 alignnone\" src=\"http:\/\/www.spaestonia.ee\/resort\/wp-content\/uploads\/2015\/06\/411-sviit-saunaga-3.jpg\" alt=\"Sviit\" width=\"350\" height=\"233\" srcset=\"https:\/\/spaestonia.ee\/resort\/wp-content\/uploads\/2015\/06\/411-sviit-saunaga-3.jpg 800w, https:\/\/spaestonia.ee\/resort\/wp-content\/uploads\/2015\/06\/411-sviit-saunaga-3-300x200.jpg 300w, https:\/\/spaestonia.ee\/resort\/wp-content\/uploads\/2015\/06\/411-sviit-saunaga-3-768x512.jpg 768w\" sizes=\"auto, (max-width: 350px) 100vw, 350px\" \/><br \/>\n<a href=\"https:\/\/www.spaestonia.ee\/resort\/tuba\/sviidid\/\">Sviidid<\/a><\/p>\n<p style=\"text-align: center;\"><em><img loading=\"lazy\" decoding=\"async\" class=\"wp-image-39104 aligncenter\" src=\"http:\/\/www.spaestonia.ee\/resort\/wp-content\/uploads\/2018\/01\/336-FAM-3.jpg\" alt=\"Peretuba\" width=\"350\" height=\"233\" srcset=\"https:\/\/spaestonia.ee\/resort\/wp-content\/uploads\/2018\/01\/336-FAM-3.jpg 800w, https:\/\/spaestonia.ee\/resort\/wp-content\/uploads\/2018\/01\/336-FAM-3-300x200.jpg 300w, https:\/\/spaestonia.ee\/resort\/wp-content\/uploads\/2018\/01\/336-FAM-3-768x512.jpg 768w\" sizes=\"auto, (max-width: 350px) 100vw, 350px\" \/><\/em><a href=\"https:\/\/www.spaestonia.ee\/resort\/tuba\/peretuba\/\">Peretoad<\/a><\/p>\n","protected":false},"excerpt":{"rendered":"<p>ESTONIA Resort Hotel &amp; Spa on 2015. aasta juulis avatud kuurorthotell P\u00e4rnus. Hotell kerkis endise&hellip;<\/p>\n","protected":false},"author":1,"featured_media":0,"parent":0,"menu_order":0,"comment_status":"closed","ping_status":"closed","template":"","meta":{"footnotes":""},"class_list":["post-48","page","type-page","status-publish","hentry"],"yoast_head":"<!-- This site is optimized with the Yoast SEO plugin v26.7 - https:\/\/yoast.com\/wordpress\/plugins\/seo\/ -->\n<title>ESTONIA Resort Hotel &amp; Spa - spaa- ja konverentsihotell P\u00e4rnus - ESTONIA Resort Hotel Spa<\/title>\n<meta name=\"description\" content=\"ESTONIA Resort Hotel &amp; Spa kuurorthotell P\u00e4rnus - ehedateks elamusteks loodud!\" \/>\n<meta name=\"robots\" content=\"index, follow, max-snippet:-1, max-image-preview:large, max-video-preview:-1\" \/>\n<link rel=\"canonical\" href=\"https:\/\/spaestonia.ee\/resort\/hotell\/\" \/>\n<meta property=\"og:locale\" content=\"et_EE\" \/>\n<meta property=\"og:type\" content=\"article\" \/>\n<meta property=\"og:title\" content=\"ESTONIA Resort Hotel &amp; Spa - spaa- ja konverentsihotell P\u00e4rnus - ESTONIA Resort Hotel Spa\" \/>\n<meta property=\"og:description\" content=\"ESTONIA Resort Hotel &amp; Spa kuurorthotell P\u00e4rnus - ehedateks elamusteks loodud!\" \/>\n<meta property=\"og:url\" content=\"https:\/\/spaestonia.ee\/resort\/hotell\/\" \/>\n<meta property=\"og:site_name\" content=\"ESTONIA Resort Hotel Spa\" \/>\n<meta property=\"article:publisher\" content=\"https:\/\/www.facebook.com\/EstoniaResortHotel\" \/>\n<meta property=\"article:modified_time\" content=\"2025-09-18T09:59:25+00:00\" \/>\n<meta property=\"og:image\" content=\"https:\/\/www.spaestonia.ee\/resort\/wp-content\/uploads\/2023\/07\/Estonia-6-300x300.jpg\" \/>\n<meta name=\"twitter:card\" content=\"summary_large_image\" \/>\n<meta name=\"twitter:label1\" content=\"Est. reading time\" \/>\n\t<meta name=\"twitter:data1\" content=\"3 minutit\" \/>\n<script type=\"application\/ld+json\" class=\"yoast-schema-graph\">{\"@context\":\"https:\/\/schema.org\",\"@graph\":[{\"@type\":\"WebPage\",\"@id\":\"https:\/\/spaestonia.ee\/resort\/hotell\/\",\"url\":\"https:\/\/spaestonia.ee\/resort\/hotell\/\",\"name\":\"ESTONIA Resort Hotel & Spa - spaa- ja konverentsihotell P\u00e4rnus - ESTONIA Resort Hotel Spa\",\"isPartOf\":{\"@id\":\"https:\/\/www.spaestonia.ee\/resort\/#website\"},\"primaryImageOfPage\":{\"@id\":\"https:\/\/spaestonia.ee\/resort\/hotell\/#primaryimage\"},\"image\":{\"@id\":\"https:\/\/spaestonia.ee\/resort\/hotell\/#primaryimage\"},\"thumbnailUrl\":\"http:\/\/www.spaestonia.ee\/resort\/wp-content\/uploads\/2024\/04\/Estonia-Resort-Hotel-Spa-_vastuvott-4.jpg\",\"datePublished\":\"2014-11-13T17:48:49+00:00\",\"dateModified\":\"2025-09-18T09:59:25+00:00\",\"description\":\"ESTONIA Resort Hotel & Spa kuurorthotell P\u00e4rnus - ehedateks elamusteks loodud!\",\"breadcrumb\":{\"@id\":\"https:\/\/spaestonia.ee\/resort\/hotell\/#breadcrumb\"},\"inLanguage\":\"et\",\"potentialAction\":[{\"@type\":\"ReadAction\",\"target\":[\"https:\/\/spaestonia.ee\/resort\/hotell\/\"]}]},{\"@type\":\"ImageObject\",\"inLanguage\":\"et\",\"@id\":\"https:\/\/spaestonia.ee\/resort\/hotell\/#primaryimage\",\"url\":\"http:\/\/www.spaestonia.ee\/resort\/wp-content\/uploads\/2024\/04\/Estonia-Resort-Hotel-Spa-_vastuvott-4.jpg\",\"contentUrl\":\"http:\/\/www.spaestonia.ee\/resort\/wp-content\/uploads\/2024\/04\/Estonia-Resort-Hotel-Spa-_vastuvott-4.jpg\"},{\"@type\":\"BreadcrumbList\",\"@id\":\"https:\/\/spaestonia.ee\/resort\/hotell\/#breadcrumb\",\"itemListElement\":[{\"@type\":\"ListItem\",\"position\":1,\"name\":\"Home\",\"item\":\"https:\/\/www.spaestonia.ee\/resort\/\"},{\"@type\":\"ListItem\",\"position\":2,\"name\":\"ESTONIA Resort Hotel &#038; Spa &#8211; spaa- ja konverentsihotell P\u00e4rnus\"}]},{\"@type\":\"WebSite\",\"@id\":\"https:\/\/www.spaestonia.ee\/resort\/#website\",\"url\":\"https:\/\/www.spaestonia.ee\/resort\/\",\"name\":\"ESTONIA Resort Hotel Spa\",\"description\":\"Your destination in P\u00e4rnu for wellness and events\",\"publisher\":{\"@id\":\"https:\/\/www.spaestonia.ee\/resort\/#organization\"},\"potentialAction\":[{\"@type\":\"SearchAction\",\"target\":{\"@type\":\"EntryPoint\",\"urlTemplate\":\"https:\/\/www.spaestonia.ee\/resort\/?s={search_term_string}\"},\"query-input\":{\"@type\":\"PropertyValueSpecification\",\"valueRequired\":true,\"valueName\":\"search_term_string\"}}],\"inLanguage\":\"et\"},{\"@type\":\"Organization\",\"@id\":\"https:\/\/www.spaestonia.ee\/resort\/#organization\",\"name\":\"ESTONIA Resort Hotel Spa\",\"url\":\"https:\/\/www.spaestonia.ee\/resort\/\",\"logo\":{\"@type\":\"ImageObject\",\"inLanguage\":\"et\",\"@id\":\"https:\/\/www.spaestonia.ee\/resort\/#\/schema\/logo\/image\/\",\"url\":\"https:\/\/www.spaestonia.ee\/resort\/wp-content\/uploads\/2025\/02\/resort-hotel-estonia.png\",\"contentUrl\":\"https:\/\/www.spaestonia.ee\/resort\/wp-content\/uploads\/2025\/02\/resort-hotel-estonia.png\",\"width\":400,\"height\":173,\"caption\":\"ESTONIA Resort Hotel Spa\"},\"image\":{\"@id\":\"https:\/\/www.spaestonia.ee\/resort\/#\/schema\/logo\/image\/\"},\"sameAs\":[\"https:\/\/www.facebook.com\/EstoniaResortHotel\"]}]}<\/script>\n<!-- \/ Yoast SEO plugin. -->","yoast_head_json":{"title":"ESTONIA Resort Hotel & Spa - spaa- ja konverentsihotell P\u00e4rnus - ESTONIA Resort Hotel Spa","description":"ESTONIA Resort Hotel & Spa kuurorthotell P\u00e4rnus - ehedateks elamusteks loodud!","robots":{"index":"index","follow":"follow","max-snippet":"max-snippet:-1","max-image-preview":"max-image-preview:large","max-video-preview":"max-video-preview:-1"},"canonical":"https:\/\/spaestonia.ee\/resort\/hotell\/","og_locale":"et_EE","og_type":"article","og_title":"ESTONIA Resort Hotel & Spa - spaa- ja konverentsihotell P\u00e4rnus - ESTONIA Resort Hotel Spa","og_description":"ESTONIA Resort Hotel & Spa kuurorthotell P\u00e4rnus - ehedateks elamusteks loodud!","og_url":"https:\/\/spaestonia.ee\/resort\/hotell\/","og_site_name":"ESTONIA Resort Hotel Spa","article_publisher":"https:\/\/www.facebook.com\/EstoniaResortHotel","article_modified_time":"2025-09-18T09:59:25+00:00","og_image":[{"url":"https:\/\/www.spaestonia.ee\/resort\/wp-content\/uploads\/2023\/07\/Estonia-6-300x300.jpg","type":"","width":"","height":""}],"twitter_card":"summary_large_image","twitter_misc":{"Est. reading time":"3 minutit"},"schema":{"@context":"https:\/\/schema.org","@graph":[{"@type":"WebPage","@id":"https:\/\/spaestonia.ee\/resort\/hotell\/","url":"https:\/\/spaestonia.ee\/resort\/hotell\/","name":"ESTONIA Resort Hotel & Spa - spaa- ja konverentsihotell P\u00e4rnus - ESTONIA Resort Hotel Spa","isPartOf":{"@id":"https:\/\/www.spaestonia.ee\/resort\/#website"},"primaryImageOfPage":{"@id":"https:\/\/spaestonia.ee\/resort\/hotell\/#primaryimage"},"image":{"@id":"https:\/\/spaestonia.ee\/resort\/hotell\/#primaryimage"},"thumbnailUrl":"http:\/\/www.spaestonia.ee\/resort\/wp-content\/uploads\/2024\/04\/Estonia-Resort-Hotel-Spa-_vastuvott-4.jpg","datePublished":"2014-11-13T17:48:49+00:00","dateModified":"2025-09-18T09:59:25+00:00","description":"ESTONIA Resort Hotel & Spa kuurorthotell P\u00e4rnus - ehedateks elamusteks loodud!","breadcrumb":{"@id":"https:\/\/spaestonia.ee\/resort\/hotell\/#breadcrumb"},"inLanguage":"et","potentialAction":[{"@type":"ReadAction","target":["https:\/\/spaestonia.ee\/resort\/hotell\/"]}]},{"@type":"ImageObject","inLanguage":"et","@id":"https:\/\/spaestonia.ee\/resort\/hotell\/#primaryimage","url":"http:\/\/www.spaestonia.ee\/resort\/wp-content\/uploads\/2024\/04\/Estonia-Resort-Hotel-Spa-_vastuvott-4.jpg","contentUrl":"http:\/\/www.spaestonia.ee\/resort\/wp-content\/uploads\/2024\/04\/Estonia-Resort-Hotel-Spa-_vastuvott-4.jpg"},{"@type":"BreadcrumbList","@id":"https:\/\/spaestonia.ee\/resort\/hotell\/#breadcrumb","itemListElement":[{"@type":"ListItem","position":1,"name":"Home","item":"https:\/\/www.spaestonia.ee\/resort\/"},{"@type":"ListItem","position":2,"name":"ESTONIA Resort Hotel &#038; Spa &#8211; spaa- ja konverentsihotell P\u00e4rnus"}]},{"@type":"WebSite","@id":"https:\/\/www.spaestonia.ee\/resort\/#website","url":"https:\/\/www.spaestonia.ee\/resort\/","name":"ESTONIA Resort Hotel Spa","description":"Your destination in P\u00e4rnu for wellness and events","publisher":{"@id":"https:\/\/www.spaestonia.ee\/resort\/#organization"},"potentialAction":[{"@type":"SearchAction","target":{"@type":"EntryPoint","urlTemplate":"https:\/\/www.spaestonia.ee\/resort\/?s={search_term_string}"},"query-input":{"@type":"PropertyValueSpecification","valueRequired":true,"valueName":"search_term_string"}}],"inLanguage":"et"},{"@type":"Organization","@id":"https:\/\/www.spaestonia.ee\/resort\/#organization","name":"ESTONIA Resort Hotel Spa","url":"https:\/\/www.spaestonia.ee\/resort\/","logo":{"@type":"ImageObject","inLanguage":"et","@id":"https:\/\/www.spaestonia.ee\/resort\/#\/schema\/logo\/image\/","url":"https:\/\/www.spaestonia.ee\/resort\/wp-content\/uploads\/2025\/02\/resort-hotel-estonia.png","contentUrl":"https:\/\/www.spaestonia.ee\/resort\/wp-content\/uploads\/2025\/02\/resort-hotel-estonia.png","width":400,"height":173,"caption":"ESTONIA Resort Hotel Spa"},"image":{"@id":"https:\/\/www.spaestonia.ee\/resort\/#\/schema\/logo\/image\/"},"sameAs":["https:\/\/www.facebook.com\/EstoniaResortHotel"]}]}},"_links":{"self":[{"href":"https:\/\/spaestonia.ee\/resort\/wp-json\/wp\/v2\/pages\/48","targetHints":{"allow":["GET"]}}],"collection":[{"href":"https:\/\/spaestonia.ee\/resort\/wp-json\/wp\/v2\/pages"}],"about":[{"href":"https:\/\/spaestonia.ee\/resort\/wp-json\/wp\/v2\/types\/page"}],"author":[{"embeddable":true,"href":"https:\/\/spaestonia.ee\/resort\/wp-json\/wp\/v2\/users\/1"}],"replies":[{"embeddable":true,"href":"https:\/\/spaestonia.ee\/resort\/wp-json\/wp\/v2\/comments?post=48"}],"version-history":[{"count":121,"href":"https:\/\/spaestonia.ee\/resort\/wp-json\/wp\/v2\/pages\/48\/revisions"}],"predecessor-version":[{"id":45355,"href":"https:\/\/spaestonia.ee\/resort\/wp-json\/wp\/v2\/pages\/48\/revisions\/45355"}],"wp:attachment":[{"href":"https:\/\/spaestonia.ee\/resort\/wp-json\/wp\/v2\/media?parent=48"}],"curies":[{"name":"wp","href":"https:\/\/api.w.org\/{rel}","templated":true}]}}