{"id":5316,"date":"2015-11-30T14:20:07","date_gmt":"2015-11-30T12:20:07","guid":{"rendered":"https:\/\/www.spaestonia.ee\/resort\/?page_id=5316"},"modified":"2026-01-09T11:21:07","modified_gmt":"2026-01-09T09:21:07","slug":"surnumere-bassein","status":"publish","type":"page","link":"https:\/\/spaestonia.ee\/resort\/spaa-ja-saunakeskus\/surnumere-bassein\/","title":{"rendered":"Surnumere soolabasseinis h\u00f5ljumine"},"content":{"rendered":"<p><strong>ESTONIA Resort Hotel &amp; Spa spaakeskuses SPA &amp; SAUN asub Surnumere soolabassein, kus sarnaselt Surnumerele on vee soola- ja mineraalide sisaldus 33% ning inimene p\u00fcsib veepinnal h\u00f5ljudes. Tulge ja nautige Surnumere tervendavat m\u00f5ju!<\/strong><\/p>\n<p><img loading=\"lazy\" decoding=\"async\" class=\"alignright size-full wp-image-19511\" src=\"https:\/\/www.spaestonia.ee\/resort\/wp-content\/uploads\/2018\/03\/resort-surnumeri-deadsea-450px.jpg\" alt=\"Surnumeres h\u00f5ljumine \" width=\"450\" height=\"450\" srcset=\"https:\/\/spaestonia.ee\/resort\/wp-content\/uploads\/2018\/03\/resort-surnumeri-deadsea-450px.jpg 450w, https:\/\/spaestonia.ee\/resort\/wp-content\/uploads\/2018\/03\/resort-surnumeri-deadsea-450px-300x300.jpg 300w, https:\/\/spaestonia.ee\/resort\/wp-content\/uploads\/2018\/03\/resort-surnumeri-deadsea-450px-181x181.jpg 181w\" sizes=\"auto, (max-width: 450px) 100vw, 450px\" \/>H\u00f5ljumine Surnumere soolabasseinis on \u00fcks parimaid l\u00f5\u00f5gastusteraapiaid.\u00a0\u00dche korra soovituslik pikkus on 15-25 minutit, peale h\u00f5ljumist soovitame puhata basseini k\u00f5rval lamamistoolidel ja juua vett.<\/p>\n<p><strong>Surnumeres h\u00f5ljumise hind: 10 \u20ac<br \/>\n<\/strong>Hinnale lisandub <a title=\"Spaa- ja saunakeskuse hinnad 2015\" href=\"https:\/\/www.spaestonia.ee\/resort\/spaa-ja-saunakeskus\/spaa-ja-saunakeskuse-hinnakiri\/\">SPA &amp; SAUN sissep\u00e4\u00e4s<\/a>.<\/p>\n<p>SURNUMERI on kontinentaalne soolaj\u00e4rv,\u00a0mis asetseb 400 m merepinnast allpool Jordani orus piki Juuda m\u00e4gesid l\u00e4\u00e4nes ja Moab\u2019i M\u00e4gesid idas. J\u00e4rve soolasus on \u00fcle 30%. See on kolme miljoni aasta vanune ja unikaalne loodusn\u00e4htus ning v\u00f5ib \u00f6elda, et maailma suurim spaa.\u00a0Juba vanast ajast on Surnumerd tuntud kui nooruse ja tervise allikat.<\/p>\n<h3>Surnumere soola tervistav m\u00f5ju:<\/h3>\n<ul>\n<li>Surnumere sool m\u00f5jub organismile taastavalt ja tervistavalt ning aitab ennetada haigusi.<\/li>\n<li>Meresool rahustab n\u00e4rve, kiirendab ainevahetust, m\u00f5jub h\u00e4sti veresoonkonnale ja liigestele, samuti nahale ja juustele.<\/li>\n<li>Sool sobib v\u00e4ga h\u00e4sti neile, kes \u00fcritavad taastada naha siledust ja head juuksekasvu, liigeste n\u00f5tkust ja lihaste elastsust.<\/li>\n<li>Surnumere soolabassein on nahka noorendavate omadustega ja tugevdab immuuns\u00fcsteemi, leevendab ka\u00a0 nahaprobleeme nagu liigne kuivus, rasu ja \u00e4rrituvus.<\/li>\n<li>Surnumere sool sisaldab mineraale, mis on olulised naha ainevahetusprotsessis ja \u00f5ige niiskustasakaalu leidmisel.<\/li>\n<\/ul>\n<h3>Surnumere soola koostis ja mineraalide \u00fclesanded:<\/h3>\n<p>Surnumere soola koostises on peamiselt magneesium-, kaalium- ja naatriumkloriidi, aga ka kaltsiumkloriidi ning broomi. Surnumere soola mineraalidel on arvukalt \u00fclesandeid:<\/p>\n<ul>\n<li><strong>Broom<\/strong>\u00a0aitab kudedel loomulikul viisil paraneda ja toimib loodusliku antibiootikumina.<\/li>\n<li><strong>Kaalium<\/strong>, nagu ka<strong> naatrium<\/strong>,\u00a0aitab rakkudel niiskust imada ja v\u00e4lja heita ebatarvilikke j\u00e4\u00e4ke.<\/li>\n<li><strong>Kaltsium<\/strong>\u00a0on vajalik rakukestade tugevdamiseks ja pooride puhastamiseks. Lisaks on see t\u00e4htis tervete ja tugevate hammaste ning luude s\u00e4ilitamiseks, samuti s\u00fcdamelihaste ja n\u00e4rvide t\u00f6\u00f6 reguleerimiseks.<\/li>\n<li><strong>V\u00e4\u00e4vel<\/strong> on muuhulgas vajalik korralikuks seedetegevuseks, s\u00fcsivesikute ja paljude vitamiinide imendumiseks.<\/li>\n<li><strong>Magneesium\u00a0<\/strong>on h\u00e4davajalik, et lihased oleksid v\u00f5imelised l\u00f5dvestuma, aitab leevendada depressiooni, v\u00e4simuse ja ps\u00fc\u00fchikah\u00e4irete korral, tugevdab hambaid, hoiab \u00e4ra s\u00fcdame infarkti, leevendab uneh\u00e4ireid ja aitab \u00e4ra hoida selja- ja kaelavalu.<\/li>\n<\/ul>\n<p><strong>Lisainfo<\/strong>: tel 440 1014, e-mail <a href=\"mailto:resort.spa@spaestonia.ee\">resort.spa@spaestonia.ee<\/a>.<\/p>\n","protected":false},"excerpt":{"rendered":"<p>ESTONIA Resort Hotel &amp; Spa spaakeskuses SPA &amp; SAUN asub Surnumere soolabassein, kus sarnaselt Surnumerele&hellip;<\/p>\n","protected":false},"author":1,"featured_media":0,"parent":351,"menu_order":0,"comment_status":"closed","ping_status":"open","template":"","meta":{"footnotes":""},"class_list":["post-5316","page","type-page","status-publish","hentry"],"yoast_head":"<!-- This site is optimized with the Yoast SEO plugin v26.7 - https:\/\/yoast.com\/wordpress\/plugins\/seo\/ -->\n<title>Surnumere soolabasseinis h\u00f5ljumine - ESTONIA Resort Hotel Spa<\/title>\n<meta name=\"robots\" content=\"index, follow, max-snippet:-1, max-image-preview:large, max-video-preview:-1\" \/>\n<link rel=\"canonical\" href=\"https:\/\/spaestonia.ee\/resort\/spaa-ja-saunakeskus\/surnumere-bassein\/\" \/>\n<meta property=\"og:locale\" content=\"et_EE\" \/>\n<meta property=\"og:type\" content=\"article\" \/>\n<meta property=\"og:title\" content=\"Surnumere soolabasseinis h\u00f5ljumine - ESTONIA Resort Hotel Spa\" \/>\n<meta property=\"og:description\" content=\"ESTONIA Resort Hotel &amp; Spa spaakeskuses SPA &amp; SAUN asub Surnumere soolabassein, kus sarnaselt Surnumerele&hellip;\" \/>\n<meta property=\"og:url\" content=\"https:\/\/spaestonia.ee\/resort\/spaa-ja-saunakeskus\/surnumere-bassein\/\" \/>\n<meta property=\"og:site_name\" content=\"ESTONIA Resort Hotel Spa\" \/>\n<meta property=\"article:publisher\" content=\"https:\/\/www.facebook.com\/EstoniaResortHotel\" \/>\n<meta property=\"article:modified_time\" content=\"2026-01-09T09:21:07+00:00\" \/>\n<meta property=\"og:image\" content=\"https:\/\/www.spaestonia.ee\/resort\/wp-content\/uploads\/2018\/03\/resort-surnumeri-deadsea-450px.jpg\" \/>\n<meta name=\"twitter:card\" content=\"summary_large_image\" \/>\n<meta name=\"twitter:label1\" content=\"Est. reading time\" \/>\n\t<meta name=\"twitter:data1\" content=\"2 minutit\" \/>\n<script type=\"application\/ld+json\" class=\"yoast-schema-graph\">{\"@context\":\"https:\/\/schema.org\",\"@graph\":[{\"@type\":\"WebPage\",\"@id\":\"https:\/\/spaestonia.ee\/resort\/spaa-ja-saunakeskus\/surnumere-bassein\/\",\"url\":\"https:\/\/spaestonia.ee\/resort\/spaa-ja-saunakeskus\/surnumere-bassein\/\",\"name\":\"Surnumere soolabasseinis h\u00f5ljumine - ESTONIA Resort Hotel Spa\",\"isPartOf\":{\"@id\":\"https:\/\/www.spaestonia.ee\/resort\/#website\"},\"primaryImageOfPage\":{\"@id\":\"https:\/\/spaestonia.ee\/resort\/spaa-ja-saunakeskus\/surnumere-bassein\/#primaryimage\"},\"image\":{\"@id\":\"https:\/\/spaestonia.ee\/resort\/spaa-ja-saunakeskus\/surnumere-bassein\/#primaryimage\"},\"thumbnailUrl\":\"https:\/\/www.spaestonia.ee\/resort\/wp-content\/uploads\/2018\/03\/resort-surnumeri-deadsea-450px.jpg\",\"datePublished\":\"2015-11-30T12:20:07+00:00\",\"dateModified\":\"2026-01-09T09:21:07+00:00\",\"breadcrumb\":{\"@id\":\"https:\/\/spaestonia.ee\/resort\/spaa-ja-saunakeskus\/surnumere-bassein\/#breadcrumb\"},\"inLanguage\":\"et\",\"potentialAction\":[{\"@type\":\"ReadAction\",\"target\":[\"https:\/\/spaestonia.ee\/resort\/spaa-ja-saunakeskus\/surnumere-bassein\/\"]}]},{\"@type\":\"ImageObject\",\"inLanguage\":\"et\",\"@id\":\"https:\/\/spaestonia.ee\/resort\/spaa-ja-saunakeskus\/surnumere-bassein\/#primaryimage\",\"url\":\"https:\/\/www.spaestonia.ee\/resort\/wp-content\/uploads\/2018\/03\/resort-surnumeri-deadsea-450px.jpg\",\"contentUrl\":\"https:\/\/www.spaestonia.ee\/resort\/wp-content\/uploads\/2018\/03\/resort-surnumeri-deadsea-450px.jpg\"},{\"@type\":\"BreadcrumbList\",\"@id\":\"https:\/\/spaestonia.ee\/resort\/spaa-ja-saunakeskus\/surnumere-bassein\/#breadcrumb\",\"itemListElement\":[{\"@type\":\"ListItem\",\"position\":1,\"name\":\"Home\",\"item\":\"https:\/\/www.spaestonia.ee\/resort\/\"},{\"@type\":\"ListItem\",\"position\":2,\"name\":\"SPA &#038; SAUN ja spaahoolitsused\",\"item\":\"https:\/\/www.spaestonia.ee\/resort\/spaa-ja-saunakeskus\/\"},{\"@type\":\"ListItem\",\"position\":3,\"name\":\"Surnumere soolabasseinis h\u00f5ljumine\"}]},{\"@type\":\"WebSite\",\"@id\":\"https:\/\/www.spaestonia.ee\/resort\/#website\",\"url\":\"https:\/\/www.spaestonia.ee\/resort\/\",\"name\":\"ESTONIA Resort Hotel Spa\",\"description\":\"Your destination in P\u00e4rnu for wellness and events\",\"publisher\":{\"@id\":\"https:\/\/www.spaestonia.ee\/resort\/#organization\"},\"potentialAction\":[{\"@type\":\"SearchAction\",\"target\":{\"@type\":\"EntryPoint\",\"urlTemplate\":\"https:\/\/www.spaestonia.ee\/resort\/?s={search_term_string}\"},\"query-input\":{\"@type\":\"PropertyValueSpecification\",\"valueRequired\":true,\"valueName\":\"search_term_string\"}}],\"inLanguage\":\"et\"},{\"@type\":\"Organization\",\"@id\":\"https:\/\/www.spaestonia.ee\/resort\/#organization\",\"name\":\"ESTONIA Resort Hotel Spa\",\"url\":\"https:\/\/www.spaestonia.ee\/resort\/\",\"logo\":{\"@type\":\"ImageObject\",\"inLanguage\":\"et\",\"@id\":\"https:\/\/www.spaestonia.ee\/resort\/#\/schema\/logo\/image\/\",\"url\":\"https:\/\/www.spaestonia.ee\/resort\/wp-content\/uploads\/2025\/02\/resort-hotel-estonia.png\",\"contentUrl\":\"https:\/\/www.spaestonia.ee\/resort\/wp-content\/uploads\/2025\/02\/resort-hotel-estonia.png\",\"width\":400,\"height\":173,\"caption\":\"ESTONIA Resort Hotel Spa\"},\"image\":{\"@id\":\"https:\/\/www.spaestonia.ee\/resort\/#\/schema\/logo\/image\/\"},\"sameAs\":[\"https:\/\/www.facebook.com\/EstoniaResortHotel\"]}]}<\/script>\n<!-- \/ Yoast SEO plugin. -->","yoast_head_json":{"title":"Surnumere soolabasseinis h\u00f5ljumine - ESTONIA Resort Hotel Spa","robots":{"index":"index","follow":"follow","max-snippet":"max-snippet:-1","max-image-preview":"max-image-preview:large","max-video-preview":"max-video-preview:-1"},"canonical":"https:\/\/spaestonia.ee\/resort\/spaa-ja-saunakeskus\/surnumere-bassein\/","og_locale":"et_EE","og_type":"article","og_title":"Surnumere soolabasseinis h\u00f5ljumine - ESTONIA Resort Hotel Spa","og_description":"ESTONIA Resort Hotel &amp; Spa spaakeskuses SPA &amp; SAUN asub Surnumere soolabassein, kus sarnaselt Surnumerele&hellip;","og_url":"https:\/\/spaestonia.ee\/resort\/spaa-ja-saunakeskus\/surnumere-bassein\/","og_site_name":"ESTONIA Resort Hotel Spa","article_publisher":"https:\/\/www.facebook.com\/EstoniaResortHotel","article_modified_time":"2026-01-09T09:21:07+00:00","og_image":[{"url":"https:\/\/www.spaestonia.ee\/resort\/wp-content\/uploads\/2018\/03\/resort-surnumeri-deadsea-450px.jpg","type":"","width":"","height":""}],"twitter_card":"summary_large_image","twitter_misc":{"Est. reading time":"2 minutit"},"schema":{"@context":"https:\/\/schema.org","@graph":[{"@type":"WebPage","@id":"https:\/\/spaestonia.ee\/resort\/spaa-ja-saunakeskus\/surnumere-bassein\/","url":"https:\/\/spaestonia.ee\/resort\/spaa-ja-saunakeskus\/surnumere-bassein\/","name":"Surnumere soolabasseinis h\u00f5ljumine - ESTONIA Resort Hotel Spa","isPartOf":{"@id":"https:\/\/www.spaestonia.ee\/resort\/#website"},"primaryImageOfPage":{"@id":"https:\/\/spaestonia.ee\/resort\/spaa-ja-saunakeskus\/surnumere-bassein\/#primaryimage"},"image":{"@id":"https:\/\/spaestonia.ee\/resort\/spaa-ja-saunakeskus\/surnumere-bassein\/#primaryimage"},"thumbnailUrl":"https:\/\/www.spaestonia.ee\/resort\/wp-content\/uploads\/2018\/03\/resort-surnumeri-deadsea-450px.jpg","datePublished":"2015-11-30T12:20:07+00:00","dateModified":"2026-01-09T09:21:07+00:00","breadcrumb":{"@id":"https:\/\/spaestonia.ee\/resort\/spaa-ja-saunakeskus\/surnumere-bassein\/#breadcrumb"},"inLanguage":"et","potentialAction":[{"@type":"ReadAction","target":["https:\/\/spaestonia.ee\/resort\/spaa-ja-saunakeskus\/surnumere-bassein\/"]}]},{"@type":"ImageObject","inLanguage":"et","@id":"https:\/\/spaestonia.ee\/resort\/spaa-ja-saunakeskus\/surnumere-bassein\/#primaryimage","url":"https:\/\/www.spaestonia.ee\/resort\/wp-content\/uploads\/2018\/03\/resort-surnumeri-deadsea-450px.jpg","contentUrl":"https:\/\/www.spaestonia.ee\/resort\/wp-content\/uploads\/2018\/03\/resort-surnumeri-deadsea-450px.jpg"},{"@type":"BreadcrumbList","@id":"https:\/\/spaestonia.ee\/resort\/spaa-ja-saunakeskus\/surnumere-bassein\/#breadcrumb","itemListElement":[{"@type":"ListItem","position":1,"name":"Home","item":"https:\/\/www.spaestonia.ee\/resort\/"},{"@type":"ListItem","position":2,"name":"SPA &#038; SAUN ja spaahoolitsused","item":"https:\/\/www.spaestonia.ee\/resort\/spaa-ja-saunakeskus\/"},{"@type":"ListItem","position":3,"name":"Surnumere soolabasseinis h\u00f5ljumine"}]},{"@type":"WebSite","@id":"https:\/\/www.spaestonia.ee\/resort\/#website","url":"https:\/\/www.spaestonia.ee\/resort\/","name":"ESTONIA Resort Hotel Spa","description":"Your destination in P\u00e4rnu for wellness and events","publisher":{"@id":"https:\/\/www.spaestonia.ee\/resort\/#organization"},"potentialAction":[{"@type":"SearchAction","target":{"@type":"EntryPoint","urlTemplate":"https:\/\/www.spaestonia.ee\/resort\/?s={search_term_string}"},"query-input":{"@type":"PropertyValueSpecification","valueRequired":true,"valueName":"search_term_string"}}],"inLanguage":"et"},{"@type":"Organization","@id":"https:\/\/www.spaestonia.ee\/resort\/#organization","name":"ESTONIA Resort Hotel Spa","url":"https:\/\/www.spaestonia.ee\/resort\/","logo":{"@type":"ImageObject","inLanguage":"et","@id":"https:\/\/www.spaestonia.ee\/resort\/#\/schema\/logo\/image\/","url":"https:\/\/www.spaestonia.ee\/resort\/wp-content\/uploads\/2025\/02\/resort-hotel-estonia.png","contentUrl":"https:\/\/www.spaestonia.ee\/resort\/wp-content\/uploads\/2025\/02\/resort-hotel-estonia.png","width":400,"height":173,"caption":"ESTONIA Resort Hotel Spa"},"image":{"@id":"https:\/\/www.spaestonia.ee\/resort\/#\/schema\/logo\/image\/"},"sameAs":["https:\/\/www.facebook.com\/EstoniaResortHotel"]}]}},"_links":{"self":[{"href":"https:\/\/spaestonia.ee\/resort\/wp-json\/wp\/v2\/pages\/5316","targetHints":{"allow":["GET"]}}],"collection":[{"href":"https:\/\/spaestonia.ee\/resort\/wp-json\/wp\/v2\/pages"}],"about":[{"href":"https:\/\/spaestonia.ee\/resort\/wp-json\/wp\/v2\/types\/page"}],"author":[{"embeddable":true,"href":"https:\/\/spaestonia.ee\/resort\/wp-json\/wp\/v2\/users\/1"}],"replies":[{"embeddable":true,"href":"https:\/\/spaestonia.ee\/resort\/wp-json\/wp\/v2\/comments?post=5316"}],"version-history":[{"count":40,"href":"https:\/\/spaestonia.ee\/resort\/wp-json\/wp\/v2\/pages\/5316\/revisions"}],"predecessor-version":[{"id":46028,"href":"https:\/\/spaestonia.ee\/resort\/wp-json\/wp\/v2\/pages\/5316\/revisions\/46028"}],"up":[{"embeddable":true,"href":"https:\/\/spaestonia.ee\/resort\/wp-json\/wp\/v2\/pages\/351"}],"wp:attachment":[{"href":"https:\/\/spaestonia.ee\/resort\/wp-json\/wp\/v2\/media?parent=5316"}],"curies":[{"name":"wp","href":"https:\/\/api.w.org\/{rel}","templated":true}]}}