{"id":57,"date":"2014-11-13T19:50:49","date_gmt":"2014-11-13T17:50:49","guid":{"rendered":"http:\/\/www.spaestonia.ee\/?page_id=57"},"modified":"2026-03-31T15:45:24","modified_gmt":"2026-03-31T12:45:24","slug":"restoran-noot","status":"publish","type":"page","link":"https:\/\/spaestonia.ee\/resort\/restoran-noot\/","title":{"rendered":"Restoran NOOT"},"content":{"rendered":"<h3><img loading=\"lazy\" decoding=\"async\" class=\"alignnone size-full wp-image-46918\" src=\"http:\/\/www.spaestonia.ee\/resort\/wp-content\/uploads\/2026\/03\/Noot__falstaff-8.jpg\" alt=\"\" width=\"2048\" height=\"521\" srcset=\"https:\/\/spaestonia.ee\/resort\/wp-content\/uploads\/2026\/03\/Noot__falstaff-8.jpg 2048w, https:\/\/spaestonia.ee\/resort\/wp-content\/uploads\/2026\/03\/Noot__falstaff-8-300x76.jpg 300w, https:\/\/spaestonia.ee\/resort\/wp-content\/uploads\/2026\/03\/Noot__falstaff-8-1024x261.jpg 1024w, https:\/\/spaestonia.ee\/resort\/wp-content\/uploads\/2026\/03\/Noot__falstaff-8-768x195.jpg 768w, https:\/\/spaestonia.ee\/resort\/wp-content\/uploads\/2026\/03\/Noot__falstaff-8-1536x391.jpg 1536w\" sizes=\"auto, (max-width: 2048px) 100vw, 2048px\" \/><\/h3>\n<h3><strong>Restoran NOOT on avatud E-N kell 17\u201323 ja R-P kell 12\u201323<br \/>\n<\/strong><\/h3>\n<ul>\n<li>Uuenenud ilme saanud restoran NOOT men\u00fc\u00fc on inspireeritud nii modernsest kui klassikalisest Eesti k\u00f6\u00f6gist ning seda rikastavad erinevate maailmak\u00f6\u00f6kide maitsed. Meie peakokk Rudolf Visnapuu on k\u00f5rgelt hinnatud oma panuse eest Eesti k\u00f6\u00f6gi ning noorte erialase toidukultuuri edendamisel.<\/li>\n<li>Lobby-alal asub on ka <a href=\"https:\/\/www.spaestonia.ee\/resort\/laste-mangunurk\/\">laste m\u00e4ngunurk<\/a><\/li>\n<li>Suvehooajal avatud v\u00e4literrass.<\/li>\n<li>Viimane tellimus k\u00f6\u00f6ki kl 22.30.<\/li>\n<\/ul>\n<p><strong>\u00c0 la carte men\u00fc\u00fcga tutvu <a href=\"https:\/\/www.spaestonia.ee\/resort\/a-la-carte\/\">siin<\/a>.<\/strong><\/p>\n<hr \/>\n<h3><strong>Kohvik NOOT on avatud E-R 12-15<\/strong><\/h3>\n<p>Kohviku rikkaliku ja tervisliku valikuga salatibaarist saate endale kokku panna meelep\u00e4rase salati. P\u00e4evasupp pakub kiiret ja sooja k\u00f5hut\u00e4it ning koogivalik suurep\u00e4rase energialaengu \u00fclej\u00e4\u00e4nud t\u00f6\u00f6p\u00e4evaks. <a style=\"font-size: 16px;\" href=\"https:\/\/www.spaestonia.ee\/resort\/restoran\/noodi-kohvik\/\">L\u00e4hemalt \u00bb<\/a><\/p>\n<hr \/>\n<p><strong>LEMMIKLOOMAD.<\/strong> Armastame loomi, kuid paraku v\u00f5ib meie restorani k\u00fclastajate hulgas olla allergikuid vm., mist\u00f5ttu lemmikloomaga k\u00fclastus kohvikus ja restoranis NOOT ei ole lubatud. Lemmikloomaga ootame teid k\u00fclla suveperioodil NOOT suveterrassile!<\/p>\n<hr \/>\n<p><strong>PARKIMINE:<br \/>\nP1 parkla\u00a0<\/strong>\u2013 tasuline<strong><br \/>\nP2 parkla\u00a0<\/strong>\u2013 1.05.\u201331.08 tasuline, muul ajal tasuta<br \/>\nLisainfo\u00a0<a href=\"https:\/\/www.spaestonia.ee\/resort\/meist\/asukoht-parkimine\/\">SIIN<\/a>.<strong><br \/>\n<\/strong><\/p>\n<hr \/>\n<h3><strong>LAUDADE RESERVEERIMINE<\/strong><\/h3>\n<p><strong>Lauareserveeringu saad teha\u00a0 <a href=\"https:\/\/v2.tableonline.fi\/instabook\/bookings\/zGBDSta?locale=ee\">SIIN<\/a>.<br \/>\n<\/strong>Lisainfo: e-post <a href=\"mailto:noot@spaestonia.ee\">noot@spaestonia.ee<\/a>, tel +372 440 1012\u00a0 <a href=\"https:\/\/www.facebook.com\/restoranNOOT\" target=\"_blank\" rel=\"noopener\"><img loading=\"lazy\" decoding=\"async\" class=\"alignnone wp-image-35374 \" src=\"http:\/\/www.spaestonia.ee\/resort\/wp-content\/uploads\/2022\/04\/FB-e1650630624510.png\" alt=\"\" width=\"39\" height=\"30\" \/><\/a><\/p>\n<p>Aadress: A. H. Tammsaare pst 4a, P\u00e4rnu. Asukoht kaardil <a href=\"https:\/\/www.google.com\/maps\/dir\/\/58.3779486,24.5007516\/@58.3779541,24.4961382,16z\/data=!3m1!4b1!4m2!4m1!3e0?hl=et\" target=\"_blank\" rel=\"noopener\">Google Maps<\/a><\/p>\n<div class='gallery-article'><ul id='gallery-article0' class='list gallery-list galleryid-0 gallery-columns-4 gallery-size-medium'><li class='gallery-item'>\n\t\t<p class='gallery-icon'>\n\t\t<a href='https:\/\/spaestonia.ee\/resort\/wp-content\/uploads\/2024\/04\/Restoran-NOOT-15.jpg' title=\"\" data-rl_title=\"\" class=\"rl-gallery-link\" data-rl_caption=\"\" data-rel=\"lightbox-gallery-0\"><img loading=\"lazy\" decoding=\"async\" width=\"300\" height=\"200\" src=\"https:\/\/spaestonia.ee\/resort\/wp-content\/uploads\/2024\/04\/Restoran-NOOT-15-300x200.jpg\" class=\"attachment-medium size-medium\" alt=\"\" srcset=\"https:\/\/spaestonia.ee\/resort\/wp-content\/uploads\/2024\/04\/Restoran-NOOT-15-300x200.jpg 300w, https:\/\/spaestonia.ee\/resort\/wp-content\/uploads\/2024\/04\/Restoran-NOOT-15-768x512.jpg 768w, https:\/\/spaestonia.ee\/resort\/wp-content\/uploads\/2024\/04\/Restoran-NOOT-15.jpg 800w\" sizes=\"auto, (max-width: 300px) 100vw, 300px\" \/><\/a>\n\t\t<\/p><\/li><li class='gallery-item'>\n\t\t<p class='gallery-icon'>\n\t\t<a href='https:\/\/spaestonia.ee\/resort\/wp-content\/uploads\/2024\/04\/Restoran-NOOT-14.jpg' title=\"\" data-rl_title=\"\" class=\"rl-gallery-link\" data-rl_caption=\"\" data-rel=\"lightbox-gallery-0\"><img loading=\"lazy\" decoding=\"async\" width=\"300\" height=\"200\" src=\"https:\/\/spaestonia.ee\/resort\/wp-content\/uploads\/2024\/04\/Restoran-NOOT-14-300x200.jpg\" class=\"attachment-medium size-medium\" alt=\"\" srcset=\"https:\/\/spaestonia.ee\/resort\/wp-content\/uploads\/2024\/04\/Restoran-NOOT-14-300x200.jpg 300w, https:\/\/spaestonia.ee\/resort\/wp-content\/uploads\/2024\/04\/Restoran-NOOT-14-768x512.jpg 768w, https:\/\/spaestonia.ee\/resort\/wp-content\/uploads\/2024\/04\/Restoran-NOOT-14.jpg 800w\" sizes=\"auto, (max-width: 300px) 100vw, 300px\" \/><\/a>\n\t\t<\/p><\/li><li class='gallery-item'>\n\t\t<p class='gallery-icon'>\n\t\t<a href='https:\/\/spaestonia.ee\/resort\/wp-content\/uploads\/2020\/04\/Restoran-NOOT-4.jpg' title=\"\" data-rl_title=\"\" class=\"rl-gallery-link\" data-rl_caption=\"\" data-rel=\"lightbox-gallery-0\"><img loading=\"lazy\" decoding=\"async\" width=\"300\" height=\"200\" src=\"https:\/\/spaestonia.ee\/resort\/wp-content\/uploads\/2020\/04\/Restoran-NOOT-4-300x200.jpg\" class=\"attachment-medium size-medium\" alt=\"Restoran NOOT\" srcset=\"https:\/\/spaestonia.ee\/resort\/wp-content\/uploads\/2020\/04\/Restoran-NOOT-4-300x200.jpg 300w, https:\/\/spaestonia.ee\/resort\/wp-content\/uploads\/2020\/04\/Restoran-NOOT-4-768x512.jpg 768w, https:\/\/spaestonia.ee\/resort\/wp-content\/uploads\/2020\/04\/Restoran-NOOT-4.jpg 800w\" sizes=\"auto, (max-width: 300px) 100vw, 300px\" \/><\/a>\n\t\t<\/p><\/li><li class='gallery-item'>\n\t\t<p class='gallery-icon'>\n\t\t<a href='https:\/\/spaestonia.ee\/resort\/wp-content\/uploads\/2024\/04\/Restoran-NOOT-18.jpg' title=\"\" data-rl_title=\"\" class=\"rl-gallery-link\" data-rl_caption=\"\" data-rel=\"lightbox-gallery-0\"><img loading=\"lazy\" decoding=\"async\" width=\"300\" height=\"200\" src=\"https:\/\/spaestonia.ee\/resort\/wp-content\/uploads\/2024\/04\/Restoran-NOOT-18-300x200.jpg\" class=\"attachment-medium size-medium\" alt=\"\" srcset=\"https:\/\/spaestonia.ee\/resort\/wp-content\/uploads\/2024\/04\/Restoran-NOOT-18-300x200.jpg 300w, https:\/\/spaestonia.ee\/resort\/wp-content\/uploads\/2024\/04\/Restoran-NOOT-18-768x512.jpg 768w, https:\/\/spaestonia.ee\/resort\/wp-content\/uploads\/2024\/04\/Restoran-NOOT-18.jpg 800w\" sizes=\"auto, (max-width: 300px) 100vw, 300px\" \/><\/a>\n\t\t<\/p><\/li><li class='gallery-item'>\n\t\t<p class='gallery-icon'>\n\t\t<a href='https:\/\/spaestonia.ee\/resort\/wp-content\/uploads\/2024\/04\/Estonia-Resort-Hotel-Spa_lobby-13.jpg' title=\"\" data-rl_title=\"\" class=\"rl-gallery-link\" data-rl_caption=\"\" data-rel=\"lightbox-gallery-0\"><img loading=\"lazy\" decoding=\"async\" width=\"300\" height=\"200\" src=\"https:\/\/spaestonia.ee\/resort\/wp-content\/uploads\/2024\/04\/Estonia-Resort-Hotel-Spa_lobby-13-300x200.jpg\" class=\"attachment-medium size-medium\" alt=\"Estonia Resort Hotel &amp; Spa_lobby\" srcset=\"https:\/\/spaestonia.ee\/resort\/wp-content\/uploads\/2024\/04\/Estonia-Resort-Hotel-Spa_lobby-13-300x200.jpg 300w, https:\/\/spaestonia.ee\/resort\/wp-content\/uploads\/2024\/04\/Estonia-Resort-Hotel-Spa_lobby-13-768x512.jpg 768w, https:\/\/spaestonia.ee\/resort\/wp-content\/uploads\/2024\/04\/Estonia-Resort-Hotel-Spa_lobby-13.jpg 800w\" sizes=\"auto, (max-width: 300px) 100vw, 300px\" \/><\/a>\n\t\t<\/p><\/li><li class='gallery-item'>\n\t\t<p class='gallery-icon'>\n\t\t<a href='https:\/\/spaestonia.ee\/resort\/wp-content\/uploads\/2024\/04\/Estonia-Resort-Hotel-Spa_lobby-20.jpg' title=\"\" data-rl_title=\"\" class=\"rl-gallery-link\" data-rl_caption=\"\" data-rel=\"lightbox-gallery-0\"><img loading=\"lazy\" decoding=\"async\" width=\"300\" height=\"200\" src=\"https:\/\/spaestonia.ee\/resort\/wp-content\/uploads\/2024\/04\/Estonia-Resort-Hotel-Spa_lobby-20-300x200.jpg\" class=\"attachment-medium size-medium\" alt=\"Estonia Resort Hotel &amp; Spa_lobby (19)\" srcset=\"https:\/\/spaestonia.ee\/resort\/wp-content\/uploads\/2024\/04\/Estonia-Resort-Hotel-Spa_lobby-20-300x200.jpg 300w, https:\/\/spaestonia.ee\/resort\/wp-content\/uploads\/2024\/04\/Estonia-Resort-Hotel-Spa_lobby-20-768x512.jpg 768w, https:\/\/spaestonia.ee\/resort\/wp-content\/uploads\/2024\/04\/Estonia-Resort-Hotel-Spa_lobby-20.jpg 800w\" sizes=\"auto, (max-width: 300px) 100vw, 300px\" \/><\/a>\n\t\t<\/p><\/li><li class='gallery-item'>\n\t\t<p class='gallery-icon'>\n\t\t<a href='https:\/\/spaestonia.ee\/resort\/wp-content\/uploads\/2024\/04\/Estonia-Resort-Hotel-Spa_lastenurk-3.jpg' title=\"\" data-rl_title=\"\" class=\"rl-gallery-link\" data-rl_caption=\"\" data-rel=\"lightbox-gallery-0\"><img loading=\"lazy\" decoding=\"async\" width=\"300\" height=\"200\" src=\"https:\/\/spaestonia.ee\/resort\/wp-content\/uploads\/2024\/04\/Estonia-Resort-Hotel-Spa_lastenurk-3-300x200.jpg\" class=\"attachment-medium size-medium\" alt=\"Estonia Resort Hotel &amp; Spa_lastenurk (3)\" srcset=\"https:\/\/spaestonia.ee\/resort\/wp-content\/uploads\/2024\/04\/Estonia-Resort-Hotel-Spa_lastenurk-3-300x200.jpg 300w, https:\/\/spaestonia.ee\/resort\/wp-content\/uploads\/2024\/04\/Estonia-Resort-Hotel-Spa_lastenurk-3-768x512.jpg 768w, https:\/\/spaestonia.ee\/resort\/wp-content\/uploads\/2024\/04\/Estonia-Resort-Hotel-Spa_lastenurk-3.jpg 800w\" sizes=\"auto, (max-width: 300px) 100vw, 300px\" \/><\/a>\n\t\t<\/p><\/li><li class='gallery-item'>\n\t\t<p class='gallery-icon'>\n\t\t<a href='https:\/\/spaestonia.ee\/resort\/wp-content\/uploads\/2019\/06\/terrass_valisvaade_pisike.jpg' title=\"\" data-rl_title=\"\" class=\"rl-gallery-link\" data-rl_caption=\"\" data-rel=\"lightbox-gallery-0\"><img loading=\"lazy\" decoding=\"async\" width=\"300\" height=\"200\" src=\"https:\/\/spaestonia.ee\/resort\/wp-content\/uploads\/2019\/06\/terrass_valisvaade_pisike-300x200.jpg\" class=\"attachment-medium size-medium\" alt=\"\" srcset=\"https:\/\/spaestonia.ee\/resort\/wp-content\/uploads\/2019\/06\/terrass_valisvaade_pisike-300x200.jpg 300w, https:\/\/spaestonia.ee\/resort\/wp-content\/uploads\/2019\/06\/terrass_valisvaade_pisike-768x512.jpg 768w, https:\/\/spaestonia.ee\/resort\/wp-content\/uploads\/2019\/06\/terrass_valisvaade_pisike-1024x682.jpg 1024w, https:\/\/spaestonia.ee\/resort\/wp-content\/uploads\/2019\/06\/terrass_valisvaade_pisike-837x557.jpg 837w, https:\/\/spaestonia.ee\/resort\/wp-content\/uploads\/2019\/06\/terrass_valisvaade_pisike.jpg 1100w\" sizes=\"auto, (max-width: 300px) 100vw, 300px\" \/><\/a>\n\t\t<\/p><\/li><li class='gallery-item'>\n\t\t<p class='gallery-icon'>\n\t\t<a href='https:\/\/spaestonia.ee\/resort\/wp-content\/uploads\/2019\/06\/terrass_interjoor_pisikei.jpg' title=\"\" data-rl_title=\"\" class=\"rl-gallery-link\" data-rl_caption=\"\" data-rel=\"lightbox-gallery-0\"><img loading=\"lazy\" decoding=\"async\" width=\"300\" height=\"200\" src=\"https:\/\/spaestonia.ee\/resort\/wp-content\/uploads\/2019\/06\/terrass_interjoor_pisikei-300x200.jpg\" class=\"attachment-medium size-medium\" alt=\"\" srcset=\"https:\/\/spaestonia.ee\/resort\/wp-content\/uploads\/2019\/06\/terrass_interjoor_pisikei-300x200.jpg 300w, https:\/\/spaestonia.ee\/resort\/wp-content\/uploads\/2019\/06\/terrass_interjoor_pisikei-768x512.jpg 768w, https:\/\/spaestonia.ee\/resort\/wp-content\/uploads\/2019\/06\/terrass_interjoor_pisikei-1024x682.jpg 1024w, https:\/\/spaestonia.ee\/resort\/wp-content\/uploads\/2019\/06\/terrass_interjoor_pisikei-837x557.jpg 837w, https:\/\/spaestonia.ee\/resort\/wp-content\/uploads\/2019\/06\/terrass_interjoor_pisikei.jpg 1100w\" sizes=\"auto, (max-width: 300px) 100vw, 300px\" \/><\/a>\n\t\t<\/p><\/li><li class='gallery-item'>\n\t\t<p class='gallery-icon'>\n\t\t<a href='https:\/\/spaestonia.ee\/resort\/wp-content\/uploads\/2023\/07\/NOOT-suvemenuu-2023-4.jpg' title=\"\" data-rl_title=\"\" class=\"rl-gallery-link\" data-rl_caption=\"\" data-rel=\"lightbox-gallery-0\"><img loading=\"lazy\" decoding=\"async\" width=\"300\" height=\"200\" src=\"https:\/\/spaestonia.ee\/resort\/wp-content\/uploads\/2023\/07\/NOOT-suvemenuu-2023-4-300x200.jpg\" class=\"attachment-medium size-medium\" alt=\"\" srcset=\"https:\/\/spaestonia.ee\/resort\/wp-content\/uploads\/2023\/07\/NOOT-suvemenuu-2023-4-300x200.jpg 300w, https:\/\/spaestonia.ee\/resort\/wp-content\/uploads\/2023\/07\/NOOT-suvemenuu-2023-4-768x513.jpg 768w, https:\/\/spaestonia.ee\/resort\/wp-content\/uploads\/2023\/07\/NOOT-suvemenuu-2023-4-837x557.jpg 837w, https:\/\/spaestonia.ee\/resort\/wp-content\/uploads\/2023\/07\/NOOT-suvemenuu-2023-4.jpg 960w\" sizes=\"auto, (max-width: 300px) 100vw, 300px\" \/><\/a>\n\t\t<\/p><\/li><li class='gallery-item'>\n\t\t<p class='gallery-icon'>\n\t\t<a href='https:\/\/spaestonia.ee\/resort\/wp-content\/uploads\/2023\/07\/NOOT-suvemenuu-2023-3-e1716527946529.jpg' title=\"\" data-rl_title=\"\" class=\"rl-gallery-link\" data-rl_caption=\"\" data-rel=\"lightbox-gallery-0\"><img loading=\"lazy\" decoding=\"async\" width=\"300\" height=\"200\" src=\"https:\/\/spaestonia.ee\/resort\/wp-content\/uploads\/2023\/07\/NOOT-suvemenuu-2023-3-300x200.jpg\" class=\"attachment-medium size-medium\" alt=\"\" srcset=\"https:\/\/spaestonia.ee\/resort\/wp-content\/uploads\/2023\/07\/NOOT-suvemenuu-2023-3-300x200.jpg 300w, https:\/\/spaestonia.ee\/resort\/wp-content\/uploads\/2023\/07\/NOOT-suvemenuu-2023-3-768x513.jpg 768w, https:\/\/spaestonia.ee\/resort\/wp-content\/uploads\/2023\/07\/NOOT-suvemenuu-2023-3-837x557.jpg 837w, https:\/\/spaestonia.ee\/resort\/wp-content\/uploads\/2023\/07\/NOOT-suvemenuu-2023-3-e1716527946529.jpg 960w\" sizes=\"auto, (max-width: 300px) 100vw, 300px\" \/><\/a>\n\t\t<\/p><\/li><li class='gallery-item'>\n\t\t<p class='gallery-icon'>\n\t\t<a href='https:\/\/spaestonia.ee\/resort\/wp-content\/uploads\/2023\/07\/NOOT-suvemenuu-2023-5.jpg' title=\"\" data-rl_title=\"\" class=\"rl-gallery-link\" data-rl_caption=\"\" data-rel=\"lightbox-gallery-0\"><img loading=\"lazy\" decoding=\"async\" width=\"300\" height=\"200\" src=\"https:\/\/spaestonia.ee\/resort\/wp-content\/uploads\/2023\/07\/NOOT-suvemenuu-2023-5-300x200.jpg\" class=\"attachment-medium size-medium\" alt=\"\" srcset=\"https:\/\/spaestonia.ee\/resort\/wp-content\/uploads\/2023\/07\/NOOT-suvemenuu-2023-5-300x200.jpg 300w, https:\/\/spaestonia.ee\/resort\/wp-content\/uploads\/2023\/07\/NOOT-suvemenuu-2023-5-768x513.jpg 768w, https:\/\/spaestonia.ee\/resort\/wp-content\/uploads\/2023\/07\/NOOT-suvemenuu-2023-5-837x557.jpg 837w, https:\/\/spaestonia.ee\/resort\/wp-content\/uploads\/2023\/07\/NOOT-suvemenuu-2023-5.jpg 960w\" sizes=\"auto, (max-width: 300px) 100vw, 300px\" \/><\/a>\n\t\t<\/p><\/li><\/ul>\n<\/div>\n\n","protected":false},"excerpt":{"rendered":"<p>Restoran NOOT on avatud E-N kell 17\u201323 ja R-P kell 12\u201323 Uuenenud ilme saanud restoran&hellip;<\/p>\n","protected":false},"author":1,"featured_media":0,"parent":0,"menu_order":0,"comment_status":"closed","ping_status":"open","template":"","meta":{"footnotes":""},"class_list":["post-57","page","type-page","status-publish","hentry"],"yoast_head":"<!-- This site is optimized with the Yoast SEO plugin v26.7 - https:\/\/yoast.com\/wordpress\/plugins\/seo\/ -->\n<title>Restoran NOOT - ESTONIA Resort Hotel Spa<\/title>\n<meta name=\"description\" content=\"Restoran NOOT men\u00fc\u00fc on inspireeritud modernsest ja ka klassikalisest Eesti k\u00f6\u00f6gist ning seda rikastavad erinevate maailmak\u00f6\u00f6kide maitsed.\" \/>\n<meta name=\"robots\" content=\"index, follow, max-snippet:-1, max-image-preview:large, max-video-preview:-1\" \/>\n<link rel=\"canonical\" href=\"https:\/\/spaestonia.ee\/resort\/restoran-noot\/\" \/>\n<meta property=\"og:locale\" content=\"et_EE\" \/>\n<meta property=\"og:type\" content=\"article\" \/>\n<meta property=\"og:title\" content=\"Restoran NOOT - ESTONIA Resort Hotel Spa\" \/>\n<meta property=\"og:description\" content=\"Restoran NOOT men\u00fc\u00fc on inspireeritud modernsest ja ka klassikalisest Eesti k\u00f6\u00f6gist ning seda rikastavad erinevate maailmak\u00f6\u00f6kide maitsed.\" \/>\n<meta property=\"og:url\" content=\"https:\/\/spaestonia.ee\/resort\/restoran-noot\/\" \/>\n<meta property=\"og:site_name\" content=\"ESTONIA Resort Hotel Spa\" \/>\n<meta property=\"article:publisher\" content=\"https:\/\/www.facebook.com\/EstoniaResortHotel\" \/>\n<meta property=\"article:modified_time\" content=\"2026-03-31T12:45:24+00:00\" \/>\n<meta property=\"og:image\" content=\"https:\/\/www.spaestonia.ee\/resort\/wp-content\/uploads\/2024\/04\/Restoran-NOOT-15-300x200.jpg\" \/>\n<meta name=\"twitter:card\" content=\"summary_large_image\" \/>\n<meta name=\"twitter:label1\" content=\"Est. reading time\" \/>\n\t<meta name=\"twitter:data1\" content=\"2 minutit\" \/>\n<script type=\"application\/ld+json\" class=\"yoast-schema-graph\">{\"@context\":\"https:\/\/schema.org\",\"@graph\":[{\"@type\":\"WebPage\",\"@id\":\"https:\/\/spaestonia.ee\/resort\/restoran-noot\/\",\"url\":\"https:\/\/spaestonia.ee\/resort\/restoran-noot\/\",\"name\":\"Restoran NOOT - ESTONIA Resort Hotel Spa\",\"isPartOf\":{\"@id\":\"https:\/\/www.spaestonia.ee\/resort\/#website\"},\"primaryImageOfPage\":{\"@id\":\"https:\/\/spaestonia.ee\/resort\/restoran-noot\/#primaryimage\"},\"image\":{\"@id\":\"https:\/\/spaestonia.ee\/resort\/restoran-noot\/#primaryimage\"},\"thumbnailUrl\":\"http:\/\/www.spaestonia.ee\/resort\/wp-content\/uploads\/2026\/03\/Noot__falstaff-8.jpg\",\"datePublished\":\"2014-11-13T17:50:49+00:00\",\"dateModified\":\"2026-03-31T12:45:24+00:00\",\"description\":\"Restoran NOOT men\u00fc\u00fc on inspireeritud modernsest ja ka klassikalisest Eesti k\u00f6\u00f6gist ning seda rikastavad erinevate maailmak\u00f6\u00f6kide maitsed.\",\"breadcrumb\":{\"@id\":\"https:\/\/spaestonia.ee\/resort\/restoran-noot\/#breadcrumb\"},\"inLanguage\":\"et\",\"potentialAction\":[{\"@type\":\"ReadAction\",\"target\":[\"https:\/\/spaestonia.ee\/resort\/restoran-noot\/\"]}]},{\"@type\":\"ImageObject\",\"inLanguage\":\"et\",\"@id\":\"https:\/\/spaestonia.ee\/resort\/restoran-noot\/#primaryimage\",\"url\":\"http:\/\/www.spaestonia.ee\/resort\/wp-content\/uploads\/2026\/03\/Noot__falstaff-8.jpg\",\"contentUrl\":\"http:\/\/www.spaestonia.ee\/resort\/wp-content\/uploads\/2026\/03\/Noot__falstaff-8.jpg\"},{\"@type\":\"BreadcrumbList\",\"@id\":\"https:\/\/spaestonia.ee\/resort\/restoran-noot\/#breadcrumb\",\"itemListElement\":[{\"@type\":\"ListItem\",\"position\":1,\"name\":\"Home\",\"item\":\"https:\/\/www.spaestonia.ee\/resort\/\"},{\"@type\":\"ListItem\",\"position\":2,\"name\":\"Restoran NOOT\"}]},{\"@type\":\"WebSite\",\"@id\":\"https:\/\/www.spaestonia.ee\/resort\/#website\",\"url\":\"https:\/\/www.spaestonia.ee\/resort\/\",\"name\":\"ESTONIA Resort Hotel Spa\",\"description\":\"Your destination in P\u00e4rnu for wellness and events\",\"publisher\":{\"@id\":\"https:\/\/www.spaestonia.ee\/resort\/#organization\"},\"potentialAction\":[{\"@type\":\"SearchAction\",\"target\":{\"@type\":\"EntryPoint\",\"urlTemplate\":\"https:\/\/www.spaestonia.ee\/resort\/?s={search_term_string}\"},\"query-input\":{\"@type\":\"PropertyValueSpecification\",\"valueRequired\":true,\"valueName\":\"search_term_string\"}}],\"inLanguage\":\"et\"},{\"@type\":\"Organization\",\"@id\":\"https:\/\/www.spaestonia.ee\/resort\/#organization\",\"name\":\"ESTONIA Resort Hotel Spa\",\"url\":\"https:\/\/www.spaestonia.ee\/resort\/\",\"logo\":{\"@type\":\"ImageObject\",\"inLanguage\":\"et\",\"@id\":\"https:\/\/www.spaestonia.ee\/resort\/#\/schema\/logo\/image\/\",\"url\":\"https:\/\/www.spaestonia.ee\/resort\/wp-content\/uploads\/2025\/02\/resort-hotel-estonia.png\",\"contentUrl\":\"https:\/\/www.spaestonia.ee\/resort\/wp-content\/uploads\/2025\/02\/resort-hotel-estonia.png\",\"width\":400,\"height\":173,\"caption\":\"ESTONIA Resort Hotel Spa\"},\"image\":{\"@id\":\"https:\/\/www.spaestonia.ee\/resort\/#\/schema\/logo\/image\/\"},\"sameAs\":[\"https:\/\/www.facebook.com\/EstoniaResortHotel\"]}]}<\/script>\n<!-- \/ Yoast SEO plugin. -->","yoast_head_json":{"title":"Restoran NOOT - ESTONIA Resort Hotel Spa","description":"Restoran NOOT men\u00fc\u00fc on inspireeritud modernsest ja ka klassikalisest Eesti k\u00f6\u00f6gist ning seda rikastavad erinevate maailmak\u00f6\u00f6kide maitsed.","robots":{"index":"index","follow":"follow","max-snippet":"max-snippet:-1","max-image-preview":"max-image-preview:large","max-video-preview":"max-video-preview:-1"},"canonical":"https:\/\/spaestonia.ee\/resort\/restoran-noot\/","og_locale":"et_EE","og_type":"article","og_title":"Restoran NOOT - ESTONIA Resort Hotel Spa","og_description":"Restoran NOOT men\u00fc\u00fc on inspireeritud modernsest ja ka klassikalisest Eesti k\u00f6\u00f6gist ning seda rikastavad erinevate maailmak\u00f6\u00f6kide maitsed.","og_url":"https:\/\/spaestonia.ee\/resort\/restoran-noot\/","og_site_name":"ESTONIA Resort Hotel Spa","article_publisher":"https:\/\/www.facebook.com\/EstoniaResortHotel","article_modified_time":"2026-03-31T12:45:24+00:00","og_image":[{"url":"https:\/\/www.spaestonia.ee\/resort\/wp-content\/uploads\/2024\/04\/Restoran-NOOT-15-300x200.jpg","type":"","width":"","height":""}],"twitter_card":"summary_large_image","twitter_misc":{"Est. reading time":"2 minutit"},"schema":{"@context":"https:\/\/schema.org","@graph":[{"@type":"WebPage","@id":"https:\/\/spaestonia.ee\/resort\/restoran-noot\/","url":"https:\/\/spaestonia.ee\/resort\/restoran-noot\/","name":"Restoran NOOT - ESTONIA Resort Hotel Spa","isPartOf":{"@id":"https:\/\/www.spaestonia.ee\/resort\/#website"},"primaryImageOfPage":{"@id":"https:\/\/spaestonia.ee\/resort\/restoran-noot\/#primaryimage"},"image":{"@id":"https:\/\/spaestonia.ee\/resort\/restoran-noot\/#primaryimage"},"thumbnailUrl":"http:\/\/www.spaestonia.ee\/resort\/wp-content\/uploads\/2026\/03\/Noot__falstaff-8.jpg","datePublished":"2014-11-13T17:50:49+00:00","dateModified":"2026-03-31T12:45:24+00:00","description":"Restoran NOOT men\u00fc\u00fc on inspireeritud modernsest ja ka klassikalisest Eesti k\u00f6\u00f6gist ning seda rikastavad erinevate maailmak\u00f6\u00f6kide maitsed.","breadcrumb":{"@id":"https:\/\/spaestonia.ee\/resort\/restoran-noot\/#breadcrumb"},"inLanguage":"et","potentialAction":[{"@type":"ReadAction","target":["https:\/\/spaestonia.ee\/resort\/restoran-noot\/"]}]},{"@type":"ImageObject","inLanguage":"et","@id":"https:\/\/spaestonia.ee\/resort\/restoran-noot\/#primaryimage","url":"http:\/\/www.spaestonia.ee\/resort\/wp-content\/uploads\/2026\/03\/Noot__falstaff-8.jpg","contentUrl":"http:\/\/www.spaestonia.ee\/resort\/wp-content\/uploads\/2026\/03\/Noot__falstaff-8.jpg"},{"@type":"BreadcrumbList","@id":"https:\/\/spaestonia.ee\/resort\/restoran-noot\/#breadcrumb","itemListElement":[{"@type":"ListItem","position":1,"name":"Home","item":"https:\/\/www.spaestonia.ee\/resort\/"},{"@type":"ListItem","position":2,"name":"Restoran NOOT"}]},{"@type":"WebSite","@id":"https:\/\/www.spaestonia.ee\/resort\/#website","url":"https:\/\/www.spaestonia.ee\/resort\/","name":"ESTONIA Resort Hotel Spa","description":"Your destination in P\u00e4rnu for wellness and events","publisher":{"@id":"https:\/\/www.spaestonia.ee\/resort\/#organization"},"potentialAction":[{"@type":"SearchAction","target":{"@type":"EntryPoint","urlTemplate":"https:\/\/www.spaestonia.ee\/resort\/?s={search_term_string}"},"query-input":{"@type":"PropertyValueSpecification","valueRequired":true,"valueName":"search_term_string"}}],"inLanguage":"et"},{"@type":"Organization","@id":"https:\/\/www.spaestonia.ee\/resort\/#organization","name":"ESTONIA Resort Hotel Spa","url":"https:\/\/www.spaestonia.ee\/resort\/","logo":{"@type":"ImageObject","inLanguage":"et","@id":"https:\/\/www.spaestonia.ee\/resort\/#\/schema\/logo\/image\/","url":"https:\/\/www.spaestonia.ee\/resort\/wp-content\/uploads\/2025\/02\/resort-hotel-estonia.png","contentUrl":"https:\/\/www.spaestonia.ee\/resort\/wp-content\/uploads\/2025\/02\/resort-hotel-estonia.png","width":400,"height":173,"caption":"ESTONIA Resort Hotel Spa"},"image":{"@id":"https:\/\/www.spaestonia.ee\/resort\/#\/schema\/logo\/image\/"},"sameAs":["https:\/\/www.facebook.com\/EstoniaResortHotel"]}]}},"_links":{"self":[{"href":"https:\/\/spaestonia.ee\/resort\/wp-json\/wp\/v2\/pages\/57","targetHints":{"allow":["GET"]}}],"collection":[{"href":"https:\/\/spaestonia.ee\/resort\/wp-json\/wp\/v2\/pages"}],"about":[{"href":"https:\/\/spaestonia.ee\/resort\/wp-json\/wp\/v2\/types\/page"}],"author":[{"embeddable":true,"href":"https:\/\/spaestonia.ee\/resort\/wp-json\/wp\/v2\/users\/1"}],"replies":[{"embeddable":true,"href":"https:\/\/spaestonia.ee\/resort\/wp-json\/wp\/v2\/comments?post=57"}],"version-history":[{"count":552,"href":"https:\/\/spaestonia.ee\/resort\/wp-json\/wp\/v2\/pages\/57\/revisions"}],"predecessor-version":[{"id":46950,"href":"https:\/\/spaestonia.ee\/resort\/wp-json\/wp\/v2\/pages\/57\/revisions\/46950"}],"wp:attachment":[{"href":"https:\/\/spaestonia.ee\/resort\/wp-json\/wp\/v2\/media?parent=57"}],"curies":[{"name":"wp","href":"https:\/\/api.w.org\/{rel}","templated":true}]}}