{"id":5993,"date":"2016-01-11T11:38:37","date_gmt":"2016-01-11T09:38:37","guid":{"rendered":"https:\/\/www.spaestonia.ee\/resort\/?page_id=5993"},"modified":"2023-02-22T13:48:12","modified_gmt":"2023-02-22T11:48:12","slug":"kontaktid","status":"publish","type":"page","link":"https:\/\/spaestonia.ee\/resort\/meist\/kontaktid\/","title":{"rendered":"Kontaktid"},"content":{"rendered":"<p><strong>ESTONIA Resort Hotel &amp; Spa<\/strong><br \/>\nAadress: A. H. Tammsaare pst. 4a\/6, P\u00e4rnu 80010\u00a0<strong><br \/>\n<\/strong><\/p>\n<p><strong>Juriidilised kontaktid:<br \/>\n<\/strong>Estonia Spa Hotels AS<br \/>\nS\u00e4\u00e4se 7, P\u00e4rnu 80012<br \/>\nE-post: <a href=\"mailto:info@spaestonia.ee\">info@spaestonia.ee<\/a><br \/>\nTelefon: +372 447 6900<br \/>\n<a title=\"www.spaestonia.ee\" href=\"http:\/\/www.spaestonia.ee\/\" target=\"_blank\" rel=\"noopener\">www.spaestonia.ee<\/a><\/p>\n<p>\u00c4riregistri kood: 10275471<br \/>\nKMKR number: EE100094819<\/p>\n<p><strong>Kontaktid:<\/strong><\/p>\n<table>\n<tbody>\n<tr>\n<td>Andrus Aljas<br \/>\nHotellijuht, Estonia Spa Hotels juhataja<br \/>\nE-post: <a href=\"mailto:andrus@spaestonia.ee\">andrus@spaestonia.ee<\/a><\/td>\n<\/tr>\n<tr>\n<td>K\u00fclliki Seire<br \/>\nPersonalijuht<br \/>\nE-post: <a href=\"mailto:kylliki.seire@spaestonia.ee\">kylliki.seire@spaestonia.ee<\/a><\/td>\n<\/tr>\n<tr>\n<td>Kairi J\u00f5ek\u00e4\u00e4r<br \/>\nM\u00fc\u00fcgi- ja turundusosakonna juht<br \/>\nE-post: <a href=\"mailto:kairi.joekaar@spaestonia.ee\">kairi.joekaar@spaestonia.ee<\/a><\/td>\n<\/tr>\n<tr>\n<td>Eire Reinsalu<br \/>\nFinantsjuht<br \/>\nE-post: <a href=\"mailto:eire.reinsalu@spaestonia.ee\">eire.reinsalu@spaestonia.ee<\/a><\/td>\n<\/tr>\n<tr>\n<td>Karis Lipp<br \/>\nVastuv\u00f5tujuht<br \/>\nE-post: <a href=\"mailto:vastuvotujuht@spaestonia.ee\">vastuvotujuht@spaestonia.ee<\/a><\/td>\n<\/tr>\n<tr>\n<td>Sigrid Jamnes<br \/>\nMajapidamisjuht<br \/>\nE-post:<a href=\"mailto:sigrid.jamnes@spaestonia.ee\"> sigrid.jamnes@spaestonia.ee<\/a><\/td>\n<\/tr>\n<tr>\n<td>Andres Kupp<br \/>\nHaldusjuht<br \/>\nE-post: <a href=\"mailto:andresk@spaestonia.ee\">andresk@spaestonia.ee<\/a><\/td>\n<\/tr>\n<tr>\n<td>Rudolf Visnapuu<br \/>\nRestoran NOOT peakokk<br \/>\nE-post: <a href=\"mailto:rudolf@spaestonia.ee\">rudolf@spaestonia.ee<\/a><\/td>\n<\/tr>\n<tr>\n<td>K\u00e4rt Soomann<br \/>\nRestoran NOOT teenindusjuht<br \/>\nE-post: <a href=\"mailto:kart.soomann@spaestonia.ee\">kart.soomann@spaestonia.ee<\/a><\/td>\n<\/tr>\n<tr>\n<td>Jana\u00a0Uusna<br \/>\nSpaajuht<br \/>\nE-post: <a title=\"jana@spaestonia.ee\" href=\"mailto:jana@spaestonia.ee\">jana@spaestonia.ee<\/a><\/td>\n<\/tr>\n<\/tbody>\n<\/table>\n<p>Meie nimi on \u00fcks meie suurimaid v\u00e4\u00e4rtusi ja meie pakkumine Sulle on ESTONIA:<\/p>\n<ul>\n<li><strong>E<\/strong>estimaine \u2013 Meie v\u00e4ljakutseks on pakkuda Sulle t\u00fckike Eestimaast koos t\u00f5eliselt eestip\u00e4rase hotelli- ja spaaelamusega.<\/li>\n<li><strong>S<\/strong>\u00f5bralik \u2013 Sa oled saabunud s\u00f5prade hulka. Meid huvitab siiralt, kuidas Sul l\u00e4heb ja kas Sa tunned ennast meie juures h\u00e4sti?<\/li>\n<li><strong>T<\/strong>ervislik \u2013 Me v\u00e4\u00e4rtustame Sinu tervist ja eluj\u00f5udu. Ei ole vahet, millises seisus Sa oled, me aitame Sind \u00f5igele teeotsale ja toetame seal p\u00fcsimist.<\/li>\n<li><strong>O<\/strong>riginaalne \u2013 Me ei v\u00e4si Sind \u00fcllatamast, iga elamus on uus. Iga k\u00fclastus on kordumatu.<\/li>\n<li><strong>N<\/strong>auditav \u2013 Me pakume Sulle t\u00f5eliselt nauditavat puhkust, alates voodist ja l\u00f5petades hoolikalt valitud protseduuridega.<\/li>\n<li><strong>I<\/strong>ndividuaalne \u2013 Me m\u00f5tleme Sinule! Me tahame teada, mida Sa soovid ja pakkuda just Sulle sobivat l\u00f5\u00f5gastust.<\/li>\n<li><strong>A<\/strong>ktiivne \u2013 Meiega Sul igav ei hakka! Me pakume Sulle laia valikut tegevusi nii meie spaades, kui oma heade koost\u00f6\u00f6partnerite juures P\u00e4rnus ja P\u00e4rnumaal.<\/li>\n<\/ul>\n","protected":false},"excerpt":{"rendered":"<p>ESTONIA Resort Hotel &amp; Spa Aadress: A. H. Tammsaare pst. 4a\/6, P\u00e4rnu 80010\u00a0 Juriidilised kontaktid:&hellip;<\/p>\n","protected":false},"author":1,"featured_media":0,"parent":59,"menu_order":0,"comment_status":"closed","ping_status":"open","template":"","meta":{"footnotes":""},"class_list":["post-5993","page","type-page","status-publish","hentry"],"yoast_head":"<!-- This site is optimized with the Yoast SEO plugin v26.7 - https:\/\/yoast.com\/wordpress\/plugins\/seo\/ -->\n<title>Kontaktid - ESTONIA Resort Hotel Spa<\/title>\n<meta name=\"robots\" content=\"index, follow, max-snippet:-1, max-image-preview:large, max-video-preview:-1\" \/>\n<link rel=\"canonical\" href=\"https:\/\/spaestonia.ee\/resort\/meist\/kontaktid\/\" \/>\n<meta property=\"og:locale\" content=\"et_EE\" \/>\n<meta property=\"og:type\" content=\"article\" \/>\n<meta property=\"og:title\" content=\"Kontaktid - ESTONIA Resort Hotel Spa\" \/>\n<meta property=\"og:description\" content=\"ESTONIA Resort Hotel &amp; Spa Aadress: A. H. Tammsaare pst. 4a\/6, P\u00e4rnu 80010\u00a0 Juriidilised kontaktid:&hellip;\" \/>\n<meta property=\"og:url\" content=\"https:\/\/spaestonia.ee\/resort\/meist\/kontaktid\/\" \/>\n<meta property=\"og:site_name\" content=\"ESTONIA Resort Hotel Spa\" \/>\n<meta property=\"article:publisher\" content=\"https:\/\/www.facebook.com\/EstoniaResortHotel\" \/>\n<meta property=\"article:modified_time\" content=\"2023-02-22T11:48:12+00:00\" \/>\n<meta name=\"twitter:card\" content=\"summary_large_image\" \/>\n<meta name=\"twitter:label1\" content=\"Est. reading time\" \/>\n\t<meta name=\"twitter:data1\" content=\"1 minut\" \/>\n<script type=\"application\/ld+json\" class=\"yoast-schema-graph\">{\"@context\":\"https:\/\/schema.org\",\"@graph\":[{\"@type\":\"WebPage\",\"@id\":\"https:\/\/spaestonia.ee\/resort\/meist\/kontaktid\/\",\"url\":\"https:\/\/spaestonia.ee\/resort\/meist\/kontaktid\/\",\"name\":\"Kontaktid - ESTONIA Resort Hotel Spa\",\"isPartOf\":{\"@id\":\"https:\/\/www.spaestonia.ee\/resort\/#website\"},\"datePublished\":\"2016-01-11T09:38:37+00:00\",\"dateModified\":\"2023-02-22T11:48:12+00:00\",\"breadcrumb\":{\"@id\":\"https:\/\/spaestonia.ee\/resort\/meist\/kontaktid\/#breadcrumb\"},\"inLanguage\":\"et\",\"potentialAction\":[{\"@type\":\"ReadAction\",\"target\":[\"https:\/\/spaestonia.ee\/resort\/meist\/kontaktid\/\"]}]},{\"@type\":\"BreadcrumbList\",\"@id\":\"https:\/\/spaestonia.ee\/resort\/meist\/kontaktid\/#breadcrumb\",\"itemListElement\":[{\"@type\":\"ListItem\",\"position\":1,\"name\":\"Home\",\"item\":\"https:\/\/www.spaestonia.ee\/resort\/\"},{\"@type\":\"ListItem\",\"position\":2,\"name\":\"Meist\",\"item\":\"https:\/\/www.spaestonia.ee\/resort\/meist\/\"},{\"@type\":\"ListItem\",\"position\":3,\"name\":\"Kontaktid\"}]},{\"@type\":\"WebSite\",\"@id\":\"https:\/\/www.spaestonia.ee\/resort\/#website\",\"url\":\"https:\/\/www.spaestonia.ee\/resort\/\",\"name\":\"ESTONIA Resort Hotel Spa\",\"description\":\"Your destination in P\u00e4rnu for wellness and events\",\"publisher\":{\"@id\":\"https:\/\/www.spaestonia.ee\/resort\/#organization\"},\"potentialAction\":[{\"@type\":\"SearchAction\",\"target\":{\"@type\":\"EntryPoint\",\"urlTemplate\":\"https:\/\/www.spaestonia.ee\/resort\/?s={search_term_string}\"},\"query-input\":{\"@type\":\"PropertyValueSpecification\",\"valueRequired\":true,\"valueName\":\"search_term_string\"}}],\"inLanguage\":\"et\"},{\"@type\":\"Organization\",\"@id\":\"https:\/\/www.spaestonia.ee\/resort\/#organization\",\"name\":\"ESTONIA Resort Hotel Spa\",\"url\":\"https:\/\/www.spaestonia.ee\/resort\/\",\"logo\":{\"@type\":\"ImageObject\",\"inLanguage\":\"et\",\"@id\":\"https:\/\/www.spaestonia.ee\/resort\/#\/schema\/logo\/image\/\",\"url\":\"https:\/\/www.spaestonia.ee\/resort\/wp-content\/uploads\/2025\/02\/resort-hotel-estonia.png\",\"contentUrl\":\"https:\/\/www.spaestonia.ee\/resort\/wp-content\/uploads\/2025\/02\/resort-hotel-estonia.png\",\"width\":400,\"height\":173,\"caption\":\"ESTONIA Resort Hotel Spa\"},\"image\":{\"@id\":\"https:\/\/www.spaestonia.ee\/resort\/#\/schema\/logo\/image\/\"},\"sameAs\":[\"https:\/\/www.facebook.com\/EstoniaResortHotel\"]}]}<\/script>\n<!-- \/ Yoast SEO plugin. -->","yoast_head_json":{"title":"Kontaktid - ESTONIA Resort Hotel Spa","robots":{"index":"index","follow":"follow","max-snippet":"max-snippet:-1","max-image-preview":"max-image-preview:large","max-video-preview":"max-video-preview:-1"},"canonical":"https:\/\/spaestonia.ee\/resort\/meist\/kontaktid\/","og_locale":"et_EE","og_type":"article","og_title":"Kontaktid - ESTONIA Resort Hotel Spa","og_description":"ESTONIA Resort Hotel &amp; Spa Aadress: A. H. Tammsaare pst. 4a\/6, P\u00e4rnu 80010\u00a0 Juriidilised kontaktid:&hellip;","og_url":"https:\/\/spaestonia.ee\/resort\/meist\/kontaktid\/","og_site_name":"ESTONIA Resort Hotel Spa","article_publisher":"https:\/\/www.facebook.com\/EstoniaResortHotel","article_modified_time":"2023-02-22T11:48:12+00:00","twitter_card":"summary_large_image","twitter_misc":{"Est. reading time":"1 minut"},"schema":{"@context":"https:\/\/schema.org","@graph":[{"@type":"WebPage","@id":"https:\/\/spaestonia.ee\/resort\/meist\/kontaktid\/","url":"https:\/\/spaestonia.ee\/resort\/meist\/kontaktid\/","name":"Kontaktid - ESTONIA Resort Hotel Spa","isPartOf":{"@id":"https:\/\/www.spaestonia.ee\/resort\/#website"},"datePublished":"2016-01-11T09:38:37+00:00","dateModified":"2023-02-22T11:48:12+00:00","breadcrumb":{"@id":"https:\/\/spaestonia.ee\/resort\/meist\/kontaktid\/#breadcrumb"},"inLanguage":"et","potentialAction":[{"@type":"ReadAction","target":["https:\/\/spaestonia.ee\/resort\/meist\/kontaktid\/"]}]},{"@type":"BreadcrumbList","@id":"https:\/\/spaestonia.ee\/resort\/meist\/kontaktid\/#breadcrumb","itemListElement":[{"@type":"ListItem","position":1,"name":"Home","item":"https:\/\/www.spaestonia.ee\/resort\/"},{"@type":"ListItem","position":2,"name":"Meist","item":"https:\/\/www.spaestonia.ee\/resort\/meist\/"},{"@type":"ListItem","position":3,"name":"Kontaktid"}]},{"@type":"WebSite","@id":"https:\/\/www.spaestonia.ee\/resort\/#website","url":"https:\/\/www.spaestonia.ee\/resort\/","name":"ESTONIA Resort Hotel Spa","description":"Your destination in P\u00e4rnu for wellness and events","publisher":{"@id":"https:\/\/www.spaestonia.ee\/resort\/#organization"},"potentialAction":[{"@type":"SearchAction","target":{"@type":"EntryPoint","urlTemplate":"https:\/\/www.spaestonia.ee\/resort\/?s={search_term_string}"},"query-input":{"@type":"PropertyValueSpecification","valueRequired":true,"valueName":"search_term_string"}}],"inLanguage":"et"},{"@type":"Organization","@id":"https:\/\/www.spaestonia.ee\/resort\/#organization","name":"ESTONIA Resort Hotel Spa","url":"https:\/\/www.spaestonia.ee\/resort\/","logo":{"@type":"ImageObject","inLanguage":"et","@id":"https:\/\/www.spaestonia.ee\/resort\/#\/schema\/logo\/image\/","url":"https:\/\/www.spaestonia.ee\/resort\/wp-content\/uploads\/2025\/02\/resort-hotel-estonia.png","contentUrl":"https:\/\/www.spaestonia.ee\/resort\/wp-content\/uploads\/2025\/02\/resort-hotel-estonia.png","width":400,"height":173,"caption":"ESTONIA Resort Hotel Spa"},"image":{"@id":"https:\/\/www.spaestonia.ee\/resort\/#\/schema\/logo\/image\/"},"sameAs":["https:\/\/www.facebook.com\/EstoniaResortHotel"]}]}},"_links":{"self":[{"href":"https:\/\/spaestonia.ee\/resort\/wp-json\/wp\/v2\/pages\/5993","targetHints":{"allow":["GET"]}}],"collection":[{"href":"https:\/\/spaestonia.ee\/resort\/wp-json\/wp\/v2\/pages"}],"about":[{"href":"https:\/\/spaestonia.ee\/resort\/wp-json\/wp\/v2\/types\/page"}],"author":[{"embeddable":true,"href":"https:\/\/spaestonia.ee\/resort\/wp-json\/wp\/v2\/users\/1"}],"replies":[{"embeddable":true,"href":"https:\/\/spaestonia.ee\/resort\/wp-json\/wp\/v2\/comments?post=5993"}],"version-history":[{"count":41,"href":"https:\/\/spaestonia.ee\/resort\/wp-json\/wp\/v2\/pages\/5993\/revisions"}],"predecessor-version":[{"id":37669,"href":"https:\/\/spaestonia.ee\/resort\/wp-json\/wp\/v2\/pages\/5993\/revisions\/37669"}],"up":[{"embeddable":true,"href":"https:\/\/spaestonia.ee\/resort\/wp-json\/wp\/v2\/pages\/59"}],"wp:attachment":[{"href":"https:\/\/spaestonia.ee\/resort\/wp-json\/wp\/v2\/media?parent=5993"}],"curies":[{"name":"wp","href":"https:\/\/api.w.org\/{rel}","templated":true}]}}