{"id":840,"date":"2015-03-01T15:47:29","date_gmt":"2015-03-01T13:47:29","guid":{"rendered":"https:\/\/www.spaestonia.ee\/resort\/?page_id=840"},"modified":"2026-04-15T16:16:05","modified_gmt":"2026-04-15T13:16:05","slug":"ruumid-saalid","status":"publish","type":"page","link":"https:\/\/spaestonia.ee\/resort\/konverentsikeskus\/ruumid-saalid\/","title":{"rendered":"Konverentsiruumid"},"content":{"rendered":"<p>ESTONIA Resort Hotel &amp; Spa konverentsikeskus asub esimesel korrusel, k\u00f5igil ruumidel on avarad aknad ja loomulik p\u00e4evavalgus. K\u00f5ik ruumid on konditsioneeritud ja varustatud kaasaegseimate tehniliste lahendustega. Tasuta \u00fclikiire WiFi ja lairiba interneti\u00fchendus.<\/p>\n<p><span style=\"font-size: 16px;\"><strong>Ruumide varustusse kuulub:<\/strong><\/span><br \/>\n&#8211; <strong>Ruumid 1-4<\/strong>: televiisor 85\u2033 arvutiga \u00fchendatav, k\u00f5larid, paber, pastapliiatsid, pabertahvel, joogivesi<br \/>\n&#8211; <strong>Klubiruum 5:<\/strong> televiisor 75\u201c arvutiga \u00fchendatav, paber, pastapliiatsid, pabertahvel, joogivesi<br \/>\n&#8211; <strong>Suur saal 6<\/strong>: projektor, elektriline rullekraan 4 x 2,5 m, ekraan 65\u2033, helis\u00fcsteem (laek\u00f5larid, v\u00f5imendid, 2 raadiomikrofoni, 2 rev\u00e4\u00e4rimikrofoni), 4 s\u00fcnkroont\u00f5lke kabiini, k\u00f5nepult, valge tahvel\u00a02 x 1,2 m, paber, pastapliiatsid, joogivesi<\/p>\n<p><span style=\"font-size: 16px;\"><strong>Lisatasu eest on v\u00f5imalik tellida:\u00a0<\/strong><\/span><br \/>\nToitlustust, s\u00fcnkroont\u00f5lke tehnika, lisamikrofonid, moodullava, gaalalauad, arvutid, t\u00e4iendav heli- ja valgustehnika ja tehniline teenindus, printimis- ja koopiateenus, transfeerid, kaupade vastuv\u00f5tt ja hoiustamine.<\/p>\n<p><span style=\"font-size: 16px;\"><strong>Lisainfo ja tellimine:\u00a0<\/strong><\/span><br \/>\ne-post\u00a0<a href=\"mailto:events@spaestonia.ee\">events@spaestonia.ee<\/a>, tel 440 1018\u00a0v\u00f5i saatke meile seminari-, konverentsi- v\u00f5i muu\u00a0<a href=\"https:\/\/www.spaestonia.ee\/resort\/konverentsikeskus\/sundmuse-paring\/\">s\u00fcndmuse p\u00e4ring<\/a>.<\/p>\n<table style=\"width: 100%;\">\n<tbody>\n<tr>\n<td style=\"width: 15.3307%;\"><img decoding=\"async\" class=\"alignleft wp-image-780\" src=\"http:\/\/www.spaestonia.ee\/resort\/wp-content\/uploads\/2015\/03\/blue-button.jpg\" alt=\"-\" width=\"40\" \/><strong><span style=\"color: #a4c8e5;\">Ruum 1<\/span><\/strong><\/td>\n<td style=\"width: 33.6674%;\"><strong><span style=\"color: #a4c8e5;\">Suurus<\/span><\/strong><br \/>\n50 m\u00b2<br \/>\nLaius ja pikkus 8,8 m x 5,5 m<br \/>\nK\u00f5rgus 2,4-2,8 m<\/td>\n<td style=\"width: 23.5471%;\"><strong><span style=\"color: #a4c8e5;\">Mahutavus<\/span><\/strong><br \/>\nTeatristiilis: 48 osalejat<br \/>\nKlassiruum: 28 osalejat<br \/>\n\u00dcmarlaud: 24 osalejat<br \/>\nU-laud: 20 osalejat<\/td>\n<td style=\"width: 26.4529%;\"><a href=\"http:\/\/www.spaestonia.ee\/resort\/wp-content\/uploads\/2024\/05\/Estonia-Resort-Hotel-Spa_konverentsikeskus-17.jpg\" data-rel=\"lightbox-image-0\" data-rl_title=\"\" data-rl_caption=\"\" title=\"\"><img loading=\"lazy\" decoding=\"async\" class=\"alignnone wp-image-41589 \" src=\"http:\/\/www.spaestonia.ee\/resort\/wp-content\/uploads\/2024\/05\/Estonia-Resort-Hotel-Spa_konverentsikeskus-17.jpg\" alt=\" Estonia-Resort-Hotel-Spa_conference centre\" width=\"292\" height=\"195\" srcset=\"https:\/\/spaestonia.ee\/resort\/wp-content\/uploads\/2024\/05\/Estonia-Resort-Hotel-Spa_konverentsikeskus-17.jpg 800w, https:\/\/spaestonia.ee\/resort\/wp-content\/uploads\/2024\/05\/Estonia-Resort-Hotel-Spa_konverentsikeskus-17-300x200.jpg 300w, https:\/\/spaestonia.ee\/resort\/wp-content\/uploads\/2024\/05\/Estonia-Resort-Hotel-Spa_konverentsikeskus-17-768x512.jpg 768w\" sizes=\"auto, (max-width: 292px) 100vw, 292px\" \/><\/a><\/td>\n<\/tr>\n<tr>\n<td style=\"width: 15.3307%;\"><img decoding=\"async\" class=\"alignleft size-full wp-image-784\" src=\"http:\/\/www.spaestonia.ee\/resort\/wp-content\/uploads\/2015\/03\/golden-button.jpg\" alt=\"-\" width=\"39\" \/><span style=\"color: #c27b57;\"><strong>Ruum 2<\/strong><\/span><\/td>\n<td style=\"width: 33.6674%;\"><span style=\"color: #c27b57;\"><strong>Suurus<\/strong><\/span><br \/>\n48 m\u00b2<br \/>\nLaius ja pikkus 8,7 m x 5,4 m<br \/>\nK\u00f5rgus 2,4-2,8 m<\/td>\n<td style=\"width: 23.5471%;\"><span style=\"color: #c27b57;\"><strong>Mahutavus<\/strong><\/span><br \/>\nTeatristiilis: 48 osalejat<br \/>\nKlassiruum: 28 osalejat<br \/>\n\u00dcmarlaud: 24 osalejat<br \/>\nU-laud: 20 osalejat<\/td>\n<td style=\"width: 26.4529%;\"><a href=\"http:\/\/www.spaestonia.ee\/resort\/wp-content\/uploads\/2024\/05\/Estonia-Resort-Hotel-Spa_konverentsikeskus-14.jpg\" data-rel=\"lightbox-image-1\" data-rl_title=\"\" data-rl_caption=\"\" title=\"\"><img loading=\"lazy\" decoding=\"async\" class=\"alignnone wp-image-41581 \" src=\"http:\/\/www.spaestonia.ee\/resort\/wp-content\/uploads\/2024\/05\/Estonia-Resort-Hotel-Spa_konverentsikeskus-14.jpg\" alt=\" Estonia-Resort-Hotel-Spa_conference centre\" width=\"300\" height=\"200\" srcset=\"https:\/\/spaestonia.ee\/resort\/wp-content\/uploads\/2024\/05\/Estonia-Resort-Hotel-Spa_konverentsikeskus-14.jpg 800w, https:\/\/spaestonia.ee\/resort\/wp-content\/uploads\/2024\/05\/Estonia-Resort-Hotel-Spa_konverentsikeskus-14-300x200.jpg 300w, https:\/\/spaestonia.ee\/resort\/wp-content\/uploads\/2024\/05\/Estonia-Resort-Hotel-Spa_konverentsikeskus-14-768x512.jpg 768w\" sizes=\"auto, (max-width: 300px) 100vw, 300px\" \/><\/a><\/td>\n<\/tr>\n<tr>\n<td style=\"width: 15.3307%;\"><img decoding=\"async\" class=\"alignleft size-full wp-image-790\" src=\"http:\/\/www.spaestonia.ee\/resort\/wp-content\/uploads\/2015\/03\/roheline-button.jpg\" alt=\"-\" width=\"39\" \/><strong><span style=\"color: #008080;\">Ruum 3<\/span><\/strong><\/td>\n<td style=\"width: 33.6674%;\"><span style=\"color: #008080;\"><strong>Suurus<\/strong><\/span><br \/>\n49 m\u00b2<br \/>\nLaius ja pikkus 8,7 m x 5,5 m<br \/>\nK\u00f5rgus 2,4-2,8 m<\/td>\n<td style=\"width: 23.5471%;\"><span style=\"color: #008080;\"><strong>Mahutavus<\/strong><\/span><br \/>\nTeatristiilis: 48 osalejat<br \/>\nKlassiruum: 28 osalejat<br \/>\n\u00dcmarlaud: 24 osalejat<br \/>\nU-laud: 20 osalejat<\/td>\n<td style=\"width: 26.4529%;\"><a href=\"http:\/\/www.spaestonia.ee\/resort\/wp-content\/uploads\/2024\/05\/Estonia-Resort-Hotel-Spa_konverentsikeskus-12.jpg\" data-rel=\"lightbox-image-2\" data-rl_title=\"\" data-rl_caption=\"\" title=\"\"><img loading=\"lazy\" decoding=\"async\" class=\"alignnone wp-image-41577 \" src=\"http:\/\/www.spaestonia.ee\/resort\/wp-content\/uploads\/2024\/05\/Estonia-Resort-Hotel-Spa_konverentsikeskus-12.jpg\" alt=\" Estonia-Resort-Hotel-Spa_conference centre\" width=\"292\" height=\"195\" srcset=\"https:\/\/spaestonia.ee\/resort\/wp-content\/uploads\/2024\/05\/Estonia-Resort-Hotel-Spa_konverentsikeskus-12.jpg 800w, https:\/\/spaestonia.ee\/resort\/wp-content\/uploads\/2024\/05\/Estonia-Resort-Hotel-Spa_konverentsikeskus-12-300x200.jpg 300w, https:\/\/spaestonia.ee\/resort\/wp-content\/uploads\/2024\/05\/Estonia-Resort-Hotel-Spa_konverentsikeskus-12-768x512.jpg 768w\" sizes=\"auto, (max-width: 292px) 100vw, 292px\" \/><\/a><\/td>\n<\/tr>\n<tr>\n<td style=\"width: 15.3307%;\"><strong><img decoding=\"async\" class=\"alignleft size-full wp-image-794\" src=\"http:\/\/www.spaestonia.ee\/resort\/wp-content\/uploads\/2015\/03\/lilla-button.jpg\" alt=\"-\" width=\"36\" \/><span style=\"color: #666699;\">Ruum 4<\/span><\/strong><\/td>\n<td style=\"width: 33.6674%;\"><span style=\"color: #666699;\"><strong>Suurus<\/strong><\/span><br \/>\n46 m\u00b2<br \/>\nLaius ja pikkus 8,9 m x 5,4 m<br \/>\nK\u00f5rgus 2,4-2,8 m<\/td>\n<td style=\"width: 23.5471%;\"><span style=\"color: #666699;\"><strong>Mahutavus<\/strong><\/span><br \/>\nTeatristiilis: 28 osalejat<br \/>\nKlassiruum: 14 osalejat<br \/>\n\u00dcmarlaud: 20 osalejat<br \/>\nU-laud: 14 osalejat<\/td>\n<td style=\"width: 26.4529%;\"><a href=\"http:\/\/www.spaestonia.ee\/resort\/wp-content\/uploads\/2024\/05\/Estonia-Resort-Hotel-Spa_konverentsikeskus-9.jpg\" data-rel=\"lightbox-image-3\" data-rl_title=\"\" data-rl_caption=\"\" title=\"\"><img loading=\"lazy\" decoding=\"async\" class=\"alignnone wp-image-41569 \" src=\"http:\/\/www.spaestonia.ee\/resort\/wp-content\/uploads\/2024\/05\/Estonia-Resort-Hotel-Spa_konverentsikeskus-9.jpg\" alt=\" Estonia-Resort-Hotel-Spa_conference centre\" width=\"293\" height=\"195\" srcset=\"https:\/\/spaestonia.ee\/resort\/wp-content\/uploads\/2024\/05\/Estonia-Resort-Hotel-Spa_konverentsikeskus-9.jpg 800w, https:\/\/spaestonia.ee\/resort\/wp-content\/uploads\/2024\/05\/Estonia-Resort-Hotel-Spa_konverentsikeskus-9-300x200.jpg 300w, https:\/\/spaestonia.ee\/resort\/wp-content\/uploads\/2024\/05\/Estonia-Resort-Hotel-Spa_konverentsikeskus-9-768x512.jpg 768w\" sizes=\"auto, (max-width: 293px) 100vw, 293px\" \/><\/a><\/td>\n<\/tr>\n<tr>\n<td style=\"width: 15.3307%;\"><img decoding=\"async\" class=\"alignleft size-full wp-image-798\" src=\"http:\/\/www.spaestonia.ee\/resort\/wp-content\/uploads\/2015\/03\/dark-blue-button.jpg\" alt=\"-\" width=\"37\" \/><span style=\"color: #0084b4;\"><strong>Klubiruum 5<br \/>\n<\/strong><\/span><\/td>\n<td style=\"width: 33.6674%;\"><span style=\"color: #0084b4;\"><strong>Suurus<\/strong><\/span><br \/>\n39 m\u00b2<br \/>\nLaius ja pikkus 5,6 m x 7,4 m<br \/>\nK\u00f5rgus 2,2-2,4 m<br \/>\nKoos k\u00f6\u00f6ginurgaga<\/td>\n<td style=\"width: 23.5471%;\"><span style=\"color: #0084b4;\"><strong>Mahutavus<\/strong><\/span><br \/>\n\u00dcmarlaud: 14 osalejat<br \/>\nU-laud: 13 osalejat<\/td>\n<td style=\"width: 26.4529%;\"><a href=\"http:\/\/www.spaestonia.ee\/resort\/wp-content\/uploads\/2024\/05\/Estonia-Resort-Hotel-Spa_konverentsikeskus-19.jpg\" data-rel=\"lightbox-image-4\" data-rl_title=\"\" data-rl_caption=\"\" title=\"\"><img loading=\"lazy\" decoding=\"async\" class=\"alignnone wp-image-41593 \" src=\"http:\/\/www.spaestonia.ee\/resort\/wp-content\/uploads\/2024\/05\/Estonia-Resort-Hotel-Spa_konverentsikeskus-19.jpg\" alt=\" Estonia-Resort-Hotel-Spa_conference centre\" width=\"296\" height=\"197\" srcset=\"https:\/\/spaestonia.ee\/resort\/wp-content\/uploads\/2024\/05\/Estonia-Resort-Hotel-Spa_konverentsikeskus-19.jpg 800w, https:\/\/spaestonia.ee\/resort\/wp-content\/uploads\/2024\/05\/Estonia-Resort-Hotel-Spa_konverentsikeskus-19-300x200.jpg 300w, https:\/\/spaestonia.ee\/resort\/wp-content\/uploads\/2024\/05\/Estonia-Resort-Hotel-Spa_konverentsikeskus-19-768x512.jpg 768w\" sizes=\"auto, (max-width: 296px) 100vw, 296px\" \/><\/a><\/td>\n<\/tr>\n<tr>\n<td style=\"width: 15.3307%;\"><img decoding=\"async\" class=\"alignleft size-full wp-image-802\" src=\"http:\/\/www.spaestonia.ee\/resort\/wp-content\/uploads\/2015\/03\/roosa-button.jpg\" alt=\"-\" width=\"36\" \/><strong><span style=\"color: #cc2b9e;\">Suur saal 6<\/span><\/strong><\/td>\n<td style=\"width: 33.6674%;\"><span style=\"color: #cc2b9e;\"><strong>Suurus<\/strong><\/span><br \/>\n259 m\u00b2<br \/>\nLaius ja pikkus 16,4 x 15,8 m<br \/>\nK\u00f5rgus 3,6 m<br \/>\n4 s\u00fcnkroont\u00f5lke kabiini.<br \/>\nEraldi suur uks sisehoovist k\u00f5rgusega 2,65 m ja laiusega 2,6 m.<\/td>\n<td style=\"width: 23.5471%;\"><span style=\"color: #cc2b9e;\"><strong>Mahutavus<\/strong><\/span><br \/>\nTeatristiilis: 300 osalejat<br \/>\nKlassiruum: 128 osalejat<br \/>\n\u00dcmarlaud: 64 osalejat<br \/>\nU-laud: 50 osalejat<br \/>\nBankett: 100 osalejat<\/td>\n<td style=\"width: 26.4529%;\"><a href=\"http:\/\/www.spaestonia.ee\/resort\/wp-content\/uploads\/2024\/05\/Estonia-Resort-Hotel-Spa_konverentsikeskus-5.jpg\" data-rel=\"lightbox-image-5\" data-rl_title=\"\" data-rl_caption=\"\" title=\"\"><img loading=\"lazy\" decoding=\"async\" class=\"alignnone wp-image-41561 \" src=\"http:\/\/www.spaestonia.ee\/resort\/wp-content\/uploads\/2024\/05\/Estonia-Resort-Hotel-Spa_konverentsikeskus-5.jpg\" alt=\" Estonia-Resort-Hotel-Spa_conference centre\" width=\"299\" height=\"199\" srcset=\"https:\/\/spaestonia.ee\/resort\/wp-content\/uploads\/2024\/05\/Estonia-Resort-Hotel-Spa_konverentsikeskus-5.jpg 800w, https:\/\/spaestonia.ee\/resort\/wp-content\/uploads\/2024\/05\/Estonia-Resort-Hotel-Spa_konverentsikeskus-5-300x200.jpg 300w, https:\/\/spaestonia.ee\/resort\/wp-content\/uploads\/2024\/05\/Estonia-Resort-Hotel-Spa_konverentsikeskus-5-768x512.jpg 768w\" sizes=\"auto, (max-width: 299px) 100vw, 299px\" \/><\/a><\/td>\n<\/tr>\n<\/tbody>\n<\/table>\n<p><img loading=\"lazy\" decoding=\"async\" class=\"alignnone size-full wp-image-45801\" src=\"http:\/\/www.spaestonia.ee\/resort\/wp-content\/uploads\/2025\/11\/Konverentsikeskuse-ruumiplaan_EST-1-scaled.png\" alt=\"\" width=\"2560\" height=\"1536\" srcset=\"https:\/\/spaestonia.ee\/resort\/wp-content\/uploads\/2025\/11\/Konverentsikeskuse-ruumiplaan_EST-1-scaled.png 2560w, https:\/\/spaestonia.ee\/resort\/wp-content\/uploads\/2025\/11\/Konverentsikeskuse-ruumiplaan_EST-1-300x180.png 300w, https:\/\/spaestonia.ee\/resort\/wp-content\/uploads\/2025\/11\/Konverentsikeskuse-ruumiplaan_EST-1-1024x614.png 1024w, https:\/\/spaestonia.ee\/resort\/wp-content\/uploads\/2025\/11\/Konverentsikeskuse-ruumiplaan_EST-1-768x461.png 768w, https:\/\/spaestonia.ee\/resort\/wp-content\/uploads\/2025\/11\/Konverentsikeskuse-ruumiplaan_EST-1-1536x922.png 1536w, https:\/\/spaestonia.ee\/resort\/wp-content\/uploads\/2025\/11\/Konverentsikeskuse-ruumiplaan_EST-1-2048x1229.png 2048w\" sizes=\"auto, (max-width: 2560px) 100vw, 2560px\" \/><\/p>\n<p><span style=\"font-size: 16px;\"><strong>Lisainfo ja tellimine:<\/strong><\/span><br \/>\ne-post <a href=\"mailto:events@spaestonia.ee\">events@spaestonia.ee<\/a>, tel +372 440 1018.<\/p>\n<p>ESTONIA Resort Hotel &amp; Spa konverentsikeskus<br \/>\nA.H. Tammsaare pst 6, P\u00e4rnu, Eesti, <a href=\"https:\/\/www.spaestonia.ee\/resort\/meist\/asukoht-parkimine\/\">asukoht ja parkimine.<\/a><\/p>\n","protected":false},"excerpt":{"rendered":"<p>ESTONIA Resort Hotel &amp; Spa konverentsikeskus asub esimesel korrusel, k\u00f5igil ruumidel on avarad aknad ja&hellip;<\/p>\n","protected":false},"author":1,"featured_media":0,"parent":55,"menu_order":0,"comment_status":"closed","ping_status":"open","template":"","meta":{"footnotes":""},"class_list":["post-840","page","type-page","status-publish","hentry"],"yoast_head":"<!-- This site is optimized with the Yoast SEO plugin v26.7 - https:\/\/yoast.com\/wordpress\/plugins\/seo\/ -->\n<title>Konverentsiruumid - ESTONIA Resort Hotel Spa<\/title>\n<meta name=\"description\" content=\"Estonia Resort Hotel &amp; Spa konverentsikeskus mahutab kuni 464 osalejat. Olemas on suur saal 300le k\u00fclalisele kui ka mitmed v\u00e4iksemad ruumid\" \/>\n<meta name=\"robots\" content=\"index, follow, max-snippet:-1, max-image-preview:large, max-video-preview:-1\" \/>\n<link rel=\"canonical\" href=\"https:\/\/spaestonia.ee\/resort\/konverentsikeskus\/ruumid-saalid\/\" \/>\n<meta property=\"og:locale\" content=\"et_EE\" \/>\n<meta property=\"og:type\" content=\"article\" \/>\n<meta property=\"og:title\" content=\"Konverentsiruumid - ESTONIA Resort Hotel Spa\" \/>\n<meta property=\"og:description\" content=\"Estonia Resort Hotel &amp; Spa konverentsikeskus mahutab kuni 464 osalejat. Olemas on suur saal 300le k\u00fclalisele kui ka mitmed v\u00e4iksemad ruumid\" \/>\n<meta property=\"og:url\" content=\"https:\/\/spaestonia.ee\/resort\/konverentsikeskus\/ruumid-saalid\/\" \/>\n<meta property=\"og:site_name\" content=\"ESTONIA Resort Hotel Spa\" \/>\n<meta property=\"article:publisher\" content=\"https:\/\/www.facebook.com\/EstoniaResortHotel\" \/>\n<meta property=\"article:modified_time\" content=\"2026-04-15T13:16:05+00:00\" \/>\n<meta property=\"og:image\" content=\"https:\/\/spaestonia.ee\/resort\/wp-content\/uploads\/2015\/03\/blue-button.jpg\" \/>\n\t<meta property=\"og:image:width\" content=\"40\" \/>\n\t<meta property=\"og:image:height\" content=\"38\" \/>\n\t<meta property=\"og:image:type\" content=\"image\/jpeg\" \/>\n<meta name=\"twitter:card\" content=\"summary_large_image\" \/>\n<meta name=\"twitter:label1\" content=\"Est. reading time\" \/>\n\t<meta name=\"twitter:data1\" content=\"5 minutit\" \/>\n<script type=\"application\/ld+json\" class=\"yoast-schema-graph\">{\"@context\":\"https:\/\/schema.org\",\"@graph\":[{\"@type\":\"WebPage\",\"@id\":\"https:\/\/spaestonia.ee\/resort\/konverentsikeskus\/ruumid-saalid\/\",\"url\":\"https:\/\/spaestonia.ee\/resort\/konverentsikeskus\/ruumid-saalid\/\",\"name\":\"Konverentsiruumid - ESTONIA Resort Hotel Spa\",\"isPartOf\":{\"@id\":\"https:\/\/www.spaestonia.ee\/resort\/#website\"},\"primaryImageOfPage\":{\"@id\":\"https:\/\/spaestonia.ee\/resort\/konverentsikeskus\/ruumid-saalid\/#primaryimage\"},\"image\":{\"@id\":\"https:\/\/spaestonia.ee\/resort\/konverentsikeskus\/ruumid-saalid\/#primaryimage\"},\"thumbnailUrl\":\"http:\/\/www.spaestonia.ee\/resort\/wp-content\/uploads\/2015\/03\/blue-button.jpg\",\"datePublished\":\"2015-03-01T13:47:29+00:00\",\"dateModified\":\"2026-04-15T13:16:05+00:00\",\"description\":\"Estonia Resort Hotel & Spa konverentsikeskus mahutab kuni 464 osalejat. Olemas on suur saal 300le k\u00fclalisele kui ka mitmed v\u00e4iksemad ruumid\",\"breadcrumb\":{\"@id\":\"https:\/\/spaestonia.ee\/resort\/konverentsikeskus\/ruumid-saalid\/#breadcrumb\"},\"inLanguage\":\"et\",\"potentialAction\":[{\"@type\":\"ReadAction\",\"target\":[\"https:\/\/spaestonia.ee\/resort\/konverentsikeskus\/ruumid-saalid\/\"]}]},{\"@type\":\"ImageObject\",\"inLanguage\":\"et\",\"@id\":\"https:\/\/spaestonia.ee\/resort\/konverentsikeskus\/ruumid-saalid\/#primaryimage\",\"url\":\"http:\/\/www.spaestonia.ee\/resort\/wp-content\/uploads\/2015\/03\/blue-button.jpg\",\"contentUrl\":\"http:\/\/www.spaestonia.ee\/resort\/wp-content\/uploads\/2015\/03\/blue-button.jpg\"},{\"@type\":\"BreadcrumbList\",\"@id\":\"https:\/\/spaestonia.ee\/resort\/konverentsikeskus\/ruumid-saalid\/#breadcrumb\",\"itemListElement\":[{\"@type\":\"ListItem\",\"position\":1,\"name\":\"Home\",\"item\":\"https:\/\/www.spaestonia.ee\/resort\/\"},{\"@type\":\"ListItem\",\"position\":2,\"name\":\"Konverentsid ja seminarid P\u00e4rnus\",\"item\":\"https:\/\/www.spaestonia.ee\/resort\/konverentsikeskus\/\"},{\"@type\":\"ListItem\",\"position\":3,\"name\":\"Konverentsiruumid\"}]},{\"@type\":\"WebSite\",\"@id\":\"https:\/\/www.spaestonia.ee\/resort\/#website\",\"url\":\"https:\/\/www.spaestonia.ee\/resort\/\",\"name\":\"ESTONIA Resort Hotel Spa\",\"description\":\"Your destination in P\u00e4rnu for wellness and events\",\"publisher\":{\"@id\":\"https:\/\/www.spaestonia.ee\/resort\/#organization\"},\"potentialAction\":[{\"@type\":\"SearchAction\",\"target\":{\"@type\":\"EntryPoint\",\"urlTemplate\":\"https:\/\/www.spaestonia.ee\/resort\/?s={search_term_string}\"},\"query-input\":{\"@type\":\"PropertyValueSpecification\",\"valueRequired\":true,\"valueName\":\"search_term_string\"}}],\"inLanguage\":\"et\"},{\"@type\":\"Organization\",\"@id\":\"https:\/\/www.spaestonia.ee\/resort\/#organization\",\"name\":\"ESTONIA Resort Hotel Spa\",\"url\":\"https:\/\/www.spaestonia.ee\/resort\/\",\"logo\":{\"@type\":\"ImageObject\",\"inLanguage\":\"et\",\"@id\":\"https:\/\/www.spaestonia.ee\/resort\/#\/schema\/logo\/image\/\",\"url\":\"https:\/\/www.spaestonia.ee\/resort\/wp-content\/uploads\/2025\/02\/resort-hotel-estonia.png\",\"contentUrl\":\"https:\/\/www.spaestonia.ee\/resort\/wp-content\/uploads\/2025\/02\/resort-hotel-estonia.png\",\"width\":400,\"height\":173,\"caption\":\"ESTONIA Resort Hotel Spa\"},\"image\":{\"@id\":\"https:\/\/www.spaestonia.ee\/resort\/#\/schema\/logo\/image\/\"},\"sameAs\":[\"https:\/\/www.facebook.com\/EstoniaResortHotel\"]}]}<\/script>\n<!-- \/ Yoast SEO plugin. -->","yoast_head_json":{"title":"Konverentsiruumid - ESTONIA Resort Hotel Spa","description":"Estonia Resort Hotel & Spa konverentsikeskus mahutab kuni 464 osalejat. Olemas on suur saal 300le k\u00fclalisele kui ka mitmed v\u00e4iksemad ruumid","robots":{"index":"index","follow":"follow","max-snippet":"max-snippet:-1","max-image-preview":"max-image-preview:large","max-video-preview":"max-video-preview:-1"},"canonical":"https:\/\/spaestonia.ee\/resort\/konverentsikeskus\/ruumid-saalid\/","og_locale":"et_EE","og_type":"article","og_title":"Konverentsiruumid - ESTONIA Resort Hotel Spa","og_description":"Estonia Resort Hotel & Spa konverentsikeskus mahutab kuni 464 osalejat. Olemas on suur saal 300le k\u00fclalisele kui ka mitmed v\u00e4iksemad ruumid","og_url":"https:\/\/spaestonia.ee\/resort\/konverentsikeskus\/ruumid-saalid\/","og_site_name":"ESTONIA Resort Hotel Spa","article_publisher":"https:\/\/www.facebook.com\/EstoniaResortHotel","article_modified_time":"2026-04-15T13:16:05+00:00","og_image":[{"width":40,"height":38,"url":"https:\/\/spaestonia.ee\/resort\/wp-content\/uploads\/2015\/03\/blue-button.jpg","type":"image\/jpeg"}],"twitter_card":"summary_large_image","twitter_misc":{"Est. reading time":"5 minutit"},"schema":{"@context":"https:\/\/schema.org","@graph":[{"@type":"WebPage","@id":"https:\/\/spaestonia.ee\/resort\/konverentsikeskus\/ruumid-saalid\/","url":"https:\/\/spaestonia.ee\/resort\/konverentsikeskus\/ruumid-saalid\/","name":"Konverentsiruumid - ESTONIA Resort Hotel Spa","isPartOf":{"@id":"https:\/\/www.spaestonia.ee\/resort\/#website"},"primaryImageOfPage":{"@id":"https:\/\/spaestonia.ee\/resort\/konverentsikeskus\/ruumid-saalid\/#primaryimage"},"image":{"@id":"https:\/\/spaestonia.ee\/resort\/konverentsikeskus\/ruumid-saalid\/#primaryimage"},"thumbnailUrl":"http:\/\/www.spaestonia.ee\/resort\/wp-content\/uploads\/2015\/03\/blue-button.jpg","datePublished":"2015-03-01T13:47:29+00:00","dateModified":"2026-04-15T13:16:05+00:00","description":"Estonia Resort Hotel & Spa konverentsikeskus mahutab kuni 464 osalejat. Olemas on suur saal 300le k\u00fclalisele kui ka mitmed v\u00e4iksemad ruumid","breadcrumb":{"@id":"https:\/\/spaestonia.ee\/resort\/konverentsikeskus\/ruumid-saalid\/#breadcrumb"},"inLanguage":"et","potentialAction":[{"@type":"ReadAction","target":["https:\/\/spaestonia.ee\/resort\/konverentsikeskus\/ruumid-saalid\/"]}]},{"@type":"ImageObject","inLanguage":"et","@id":"https:\/\/spaestonia.ee\/resort\/konverentsikeskus\/ruumid-saalid\/#primaryimage","url":"http:\/\/www.spaestonia.ee\/resort\/wp-content\/uploads\/2015\/03\/blue-button.jpg","contentUrl":"http:\/\/www.spaestonia.ee\/resort\/wp-content\/uploads\/2015\/03\/blue-button.jpg"},{"@type":"BreadcrumbList","@id":"https:\/\/spaestonia.ee\/resort\/konverentsikeskus\/ruumid-saalid\/#breadcrumb","itemListElement":[{"@type":"ListItem","position":1,"name":"Home","item":"https:\/\/www.spaestonia.ee\/resort\/"},{"@type":"ListItem","position":2,"name":"Konverentsid ja seminarid P\u00e4rnus","item":"https:\/\/www.spaestonia.ee\/resort\/konverentsikeskus\/"},{"@type":"ListItem","position":3,"name":"Konverentsiruumid"}]},{"@type":"WebSite","@id":"https:\/\/www.spaestonia.ee\/resort\/#website","url":"https:\/\/www.spaestonia.ee\/resort\/","name":"ESTONIA Resort Hotel Spa","description":"Your destination in P\u00e4rnu for wellness and events","publisher":{"@id":"https:\/\/www.spaestonia.ee\/resort\/#organization"},"potentialAction":[{"@type":"SearchAction","target":{"@type":"EntryPoint","urlTemplate":"https:\/\/www.spaestonia.ee\/resort\/?s={search_term_string}"},"query-input":{"@type":"PropertyValueSpecification","valueRequired":true,"valueName":"search_term_string"}}],"inLanguage":"et"},{"@type":"Organization","@id":"https:\/\/www.spaestonia.ee\/resort\/#organization","name":"ESTONIA Resort Hotel Spa","url":"https:\/\/www.spaestonia.ee\/resort\/","logo":{"@type":"ImageObject","inLanguage":"et","@id":"https:\/\/www.spaestonia.ee\/resort\/#\/schema\/logo\/image\/","url":"https:\/\/www.spaestonia.ee\/resort\/wp-content\/uploads\/2025\/02\/resort-hotel-estonia.png","contentUrl":"https:\/\/www.spaestonia.ee\/resort\/wp-content\/uploads\/2025\/02\/resort-hotel-estonia.png","width":400,"height":173,"caption":"ESTONIA Resort Hotel Spa"},"image":{"@id":"https:\/\/www.spaestonia.ee\/resort\/#\/schema\/logo\/image\/"},"sameAs":["https:\/\/www.facebook.com\/EstoniaResortHotel"]}]}},"_links":{"self":[{"href":"https:\/\/spaestonia.ee\/resort\/wp-json\/wp\/v2\/pages\/840","targetHints":{"allow":["GET"]}}],"collection":[{"href":"https:\/\/spaestonia.ee\/resort\/wp-json\/wp\/v2\/pages"}],"about":[{"href":"https:\/\/spaestonia.ee\/resort\/wp-json\/wp\/v2\/types\/page"}],"author":[{"embeddable":true,"href":"https:\/\/spaestonia.ee\/resort\/wp-json\/wp\/v2\/users\/1"}],"replies":[{"embeddable":true,"href":"https:\/\/spaestonia.ee\/resort\/wp-json\/wp\/v2\/comments?post=840"}],"version-history":[{"count":72,"href":"https:\/\/spaestonia.ee\/resort\/wp-json\/wp\/v2\/pages\/840\/revisions"}],"predecessor-version":[{"id":47279,"href":"https:\/\/spaestonia.ee\/resort\/wp-json\/wp\/v2\/pages\/840\/revisions\/47279"}],"up":[{"embeddable":true,"href":"https:\/\/spaestonia.ee\/resort\/wp-json\/wp\/v2\/pages\/55"}],"wp:attachment":[{"href":"https:\/\/spaestonia.ee\/resort\/wp-json\/wp\/v2\/media?parent=840"}],"curies":[{"name":"wp","href":"https:\/\/api.w.org\/{rel}","templated":true}]}}