{"id":910,"date":"2015-03-25T08:44:03","date_gmt":"2015-03-25T06:44:03","guid":{"rendered":"https:\/\/www.spaestonia.ee\/resort\/?page_id=910"},"modified":"2023-07-13T08:33:02","modified_gmt":"2023-07-13T05:33:02","slug":"ootame-sind-oma-meeskonda","status":"publish","type":"page","link":"https:\/\/spaestonia.ee\/resort\/ootame-sind-oma-meeskonda\/","title":{"rendered":"Ootame Sind oma meeskonda"},"content":{"rendered":"<p><a href=\"https:\/\/www.spaestonia.ee\/resort\/ootame-sind-oma-meeskonda\/hotelli-administraator\/\"><img loading=\"lazy\" decoding=\"async\" class=\"alignright wp-image-13965\" src=\"https:\/\/www.spaestonia.ee\/resort\/wp-content\/uploads\/2015\/03\/vastuvottkersti560x380.jpg\" alt=\"vastuvottkersti560x380\" width=\"411\" height=\"279\" srcset=\"https:\/\/spaestonia.ee\/resort\/wp-content\/uploads\/2015\/03\/vastuvottkersti560x380.jpg 560w, https:\/\/spaestonia.ee\/resort\/wp-content\/uploads\/2015\/03\/vastuvottkersti560x380-300x204.jpg 300w\" sizes=\"auto, (max-width: 411px) 100vw, 411px\" \/><\/a>Liitudes <strong>ESTONIA Resort Hotel &amp; Spa<\/strong>\u00a0meeskonnaga on Sul v\u00f5imalus muuta maailma! Soe naeratus, s\u00f5bralik teenindus ja head m\u00e4lestused \u2013 see on meie maailm, mida pakume oma v\u00e4ga oodatud klientidele.<\/p>\n<p><strong>Hetkel aktiivsed t\u00f6\u00f6pakkumised leiad\u00a0<a href=\"https:\/\/www.cvkeskus.ee\/firmaotsing.php?firm_id=10438\" target=\"_blank\" rel=\"noopener\">CV KESKUSE\u00a0kaudu SIIT<\/a>!<\/strong><\/p>\n<p>Saada julgelt oma andmed (CV)\u00a0<a href=\"mailto:personal@spaestonia.ee\">personal@spaestonia.ee<\/a>, ka juhul kui meil hetkel Sinu jaoks sobivat aktiivset t\u00f6\u00f6pakkumist \u00fcleval ei ole. V\u00f5tame Sinuga \u00fchendust, kui sobiv ametikoht vabaneb.<\/p>\n<p><strong>Meie ettev\u00f5te on liitunud &#8220;Maksud makstud!&#8221; eeskujum\u00e4rgisega<\/strong><\/p>\n<p>\u201cMaksud makstud!\u201d on ausa maksuk\u00e4itumise eeskujum\u00e4rgis. M\u00e4rgise eesm\u00e4rk on suurendada k\u00fclastajate usaldust turismiteenuste pakkujate vastu. M\u00e4rgise kuvamisega kinnitame, et meie ettev\u00f5te on aus maksumaksja ja k\u00f5ik Eesti Vabariigis kehtestatud maksud (sh k\u00e4ibemaks ja t\u00f6\u00f6j\u00f5umaksud) on meie ettev\u00f5ttes korrektselt makstud. Rohkem infot <a href=\"http:\/\/www.makstud.ee\">SIIN<\/a>.<\/p>\n<p><img loading=\"lazy\" decoding=\"async\" class=\"wp-image-38586 alignleft\" src=\"http:\/\/www.spaestonia.ee\/resort\/wp-content\/uploads\/2023\/07\/DP_maksudmakstud_pin_1080x1080px-1.png\" alt=\"\" width=\"300\" height=\"300\" srcset=\"https:\/\/spaestonia.ee\/resort\/wp-content\/uploads\/2023\/07\/DP_maksudmakstud_pin_1080x1080px-1.png 1080w, https:\/\/spaestonia.ee\/resort\/wp-content\/uploads\/2023\/07\/DP_maksudmakstud_pin_1080x1080px-1-300x300.png 300w, https:\/\/spaestonia.ee\/resort\/wp-content\/uploads\/2023\/07\/DP_maksudmakstud_pin_1080x1080px-1-1024x1024.png 1024w, https:\/\/spaestonia.ee\/resort\/wp-content\/uploads\/2023\/07\/DP_maksudmakstud_pin_1080x1080px-1-768x768.png 768w, https:\/\/spaestonia.ee\/resort\/wp-content\/uploads\/2023\/07\/DP_maksudmakstud_pin_1080x1080px-1-181x181.png 181w\" sizes=\"auto, (max-width: 300px) 100vw, 300px\" \/><\/p>\n<p>&nbsp;<\/p>\n<p>&nbsp;<\/p>\n<p>&nbsp;<\/p>\n","protected":false},"excerpt":{"rendered":"<p>Liitudes ESTONIA Resort Hotel &amp; Spa\u00a0meeskonnaga on Sul v\u00f5imalus muuta maailma! Soe naeratus, s\u00f5bralik teenindus&hellip;<\/p>\n","protected":false},"author":1,"featured_media":0,"parent":0,"menu_order":0,"comment_status":"closed","ping_status":"open","template":"page-nobron_page.php","meta":{"footnotes":""},"class_list":["post-910","page","type-page","status-publish","hentry"],"yoast_head":"<!-- This site is optimized with the Yoast SEO plugin v26.7 - https:\/\/yoast.com\/wordpress\/plugins\/seo\/ -->\n<title>Ootame Sind oma meeskonda - ESTONIA Resort Hotel Spa<\/title>\n<meta name=\"robots\" content=\"index, follow, max-snippet:-1, max-image-preview:large, max-video-preview:-1\" \/>\n<link rel=\"canonical\" href=\"https:\/\/spaestonia.ee\/resort\/ootame-sind-oma-meeskonda\/\" \/>\n<meta property=\"og:locale\" content=\"et_EE\" \/>\n<meta property=\"og:type\" content=\"article\" \/>\n<meta property=\"og:title\" content=\"Ootame Sind oma meeskonda - ESTONIA Resort Hotel Spa\" \/>\n<meta property=\"og:description\" content=\"Liitudes ESTONIA Resort Hotel &amp; Spa\u00a0meeskonnaga on Sul v\u00f5imalus muuta maailma! Soe naeratus, s\u00f5bralik teenindus&hellip;\" \/>\n<meta property=\"og:url\" content=\"https:\/\/spaestonia.ee\/resort\/ootame-sind-oma-meeskonda\/\" \/>\n<meta property=\"og:site_name\" content=\"ESTONIA Resort Hotel Spa\" \/>\n<meta property=\"article:publisher\" content=\"https:\/\/www.facebook.com\/EstoniaResortHotel\" \/>\n<meta property=\"article:modified_time\" content=\"2023-07-13T05:33:02+00:00\" \/>\n<meta property=\"og:image\" content=\"https:\/\/www.spaestonia.ee\/resort\/wp-content\/uploads\/2015\/03\/vastuvottkersti560x380.jpg\" \/>\n<meta name=\"twitter:card\" content=\"summary_large_image\" \/>\n<meta name=\"twitter:label1\" content=\"Est. reading time\" \/>\n\t<meta name=\"twitter:data1\" content=\"1 minut\" \/>\n<script type=\"application\/ld+json\" class=\"yoast-schema-graph\">{\"@context\":\"https:\/\/schema.org\",\"@graph\":[{\"@type\":\"WebPage\",\"@id\":\"https:\/\/spaestonia.ee\/resort\/ootame-sind-oma-meeskonda\/\",\"url\":\"https:\/\/spaestonia.ee\/resort\/ootame-sind-oma-meeskonda\/\",\"name\":\"Ootame Sind oma meeskonda - ESTONIA Resort Hotel Spa\",\"isPartOf\":{\"@id\":\"https:\/\/www.spaestonia.ee\/resort\/#website\"},\"primaryImageOfPage\":{\"@id\":\"https:\/\/spaestonia.ee\/resort\/ootame-sind-oma-meeskonda\/#primaryimage\"},\"image\":{\"@id\":\"https:\/\/spaestonia.ee\/resort\/ootame-sind-oma-meeskonda\/#primaryimage\"},\"thumbnailUrl\":\"https:\/\/www.spaestonia.ee\/resort\/wp-content\/uploads\/2015\/03\/vastuvottkersti560x380.jpg\",\"datePublished\":\"2015-03-25T06:44:03+00:00\",\"dateModified\":\"2023-07-13T05:33:02+00:00\",\"breadcrumb\":{\"@id\":\"https:\/\/spaestonia.ee\/resort\/ootame-sind-oma-meeskonda\/#breadcrumb\"},\"inLanguage\":\"et\",\"potentialAction\":[{\"@type\":\"ReadAction\",\"target\":[\"https:\/\/spaestonia.ee\/resort\/ootame-sind-oma-meeskonda\/\"]}]},{\"@type\":\"ImageObject\",\"inLanguage\":\"et\",\"@id\":\"https:\/\/spaestonia.ee\/resort\/ootame-sind-oma-meeskonda\/#primaryimage\",\"url\":\"https:\/\/www.spaestonia.ee\/resort\/wp-content\/uploads\/2015\/03\/vastuvottkersti560x380.jpg\",\"contentUrl\":\"https:\/\/www.spaestonia.ee\/resort\/wp-content\/uploads\/2015\/03\/vastuvottkersti560x380.jpg\"},{\"@type\":\"BreadcrumbList\",\"@id\":\"https:\/\/spaestonia.ee\/resort\/ootame-sind-oma-meeskonda\/#breadcrumb\",\"itemListElement\":[{\"@type\":\"ListItem\",\"position\":1,\"name\":\"Home\",\"item\":\"https:\/\/www.spaestonia.ee\/resort\/\"},{\"@type\":\"ListItem\",\"position\":2,\"name\":\"Ootame Sind oma meeskonda\"}]},{\"@type\":\"WebSite\",\"@id\":\"https:\/\/www.spaestonia.ee\/resort\/#website\",\"url\":\"https:\/\/www.spaestonia.ee\/resort\/\",\"name\":\"ESTONIA Resort Hotel Spa\",\"description\":\"Your destination in P\u00e4rnu for wellness and events\",\"publisher\":{\"@id\":\"https:\/\/www.spaestonia.ee\/resort\/#organization\"},\"potentialAction\":[{\"@type\":\"SearchAction\",\"target\":{\"@type\":\"EntryPoint\",\"urlTemplate\":\"https:\/\/www.spaestonia.ee\/resort\/?s={search_term_string}\"},\"query-input\":{\"@type\":\"PropertyValueSpecification\",\"valueRequired\":true,\"valueName\":\"search_term_string\"}}],\"inLanguage\":\"et\"},{\"@type\":\"Organization\",\"@id\":\"https:\/\/www.spaestonia.ee\/resort\/#organization\",\"name\":\"ESTONIA Resort Hotel Spa\",\"url\":\"https:\/\/www.spaestonia.ee\/resort\/\",\"logo\":{\"@type\":\"ImageObject\",\"inLanguage\":\"et\",\"@id\":\"https:\/\/www.spaestonia.ee\/resort\/#\/schema\/logo\/image\/\",\"url\":\"https:\/\/www.spaestonia.ee\/resort\/wp-content\/uploads\/2025\/02\/resort-hotel-estonia.png\",\"contentUrl\":\"https:\/\/www.spaestonia.ee\/resort\/wp-content\/uploads\/2025\/02\/resort-hotel-estonia.png\",\"width\":400,\"height\":173,\"caption\":\"ESTONIA Resort Hotel Spa\"},\"image\":{\"@id\":\"https:\/\/www.spaestonia.ee\/resort\/#\/schema\/logo\/image\/\"},\"sameAs\":[\"https:\/\/www.facebook.com\/EstoniaResortHotel\"]}]}<\/script>\n<!-- \/ Yoast SEO plugin. -->","yoast_head_json":{"title":"Ootame Sind oma meeskonda - ESTONIA Resort Hotel Spa","robots":{"index":"index","follow":"follow","max-snippet":"max-snippet:-1","max-image-preview":"max-image-preview:large","max-video-preview":"max-video-preview:-1"},"canonical":"https:\/\/spaestonia.ee\/resort\/ootame-sind-oma-meeskonda\/","og_locale":"et_EE","og_type":"article","og_title":"Ootame Sind oma meeskonda - ESTONIA Resort Hotel Spa","og_description":"Liitudes ESTONIA Resort Hotel &amp; Spa\u00a0meeskonnaga on Sul v\u00f5imalus muuta maailma! Soe naeratus, s\u00f5bralik teenindus&hellip;","og_url":"https:\/\/spaestonia.ee\/resort\/ootame-sind-oma-meeskonda\/","og_site_name":"ESTONIA Resort Hotel Spa","article_publisher":"https:\/\/www.facebook.com\/EstoniaResortHotel","article_modified_time":"2023-07-13T05:33:02+00:00","og_image":[{"url":"https:\/\/www.spaestonia.ee\/resort\/wp-content\/uploads\/2015\/03\/vastuvottkersti560x380.jpg","type":"","width":"","height":""}],"twitter_card":"summary_large_image","twitter_misc":{"Est. reading time":"1 minut"},"schema":{"@context":"https:\/\/schema.org","@graph":[{"@type":"WebPage","@id":"https:\/\/spaestonia.ee\/resort\/ootame-sind-oma-meeskonda\/","url":"https:\/\/spaestonia.ee\/resort\/ootame-sind-oma-meeskonda\/","name":"Ootame Sind oma meeskonda - ESTONIA Resort Hotel Spa","isPartOf":{"@id":"https:\/\/www.spaestonia.ee\/resort\/#website"},"primaryImageOfPage":{"@id":"https:\/\/spaestonia.ee\/resort\/ootame-sind-oma-meeskonda\/#primaryimage"},"image":{"@id":"https:\/\/spaestonia.ee\/resort\/ootame-sind-oma-meeskonda\/#primaryimage"},"thumbnailUrl":"https:\/\/www.spaestonia.ee\/resort\/wp-content\/uploads\/2015\/03\/vastuvottkersti560x380.jpg","datePublished":"2015-03-25T06:44:03+00:00","dateModified":"2023-07-13T05:33:02+00:00","breadcrumb":{"@id":"https:\/\/spaestonia.ee\/resort\/ootame-sind-oma-meeskonda\/#breadcrumb"},"inLanguage":"et","potentialAction":[{"@type":"ReadAction","target":["https:\/\/spaestonia.ee\/resort\/ootame-sind-oma-meeskonda\/"]}]},{"@type":"ImageObject","inLanguage":"et","@id":"https:\/\/spaestonia.ee\/resort\/ootame-sind-oma-meeskonda\/#primaryimage","url":"https:\/\/www.spaestonia.ee\/resort\/wp-content\/uploads\/2015\/03\/vastuvottkersti560x380.jpg","contentUrl":"https:\/\/www.spaestonia.ee\/resort\/wp-content\/uploads\/2015\/03\/vastuvottkersti560x380.jpg"},{"@type":"BreadcrumbList","@id":"https:\/\/spaestonia.ee\/resort\/ootame-sind-oma-meeskonda\/#breadcrumb","itemListElement":[{"@type":"ListItem","position":1,"name":"Home","item":"https:\/\/www.spaestonia.ee\/resort\/"},{"@type":"ListItem","position":2,"name":"Ootame Sind oma meeskonda"}]},{"@type":"WebSite","@id":"https:\/\/www.spaestonia.ee\/resort\/#website","url":"https:\/\/www.spaestonia.ee\/resort\/","name":"ESTONIA Resort Hotel Spa","description":"Your destination in P\u00e4rnu for wellness and events","publisher":{"@id":"https:\/\/www.spaestonia.ee\/resort\/#organization"},"potentialAction":[{"@type":"SearchAction","target":{"@type":"EntryPoint","urlTemplate":"https:\/\/www.spaestonia.ee\/resort\/?s={search_term_string}"},"query-input":{"@type":"PropertyValueSpecification","valueRequired":true,"valueName":"search_term_string"}}],"inLanguage":"et"},{"@type":"Organization","@id":"https:\/\/www.spaestonia.ee\/resort\/#organization","name":"ESTONIA Resort Hotel Spa","url":"https:\/\/www.spaestonia.ee\/resort\/","logo":{"@type":"ImageObject","inLanguage":"et","@id":"https:\/\/www.spaestonia.ee\/resort\/#\/schema\/logo\/image\/","url":"https:\/\/www.spaestonia.ee\/resort\/wp-content\/uploads\/2025\/02\/resort-hotel-estonia.png","contentUrl":"https:\/\/www.spaestonia.ee\/resort\/wp-content\/uploads\/2025\/02\/resort-hotel-estonia.png","width":400,"height":173,"caption":"ESTONIA Resort Hotel Spa"},"image":{"@id":"https:\/\/www.spaestonia.ee\/resort\/#\/schema\/logo\/image\/"},"sameAs":["https:\/\/www.facebook.com\/EstoniaResortHotel"]}]}},"_links":{"self":[{"href":"https:\/\/spaestonia.ee\/resort\/wp-json\/wp\/v2\/pages\/910","targetHints":{"allow":["GET"]}}],"collection":[{"href":"https:\/\/spaestonia.ee\/resort\/wp-json\/wp\/v2\/pages"}],"about":[{"href":"https:\/\/spaestonia.ee\/resort\/wp-json\/wp\/v2\/types\/page"}],"author":[{"embeddable":true,"href":"https:\/\/spaestonia.ee\/resort\/wp-json\/wp\/v2\/users\/1"}],"replies":[{"embeddable":true,"href":"https:\/\/spaestonia.ee\/resort\/wp-json\/wp\/v2\/comments?post=910"}],"version-history":[{"count":148,"href":"https:\/\/spaestonia.ee\/resort\/wp-json\/wp\/v2\/pages\/910\/revisions"}],"predecessor-version":[{"id":38616,"href":"https:\/\/spaestonia.ee\/resort\/wp-json\/wp\/v2\/pages\/910\/revisions\/38616"}],"wp:attachment":[{"href":"https:\/\/spaestonia.ee\/resort\/wp-json\/wp\/v2\/media?parent=910"}],"curies":[{"name":"wp","href":"https:\/\/api.w.org\/{rel}","templated":true}]}}